{"id":21304,"date":"2025-08-22T14:54:59","date_gmt":"2025-08-22T12:54:59","guid":{"rendered":"https:\/\/poterie-de-crestet.com\/ceramiques\/mittelhohe-schuessel-mit-hohem-rand-tropisch\/"},"modified":"2025-08-22T14:54:59","modified_gmt":"2025-08-22T12:54:59","slug":"mittelhohe-schuessel-mit-hohem-rand-tropisch","status":"publish","type":"product","link":"https:\/\/poterie-de-crestet.com\/de\/keramik\/mittelhohe-schuessel-mit-hohem-rand-tropisch\/","title":{"rendered":"Mittelhohe Sch\u00fcssel mit hohem Rand  <h5>Tropisch<\/h5>"},"content":{"rendered":"<p>Mit seiner sonnigen Dekoration l\u00e4dt das <strong data-start=\"5826\" data-end=\"5838\">tropische Gericht<\/strong> zur Entflucht und zur Geselligkeit ein. Dieses hochgerahmte Gericht \u2013 mittelgro\u00df (\u00d8 23 cm, H 9 cm) \u2013 eignet sich perfekt als <strong data-start=\"5962\" data-end=\"5981\">Servierschale<\/strong>, <strong data-start=\"5983\" data-end=\"6007\">Pr\u00e4sentationsgericht<\/strong> oder <strong data-start=\"6011\" data-end=\"6028\">hohe Salatsch\u00fcssel<\/strong>. Es eignet sich problemlos f\u00fcr exotische Salate, duftende Gem\u00fcse, Pastagerichte oder fruchtige Desserts. Seine 9 cm hohe macht das Mischen und Servieren einfach, w\u00e4hrend die Gew\u00fcrze gut gehalten bleiben.<br data-start=\"6245\" data-end=\"6248\">Praktikabilit\u00e4t ist an der Tagesordnung: Die <g id=\"gid_4\">Keramik ist<\/g> <g id=\"gid_5\">sp\u00fclmaschinen- und mikrowellenfest,<\/g> ideal f\u00fcr t\u00e4gliche Mahlzeiten sowie f\u00fcr gro\u00dfe Tische. Das <g id=\"gid_6\">tropische Dekor<\/g> erhellt den Tisch und passt gut zu n\u00fcchternem Geschirr oder nat\u00fcrlichen Tischdecken, wobei Obst, rohes Gem\u00fcse und bunte Gerichte hervorgehoben werden.<br data-start=\"6575\" data-end=\"6578\">F\u00fcr einen kompletten Service kombinieren Sie ihn mit der <g id=\"gid_7\"><g id=\"gid_8\">Tropical 3 Picks Bowl<\/g>,<\/g> praktisch f\u00fcr Saucen, Trockenfr\u00fcchte oder Gew\u00fcrze. Und f\u00fcr Ihre Unterhaltung vereinfachen Sets <strong data-start=\"6730\" data-end=\"6750\">von 2 oder 3 die<\/strong> Organisation und bieten wundersch\u00f6ne visuelle Harmonie. Das <strong data-start=\"6820\" data-end=\"6888\"><a class=\"decorated-link\" href=\"https:\/\/poterie-de-crestet.com\/de\/befoerderungen\/\" target=\"_new\" rel=\"noopener\" data-start=\"6822\" data-end=\"6886\">spezielle Bundle-Angebot<\/a><\/strong> macht das Ganze noch interessanter.<br data-start=\"6929\" data-end=\"6932\">Tipp: Verwenden Sie ihn f\u00fcr exotische Salate auf Basis von Mango, Avocado und Garnelen als Sommerdekoration: Die Dekoration unterstreicht die sommerliche und feinschmeckerische Seite. Stabil und stapelbar passt diese Schale perfekt in Ihre K\u00fcche.       <\/p>\n","protected":false},"excerpt":{"rendered":"<p>Tropisches High Rimmed Dish: Hell und praktisch f\u00fcr bunte Gerichte. Sp\u00fclmaschinen- und Mikrowellenfest. Auch in <strong data-start=\"7298\" data-end=\"7315\">einem Set von 2 oder 3<\/strong> erh\u00e4ltlich.  <br data-start=\"7316\" data-end=\"7319\"><em data-start=\"7319\" data-end=\"7347\"><strong data-start=\"7320\" data-end=\"7346\">Abmessungen: 23 \u00d7 9 cm<\/strong><\/em><\/p>\n","protected":false},"featured_media":13971,"comment_status":"open","ping_status":"closed","template":"","meta":[],"product_brand":[],"product_cat":[404],"product_tag":[227],"class_list":{"0":"post-21304","1":"product","2":"type-product","3":"status-publish","4":"has-post-thumbnail","6":"product_cat-mittelhohe-schussel-mit-hohem-rand","7":"product_tag-tropisch","9":"first","10":"instock","11":"taxable","12":"shipping-taxable","13":"purchasable","14":"product-type-simple"},"yoast_head":"<!-- This site is optimized with the Yoast SEO plugin v27.5 - https:\/\/yoast.com\/product\/yoast-seo-wordpress\/ -->\n<title>Mittelhohe Sch\u00fcssel mit hohem Rand Tropisch - Poterie de Crestet<\/title>\n<meta name=\"description\" content=\"Tropisches High-Rimmed Dish: helle und vielseitige Keramik f\u00fcr exotische Salate, Sommergerichte und Desserts. Sp\u00fclmaschinen- und Mikrowellenfest.\" \/>\n<meta name=\"robots\" content=\"index, follow, max-snippet:-1, max-image-preview:large, max-video-preview:-1\" \/>\n<link rel=\"canonical\" href=\"https:\/\/poterie-de-crestet.com\/de\/keramik\/mittelhohe-schuessel-mit-hohem-rand-tropisch\/\" \/>\n<meta property=\"og:locale\" content=\"de_DE\" \/>\n<meta property=\"og:type\" content=\"article\" \/>\n<meta property=\"og:title\" content=\"Mittelhohe Sch\u00fcssel mit hohem Rand Tropisch - Poterie de Crestet\" \/>\n<meta property=\"og:description\" content=\"Tropisches High-Rimmed Dish: helle und vielseitige Keramik f\u00fcr exotische Salate, Sommergerichte und Desserts. Sp\u00fclmaschinen- und Mikrowellenfest.\" \/>\n<meta property=\"og:url\" content=\"https:\/\/poterie-de-crestet.com\/de\/keramik\/mittelhohe-schuessel-mit-hohem-rand-tropisch\/\" \/>\n<meta property=\"og:site_name\" content=\"Poterie de Crestet\" \/>\n<meta property=\"og:image\" content=\"https:\/\/i0.wp.com\/poterie-de-crestet.com\/wp-content\/uploads\/2025\/08\/plat-rebord-haut-21.jpg?fit=800%2C532&ssl=1\" \/>\n\t<meta property=\"og:image:width\" content=\"800\" \/>\n\t<meta property=\"og:image:height\" content=\"532\" \/>\n\t<meta property=\"og:image:type\" content=\"image\/jpeg\" \/>\n<meta name=\"twitter:card\" content=\"summary_large_image\" \/>\n<meta name=\"twitter:label1\" content=\"Gesch\u00e4tzte Lesezeit\" \/>\n\t<meta name=\"twitter:data1\" content=\"1\u00a0Minute\" \/>\n<script type=\"application\/ld+json\" class=\"yoast-schema-graph\">{\"@context\":\"https:\\\/\\\/schema.org\",\"@graph\":[{\"@type\":\"WebPage\",\"@id\":\"https:\\\/\\\/poterie-de-crestet.com\\\/de\\\/keramik\\\/mittelhohe-schuessel-mit-hohem-rand-tropisch\\\/\",\"url\":\"https:\\\/\\\/poterie-de-crestet.com\\\/de\\\/keramik\\\/mittelhohe-schuessel-mit-hohem-rand-tropisch\\\/\",\"name\":\"Mittelhohe Sch\u00fcssel mit hohem Rand Tropisch - Poterie de Crestet\",\"isPartOf\":{\"@id\":\"https:\\\/\\\/poterie-de-crestet.com\\\/de\\\/#website\"},\"primaryImageOfPage\":{\"@id\":\"https:\\\/\\\/poterie-de-crestet.com\\\/de\\\/keramik\\\/mittelhohe-schuessel-mit-hohem-rand-tropisch\\\/#primaryimage\"},\"image\":{\"@id\":\"https:\\\/\\\/poterie-de-crestet.com\\\/de\\\/keramik\\\/mittelhohe-schuessel-mit-hohem-rand-tropisch\\\/#primaryimage\"},\"thumbnailUrl\":\"https:\\\/\\\/i0.wp.com\\\/poterie-de-crestet.com\\\/wp-content\\\/uploads\\\/2025\\\/08\\\/plat-rebord-haut-21.jpg?fit=800%2C532&ssl=1\",\"datePublished\":\"2025-08-22T12:54:59+00:00\",\"description\":\"Tropisches High-Rimmed Dish: helle und vielseitige Keramik f\u00fcr exotische Salate, Sommergerichte und Desserts. Sp\u00fclmaschinen- und Mikrowellenfest.\",\"breadcrumb\":{\"@id\":\"https:\\\/\\\/poterie-de-crestet.com\\\/de\\\/keramik\\\/mittelhohe-schuessel-mit-hohem-rand-tropisch\\\/#breadcrumb\"},\"inLanguage\":\"de\",\"potentialAction\":[{\"@type\":\"ReadAction\",\"target\":[\"https:\\\/\\\/poterie-de-crestet.com\\\/de\\\/keramik\\\/mittelhohe-schuessel-mit-hohem-rand-tropisch\\\/\"]}]},{\"@type\":\"ImageObject\",\"inLanguage\":\"de\",\"@id\":\"https:\\\/\\\/poterie-de-crestet.com\\\/de\\\/keramik\\\/mittelhohe-schuessel-mit-hohem-rand-tropisch\\\/#primaryimage\",\"url\":\"https:\\\/\\\/i0.wp.com\\\/poterie-de-crestet.com\\\/wp-content\\\/uploads\\\/2025\\\/08\\\/plat-rebord-haut-21.jpg?fit=800%2C532&ssl=1\",\"contentUrl\":\"https:\\\/\\\/i0.wp.com\\\/poterie-de-crestet.com\\\/wp-content\\\/uploads\\\/2025\\\/08\\\/plat-rebord-haut-21.jpg?fit=800%2C532&ssl=1\",\"width\":800,\"height\":532,\"caption\":\"Flachserien-Top-Kleinmodell \u2013 Tropisch\"},{\"@type\":\"BreadcrumbList\",\"@id\":\"https:\\\/\\\/poterie-de-crestet.com\\\/de\\\/keramik\\\/mittelhohe-schuessel-mit-hohem-rand-tropisch\\\/#breadcrumb\",\"itemListElement\":[{\"@type\":\"ListItem\",\"position\":1,\"name\":\"Accueil\",\"item\":\"https:\\\/\\\/poterie-de-crestet.com\\\/de\\\/accueil\\\/\"},{\"@type\":\"ListItem\",\"position\":2,\"name\":\"Boutique\",\"item\":\"https:\\\/\\\/poterie-de-crestet.com\\\/ceramiques\\\/\"},{\"@type\":\"ListItem\",\"position\":3,\"name\":\"Mittelhohe Sch\u00fcssel mit hohem Rand Tropisch\"}]},{\"@type\":\"WebSite\",\"@id\":\"https:\\\/\\\/poterie-de-crestet.com\\\/de\\\/#website\",\"url\":\"https:\\\/\\\/poterie-de-crestet.com\\\/de\\\/\",\"name\":\"Poterie de Crestet\",\"description\":\"Des milliers de poteries inpir\u00e9es de la Provence\",\"publisher\":{\"@id\":\"https:\\\/\\\/poterie-de-crestet.com\\\/de\\\/#organization\"},\"potentialAction\":[{\"@type\":\"SearchAction\",\"target\":{\"@type\":\"EntryPoint\",\"urlTemplate\":\"https:\\\/\\\/poterie-de-crestet.com\\\/de\\\/?s={search_term_string}\"},\"query-input\":{\"@type\":\"PropertyValueSpecification\",\"valueRequired\":true,\"valueName\":\"search_term_string\"}}],\"inLanguage\":\"de\"},{\"@type\":\"Organization\",\"@id\":\"https:\\\/\\\/poterie-de-crestet.com\\\/de\\\/#organization\",\"name\":\"Poterie de Crestet\",\"url\":\"https:\\\/\\\/poterie-de-crestet.com\\\/de\\\/\",\"logo\":{\"@type\":\"ImageObject\",\"inLanguage\":\"de\",\"@id\":\"https:\\\/\\\/poterie-de-crestet.com\\\/de\\\/#\\\/schema\\\/logo\\\/image\\\/\",\"url\":\"https:\\\/\\\/i0.wp.com\\\/poterie-de-crestet.com\\\/wp-content\\\/uploads\\\/2025\\\/03\\\/Propo-4.png?fit=1000%2C462&ssl=1\",\"contentUrl\":\"https:\\\/\\\/i0.wp.com\\\/poterie-de-crestet.com\\\/wp-content\\\/uploads\\\/2025\\\/03\\\/Propo-4.png?fit=1000%2C462&ssl=1\",\"width\":1000,\"height\":462,\"caption\":\"Poterie de Crestet\"},\"image\":{\"@id\":\"https:\\\/\\\/poterie-de-crestet.com\\\/de\\\/#\\\/schema\\\/logo\\\/image\\\/\"}}]}<\/script>\n<!-- \/ Yoast SEO plugin. -->","yoast_head_json":{"title":"Mittelhohe Sch\u00fcssel mit hohem Rand Tropisch - Poterie de Crestet","description":"Tropisches High-Rimmed Dish: helle und vielseitige Keramik f\u00fcr exotische Salate, Sommergerichte und Desserts. Sp\u00fclmaschinen- und Mikrowellenfest.","robots":{"index":"index","follow":"follow","max-snippet":"max-snippet:-1","max-image-preview":"max-image-preview:large","max-video-preview":"max-video-preview:-1"},"canonical":"https:\/\/poterie-de-crestet.com\/de\/keramik\/mittelhohe-schuessel-mit-hohem-rand-tropisch\/","og_locale":"de_DE","og_type":"article","og_title":"Mittelhohe Sch\u00fcssel mit hohem Rand Tropisch - Poterie de Crestet","og_description":"Tropisches High-Rimmed Dish: helle und vielseitige Keramik f\u00fcr exotische Salate, Sommergerichte und Desserts. Sp\u00fclmaschinen- und Mikrowellenfest.","og_url":"https:\/\/poterie-de-crestet.com\/de\/keramik\/mittelhohe-schuessel-mit-hohem-rand-tropisch\/","og_site_name":"Poterie de Crestet","og_image":[{"width":800,"height":532,"url":"https:\/\/i0.wp.com\/poterie-de-crestet.com\/wp-content\/uploads\/2025\/08\/plat-rebord-haut-21.jpg?fit=800%2C532&ssl=1","type":"image\/jpeg"}],"twitter_card":"summary_large_image","twitter_misc":{"Gesch\u00e4tzte Lesezeit":"1\u00a0Minute"},"schema":{"@context":"https:\/\/schema.org","@graph":[{"@type":"WebPage","@id":"https:\/\/poterie-de-crestet.com\/de\/keramik\/mittelhohe-schuessel-mit-hohem-rand-tropisch\/","url":"https:\/\/poterie-de-crestet.com\/de\/keramik\/mittelhohe-schuessel-mit-hohem-rand-tropisch\/","name":"Mittelhohe Sch\u00fcssel mit hohem Rand Tropisch - Poterie de Crestet","isPartOf":{"@id":"https:\/\/poterie-de-crestet.com\/de\/#website"},"primaryImageOfPage":{"@id":"https:\/\/poterie-de-crestet.com\/de\/keramik\/mittelhohe-schuessel-mit-hohem-rand-tropisch\/#primaryimage"},"image":{"@id":"https:\/\/poterie-de-crestet.com\/de\/keramik\/mittelhohe-schuessel-mit-hohem-rand-tropisch\/#primaryimage"},"thumbnailUrl":"https:\/\/i0.wp.com\/poterie-de-crestet.com\/wp-content\/uploads\/2025\/08\/plat-rebord-haut-21.jpg?fit=800%2C532&ssl=1","datePublished":"2025-08-22T12:54:59+00:00","description":"Tropisches High-Rimmed Dish: helle und vielseitige Keramik f\u00fcr exotische Salate, Sommergerichte und Desserts. Sp\u00fclmaschinen- und Mikrowellenfest.","breadcrumb":{"@id":"https:\/\/poterie-de-crestet.com\/de\/keramik\/mittelhohe-schuessel-mit-hohem-rand-tropisch\/#breadcrumb"},"inLanguage":"de","potentialAction":[{"@type":"ReadAction","target":["https:\/\/poterie-de-crestet.com\/de\/keramik\/mittelhohe-schuessel-mit-hohem-rand-tropisch\/"]}]},{"@type":"ImageObject","inLanguage":"de","@id":"https:\/\/poterie-de-crestet.com\/de\/keramik\/mittelhohe-schuessel-mit-hohem-rand-tropisch\/#primaryimage","url":"https:\/\/i0.wp.com\/poterie-de-crestet.com\/wp-content\/uploads\/2025\/08\/plat-rebord-haut-21.jpg?fit=800%2C532&ssl=1","contentUrl":"https:\/\/i0.wp.com\/poterie-de-crestet.com\/wp-content\/uploads\/2025\/08\/plat-rebord-haut-21.jpg?fit=800%2C532&ssl=1","width":800,"height":532,"caption":"Flachserien-Top-Kleinmodell \u2013 Tropisch"},{"@type":"BreadcrumbList","@id":"https:\/\/poterie-de-crestet.com\/de\/keramik\/mittelhohe-schuessel-mit-hohem-rand-tropisch\/#breadcrumb","itemListElement":[{"@type":"ListItem","position":1,"name":"Accueil","item":"https:\/\/poterie-de-crestet.com\/de\/accueil\/"},{"@type":"ListItem","position":2,"name":"Boutique","item":"https:\/\/poterie-de-crestet.com\/ceramiques\/"},{"@type":"ListItem","position":3,"name":"Mittelhohe Sch\u00fcssel mit hohem Rand Tropisch"}]},{"@type":"WebSite","@id":"https:\/\/poterie-de-crestet.com\/de\/#website","url":"https:\/\/poterie-de-crestet.com\/de\/","name":"Poterie de Crestet","description":"Des milliers de poteries inpir\u00e9es de la Provence","publisher":{"@id":"https:\/\/poterie-de-crestet.com\/de\/#organization"},"potentialAction":[{"@type":"SearchAction","target":{"@type":"EntryPoint","urlTemplate":"https:\/\/poterie-de-crestet.com\/de\/?s={search_term_string}"},"query-input":{"@type":"PropertyValueSpecification","valueRequired":true,"valueName":"search_term_string"}}],"inLanguage":"de"},{"@type":"Organization","@id":"https:\/\/poterie-de-crestet.com\/de\/#organization","name":"Poterie de Crestet","url":"https:\/\/poterie-de-crestet.com\/de\/","logo":{"@type":"ImageObject","inLanguage":"de","@id":"https:\/\/poterie-de-crestet.com\/de\/#\/schema\/logo\/image\/","url":"https:\/\/i0.wp.com\/poterie-de-crestet.com\/wp-content\/uploads\/2025\/03\/Propo-4.png?fit=1000%2C462&ssl=1","contentUrl":"https:\/\/i0.wp.com\/poterie-de-crestet.com\/wp-content\/uploads\/2025\/03\/Propo-4.png?fit=1000%2C462&ssl=1","width":1000,"height":462,"caption":"Poterie de Crestet"},"image":{"@id":"https:\/\/poterie-de-crestet.com\/de\/#\/schema\/logo\/image\/"}}]}},"jetpack_sharing_enabled":true,"_links":{"self":[{"href":"https:\/\/poterie-de-crestet.com\/de\/wp-json\/wp\/v2\/product\/21304","targetHints":{"allow":["GET"]}}],"collection":[{"href":"https:\/\/poterie-de-crestet.com\/de\/wp-json\/wp\/v2\/product"}],"about":[{"href":"https:\/\/poterie-de-crestet.com\/de\/wp-json\/wp\/v2\/types\/product"}],"replies":[{"embeddable":true,"href":"https:\/\/poterie-de-crestet.com\/de\/wp-json\/wp\/v2\/comments?post=21304"}],"version-history":[{"count":0,"href":"https:\/\/poterie-de-crestet.com\/de\/wp-json\/wp\/v2\/product\/21304\/revisions"}],"wp:featuredmedia":[{"embeddable":true,"href":"https:\/\/poterie-de-crestet.com\/de\/wp-json\/wp\/v2\/media\/13971"}],"wp:attachment":[{"href":"https:\/\/poterie-de-crestet.com\/de\/wp-json\/wp\/v2\/media?parent=21304"}],"wp:term":[{"taxonomy":"product_brand","embeddable":true,"href":"https:\/\/poterie-de-crestet.com\/de\/wp-json\/wp\/v2\/product_brand?post=21304"},{"taxonomy":"product_cat","embeddable":true,"href":"https:\/\/poterie-de-crestet.com\/de\/wp-json\/wp\/v2\/product_cat?post=21304"},{"taxonomy":"product_tag","embeddable":true,"href":"https:\/\/poterie-de-crestet.com\/de\/wp-json\/wp\/v2\/product_tag?post=21304"}],"curies":[{"name":"wp","href":"https:\/\/api.w.org\/{rel}","templated":true}]}}