{"id":21299,"date":"2025-05-21T08:41:34","date_gmt":"2025-05-21T06:41:34","guid":{"rendered":"https:\/\/poterie-de-crestet.com\/ceramiques\/geschenkkarte\/"},"modified":"2025-05-21T08:41:34","modified_gmt":"2025-05-21T06:41:34","slug":"geschenkkarte","status":"publish","type":"product","link":"https:\/\/poterie-de-crestet.com\/de\/keramik\/geschenkkarte\/","title":{"rendered":"Geschenkkarte"},"content":{"rendered":"<p class=\"\" data-start=\"285\" data-end=\"525\">Eine Keramik zu schenken ist manchmal knifflig&#8230; Aber eine Auswahl anzubieten ist immer eine gute Idee. Mit unserer Geschenkkarte lassen Sie die Person Ihrer Wahl unseren Shop frei erkunden und die Keramik ausw\u00e4hlen, die sie wirklich mag. <\/p>\n<p class=\"\" data-start=\"527\" data-end=\"831\">Sie kann sich in eine bunte Salatsch\u00fcssel, einen L\u00f6ffelauflage, eine provenzalische Butterschale oder sogar ein gef\u00fclltes Eiergericht verlieben. Der Gutschein ist online g\u00fcltig, auch zur Abholung auf M\u00e4rkten (B\u00e9doin, Vaison, Nyons, Uz\u00e8s usw.). Und wenn sie irgendwelche Zweifel hat? Unser Kundenservice steht ihm mit Freude zur Seite!   <\/p>\n<p class=\"\" data-start=\"833\" data-end=\"1068\">Die Geschenkkarte wird per E-Mail an die Person Ihrer Wahl geschickt, mit einer pers\u00f6nlichen Notiz (die zum Zeitpunkt des Kaufs geschrieben werden soll). Sie k\u00f6nnen sogar den Betrag w\u00e4hlen, den Sie anbieten m\u00f6chten. Ein einfaches, schnelles Geschenk, das jedes Mal den Nagel auf den Kopf trifft.  <\/p>\n<p class=\"\" data-start=\"1070\" data-end=\"1161\">Und wer wei\u00df&#8230; Vielleicht l\u00e4dt sie dich zum Abendessen mit der Keramik ein, die sie macht!<\/p>\n","protected":false},"excerpt":{"rendered":"<p>Eine Keramik zu schenken ist manchmal knifflig&#8230; Aber eine Auswahl anzubieten ist immer eine gute Idee. Mit unserer Geschenkkarte lassen Sie die Person Ihrer Wahl unseren Shop frei erkunden und die Keramik ausw\u00e4hlen, die sie wirklich mag. Sie kann sich in eine bunte Salatsch\u00fcssel, einen L\u00f6ffelauflage, eine provenzalische Butterschale oder sogar ein gef\u00fclltes Eiergericht verlieben. [&hellip;]<\/p>\n","protected":false},"featured_media":9345,"comment_status":"open","ping_status":"closed","template":"","meta":[],"product_brand":[],"product_cat":[402],"product_tag":[],"class_list":{"0":"post-21299","1":"product","2":"type-product","3":"status-publish","4":"has-post-thumbnail","6":"product_cat-geschenkgutschein","8":"first","9":"instock","10":"purchasable","11":"product-type-pw-gift-card"},"yoast_head":"<!-- This site is optimized with the Yoast SEO plugin v27.5 - https:\/\/yoast.com\/product\/yoast-seo-wordpress\/ -->\n<title>Geschenkkarte - Poterie de Crestet<\/title>\n<meta name=\"description\" content=\"Bieten Sie eine Geschenkkarte an, die Sie in unserem T\u00f6pferladen verwenden k\u00f6nnen. Der Betrag Ihrer Wahl, per E-Mail gesendet, online oder auf dem Markt g\u00fcltig.\" \/>\n<meta name=\"robots\" content=\"index, follow, max-snippet:-1, max-image-preview:large, max-video-preview:-1\" \/>\n<link rel=\"canonical\" href=\"https:\/\/poterie-de-crestet.com\/de\/keramik\/geschenkkarte\/\" \/>\n<meta property=\"og:locale\" content=\"de_DE\" \/>\n<meta property=\"og:type\" content=\"article\" \/>\n<meta property=\"og:title\" content=\"Geschenkkarte - Poterie de Crestet\" \/>\n<meta property=\"og:description\" content=\"Bieten Sie eine Geschenkkarte an, die Sie in unserem T\u00f6pferladen verwenden k\u00f6nnen. Der Betrag Ihrer Wahl, per E-Mail gesendet, online oder auf dem Markt g\u00fcltig.\" \/>\n<meta property=\"og:url\" content=\"https:\/\/poterie-de-crestet.com\/de\/keramik\/geschenkkarte\/\" \/>\n<meta property=\"og:site_name\" content=\"Poterie de Crestet\" \/>\n<meta property=\"og:image\" content=\"https:\/\/i0.wp.com\/poterie-de-crestet.com\/wp-content\/uploads\/2025\/05\/Bon-cadeau.png?fit=512%2C513&ssl=1\" \/>\n\t<meta property=\"og:image:width\" content=\"512\" \/>\n\t<meta property=\"og:image:height\" content=\"513\" \/>\n\t<meta property=\"og:image:type\" content=\"image\/png\" \/>\n<meta name=\"twitter:card\" content=\"summary_large_image\" \/>\n<meta name=\"twitter:label1\" content=\"Gesch\u00e4tzte Lesezeit\" \/>\n\t<meta name=\"twitter:data1\" content=\"1\u00a0Minute\" \/>\n<script type=\"application\/ld+json\" class=\"yoast-schema-graph\">{\"@context\":\"https:\\\/\\\/schema.org\",\"@graph\":[{\"@type\":\"WebPage\",\"@id\":\"https:\\\/\\\/poterie-de-crestet.com\\\/de\\\/keramik\\\/geschenkkarte\\\/\",\"url\":\"https:\\\/\\\/poterie-de-crestet.com\\\/de\\\/keramik\\\/geschenkkarte\\\/\",\"name\":\"Geschenkkarte - Poterie de Crestet\",\"isPartOf\":{\"@id\":\"https:\\\/\\\/poterie-de-crestet.com\\\/de\\\/#website\"},\"primaryImageOfPage\":{\"@id\":\"https:\\\/\\\/poterie-de-crestet.com\\\/de\\\/keramik\\\/geschenkkarte\\\/#primaryimage\"},\"image\":{\"@id\":\"https:\\\/\\\/poterie-de-crestet.com\\\/de\\\/keramik\\\/geschenkkarte\\\/#primaryimage\"},\"thumbnailUrl\":\"https:\\\/\\\/i0.wp.com\\\/poterie-de-crestet.com\\\/wp-content\\\/uploads\\\/2025\\\/05\\\/Bon-cadeau.png?fit=512%2C513&ssl=1\",\"datePublished\":\"2025-05-21T06:41:34+00:00\",\"description\":\"Bieten Sie eine Geschenkkarte an, die Sie in unserem T\u00f6pferladen verwenden k\u00f6nnen. Der Betrag Ihrer Wahl, per E-Mail gesendet, online oder auf dem Markt g\u00fcltig.\",\"breadcrumb\":{\"@id\":\"https:\\\/\\\/poterie-de-crestet.com\\\/de\\\/keramik\\\/geschenkkarte\\\/#breadcrumb\"},\"inLanguage\":\"de\",\"potentialAction\":[{\"@type\":\"ReadAction\",\"target\":[\"https:\\\/\\\/poterie-de-crestet.com\\\/de\\\/keramik\\\/geschenkkarte\\\/\"]}]},{\"@type\":\"ImageObject\",\"inLanguage\":\"de\",\"@id\":\"https:\\\/\\\/poterie-de-crestet.com\\\/de\\\/keramik\\\/geschenkkarte\\\/#primaryimage\",\"url\":\"https:\\\/\\\/i0.wp.com\\\/poterie-de-crestet.com\\\/wp-content\\\/uploads\\\/2025\\\/05\\\/Bon-cadeau.png?fit=512%2C513&ssl=1\",\"contentUrl\":\"https:\\\/\\\/i0.wp.com\\\/poterie-de-crestet.com\\\/wp-content\\\/uploads\\\/2025\\\/05\\\/Bon-cadeau.png?fit=512%2C513&ssl=1\",\"width\":512,\"height\":513,\"caption\":\"T\u00f6pfer-Geschenkgutschein\"},{\"@type\":\"BreadcrumbList\",\"@id\":\"https:\\\/\\\/poterie-de-crestet.com\\\/de\\\/keramik\\\/geschenkkarte\\\/#breadcrumb\",\"itemListElement\":[{\"@type\":\"ListItem\",\"position\":1,\"name\":\"Accueil\",\"item\":\"https:\\\/\\\/poterie-de-crestet.com\\\/de\\\/accueil\\\/\"},{\"@type\":\"ListItem\",\"position\":2,\"name\":\"Boutique\",\"item\":\"https:\\\/\\\/poterie-de-crestet.com\\\/ceramiques\\\/\"},{\"@type\":\"ListItem\",\"position\":3,\"name\":\"Geschenkkarte\"}]},{\"@type\":\"WebSite\",\"@id\":\"https:\\\/\\\/poterie-de-crestet.com\\\/de\\\/#website\",\"url\":\"https:\\\/\\\/poterie-de-crestet.com\\\/de\\\/\",\"name\":\"Poterie de Crestet\",\"description\":\"Des milliers de poteries inpir\u00e9es de la Provence\",\"publisher\":{\"@id\":\"https:\\\/\\\/poterie-de-crestet.com\\\/de\\\/#organization\"},\"potentialAction\":[{\"@type\":\"SearchAction\",\"target\":{\"@type\":\"EntryPoint\",\"urlTemplate\":\"https:\\\/\\\/poterie-de-crestet.com\\\/de\\\/?s={search_term_string}\"},\"query-input\":{\"@type\":\"PropertyValueSpecification\",\"valueRequired\":true,\"valueName\":\"search_term_string\"}}],\"inLanguage\":\"de\"},{\"@type\":\"Organization\",\"@id\":\"https:\\\/\\\/poterie-de-crestet.com\\\/de\\\/#organization\",\"name\":\"Poterie de Crestet\",\"url\":\"https:\\\/\\\/poterie-de-crestet.com\\\/de\\\/\",\"logo\":{\"@type\":\"ImageObject\",\"inLanguage\":\"de\",\"@id\":\"https:\\\/\\\/poterie-de-crestet.com\\\/de\\\/#\\\/schema\\\/logo\\\/image\\\/\",\"url\":\"https:\\\/\\\/i0.wp.com\\\/poterie-de-crestet.com\\\/wp-content\\\/uploads\\\/2025\\\/03\\\/Propo-4.png?fit=1000%2C462&ssl=1\",\"contentUrl\":\"https:\\\/\\\/i0.wp.com\\\/poterie-de-crestet.com\\\/wp-content\\\/uploads\\\/2025\\\/03\\\/Propo-4.png?fit=1000%2C462&ssl=1\",\"width\":1000,\"height\":462,\"caption\":\"Poterie de Crestet\"},\"image\":{\"@id\":\"https:\\\/\\\/poterie-de-crestet.com\\\/de\\\/#\\\/schema\\\/logo\\\/image\\\/\"}}]}<\/script>\n<!-- \/ Yoast SEO plugin. -->","yoast_head_json":{"title":"Geschenkkarte - Poterie de Crestet","description":"Bieten Sie eine Geschenkkarte an, die Sie in unserem T\u00f6pferladen verwenden k\u00f6nnen. Der Betrag Ihrer Wahl, per E-Mail gesendet, online oder auf dem Markt g\u00fcltig.","robots":{"index":"index","follow":"follow","max-snippet":"max-snippet:-1","max-image-preview":"max-image-preview:large","max-video-preview":"max-video-preview:-1"},"canonical":"https:\/\/poterie-de-crestet.com\/de\/keramik\/geschenkkarte\/","og_locale":"de_DE","og_type":"article","og_title":"Geschenkkarte - Poterie de Crestet","og_description":"Bieten Sie eine Geschenkkarte an, die Sie in unserem T\u00f6pferladen verwenden k\u00f6nnen. Der Betrag Ihrer Wahl, per E-Mail gesendet, online oder auf dem Markt g\u00fcltig.","og_url":"https:\/\/poterie-de-crestet.com\/de\/keramik\/geschenkkarte\/","og_site_name":"Poterie de Crestet","og_image":[{"width":512,"height":513,"url":"https:\/\/i0.wp.com\/poterie-de-crestet.com\/wp-content\/uploads\/2025\/05\/Bon-cadeau.png?fit=512%2C513&ssl=1","type":"image\/png"}],"twitter_card":"summary_large_image","twitter_misc":{"Gesch\u00e4tzte Lesezeit":"1\u00a0Minute"},"schema":{"@context":"https:\/\/schema.org","@graph":[{"@type":"WebPage","@id":"https:\/\/poterie-de-crestet.com\/de\/keramik\/geschenkkarte\/","url":"https:\/\/poterie-de-crestet.com\/de\/keramik\/geschenkkarte\/","name":"Geschenkkarte - Poterie de Crestet","isPartOf":{"@id":"https:\/\/poterie-de-crestet.com\/de\/#website"},"primaryImageOfPage":{"@id":"https:\/\/poterie-de-crestet.com\/de\/keramik\/geschenkkarte\/#primaryimage"},"image":{"@id":"https:\/\/poterie-de-crestet.com\/de\/keramik\/geschenkkarte\/#primaryimage"},"thumbnailUrl":"https:\/\/i0.wp.com\/poterie-de-crestet.com\/wp-content\/uploads\/2025\/05\/Bon-cadeau.png?fit=512%2C513&ssl=1","datePublished":"2025-05-21T06:41:34+00:00","description":"Bieten Sie eine Geschenkkarte an, die Sie in unserem T\u00f6pferladen verwenden k\u00f6nnen. Der Betrag Ihrer Wahl, per E-Mail gesendet, online oder auf dem Markt g\u00fcltig.","breadcrumb":{"@id":"https:\/\/poterie-de-crestet.com\/de\/keramik\/geschenkkarte\/#breadcrumb"},"inLanguage":"de","potentialAction":[{"@type":"ReadAction","target":["https:\/\/poterie-de-crestet.com\/de\/keramik\/geschenkkarte\/"]}]},{"@type":"ImageObject","inLanguage":"de","@id":"https:\/\/poterie-de-crestet.com\/de\/keramik\/geschenkkarte\/#primaryimage","url":"https:\/\/i0.wp.com\/poterie-de-crestet.com\/wp-content\/uploads\/2025\/05\/Bon-cadeau.png?fit=512%2C513&ssl=1","contentUrl":"https:\/\/i0.wp.com\/poterie-de-crestet.com\/wp-content\/uploads\/2025\/05\/Bon-cadeau.png?fit=512%2C513&ssl=1","width":512,"height":513,"caption":"T\u00f6pfer-Geschenkgutschein"},{"@type":"BreadcrumbList","@id":"https:\/\/poterie-de-crestet.com\/de\/keramik\/geschenkkarte\/#breadcrumb","itemListElement":[{"@type":"ListItem","position":1,"name":"Accueil","item":"https:\/\/poterie-de-crestet.com\/de\/accueil\/"},{"@type":"ListItem","position":2,"name":"Boutique","item":"https:\/\/poterie-de-crestet.com\/ceramiques\/"},{"@type":"ListItem","position":3,"name":"Geschenkkarte"}]},{"@type":"WebSite","@id":"https:\/\/poterie-de-crestet.com\/de\/#website","url":"https:\/\/poterie-de-crestet.com\/de\/","name":"Poterie de Crestet","description":"Des milliers de poteries inpir\u00e9es de la Provence","publisher":{"@id":"https:\/\/poterie-de-crestet.com\/de\/#organization"},"potentialAction":[{"@type":"SearchAction","target":{"@type":"EntryPoint","urlTemplate":"https:\/\/poterie-de-crestet.com\/de\/?s={search_term_string}"},"query-input":{"@type":"PropertyValueSpecification","valueRequired":true,"valueName":"search_term_string"}}],"inLanguage":"de"},{"@type":"Organization","@id":"https:\/\/poterie-de-crestet.com\/de\/#organization","name":"Poterie de Crestet","url":"https:\/\/poterie-de-crestet.com\/de\/","logo":{"@type":"ImageObject","inLanguage":"de","@id":"https:\/\/poterie-de-crestet.com\/de\/#\/schema\/logo\/image\/","url":"https:\/\/i0.wp.com\/poterie-de-crestet.com\/wp-content\/uploads\/2025\/03\/Propo-4.png?fit=1000%2C462&ssl=1","contentUrl":"https:\/\/i0.wp.com\/poterie-de-crestet.com\/wp-content\/uploads\/2025\/03\/Propo-4.png?fit=1000%2C462&ssl=1","width":1000,"height":462,"caption":"Poterie de Crestet"},"image":{"@id":"https:\/\/poterie-de-crestet.com\/de\/#\/schema\/logo\/image\/"}}]}},"jetpack_sharing_enabled":true,"_links":{"self":[{"href":"https:\/\/poterie-de-crestet.com\/de\/wp-json\/wp\/v2\/product\/21299","targetHints":{"allow":["GET"]}}],"collection":[{"href":"https:\/\/poterie-de-crestet.com\/de\/wp-json\/wp\/v2\/product"}],"about":[{"href":"https:\/\/poterie-de-crestet.com\/de\/wp-json\/wp\/v2\/types\/product"}],"replies":[{"embeddable":true,"href":"https:\/\/poterie-de-crestet.com\/de\/wp-json\/wp\/v2\/comments?post=21299"}],"version-history":[{"count":0,"href":"https:\/\/poterie-de-crestet.com\/de\/wp-json\/wp\/v2\/product\/21299\/revisions"}],"wp:featuredmedia":[{"embeddable":true,"href":"https:\/\/poterie-de-crestet.com\/de\/wp-json\/wp\/v2\/media\/9345"}],"wp:attachment":[{"href":"https:\/\/poterie-de-crestet.com\/de\/wp-json\/wp\/v2\/media?parent=21299"}],"wp:term":[{"taxonomy":"product_brand","embeddable":true,"href":"https:\/\/poterie-de-crestet.com\/de\/wp-json\/wp\/v2\/product_brand?post=21299"},{"taxonomy":"product_cat","embeddable":true,"href":"https:\/\/poterie-de-crestet.com\/de\/wp-json\/wp\/v2\/product_cat?post=21299"},{"taxonomy":"product_tag","embeddable":true,"href":"https:\/\/poterie-de-crestet.com\/de\/wp-json\/wp\/v2\/product_tag?post=21299"}],"curies":[{"name":"wp","href":"https:\/\/api.w.org\/{rel}","templated":true}]}}