{"id":21291,"date":"2025-08-09T15:21:49","date_gmt":"2025-08-09T13:21:49","guid":{"rendered":"https:\/\/poterie-de-crestet.com\/ceramiques\/flat-series-struempfe-small-gruen\/"},"modified":"2025-08-09T15:21:49","modified_gmt":"2025-08-09T13:21:49","slug":"flat-series-struempfe-small-gruen","status":"publish","type":"product","link":"https:\/\/poterie-de-crestet.com\/de\/keramik\/flat-series-struempfe-small-gruen\/","title":{"rendered":"Flat Series Str\u00fcmpfe Small  <h5>Gr\u00fcn<\/h5>"},"content":{"rendered":"<p>Die kleine Sockenserie mit gr\u00fcnem Dekor fasziniert mit ihrer Schlichtheit und ihrem zeitlosen Charme. Mit einem Durchmesser von 23 cm und einer H\u00f6he von 5,5 cm eignet er sich perfekt als Serviergericht, Pr\u00e4sentationsgericht oder Teilgericht. Seine niedrige und breite Form eignet sich ideal f\u00fcr frische Salate, gegrilltes Fleisch, Gem\u00fcse, Eint\u00f6pfe oder Desserts.<br data-start=\"2195\" data-end=\"2198\">Aus hochwertiger Keramik gefertigt und f\u00fcr die Dekoration handbemalt, vereint er Robustheit und Eleganz. Sp\u00fclmaschinen- und Mikrowellenfest macht es den Alltag einfacher und bringt gleichzeitig Stil auf den Tisch. Sein einfarbiges Gr\u00fcn f\u00fcgt sich problemlos in nat\u00fcrliche oder farbenfrohe Farbt\u00f6ne ein und bietet gro\u00dfe Vielseitigkeit.<br data-start=\"2531\" data-end=\"2534\">Kombinieren Sie ihn mit einer <a class=\"cursor-pointer\" href=\"https:\/\/poterie-de-crestet.com\/de\/keramik\/kleine-salatschuessel-gruen\/\" target=\"_new\" rel=\"noopener\" data-start=\"2551\" data-end=\"2658\">kleinen gr\u00fcnen Salatsch\u00fcssel <\/a>f\u00fcr einen harmonischen Servieren oder mischen Sie ihn mit anderen Dekorationen f\u00fcr einen originelleren Look. Auch in mittleren und gro\u00dfen Gr\u00f6\u00dfen erh\u00e4ltlich, passt es perfekt in einen Full-Service. Nutzen Sie unser <a class=\"\" href=\"https:\/\/poterie-de-crestet.com\/de\/befoerderungen\/\" target=\"_new\" rel=\"noopener\" data-start=\"2869\" data-end=\"2933\">spezielles Bundle-Angebot<\/a> , um alle drei Gr\u00f6\u00dfen zu einem reduzierten Preis zu erwerben.<br data-start=\"2980\" data-end=\"2983\">Stapelbar, stabil und angenehm zu handhaben \u2013 er wird in all Ihren Anl\u00e4ssen unverzichtbar sein.      <\/p>\n","protected":false},"excerpt":{"rendered":"<p>Kleines niedriges Schalenmodell, gr\u00fcne Dekoration, Keramik. Einfach und zeitlos, ideal f\u00fcr Pr\u00e4sentation oder Teilen. <br data-start=\"3219\" data-end=\"3222\"><strong data-start=\"3222\" data-end=\"3252\"><em data-start=\"3224\" data-end=\"3250\">Abmessungen: 23 \u00d7 5,5 cm<\/em><\/strong><\/p>\n","protected":false},"featured_media":13166,"comment_status":"open","ping_status":"closed","template":"","meta":[],"product_brand":[],"product_cat":[399],"product_tag":[208],"class_list":{"0":"post-21291","1":"product","2":"type-product","3":"status-publish","4":"has-post-thumbnail","6":"product_cat-niedrig-umrandete-schalen-klein","7":"product_tag-grun","9":"first","10":"instock","11":"taxable","12":"shipping-taxable","13":"purchasable","14":"product-type-simple"},"yoast_head":"<!-- This site is optimized with the Yoast SEO plugin v27.5 - https:\/\/yoast.com\/product\/yoast-seo-wordpress\/ -->\n<title>Flat Series Str\u00fcmpfe Small Gr\u00fcn - Poterie de Crestet<\/title>\n<meta name=\"description\" content=\"Flaches, niedriggr\u00fcnes Modell, einfach und zeitlos. Ideal f\u00fcr Salate, Beilagen oder Gerichte zum Teilen. Keramikgeschirrsp\u00fcler und Mikrowelle.\" \/>\n<meta name=\"robots\" content=\"index, follow, max-snippet:-1, max-image-preview:large, max-video-preview:-1\" \/>\n<link rel=\"canonical\" href=\"https:\/\/poterie-de-crestet.com\/de\/keramik\/flat-series-struempfe-small-gruen\/\" \/>\n<meta property=\"og:locale\" content=\"de_DE\" \/>\n<meta property=\"og:type\" content=\"article\" \/>\n<meta property=\"og:title\" content=\"Flat Series Str\u00fcmpfe Small Gr\u00fcn - Poterie de Crestet\" \/>\n<meta property=\"og:description\" content=\"Flaches, niedriggr\u00fcnes Modell, einfach und zeitlos. Ideal f\u00fcr Salate, Beilagen oder Gerichte zum Teilen. Keramikgeschirrsp\u00fcler und Mikrowelle.\" \/>\n<meta property=\"og:url\" content=\"https:\/\/poterie-de-crestet.com\/de\/keramik\/flat-series-struempfe-small-gruen\/\" \/>\n<meta property=\"og:site_name\" content=\"Poterie de Crestet\" \/>\n<meta property=\"og:image\" content=\"https:\/\/i0.wp.com\/poterie-de-crestet.com\/wp-content\/uploads\/2025\/08\/plat-service-rebord-bas-29.jpg?fit=800%2C532&ssl=1\" \/>\n\t<meta property=\"og:image:width\" content=\"800\" \/>\n\t<meta property=\"og:image:height\" content=\"532\" \/>\n\t<meta property=\"og:image:type\" content=\"image\/jpeg\" \/>\n<meta name=\"twitter:card\" content=\"summary_large_image\" \/>\n<meta name=\"twitter:label1\" content=\"Gesch\u00e4tzte Lesezeit\" \/>\n\t<meta name=\"twitter:data1\" content=\"1\u00a0Minute\" \/>\n<script type=\"application\/ld+json\" class=\"yoast-schema-graph\">{\"@context\":\"https:\\\/\\\/schema.org\",\"@graph\":[{\"@type\":\"WebPage\",\"@id\":\"https:\\\/\\\/poterie-de-crestet.com\\\/de\\\/keramik\\\/flat-series-struempfe-small-gruen\\\/\",\"url\":\"https:\\\/\\\/poterie-de-crestet.com\\\/de\\\/keramik\\\/flat-series-struempfe-small-gruen\\\/\",\"name\":\"Flat Series Str\u00fcmpfe Small Gr\u00fcn - Poterie de Crestet\",\"isPartOf\":{\"@id\":\"https:\\\/\\\/poterie-de-crestet.com\\\/de\\\/#website\"},\"primaryImageOfPage\":{\"@id\":\"https:\\\/\\\/poterie-de-crestet.com\\\/de\\\/keramik\\\/flat-series-struempfe-small-gruen\\\/#primaryimage\"},\"image\":{\"@id\":\"https:\\\/\\\/poterie-de-crestet.com\\\/de\\\/keramik\\\/flat-series-struempfe-small-gruen\\\/#primaryimage\"},\"thumbnailUrl\":\"https:\\\/\\\/i0.wp.com\\\/poterie-de-crestet.com\\\/wp-content\\\/uploads\\\/2025\\\/08\\\/plat-service-rebord-bas-29.jpg?fit=800%2C532&ssl=1\",\"datePublished\":\"2025-08-09T13:21:49+00:00\",\"description\":\"Flaches, niedriggr\u00fcnes Modell, einfach und zeitlos. Ideal f\u00fcr Salate, Beilagen oder Gerichte zum Teilen. Keramikgeschirrsp\u00fcler und Mikrowelle.\",\"breadcrumb\":{\"@id\":\"https:\\\/\\\/poterie-de-crestet.com\\\/de\\\/keramik\\\/flat-series-struempfe-small-gruen\\\/#breadcrumb\"},\"inLanguage\":\"de\",\"potentialAction\":[{\"@type\":\"ReadAction\",\"target\":[\"https:\\\/\\\/poterie-de-crestet.com\\\/de\\\/keramik\\\/flat-series-struempfe-small-gruen\\\/\"]}]},{\"@type\":\"ImageObject\",\"inLanguage\":\"de\",\"@id\":\"https:\\\/\\\/poterie-de-crestet.com\\\/de\\\/keramik\\\/flat-series-struempfe-small-gruen\\\/#primaryimage\",\"url\":\"https:\\\/\\\/i0.wp.com\\\/poterie-de-crestet.com\\\/wp-content\\\/uploads\\\/2025\\\/08\\\/plat-service-rebord-bas-29.jpg?fit=800%2C532&ssl=1\",\"contentUrl\":\"https:\\\/\\\/i0.wp.com\\\/poterie-de-crestet.com\\\/wp-content\\\/uploads\\\/2025\\\/08\\\/plat-service-rebord-bas-29.jpg?fit=800%2C532&ssl=1\",\"width\":800,\"height\":532,\"caption\":\"Gr\u00fcne Flachrandplatte\"},{\"@type\":\"BreadcrumbList\",\"@id\":\"https:\\\/\\\/poterie-de-crestet.com\\\/de\\\/keramik\\\/flat-series-struempfe-small-gruen\\\/#breadcrumb\",\"itemListElement\":[{\"@type\":\"ListItem\",\"position\":1,\"name\":\"Accueil\",\"item\":\"https:\\\/\\\/poterie-de-crestet.com\\\/de\\\/accueil\\\/\"},{\"@type\":\"ListItem\",\"position\":2,\"name\":\"Boutique\",\"item\":\"https:\\\/\\\/poterie-de-crestet.com\\\/ceramiques\\\/\"},{\"@type\":\"ListItem\",\"position\":3,\"name\":\"Flat Series Str\u00fcmpfe Small Gr\u00fcn\"}]},{\"@type\":\"WebSite\",\"@id\":\"https:\\\/\\\/poterie-de-crestet.com\\\/de\\\/#website\",\"url\":\"https:\\\/\\\/poterie-de-crestet.com\\\/de\\\/\",\"name\":\"Poterie de Crestet\",\"description\":\"Des milliers de poteries inpir\u00e9es de la Provence\",\"publisher\":{\"@id\":\"https:\\\/\\\/poterie-de-crestet.com\\\/de\\\/#organization\"},\"potentialAction\":[{\"@type\":\"SearchAction\",\"target\":{\"@type\":\"EntryPoint\",\"urlTemplate\":\"https:\\\/\\\/poterie-de-crestet.com\\\/de\\\/?s={search_term_string}\"},\"query-input\":{\"@type\":\"PropertyValueSpecification\",\"valueRequired\":true,\"valueName\":\"search_term_string\"}}],\"inLanguage\":\"de\"},{\"@type\":\"Organization\",\"@id\":\"https:\\\/\\\/poterie-de-crestet.com\\\/de\\\/#organization\",\"name\":\"Poterie de Crestet\",\"url\":\"https:\\\/\\\/poterie-de-crestet.com\\\/de\\\/\",\"logo\":{\"@type\":\"ImageObject\",\"inLanguage\":\"de\",\"@id\":\"https:\\\/\\\/poterie-de-crestet.com\\\/de\\\/#\\\/schema\\\/logo\\\/image\\\/\",\"url\":\"https:\\\/\\\/i0.wp.com\\\/poterie-de-crestet.com\\\/wp-content\\\/uploads\\\/2025\\\/03\\\/Propo-4.png?fit=1000%2C462&ssl=1\",\"contentUrl\":\"https:\\\/\\\/i0.wp.com\\\/poterie-de-crestet.com\\\/wp-content\\\/uploads\\\/2025\\\/03\\\/Propo-4.png?fit=1000%2C462&ssl=1\",\"width\":1000,\"height\":462,\"caption\":\"Poterie de Crestet\"},\"image\":{\"@id\":\"https:\\\/\\\/poterie-de-crestet.com\\\/de\\\/#\\\/schema\\\/logo\\\/image\\\/\"}}]}<\/script>\n<!-- \/ Yoast SEO plugin. -->","yoast_head_json":{"title":"Flat Series Str\u00fcmpfe Small Gr\u00fcn - Poterie de Crestet","description":"Flaches, niedriggr\u00fcnes Modell, einfach und zeitlos. Ideal f\u00fcr Salate, Beilagen oder Gerichte zum Teilen. Keramikgeschirrsp\u00fcler und Mikrowelle.","robots":{"index":"index","follow":"follow","max-snippet":"max-snippet:-1","max-image-preview":"max-image-preview:large","max-video-preview":"max-video-preview:-1"},"canonical":"https:\/\/poterie-de-crestet.com\/de\/keramik\/flat-series-struempfe-small-gruen\/","og_locale":"de_DE","og_type":"article","og_title":"Flat Series Str\u00fcmpfe Small Gr\u00fcn - Poterie de Crestet","og_description":"Flaches, niedriggr\u00fcnes Modell, einfach und zeitlos. Ideal f\u00fcr Salate, Beilagen oder Gerichte zum Teilen. Keramikgeschirrsp\u00fcler und Mikrowelle.","og_url":"https:\/\/poterie-de-crestet.com\/de\/keramik\/flat-series-struempfe-small-gruen\/","og_site_name":"Poterie de Crestet","og_image":[{"width":800,"height":532,"url":"https:\/\/i0.wp.com\/poterie-de-crestet.com\/wp-content\/uploads\/2025\/08\/plat-service-rebord-bas-29.jpg?fit=800%2C532&ssl=1","type":"image\/jpeg"}],"twitter_card":"summary_large_image","twitter_misc":{"Gesch\u00e4tzte Lesezeit":"1\u00a0Minute"},"schema":{"@context":"https:\/\/schema.org","@graph":[{"@type":"WebPage","@id":"https:\/\/poterie-de-crestet.com\/de\/keramik\/flat-series-struempfe-small-gruen\/","url":"https:\/\/poterie-de-crestet.com\/de\/keramik\/flat-series-struempfe-small-gruen\/","name":"Flat Series Str\u00fcmpfe Small Gr\u00fcn - Poterie de Crestet","isPartOf":{"@id":"https:\/\/poterie-de-crestet.com\/de\/#website"},"primaryImageOfPage":{"@id":"https:\/\/poterie-de-crestet.com\/de\/keramik\/flat-series-struempfe-small-gruen\/#primaryimage"},"image":{"@id":"https:\/\/poterie-de-crestet.com\/de\/keramik\/flat-series-struempfe-small-gruen\/#primaryimage"},"thumbnailUrl":"https:\/\/i0.wp.com\/poterie-de-crestet.com\/wp-content\/uploads\/2025\/08\/plat-service-rebord-bas-29.jpg?fit=800%2C532&ssl=1","datePublished":"2025-08-09T13:21:49+00:00","description":"Flaches, niedriggr\u00fcnes Modell, einfach und zeitlos. Ideal f\u00fcr Salate, Beilagen oder Gerichte zum Teilen. Keramikgeschirrsp\u00fcler und Mikrowelle.","breadcrumb":{"@id":"https:\/\/poterie-de-crestet.com\/de\/keramik\/flat-series-struempfe-small-gruen\/#breadcrumb"},"inLanguage":"de","potentialAction":[{"@type":"ReadAction","target":["https:\/\/poterie-de-crestet.com\/de\/keramik\/flat-series-struempfe-small-gruen\/"]}]},{"@type":"ImageObject","inLanguage":"de","@id":"https:\/\/poterie-de-crestet.com\/de\/keramik\/flat-series-struempfe-small-gruen\/#primaryimage","url":"https:\/\/i0.wp.com\/poterie-de-crestet.com\/wp-content\/uploads\/2025\/08\/plat-service-rebord-bas-29.jpg?fit=800%2C532&ssl=1","contentUrl":"https:\/\/i0.wp.com\/poterie-de-crestet.com\/wp-content\/uploads\/2025\/08\/plat-service-rebord-bas-29.jpg?fit=800%2C532&ssl=1","width":800,"height":532,"caption":"Gr\u00fcne Flachrandplatte"},{"@type":"BreadcrumbList","@id":"https:\/\/poterie-de-crestet.com\/de\/keramik\/flat-series-struempfe-small-gruen\/#breadcrumb","itemListElement":[{"@type":"ListItem","position":1,"name":"Accueil","item":"https:\/\/poterie-de-crestet.com\/de\/accueil\/"},{"@type":"ListItem","position":2,"name":"Boutique","item":"https:\/\/poterie-de-crestet.com\/ceramiques\/"},{"@type":"ListItem","position":3,"name":"Flat Series Str\u00fcmpfe Small Gr\u00fcn"}]},{"@type":"WebSite","@id":"https:\/\/poterie-de-crestet.com\/de\/#website","url":"https:\/\/poterie-de-crestet.com\/de\/","name":"Poterie de Crestet","description":"Des milliers de poteries inpir\u00e9es de la Provence","publisher":{"@id":"https:\/\/poterie-de-crestet.com\/de\/#organization"},"potentialAction":[{"@type":"SearchAction","target":{"@type":"EntryPoint","urlTemplate":"https:\/\/poterie-de-crestet.com\/de\/?s={search_term_string}"},"query-input":{"@type":"PropertyValueSpecification","valueRequired":true,"valueName":"search_term_string"}}],"inLanguage":"de"},{"@type":"Organization","@id":"https:\/\/poterie-de-crestet.com\/de\/#organization","name":"Poterie de Crestet","url":"https:\/\/poterie-de-crestet.com\/de\/","logo":{"@type":"ImageObject","inLanguage":"de","@id":"https:\/\/poterie-de-crestet.com\/de\/#\/schema\/logo\/image\/","url":"https:\/\/i0.wp.com\/poterie-de-crestet.com\/wp-content\/uploads\/2025\/03\/Propo-4.png?fit=1000%2C462&ssl=1","contentUrl":"https:\/\/i0.wp.com\/poterie-de-crestet.com\/wp-content\/uploads\/2025\/03\/Propo-4.png?fit=1000%2C462&ssl=1","width":1000,"height":462,"caption":"Poterie de Crestet"},"image":{"@id":"https:\/\/poterie-de-crestet.com\/de\/#\/schema\/logo\/image\/"}}]}},"jetpack_sharing_enabled":true,"_links":{"self":[{"href":"https:\/\/poterie-de-crestet.com\/de\/wp-json\/wp\/v2\/product\/21291","targetHints":{"allow":["GET"]}}],"collection":[{"href":"https:\/\/poterie-de-crestet.com\/de\/wp-json\/wp\/v2\/product"}],"about":[{"href":"https:\/\/poterie-de-crestet.com\/de\/wp-json\/wp\/v2\/types\/product"}],"replies":[{"embeddable":true,"href":"https:\/\/poterie-de-crestet.com\/de\/wp-json\/wp\/v2\/comments?post=21291"}],"version-history":[{"count":0,"href":"https:\/\/poterie-de-crestet.com\/de\/wp-json\/wp\/v2\/product\/21291\/revisions"}],"wp:featuredmedia":[{"embeddable":true,"href":"https:\/\/poterie-de-crestet.com\/de\/wp-json\/wp\/v2\/media\/13166"}],"wp:attachment":[{"href":"https:\/\/poterie-de-crestet.com\/de\/wp-json\/wp\/v2\/media?parent=21291"}],"wp:term":[{"taxonomy":"product_brand","embeddable":true,"href":"https:\/\/poterie-de-crestet.com\/de\/wp-json\/wp\/v2\/product_brand?post=21291"},{"taxonomy":"product_cat","embeddable":true,"href":"https:\/\/poterie-de-crestet.com\/de\/wp-json\/wp\/v2\/product_cat?post=21291"},{"taxonomy":"product_tag","embeddable":true,"href":"https:\/\/poterie-de-crestet.com\/de\/wp-json\/wp\/v2\/product_tag?post=21291"}],"curies":[{"name":"wp","href":"https:\/\/api.w.org\/{rel}","templated":true}]}}