{"id":21276,"date":"2025-08-09T15:21:50","date_gmt":"2025-08-09T13:21:50","guid":{"rendered":"https:\/\/poterie-de-crestet.com\/ceramiques\/flat-series-struempfe-small-blaugrauer-streifen\/"},"modified":"2025-08-09T15:21:50","modified_gmt":"2025-08-09T13:21:50","slug":"flat-series-struempfe-small-blaugrauer-streifen","status":"publish","type":"product","link":"https:\/\/poterie-de-crestet.com\/de\/keramik\/flat-series-struempfe-small-blaugrauer-streifen\/","title":{"rendered":"Flat Series Str\u00fcmpfe Small  <h5>Blaugrauer Streifen<\/h5>"},"content":{"rendered":"<p>Die kleine Sockenserie mit blau-grau gestreiftem Dekor verf\u00fchrt mit ihrem n\u00fcchternen und eleganten Stil. Mit einem Durchmesser von 23 cm und einer H\u00f6he von 5,5 cm eignet er sich perfekt als Serviergericht, Pr\u00e4sentationsgericht oder Teilgericht. Seine niedrige, breite Form passt elegant zu Salaten, Beilagen, Fleisch oder Desserts.<br data-start=\"496\" data-end=\"499\">Aus hochwertiger Keramik gefertigt und f\u00fcr die Dekoration handbemalt, verbindet er Robustheit und Raffinesse. Sie ist sp\u00fclmaschinen- und mikrowellenfest, was sie f\u00fcr den t\u00e4glichen Gebrauch praktisch macht. Die blau-grau gestreifte Dekoration ist sowohl diskret als auch edel und f\u00fcgt sich problemlos in andere Farben und Tischstile ein.<br data-start=\"803\" data-end=\"806\">F\u00fcr einen harmonischen Service kombinieren Sie ihn mit einer <a class=\"cursor-pointer\" href=\"https:\/\/poterie-de-crestet.com\/de\/keramik\/kleine-salatschuessel-blaugrauer-streifen\/\" target=\"_new\" rel=\"noopener\" data-start=\"851\" data-end=\"958\">kleinen blau gestreiften Salatsch\u00fcssel <\/a>oder wagen Sie sich, mit Kontrasten zu anderen farbenfrohen Dekorationen zu spielen. Auch in mittleren und gro\u00dfen Gr\u00f6\u00dfen erh\u00e4ltlich, erm\u00f6glicht es Ihnen, einen vollst\u00e4ndigen und vielseitigen Service zu erstellen. Nutzen Sie unser <a class=\"\" href=\"https:\/\/poterie-de-crestet.com\/de\/befoerderungen\/\" target=\"_new\" rel=\"noopener\" data-start=\"1149\" data-end=\"1213\">Sonderangebot pro Set,<\/a> um alle drei Gr\u00f6\u00dfen zu einem tollen Preis zu kombinieren.<br data-start=\"1262\" data-end=\"1265\">Stapelbar und angenehm zu handhaben, wird es schnell zu einem unverzichtbaren Bestandteil Ihres Geschirrs.      <\/p>\n","protected":false},"excerpt":{"rendered":"<p>Flacher Boden, kleines Muster blau-grau gestreiftes Dekor, Keramik. N\u00fcchtern und kultiviert, perfekt zum Pr\u00e4sentieren oder Teilen. <br data-start=\"1503\" data-end=\"1506\"><strong data-start=\"1506\" data-end=\"1536\"><em data-start=\"1508\" data-end=\"1534\">Abmessungen: 23 \u00d7 5,5 cm<\/em><\/strong><\/p>\n","protected":false},"featured_media":13115,"comment_status":"open","ping_status":"closed","template":"","meta":[],"product_brand":[],"product_cat":[399],"product_tag":[238],"class_list":{"0":"post-21276","1":"product","2":"type-product","3":"status-publish","4":"has-post-thumbnail","6":"product_cat-niedrig-umrandete-schalen-klein","7":"product_tag-blaugrauer-streifen","9":"first","10":"instock","11":"taxable","12":"shipping-taxable","13":"purchasable","14":"product-type-simple"},"yoast_head":"<!-- This site is optimized with the Yoast SEO plugin v27.5 - https:\/\/yoast.com\/product\/yoast-seo-wordpress\/ -->\n<title>Flat Series Str\u00fcmpfe Small Blaugrauer Streifen - Poterie de Crestet<\/title>\n<meta name=\"description\" content=\"Flaches, niedriges kleines Modell, blau, grau gestreift, n\u00fcchtern und kultiviert. Ideal f\u00fcr Salate, Beilagen und das Teilen von Gerichten. Keramikgeschirrsp\u00fcler und Mikrowelle.\" \/>\n<meta name=\"robots\" content=\"index, follow, max-snippet:-1, max-image-preview:large, max-video-preview:-1\" \/>\n<link rel=\"canonical\" href=\"https:\/\/poterie-de-crestet.com\/de\/keramik\/flat-series-struempfe-small-blaugrauer-streifen\/\" \/>\n<meta property=\"og:locale\" content=\"de_DE\" \/>\n<meta property=\"og:type\" content=\"article\" \/>\n<meta property=\"og:title\" content=\"Flat Series Str\u00fcmpfe Small Blaugrauer Streifen - Poterie de Crestet\" \/>\n<meta property=\"og:description\" content=\"Flaches, niedriges kleines Modell, blau, grau gestreift, n\u00fcchtern und kultiviert. Ideal f\u00fcr Salate, Beilagen und das Teilen von Gerichten. Keramikgeschirrsp\u00fcler und Mikrowelle.\" \/>\n<meta property=\"og:url\" content=\"https:\/\/poterie-de-crestet.com\/de\/keramik\/flat-series-struempfe-small-blaugrauer-streifen\/\" \/>\n<meta property=\"og:site_name\" content=\"Poterie de Crestet\" \/>\n<meta property=\"og:image\" content=\"https:\/\/i0.wp.com\/poterie-de-crestet.com\/wp-content\/uploads\/2025\/08\/plat-service-rebord-bas-12.jpg?fit=800%2C532&ssl=1\" \/>\n\t<meta property=\"og:image:width\" content=\"800\" \/>\n\t<meta property=\"og:image:height\" content=\"532\" \/>\n\t<meta property=\"og:image:type\" content=\"image\/jpeg\" \/>\n<meta name=\"twitter:card\" content=\"summary_large_image\" \/>\n<meta name=\"twitter:label1\" content=\"Gesch\u00e4tzte Lesezeit\" \/>\n\t<meta name=\"twitter:data1\" content=\"1\u00a0Minute\" \/>\n<script type=\"application\/ld+json\" class=\"yoast-schema-graph\">{\"@context\":\"https:\\\/\\\/schema.org\",\"@graph\":[{\"@type\":\"WebPage\",\"@id\":\"https:\\\/\\\/poterie-de-crestet.com\\\/de\\\/keramik\\\/flat-series-struempfe-small-blaugrauer-streifen\\\/\",\"url\":\"https:\\\/\\\/poterie-de-crestet.com\\\/de\\\/keramik\\\/flat-series-struempfe-small-blaugrauer-streifen\\\/\",\"name\":\"Flat Series Str\u00fcmpfe Small Blaugrauer Streifen - Poterie de Crestet\",\"isPartOf\":{\"@id\":\"https:\\\/\\\/poterie-de-crestet.com\\\/de\\\/#website\"},\"primaryImageOfPage\":{\"@id\":\"https:\\\/\\\/poterie-de-crestet.com\\\/de\\\/keramik\\\/flat-series-struempfe-small-blaugrauer-streifen\\\/#primaryimage\"},\"image\":{\"@id\":\"https:\\\/\\\/poterie-de-crestet.com\\\/de\\\/keramik\\\/flat-series-struempfe-small-blaugrauer-streifen\\\/#primaryimage\"},\"thumbnailUrl\":\"https:\\\/\\\/i0.wp.com\\\/poterie-de-crestet.com\\\/wp-content\\\/uploads\\\/2025\\\/08\\\/plat-service-rebord-bas-12.jpg?fit=800%2C532&ssl=1\",\"datePublished\":\"2025-08-09T13:21:50+00:00\",\"description\":\"Flaches, niedriges kleines Modell, blau, grau gestreift, n\u00fcchtern und kultiviert. Ideal f\u00fcr Salate, Beilagen und das Teilen von Gerichten. Keramikgeschirrsp\u00fcler und Mikrowelle.\",\"breadcrumb\":{\"@id\":\"https:\\\/\\\/poterie-de-crestet.com\\\/de\\\/keramik\\\/flat-series-struempfe-small-blaugrauer-streifen\\\/#breadcrumb\"},\"inLanguage\":\"de\",\"potentialAction\":[{\"@type\":\"ReadAction\",\"target\":[\"https:\\\/\\\/poterie-de-crestet.com\\\/de\\\/keramik\\\/flat-series-struempfe-small-blaugrauer-streifen\\\/\"]}]},{\"@type\":\"ImageObject\",\"inLanguage\":\"de\",\"@id\":\"https:\\\/\\\/poterie-de-crestet.com\\\/de\\\/keramik\\\/flat-series-struempfe-small-blaugrauer-streifen\\\/#primaryimage\",\"url\":\"https:\\\/\\\/i0.wp.com\\\/poterie-de-crestet.com\\\/wp-content\\\/uploads\\\/2025\\\/08\\\/plat-service-rebord-bas-12.jpg?fit=800%2C532&ssl=1\",\"contentUrl\":\"https:\\\/\\\/i0.wp.com\\\/poterie-de-crestet.com\\\/wp-content\\\/uploads\\\/2025\\\/08\\\/plat-service-rebord-bas-12.jpg?fit=800%2C532&ssl=1\",\"width\":800,\"height\":532,\"caption\":\"Gestreifte, niedrig umrandete Servierplatte in Blaugrau\"},{\"@type\":\"BreadcrumbList\",\"@id\":\"https:\\\/\\\/poterie-de-crestet.com\\\/de\\\/keramik\\\/flat-series-struempfe-small-blaugrauer-streifen\\\/#breadcrumb\",\"itemListElement\":[{\"@type\":\"ListItem\",\"position\":1,\"name\":\"Accueil\",\"item\":\"https:\\\/\\\/poterie-de-crestet.com\\\/de\\\/accueil\\\/\"},{\"@type\":\"ListItem\",\"position\":2,\"name\":\"Boutique\",\"item\":\"https:\\\/\\\/poterie-de-crestet.com\\\/ceramiques\\\/\"},{\"@type\":\"ListItem\",\"position\":3,\"name\":\"Flat Series Str\u00fcmpfe Small Blaugrauer Streifen\"}]},{\"@type\":\"WebSite\",\"@id\":\"https:\\\/\\\/poterie-de-crestet.com\\\/de\\\/#website\",\"url\":\"https:\\\/\\\/poterie-de-crestet.com\\\/de\\\/\",\"name\":\"Poterie de Crestet\",\"description\":\"Des milliers de poteries inpir\u00e9es de la Provence\",\"publisher\":{\"@id\":\"https:\\\/\\\/poterie-de-crestet.com\\\/de\\\/#organization\"},\"potentialAction\":[{\"@type\":\"SearchAction\",\"target\":{\"@type\":\"EntryPoint\",\"urlTemplate\":\"https:\\\/\\\/poterie-de-crestet.com\\\/de\\\/?s={search_term_string}\"},\"query-input\":{\"@type\":\"PropertyValueSpecification\",\"valueRequired\":true,\"valueName\":\"search_term_string\"}}],\"inLanguage\":\"de\"},{\"@type\":\"Organization\",\"@id\":\"https:\\\/\\\/poterie-de-crestet.com\\\/de\\\/#organization\",\"name\":\"Poterie de Crestet\",\"url\":\"https:\\\/\\\/poterie-de-crestet.com\\\/de\\\/\",\"logo\":{\"@type\":\"ImageObject\",\"inLanguage\":\"de\",\"@id\":\"https:\\\/\\\/poterie-de-crestet.com\\\/de\\\/#\\\/schema\\\/logo\\\/image\\\/\",\"url\":\"https:\\\/\\\/i0.wp.com\\\/poterie-de-crestet.com\\\/wp-content\\\/uploads\\\/2025\\\/03\\\/Propo-4.png?fit=1000%2C462&ssl=1\",\"contentUrl\":\"https:\\\/\\\/i0.wp.com\\\/poterie-de-crestet.com\\\/wp-content\\\/uploads\\\/2025\\\/03\\\/Propo-4.png?fit=1000%2C462&ssl=1\",\"width\":1000,\"height\":462,\"caption\":\"Poterie de Crestet\"},\"image\":{\"@id\":\"https:\\\/\\\/poterie-de-crestet.com\\\/de\\\/#\\\/schema\\\/logo\\\/image\\\/\"}}]}<\/script>\n<!-- \/ Yoast SEO plugin. -->","yoast_head_json":{"title":"Flat Series Str\u00fcmpfe Small Blaugrauer Streifen - Poterie de Crestet","description":"Flaches, niedriges kleines Modell, blau, grau gestreift, n\u00fcchtern und kultiviert. Ideal f\u00fcr Salate, Beilagen und das Teilen von Gerichten. Keramikgeschirrsp\u00fcler und Mikrowelle.","robots":{"index":"index","follow":"follow","max-snippet":"max-snippet:-1","max-image-preview":"max-image-preview:large","max-video-preview":"max-video-preview:-1"},"canonical":"https:\/\/poterie-de-crestet.com\/de\/keramik\/flat-series-struempfe-small-blaugrauer-streifen\/","og_locale":"de_DE","og_type":"article","og_title":"Flat Series Str\u00fcmpfe Small Blaugrauer Streifen - Poterie de Crestet","og_description":"Flaches, niedriges kleines Modell, blau, grau gestreift, n\u00fcchtern und kultiviert. Ideal f\u00fcr Salate, Beilagen und das Teilen von Gerichten. Keramikgeschirrsp\u00fcler und Mikrowelle.","og_url":"https:\/\/poterie-de-crestet.com\/de\/keramik\/flat-series-struempfe-small-blaugrauer-streifen\/","og_site_name":"Poterie de Crestet","og_image":[{"width":800,"height":532,"url":"https:\/\/i0.wp.com\/poterie-de-crestet.com\/wp-content\/uploads\/2025\/08\/plat-service-rebord-bas-12.jpg?fit=800%2C532&ssl=1","type":"image\/jpeg"}],"twitter_card":"summary_large_image","twitter_misc":{"Gesch\u00e4tzte Lesezeit":"1\u00a0Minute"},"schema":{"@context":"https:\/\/schema.org","@graph":[{"@type":"WebPage","@id":"https:\/\/poterie-de-crestet.com\/de\/keramik\/flat-series-struempfe-small-blaugrauer-streifen\/","url":"https:\/\/poterie-de-crestet.com\/de\/keramik\/flat-series-struempfe-small-blaugrauer-streifen\/","name":"Flat Series Str\u00fcmpfe Small Blaugrauer Streifen - Poterie de Crestet","isPartOf":{"@id":"https:\/\/poterie-de-crestet.com\/de\/#website"},"primaryImageOfPage":{"@id":"https:\/\/poterie-de-crestet.com\/de\/keramik\/flat-series-struempfe-small-blaugrauer-streifen\/#primaryimage"},"image":{"@id":"https:\/\/poterie-de-crestet.com\/de\/keramik\/flat-series-struempfe-small-blaugrauer-streifen\/#primaryimage"},"thumbnailUrl":"https:\/\/i0.wp.com\/poterie-de-crestet.com\/wp-content\/uploads\/2025\/08\/plat-service-rebord-bas-12.jpg?fit=800%2C532&ssl=1","datePublished":"2025-08-09T13:21:50+00:00","description":"Flaches, niedriges kleines Modell, blau, grau gestreift, n\u00fcchtern und kultiviert. Ideal f\u00fcr Salate, Beilagen und das Teilen von Gerichten. Keramikgeschirrsp\u00fcler und Mikrowelle.","breadcrumb":{"@id":"https:\/\/poterie-de-crestet.com\/de\/keramik\/flat-series-struempfe-small-blaugrauer-streifen\/#breadcrumb"},"inLanguage":"de","potentialAction":[{"@type":"ReadAction","target":["https:\/\/poterie-de-crestet.com\/de\/keramik\/flat-series-struempfe-small-blaugrauer-streifen\/"]}]},{"@type":"ImageObject","inLanguage":"de","@id":"https:\/\/poterie-de-crestet.com\/de\/keramik\/flat-series-struempfe-small-blaugrauer-streifen\/#primaryimage","url":"https:\/\/i0.wp.com\/poterie-de-crestet.com\/wp-content\/uploads\/2025\/08\/plat-service-rebord-bas-12.jpg?fit=800%2C532&ssl=1","contentUrl":"https:\/\/i0.wp.com\/poterie-de-crestet.com\/wp-content\/uploads\/2025\/08\/plat-service-rebord-bas-12.jpg?fit=800%2C532&ssl=1","width":800,"height":532,"caption":"Gestreifte, niedrig umrandete Servierplatte in Blaugrau"},{"@type":"BreadcrumbList","@id":"https:\/\/poterie-de-crestet.com\/de\/keramik\/flat-series-struempfe-small-blaugrauer-streifen\/#breadcrumb","itemListElement":[{"@type":"ListItem","position":1,"name":"Accueil","item":"https:\/\/poterie-de-crestet.com\/de\/accueil\/"},{"@type":"ListItem","position":2,"name":"Boutique","item":"https:\/\/poterie-de-crestet.com\/ceramiques\/"},{"@type":"ListItem","position":3,"name":"Flat Series Str\u00fcmpfe Small Blaugrauer Streifen"}]},{"@type":"WebSite","@id":"https:\/\/poterie-de-crestet.com\/de\/#website","url":"https:\/\/poterie-de-crestet.com\/de\/","name":"Poterie de Crestet","description":"Des milliers de poteries inpir\u00e9es de la Provence","publisher":{"@id":"https:\/\/poterie-de-crestet.com\/de\/#organization"},"potentialAction":[{"@type":"SearchAction","target":{"@type":"EntryPoint","urlTemplate":"https:\/\/poterie-de-crestet.com\/de\/?s={search_term_string}"},"query-input":{"@type":"PropertyValueSpecification","valueRequired":true,"valueName":"search_term_string"}}],"inLanguage":"de"},{"@type":"Organization","@id":"https:\/\/poterie-de-crestet.com\/de\/#organization","name":"Poterie de Crestet","url":"https:\/\/poterie-de-crestet.com\/de\/","logo":{"@type":"ImageObject","inLanguage":"de","@id":"https:\/\/poterie-de-crestet.com\/de\/#\/schema\/logo\/image\/","url":"https:\/\/i0.wp.com\/poterie-de-crestet.com\/wp-content\/uploads\/2025\/03\/Propo-4.png?fit=1000%2C462&ssl=1","contentUrl":"https:\/\/i0.wp.com\/poterie-de-crestet.com\/wp-content\/uploads\/2025\/03\/Propo-4.png?fit=1000%2C462&ssl=1","width":1000,"height":462,"caption":"Poterie de Crestet"},"image":{"@id":"https:\/\/poterie-de-crestet.com\/de\/#\/schema\/logo\/image\/"}}]}},"jetpack_sharing_enabled":true,"_links":{"self":[{"href":"https:\/\/poterie-de-crestet.com\/de\/wp-json\/wp\/v2\/product\/21276","targetHints":{"allow":["GET"]}}],"collection":[{"href":"https:\/\/poterie-de-crestet.com\/de\/wp-json\/wp\/v2\/product"}],"about":[{"href":"https:\/\/poterie-de-crestet.com\/de\/wp-json\/wp\/v2\/types\/product"}],"replies":[{"embeddable":true,"href":"https:\/\/poterie-de-crestet.com\/de\/wp-json\/wp\/v2\/comments?post=21276"}],"version-history":[{"count":0,"href":"https:\/\/poterie-de-crestet.com\/de\/wp-json\/wp\/v2\/product\/21276\/revisions"}],"wp:featuredmedia":[{"embeddable":true,"href":"https:\/\/poterie-de-crestet.com\/de\/wp-json\/wp\/v2\/media\/13115"}],"wp:attachment":[{"href":"https:\/\/poterie-de-crestet.com\/de\/wp-json\/wp\/v2\/media?parent=21276"}],"wp:term":[{"taxonomy":"product_brand","embeddable":true,"href":"https:\/\/poterie-de-crestet.com\/de\/wp-json\/wp\/v2\/product_brand?post=21276"},{"taxonomy":"product_cat","embeddable":true,"href":"https:\/\/poterie-de-crestet.com\/de\/wp-json\/wp\/v2\/product_cat?post=21276"},{"taxonomy":"product_tag","embeddable":true,"href":"https:\/\/poterie-de-crestet.com\/de\/wp-json\/wp\/v2\/product_tag?post=21276"}],"curies":[{"name":"wp","href":"https:\/\/api.w.org\/{rel}","templated":true}]}}