{"id":21257,"date":"2025-08-09T15:21:51","date_gmt":"2025-08-09T13:21:51","guid":{"rendered":"https:\/\/poterie-de-crestet.com\/ceramiques\/flat-series-struempfe-small-gruene-nyons\/"},"modified":"2025-08-09T15:21:51","modified_gmt":"2025-08-09T13:21:51","slug":"flat-series-struempfe-small-gruene-nyons","status":"publish","type":"product","link":"https:\/\/poterie-de-crestet.com\/de\/keramik\/flat-series-struempfe-small-gruene-nyons\/","title":{"rendered":"Flat Series Str\u00fcmpfe Small  <h5>Gr\u00fcne Nyons<\/h5>"},"content":{"rendered":"<p>Die Nyons gr\u00fcne Dekoration Small-Strumpf-Serie ist perfekt, um Ihren Mahlzeiten eine provenzalische Note zu verleihen. Mit seinem Durchmesser von 23 cm und einer H\u00f6he von 5,5 cm ist er ideal als Serviergericht, Pr\u00e4sentationsgericht oder Teilgericht. Seine niedrige und breite Form versch\u00f6nert Ihre Salate, gegrilltes Gem\u00fcse, Gerichte in So\u00dfe oder Desserts.<br data-start=\"600\" data-end=\"603\">Hergestellt aus hochwertiger Keramik und handbemalt f\u00fcr den dekorativen Teil, vereint er \u00c4sthetik und Robustheit. Sp\u00fclmaschinen- und Mikrowellenfest, es macht den Alltag einfacher und versch\u00f6nert den Tisch. Das gr\u00fcne, leuchtende und nat\u00fcrliche Nyons-Dekor f\u00fcgt sich problemlos in andere Farbt\u00f6ne der Kollektion ein.<br data-start=\"927\" data-end=\"930\">Kombinieren Sie ihn mit einer <a class=\"cursor-pointer\" href=\"https:\/\/poterie-de-crestet.com\/de\/keramik\/kleine-salatschuessel-gruene-nyons\/\" target=\"_new\" rel=\"noopener\" data-start=\"947\" data-end=\"1054\">passenden kleinen Salatsch\u00fcssel<\/a> f\u00fcr harmonische Portionen oder mischen Sie ihn mit kontrastierenden St\u00fccken f\u00fcr einen originellen Tisch. Auch in mittleren und gro\u00dfen Gr\u00f6\u00dfen erh\u00e4ltlich, kann es ein vielseitiges und stilvolles Trio bilden. Nutzen Sie unser <a class=\"\" href=\"https:\/\/poterie-de-crestet.com\/de\/befoerderungen\/\" target=\"_new\" rel=\"noopener\" data-start=\"1266\" data-end=\"1330\">spezielles Bundle-Angebot<\/a> , um von einem guten Preis zu profitieren.<br data-start=\"1369\" data-end=\"1372\">Stapelbar und einfach zu lagern, ist er ebenso angenehm zu bedienen wie sch\u00f6n anzusehen, sodass jede Mahlzeit warm ist.      <\/p>\n","protected":false},"excerpt":{"rendered":"<p>Flaches, niedriges kleines Modell mit gr\u00fcnem Nyons-Dekor, Keramik. Nat\u00fcrlich und elegant, ideal zum Pr\u00e4sentieren oder Servieren. <br data-start=\"1639\" data-end=\"1642\"><strong data-start=\"1642\" data-end=\"1672\"><em data-start=\"1644\" data-end=\"1670\">Abmessungen: 23 \u00d7 5,5 cm<\/em><\/strong><\/p>\n","protected":false},"featured_media":13193,"comment_status":"open","ping_status":"closed","template":"","meta":[],"product_brand":[],"product_cat":[399],"product_tag":[245],"class_list":{"0":"post-21257","1":"product","2":"type-product","3":"status-publish","4":"has-post-thumbnail","6":"product_cat-niedrig-umrandete-schalen-klein","7":"product_tag-grune-nyons","9":"first","10":"instock","11":"taxable","12":"shipping-taxable","13":"purchasable","14":"product-type-simple"},"yoast_head":"<!-- This site is optimized with the Yoast SEO plugin v27.5 - https:\/\/yoast.com\/product\/yoast-seo-wordpress\/ -->\n<title>Flat Series Str\u00fcmpfe Small Gr\u00fcne Nyons - Poterie de Crestet<\/title>\n<meta name=\"description\" content=\"Flaches, niedriges, kleines Modell Nyons gr\u00fcn, nat\u00fcrlich und elegant. Ideal f\u00fcr Salate, Beilagen oder das Teilen. Keramikgeschirrsp\u00fcler und Mikrowelle.\" \/>\n<meta name=\"robots\" content=\"index, follow, max-snippet:-1, max-image-preview:large, max-video-preview:-1\" \/>\n<link rel=\"canonical\" href=\"https:\/\/poterie-de-crestet.com\/de\/keramik\/flat-series-struempfe-small-gruene-nyons\/\" \/>\n<meta property=\"og:locale\" content=\"de_DE\" \/>\n<meta property=\"og:type\" content=\"article\" \/>\n<meta property=\"og:title\" content=\"Flat Series Str\u00fcmpfe Small Gr\u00fcne Nyons - Poterie de Crestet\" \/>\n<meta property=\"og:description\" content=\"Flaches, niedriges, kleines Modell Nyons gr\u00fcn, nat\u00fcrlich und elegant. Ideal f\u00fcr Salate, Beilagen oder das Teilen. Keramikgeschirrsp\u00fcler und Mikrowelle.\" \/>\n<meta property=\"og:url\" content=\"https:\/\/poterie-de-crestet.com\/de\/keramik\/flat-series-struempfe-small-gruene-nyons\/\" \/>\n<meta property=\"og:site_name\" content=\"Poterie de Crestet\" \/>\n<meta property=\"og:image\" content=\"https:\/\/i0.wp.com\/poterie-de-crestet.com\/wp-content\/uploads\/2025\/08\/plat-service-rebord-bas-38.jpg?fit=800%2C532&ssl=1\" \/>\n\t<meta property=\"og:image:width\" content=\"800\" \/>\n\t<meta property=\"og:image:height\" content=\"532\" \/>\n\t<meta property=\"og:image:type\" content=\"image\/jpeg\" \/>\n<meta name=\"twitter:card\" content=\"summary_large_image\" \/>\n<meta name=\"twitter:label1\" content=\"Gesch\u00e4tzte Lesezeit\" \/>\n\t<meta name=\"twitter:data1\" content=\"1\u00a0Minute\" \/>\n<script type=\"application\/ld+json\" class=\"yoast-schema-graph\">{\"@context\":\"https:\\\/\\\/schema.org\",\"@graph\":[{\"@type\":\"WebPage\",\"@id\":\"https:\\\/\\\/poterie-de-crestet.com\\\/de\\\/keramik\\\/flat-series-struempfe-small-gruene-nyons\\\/\",\"url\":\"https:\\\/\\\/poterie-de-crestet.com\\\/de\\\/keramik\\\/flat-series-struempfe-small-gruene-nyons\\\/\",\"name\":\"Flat Series Str\u00fcmpfe Small Gr\u00fcne Nyons - Poterie de Crestet\",\"isPartOf\":{\"@id\":\"https:\\\/\\\/poterie-de-crestet.com\\\/de\\\/#website\"},\"primaryImageOfPage\":{\"@id\":\"https:\\\/\\\/poterie-de-crestet.com\\\/de\\\/keramik\\\/flat-series-struempfe-small-gruene-nyons\\\/#primaryimage\"},\"image\":{\"@id\":\"https:\\\/\\\/poterie-de-crestet.com\\\/de\\\/keramik\\\/flat-series-struempfe-small-gruene-nyons\\\/#primaryimage\"},\"thumbnailUrl\":\"https:\\\/\\\/i0.wp.com\\\/poterie-de-crestet.com\\\/wp-content\\\/uploads\\\/2025\\\/08\\\/plat-service-rebord-bas-38.jpg?fit=800%2C532&ssl=1\",\"datePublished\":\"2025-08-09T13:21:51+00:00\",\"description\":\"Flaches, niedriges, kleines Modell Nyons gr\u00fcn, nat\u00fcrlich und elegant. Ideal f\u00fcr Salate, Beilagen oder das Teilen. Keramikgeschirrsp\u00fcler und Mikrowelle.\",\"breadcrumb\":{\"@id\":\"https:\\\/\\\/poterie-de-crestet.com\\\/de\\\/keramik\\\/flat-series-struempfe-small-gruene-nyons\\\/#breadcrumb\"},\"inLanguage\":\"de\",\"potentialAction\":[{\"@type\":\"ReadAction\",\"target\":[\"https:\\\/\\\/poterie-de-crestet.com\\\/de\\\/keramik\\\/flat-series-struempfe-small-gruene-nyons\\\/\"]}]},{\"@type\":\"ImageObject\",\"inLanguage\":\"de\",\"@id\":\"https:\\\/\\\/poterie-de-crestet.com\\\/de\\\/keramik\\\/flat-series-struempfe-small-gruene-nyons\\\/#primaryimage\",\"url\":\"https:\\\/\\\/i0.wp.com\\\/poterie-de-crestet.com\\\/wp-content\\\/uploads\\\/2025\\\/08\\\/plat-service-rebord-bas-38.jpg?fit=800%2C532&ssl=1\",\"contentUrl\":\"https:\\\/\\\/i0.wp.com\\\/poterie-de-crestet.com\\\/wp-content\\\/uploads\\\/2025\\\/08\\\/plat-service-rebord-bas-38.jpg?fit=800%2C532&ssl=1\",\"width\":800,\"height\":532,\"caption\":\"Nyons Niedrigrand-Servierplatte Gr\u00fcn\"},{\"@type\":\"BreadcrumbList\",\"@id\":\"https:\\\/\\\/poterie-de-crestet.com\\\/de\\\/keramik\\\/flat-series-struempfe-small-gruene-nyons\\\/#breadcrumb\",\"itemListElement\":[{\"@type\":\"ListItem\",\"position\":1,\"name\":\"Accueil\",\"item\":\"https:\\\/\\\/poterie-de-crestet.com\\\/de\\\/accueil\\\/\"},{\"@type\":\"ListItem\",\"position\":2,\"name\":\"Boutique\",\"item\":\"https:\\\/\\\/poterie-de-crestet.com\\\/ceramiques\\\/\"},{\"@type\":\"ListItem\",\"position\":3,\"name\":\"Flat Series Str\u00fcmpfe Small Gr\u00fcne Nyons\"}]},{\"@type\":\"WebSite\",\"@id\":\"https:\\\/\\\/poterie-de-crestet.com\\\/de\\\/#website\",\"url\":\"https:\\\/\\\/poterie-de-crestet.com\\\/de\\\/\",\"name\":\"Poterie de Crestet\",\"description\":\"Des milliers de poteries inpir\u00e9es de la Provence\",\"publisher\":{\"@id\":\"https:\\\/\\\/poterie-de-crestet.com\\\/de\\\/#organization\"},\"potentialAction\":[{\"@type\":\"SearchAction\",\"target\":{\"@type\":\"EntryPoint\",\"urlTemplate\":\"https:\\\/\\\/poterie-de-crestet.com\\\/de\\\/?s={search_term_string}\"},\"query-input\":{\"@type\":\"PropertyValueSpecification\",\"valueRequired\":true,\"valueName\":\"search_term_string\"}}],\"inLanguage\":\"de\"},{\"@type\":\"Organization\",\"@id\":\"https:\\\/\\\/poterie-de-crestet.com\\\/de\\\/#organization\",\"name\":\"Poterie de Crestet\",\"url\":\"https:\\\/\\\/poterie-de-crestet.com\\\/de\\\/\",\"logo\":{\"@type\":\"ImageObject\",\"inLanguage\":\"de\",\"@id\":\"https:\\\/\\\/poterie-de-crestet.com\\\/de\\\/#\\\/schema\\\/logo\\\/image\\\/\",\"url\":\"https:\\\/\\\/i0.wp.com\\\/poterie-de-crestet.com\\\/wp-content\\\/uploads\\\/2025\\\/03\\\/Propo-4.png?fit=1000%2C462&ssl=1\",\"contentUrl\":\"https:\\\/\\\/i0.wp.com\\\/poterie-de-crestet.com\\\/wp-content\\\/uploads\\\/2025\\\/03\\\/Propo-4.png?fit=1000%2C462&ssl=1\",\"width\":1000,\"height\":462,\"caption\":\"Poterie de Crestet\"},\"image\":{\"@id\":\"https:\\\/\\\/poterie-de-crestet.com\\\/de\\\/#\\\/schema\\\/logo\\\/image\\\/\"}}]}<\/script>\n<!-- \/ Yoast SEO plugin. -->","yoast_head_json":{"title":"Flat Series Str\u00fcmpfe Small Gr\u00fcne Nyons - Poterie de Crestet","description":"Flaches, niedriges, kleines Modell Nyons gr\u00fcn, nat\u00fcrlich und elegant. Ideal f\u00fcr Salate, Beilagen oder das Teilen. Keramikgeschirrsp\u00fcler und Mikrowelle.","robots":{"index":"index","follow":"follow","max-snippet":"max-snippet:-1","max-image-preview":"max-image-preview:large","max-video-preview":"max-video-preview:-1"},"canonical":"https:\/\/poterie-de-crestet.com\/de\/keramik\/flat-series-struempfe-small-gruene-nyons\/","og_locale":"de_DE","og_type":"article","og_title":"Flat Series Str\u00fcmpfe Small Gr\u00fcne Nyons - Poterie de Crestet","og_description":"Flaches, niedriges, kleines Modell Nyons gr\u00fcn, nat\u00fcrlich und elegant. Ideal f\u00fcr Salate, Beilagen oder das Teilen. Keramikgeschirrsp\u00fcler und Mikrowelle.","og_url":"https:\/\/poterie-de-crestet.com\/de\/keramik\/flat-series-struempfe-small-gruene-nyons\/","og_site_name":"Poterie de Crestet","og_image":[{"width":800,"height":532,"url":"https:\/\/i0.wp.com\/poterie-de-crestet.com\/wp-content\/uploads\/2025\/08\/plat-service-rebord-bas-38.jpg?fit=800%2C532&ssl=1","type":"image\/jpeg"}],"twitter_card":"summary_large_image","twitter_misc":{"Gesch\u00e4tzte Lesezeit":"1\u00a0Minute"},"schema":{"@context":"https:\/\/schema.org","@graph":[{"@type":"WebPage","@id":"https:\/\/poterie-de-crestet.com\/de\/keramik\/flat-series-struempfe-small-gruene-nyons\/","url":"https:\/\/poterie-de-crestet.com\/de\/keramik\/flat-series-struempfe-small-gruene-nyons\/","name":"Flat Series Str\u00fcmpfe Small Gr\u00fcne Nyons - Poterie de Crestet","isPartOf":{"@id":"https:\/\/poterie-de-crestet.com\/de\/#website"},"primaryImageOfPage":{"@id":"https:\/\/poterie-de-crestet.com\/de\/keramik\/flat-series-struempfe-small-gruene-nyons\/#primaryimage"},"image":{"@id":"https:\/\/poterie-de-crestet.com\/de\/keramik\/flat-series-struempfe-small-gruene-nyons\/#primaryimage"},"thumbnailUrl":"https:\/\/i0.wp.com\/poterie-de-crestet.com\/wp-content\/uploads\/2025\/08\/plat-service-rebord-bas-38.jpg?fit=800%2C532&ssl=1","datePublished":"2025-08-09T13:21:51+00:00","description":"Flaches, niedriges, kleines Modell Nyons gr\u00fcn, nat\u00fcrlich und elegant. Ideal f\u00fcr Salate, Beilagen oder das Teilen. Keramikgeschirrsp\u00fcler und Mikrowelle.","breadcrumb":{"@id":"https:\/\/poterie-de-crestet.com\/de\/keramik\/flat-series-struempfe-small-gruene-nyons\/#breadcrumb"},"inLanguage":"de","potentialAction":[{"@type":"ReadAction","target":["https:\/\/poterie-de-crestet.com\/de\/keramik\/flat-series-struempfe-small-gruene-nyons\/"]}]},{"@type":"ImageObject","inLanguage":"de","@id":"https:\/\/poterie-de-crestet.com\/de\/keramik\/flat-series-struempfe-small-gruene-nyons\/#primaryimage","url":"https:\/\/i0.wp.com\/poterie-de-crestet.com\/wp-content\/uploads\/2025\/08\/plat-service-rebord-bas-38.jpg?fit=800%2C532&ssl=1","contentUrl":"https:\/\/i0.wp.com\/poterie-de-crestet.com\/wp-content\/uploads\/2025\/08\/plat-service-rebord-bas-38.jpg?fit=800%2C532&ssl=1","width":800,"height":532,"caption":"Nyons Niedrigrand-Servierplatte Gr\u00fcn"},{"@type":"BreadcrumbList","@id":"https:\/\/poterie-de-crestet.com\/de\/keramik\/flat-series-struempfe-small-gruene-nyons\/#breadcrumb","itemListElement":[{"@type":"ListItem","position":1,"name":"Accueil","item":"https:\/\/poterie-de-crestet.com\/de\/accueil\/"},{"@type":"ListItem","position":2,"name":"Boutique","item":"https:\/\/poterie-de-crestet.com\/ceramiques\/"},{"@type":"ListItem","position":3,"name":"Flat Series Str\u00fcmpfe Small Gr\u00fcne Nyons"}]},{"@type":"WebSite","@id":"https:\/\/poterie-de-crestet.com\/de\/#website","url":"https:\/\/poterie-de-crestet.com\/de\/","name":"Poterie de Crestet","description":"Des milliers de poteries inpir\u00e9es de la Provence","publisher":{"@id":"https:\/\/poterie-de-crestet.com\/de\/#organization"},"potentialAction":[{"@type":"SearchAction","target":{"@type":"EntryPoint","urlTemplate":"https:\/\/poterie-de-crestet.com\/de\/?s={search_term_string}"},"query-input":{"@type":"PropertyValueSpecification","valueRequired":true,"valueName":"search_term_string"}}],"inLanguage":"de"},{"@type":"Organization","@id":"https:\/\/poterie-de-crestet.com\/de\/#organization","name":"Poterie de Crestet","url":"https:\/\/poterie-de-crestet.com\/de\/","logo":{"@type":"ImageObject","inLanguage":"de","@id":"https:\/\/poterie-de-crestet.com\/de\/#\/schema\/logo\/image\/","url":"https:\/\/i0.wp.com\/poterie-de-crestet.com\/wp-content\/uploads\/2025\/03\/Propo-4.png?fit=1000%2C462&ssl=1","contentUrl":"https:\/\/i0.wp.com\/poterie-de-crestet.com\/wp-content\/uploads\/2025\/03\/Propo-4.png?fit=1000%2C462&ssl=1","width":1000,"height":462,"caption":"Poterie de Crestet"},"image":{"@id":"https:\/\/poterie-de-crestet.com\/de\/#\/schema\/logo\/image\/"}}]}},"jetpack_sharing_enabled":true,"_links":{"self":[{"href":"https:\/\/poterie-de-crestet.com\/de\/wp-json\/wp\/v2\/product\/21257","targetHints":{"allow":["GET"]}}],"collection":[{"href":"https:\/\/poterie-de-crestet.com\/de\/wp-json\/wp\/v2\/product"}],"about":[{"href":"https:\/\/poterie-de-crestet.com\/de\/wp-json\/wp\/v2\/types\/product"}],"replies":[{"embeddable":true,"href":"https:\/\/poterie-de-crestet.com\/de\/wp-json\/wp\/v2\/comments?post=21257"}],"version-history":[{"count":0,"href":"https:\/\/poterie-de-crestet.com\/de\/wp-json\/wp\/v2\/product\/21257\/revisions"}],"wp:featuredmedia":[{"embeddable":true,"href":"https:\/\/poterie-de-crestet.com\/de\/wp-json\/wp\/v2\/media\/13193"}],"wp:attachment":[{"href":"https:\/\/poterie-de-crestet.com\/de\/wp-json\/wp\/v2\/media?parent=21257"}],"wp:term":[{"taxonomy":"product_brand","embeddable":true,"href":"https:\/\/poterie-de-crestet.com\/de\/wp-json\/wp\/v2\/product_brand?post=21257"},{"taxonomy":"product_cat","embeddable":true,"href":"https:\/\/poterie-de-crestet.com\/de\/wp-json\/wp\/v2\/product_cat?post=21257"},{"taxonomy":"product_tag","embeddable":true,"href":"https:\/\/poterie-de-crestet.com\/de\/wp-json\/wp\/v2\/product_tag?post=21257"}],"curies":[{"name":"wp","href":"https:\/\/api.w.org\/{rel}","templated":true}]}}