{"id":21253,"date":"2025-08-09T15:21:51","date_gmt":"2025-08-09T13:21:51","guid":{"rendered":"https:\/\/poterie-de-crestet.com\/ceramiques\/flat-series-struempfe-small-ozean\/"},"modified":"2025-08-09T15:21:51","modified_gmt":"2025-08-09T13:21:51","slug":"flat-series-struempfe-small-ozean","status":"publish","type":"product","link":"https:\/\/poterie-de-crestet.com\/de\/keramik\/flat-series-struempfe-small-ozean\/","title":{"rendered":"Flat Series Str\u00fcmpfe Small  <h5>Ozean<\/h5>"},"content":{"rendered":"<p>Die kleine, niedrige Kulisse mit ozeanartigem Dekor ruft die Frische der Mittelmeerk\u00fcsten hervor. Mit seinem Durchmesser von 23 cm und einer H\u00f6he von 5,5 cm eignet er sich f\u00fcr viele Anwendungen: Servierschale, Pr\u00e4sentationsgericht, Teilgericht oder XXL-Suppenteller. Perfekt f\u00fcr Salate, gegrillten Fisch, frisches Obst oder Eint\u00f6pfe.<br data-start=\"2263\" data-end=\"2266\">Aus hochwertiger Keramik gefertigt und f\u00fcr die Dekoration handbemalt, verbindet er Eleganz und Haltbarkeit. Kompatibel mit Geschirrsp\u00fcler und Mikrowelle, begleitet sie Sie t\u00e4glich und praktisch. Sein tiefes bl\u00e4uliches Leuchten f\u00fcgt sich problemlos in andere Dekorationen der Kollektion ein.<br data-start=\"2558\" data-end=\"2561\">Vervollst\u00e4ndigen Sie es mit einer <a class=\"cursor-pointer\" href=\"https:\/\/poterie-de-crestet.com\/de\/keramik\/kleine-salatschuessel-ozean\/\" target=\"_new\" rel=\"noopener\" data-start=\"2582\" data-end=\"2689\">kleinen Meersalatsch\u00fcssel <\/a>oder kombinieren Sie sie mit w\u00e4rmeren Farbt\u00f6nen f\u00fcr einen sch\u00f6nen Kontrast. Erh\u00e4ltlich auch in mittleren und gro\u00dfen Gr\u00f6\u00dfen, bildet es ein vielseitiges und \u00e4sthetisches Set. Schauen Sie sich unser <a class=\"\" href=\"https:\/\/poterie-de-crestet.com\/de\/befoerderungen\/\" target=\"_new\" rel=\"noopener\" data-start=\"2867\" data-end=\"2931\">spezielles Bundle-Angebot<\/a> an, das alle drei Gr\u00f6\u00dfen zu einem reduzierten Preis zusammenbringt.<br data-start=\"2976\" data-end=\"2979\">Stapelbar, solide und angenehm zu handhaben, wird es schnell zu einem Schl\u00fcsselelement Ihres Geschirrs.      <\/p>\n","protected":false},"excerpt":{"rendered":"<p>Flacher Strumpf Kleines Ozean-Dekorationsmuster, Keramik. Frisch und elegant, perfekt zum Pr\u00e4sentieren oder Servieren. <br data-start=\"3218\" data-end=\"3221\"><strong data-start=\"3221\" data-end=\"3251\"><em data-start=\"3223\" data-end=\"3249\">Abmessungen: 23 \u00d7 5,5 cm<\/em><\/strong><\/p>\n","protected":false},"featured_media":13139,"comment_status":"open","ping_status":"closed","template":"","meta":[],"product_brand":[],"product_cat":[399],"product_tag":[319],"class_list":{"0":"post-21253","1":"product","2":"type-product","3":"status-publish","4":"has-post-thumbnail","6":"product_cat-niedrig-umrandete-schalen-klein","7":"product_tag-ozean","9":"first","10":"instock","11":"taxable","12":"shipping-taxable","13":"purchasable","14":"product-type-simple"},"yoast_head":"<!-- This site is optimized with the Yoast SEO plugin v27.5 - https:\/\/yoast.com\/product\/yoast-seo-wordpress\/ -->\n<title>Flat Series Str\u00fcmpfe Small Ozean - Poterie de Crestet<\/title>\n<meta name=\"description\" content=\"Flaches, niedriges, kleines Ocean-Modell, frisch und elegant. Perfekt f\u00fcr Salate, Beilagen oder zum Teilen. Keramikgeschirrsp\u00fcler und Mikrowelle.\" \/>\n<meta name=\"robots\" content=\"index, follow, max-snippet:-1, max-image-preview:large, max-video-preview:-1\" \/>\n<link rel=\"canonical\" href=\"https:\/\/poterie-de-crestet.com\/de\/keramik\/flat-series-struempfe-small-ozean\/\" \/>\n<meta property=\"og:locale\" content=\"de_DE\" \/>\n<meta property=\"og:type\" content=\"article\" \/>\n<meta property=\"og:title\" content=\"Flat Series Str\u00fcmpfe Small Ozean - Poterie de Crestet\" \/>\n<meta property=\"og:description\" content=\"Flaches, niedriges, kleines Ocean-Modell, frisch und elegant. Perfekt f\u00fcr Salate, Beilagen oder zum Teilen. Keramikgeschirrsp\u00fcler und Mikrowelle.\" \/>\n<meta property=\"og:url\" content=\"https:\/\/poterie-de-crestet.com\/de\/keramik\/flat-series-struempfe-small-ozean\/\" \/>\n<meta property=\"og:site_name\" content=\"Poterie de Crestet\" \/>\n<meta property=\"og:image\" content=\"https:\/\/i0.wp.com\/poterie-de-crestet.com\/wp-content\/uploads\/2025\/08\/plat-service-rebord-bas-20.jpg?fit=800%2C532&ssl=1\" \/>\n\t<meta property=\"og:image:width\" content=\"800\" \/>\n\t<meta property=\"og:image:height\" content=\"532\" \/>\n\t<meta property=\"og:image:type\" content=\"image\/jpeg\" \/>\n<meta name=\"twitter:card\" content=\"summary_large_image\" \/>\n<meta name=\"twitter:label1\" content=\"Gesch\u00e4tzte Lesezeit\" \/>\n\t<meta name=\"twitter:data1\" content=\"1\u00a0Minute\" \/>\n<script type=\"application\/ld+json\" class=\"yoast-schema-graph\">{\"@context\":\"https:\\\/\\\/schema.org\",\"@graph\":[{\"@type\":\"WebPage\",\"@id\":\"https:\\\/\\\/poterie-de-crestet.com\\\/de\\\/keramik\\\/flat-series-struempfe-small-ozean\\\/\",\"url\":\"https:\\\/\\\/poterie-de-crestet.com\\\/de\\\/keramik\\\/flat-series-struempfe-small-ozean\\\/\",\"name\":\"Flat Series Str\u00fcmpfe Small Ozean - Poterie de Crestet\",\"isPartOf\":{\"@id\":\"https:\\\/\\\/poterie-de-crestet.com\\\/de\\\/#website\"},\"primaryImageOfPage\":{\"@id\":\"https:\\\/\\\/poterie-de-crestet.com\\\/de\\\/keramik\\\/flat-series-struempfe-small-ozean\\\/#primaryimage\"},\"image\":{\"@id\":\"https:\\\/\\\/poterie-de-crestet.com\\\/de\\\/keramik\\\/flat-series-struempfe-small-ozean\\\/#primaryimage\"},\"thumbnailUrl\":\"https:\\\/\\\/i0.wp.com\\\/poterie-de-crestet.com\\\/wp-content\\\/uploads\\\/2025\\\/08\\\/plat-service-rebord-bas-20.jpg?fit=800%2C532&ssl=1\",\"datePublished\":\"2025-08-09T13:21:51+00:00\",\"description\":\"Flaches, niedriges, kleines Ocean-Modell, frisch und elegant. Perfekt f\u00fcr Salate, Beilagen oder zum Teilen. Keramikgeschirrsp\u00fcler und Mikrowelle.\",\"breadcrumb\":{\"@id\":\"https:\\\/\\\/poterie-de-crestet.com\\\/de\\\/keramik\\\/flat-series-struempfe-small-ozean\\\/#breadcrumb\"},\"inLanguage\":\"de\",\"potentialAction\":[{\"@type\":\"ReadAction\",\"target\":[\"https:\\\/\\\/poterie-de-crestet.com\\\/de\\\/keramik\\\/flat-series-struempfe-small-ozean\\\/\"]}]},{\"@type\":\"ImageObject\",\"inLanguage\":\"de\",\"@id\":\"https:\\\/\\\/poterie-de-crestet.com\\\/de\\\/keramik\\\/flat-series-struempfe-small-ozean\\\/#primaryimage\",\"url\":\"https:\\\/\\\/i0.wp.com\\\/poterie-de-crestet.com\\\/wp-content\\\/uploads\\\/2025\\\/08\\\/plat-service-rebord-bas-20.jpg?fit=800%2C532&ssl=1\",\"contentUrl\":\"https:\\\/\\\/i0.wp.com\\\/poterie-de-crestet.com\\\/wp-content\\\/uploads\\\/2025\\\/08\\\/plat-service-rebord-bas-20.jpg?fit=800%2C532&ssl=1\",\"width\":800,\"height\":532,\"caption\":\"Servierplatte mit niedrigem Rand des Ozeans\"},{\"@type\":\"BreadcrumbList\",\"@id\":\"https:\\\/\\\/poterie-de-crestet.com\\\/de\\\/keramik\\\/flat-series-struempfe-small-ozean\\\/#breadcrumb\",\"itemListElement\":[{\"@type\":\"ListItem\",\"position\":1,\"name\":\"Accueil\",\"item\":\"https:\\\/\\\/poterie-de-crestet.com\\\/de\\\/accueil\\\/\"},{\"@type\":\"ListItem\",\"position\":2,\"name\":\"Boutique\",\"item\":\"https:\\\/\\\/poterie-de-crestet.com\\\/ceramiques\\\/\"},{\"@type\":\"ListItem\",\"position\":3,\"name\":\"Flat Series Str\u00fcmpfe Small Ozean\"}]},{\"@type\":\"WebSite\",\"@id\":\"https:\\\/\\\/poterie-de-crestet.com\\\/de\\\/#website\",\"url\":\"https:\\\/\\\/poterie-de-crestet.com\\\/de\\\/\",\"name\":\"Poterie de Crestet\",\"description\":\"Des milliers de poteries inpir\u00e9es de la Provence\",\"publisher\":{\"@id\":\"https:\\\/\\\/poterie-de-crestet.com\\\/de\\\/#organization\"},\"potentialAction\":[{\"@type\":\"SearchAction\",\"target\":{\"@type\":\"EntryPoint\",\"urlTemplate\":\"https:\\\/\\\/poterie-de-crestet.com\\\/de\\\/?s={search_term_string}\"},\"query-input\":{\"@type\":\"PropertyValueSpecification\",\"valueRequired\":true,\"valueName\":\"search_term_string\"}}],\"inLanguage\":\"de\"},{\"@type\":\"Organization\",\"@id\":\"https:\\\/\\\/poterie-de-crestet.com\\\/de\\\/#organization\",\"name\":\"Poterie de Crestet\",\"url\":\"https:\\\/\\\/poterie-de-crestet.com\\\/de\\\/\",\"logo\":{\"@type\":\"ImageObject\",\"inLanguage\":\"de\",\"@id\":\"https:\\\/\\\/poterie-de-crestet.com\\\/de\\\/#\\\/schema\\\/logo\\\/image\\\/\",\"url\":\"https:\\\/\\\/i0.wp.com\\\/poterie-de-crestet.com\\\/wp-content\\\/uploads\\\/2025\\\/03\\\/Propo-4.png?fit=1000%2C462&ssl=1\",\"contentUrl\":\"https:\\\/\\\/i0.wp.com\\\/poterie-de-crestet.com\\\/wp-content\\\/uploads\\\/2025\\\/03\\\/Propo-4.png?fit=1000%2C462&ssl=1\",\"width\":1000,\"height\":462,\"caption\":\"Poterie de Crestet\"},\"image\":{\"@id\":\"https:\\\/\\\/poterie-de-crestet.com\\\/de\\\/#\\\/schema\\\/logo\\\/image\\\/\"}}]}<\/script>\n<!-- \/ Yoast SEO plugin. -->","yoast_head_json":{"title":"Flat Series Str\u00fcmpfe Small Ozean - Poterie de Crestet","description":"Flaches, niedriges, kleines Ocean-Modell, frisch und elegant. Perfekt f\u00fcr Salate, Beilagen oder zum Teilen. Keramikgeschirrsp\u00fcler und Mikrowelle.","robots":{"index":"index","follow":"follow","max-snippet":"max-snippet:-1","max-image-preview":"max-image-preview:large","max-video-preview":"max-video-preview:-1"},"canonical":"https:\/\/poterie-de-crestet.com\/de\/keramik\/flat-series-struempfe-small-ozean\/","og_locale":"de_DE","og_type":"article","og_title":"Flat Series Str\u00fcmpfe Small Ozean - Poterie de Crestet","og_description":"Flaches, niedriges, kleines Ocean-Modell, frisch und elegant. Perfekt f\u00fcr Salate, Beilagen oder zum Teilen. Keramikgeschirrsp\u00fcler und Mikrowelle.","og_url":"https:\/\/poterie-de-crestet.com\/de\/keramik\/flat-series-struempfe-small-ozean\/","og_site_name":"Poterie de Crestet","og_image":[{"width":800,"height":532,"url":"https:\/\/i0.wp.com\/poterie-de-crestet.com\/wp-content\/uploads\/2025\/08\/plat-service-rebord-bas-20.jpg?fit=800%2C532&ssl=1","type":"image\/jpeg"}],"twitter_card":"summary_large_image","twitter_misc":{"Gesch\u00e4tzte Lesezeit":"1\u00a0Minute"},"schema":{"@context":"https:\/\/schema.org","@graph":[{"@type":"WebPage","@id":"https:\/\/poterie-de-crestet.com\/de\/keramik\/flat-series-struempfe-small-ozean\/","url":"https:\/\/poterie-de-crestet.com\/de\/keramik\/flat-series-struempfe-small-ozean\/","name":"Flat Series Str\u00fcmpfe Small Ozean - Poterie de Crestet","isPartOf":{"@id":"https:\/\/poterie-de-crestet.com\/de\/#website"},"primaryImageOfPage":{"@id":"https:\/\/poterie-de-crestet.com\/de\/keramik\/flat-series-struempfe-small-ozean\/#primaryimage"},"image":{"@id":"https:\/\/poterie-de-crestet.com\/de\/keramik\/flat-series-struempfe-small-ozean\/#primaryimage"},"thumbnailUrl":"https:\/\/i0.wp.com\/poterie-de-crestet.com\/wp-content\/uploads\/2025\/08\/plat-service-rebord-bas-20.jpg?fit=800%2C532&ssl=1","datePublished":"2025-08-09T13:21:51+00:00","description":"Flaches, niedriges, kleines Ocean-Modell, frisch und elegant. Perfekt f\u00fcr Salate, Beilagen oder zum Teilen. Keramikgeschirrsp\u00fcler und Mikrowelle.","breadcrumb":{"@id":"https:\/\/poterie-de-crestet.com\/de\/keramik\/flat-series-struempfe-small-ozean\/#breadcrumb"},"inLanguage":"de","potentialAction":[{"@type":"ReadAction","target":["https:\/\/poterie-de-crestet.com\/de\/keramik\/flat-series-struempfe-small-ozean\/"]}]},{"@type":"ImageObject","inLanguage":"de","@id":"https:\/\/poterie-de-crestet.com\/de\/keramik\/flat-series-struempfe-small-ozean\/#primaryimage","url":"https:\/\/i0.wp.com\/poterie-de-crestet.com\/wp-content\/uploads\/2025\/08\/plat-service-rebord-bas-20.jpg?fit=800%2C532&ssl=1","contentUrl":"https:\/\/i0.wp.com\/poterie-de-crestet.com\/wp-content\/uploads\/2025\/08\/plat-service-rebord-bas-20.jpg?fit=800%2C532&ssl=1","width":800,"height":532,"caption":"Servierplatte mit niedrigem Rand des Ozeans"},{"@type":"BreadcrumbList","@id":"https:\/\/poterie-de-crestet.com\/de\/keramik\/flat-series-struempfe-small-ozean\/#breadcrumb","itemListElement":[{"@type":"ListItem","position":1,"name":"Accueil","item":"https:\/\/poterie-de-crestet.com\/de\/accueil\/"},{"@type":"ListItem","position":2,"name":"Boutique","item":"https:\/\/poterie-de-crestet.com\/ceramiques\/"},{"@type":"ListItem","position":3,"name":"Flat Series Str\u00fcmpfe Small Ozean"}]},{"@type":"WebSite","@id":"https:\/\/poterie-de-crestet.com\/de\/#website","url":"https:\/\/poterie-de-crestet.com\/de\/","name":"Poterie de Crestet","description":"Des milliers de poteries inpir\u00e9es de la Provence","publisher":{"@id":"https:\/\/poterie-de-crestet.com\/de\/#organization"},"potentialAction":[{"@type":"SearchAction","target":{"@type":"EntryPoint","urlTemplate":"https:\/\/poterie-de-crestet.com\/de\/?s={search_term_string}"},"query-input":{"@type":"PropertyValueSpecification","valueRequired":true,"valueName":"search_term_string"}}],"inLanguage":"de"},{"@type":"Organization","@id":"https:\/\/poterie-de-crestet.com\/de\/#organization","name":"Poterie de Crestet","url":"https:\/\/poterie-de-crestet.com\/de\/","logo":{"@type":"ImageObject","inLanguage":"de","@id":"https:\/\/poterie-de-crestet.com\/de\/#\/schema\/logo\/image\/","url":"https:\/\/i0.wp.com\/poterie-de-crestet.com\/wp-content\/uploads\/2025\/03\/Propo-4.png?fit=1000%2C462&ssl=1","contentUrl":"https:\/\/i0.wp.com\/poterie-de-crestet.com\/wp-content\/uploads\/2025\/03\/Propo-4.png?fit=1000%2C462&ssl=1","width":1000,"height":462,"caption":"Poterie de Crestet"},"image":{"@id":"https:\/\/poterie-de-crestet.com\/de\/#\/schema\/logo\/image\/"}}]}},"jetpack_sharing_enabled":true,"_links":{"self":[{"href":"https:\/\/poterie-de-crestet.com\/de\/wp-json\/wp\/v2\/product\/21253","targetHints":{"allow":["GET"]}}],"collection":[{"href":"https:\/\/poterie-de-crestet.com\/de\/wp-json\/wp\/v2\/product"}],"about":[{"href":"https:\/\/poterie-de-crestet.com\/de\/wp-json\/wp\/v2\/types\/product"}],"replies":[{"embeddable":true,"href":"https:\/\/poterie-de-crestet.com\/de\/wp-json\/wp\/v2\/comments?post=21253"}],"version-history":[{"count":0,"href":"https:\/\/poterie-de-crestet.com\/de\/wp-json\/wp\/v2\/product\/21253\/revisions"}],"wp:featuredmedia":[{"embeddable":true,"href":"https:\/\/poterie-de-crestet.com\/de\/wp-json\/wp\/v2\/media\/13139"}],"wp:attachment":[{"href":"https:\/\/poterie-de-crestet.com\/de\/wp-json\/wp\/v2\/media?parent=21253"}],"wp:term":[{"taxonomy":"product_brand","embeddable":true,"href":"https:\/\/poterie-de-crestet.com\/de\/wp-json\/wp\/v2\/product_brand?post=21253"},{"taxonomy":"product_cat","embeddable":true,"href":"https:\/\/poterie-de-crestet.com\/de\/wp-json\/wp\/v2\/product_cat?post=21253"},{"taxonomy":"product_tag","embeddable":true,"href":"https:\/\/poterie-de-crestet.com\/de\/wp-json\/wp\/v2\/product_tag?post=21253"}],"curies":[{"name":"wp","href":"https:\/\/api.w.org\/{rel}","templated":true}]}}