{"id":21238,"date":"2025-08-09T15:21:53","date_gmt":"2025-08-09T13:21:53","guid":{"rendered":"https:\/\/poterie-de-crestet.com\/ceramiques\/flat-series-strumpf-mit-kleinen-blauen-tropfen\/"},"modified":"2025-12-24T12:29:18","modified_gmt":"2025-12-24T11:29:18","slug":"plat-serie-bas-petit-gouttes-bleues","status":"publish","type":"product","link":"https:\/\/poterie-de-crestet.com\/de\/keramik\/plat-serie-bas-petit-gouttes-bleues\/","title":{"rendered":"Flat Series Strumpf mit kleinen <h5>blauen Tropfen"},"content":{"rendered":"<p>Die Gouttes bleues kleine dekorative Strumpfform ist eine raffinierte Wahl, um Ihre Zubereitungen zu bereichern. Mit seinem Durchmesser von 23 cm und einer H\u00f6he von 5,5 cm gl\u00e4nzt er als Servierschale, Pr\u00e4sentationsgericht oder Teilungsgericht. Seine niedrige und breite Form eignet sich ideal f\u00fcr gemischte Salate, gegrilltes Gem\u00fcse, Pasta oder sogar frische Obstplatten.<br data-start=\"633\" data-end=\"636\">Aus hochwertiger Keramik gefertigt, handbemalt f\u00fcr die Dekoration, ist er robust, langlebig sowie sp\u00fclmaschinen- und mikrowellenfest. Das zarte und beruhigende Blue Drops-Muster verleiht Ihrem Tisch einen mediterranen Touch und f\u00fcgt sich problemlos in andere bl\u00e4uliche oder neutralere Dekorationen ein.<br data-start=\"938\" data-end=\"941\">Kombinieren Sie ihn mit einer <a class=\"cursor-pointer\" href=\"https:\/\/poterie-de-crestet.com\/de\/keramik\/kleine-salatschuessel-blue-drops\/\" target=\"_new\" rel=\"noopener\" data-start=\"958\" data-end=\"1065\">passenden kleinen Salatsch\u00fcssel<\/a> f\u00fcr harmonische Portionen oder wagen Sie es, einen Kontrast zu den helleren St\u00fccken zu bieten. Dieses Gericht gibt es au\u00dferdem in mittelgro\u00dfen und gro\u00dfen Gr\u00f6\u00dfen, sodass Sie f\u00fcr jeden Anlass ein komplettes Set zusammenstellen k\u00f6nnen. Schauen Sie sich unser <a class=\"\" href=\"https:\/\/poterie-de-crestet.com\/de\/befoerderungen\/\" target=\"_new\" rel=\"noopener\" data-start=\"1286\" data-end=\"1350\">spezielles Bundle-Angebot<\/a> an, um von tollen Preisen zu profitieren.<br data-start=\"1384\" data-end=\"1387\" data-is-only-node=\"\">Leicht zu stapeln, angenehm zu handhaben und elegant zu pr\u00e4sentieren, wird es unverzichtbar f\u00fcr Ihre t\u00e4glichen Mahlzeiten sowie f\u00fcr Ihre gro\u00dfen Tische.     <\/p>\n","protected":false},"excerpt":{"rendered":"<p>Flacher Unterboden, kleines Modell mit blauen Tropfen, Keramik. Stilvoll und praktisch, perfekt zum Servieren oder Pr\u00e4sentieren. <br data-start=\"1685\" data-end=\"1688\"><strong data-start=\"1688\" data-end=\"1718\"><em data-start=\"1690\" data-end=\"1716\">Abmessungen: 23 \u00d7 5,5 cm<\/em><\/strong><\/p>\n","protected":false},"featured_media":13157,"comment_status":"open","ping_status":"closed","template":"","meta":[],"product_brand":[],"product_cat":[399],"product_tag":[323],"class_list":{"0":"post-21238","1":"product","2":"type-product","3":"status-publish","4":"has-post-thumbnail","6":"product_cat-niedrig-umrandete-schalen-klein","7":"product_tag-blue-drops","9":"first","10":"outofstock","11":"taxable","12":"shipping-taxable","13":"purchasable","14":"product-type-simple"},"yoast_head":"<!-- This site is optimized with the Yoast SEO plugin v27.5 - https:\/\/yoast.com\/product\/yoast-seo-wordpress\/ -->\n<title>Flat Series Strumpf mit kleinen blauen Tropfen - Poterie de Crestet<\/title>\n<meta name=\"description\" content=\"Flaches, niedriges Kleinmodell Blue Drops, elegant und praktisch. Ideal f\u00fcr Salate, Beilagen oder das Teilen. Keramikgeschirrsp\u00fcler und Mikrowelle.\" \/>\n<meta name=\"robots\" content=\"index, follow, max-snippet:-1, max-image-preview:large, max-video-preview:-1\" \/>\n<link rel=\"canonical\" href=\"https:\/\/poterie-de-crestet.com\/de\/keramik\/plat-serie-bas-petit-gouttes-bleues\/\" \/>\n<meta property=\"og:locale\" content=\"de_DE\" \/>\n<meta property=\"og:type\" content=\"article\" \/>\n<meta property=\"og:title\" content=\"Flat Series Strumpf mit kleinen blauen Tropfen - Poterie de Crestet\" \/>\n<meta property=\"og:description\" content=\"Flaches, niedriges Kleinmodell Blue Drops, elegant und praktisch. Ideal f\u00fcr Salate, Beilagen oder das Teilen. Keramikgeschirrsp\u00fcler und Mikrowelle.\" \/>\n<meta property=\"og:url\" content=\"https:\/\/poterie-de-crestet.com\/de\/keramik\/plat-serie-bas-petit-gouttes-bleues\/\" \/>\n<meta property=\"og:site_name\" content=\"Poterie de Crestet\" \/>\n<meta property=\"article:modified_time\" content=\"2025-12-24T11:29:18+00:00\" \/>\n<meta property=\"og:image\" content=\"https:\/\/i0.wp.com\/poterie-de-crestet.com\/wp-content\/uploads\/2025\/08\/plat-service-rebord-bas-26.jpg?fit=800%2C532&ssl=1\" \/>\n\t<meta property=\"og:image:width\" content=\"800\" \/>\n\t<meta property=\"og:image:height\" content=\"532\" \/>\n\t<meta property=\"og:image:type\" content=\"image\/jpeg\" \/>\n<meta name=\"twitter:card\" content=\"summary_large_image\" \/>\n<meta name=\"twitter:label1\" content=\"Gesch\u00e4tzte Lesezeit\" \/>\n\t<meta name=\"twitter:data1\" content=\"1\u00a0Minute\" \/>\n<script type=\"application\/ld+json\" class=\"yoast-schema-graph\">{\"@context\":\"https:\\\/\\\/schema.org\",\"@graph\":[{\"@type\":\"WebPage\",\"@id\":\"https:\\\/\\\/poterie-de-crestet.com\\\/de\\\/keramik\\\/plat-serie-bas-petit-gouttes-bleues\\\/\",\"url\":\"https:\\\/\\\/poterie-de-crestet.com\\\/de\\\/keramik\\\/plat-serie-bas-petit-gouttes-bleues\\\/\",\"name\":\"Flat Series Strumpf mit kleinen blauen Tropfen - Poterie de Crestet\",\"isPartOf\":{\"@id\":\"https:\\\/\\\/poterie-de-crestet.com\\\/de\\\/#website\"},\"primaryImageOfPage\":{\"@id\":\"https:\\\/\\\/poterie-de-crestet.com\\\/de\\\/keramik\\\/plat-serie-bas-petit-gouttes-bleues\\\/#primaryimage\"},\"image\":{\"@id\":\"https:\\\/\\\/poterie-de-crestet.com\\\/de\\\/keramik\\\/plat-serie-bas-petit-gouttes-bleues\\\/#primaryimage\"},\"thumbnailUrl\":\"https:\\\/\\\/i0.wp.com\\\/poterie-de-crestet.com\\\/wp-content\\\/uploads\\\/2025\\\/08\\\/plat-service-rebord-bas-26.jpg?fit=800%2C532&ssl=1\",\"datePublished\":\"2025-08-09T13:21:53+00:00\",\"dateModified\":\"2025-12-24T11:29:18+00:00\",\"description\":\"Flaches, niedriges Kleinmodell Blue Drops, elegant und praktisch. Ideal f\u00fcr Salate, Beilagen oder das Teilen. Keramikgeschirrsp\u00fcler und Mikrowelle.\",\"breadcrumb\":{\"@id\":\"https:\\\/\\\/poterie-de-crestet.com\\\/de\\\/keramik\\\/plat-serie-bas-petit-gouttes-bleues\\\/#breadcrumb\"},\"inLanguage\":\"de\",\"potentialAction\":[{\"@type\":\"ReadAction\",\"target\":[\"https:\\\/\\\/poterie-de-crestet.com\\\/de\\\/keramik\\\/plat-serie-bas-petit-gouttes-bleues\\\/\"]}]},{\"@type\":\"ImageObject\",\"inLanguage\":\"de\",\"@id\":\"https:\\\/\\\/poterie-de-crestet.com\\\/de\\\/keramik\\\/plat-serie-bas-petit-gouttes-bleues\\\/#primaryimage\",\"url\":\"https:\\\/\\\/i0.wp.com\\\/poterie-de-crestet.com\\\/wp-content\\\/uploads\\\/2025\\\/08\\\/plat-service-rebord-bas-26.jpg?fit=800%2C532&ssl=1\",\"contentUrl\":\"https:\\\/\\\/i0.wp.com\\\/poterie-de-crestet.com\\\/wp-content\\\/uploads\\\/2025\\\/08\\\/plat-service-rebord-bas-26.jpg?fit=800%2C532&ssl=1\",\"width\":800,\"height\":532,\"caption\":\"Servierplatte mit blauen Drop-Kanten und niedrigen Kanten\"},{\"@type\":\"BreadcrumbList\",\"@id\":\"https:\\\/\\\/poterie-de-crestet.com\\\/de\\\/keramik\\\/plat-serie-bas-petit-gouttes-bleues\\\/#breadcrumb\",\"itemListElement\":[{\"@type\":\"ListItem\",\"position\":1,\"name\":\"Accueil\",\"item\":\"https:\\\/\\\/poterie-de-crestet.com\\\/de\\\/accueil\\\/\"},{\"@type\":\"ListItem\",\"position\":2,\"name\":\"Boutique\",\"item\":\"https:\\\/\\\/poterie-de-crestet.com\\\/ceramiques\\\/\"},{\"@type\":\"ListItem\",\"position\":3,\"name\":\"Flat Series Strumpf mit kleinen blauen Tropfen\"}]},{\"@type\":\"WebSite\",\"@id\":\"https:\\\/\\\/poterie-de-crestet.com\\\/de\\\/#website\",\"url\":\"https:\\\/\\\/poterie-de-crestet.com\\\/de\\\/\",\"name\":\"Poterie de Crestet\",\"description\":\"Des milliers de poteries inpir\u00e9es de la Provence\",\"publisher\":{\"@id\":\"https:\\\/\\\/poterie-de-crestet.com\\\/de\\\/#organization\"},\"potentialAction\":[{\"@type\":\"SearchAction\",\"target\":{\"@type\":\"EntryPoint\",\"urlTemplate\":\"https:\\\/\\\/poterie-de-crestet.com\\\/de\\\/?s={search_term_string}\"},\"query-input\":{\"@type\":\"PropertyValueSpecification\",\"valueRequired\":true,\"valueName\":\"search_term_string\"}}],\"inLanguage\":\"de\"},{\"@type\":\"Organization\",\"@id\":\"https:\\\/\\\/poterie-de-crestet.com\\\/de\\\/#organization\",\"name\":\"Poterie de Crestet\",\"url\":\"https:\\\/\\\/poterie-de-crestet.com\\\/de\\\/\",\"logo\":{\"@type\":\"ImageObject\",\"inLanguage\":\"de\",\"@id\":\"https:\\\/\\\/poterie-de-crestet.com\\\/de\\\/#\\\/schema\\\/logo\\\/image\\\/\",\"url\":\"https:\\\/\\\/i0.wp.com\\\/poterie-de-crestet.com\\\/wp-content\\\/uploads\\\/2025\\\/03\\\/Propo-4.png?fit=1000%2C462&ssl=1\",\"contentUrl\":\"https:\\\/\\\/i0.wp.com\\\/poterie-de-crestet.com\\\/wp-content\\\/uploads\\\/2025\\\/03\\\/Propo-4.png?fit=1000%2C462&ssl=1\",\"width\":1000,\"height\":462,\"caption\":\"Poterie de Crestet\"},\"image\":{\"@id\":\"https:\\\/\\\/poterie-de-crestet.com\\\/de\\\/#\\\/schema\\\/logo\\\/image\\\/\"}}]}<\/script>\n<!-- \/ Yoast SEO plugin. -->","yoast_head_json":{"title":"Flat Series Strumpf mit kleinen blauen Tropfen - Poterie de Crestet","description":"Flaches, niedriges Kleinmodell Blue Drops, elegant und praktisch. Ideal f\u00fcr Salate, Beilagen oder das Teilen. Keramikgeschirrsp\u00fcler und Mikrowelle.","robots":{"index":"index","follow":"follow","max-snippet":"max-snippet:-1","max-image-preview":"max-image-preview:large","max-video-preview":"max-video-preview:-1"},"canonical":"https:\/\/poterie-de-crestet.com\/de\/keramik\/plat-serie-bas-petit-gouttes-bleues\/","og_locale":"de_DE","og_type":"article","og_title":"Flat Series Strumpf mit kleinen blauen Tropfen - Poterie de Crestet","og_description":"Flaches, niedriges Kleinmodell Blue Drops, elegant und praktisch. Ideal f\u00fcr Salate, Beilagen oder das Teilen. Keramikgeschirrsp\u00fcler und Mikrowelle.","og_url":"https:\/\/poterie-de-crestet.com\/de\/keramik\/plat-serie-bas-petit-gouttes-bleues\/","og_site_name":"Poterie de Crestet","article_modified_time":"2025-12-24T11:29:18+00:00","og_image":[{"width":800,"height":532,"url":"https:\/\/i0.wp.com\/poterie-de-crestet.com\/wp-content\/uploads\/2025\/08\/plat-service-rebord-bas-26.jpg?fit=800%2C532&ssl=1","type":"image\/jpeg"}],"twitter_card":"summary_large_image","twitter_misc":{"Gesch\u00e4tzte Lesezeit":"1\u00a0Minute"},"schema":{"@context":"https:\/\/schema.org","@graph":[{"@type":"WebPage","@id":"https:\/\/poterie-de-crestet.com\/de\/keramik\/plat-serie-bas-petit-gouttes-bleues\/","url":"https:\/\/poterie-de-crestet.com\/de\/keramik\/plat-serie-bas-petit-gouttes-bleues\/","name":"Flat Series Strumpf mit kleinen blauen Tropfen - Poterie de Crestet","isPartOf":{"@id":"https:\/\/poterie-de-crestet.com\/de\/#website"},"primaryImageOfPage":{"@id":"https:\/\/poterie-de-crestet.com\/de\/keramik\/plat-serie-bas-petit-gouttes-bleues\/#primaryimage"},"image":{"@id":"https:\/\/poterie-de-crestet.com\/de\/keramik\/plat-serie-bas-petit-gouttes-bleues\/#primaryimage"},"thumbnailUrl":"https:\/\/i0.wp.com\/poterie-de-crestet.com\/wp-content\/uploads\/2025\/08\/plat-service-rebord-bas-26.jpg?fit=800%2C532&ssl=1","datePublished":"2025-08-09T13:21:53+00:00","dateModified":"2025-12-24T11:29:18+00:00","description":"Flaches, niedriges Kleinmodell Blue Drops, elegant und praktisch. Ideal f\u00fcr Salate, Beilagen oder das Teilen. Keramikgeschirrsp\u00fcler und Mikrowelle.","breadcrumb":{"@id":"https:\/\/poterie-de-crestet.com\/de\/keramik\/plat-serie-bas-petit-gouttes-bleues\/#breadcrumb"},"inLanguage":"de","potentialAction":[{"@type":"ReadAction","target":["https:\/\/poterie-de-crestet.com\/de\/keramik\/plat-serie-bas-petit-gouttes-bleues\/"]}]},{"@type":"ImageObject","inLanguage":"de","@id":"https:\/\/poterie-de-crestet.com\/de\/keramik\/plat-serie-bas-petit-gouttes-bleues\/#primaryimage","url":"https:\/\/i0.wp.com\/poterie-de-crestet.com\/wp-content\/uploads\/2025\/08\/plat-service-rebord-bas-26.jpg?fit=800%2C532&ssl=1","contentUrl":"https:\/\/i0.wp.com\/poterie-de-crestet.com\/wp-content\/uploads\/2025\/08\/plat-service-rebord-bas-26.jpg?fit=800%2C532&ssl=1","width":800,"height":532,"caption":"Servierplatte mit blauen Drop-Kanten und niedrigen Kanten"},{"@type":"BreadcrumbList","@id":"https:\/\/poterie-de-crestet.com\/de\/keramik\/plat-serie-bas-petit-gouttes-bleues\/#breadcrumb","itemListElement":[{"@type":"ListItem","position":1,"name":"Accueil","item":"https:\/\/poterie-de-crestet.com\/de\/accueil\/"},{"@type":"ListItem","position":2,"name":"Boutique","item":"https:\/\/poterie-de-crestet.com\/ceramiques\/"},{"@type":"ListItem","position":3,"name":"Flat Series Strumpf mit kleinen blauen Tropfen"}]},{"@type":"WebSite","@id":"https:\/\/poterie-de-crestet.com\/de\/#website","url":"https:\/\/poterie-de-crestet.com\/de\/","name":"Poterie de Crestet","description":"Des milliers de poteries inpir\u00e9es de la Provence","publisher":{"@id":"https:\/\/poterie-de-crestet.com\/de\/#organization"},"potentialAction":[{"@type":"SearchAction","target":{"@type":"EntryPoint","urlTemplate":"https:\/\/poterie-de-crestet.com\/de\/?s={search_term_string}"},"query-input":{"@type":"PropertyValueSpecification","valueRequired":true,"valueName":"search_term_string"}}],"inLanguage":"de"},{"@type":"Organization","@id":"https:\/\/poterie-de-crestet.com\/de\/#organization","name":"Poterie de Crestet","url":"https:\/\/poterie-de-crestet.com\/de\/","logo":{"@type":"ImageObject","inLanguage":"de","@id":"https:\/\/poterie-de-crestet.com\/de\/#\/schema\/logo\/image\/","url":"https:\/\/i0.wp.com\/poterie-de-crestet.com\/wp-content\/uploads\/2025\/03\/Propo-4.png?fit=1000%2C462&ssl=1","contentUrl":"https:\/\/i0.wp.com\/poterie-de-crestet.com\/wp-content\/uploads\/2025\/03\/Propo-4.png?fit=1000%2C462&ssl=1","width":1000,"height":462,"caption":"Poterie de Crestet"},"image":{"@id":"https:\/\/poterie-de-crestet.com\/de\/#\/schema\/logo\/image\/"}}]}},"jetpack_sharing_enabled":true,"_links":{"self":[{"href":"https:\/\/poterie-de-crestet.com\/de\/wp-json\/wp\/v2\/product\/21238","targetHints":{"allow":["GET"]}}],"collection":[{"href":"https:\/\/poterie-de-crestet.com\/de\/wp-json\/wp\/v2\/product"}],"about":[{"href":"https:\/\/poterie-de-crestet.com\/de\/wp-json\/wp\/v2\/types\/product"}],"replies":[{"embeddable":true,"href":"https:\/\/poterie-de-crestet.com\/de\/wp-json\/wp\/v2\/comments?post=21238"}],"version-history":[{"count":1,"href":"https:\/\/poterie-de-crestet.com\/de\/wp-json\/wp\/v2\/product\/21238\/revisions"}],"predecessor-version":[{"id":22437,"href":"https:\/\/poterie-de-crestet.com\/de\/wp-json\/wp\/v2\/product\/21238\/revisions\/22437"}],"wp:featuredmedia":[{"embeddable":true,"href":"https:\/\/poterie-de-crestet.com\/de\/wp-json\/wp\/v2\/media\/13157"}],"wp:attachment":[{"href":"https:\/\/poterie-de-crestet.com\/de\/wp-json\/wp\/v2\/media?parent=21238"}],"wp:term":[{"taxonomy":"product_brand","embeddable":true,"href":"https:\/\/poterie-de-crestet.com\/de\/wp-json\/wp\/v2\/product_brand?post=21238"},{"taxonomy":"product_cat","embeddable":true,"href":"https:\/\/poterie-de-crestet.com\/de\/wp-json\/wp\/v2\/product_cat?post=21238"},{"taxonomy":"product_tag","embeddable":true,"href":"https:\/\/poterie-de-crestet.com\/de\/wp-json\/wp\/v2\/product_tag?post=21238"}],"curies":[{"name":"wp","href":"https:\/\/api.w.org\/{rel}","templated":true}]}}