{"id":21202,"date":"2025-08-09T15:21:54","date_gmt":"2025-08-09T13:21:54","guid":{"rendered":"https:\/\/poterie-de-crestet.com\/ceramiques\/kleine-salatschuessel-rosa-erde\/"},"modified":"2025-08-09T15:21:54","modified_gmt":"2025-08-09T13:21:54","slug":"kleine-salatschuessel-rosa-erde","status":"publish","type":"product","link":"https:\/\/poterie-de-crestet.com\/de\/keramik\/kleine-salatschuessel-rosa-erde\/","title":{"rendered":"Kleine Salatsch\u00fcssel  <h5>Rosa Erde<\/h5>"},"content":{"rendered":"<p>Die kleine Sol-Rosensalatschale verf\u00fchrt mit ihrer Weichheit und Zartheit. Diese kleine Salatsch\u00fcssel ist ideal, um frischen Salat, rote Fr\u00fcchte oder raffinierte Beilagen hervorzuheben. Seine Gr\u00f6\u00dfe macht ihn praktisch f\u00fcr den Alltag und stilvoll f\u00fcr festliche Mahlzeiten. Langlebig und einfach zu warten, ist er sp\u00fclmaschinen- und mikrowellenfest. Kombinieren Sie ihn mit dem <a class=\"\" href=\"https:\/\/poterie-de-crestet.com\/de\/keramik\/low-flat-rosa-erde\/\" rel=\"noopener\" data-start=\"2819\" data-end=\"2841\">Sol-Rosen-Basisgericht<\/a> f\u00fcr eine harmonische Portion oder mischen Sie ihn mit einer <a class=\"\" href=\"https:\/\/poterie-de-crestet.com\/de\/keramik\/salatschuessel-gruene-nyons\/\" rel=\"noopener\" data-start=\"2889\" data-end=\"2919\">gr\u00fcnen Nyons-Salatsch\u00fcssel<\/a> f\u00fcr einen eleganten Kontrast. Handbemalt, hat es leichte Variationen, die es so charmant machen. Seine Tiefe und der glatte Rand sorgen f\u00fcr einen angenehmen und ordentlichen Service.      <\/p>\n","protected":false},"excerpt":{"rendered":"<p>Salatsch\u00fcssel Sol rosa, zart und raffiniert. Ideal f\u00fcr Salate, Obst oder zarte Gerichte. <br data-start=\"2399\" data-end=\"2402\"><em data-start=\"2402\" data-end=\"2433\"><strong data-start=\"2403\" data-end=\"2432\">Abmessungen: 21 \u00d7 10,5 cm<\/strong><\/em><\/p>\n","protected":false},"featured_media":12971,"comment_status":"open","ping_status":"closed","template":"","meta":[],"product_brand":[],"product_cat":[396],"product_tag":[232],"class_list":{"0":"post-21202","1":"product","2":"type-product","3":"status-publish","4":"has-post-thumbnail","6":"product_cat-kleine-salatschussel","7":"product_tag-rosa-erde","9":"first","10":"instock","11":"taxable","12":"shipping-taxable","13":"purchasable","14":"product-type-simple"},"yoast_head":"<!-- This site is optimized with the Yoast SEO plugin v27.5 - https:\/\/yoast.com\/product\/yoast-seo-wordpress\/ -->\n<title>Kleine Salatsch\u00fcssel Rosa Erde - Poterie de Crestet<\/title>\n<meta name=\"description\" content=\"Kleine Sol-rosa Salatsch\u00fcssel, 21 cm. Weich und raffiniert, perfekt f\u00fcr Salate, Obst oder zarte Gerichte. Sp\u00fclmaschinenfest.\" \/>\n<meta name=\"robots\" content=\"index, follow, max-snippet:-1, max-image-preview:large, max-video-preview:-1\" \/>\n<link rel=\"canonical\" href=\"https:\/\/poterie-de-crestet.com\/de\/keramik\/kleine-salatschuessel-rosa-erde\/\" \/>\n<meta property=\"og:locale\" content=\"de_DE\" \/>\n<meta property=\"og:type\" content=\"article\" \/>\n<meta property=\"og:title\" content=\"Kleine Salatsch\u00fcssel Rosa Erde - Poterie de Crestet\" \/>\n<meta property=\"og:description\" content=\"Kleine Sol-rosa Salatsch\u00fcssel, 21 cm. Weich und raffiniert, perfekt f\u00fcr Salate, Obst oder zarte Gerichte. Sp\u00fclmaschinenfest.\" \/>\n<meta property=\"og:url\" content=\"https:\/\/poterie-de-crestet.com\/de\/keramik\/kleine-salatschuessel-rosa-erde\/\" \/>\n<meta property=\"og:site_name\" content=\"Poterie de Crestet\" \/>\n<meta property=\"og:image\" content=\"https:\/\/i0.wp.com\/poterie-de-crestet.com\/wp-content\/uploads\/2025\/08\/saladier-petit-26.jpg?fit=800%2C532&ssl=1\" \/>\n\t<meta property=\"og:image:width\" content=\"800\" \/>\n\t<meta property=\"og:image:height\" content=\"532\" \/>\n\t<meta property=\"og:image:type\" content=\"image\/jpeg\" \/>\n<meta name=\"twitter:card\" content=\"summary_large_image\" \/>\n<meta name=\"twitter:label1\" content=\"Gesch\u00e4tzte Lesezeit\" \/>\n\t<meta name=\"twitter:data1\" content=\"1\u00a0Minute\" \/>\n<script type=\"application\/ld+json\" class=\"yoast-schema-graph\">{\"@context\":\"https:\\\/\\\/schema.org\",\"@graph\":[{\"@type\":\"WebPage\",\"@id\":\"https:\\\/\\\/poterie-de-crestet.com\\\/de\\\/keramik\\\/kleine-salatschuessel-rosa-erde\\\/\",\"url\":\"https:\\\/\\\/poterie-de-crestet.com\\\/de\\\/keramik\\\/kleine-salatschuessel-rosa-erde\\\/\",\"name\":\"Kleine Salatsch\u00fcssel Rosa Erde - Poterie de Crestet\",\"isPartOf\":{\"@id\":\"https:\\\/\\\/poterie-de-crestet.com\\\/de\\\/#website\"},\"primaryImageOfPage\":{\"@id\":\"https:\\\/\\\/poterie-de-crestet.com\\\/de\\\/keramik\\\/kleine-salatschuessel-rosa-erde\\\/#primaryimage\"},\"image\":{\"@id\":\"https:\\\/\\\/poterie-de-crestet.com\\\/de\\\/keramik\\\/kleine-salatschuessel-rosa-erde\\\/#primaryimage\"},\"thumbnailUrl\":\"https:\\\/\\\/i0.wp.com\\\/poterie-de-crestet.com\\\/wp-content\\\/uploads\\\/2025\\\/08\\\/saladier-petit-26.jpg?fit=800%2C532&ssl=1\",\"datePublished\":\"2025-08-09T13:21:54+00:00\",\"description\":\"Kleine Sol-rosa Salatsch\u00fcssel, 21 cm. Weich und raffiniert, perfekt f\u00fcr Salate, Obst oder zarte Gerichte. Sp\u00fclmaschinenfest.\",\"breadcrumb\":{\"@id\":\"https:\\\/\\\/poterie-de-crestet.com\\\/de\\\/keramik\\\/kleine-salatschuessel-rosa-erde\\\/#breadcrumb\"},\"inLanguage\":\"de\",\"potentialAction\":[{\"@type\":\"ReadAction\",\"target\":[\"https:\\\/\\\/poterie-de-crestet.com\\\/de\\\/keramik\\\/kleine-salatschuessel-rosa-erde\\\/\"]}]},{\"@type\":\"ImageObject\",\"inLanguage\":\"de\",\"@id\":\"https:\\\/\\\/poterie-de-crestet.com\\\/de\\\/keramik\\\/kleine-salatschuessel-rosa-erde\\\/#primaryimage\",\"url\":\"https:\\\/\\\/i0.wp.com\\\/poterie-de-crestet.com\\\/wp-content\\\/uploads\\\/2025\\\/08\\\/saladier-petit-26.jpg?fit=800%2C532&ssl=1\",\"contentUrl\":\"https:\\\/\\\/i0.wp.com\\\/poterie-de-crestet.com\\\/wp-content\\\/uploads\\\/2025\\\/08\\\/saladier-petit-26.jpg?fit=800%2C532&ssl=1\",\"width\":800,\"height\":532,\"caption\":\"Rosa Petit Sol Salatsch\u00fcssel\"},{\"@type\":\"BreadcrumbList\",\"@id\":\"https:\\\/\\\/poterie-de-crestet.com\\\/de\\\/keramik\\\/kleine-salatschuessel-rosa-erde\\\/#breadcrumb\",\"itemListElement\":[{\"@type\":\"ListItem\",\"position\":1,\"name\":\"Accueil\",\"item\":\"https:\\\/\\\/poterie-de-crestet.com\\\/de\\\/accueil\\\/\"},{\"@type\":\"ListItem\",\"position\":2,\"name\":\"Boutique\",\"item\":\"https:\\\/\\\/poterie-de-crestet.com\\\/ceramiques\\\/\"},{\"@type\":\"ListItem\",\"position\":3,\"name\":\"Kleine Salatsch\u00fcssel Rosa Erde\"}]},{\"@type\":\"WebSite\",\"@id\":\"https:\\\/\\\/poterie-de-crestet.com\\\/de\\\/#website\",\"url\":\"https:\\\/\\\/poterie-de-crestet.com\\\/de\\\/\",\"name\":\"Poterie de Crestet\",\"description\":\"Des milliers de poteries inpir\u00e9es de la Provence\",\"publisher\":{\"@id\":\"https:\\\/\\\/poterie-de-crestet.com\\\/de\\\/#organization\"},\"potentialAction\":[{\"@type\":\"SearchAction\",\"target\":{\"@type\":\"EntryPoint\",\"urlTemplate\":\"https:\\\/\\\/poterie-de-crestet.com\\\/de\\\/?s={search_term_string}\"},\"query-input\":{\"@type\":\"PropertyValueSpecification\",\"valueRequired\":true,\"valueName\":\"search_term_string\"}}],\"inLanguage\":\"de\"},{\"@type\":\"Organization\",\"@id\":\"https:\\\/\\\/poterie-de-crestet.com\\\/de\\\/#organization\",\"name\":\"Poterie de Crestet\",\"url\":\"https:\\\/\\\/poterie-de-crestet.com\\\/de\\\/\",\"logo\":{\"@type\":\"ImageObject\",\"inLanguage\":\"de\",\"@id\":\"https:\\\/\\\/poterie-de-crestet.com\\\/de\\\/#\\\/schema\\\/logo\\\/image\\\/\",\"url\":\"https:\\\/\\\/i0.wp.com\\\/poterie-de-crestet.com\\\/wp-content\\\/uploads\\\/2025\\\/03\\\/Propo-4.png?fit=1000%2C462&ssl=1\",\"contentUrl\":\"https:\\\/\\\/i0.wp.com\\\/poterie-de-crestet.com\\\/wp-content\\\/uploads\\\/2025\\\/03\\\/Propo-4.png?fit=1000%2C462&ssl=1\",\"width\":1000,\"height\":462,\"caption\":\"Poterie de Crestet\"},\"image\":{\"@id\":\"https:\\\/\\\/poterie-de-crestet.com\\\/de\\\/#\\\/schema\\\/logo\\\/image\\\/\"}}]}<\/script>\n<!-- \/ Yoast SEO plugin. -->","yoast_head_json":{"title":"Kleine Salatsch\u00fcssel Rosa Erde - Poterie de Crestet","description":"Kleine Sol-rosa Salatsch\u00fcssel, 21 cm. Weich und raffiniert, perfekt f\u00fcr Salate, Obst oder zarte Gerichte. Sp\u00fclmaschinenfest.","robots":{"index":"index","follow":"follow","max-snippet":"max-snippet:-1","max-image-preview":"max-image-preview:large","max-video-preview":"max-video-preview:-1"},"canonical":"https:\/\/poterie-de-crestet.com\/de\/keramik\/kleine-salatschuessel-rosa-erde\/","og_locale":"de_DE","og_type":"article","og_title":"Kleine Salatsch\u00fcssel Rosa Erde - Poterie de Crestet","og_description":"Kleine Sol-rosa Salatsch\u00fcssel, 21 cm. Weich und raffiniert, perfekt f\u00fcr Salate, Obst oder zarte Gerichte. Sp\u00fclmaschinenfest.","og_url":"https:\/\/poterie-de-crestet.com\/de\/keramik\/kleine-salatschuessel-rosa-erde\/","og_site_name":"Poterie de Crestet","og_image":[{"width":800,"height":532,"url":"https:\/\/i0.wp.com\/poterie-de-crestet.com\/wp-content\/uploads\/2025\/08\/saladier-petit-26.jpg?fit=800%2C532&ssl=1","type":"image\/jpeg"}],"twitter_card":"summary_large_image","twitter_misc":{"Gesch\u00e4tzte Lesezeit":"1\u00a0Minute"},"schema":{"@context":"https:\/\/schema.org","@graph":[{"@type":"WebPage","@id":"https:\/\/poterie-de-crestet.com\/de\/keramik\/kleine-salatschuessel-rosa-erde\/","url":"https:\/\/poterie-de-crestet.com\/de\/keramik\/kleine-salatschuessel-rosa-erde\/","name":"Kleine Salatsch\u00fcssel Rosa Erde - Poterie de Crestet","isPartOf":{"@id":"https:\/\/poterie-de-crestet.com\/de\/#website"},"primaryImageOfPage":{"@id":"https:\/\/poterie-de-crestet.com\/de\/keramik\/kleine-salatschuessel-rosa-erde\/#primaryimage"},"image":{"@id":"https:\/\/poterie-de-crestet.com\/de\/keramik\/kleine-salatschuessel-rosa-erde\/#primaryimage"},"thumbnailUrl":"https:\/\/i0.wp.com\/poterie-de-crestet.com\/wp-content\/uploads\/2025\/08\/saladier-petit-26.jpg?fit=800%2C532&ssl=1","datePublished":"2025-08-09T13:21:54+00:00","description":"Kleine Sol-rosa Salatsch\u00fcssel, 21 cm. Weich und raffiniert, perfekt f\u00fcr Salate, Obst oder zarte Gerichte. Sp\u00fclmaschinenfest.","breadcrumb":{"@id":"https:\/\/poterie-de-crestet.com\/de\/keramik\/kleine-salatschuessel-rosa-erde\/#breadcrumb"},"inLanguage":"de","potentialAction":[{"@type":"ReadAction","target":["https:\/\/poterie-de-crestet.com\/de\/keramik\/kleine-salatschuessel-rosa-erde\/"]}]},{"@type":"ImageObject","inLanguage":"de","@id":"https:\/\/poterie-de-crestet.com\/de\/keramik\/kleine-salatschuessel-rosa-erde\/#primaryimage","url":"https:\/\/i0.wp.com\/poterie-de-crestet.com\/wp-content\/uploads\/2025\/08\/saladier-petit-26.jpg?fit=800%2C532&ssl=1","contentUrl":"https:\/\/i0.wp.com\/poterie-de-crestet.com\/wp-content\/uploads\/2025\/08\/saladier-petit-26.jpg?fit=800%2C532&ssl=1","width":800,"height":532,"caption":"Rosa Petit Sol Salatsch\u00fcssel"},{"@type":"BreadcrumbList","@id":"https:\/\/poterie-de-crestet.com\/de\/keramik\/kleine-salatschuessel-rosa-erde\/#breadcrumb","itemListElement":[{"@type":"ListItem","position":1,"name":"Accueil","item":"https:\/\/poterie-de-crestet.com\/de\/accueil\/"},{"@type":"ListItem","position":2,"name":"Boutique","item":"https:\/\/poterie-de-crestet.com\/ceramiques\/"},{"@type":"ListItem","position":3,"name":"Kleine Salatsch\u00fcssel Rosa Erde"}]},{"@type":"WebSite","@id":"https:\/\/poterie-de-crestet.com\/de\/#website","url":"https:\/\/poterie-de-crestet.com\/de\/","name":"Poterie de Crestet","description":"Des milliers de poteries inpir\u00e9es de la Provence","publisher":{"@id":"https:\/\/poterie-de-crestet.com\/de\/#organization"},"potentialAction":[{"@type":"SearchAction","target":{"@type":"EntryPoint","urlTemplate":"https:\/\/poterie-de-crestet.com\/de\/?s={search_term_string}"},"query-input":{"@type":"PropertyValueSpecification","valueRequired":true,"valueName":"search_term_string"}}],"inLanguage":"de"},{"@type":"Organization","@id":"https:\/\/poterie-de-crestet.com\/de\/#organization","name":"Poterie de Crestet","url":"https:\/\/poterie-de-crestet.com\/de\/","logo":{"@type":"ImageObject","inLanguage":"de","@id":"https:\/\/poterie-de-crestet.com\/de\/#\/schema\/logo\/image\/","url":"https:\/\/i0.wp.com\/poterie-de-crestet.com\/wp-content\/uploads\/2025\/03\/Propo-4.png?fit=1000%2C462&ssl=1","contentUrl":"https:\/\/i0.wp.com\/poterie-de-crestet.com\/wp-content\/uploads\/2025\/03\/Propo-4.png?fit=1000%2C462&ssl=1","width":1000,"height":462,"caption":"Poterie de Crestet"},"image":{"@id":"https:\/\/poterie-de-crestet.com\/de\/#\/schema\/logo\/image\/"}}]}},"jetpack_sharing_enabled":true,"_links":{"self":[{"href":"https:\/\/poterie-de-crestet.com\/de\/wp-json\/wp\/v2\/product\/21202","targetHints":{"allow":["GET"]}}],"collection":[{"href":"https:\/\/poterie-de-crestet.com\/de\/wp-json\/wp\/v2\/product"}],"about":[{"href":"https:\/\/poterie-de-crestet.com\/de\/wp-json\/wp\/v2\/types\/product"}],"replies":[{"embeddable":true,"href":"https:\/\/poterie-de-crestet.com\/de\/wp-json\/wp\/v2\/comments?post=21202"}],"version-history":[{"count":0,"href":"https:\/\/poterie-de-crestet.com\/de\/wp-json\/wp\/v2\/product\/21202\/revisions"}],"wp:featuredmedia":[{"embeddable":true,"href":"https:\/\/poterie-de-crestet.com\/de\/wp-json\/wp\/v2\/media\/12971"}],"wp:attachment":[{"href":"https:\/\/poterie-de-crestet.com\/de\/wp-json\/wp\/v2\/media?parent=21202"}],"wp:term":[{"taxonomy":"product_brand","embeddable":true,"href":"https:\/\/poterie-de-crestet.com\/de\/wp-json\/wp\/v2\/product_brand?post=21202"},{"taxonomy":"product_cat","embeddable":true,"href":"https:\/\/poterie-de-crestet.com\/de\/wp-json\/wp\/v2\/product_cat?post=21202"},{"taxonomy":"product_tag","embeddable":true,"href":"https:\/\/poterie-de-crestet.com\/de\/wp-json\/wp\/v2\/product_tag?post=21202"}],"curies":[{"name":"wp","href":"https:\/\/api.w.org\/{rel}","templated":true}]}}