{"id":21127,"date":"2025-08-09T15:21:57","date_gmt":"2025-08-09T13:21:57","guid":{"rendered":"https:\/\/poterie-de-crestet.com\/ceramiques\/kleine-salatschuessel-farbige-tropfen\/"},"modified":"2025-08-09T15:21:57","modified_gmt":"2025-08-09T13:21:57","slug":"kleine-salatschuessel-farbige-tropfen","status":"publish","type":"product","link":"https:\/\/poterie-de-crestet.com\/de\/keramik\/kleine-salatschuessel-farbige-tropfen\/","title":{"rendered":"Kleine Salatsch\u00fcssel  <h5>Farbige Tropfen<\/h5>"},"content":{"rendered":"<p>Die kleine Coloured Drops Salatsch\u00fcssel erhellt den Tisch mit ihrer Mischung aus leuchtenden und dynamischen Farbt\u00f6nen. Diese kleine Salatsch\u00fcssel eignet sich perfekt zum Servieren von Sommersalaten, verschiedenen Fr\u00fcchten oder Familienrezepten. Seine vielseitige Gr\u00f6\u00dfe erm\u00f6glicht es, es sowohl als t\u00e4gliche Mahlzeit als auch als Party zu verwenden. Es ist sp\u00fclmaschinen- und mikrowellenfest, was es zu einem praktischen Verb\u00fcndeten macht. F\u00fcr die koordinierte Portion kombinieren Sie sie mit dem <a class=\"\" href=\"https:\/\/poterie-de-crestet.com\/de\/keramik\/low-flat-farbige-tropfen\/\" rel=\"noopener\" data-start=\"2001\" data-end=\"2031\">Coloured Drops Bottom Dish<\/a> oder experimentieren Sie kreativ mit einer <a class=\"\" href=\"https:\/\/poterie-de-crestet.com\/de\/keramik\/salatschuessel-blau\/\" rel=\"noopener\" data-start=\"2064\" data-end=\"2088\">Blue Salad Bowl<\/a> f\u00fcr eine harmonische Mischung. Jedes handgemalte St\u00fcck weist leichte Variationen auf, die seinen Charme noch unterstreichen. Die Tiefe ist ideal, um Ihre Zubereitungen an ihrem Platz zu halten, und der glatte Rand macht das Servieren einfach. Eine gro\u00dfartige M\u00f6glichkeit, deinen Mahlzeiten Farbe zu verleihen.       <\/p>\n","protected":false},"excerpt":{"rendered":"<p>Salatsch\u00fcssel mit fr\u00f6hlichen und leuchtend gef\u00e4rbten Tropfen. Ideal f\u00fcr Sommersalate, Obst und gesellige Gerichte. Ein dekoratives Element f\u00fcr Ihren Tisch.  <br data-start=\"1526\" data-end=\"1529\"><em data-start=\"1529\" data-end=\"1560\"><strong data-start=\"1530\" data-end=\"1559\">Abmessungen: 21 \u00d7 10,5 cm<\/strong><\/em><\/p>\n","protected":false},"featured_media":13040,"comment_status":"open","ping_status":"closed","template":"","meta":[],"product_brand":[],"product_cat":[396],"product_tag":[325],"class_list":{"0":"post-21127","1":"product","2":"type-product","3":"status-publish","4":"has-post-thumbnail","6":"product_cat-kleine-salatschussel","7":"product_tag-farbige-tropfen","9":"first","10":"instock","11":"taxable","12":"shipping-taxable","13":"purchasable","14":"product-type-simple"},"yoast_head":"<!-- This site is optimized with the Yoast SEO plugin v27.5 - https:\/\/yoast.com\/product\/yoast-seo-wordpress\/ -->\n<title>Kleine Salatsch\u00fcssel Farbige Tropfen - Poterie de Crestet<\/title>\n<meta name=\"description\" content=\"Kleine Salatsch\u00fcssel, farbige Tropfen, 21 cm. Bunt und leuchtend, perfekt f\u00fcr Salate, Obst oder festliche Gerichte. Sp\u00fclmaschinen- und Mikrowellenfest.\" \/>\n<meta name=\"robots\" content=\"index, follow, max-snippet:-1, max-image-preview:large, max-video-preview:-1\" \/>\n<link rel=\"canonical\" href=\"https:\/\/poterie-de-crestet.com\/de\/keramik\/kleine-salatschuessel-farbige-tropfen\/\" \/>\n<meta property=\"og:locale\" content=\"de_DE\" \/>\n<meta property=\"og:type\" content=\"article\" \/>\n<meta property=\"og:title\" content=\"Kleine Salatsch\u00fcssel Farbige Tropfen - Poterie de Crestet\" \/>\n<meta property=\"og:description\" content=\"Kleine Salatsch\u00fcssel, farbige Tropfen, 21 cm. Bunt und leuchtend, perfekt f\u00fcr Salate, Obst oder festliche Gerichte. Sp\u00fclmaschinen- und Mikrowellenfest.\" \/>\n<meta property=\"og:url\" content=\"https:\/\/poterie-de-crestet.com\/de\/keramik\/kleine-salatschuessel-farbige-tropfen\/\" \/>\n<meta property=\"og:site_name\" content=\"Poterie de Crestet\" \/>\n<meta property=\"og:image\" content=\"https:\/\/i0.wp.com\/poterie-de-crestet.com\/wp-content\/uploads\/2025\/08\/saladier-petit-49.jpg?fit=800%2C532&ssl=1\" \/>\n\t<meta property=\"og:image:width\" content=\"800\" \/>\n\t<meta property=\"og:image:height\" content=\"532\" \/>\n\t<meta property=\"og:image:type\" content=\"image\/jpeg\" \/>\n<meta name=\"twitter:card\" content=\"summary_large_image\" \/>\n<meta name=\"twitter:label1\" content=\"Gesch\u00e4tzte Lesezeit\" \/>\n\t<meta name=\"twitter:data1\" content=\"1\u00a0Minute\" \/>\n<script type=\"application\/ld+json\" class=\"yoast-schema-graph\">{\"@context\":\"https:\\\/\\\/schema.org\",\"@graph\":[{\"@type\":\"WebPage\",\"@id\":\"https:\\\/\\\/poterie-de-crestet.com\\\/de\\\/keramik\\\/kleine-salatschuessel-farbige-tropfen\\\/\",\"url\":\"https:\\\/\\\/poterie-de-crestet.com\\\/de\\\/keramik\\\/kleine-salatschuessel-farbige-tropfen\\\/\",\"name\":\"Kleine Salatsch\u00fcssel Farbige Tropfen - Poterie de Crestet\",\"isPartOf\":{\"@id\":\"https:\\\/\\\/poterie-de-crestet.com\\\/de\\\/#website\"},\"primaryImageOfPage\":{\"@id\":\"https:\\\/\\\/poterie-de-crestet.com\\\/de\\\/keramik\\\/kleine-salatschuessel-farbige-tropfen\\\/#primaryimage\"},\"image\":{\"@id\":\"https:\\\/\\\/poterie-de-crestet.com\\\/de\\\/keramik\\\/kleine-salatschuessel-farbige-tropfen\\\/#primaryimage\"},\"thumbnailUrl\":\"https:\\\/\\\/i0.wp.com\\\/poterie-de-crestet.com\\\/wp-content\\\/uploads\\\/2025\\\/08\\\/saladier-petit-49.jpg?fit=800%2C532&ssl=1\",\"datePublished\":\"2025-08-09T13:21:57+00:00\",\"description\":\"Kleine Salatsch\u00fcssel, farbige Tropfen, 21 cm. Bunt und leuchtend, perfekt f\u00fcr Salate, Obst oder festliche Gerichte. Sp\u00fclmaschinen- und Mikrowellenfest.\",\"breadcrumb\":{\"@id\":\"https:\\\/\\\/poterie-de-crestet.com\\\/de\\\/keramik\\\/kleine-salatschuessel-farbige-tropfen\\\/#breadcrumb\"},\"inLanguage\":\"de\",\"potentialAction\":[{\"@type\":\"ReadAction\",\"target\":[\"https:\\\/\\\/poterie-de-crestet.com\\\/de\\\/keramik\\\/kleine-salatschuessel-farbige-tropfen\\\/\"]}]},{\"@type\":\"ImageObject\",\"inLanguage\":\"de\",\"@id\":\"https:\\\/\\\/poterie-de-crestet.com\\\/de\\\/keramik\\\/kleine-salatschuessel-farbige-tropfen\\\/#primaryimage\",\"url\":\"https:\\\/\\\/i0.wp.com\\\/poterie-de-crestet.com\\\/wp-content\\\/uploads\\\/2025\\\/08\\\/saladier-petit-49.jpg?fit=800%2C532&ssl=1\",\"contentUrl\":\"https:\\\/\\\/i0.wp.com\\\/poterie-de-crestet.com\\\/wp-content\\\/uploads\\\/2025\\\/08\\\/saladier-petit-49.jpg?fit=800%2C532&ssl=1\",\"width\":800,\"height\":532,\"caption\":\"Farbige Tropfen\"},{\"@type\":\"BreadcrumbList\",\"@id\":\"https:\\\/\\\/poterie-de-crestet.com\\\/de\\\/keramik\\\/kleine-salatschuessel-farbige-tropfen\\\/#breadcrumb\",\"itemListElement\":[{\"@type\":\"ListItem\",\"position\":1,\"name\":\"Accueil\",\"item\":\"https:\\\/\\\/poterie-de-crestet.com\\\/de\\\/accueil\\\/\"},{\"@type\":\"ListItem\",\"position\":2,\"name\":\"Boutique\",\"item\":\"https:\\\/\\\/poterie-de-crestet.com\\\/ceramiques\\\/\"},{\"@type\":\"ListItem\",\"position\":3,\"name\":\"Kleine Salatsch\u00fcssel Farbige Tropfen\"}]},{\"@type\":\"WebSite\",\"@id\":\"https:\\\/\\\/poterie-de-crestet.com\\\/de\\\/#website\",\"url\":\"https:\\\/\\\/poterie-de-crestet.com\\\/de\\\/\",\"name\":\"Poterie de Crestet\",\"description\":\"Des milliers de poteries inpir\u00e9es de la Provence\",\"publisher\":{\"@id\":\"https:\\\/\\\/poterie-de-crestet.com\\\/de\\\/#organization\"},\"potentialAction\":[{\"@type\":\"SearchAction\",\"target\":{\"@type\":\"EntryPoint\",\"urlTemplate\":\"https:\\\/\\\/poterie-de-crestet.com\\\/de\\\/?s={search_term_string}\"},\"query-input\":{\"@type\":\"PropertyValueSpecification\",\"valueRequired\":true,\"valueName\":\"search_term_string\"}}],\"inLanguage\":\"de\"},{\"@type\":\"Organization\",\"@id\":\"https:\\\/\\\/poterie-de-crestet.com\\\/de\\\/#organization\",\"name\":\"Poterie de Crestet\",\"url\":\"https:\\\/\\\/poterie-de-crestet.com\\\/de\\\/\",\"logo\":{\"@type\":\"ImageObject\",\"inLanguage\":\"de\",\"@id\":\"https:\\\/\\\/poterie-de-crestet.com\\\/de\\\/#\\\/schema\\\/logo\\\/image\\\/\",\"url\":\"https:\\\/\\\/i0.wp.com\\\/poterie-de-crestet.com\\\/wp-content\\\/uploads\\\/2025\\\/03\\\/Propo-4.png?fit=1000%2C462&ssl=1\",\"contentUrl\":\"https:\\\/\\\/i0.wp.com\\\/poterie-de-crestet.com\\\/wp-content\\\/uploads\\\/2025\\\/03\\\/Propo-4.png?fit=1000%2C462&ssl=1\",\"width\":1000,\"height\":462,\"caption\":\"Poterie de Crestet\"},\"image\":{\"@id\":\"https:\\\/\\\/poterie-de-crestet.com\\\/de\\\/#\\\/schema\\\/logo\\\/image\\\/\"}}]}<\/script>\n<!-- \/ Yoast SEO plugin. -->","yoast_head_json":{"title":"Kleine Salatsch\u00fcssel Farbige Tropfen - Poterie de Crestet","description":"Kleine Salatsch\u00fcssel, farbige Tropfen, 21 cm. Bunt und leuchtend, perfekt f\u00fcr Salate, Obst oder festliche Gerichte. Sp\u00fclmaschinen- und Mikrowellenfest.","robots":{"index":"index","follow":"follow","max-snippet":"max-snippet:-1","max-image-preview":"max-image-preview:large","max-video-preview":"max-video-preview:-1"},"canonical":"https:\/\/poterie-de-crestet.com\/de\/keramik\/kleine-salatschuessel-farbige-tropfen\/","og_locale":"de_DE","og_type":"article","og_title":"Kleine Salatsch\u00fcssel Farbige Tropfen - Poterie de Crestet","og_description":"Kleine Salatsch\u00fcssel, farbige Tropfen, 21 cm. Bunt und leuchtend, perfekt f\u00fcr Salate, Obst oder festliche Gerichte. Sp\u00fclmaschinen- und Mikrowellenfest.","og_url":"https:\/\/poterie-de-crestet.com\/de\/keramik\/kleine-salatschuessel-farbige-tropfen\/","og_site_name":"Poterie de Crestet","og_image":[{"width":800,"height":532,"url":"https:\/\/i0.wp.com\/poterie-de-crestet.com\/wp-content\/uploads\/2025\/08\/saladier-petit-49.jpg?fit=800%2C532&ssl=1","type":"image\/jpeg"}],"twitter_card":"summary_large_image","twitter_misc":{"Gesch\u00e4tzte Lesezeit":"1\u00a0Minute"},"schema":{"@context":"https:\/\/schema.org","@graph":[{"@type":"WebPage","@id":"https:\/\/poterie-de-crestet.com\/de\/keramik\/kleine-salatschuessel-farbige-tropfen\/","url":"https:\/\/poterie-de-crestet.com\/de\/keramik\/kleine-salatschuessel-farbige-tropfen\/","name":"Kleine Salatsch\u00fcssel Farbige Tropfen - Poterie de Crestet","isPartOf":{"@id":"https:\/\/poterie-de-crestet.com\/de\/#website"},"primaryImageOfPage":{"@id":"https:\/\/poterie-de-crestet.com\/de\/keramik\/kleine-salatschuessel-farbige-tropfen\/#primaryimage"},"image":{"@id":"https:\/\/poterie-de-crestet.com\/de\/keramik\/kleine-salatschuessel-farbige-tropfen\/#primaryimage"},"thumbnailUrl":"https:\/\/i0.wp.com\/poterie-de-crestet.com\/wp-content\/uploads\/2025\/08\/saladier-petit-49.jpg?fit=800%2C532&ssl=1","datePublished":"2025-08-09T13:21:57+00:00","description":"Kleine Salatsch\u00fcssel, farbige Tropfen, 21 cm. Bunt und leuchtend, perfekt f\u00fcr Salate, Obst oder festliche Gerichte. Sp\u00fclmaschinen- und Mikrowellenfest.","breadcrumb":{"@id":"https:\/\/poterie-de-crestet.com\/de\/keramik\/kleine-salatschuessel-farbige-tropfen\/#breadcrumb"},"inLanguage":"de","potentialAction":[{"@type":"ReadAction","target":["https:\/\/poterie-de-crestet.com\/de\/keramik\/kleine-salatschuessel-farbige-tropfen\/"]}]},{"@type":"ImageObject","inLanguage":"de","@id":"https:\/\/poterie-de-crestet.com\/de\/keramik\/kleine-salatschuessel-farbige-tropfen\/#primaryimage","url":"https:\/\/i0.wp.com\/poterie-de-crestet.com\/wp-content\/uploads\/2025\/08\/saladier-petit-49.jpg?fit=800%2C532&ssl=1","contentUrl":"https:\/\/i0.wp.com\/poterie-de-crestet.com\/wp-content\/uploads\/2025\/08\/saladier-petit-49.jpg?fit=800%2C532&ssl=1","width":800,"height":532,"caption":"Farbige Tropfen"},{"@type":"BreadcrumbList","@id":"https:\/\/poterie-de-crestet.com\/de\/keramik\/kleine-salatschuessel-farbige-tropfen\/#breadcrumb","itemListElement":[{"@type":"ListItem","position":1,"name":"Accueil","item":"https:\/\/poterie-de-crestet.com\/de\/accueil\/"},{"@type":"ListItem","position":2,"name":"Boutique","item":"https:\/\/poterie-de-crestet.com\/ceramiques\/"},{"@type":"ListItem","position":3,"name":"Kleine Salatsch\u00fcssel Farbige Tropfen"}]},{"@type":"WebSite","@id":"https:\/\/poterie-de-crestet.com\/de\/#website","url":"https:\/\/poterie-de-crestet.com\/de\/","name":"Poterie de Crestet","description":"Des milliers de poteries inpir\u00e9es de la Provence","publisher":{"@id":"https:\/\/poterie-de-crestet.com\/de\/#organization"},"potentialAction":[{"@type":"SearchAction","target":{"@type":"EntryPoint","urlTemplate":"https:\/\/poterie-de-crestet.com\/de\/?s={search_term_string}"},"query-input":{"@type":"PropertyValueSpecification","valueRequired":true,"valueName":"search_term_string"}}],"inLanguage":"de"},{"@type":"Organization","@id":"https:\/\/poterie-de-crestet.com\/de\/#organization","name":"Poterie de Crestet","url":"https:\/\/poterie-de-crestet.com\/de\/","logo":{"@type":"ImageObject","inLanguage":"de","@id":"https:\/\/poterie-de-crestet.com\/de\/#\/schema\/logo\/image\/","url":"https:\/\/i0.wp.com\/poterie-de-crestet.com\/wp-content\/uploads\/2025\/03\/Propo-4.png?fit=1000%2C462&ssl=1","contentUrl":"https:\/\/i0.wp.com\/poterie-de-crestet.com\/wp-content\/uploads\/2025\/03\/Propo-4.png?fit=1000%2C462&ssl=1","width":1000,"height":462,"caption":"Poterie de Crestet"},"image":{"@id":"https:\/\/poterie-de-crestet.com\/de\/#\/schema\/logo\/image\/"}}]}},"jetpack_sharing_enabled":true,"_links":{"self":[{"href":"https:\/\/poterie-de-crestet.com\/de\/wp-json\/wp\/v2\/product\/21127","targetHints":{"allow":["GET"]}}],"collection":[{"href":"https:\/\/poterie-de-crestet.com\/de\/wp-json\/wp\/v2\/product"}],"about":[{"href":"https:\/\/poterie-de-crestet.com\/de\/wp-json\/wp\/v2\/types\/product"}],"replies":[{"embeddable":true,"href":"https:\/\/poterie-de-crestet.com\/de\/wp-json\/wp\/v2\/comments?post=21127"}],"version-history":[{"count":0,"href":"https:\/\/poterie-de-crestet.com\/de\/wp-json\/wp\/v2\/product\/21127\/revisions"}],"wp:featuredmedia":[{"embeddable":true,"href":"https:\/\/poterie-de-crestet.com\/de\/wp-json\/wp\/v2\/media\/13040"}],"wp:attachment":[{"href":"https:\/\/poterie-de-crestet.com\/de\/wp-json\/wp\/v2\/media?parent=21127"}],"wp:term":[{"taxonomy":"product_brand","embeddable":true,"href":"https:\/\/poterie-de-crestet.com\/de\/wp-json\/wp\/v2\/product_brand?post=21127"},{"taxonomy":"product_cat","embeddable":true,"href":"https:\/\/poterie-de-crestet.com\/de\/wp-json\/wp\/v2\/product_cat?post=21127"},{"taxonomy":"product_tag","embeddable":true,"href":"https:\/\/poterie-de-crestet.com\/de\/wp-json\/wp\/v2\/product_tag?post=21127"}],"curies":[{"name":"wp","href":"https:\/\/api.w.org\/{rel}","templated":true}]}}