{"id":21018,"date":"2025-04-10T16:09:35","date_gmt":"2025-04-10T14:09:35","guid":{"rendered":"https:\/\/poterie-de-crestet.com\/ceramiques\/loeffelauflage-leichter-boden\/"},"modified":"2025-04-10T16:09:35","modified_gmt":"2025-04-10T14:09:35","slug":"loeffelauflage-leichter-boden","status":"publish","type":"product","link":"https:\/\/poterie-de-crestet.com\/de\/keramik\/loeffelauflage-leichter-boden\/","title":{"rendered":"L\u00f6ffelauflage  <h5>Leichter Boden<\/h5>"},"content":{"rendered":"<p>Dieser Sol Clair L\u00f6ffel begleitet Sie in all Ihren Rezepten und sorgt f\u00fcr ordentliche Ordentlichkeit in Ihrer K\u00fcche. Legen Sie einfach den L\u00f6ffel oder den Spatel des Moments darauf, um Streifen auf der Arbeitsfl\u00e4che zu vermeiden.<br data-start=\"343\" data-end=\"346\">Es kann auch als Serviermedium f\u00fcr eine kleine So\u00dfe oder Vorspeisen verwendet werden.<br data-start=\"445\" data-end=\"448\"><strong data-start=\"458\" data-end=\"478\">Handbemalt<\/strong>, <strong data-start=\"480\" data-end=\"509\">sp\u00fclmaschinenfest, lebensmittelfeste<\/strong> Keramik.<strong data-start=\"524\" data-end=\"547\"><\/strong> <br data-start=\"548\" data-end=\"551\"><strong data-start=\"551\" data-end=\"572\">Sichere Zahlung<\/strong>, Click &amp; Collect Abholung oder <strong data-start=\"601\" data-end=\"622\">schneller Versand<\/strong>.<br data-start=\"623\" data-end=\"626\">Kombiniert mit einer <a class=\"\" href=\"#\" rel=\"noopener\" data-start=\"643\" data-end=\"675\">Sol Clair \u00d6lflasche<\/a> oder mit einem <a class=\"\" href=\"#\" rel=\"noopener\" data-start=\"697\" data-end=\"720\">Carr\u00e9 Bleu M\u00f6rtel<\/a>.<\/p>\n","protected":false},"excerpt":{"rendered":"<p>Ein diskretes, aber unverzichtbares Zubeh\u00f6r zum Kochen, ohne dass es \u00fcberall verteilt wird.<br data-start=\"3045\" data-end=\"3048\"><strong data-start=\"3048\" data-end=\"3084\"><em data-start=\"3050\" data-end=\"3082\">Abmessungen: 17,5 \u00d7 8 \u00d7 2,4 cm<\/em><\/strong><\/p>\n","protected":false},"featured_media":7984,"comment_status":"open","ping_status":"closed","template":"","meta":[],"product_brand":[],"product_cat":[346],"product_tag":[234],"class_list":{"0":"post-21018","1":"product","2":"type-product","3":"status-publish","4":"has-post-thumbnail","6":"product_cat-loffelauflage","7":"product_tag-leichter-boden","9":"first","10":"instock","11":"taxable","12":"shipping-taxable","13":"purchasable","14":"product-type-simple"},"yoast_head":"<!-- This site is optimized with the Yoast SEO plugin v27.5 - https:\/\/yoast.com\/product\/yoast-seo-wordpress\/ -->\n<title>L\u00f6ffelauflage Leichter Boden - Poterie de Crestet<\/title>\n<meta name=\"description\" content=\"Unauff\u00e4llig und warm sch\u00fctzt dieser Sol Clair L\u00f6ffel Ihre Oberfl\u00e4chen m\u00fchelos. Es f\u00fcgt sich in jede K\u00fcchenatmosph\u00e4re ein.\" \/>\n<meta name=\"robots\" content=\"index, follow, max-snippet:-1, max-image-preview:large, max-video-preview:-1\" \/>\n<link rel=\"canonical\" href=\"https:\/\/poterie-de-crestet.com\/de\/keramik\/loeffelauflage-leichter-boden\/\" \/>\n<meta property=\"og:locale\" content=\"de_DE\" \/>\n<meta property=\"og:type\" content=\"article\" \/>\n<meta property=\"og:title\" content=\"L\u00f6ffelauflage Leichter Boden - Poterie de Crestet\" \/>\n<meta property=\"og:description\" content=\"Unauff\u00e4llig und warm sch\u00fctzt dieser Sol Clair L\u00f6ffel Ihre Oberfl\u00e4chen m\u00fchelos. Es f\u00fcgt sich in jede K\u00fcchenatmosph\u00e4re ein.\" \/>\n<meta property=\"og:url\" content=\"https:\/\/poterie-de-crestet.com\/de\/keramik\/loeffelauflage-leichter-boden\/\" \/>\n<meta property=\"og:site_name\" content=\"Poterie de Crestet\" \/>\n<meta property=\"og:image\" content=\"https:\/\/i0.wp.com\/poterie-de-crestet.com\/wp-content\/uploads\/2025\/04\/repose-cuillere-sol-clair.jpg?fit=458%2C458&ssl=1\" \/>\n\t<meta property=\"og:image:width\" content=\"458\" \/>\n\t<meta property=\"og:image:height\" content=\"458\" \/>\n\t<meta property=\"og:image:type\" content=\"image\/jpeg\" \/>\n<meta name=\"twitter:card\" content=\"summary_large_image\" \/>\n<script type=\"application\/ld+json\" class=\"yoast-schema-graph\">{\"@context\":\"https:\\\/\\\/schema.org\",\"@graph\":[{\"@type\":\"WebPage\",\"@id\":\"https:\\\/\\\/poterie-de-crestet.com\\\/de\\\/keramik\\\/loeffelauflage-leichter-boden\\\/\",\"url\":\"https:\\\/\\\/poterie-de-crestet.com\\\/de\\\/keramik\\\/loeffelauflage-leichter-boden\\\/\",\"name\":\"L\u00f6ffelauflage Leichter Boden - Poterie de Crestet\",\"isPartOf\":{\"@id\":\"https:\\\/\\\/poterie-de-crestet.com\\\/de\\\/#website\"},\"primaryImageOfPage\":{\"@id\":\"https:\\\/\\\/poterie-de-crestet.com\\\/de\\\/keramik\\\/loeffelauflage-leichter-boden\\\/#primaryimage\"},\"image\":{\"@id\":\"https:\\\/\\\/poterie-de-crestet.com\\\/de\\\/keramik\\\/loeffelauflage-leichter-boden\\\/#primaryimage\"},\"thumbnailUrl\":\"https:\\\/\\\/i0.wp.com\\\/poterie-de-crestet.com\\\/wp-content\\\/uploads\\\/2025\\\/04\\\/repose-cuillere-sol-clair.jpg?fit=458%2C458&ssl=1\",\"datePublished\":\"2025-04-10T14:09:35+00:00\",\"description\":\"Unauff\u00e4llig und warm sch\u00fctzt dieser Sol Clair L\u00f6ffel Ihre Oberfl\u00e4chen m\u00fchelos. Es f\u00fcgt sich in jede K\u00fcchenatmosph\u00e4re ein.\",\"breadcrumb\":{\"@id\":\"https:\\\/\\\/poterie-de-crestet.com\\\/de\\\/keramik\\\/loeffelauflage-leichter-boden\\\/#breadcrumb\"},\"inLanguage\":\"de\",\"potentialAction\":[{\"@type\":\"ReadAction\",\"target\":[\"https:\\\/\\\/poterie-de-crestet.com\\\/de\\\/keramik\\\/loeffelauflage-leichter-boden\\\/\"]}]},{\"@type\":\"ImageObject\",\"inLanguage\":\"de\",\"@id\":\"https:\\\/\\\/poterie-de-crestet.com\\\/de\\\/keramik\\\/loeffelauflage-leichter-boden\\\/#primaryimage\",\"url\":\"https:\\\/\\\/i0.wp.com\\\/poterie-de-crestet.com\\\/wp-content\\\/uploads\\\/2025\\\/04\\\/repose-cuillere-sol-clair.jpg?fit=458%2C458&ssl=1\",\"contentUrl\":\"https:\\\/\\\/i0.wp.com\\\/poterie-de-crestet.com\\\/wp-content\\\/uploads\\\/2025\\\/04\\\/repose-cuillere-sol-clair.jpg?fit=458%2C458&ssl=1\",\"width\":458,\"height\":458,\"caption\":\"L\u00f6ffelauflage Leichter Boden\"},{\"@type\":\"BreadcrumbList\",\"@id\":\"https:\\\/\\\/poterie-de-crestet.com\\\/de\\\/keramik\\\/loeffelauflage-leichter-boden\\\/#breadcrumb\",\"itemListElement\":[{\"@type\":\"ListItem\",\"position\":1,\"name\":\"Accueil\",\"item\":\"https:\\\/\\\/poterie-de-crestet.com\\\/de\\\/accueil\\\/\"},{\"@type\":\"ListItem\",\"position\":2,\"name\":\"Boutique\",\"item\":\"https:\\\/\\\/poterie-de-crestet.com\\\/ceramiques\\\/\"},{\"@type\":\"ListItem\",\"position\":3,\"name\":\"L\u00f6ffelauflage Leichter Boden\"}]},{\"@type\":\"WebSite\",\"@id\":\"https:\\\/\\\/poterie-de-crestet.com\\\/de\\\/#website\",\"url\":\"https:\\\/\\\/poterie-de-crestet.com\\\/de\\\/\",\"name\":\"Poterie de Crestet\",\"description\":\"Des milliers de poteries inpir\u00e9es de la Provence\",\"publisher\":{\"@id\":\"https:\\\/\\\/poterie-de-crestet.com\\\/de\\\/#organization\"},\"potentialAction\":[{\"@type\":\"SearchAction\",\"target\":{\"@type\":\"EntryPoint\",\"urlTemplate\":\"https:\\\/\\\/poterie-de-crestet.com\\\/de\\\/?s={search_term_string}\"},\"query-input\":{\"@type\":\"PropertyValueSpecification\",\"valueRequired\":true,\"valueName\":\"search_term_string\"}}],\"inLanguage\":\"de\"},{\"@type\":\"Organization\",\"@id\":\"https:\\\/\\\/poterie-de-crestet.com\\\/de\\\/#organization\",\"name\":\"Poterie de Crestet\",\"url\":\"https:\\\/\\\/poterie-de-crestet.com\\\/de\\\/\",\"logo\":{\"@type\":\"ImageObject\",\"inLanguage\":\"de\",\"@id\":\"https:\\\/\\\/poterie-de-crestet.com\\\/de\\\/#\\\/schema\\\/logo\\\/image\\\/\",\"url\":\"https:\\\/\\\/i0.wp.com\\\/poterie-de-crestet.com\\\/wp-content\\\/uploads\\\/2025\\\/03\\\/Propo-4.png?fit=1000%2C462&ssl=1\",\"contentUrl\":\"https:\\\/\\\/i0.wp.com\\\/poterie-de-crestet.com\\\/wp-content\\\/uploads\\\/2025\\\/03\\\/Propo-4.png?fit=1000%2C462&ssl=1\",\"width\":1000,\"height\":462,\"caption\":\"Poterie de Crestet\"},\"image\":{\"@id\":\"https:\\\/\\\/poterie-de-crestet.com\\\/de\\\/#\\\/schema\\\/logo\\\/image\\\/\"}}]}<\/script>\n<!-- \/ Yoast SEO plugin. -->","yoast_head_json":{"title":"L\u00f6ffelauflage Leichter Boden - Poterie de Crestet","description":"Unauff\u00e4llig und warm sch\u00fctzt dieser Sol Clair L\u00f6ffel Ihre Oberfl\u00e4chen m\u00fchelos. Es f\u00fcgt sich in jede K\u00fcchenatmosph\u00e4re ein.","robots":{"index":"index","follow":"follow","max-snippet":"max-snippet:-1","max-image-preview":"max-image-preview:large","max-video-preview":"max-video-preview:-1"},"canonical":"https:\/\/poterie-de-crestet.com\/de\/keramik\/loeffelauflage-leichter-boden\/","og_locale":"de_DE","og_type":"article","og_title":"L\u00f6ffelauflage Leichter Boden - Poterie de Crestet","og_description":"Unauff\u00e4llig und warm sch\u00fctzt dieser Sol Clair L\u00f6ffel Ihre Oberfl\u00e4chen m\u00fchelos. Es f\u00fcgt sich in jede K\u00fcchenatmosph\u00e4re ein.","og_url":"https:\/\/poterie-de-crestet.com\/de\/keramik\/loeffelauflage-leichter-boden\/","og_site_name":"Poterie de Crestet","og_image":[{"width":458,"height":458,"url":"https:\/\/i0.wp.com\/poterie-de-crestet.com\/wp-content\/uploads\/2025\/04\/repose-cuillere-sol-clair.jpg?fit=458%2C458&ssl=1","type":"image\/jpeg"}],"twitter_card":"summary_large_image","schema":{"@context":"https:\/\/schema.org","@graph":[{"@type":"WebPage","@id":"https:\/\/poterie-de-crestet.com\/de\/keramik\/loeffelauflage-leichter-boden\/","url":"https:\/\/poterie-de-crestet.com\/de\/keramik\/loeffelauflage-leichter-boden\/","name":"L\u00f6ffelauflage Leichter Boden - Poterie de Crestet","isPartOf":{"@id":"https:\/\/poterie-de-crestet.com\/de\/#website"},"primaryImageOfPage":{"@id":"https:\/\/poterie-de-crestet.com\/de\/keramik\/loeffelauflage-leichter-boden\/#primaryimage"},"image":{"@id":"https:\/\/poterie-de-crestet.com\/de\/keramik\/loeffelauflage-leichter-boden\/#primaryimage"},"thumbnailUrl":"https:\/\/i0.wp.com\/poterie-de-crestet.com\/wp-content\/uploads\/2025\/04\/repose-cuillere-sol-clair.jpg?fit=458%2C458&ssl=1","datePublished":"2025-04-10T14:09:35+00:00","description":"Unauff\u00e4llig und warm sch\u00fctzt dieser Sol Clair L\u00f6ffel Ihre Oberfl\u00e4chen m\u00fchelos. Es f\u00fcgt sich in jede K\u00fcchenatmosph\u00e4re ein.","breadcrumb":{"@id":"https:\/\/poterie-de-crestet.com\/de\/keramik\/loeffelauflage-leichter-boden\/#breadcrumb"},"inLanguage":"de","potentialAction":[{"@type":"ReadAction","target":["https:\/\/poterie-de-crestet.com\/de\/keramik\/loeffelauflage-leichter-boden\/"]}]},{"@type":"ImageObject","inLanguage":"de","@id":"https:\/\/poterie-de-crestet.com\/de\/keramik\/loeffelauflage-leichter-boden\/#primaryimage","url":"https:\/\/i0.wp.com\/poterie-de-crestet.com\/wp-content\/uploads\/2025\/04\/repose-cuillere-sol-clair.jpg?fit=458%2C458&ssl=1","contentUrl":"https:\/\/i0.wp.com\/poterie-de-crestet.com\/wp-content\/uploads\/2025\/04\/repose-cuillere-sol-clair.jpg?fit=458%2C458&ssl=1","width":458,"height":458,"caption":"L\u00f6ffelauflage Leichter Boden"},{"@type":"BreadcrumbList","@id":"https:\/\/poterie-de-crestet.com\/de\/keramik\/loeffelauflage-leichter-boden\/#breadcrumb","itemListElement":[{"@type":"ListItem","position":1,"name":"Accueil","item":"https:\/\/poterie-de-crestet.com\/de\/accueil\/"},{"@type":"ListItem","position":2,"name":"Boutique","item":"https:\/\/poterie-de-crestet.com\/ceramiques\/"},{"@type":"ListItem","position":3,"name":"L\u00f6ffelauflage Leichter Boden"}]},{"@type":"WebSite","@id":"https:\/\/poterie-de-crestet.com\/de\/#website","url":"https:\/\/poterie-de-crestet.com\/de\/","name":"Poterie de Crestet","description":"Des milliers de poteries inpir\u00e9es de la Provence","publisher":{"@id":"https:\/\/poterie-de-crestet.com\/de\/#organization"},"potentialAction":[{"@type":"SearchAction","target":{"@type":"EntryPoint","urlTemplate":"https:\/\/poterie-de-crestet.com\/de\/?s={search_term_string}"},"query-input":{"@type":"PropertyValueSpecification","valueRequired":true,"valueName":"search_term_string"}}],"inLanguage":"de"},{"@type":"Organization","@id":"https:\/\/poterie-de-crestet.com\/de\/#organization","name":"Poterie de Crestet","url":"https:\/\/poterie-de-crestet.com\/de\/","logo":{"@type":"ImageObject","inLanguage":"de","@id":"https:\/\/poterie-de-crestet.com\/de\/#\/schema\/logo\/image\/","url":"https:\/\/i0.wp.com\/poterie-de-crestet.com\/wp-content\/uploads\/2025\/03\/Propo-4.png?fit=1000%2C462&ssl=1","contentUrl":"https:\/\/i0.wp.com\/poterie-de-crestet.com\/wp-content\/uploads\/2025\/03\/Propo-4.png?fit=1000%2C462&ssl=1","width":1000,"height":462,"caption":"Poterie de Crestet"},"image":{"@id":"https:\/\/poterie-de-crestet.com\/de\/#\/schema\/logo\/image\/"}}]}},"jetpack_sharing_enabled":true,"_links":{"self":[{"href":"https:\/\/poterie-de-crestet.com\/de\/wp-json\/wp\/v2\/product\/21018","targetHints":{"allow":["GET"]}}],"collection":[{"href":"https:\/\/poterie-de-crestet.com\/de\/wp-json\/wp\/v2\/product"}],"about":[{"href":"https:\/\/poterie-de-crestet.com\/de\/wp-json\/wp\/v2\/types\/product"}],"replies":[{"embeddable":true,"href":"https:\/\/poterie-de-crestet.com\/de\/wp-json\/wp\/v2\/comments?post=21018"}],"version-history":[{"count":0,"href":"https:\/\/poterie-de-crestet.com\/de\/wp-json\/wp\/v2\/product\/21018\/revisions"}],"wp:featuredmedia":[{"embeddable":true,"href":"https:\/\/poterie-de-crestet.com\/de\/wp-json\/wp\/v2\/media\/7984"}],"wp:attachment":[{"href":"https:\/\/poterie-de-crestet.com\/de\/wp-json\/wp\/v2\/media?parent=21018"}],"wp:term":[{"taxonomy":"product_brand","embeddable":true,"href":"https:\/\/poterie-de-crestet.com\/de\/wp-json\/wp\/v2\/product_brand?post=21018"},{"taxonomy":"product_cat","embeddable":true,"href":"https:\/\/poterie-de-crestet.com\/de\/wp-json\/wp\/v2\/product_cat?post=21018"},{"taxonomy":"product_tag","embeddable":true,"href":"https:\/\/poterie-de-crestet.com\/de\/wp-json\/wp\/v2\/product_tag?post=21018"}],"curies":[{"name":"wp","href":"https:\/\/api.w.org\/{rel}","templated":true}]}}