{"id":20970,"date":"2025-04-11T12:16:35","date_gmt":"2025-04-11T10:16:35","guid":{"rendered":"https:\/\/poterie-de-crestet.com\/ceramiques\/quadratische-salatschuessel-nyons-pink\/"},"modified":"2025-04-11T12:16:35","modified_gmt":"2025-04-11T10:16:35","slug":"quadratische-salatschuessel-nyons-pink","status":"publish","type":"product","link":"https:\/\/poterie-de-crestet.com\/de\/keramik\/quadratische-salatschuessel-nyons-pink\/","title":{"rendered":"Quadratische Salatsch\u00fcssel  <h5>Nyons pink<\/h5>"},"content":{"rendered":"<p data-start=\"3430\" data-end=\"3699\">Die Nyons rosa quadratische Salatsch\u00fcssel bietet eine gro\u00dfe Kapazit\u00e4t in einem weichen und strukturierten Format. Seine quadratische Form sorgt f\u00fcr Stabilit\u00e4t, w\u00e4hrend das handbemalte, sanftrosa Dekor den Mahlzeiten eine romantische Note verleiht. <\/p>\n<p data-start=\"3701\" data-end=\"3911\">Es ist perfekt f\u00fcr Obstsalate, hausgemachte Tabbouleh oder gro\u00dfe Mahlzeiten mit Freunden. Mikrowellen- und Sp\u00fclmaschinenfest, erf\u00fcllt er die Lebensmittelstandards und ist einfach t\u00e4glich zu benutzen. <\/p>\n<p data-start=\"3913\" data-end=\"4184\">Kombinieren Sie ihn mit dem <a href=\"https:\/\/poterie-de-crestet.com\/de\/keramik\/moerser-nyons-pink\/\">rosa Nyons-M\u00f6rtel<\/a> oder f\u00fcgen Sie einen modernen Kontrast zum <a class=\"cursor-pointer\" href=\"https:\/\/poterie-de-crestet.com\/de\/keramik\/egg-holder-16-schwarzer-boden\/\" target=\"_new\" rel=\"noopener\" data-start=\"4053\" data-end=\"4140\">schwarzen Sol-Eiergestell<\/a> hinzu.<br data-start=\"4141\" data-end=\"4144\"><strong data-start=\"4144\" data-end=\"4184\"><em data-start=\"4146\" data-end=\"4182\">Abmessungen: 26,5 \u00d7 26,5 \u00d7 11,6 cm<\/em><\/strong><\/p>\n","protected":false},"excerpt":{"rendered":"<p>Quadratische Salatsch\u00fcssel mit rosa Nyons-Dekoration, ein zartes und funktionales St\u00fcck. Ideal f\u00fcr Salate, Obst oder saisonale Arrangements. <br data-start=\"3385\" data-end=\"3388\"><strong data-start=\"3388\" data-end=\"3428\"><em data-start=\"3390\" data-end=\"3426\">Abmessungen: 26,5 \u00d7 26,5 \u00d7 11,6 cm<\/em><\/strong><\/p>\n","protected":false},"featured_media":8000,"comment_status":"open","ping_status":"closed","template":"","meta":[],"product_brand":[],"product_cat":[337,372],"product_tag":[266],"class_list":{"0":"post-20970","1":"product","2":"type-product","3":"status-publish","4":"has-post-thumbnail","6":"product_cat-kuche","7":"product_cat-quadratische-salatschussel","8":"product_tag-nyons-pink","10":"first","11":"instock","12":"taxable","13":"shipping-taxable","14":"purchasable","15":"product-type-simple"},"yoast_head":"<!-- This site is optimized with the Yoast SEO plugin v27.5 - https:\/\/yoast.com\/product\/yoast-seo-wordpress\/ -->\n<title>Quadratische Salatsch\u00fcssel Nyons pink - Poterie de Crestet<\/title>\n<meta name=\"description\" content=\"Rosa Nyons quadratische Salatsch\u00fcssel, zarte handbemalte Dekoration. Ein zartes und stabiles St\u00fcck f\u00fcr Salate und hausgemachte Gerichte.\" \/>\n<meta name=\"robots\" content=\"index, follow, max-snippet:-1, max-image-preview:large, max-video-preview:-1\" \/>\n<link rel=\"canonical\" href=\"https:\/\/poterie-de-crestet.com\/de\/keramik\/quadratische-salatschuessel-nyons-pink\/\" \/>\n<meta property=\"og:locale\" content=\"de_DE\" \/>\n<meta property=\"og:type\" content=\"article\" \/>\n<meta property=\"og:title\" content=\"Quadratische Salatsch\u00fcssel Nyons pink - Poterie de Crestet\" \/>\n<meta property=\"og:description\" content=\"Rosa Nyons quadratische Salatsch\u00fcssel, zarte handbemalte Dekoration. Ein zartes und stabiles St\u00fcck f\u00fcr Salate und hausgemachte Gerichte.\" \/>\n<meta property=\"og:url\" content=\"https:\/\/poterie-de-crestet.com\/de\/keramik\/quadratische-salatschuessel-nyons-pink\/\" \/>\n<meta property=\"og:site_name\" content=\"Poterie de Crestet\" \/>\n<meta property=\"og:image\" content=\"https:\/\/i0.wp.com\/poterie-de-crestet.com\/wp-content\/uploads\/2025\/04\/Poterie-du-Crestet1490.jpg?fit=800%2C532&ssl=1\" \/>\n\t<meta property=\"og:image:width\" content=\"800\" \/>\n\t<meta property=\"og:image:height\" content=\"532\" \/>\n\t<meta property=\"og:image:type\" content=\"image\/jpeg\" \/>\n<meta name=\"twitter:card\" content=\"summary_large_image\" \/>\n<script type=\"application\/ld+json\" class=\"yoast-schema-graph\">{\"@context\":\"https:\\\/\\\/schema.org\",\"@graph\":[{\"@type\":\"WebPage\",\"@id\":\"https:\\\/\\\/poterie-de-crestet.com\\\/de\\\/keramik\\\/quadratische-salatschuessel-nyons-pink\\\/\",\"url\":\"https:\\\/\\\/poterie-de-crestet.com\\\/de\\\/keramik\\\/quadratische-salatschuessel-nyons-pink\\\/\",\"name\":\"Quadratische Salatsch\u00fcssel Nyons pink - Poterie de Crestet\",\"isPartOf\":{\"@id\":\"https:\\\/\\\/poterie-de-crestet.com\\\/de\\\/#website\"},\"primaryImageOfPage\":{\"@id\":\"https:\\\/\\\/poterie-de-crestet.com\\\/de\\\/keramik\\\/quadratische-salatschuessel-nyons-pink\\\/#primaryimage\"},\"image\":{\"@id\":\"https:\\\/\\\/poterie-de-crestet.com\\\/de\\\/keramik\\\/quadratische-salatschuessel-nyons-pink\\\/#primaryimage\"},\"thumbnailUrl\":\"https:\\\/\\\/i0.wp.com\\\/poterie-de-crestet.com\\\/wp-content\\\/uploads\\\/2025\\\/04\\\/Poterie-du-Crestet1490.jpg?fit=800%2C532&ssl=1\",\"datePublished\":\"2025-04-11T10:16:35+00:00\",\"description\":\"Rosa Nyons quadratische Salatsch\u00fcssel, zarte handbemalte Dekoration. Ein zartes und stabiles St\u00fcck f\u00fcr Salate und hausgemachte Gerichte.\",\"breadcrumb\":{\"@id\":\"https:\\\/\\\/poterie-de-crestet.com\\\/de\\\/keramik\\\/quadratische-salatschuessel-nyons-pink\\\/#breadcrumb\"},\"inLanguage\":\"de\",\"potentialAction\":[{\"@type\":\"ReadAction\",\"target\":[\"https:\\\/\\\/poterie-de-crestet.com\\\/de\\\/keramik\\\/quadratische-salatschuessel-nyons-pink\\\/\"]}]},{\"@type\":\"ImageObject\",\"inLanguage\":\"de\",\"@id\":\"https:\\\/\\\/poterie-de-crestet.com\\\/de\\\/keramik\\\/quadratische-salatschuessel-nyons-pink\\\/#primaryimage\",\"url\":\"https:\\\/\\\/i0.wp.com\\\/poterie-de-crestet.com\\\/wp-content\\\/uploads\\\/2025\\\/04\\\/Poterie-du-Crestet1490.jpg?fit=800%2C532&ssl=1\",\"contentUrl\":\"https:\\\/\\\/i0.wp.com\\\/poterie-de-crestet.com\\\/wp-content\\\/uploads\\\/2025\\\/04\\\/Poterie-du-Crestet1490.jpg?fit=800%2C532&ssl=1\",\"width\":800,\"height\":532,\"caption\":\"Nyons pinke quadratische Salatsch\u00fcssel\"},{\"@type\":\"BreadcrumbList\",\"@id\":\"https:\\\/\\\/poterie-de-crestet.com\\\/de\\\/keramik\\\/quadratische-salatschuessel-nyons-pink\\\/#breadcrumb\",\"itemListElement\":[{\"@type\":\"ListItem\",\"position\":1,\"name\":\"Accueil\",\"item\":\"https:\\\/\\\/poterie-de-crestet.com\\\/de\\\/accueil\\\/\"},{\"@type\":\"ListItem\",\"position\":2,\"name\":\"Boutique\",\"item\":\"https:\\\/\\\/poterie-de-crestet.com\\\/ceramiques\\\/\"},{\"@type\":\"ListItem\",\"position\":3,\"name\":\"Quadratische Salatsch\u00fcssel Nyons pink\"}]},{\"@type\":\"WebSite\",\"@id\":\"https:\\\/\\\/poterie-de-crestet.com\\\/de\\\/#website\",\"url\":\"https:\\\/\\\/poterie-de-crestet.com\\\/de\\\/\",\"name\":\"Poterie de Crestet\",\"description\":\"Des milliers de poteries inpir\u00e9es de la Provence\",\"publisher\":{\"@id\":\"https:\\\/\\\/poterie-de-crestet.com\\\/de\\\/#organization\"},\"potentialAction\":[{\"@type\":\"SearchAction\",\"target\":{\"@type\":\"EntryPoint\",\"urlTemplate\":\"https:\\\/\\\/poterie-de-crestet.com\\\/de\\\/?s={search_term_string}\"},\"query-input\":{\"@type\":\"PropertyValueSpecification\",\"valueRequired\":true,\"valueName\":\"search_term_string\"}}],\"inLanguage\":\"de\"},{\"@type\":\"Organization\",\"@id\":\"https:\\\/\\\/poterie-de-crestet.com\\\/de\\\/#organization\",\"name\":\"Poterie de Crestet\",\"url\":\"https:\\\/\\\/poterie-de-crestet.com\\\/de\\\/\",\"logo\":{\"@type\":\"ImageObject\",\"inLanguage\":\"de\",\"@id\":\"https:\\\/\\\/poterie-de-crestet.com\\\/de\\\/#\\\/schema\\\/logo\\\/image\\\/\",\"url\":\"https:\\\/\\\/i0.wp.com\\\/poterie-de-crestet.com\\\/wp-content\\\/uploads\\\/2025\\\/03\\\/Propo-4.png?fit=1000%2C462&ssl=1\",\"contentUrl\":\"https:\\\/\\\/i0.wp.com\\\/poterie-de-crestet.com\\\/wp-content\\\/uploads\\\/2025\\\/03\\\/Propo-4.png?fit=1000%2C462&ssl=1\",\"width\":1000,\"height\":462,\"caption\":\"Poterie de Crestet\"},\"image\":{\"@id\":\"https:\\\/\\\/poterie-de-crestet.com\\\/de\\\/#\\\/schema\\\/logo\\\/image\\\/\"}}]}<\/script>\n<!-- \/ Yoast SEO plugin. -->","yoast_head_json":{"title":"Quadratische Salatsch\u00fcssel Nyons pink - Poterie de Crestet","description":"Rosa Nyons quadratische Salatsch\u00fcssel, zarte handbemalte Dekoration. Ein zartes und stabiles St\u00fcck f\u00fcr Salate und hausgemachte Gerichte.","robots":{"index":"index","follow":"follow","max-snippet":"max-snippet:-1","max-image-preview":"max-image-preview:large","max-video-preview":"max-video-preview:-1"},"canonical":"https:\/\/poterie-de-crestet.com\/de\/keramik\/quadratische-salatschuessel-nyons-pink\/","og_locale":"de_DE","og_type":"article","og_title":"Quadratische Salatsch\u00fcssel Nyons pink - Poterie de Crestet","og_description":"Rosa Nyons quadratische Salatsch\u00fcssel, zarte handbemalte Dekoration. Ein zartes und stabiles St\u00fcck f\u00fcr Salate und hausgemachte Gerichte.","og_url":"https:\/\/poterie-de-crestet.com\/de\/keramik\/quadratische-salatschuessel-nyons-pink\/","og_site_name":"Poterie de Crestet","og_image":[{"width":800,"height":532,"url":"https:\/\/i0.wp.com\/poterie-de-crestet.com\/wp-content\/uploads\/2025\/04\/Poterie-du-Crestet1490.jpg?fit=800%2C532&ssl=1","type":"image\/jpeg"}],"twitter_card":"summary_large_image","schema":{"@context":"https:\/\/schema.org","@graph":[{"@type":"WebPage","@id":"https:\/\/poterie-de-crestet.com\/de\/keramik\/quadratische-salatschuessel-nyons-pink\/","url":"https:\/\/poterie-de-crestet.com\/de\/keramik\/quadratische-salatschuessel-nyons-pink\/","name":"Quadratische Salatsch\u00fcssel Nyons pink - Poterie de Crestet","isPartOf":{"@id":"https:\/\/poterie-de-crestet.com\/de\/#website"},"primaryImageOfPage":{"@id":"https:\/\/poterie-de-crestet.com\/de\/keramik\/quadratische-salatschuessel-nyons-pink\/#primaryimage"},"image":{"@id":"https:\/\/poterie-de-crestet.com\/de\/keramik\/quadratische-salatschuessel-nyons-pink\/#primaryimage"},"thumbnailUrl":"https:\/\/i0.wp.com\/poterie-de-crestet.com\/wp-content\/uploads\/2025\/04\/Poterie-du-Crestet1490.jpg?fit=800%2C532&ssl=1","datePublished":"2025-04-11T10:16:35+00:00","description":"Rosa Nyons quadratische Salatsch\u00fcssel, zarte handbemalte Dekoration. Ein zartes und stabiles St\u00fcck f\u00fcr Salate und hausgemachte Gerichte.","breadcrumb":{"@id":"https:\/\/poterie-de-crestet.com\/de\/keramik\/quadratische-salatschuessel-nyons-pink\/#breadcrumb"},"inLanguage":"de","potentialAction":[{"@type":"ReadAction","target":["https:\/\/poterie-de-crestet.com\/de\/keramik\/quadratische-salatschuessel-nyons-pink\/"]}]},{"@type":"ImageObject","inLanguage":"de","@id":"https:\/\/poterie-de-crestet.com\/de\/keramik\/quadratische-salatschuessel-nyons-pink\/#primaryimage","url":"https:\/\/i0.wp.com\/poterie-de-crestet.com\/wp-content\/uploads\/2025\/04\/Poterie-du-Crestet1490.jpg?fit=800%2C532&ssl=1","contentUrl":"https:\/\/i0.wp.com\/poterie-de-crestet.com\/wp-content\/uploads\/2025\/04\/Poterie-du-Crestet1490.jpg?fit=800%2C532&ssl=1","width":800,"height":532,"caption":"Nyons pinke quadratische Salatsch\u00fcssel"},{"@type":"BreadcrumbList","@id":"https:\/\/poterie-de-crestet.com\/de\/keramik\/quadratische-salatschuessel-nyons-pink\/#breadcrumb","itemListElement":[{"@type":"ListItem","position":1,"name":"Accueil","item":"https:\/\/poterie-de-crestet.com\/de\/accueil\/"},{"@type":"ListItem","position":2,"name":"Boutique","item":"https:\/\/poterie-de-crestet.com\/ceramiques\/"},{"@type":"ListItem","position":3,"name":"Quadratische Salatsch\u00fcssel Nyons pink"}]},{"@type":"WebSite","@id":"https:\/\/poterie-de-crestet.com\/de\/#website","url":"https:\/\/poterie-de-crestet.com\/de\/","name":"Poterie de Crestet","description":"Des milliers de poteries inpir\u00e9es de la Provence","publisher":{"@id":"https:\/\/poterie-de-crestet.com\/de\/#organization"},"potentialAction":[{"@type":"SearchAction","target":{"@type":"EntryPoint","urlTemplate":"https:\/\/poterie-de-crestet.com\/de\/?s={search_term_string}"},"query-input":{"@type":"PropertyValueSpecification","valueRequired":true,"valueName":"search_term_string"}}],"inLanguage":"de"},{"@type":"Organization","@id":"https:\/\/poterie-de-crestet.com\/de\/#organization","name":"Poterie de Crestet","url":"https:\/\/poterie-de-crestet.com\/de\/","logo":{"@type":"ImageObject","inLanguage":"de","@id":"https:\/\/poterie-de-crestet.com\/de\/#\/schema\/logo\/image\/","url":"https:\/\/i0.wp.com\/poterie-de-crestet.com\/wp-content\/uploads\/2025\/03\/Propo-4.png?fit=1000%2C462&ssl=1","contentUrl":"https:\/\/i0.wp.com\/poterie-de-crestet.com\/wp-content\/uploads\/2025\/03\/Propo-4.png?fit=1000%2C462&ssl=1","width":1000,"height":462,"caption":"Poterie de Crestet"},"image":{"@id":"https:\/\/poterie-de-crestet.com\/de\/#\/schema\/logo\/image\/"}}]}},"jetpack_sharing_enabled":true,"_links":{"self":[{"href":"https:\/\/poterie-de-crestet.com\/de\/wp-json\/wp\/v2\/product\/20970","targetHints":{"allow":["GET"]}}],"collection":[{"href":"https:\/\/poterie-de-crestet.com\/de\/wp-json\/wp\/v2\/product"}],"about":[{"href":"https:\/\/poterie-de-crestet.com\/de\/wp-json\/wp\/v2\/types\/product"}],"replies":[{"embeddable":true,"href":"https:\/\/poterie-de-crestet.com\/de\/wp-json\/wp\/v2\/comments?post=20970"}],"version-history":[{"count":0,"href":"https:\/\/poterie-de-crestet.com\/de\/wp-json\/wp\/v2\/product\/20970\/revisions"}],"wp:featuredmedia":[{"embeddable":true,"href":"https:\/\/poterie-de-crestet.com\/de\/wp-json\/wp\/v2\/media\/8000"}],"wp:attachment":[{"href":"https:\/\/poterie-de-crestet.com\/de\/wp-json\/wp\/v2\/media?parent=20970"}],"wp:term":[{"taxonomy":"product_brand","embeddable":true,"href":"https:\/\/poterie-de-crestet.com\/de\/wp-json\/wp\/v2\/product_brand?post=20970"},{"taxonomy":"product_cat","embeddable":true,"href":"https:\/\/poterie-de-crestet.com\/de\/wp-json\/wp\/v2\/product_cat?post=20970"},{"taxonomy":"product_tag","embeddable":true,"href":"https:\/\/poterie-de-crestet.com\/de\/wp-json\/wp\/v2\/product_tag?post=20970"}],"curies":[{"name":"wp","href":"https:\/\/api.w.org\/{rel}","templated":true}]}}