{"id":20774,"date":"2025-04-11T12:14:15","date_gmt":"2025-04-11T10:14:15","guid":{"rendered":"https:\/\/poterie-de-crestet.com\/ceramiques\/spike-topf-haus\/"},"modified":"2025-04-11T12:14:15","modified_gmt":"2025-04-11T10:14:15","slug":"spike-topf-haus","status":"publish","type":"product","link":"https:\/\/poterie-de-crestet.com\/de\/keramik\/spike-topf-haus\/","title":{"rendered":"Spike-Topf  <h5>Haus<\/h5>"},"content":{"rendered":"<p data-start=\"2499\" data-end=\"2828\">Der Hausdekorations-Stacheltopf erinnert an die kleinen sonnigen D\u00f6rfer des S\u00fcdens. Ideal, um Ihre Zahnstocher am Tisch zu pr\u00e4sentieren, bietet es auch eine kleine Tapenade, aromatisiertes Salz oder eine kleine So\u00dfe zum Teilen auf. Sein kompaktes Design erm\u00f6glicht eine einfache Handhabung, selbst auf einem gut best\u00fcckten Tablett.  <\/p>\n<p data-start=\"2830\" data-end=\"3092\">Doch ihr Nutzen endet nicht dort: In der Werkstatt wird es zu einem Wasser- oder Farbbecher; Im Regal kann er getrocknete Kr\u00e4uter oder kleine Samen aufnehmen. Sp\u00fclmaschinenfest, es ist Lebensmittelstandard und sorgf\u00e4ltig von Hand dekoriert. <\/p>\n<p data-start=\"3094\" data-end=\"3239\">Kombinieren Sie es mit <a class=\"\" href=\"https:\/\/poterie-de-crestet.com\/de\/keramik\/moerser-haus\/\" rel=\"noopener\" data-start=\"3108\" data-end=\"3127\">dem Maison M\u00f6rtel<\/a> f\u00fcr einen 100 % provenzalischen Geist oder kontrastieren Sie es mit einem <a class=\"\" href=\"https:\/\/poterie-de-crestet.com\/de\/keramik\/runder-pitcher-tropisch\/\" rel=\"noopener\" data-start=\"3181\" data-end=\"3201\">tropischen Krug<\/a> f\u00fcr einen sonnigen und mutigen Tisch.<\/p>\n","protected":false},"excerpt":{"rendered":"<p>Ein charmantes kleines Glas f\u00fcr gesellige Tische. Die Hausdekoration ruft die Landschaften der Provence hervor. Zahnstocher, Salz oder B\u00fcrsten finden dort ihren Platz.  <br data-start=\"2457\" data-end=\"2460\"><strong data-start=\"2460\" data-end=\"2497\"><em data-start=\"2462\" data-end=\"2495\">Abmessungen: 5,3 \u00d7 5,3 \u00d7 6,2 cm<\/em><\/strong><\/p>\n","protected":false},"featured_media":8388,"comment_status":"open","ping_status":"closed","template":"","meta":[],"product_brand":[],"product_cat":[363],"product_tag":[269],"class_list":{"0":"post-20774","1":"product","2":"type-product","3":"status-publish","4":"has-post-thumbnail","6":"product_cat-spike-topf","7":"product_tag-haus","9":"first","10":"instock","11":"taxable","12":"shipping-taxable","13":"purchasable","14":"product-type-simple"},"yoast_head":"<!-- This site is optimized with the Yoast SEO plugin v27.5 - https:\/\/yoast.com\/product\/yoast-seo-wordpress\/ -->\n<title>Spike-Topf Haus - Poterie de Crestet<\/title>\n<meta name=\"description\" content=\"Stacheltopf mit Hausdekoration, inspiriert von provenzalischen D\u00f6rfern. Praktisch und dekorativ, f\u00fcr Spaten, So\u00dfen oder als Pinseltopf.\" \/>\n<meta name=\"robots\" content=\"index, follow, max-snippet:-1, max-image-preview:large, max-video-preview:-1\" \/>\n<link rel=\"canonical\" href=\"https:\/\/poterie-de-crestet.com\/de\/keramik\/spike-topf-haus\/\" \/>\n<meta property=\"og:locale\" content=\"de_DE\" \/>\n<meta property=\"og:type\" content=\"article\" \/>\n<meta property=\"og:title\" content=\"Spike-Topf Haus - Poterie de Crestet\" \/>\n<meta property=\"og:description\" content=\"Stacheltopf mit Hausdekoration, inspiriert von provenzalischen D\u00f6rfern. Praktisch und dekorativ, f\u00fcr Spaten, So\u00dfen oder als Pinseltopf.\" \/>\n<meta property=\"og:url\" content=\"https:\/\/poterie-de-crestet.com\/de\/keramik\/spike-topf-haus\/\" \/>\n<meta property=\"og:site_name\" content=\"Poterie de Crestet\" \/>\n<meta property=\"og:image\" content=\"https:\/\/i0.wp.com\/poterie-de-crestet.com\/wp-content\/uploads\/2025\/04\/Poterie-du-Crestet1334-e1748847282755.jpg?fit=800%2C532&ssl=1\" \/>\n\t<meta property=\"og:image:width\" content=\"800\" \/>\n\t<meta property=\"og:image:height\" content=\"532\" \/>\n\t<meta property=\"og:image:type\" content=\"image\/jpeg\" \/>\n<meta name=\"twitter:card\" content=\"summary_large_image\" \/>\n<meta name=\"twitter:label1\" content=\"Gesch\u00e4tzte Lesezeit\" \/>\n\t<meta name=\"twitter:data1\" content=\"1\u00a0Minute\" \/>\n<script type=\"application\/ld+json\" class=\"yoast-schema-graph\">{\"@context\":\"https:\\\/\\\/schema.org\",\"@graph\":[{\"@type\":\"WebPage\",\"@id\":\"https:\\\/\\\/poterie-de-crestet.com\\\/de\\\/keramik\\\/spike-topf-haus\\\/\",\"url\":\"https:\\\/\\\/poterie-de-crestet.com\\\/de\\\/keramik\\\/spike-topf-haus\\\/\",\"name\":\"Spike-Topf Haus - Poterie de Crestet\",\"isPartOf\":{\"@id\":\"https:\\\/\\\/poterie-de-crestet.com\\\/de\\\/#website\"},\"primaryImageOfPage\":{\"@id\":\"https:\\\/\\\/poterie-de-crestet.com\\\/de\\\/keramik\\\/spike-topf-haus\\\/#primaryimage\"},\"image\":{\"@id\":\"https:\\\/\\\/poterie-de-crestet.com\\\/de\\\/keramik\\\/spike-topf-haus\\\/#primaryimage\"},\"thumbnailUrl\":\"https:\\\/\\\/i0.wp.com\\\/poterie-de-crestet.com\\\/wp-content\\\/uploads\\\/2025\\\/04\\\/Poterie-du-Crestet1334-e1748847282755.jpg?fit=800%2C532&ssl=1\",\"datePublished\":\"2025-04-11T10:14:15+00:00\",\"description\":\"Stacheltopf mit Hausdekoration, inspiriert von provenzalischen D\u00f6rfern. Praktisch und dekorativ, f\u00fcr Spaten, So\u00dfen oder als Pinseltopf.\",\"breadcrumb\":{\"@id\":\"https:\\\/\\\/poterie-de-crestet.com\\\/de\\\/keramik\\\/spike-topf-haus\\\/#breadcrumb\"},\"inLanguage\":\"de\",\"potentialAction\":[{\"@type\":\"ReadAction\",\"target\":[\"https:\\\/\\\/poterie-de-crestet.com\\\/de\\\/keramik\\\/spike-topf-haus\\\/\"]}]},{\"@type\":\"ImageObject\",\"inLanguage\":\"de\",\"@id\":\"https:\\\/\\\/poterie-de-crestet.com\\\/de\\\/keramik\\\/spike-topf-haus\\\/#primaryimage\",\"url\":\"https:\\\/\\\/i0.wp.com\\\/poterie-de-crestet.com\\\/wp-content\\\/uploads\\\/2025\\\/04\\\/Poterie-du-Crestet1334-e1748847282755.jpg?fit=800%2C532&ssl=1\",\"contentUrl\":\"https:\\\/\\\/i0.wp.com\\\/poterie-de-crestet.com\\\/wp-content\\\/uploads\\\/2025\\\/04\\\/Poterie-du-Crestet1334-e1748847282755.jpg?fit=800%2C532&ssl=1\",\"width\":800,\"height\":532,\"caption\":\"Selbstgemachter Spike-Topf\"},{\"@type\":\"BreadcrumbList\",\"@id\":\"https:\\\/\\\/poterie-de-crestet.com\\\/de\\\/keramik\\\/spike-topf-haus\\\/#breadcrumb\",\"itemListElement\":[{\"@type\":\"ListItem\",\"position\":1,\"name\":\"Accueil\",\"item\":\"https:\\\/\\\/poterie-de-crestet.com\\\/de\\\/accueil\\\/\"},{\"@type\":\"ListItem\",\"position\":2,\"name\":\"Boutique\",\"item\":\"https:\\\/\\\/poterie-de-crestet.com\\\/ceramiques\\\/\"},{\"@type\":\"ListItem\",\"position\":3,\"name\":\"Spike-Topf Haus\"}]},{\"@type\":\"WebSite\",\"@id\":\"https:\\\/\\\/poterie-de-crestet.com\\\/de\\\/#website\",\"url\":\"https:\\\/\\\/poterie-de-crestet.com\\\/de\\\/\",\"name\":\"Poterie de Crestet\",\"description\":\"Des milliers de poteries inpir\u00e9es de la Provence\",\"publisher\":{\"@id\":\"https:\\\/\\\/poterie-de-crestet.com\\\/de\\\/#organization\"},\"potentialAction\":[{\"@type\":\"SearchAction\",\"target\":{\"@type\":\"EntryPoint\",\"urlTemplate\":\"https:\\\/\\\/poterie-de-crestet.com\\\/de\\\/?s={search_term_string}\"},\"query-input\":{\"@type\":\"PropertyValueSpecification\",\"valueRequired\":true,\"valueName\":\"search_term_string\"}}],\"inLanguage\":\"de\"},{\"@type\":\"Organization\",\"@id\":\"https:\\\/\\\/poterie-de-crestet.com\\\/de\\\/#organization\",\"name\":\"Poterie de Crestet\",\"url\":\"https:\\\/\\\/poterie-de-crestet.com\\\/de\\\/\",\"logo\":{\"@type\":\"ImageObject\",\"inLanguage\":\"de\",\"@id\":\"https:\\\/\\\/poterie-de-crestet.com\\\/de\\\/#\\\/schema\\\/logo\\\/image\\\/\",\"url\":\"https:\\\/\\\/i0.wp.com\\\/poterie-de-crestet.com\\\/wp-content\\\/uploads\\\/2025\\\/03\\\/Propo-4.png?fit=1000%2C462&ssl=1\",\"contentUrl\":\"https:\\\/\\\/i0.wp.com\\\/poterie-de-crestet.com\\\/wp-content\\\/uploads\\\/2025\\\/03\\\/Propo-4.png?fit=1000%2C462&ssl=1\",\"width\":1000,\"height\":462,\"caption\":\"Poterie de Crestet\"},\"image\":{\"@id\":\"https:\\\/\\\/poterie-de-crestet.com\\\/de\\\/#\\\/schema\\\/logo\\\/image\\\/\"}}]}<\/script>\n<!-- \/ Yoast SEO plugin. -->","yoast_head_json":{"title":"Spike-Topf Haus - Poterie de Crestet","description":"Stacheltopf mit Hausdekoration, inspiriert von provenzalischen D\u00f6rfern. Praktisch und dekorativ, f\u00fcr Spaten, So\u00dfen oder als Pinseltopf.","robots":{"index":"index","follow":"follow","max-snippet":"max-snippet:-1","max-image-preview":"max-image-preview:large","max-video-preview":"max-video-preview:-1"},"canonical":"https:\/\/poterie-de-crestet.com\/de\/keramik\/spike-topf-haus\/","og_locale":"de_DE","og_type":"article","og_title":"Spike-Topf Haus - Poterie de Crestet","og_description":"Stacheltopf mit Hausdekoration, inspiriert von provenzalischen D\u00f6rfern. Praktisch und dekorativ, f\u00fcr Spaten, So\u00dfen oder als Pinseltopf.","og_url":"https:\/\/poterie-de-crestet.com\/de\/keramik\/spike-topf-haus\/","og_site_name":"Poterie de Crestet","og_image":[{"width":800,"height":532,"url":"https:\/\/i0.wp.com\/poterie-de-crestet.com\/wp-content\/uploads\/2025\/04\/Poterie-du-Crestet1334-e1748847282755.jpg?fit=800%2C532&ssl=1","type":"image\/jpeg"}],"twitter_card":"summary_large_image","twitter_misc":{"Gesch\u00e4tzte Lesezeit":"1\u00a0Minute"},"schema":{"@context":"https:\/\/schema.org","@graph":[{"@type":"WebPage","@id":"https:\/\/poterie-de-crestet.com\/de\/keramik\/spike-topf-haus\/","url":"https:\/\/poterie-de-crestet.com\/de\/keramik\/spike-topf-haus\/","name":"Spike-Topf Haus - Poterie de Crestet","isPartOf":{"@id":"https:\/\/poterie-de-crestet.com\/de\/#website"},"primaryImageOfPage":{"@id":"https:\/\/poterie-de-crestet.com\/de\/keramik\/spike-topf-haus\/#primaryimage"},"image":{"@id":"https:\/\/poterie-de-crestet.com\/de\/keramik\/spike-topf-haus\/#primaryimage"},"thumbnailUrl":"https:\/\/i0.wp.com\/poterie-de-crestet.com\/wp-content\/uploads\/2025\/04\/Poterie-du-Crestet1334-e1748847282755.jpg?fit=800%2C532&ssl=1","datePublished":"2025-04-11T10:14:15+00:00","description":"Stacheltopf mit Hausdekoration, inspiriert von provenzalischen D\u00f6rfern. Praktisch und dekorativ, f\u00fcr Spaten, So\u00dfen oder als Pinseltopf.","breadcrumb":{"@id":"https:\/\/poterie-de-crestet.com\/de\/keramik\/spike-topf-haus\/#breadcrumb"},"inLanguage":"de","potentialAction":[{"@type":"ReadAction","target":["https:\/\/poterie-de-crestet.com\/de\/keramik\/spike-topf-haus\/"]}]},{"@type":"ImageObject","inLanguage":"de","@id":"https:\/\/poterie-de-crestet.com\/de\/keramik\/spike-topf-haus\/#primaryimage","url":"https:\/\/i0.wp.com\/poterie-de-crestet.com\/wp-content\/uploads\/2025\/04\/Poterie-du-Crestet1334-e1748847282755.jpg?fit=800%2C532&ssl=1","contentUrl":"https:\/\/i0.wp.com\/poterie-de-crestet.com\/wp-content\/uploads\/2025\/04\/Poterie-du-Crestet1334-e1748847282755.jpg?fit=800%2C532&ssl=1","width":800,"height":532,"caption":"Selbstgemachter Spike-Topf"},{"@type":"BreadcrumbList","@id":"https:\/\/poterie-de-crestet.com\/de\/keramik\/spike-topf-haus\/#breadcrumb","itemListElement":[{"@type":"ListItem","position":1,"name":"Accueil","item":"https:\/\/poterie-de-crestet.com\/de\/accueil\/"},{"@type":"ListItem","position":2,"name":"Boutique","item":"https:\/\/poterie-de-crestet.com\/ceramiques\/"},{"@type":"ListItem","position":3,"name":"Spike-Topf Haus"}]},{"@type":"WebSite","@id":"https:\/\/poterie-de-crestet.com\/de\/#website","url":"https:\/\/poterie-de-crestet.com\/de\/","name":"Poterie de Crestet","description":"Des milliers de poteries inpir\u00e9es de la Provence","publisher":{"@id":"https:\/\/poterie-de-crestet.com\/de\/#organization"},"potentialAction":[{"@type":"SearchAction","target":{"@type":"EntryPoint","urlTemplate":"https:\/\/poterie-de-crestet.com\/de\/?s={search_term_string}"},"query-input":{"@type":"PropertyValueSpecification","valueRequired":true,"valueName":"search_term_string"}}],"inLanguage":"de"},{"@type":"Organization","@id":"https:\/\/poterie-de-crestet.com\/de\/#organization","name":"Poterie de Crestet","url":"https:\/\/poterie-de-crestet.com\/de\/","logo":{"@type":"ImageObject","inLanguage":"de","@id":"https:\/\/poterie-de-crestet.com\/de\/#\/schema\/logo\/image\/","url":"https:\/\/i0.wp.com\/poterie-de-crestet.com\/wp-content\/uploads\/2025\/03\/Propo-4.png?fit=1000%2C462&ssl=1","contentUrl":"https:\/\/i0.wp.com\/poterie-de-crestet.com\/wp-content\/uploads\/2025\/03\/Propo-4.png?fit=1000%2C462&ssl=1","width":1000,"height":462,"caption":"Poterie de Crestet"},"image":{"@id":"https:\/\/poterie-de-crestet.com\/de\/#\/schema\/logo\/image\/"}}]}},"jetpack_sharing_enabled":true,"_links":{"self":[{"href":"https:\/\/poterie-de-crestet.com\/de\/wp-json\/wp\/v2\/product\/20774","targetHints":{"allow":["GET"]}}],"collection":[{"href":"https:\/\/poterie-de-crestet.com\/de\/wp-json\/wp\/v2\/product"}],"about":[{"href":"https:\/\/poterie-de-crestet.com\/de\/wp-json\/wp\/v2\/types\/product"}],"replies":[{"embeddable":true,"href":"https:\/\/poterie-de-crestet.com\/de\/wp-json\/wp\/v2\/comments?post=20774"}],"version-history":[{"count":0,"href":"https:\/\/poterie-de-crestet.com\/de\/wp-json\/wp\/v2\/product\/20774\/revisions"}],"wp:featuredmedia":[{"embeddable":true,"href":"https:\/\/poterie-de-crestet.com\/de\/wp-json\/wp\/v2\/media\/8388"}],"wp:attachment":[{"href":"https:\/\/poterie-de-crestet.com\/de\/wp-json\/wp\/v2\/media?parent=20774"}],"wp:term":[{"taxonomy":"product_brand","embeddable":true,"href":"https:\/\/poterie-de-crestet.com\/de\/wp-json\/wp\/v2\/product_brand?post=20774"},{"taxonomy":"product_cat","embeddable":true,"href":"https:\/\/poterie-de-crestet.com\/de\/wp-json\/wp\/v2\/product_cat?post=20774"},{"taxonomy":"product_tag","embeddable":true,"href":"https:\/\/poterie-de-crestet.com\/de\/wp-json\/wp\/v2\/product_tag?post=20774"}],"curies":[{"name":"wp","href":"https:\/\/api.w.org\/{rel}","templated":true}]}}