{"id":20670,"date":"2025-04-11T12:14:05","date_gmt":"2025-04-11T10:14:05","guid":{"rendered":"https:\/\/poterie-de-crestet.com\/ceramiques\/knoblauch-schaber-leichter-boden\/"},"modified":"2025-04-11T12:14:05","modified_gmt":"2025-04-11T10:14:05","slug":"knoblauch-schaber-leichter-boden","status":"publish","type":"product","link":"https:\/\/poterie-de-crestet.com\/de\/keramik\/knoblauch-schaber-leichter-boden\/","title":{"rendered":"Knoblauch-Schaber  <h5>Leichter Boden<\/h5>"},"content":{"rendered":"<p data-start=\"266\" data-end=\"618\">Diese Knoblauch-Schaberschale mit heller Bodendekoration ist ein Musterbeispiel f\u00fcr diskrete Eleganz. Perfekt f\u00fcr Liebhaber von raffinierter Einfachheit, begr\u00fc\u00dft es Salate, Obst oder Familiengerichte stilvoll. Der Boden ist mit einem eingebauten Schaber ausgestattet, mit dem man Knoblauch oder Ingwer direkt in die Sch\u00fcssel reiben kann, um sofort aromatisch zu wirken.  <\/p>\n<p data-start=\"620\" data-end=\"1137\">Seine Einrichtung, handgemalt in hellen, nat\u00fcrlichen Farbt\u00f6nen, f\u00fcgt sich harmonisch in jede Tischatmosph\u00e4re ein. Diese Salatsch\u00fcssel ist sp\u00fclmaschinen- und mikrowellenfest und entspricht den Lebensmittelnormen. Kombinieren Sie ihn mit der<a href=\"https:\/\/poterie-de-crestet.com\/de\/keramik\/kuchenform-leichter-boden\/\"> Sol Light Cake Dish<\/a> f\u00fcr einen Ton-auf-Ton-Tisch oder spielen Sie mit einem starken Kontrast zum <a href=\"https:\/\/poterie-de-crestet.com\/de\/keramik\/egg-holder-6-tropisch\/\">Tropical Egg Holder.<\/a>  <\/p>\n","protected":false},"excerpt":{"rendered":"<p>Handdekorierte Keramiksalatschale in nat\u00fcrlichen und n\u00fcchternen T\u00f6nen. Gerippte Basis f\u00fcr Knoblauch, Ingwer oder Schale. <br data-start=\"221\" data-end=\"224\"><strong data-start=\"224\" data-end=\"264\"><em data-start=\"226\" data-end=\"262\">Abmessungen: 28,6 \u00d7 28,6 \u00d7 13,7 cm<\/em><\/strong><\/p>\n","protected":false},"featured_media":8536,"comment_status":"open","ping_status":"closed","template":"","meta":[],"product_brand":[],"product_cat":[360],"product_tag":[234],"class_list":{"0":"post-20670","1":"product","2":"type-product","3":"status-publish","4":"has-post-thumbnail","6":"product_cat-knoblauch-schaber","7":"product_tag-leichter-boden","9":"first","10":"instock","11":"taxable","12":"shipping-taxable","13":"purchasable","14":"product-type-simple"},"yoast_head":"<!-- This site is optimized with the Yoast SEO plugin v27.5 - https:\/\/yoast.com\/product\/yoast-seo-wordpress\/ -->\n<title>Knoblauch-Schaber Leichter Boden - Poterie de Crestet<\/title>\n<meta name=\"description\" content=\"N\u00fcchterne Salatsch\u00fcssel mit hellem Bodendekor, mit Schaber f\u00fcr Knoblauch oder Ingwer. Praktisch, elegant und einfach zu kombinieren, w\u00e4hrend dabei Geschirr minimiert wird.\" \/>\n<meta name=\"robots\" content=\"index, follow, max-snippet:-1, max-image-preview:large, max-video-preview:-1\" \/>\n<link rel=\"canonical\" href=\"https:\/\/poterie-de-crestet.com\/de\/keramik\/knoblauch-schaber-leichter-boden\/\" \/>\n<meta property=\"og:locale\" content=\"de_DE\" \/>\n<meta property=\"og:type\" content=\"article\" \/>\n<meta property=\"og:title\" content=\"Knoblauch-Schaber Leichter Boden - Poterie de Crestet\" \/>\n<meta property=\"og:description\" content=\"N\u00fcchterne Salatsch\u00fcssel mit hellem Bodendekor, mit Schaber f\u00fcr Knoblauch oder Ingwer. Praktisch, elegant und einfach zu kombinieren, w\u00e4hrend dabei Geschirr minimiert wird.\" \/>\n<meta property=\"og:url\" content=\"https:\/\/poterie-de-crestet.com\/de\/keramik\/knoblauch-schaber-leichter-boden\/\" \/>\n<meta property=\"og:site_name\" content=\"Poterie de Crestet\" \/>\n<meta property=\"og:image\" content=\"https:\/\/i0.wp.com\/poterie-de-crestet.com\/wp-content\/uploads\/2025\/04\/saladier-rape-ail-1-sol-clair.jpg?fit=458%2C458&ssl=1\" \/>\n\t<meta property=\"og:image:width\" content=\"458\" \/>\n\t<meta property=\"og:image:height\" content=\"458\" \/>\n\t<meta property=\"og:image:type\" content=\"image\/jpeg\" \/>\n<meta name=\"twitter:card\" content=\"summary_large_image\" \/>\n<meta name=\"twitter:label1\" content=\"Gesch\u00e4tzte Lesezeit\" \/>\n\t<meta name=\"twitter:data1\" content=\"1\u00a0Minute\" \/>\n<script type=\"application\/ld+json\" class=\"yoast-schema-graph\">{\"@context\":\"https:\\\/\\\/schema.org\",\"@graph\":[{\"@type\":\"WebPage\",\"@id\":\"https:\\\/\\\/poterie-de-crestet.com\\\/de\\\/keramik\\\/knoblauch-schaber-leichter-boden\\\/\",\"url\":\"https:\\\/\\\/poterie-de-crestet.com\\\/de\\\/keramik\\\/knoblauch-schaber-leichter-boden\\\/\",\"name\":\"Knoblauch-Schaber Leichter Boden - Poterie de Crestet\",\"isPartOf\":{\"@id\":\"https:\\\/\\\/poterie-de-crestet.com\\\/de\\\/#website\"},\"primaryImageOfPage\":{\"@id\":\"https:\\\/\\\/poterie-de-crestet.com\\\/de\\\/keramik\\\/knoblauch-schaber-leichter-boden\\\/#primaryimage\"},\"image\":{\"@id\":\"https:\\\/\\\/poterie-de-crestet.com\\\/de\\\/keramik\\\/knoblauch-schaber-leichter-boden\\\/#primaryimage\"},\"thumbnailUrl\":\"https:\\\/\\\/i0.wp.com\\\/poterie-de-crestet.com\\\/wp-content\\\/uploads\\\/2025\\\/04\\\/saladier-rape-ail-1-sol-clair.jpg?fit=458%2C458&ssl=1\",\"datePublished\":\"2025-04-11T10:14:05+00:00\",\"description\":\"N\u00fcchterne Salatsch\u00fcssel mit hellem Bodendekor, mit Schaber f\u00fcr Knoblauch oder Ingwer. Praktisch, elegant und einfach zu kombinieren, w\u00e4hrend dabei Geschirr minimiert wird.\",\"breadcrumb\":{\"@id\":\"https:\\\/\\\/poterie-de-crestet.com\\\/de\\\/keramik\\\/knoblauch-schaber-leichter-boden\\\/#breadcrumb\"},\"inLanguage\":\"de\",\"potentialAction\":[{\"@type\":\"ReadAction\",\"target\":[\"https:\\\/\\\/poterie-de-crestet.com\\\/de\\\/keramik\\\/knoblauch-schaber-leichter-boden\\\/\"]}]},{\"@type\":\"ImageObject\",\"inLanguage\":\"de\",\"@id\":\"https:\\\/\\\/poterie-de-crestet.com\\\/de\\\/keramik\\\/knoblauch-schaber-leichter-boden\\\/#primaryimage\",\"url\":\"https:\\\/\\\/i0.wp.com\\\/poterie-de-crestet.com\\\/wp-content\\\/uploads\\\/2025\\\/04\\\/saladier-rape-ail-1-sol-clair.jpg?fit=458%2C458&ssl=1\",\"contentUrl\":\"https:\\\/\\\/i0.wp.com\\\/poterie-de-crestet.com\\\/wp-content\\\/uploads\\\/2025\\\/04\\\/saladier-rape-ail-1-sol-clair.jpg?fit=458%2C458&ssl=1\",\"width\":458,\"height\":458,\"caption\":\"Knoblauchschaber Light Sol\"},{\"@type\":\"BreadcrumbList\",\"@id\":\"https:\\\/\\\/poterie-de-crestet.com\\\/de\\\/keramik\\\/knoblauch-schaber-leichter-boden\\\/#breadcrumb\",\"itemListElement\":[{\"@type\":\"ListItem\",\"position\":1,\"name\":\"Accueil\",\"item\":\"https:\\\/\\\/poterie-de-crestet.com\\\/de\\\/accueil\\\/\"},{\"@type\":\"ListItem\",\"position\":2,\"name\":\"Boutique\",\"item\":\"https:\\\/\\\/poterie-de-crestet.com\\\/ceramiques\\\/\"},{\"@type\":\"ListItem\",\"position\":3,\"name\":\"Knoblauch-Schaber Leichter Boden\"}]},{\"@type\":\"WebSite\",\"@id\":\"https:\\\/\\\/poterie-de-crestet.com\\\/de\\\/#website\",\"url\":\"https:\\\/\\\/poterie-de-crestet.com\\\/de\\\/\",\"name\":\"Poterie de Crestet\",\"description\":\"Des milliers de poteries inpir\u00e9es de la Provence\",\"publisher\":{\"@id\":\"https:\\\/\\\/poterie-de-crestet.com\\\/de\\\/#organization\"},\"potentialAction\":[{\"@type\":\"SearchAction\",\"target\":{\"@type\":\"EntryPoint\",\"urlTemplate\":\"https:\\\/\\\/poterie-de-crestet.com\\\/de\\\/?s={search_term_string}\"},\"query-input\":{\"@type\":\"PropertyValueSpecification\",\"valueRequired\":true,\"valueName\":\"search_term_string\"}}],\"inLanguage\":\"de\"},{\"@type\":\"Organization\",\"@id\":\"https:\\\/\\\/poterie-de-crestet.com\\\/de\\\/#organization\",\"name\":\"Poterie de Crestet\",\"url\":\"https:\\\/\\\/poterie-de-crestet.com\\\/de\\\/\",\"logo\":{\"@type\":\"ImageObject\",\"inLanguage\":\"de\",\"@id\":\"https:\\\/\\\/poterie-de-crestet.com\\\/de\\\/#\\\/schema\\\/logo\\\/image\\\/\",\"url\":\"https:\\\/\\\/i0.wp.com\\\/poterie-de-crestet.com\\\/wp-content\\\/uploads\\\/2025\\\/03\\\/Propo-4.png?fit=1000%2C462&ssl=1\",\"contentUrl\":\"https:\\\/\\\/i0.wp.com\\\/poterie-de-crestet.com\\\/wp-content\\\/uploads\\\/2025\\\/03\\\/Propo-4.png?fit=1000%2C462&ssl=1\",\"width\":1000,\"height\":462,\"caption\":\"Poterie de Crestet\"},\"image\":{\"@id\":\"https:\\\/\\\/poterie-de-crestet.com\\\/de\\\/#\\\/schema\\\/logo\\\/image\\\/\"}}]}<\/script>\n<!-- \/ Yoast SEO plugin. -->","yoast_head_json":{"title":"Knoblauch-Schaber Leichter Boden - Poterie de Crestet","description":"N\u00fcchterne Salatsch\u00fcssel mit hellem Bodendekor, mit Schaber f\u00fcr Knoblauch oder Ingwer. Praktisch, elegant und einfach zu kombinieren, w\u00e4hrend dabei Geschirr minimiert wird.","robots":{"index":"index","follow":"follow","max-snippet":"max-snippet:-1","max-image-preview":"max-image-preview:large","max-video-preview":"max-video-preview:-1"},"canonical":"https:\/\/poterie-de-crestet.com\/de\/keramik\/knoblauch-schaber-leichter-boden\/","og_locale":"de_DE","og_type":"article","og_title":"Knoblauch-Schaber Leichter Boden - Poterie de Crestet","og_description":"N\u00fcchterne Salatsch\u00fcssel mit hellem Bodendekor, mit Schaber f\u00fcr Knoblauch oder Ingwer. Praktisch, elegant und einfach zu kombinieren, w\u00e4hrend dabei Geschirr minimiert wird.","og_url":"https:\/\/poterie-de-crestet.com\/de\/keramik\/knoblauch-schaber-leichter-boden\/","og_site_name":"Poterie de Crestet","og_image":[{"width":458,"height":458,"url":"https:\/\/i0.wp.com\/poterie-de-crestet.com\/wp-content\/uploads\/2025\/04\/saladier-rape-ail-1-sol-clair.jpg?fit=458%2C458&ssl=1","type":"image\/jpeg"}],"twitter_card":"summary_large_image","twitter_misc":{"Gesch\u00e4tzte Lesezeit":"1\u00a0Minute"},"schema":{"@context":"https:\/\/schema.org","@graph":[{"@type":"WebPage","@id":"https:\/\/poterie-de-crestet.com\/de\/keramik\/knoblauch-schaber-leichter-boden\/","url":"https:\/\/poterie-de-crestet.com\/de\/keramik\/knoblauch-schaber-leichter-boden\/","name":"Knoblauch-Schaber Leichter Boden - Poterie de Crestet","isPartOf":{"@id":"https:\/\/poterie-de-crestet.com\/de\/#website"},"primaryImageOfPage":{"@id":"https:\/\/poterie-de-crestet.com\/de\/keramik\/knoblauch-schaber-leichter-boden\/#primaryimage"},"image":{"@id":"https:\/\/poterie-de-crestet.com\/de\/keramik\/knoblauch-schaber-leichter-boden\/#primaryimage"},"thumbnailUrl":"https:\/\/i0.wp.com\/poterie-de-crestet.com\/wp-content\/uploads\/2025\/04\/saladier-rape-ail-1-sol-clair.jpg?fit=458%2C458&ssl=1","datePublished":"2025-04-11T10:14:05+00:00","description":"N\u00fcchterne Salatsch\u00fcssel mit hellem Bodendekor, mit Schaber f\u00fcr Knoblauch oder Ingwer. Praktisch, elegant und einfach zu kombinieren, w\u00e4hrend dabei Geschirr minimiert wird.","breadcrumb":{"@id":"https:\/\/poterie-de-crestet.com\/de\/keramik\/knoblauch-schaber-leichter-boden\/#breadcrumb"},"inLanguage":"de","potentialAction":[{"@type":"ReadAction","target":["https:\/\/poterie-de-crestet.com\/de\/keramik\/knoblauch-schaber-leichter-boden\/"]}]},{"@type":"ImageObject","inLanguage":"de","@id":"https:\/\/poterie-de-crestet.com\/de\/keramik\/knoblauch-schaber-leichter-boden\/#primaryimage","url":"https:\/\/i0.wp.com\/poterie-de-crestet.com\/wp-content\/uploads\/2025\/04\/saladier-rape-ail-1-sol-clair.jpg?fit=458%2C458&ssl=1","contentUrl":"https:\/\/i0.wp.com\/poterie-de-crestet.com\/wp-content\/uploads\/2025\/04\/saladier-rape-ail-1-sol-clair.jpg?fit=458%2C458&ssl=1","width":458,"height":458,"caption":"Knoblauchschaber Light Sol"},{"@type":"BreadcrumbList","@id":"https:\/\/poterie-de-crestet.com\/de\/keramik\/knoblauch-schaber-leichter-boden\/#breadcrumb","itemListElement":[{"@type":"ListItem","position":1,"name":"Accueil","item":"https:\/\/poterie-de-crestet.com\/de\/accueil\/"},{"@type":"ListItem","position":2,"name":"Boutique","item":"https:\/\/poterie-de-crestet.com\/ceramiques\/"},{"@type":"ListItem","position":3,"name":"Knoblauch-Schaber Leichter Boden"}]},{"@type":"WebSite","@id":"https:\/\/poterie-de-crestet.com\/de\/#website","url":"https:\/\/poterie-de-crestet.com\/de\/","name":"Poterie de Crestet","description":"Des milliers de poteries inpir\u00e9es de la Provence","publisher":{"@id":"https:\/\/poterie-de-crestet.com\/de\/#organization"},"potentialAction":[{"@type":"SearchAction","target":{"@type":"EntryPoint","urlTemplate":"https:\/\/poterie-de-crestet.com\/de\/?s={search_term_string}"},"query-input":{"@type":"PropertyValueSpecification","valueRequired":true,"valueName":"search_term_string"}}],"inLanguage":"de"},{"@type":"Organization","@id":"https:\/\/poterie-de-crestet.com\/de\/#organization","name":"Poterie de Crestet","url":"https:\/\/poterie-de-crestet.com\/de\/","logo":{"@type":"ImageObject","inLanguage":"de","@id":"https:\/\/poterie-de-crestet.com\/de\/#\/schema\/logo\/image\/","url":"https:\/\/i0.wp.com\/poterie-de-crestet.com\/wp-content\/uploads\/2025\/03\/Propo-4.png?fit=1000%2C462&ssl=1","contentUrl":"https:\/\/i0.wp.com\/poterie-de-crestet.com\/wp-content\/uploads\/2025\/03\/Propo-4.png?fit=1000%2C462&ssl=1","width":1000,"height":462,"caption":"Poterie de Crestet"},"image":{"@id":"https:\/\/poterie-de-crestet.com\/de\/#\/schema\/logo\/image\/"}}]}},"jetpack_sharing_enabled":true,"_links":{"self":[{"href":"https:\/\/poterie-de-crestet.com\/de\/wp-json\/wp\/v2\/product\/20670","targetHints":{"allow":["GET"]}}],"collection":[{"href":"https:\/\/poterie-de-crestet.com\/de\/wp-json\/wp\/v2\/product"}],"about":[{"href":"https:\/\/poterie-de-crestet.com\/de\/wp-json\/wp\/v2\/types\/product"}],"replies":[{"embeddable":true,"href":"https:\/\/poterie-de-crestet.com\/de\/wp-json\/wp\/v2\/comments?post=20670"}],"version-history":[{"count":0,"href":"https:\/\/poterie-de-crestet.com\/de\/wp-json\/wp\/v2\/product\/20670\/revisions"}],"wp:featuredmedia":[{"embeddable":true,"href":"https:\/\/poterie-de-crestet.com\/de\/wp-json\/wp\/v2\/media\/8536"}],"wp:attachment":[{"href":"https:\/\/poterie-de-crestet.com\/de\/wp-json\/wp\/v2\/media?parent=20670"}],"wp:term":[{"taxonomy":"product_brand","embeddable":true,"href":"https:\/\/poterie-de-crestet.com\/de\/wp-json\/wp\/v2\/product_brand?post=20670"},{"taxonomy":"product_cat","embeddable":true,"href":"https:\/\/poterie-de-crestet.com\/de\/wp-json\/wp\/v2\/product_cat?post=20670"},{"taxonomy":"product_tag","embeddable":true,"href":"https:\/\/poterie-de-crestet.com\/de\/wp-json\/wp\/v2\/product_tag?post=20670"}],"curies":[{"name":"wp","href":"https:\/\/api.w.org\/{rel}","templated":true}]}}