{"id":20503,"date":"2025-04-15T15:32:42","date_gmt":"2025-04-15T13:32:42","guid":{"rendered":"https:\/\/poterie-de-crestet.com\/ceramiques\/riesige-salatschuessel-nyons-red\/"},"modified":"2025-04-15T15:32:42","modified_gmt":"2025-04-15T13:32:42","slug":"riesige-salatschuessel-nyons-red","status":"publish","type":"product","link":"https:\/\/poterie-de-crestet.com\/de\/keramik\/riesige-salatschuessel-nyons-red\/","title":{"rendered":"Riesige Salatsch\u00fcssel  <h5>Nyons Red<\/h5>"},"content":{"rendered":"<p data-start=\"4445\" data-end=\"4714\">Diese riesige Salatsch\u00fcssel mit roter Nyons-Dekoration ist f\u00fcr gro\u00dfen Appetit und gro\u00dfe Tische gemacht. Ob f\u00fcr einen Sommersalat, frisch gepfl\u00fccktes Obst oder ein Gericht zum Teilen \u2013 das Format sorgt daf\u00fcr, dass Ihnen nie der Platz ausgeht. <\/p>\n<p data-start=\"4716\" data-end=\"4949\">Das handgemalte Dekor erinnert mit seinen leuchtend roten T\u00f6nen an die sonnigen Olivenhaine des S\u00fcdens. Langlebig, sp\u00fclmaschinenfest, mikrowellenfest und lebensmitteltauglich \u2013 es ist ebenso praktisch wie charmant. <\/p>\n<p data-start=\"4951\" data-end=\"5257\">Vervollst\u00e4ndigen Sie Ihren Tisch mit dem <a class=\"cursor-pointer\" href=\"https:\/\/poterie-de-crestet.com\/de\/keramik\/egg-holder-16-nyons-red\/\" target=\"_new\" rel=\"noopener\" data-start=\"4981\" data-end=\"5072\">roten Nyons-Eierhalter<\/a> oder verleihen Sie dem <a class=\"cursor-pointer\" href=\"https:\/\/poterie-de-crestet.com\/de\/keramik\/loeffelauflage-blaugrauer-streifen\/\" target=\"_new\" rel=\"noopener\" data-start=\"5113\" data-end=\"5219\">blau-grauen Gestreiften L\u00f6ffelauflage<\/a> eine moderne Note.<\/p>\n","protected":false},"excerpt":{"rendered":"<p>Riesige Keramiksalatsch\u00fcssel mit rotem Nyons-Dekor f\u00fcr gesellige Mahlzeiten. Ideal f\u00fcr gro\u00dfe Salate, Obst oder Familiengerichte. <br data-start=\"4406\" data-end=\"4409\"><strong data-start=\"4409\" data-end=\"4443\"><em data-start=\"4411\" data-end=\"4441\">Ma\u00dfe: 32 \u00d7 32 \u00d7 13 cm<\/em><\/strong><\/p>\n","protected":false},"featured_media":10419,"comment_status":"open","ping_status":"closed","template":"","meta":[],"product_brand":[],"product_cat":[378],"product_tag":[225],"class_list":{"0":"post-20503","1":"product","2":"type-product","3":"status-publish","4":"has-post-thumbnail","6":"product_cat-riesige-salatschalen","7":"product_tag-nyons-red","9":"first","10":"instock","11":"taxable","12":"shipping-taxable","13":"purchasable","14":"product-type-simple"},"yoast_head":"<!-- This site is optimized with the Yoast SEO plugin v27.5 - https:\/\/yoast.com\/product\/yoast-seo-wordpress\/ -->\n<title>Riesige Salatsch\u00fcssel Nyons Red - Poterie de Crestet<\/title>\n<meta name=\"description\" content=\"Riesige rote Nyons-Salatsch\u00fcssel, handbemalte provenzalische Dekoration. Ideale Gr\u00f6\u00dfe zum Teilen von Gerichten und gro\u00dfen Zubereitungen.\" \/>\n<meta name=\"robots\" content=\"index, follow, max-snippet:-1, max-image-preview:large, max-video-preview:-1\" \/>\n<link rel=\"canonical\" href=\"https:\/\/poterie-de-crestet.com\/de\/keramik\/riesige-salatschuessel-nyons-red\/\" \/>\n<meta property=\"og:locale\" content=\"de_DE\" \/>\n<meta property=\"og:type\" content=\"article\" \/>\n<meta property=\"og:title\" content=\"Riesige Salatsch\u00fcssel Nyons Red - Poterie de Crestet\" \/>\n<meta property=\"og:description\" content=\"Riesige rote Nyons-Salatsch\u00fcssel, handbemalte provenzalische Dekoration. Ideale Gr\u00f6\u00dfe zum Teilen von Gerichten und gro\u00dfen Zubereitungen.\" \/>\n<meta property=\"og:url\" content=\"https:\/\/poterie-de-crestet.com\/de\/keramik\/riesige-salatschuessel-nyons-red\/\" \/>\n<meta property=\"og:site_name\" content=\"Poterie de Crestet\" \/>\n<meta property=\"og:image\" content=\"https:\/\/i0.wp.com\/poterie-de-crestet.com\/wp-content\/uploads\/2025\/06\/saladier-geant-2-nyons-roughe.jpg?fit=458%2C458&ssl=1\" \/>\n\t<meta property=\"og:image:width\" content=\"458\" \/>\n\t<meta property=\"og:image:height\" content=\"458\" \/>\n\t<meta property=\"og:image:type\" content=\"image\/jpeg\" \/>\n<meta name=\"twitter:card\" content=\"summary_large_image\" \/>\n<script type=\"application\/ld+json\" class=\"yoast-schema-graph\">{\"@context\":\"https:\\\/\\\/schema.org\",\"@graph\":[{\"@type\":\"WebPage\",\"@id\":\"https:\\\/\\\/poterie-de-crestet.com\\\/de\\\/keramik\\\/riesige-salatschuessel-nyons-red\\\/\",\"url\":\"https:\\\/\\\/poterie-de-crestet.com\\\/de\\\/keramik\\\/riesige-salatschuessel-nyons-red\\\/\",\"name\":\"Riesige Salatsch\u00fcssel Nyons Red - Poterie de Crestet\",\"isPartOf\":{\"@id\":\"https:\\\/\\\/poterie-de-crestet.com\\\/de\\\/#website\"},\"primaryImageOfPage\":{\"@id\":\"https:\\\/\\\/poterie-de-crestet.com\\\/de\\\/keramik\\\/riesige-salatschuessel-nyons-red\\\/#primaryimage\"},\"image\":{\"@id\":\"https:\\\/\\\/poterie-de-crestet.com\\\/de\\\/keramik\\\/riesige-salatschuessel-nyons-red\\\/#primaryimage\"},\"thumbnailUrl\":\"https:\\\/\\\/i0.wp.com\\\/poterie-de-crestet.com\\\/wp-content\\\/uploads\\\/2025\\\/06\\\/saladier-geant-2-nyons-roughe.jpg?fit=458%2C458&ssl=1\",\"datePublished\":\"2025-04-15T13:32:42+00:00\",\"description\":\"Riesige rote Nyons-Salatsch\u00fcssel, handbemalte provenzalische Dekoration. Ideale Gr\u00f6\u00dfe zum Teilen von Gerichten und gro\u00dfen Zubereitungen.\",\"breadcrumb\":{\"@id\":\"https:\\\/\\\/poterie-de-crestet.com\\\/de\\\/keramik\\\/riesige-salatschuessel-nyons-red\\\/#breadcrumb\"},\"inLanguage\":\"de\",\"potentialAction\":[{\"@type\":\"ReadAction\",\"target\":[\"https:\\\/\\\/poterie-de-crestet.com\\\/de\\\/keramik\\\/riesige-salatschuessel-nyons-red\\\/\"]}]},{\"@type\":\"ImageObject\",\"inLanguage\":\"de\",\"@id\":\"https:\\\/\\\/poterie-de-crestet.com\\\/de\\\/keramik\\\/riesige-salatschuessel-nyons-red\\\/#primaryimage\",\"url\":\"https:\\\/\\\/i0.wp.com\\\/poterie-de-crestet.com\\\/wp-content\\\/uploads\\\/2025\\\/06\\\/saladier-geant-2-nyons-roughe.jpg?fit=458%2C458&ssl=1\",\"contentUrl\":\"https:\\\/\\\/i0.wp.com\\\/poterie-de-crestet.com\\\/wp-content\\\/uploads\\\/2025\\\/06\\\/saladier-geant-2-nyons-roughe.jpg?fit=458%2C458&ssl=1\",\"width\":458,\"height\":458,\"caption\":\"Riesige rote Nyons-Salatsch\u00fcssel\"},{\"@type\":\"BreadcrumbList\",\"@id\":\"https:\\\/\\\/poterie-de-crestet.com\\\/de\\\/keramik\\\/riesige-salatschuessel-nyons-red\\\/#breadcrumb\",\"itemListElement\":[{\"@type\":\"ListItem\",\"position\":1,\"name\":\"Accueil\",\"item\":\"https:\\\/\\\/poterie-de-crestet.com\\\/de\\\/accueil\\\/\"},{\"@type\":\"ListItem\",\"position\":2,\"name\":\"Boutique\",\"item\":\"https:\\\/\\\/poterie-de-crestet.com\\\/ceramiques\\\/\"},{\"@type\":\"ListItem\",\"position\":3,\"name\":\"Riesige Salatsch\u00fcssel Nyons Red\"}]},{\"@type\":\"WebSite\",\"@id\":\"https:\\\/\\\/poterie-de-crestet.com\\\/de\\\/#website\",\"url\":\"https:\\\/\\\/poterie-de-crestet.com\\\/de\\\/\",\"name\":\"Poterie de Crestet\",\"description\":\"Des milliers de poteries inpir\u00e9es de la Provence\",\"publisher\":{\"@id\":\"https:\\\/\\\/poterie-de-crestet.com\\\/de\\\/#organization\"},\"potentialAction\":[{\"@type\":\"SearchAction\",\"target\":{\"@type\":\"EntryPoint\",\"urlTemplate\":\"https:\\\/\\\/poterie-de-crestet.com\\\/de\\\/?s={search_term_string}\"},\"query-input\":{\"@type\":\"PropertyValueSpecification\",\"valueRequired\":true,\"valueName\":\"search_term_string\"}}],\"inLanguage\":\"de\"},{\"@type\":\"Organization\",\"@id\":\"https:\\\/\\\/poterie-de-crestet.com\\\/de\\\/#organization\",\"name\":\"Poterie de Crestet\",\"url\":\"https:\\\/\\\/poterie-de-crestet.com\\\/de\\\/\",\"logo\":{\"@type\":\"ImageObject\",\"inLanguage\":\"de\",\"@id\":\"https:\\\/\\\/poterie-de-crestet.com\\\/de\\\/#\\\/schema\\\/logo\\\/image\\\/\",\"url\":\"https:\\\/\\\/i0.wp.com\\\/poterie-de-crestet.com\\\/wp-content\\\/uploads\\\/2025\\\/03\\\/Propo-4.png?fit=1000%2C462&ssl=1\",\"contentUrl\":\"https:\\\/\\\/i0.wp.com\\\/poterie-de-crestet.com\\\/wp-content\\\/uploads\\\/2025\\\/03\\\/Propo-4.png?fit=1000%2C462&ssl=1\",\"width\":1000,\"height\":462,\"caption\":\"Poterie de Crestet\"},\"image\":{\"@id\":\"https:\\\/\\\/poterie-de-crestet.com\\\/de\\\/#\\\/schema\\\/logo\\\/image\\\/\"}}]}<\/script>\n<!-- \/ Yoast SEO plugin. -->","yoast_head_json":{"title":"Riesige Salatsch\u00fcssel Nyons Red - Poterie de Crestet","description":"Riesige rote Nyons-Salatsch\u00fcssel, handbemalte provenzalische Dekoration. Ideale Gr\u00f6\u00dfe zum Teilen von Gerichten und gro\u00dfen Zubereitungen.","robots":{"index":"index","follow":"follow","max-snippet":"max-snippet:-1","max-image-preview":"max-image-preview:large","max-video-preview":"max-video-preview:-1"},"canonical":"https:\/\/poterie-de-crestet.com\/de\/keramik\/riesige-salatschuessel-nyons-red\/","og_locale":"de_DE","og_type":"article","og_title":"Riesige Salatsch\u00fcssel Nyons Red - Poterie de Crestet","og_description":"Riesige rote Nyons-Salatsch\u00fcssel, handbemalte provenzalische Dekoration. Ideale Gr\u00f6\u00dfe zum Teilen von Gerichten und gro\u00dfen Zubereitungen.","og_url":"https:\/\/poterie-de-crestet.com\/de\/keramik\/riesige-salatschuessel-nyons-red\/","og_site_name":"Poterie de Crestet","og_image":[{"width":458,"height":458,"url":"https:\/\/i0.wp.com\/poterie-de-crestet.com\/wp-content\/uploads\/2025\/06\/saladier-geant-2-nyons-roughe.jpg?fit=458%2C458&ssl=1","type":"image\/jpeg"}],"twitter_card":"summary_large_image","schema":{"@context":"https:\/\/schema.org","@graph":[{"@type":"WebPage","@id":"https:\/\/poterie-de-crestet.com\/de\/keramik\/riesige-salatschuessel-nyons-red\/","url":"https:\/\/poterie-de-crestet.com\/de\/keramik\/riesige-salatschuessel-nyons-red\/","name":"Riesige Salatsch\u00fcssel Nyons Red - Poterie de Crestet","isPartOf":{"@id":"https:\/\/poterie-de-crestet.com\/de\/#website"},"primaryImageOfPage":{"@id":"https:\/\/poterie-de-crestet.com\/de\/keramik\/riesige-salatschuessel-nyons-red\/#primaryimage"},"image":{"@id":"https:\/\/poterie-de-crestet.com\/de\/keramik\/riesige-salatschuessel-nyons-red\/#primaryimage"},"thumbnailUrl":"https:\/\/i0.wp.com\/poterie-de-crestet.com\/wp-content\/uploads\/2025\/06\/saladier-geant-2-nyons-roughe.jpg?fit=458%2C458&ssl=1","datePublished":"2025-04-15T13:32:42+00:00","description":"Riesige rote Nyons-Salatsch\u00fcssel, handbemalte provenzalische Dekoration. Ideale Gr\u00f6\u00dfe zum Teilen von Gerichten und gro\u00dfen Zubereitungen.","breadcrumb":{"@id":"https:\/\/poterie-de-crestet.com\/de\/keramik\/riesige-salatschuessel-nyons-red\/#breadcrumb"},"inLanguage":"de","potentialAction":[{"@type":"ReadAction","target":["https:\/\/poterie-de-crestet.com\/de\/keramik\/riesige-salatschuessel-nyons-red\/"]}]},{"@type":"ImageObject","inLanguage":"de","@id":"https:\/\/poterie-de-crestet.com\/de\/keramik\/riesige-salatschuessel-nyons-red\/#primaryimage","url":"https:\/\/i0.wp.com\/poterie-de-crestet.com\/wp-content\/uploads\/2025\/06\/saladier-geant-2-nyons-roughe.jpg?fit=458%2C458&ssl=1","contentUrl":"https:\/\/i0.wp.com\/poterie-de-crestet.com\/wp-content\/uploads\/2025\/06\/saladier-geant-2-nyons-roughe.jpg?fit=458%2C458&ssl=1","width":458,"height":458,"caption":"Riesige rote Nyons-Salatsch\u00fcssel"},{"@type":"BreadcrumbList","@id":"https:\/\/poterie-de-crestet.com\/de\/keramik\/riesige-salatschuessel-nyons-red\/#breadcrumb","itemListElement":[{"@type":"ListItem","position":1,"name":"Accueil","item":"https:\/\/poterie-de-crestet.com\/de\/accueil\/"},{"@type":"ListItem","position":2,"name":"Boutique","item":"https:\/\/poterie-de-crestet.com\/ceramiques\/"},{"@type":"ListItem","position":3,"name":"Riesige Salatsch\u00fcssel Nyons Red"}]},{"@type":"WebSite","@id":"https:\/\/poterie-de-crestet.com\/de\/#website","url":"https:\/\/poterie-de-crestet.com\/de\/","name":"Poterie de Crestet","description":"Des milliers de poteries inpir\u00e9es de la Provence","publisher":{"@id":"https:\/\/poterie-de-crestet.com\/de\/#organization"},"potentialAction":[{"@type":"SearchAction","target":{"@type":"EntryPoint","urlTemplate":"https:\/\/poterie-de-crestet.com\/de\/?s={search_term_string}"},"query-input":{"@type":"PropertyValueSpecification","valueRequired":true,"valueName":"search_term_string"}}],"inLanguage":"de"},{"@type":"Organization","@id":"https:\/\/poterie-de-crestet.com\/de\/#organization","name":"Poterie de Crestet","url":"https:\/\/poterie-de-crestet.com\/de\/","logo":{"@type":"ImageObject","inLanguage":"de","@id":"https:\/\/poterie-de-crestet.com\/de\/#\/schema\/logo\/image\/","url":"https:\/\/i0.wp.com\/poterie-de-crestet.com\/wp-content\/uploads\/2025\/03\/Propo-4.png?fit=1000%2C462&ssl=1","contentUrl":"https:\/\/i0.wp.com\/poterie-de-crestet.com\/wp-content\/uploads\/2025\/03\/Propo-4.png?fit=1000%2C462&ssl=1","width":1000,"height":462,"caption":"Poterie de Crestet"},"image":{"@id":"https:\/\/poterie-de-crestet.com\/de\/#\/schema\/logo\/image\/"}}]}},"jetpack_sharing_enabled":true,"_links":{"self":[{"href":"https:\/\/poterie-de-crestet.com\/de\/wp-json\/wp\/v2\/product\/20503","targetHints":{"allow":["GET"]}}],"collection":[{"href":"https:\/\/poterie-de-crestet.com\/de\/wp-json\/wp\/v2\/product"}],"about":[{"href":"https:\/\/poterie-de-crestet.com\/de\/wp-json\/wp\/v2\/types\/product"}],"replies":[{"embeddable":true,"href":"https:\/\/poterie-de-crestet.com\/de\/wp-json\/wp\/v2\/comments?post=20503"}],"version-history":[{"count":0,"href":"https:\/\/poterie-de-crestet.com\/de\/wp-json\/wp\/v2\/product\/20503\/revisions"}],"wp:featuredmedia":[{"embeddable":true,"href":"https:\/\/poterie-de-crestet.com\/de\/wp-json\/wp\/v2\/media\/10419"}],"wp:attachment":[{"href":"https:\/\/poterie-de-crestet.com\/de\/wp-json\/wp\/v2\/media?parent=20503"}],"wp:term":[{"taxonomy":"product_brand","embeddable":true,"href":"https:\/\/poterie-de-crestet.com\/de\/wp-json\/wp\/v2\/product_brand?post=20503"},{"taxonomy":"product_cat","embeddable":true,"href":"https:\/\/poterie-de-crestet.com\/de\/wp-json\/wp\/v2\/product_cat?post=20503"},{"taxonomy":"product_tag","embeddable":true,"href":"https:\/\/poterie-de-crestet.com\/de\/wp-json\/wp\/v2\/product_tag?post=20503"}],"curies":[{"name":"wp","href":"https:\/\/api.w.org\/{rel}","templated":true}]}}