{"id":20277,"date":"2025-04-11T12:16:35","date_gmt":"2025-04-11T10:16:35","guid":{"rendered":"https:\/\/poterie-de-crestet.com\/ceramiques\/quadratische-salatschuessel-roter-platz\/"},"modified":"2025-04-11T12:16:35","modified_gmt":"2025-04-11T10:16:35","slug":"quadratische-salatschuessel-roter-platz","status":"publish","type":"product","link":"https:\/\/poterie-de-crestet.com\/de\/keramik\/quadratische-salatschuessel-roter-platz\/","title":{"rendered":"Quadratische Salatsch\u00fcssel  <h5>Roter Platz<\/h5>"},"content":{"rendered":"<p data-start=\"2539\" data-end=\"2784\">Die quadratische Salatschale mit roter quadratischer Dekoration f\u00e4llt mit ihrem leuchtenden und regelm\u00e4\u00dfigen geometrischen Muster ins Auge. Ideal f\u00fcr saisonale Salate, Marktfr\u00fcchte oder Gerichte zum Teilen \u2013 es verleiht Ihrem Tischservice Rhythmus. <\/p>\n<p data-start=\"2786\" data-end=\"3051\">Handgemalt hat jedes Muster leichte Unterschiede, die es zu einem einzigartigen St\u00fcck machen. Diese Salatsch\u00fcssel ist mikrowellen- und sp\u00fclmaschinenfest und entspricht den Lebensmittelnormen. Eine sichere Wahl f\u00fcr diejenigen, die warme und durchsetzungsf\u00e4hige Atmosph\u00e4ren m\u00f6gen.  <\/p>\n<p data-start=\"3053\" data-end=\"3347\">Kombinieren Sie ihn mit der <a class=\"cursor-pointer\" href=\"https:\/\/poterie-de-crestet.com\/de\/keramik\/tortenform-roter-platz\/\" target=\"_new\" rel=\"noopener\" data-start=\"3068\" data-end=\"3162\">Red Square Pie Form<\/a> oder schaffen Sie einen nat\u00fcrlichen Kontrast mit dem <a class=\"cursor-pointer\" href=\"https:\/\/poterie-de-crestet.com\/de\/keramik\/eierhalter-6-gruene-blaetter\/\" target=\"_new\" rel=\"noopener\" data-start=\"3202\" data-end=\"3303\">Green Leaves Egg Holder<\/a>.<\/p>\n<p data-start=\"3053\" data-end=\"3347\"><br data-start=\"3304\" data-end=\"3307\"><strong data-start=\"3307\" data-end=\"3347\"><em data-start=\"3309\" data-end=\"3345\">Abmessungen: 26,5 \u00d7 26,5 \u00d7 11,6 cm<\/em><\/strong><\/p>\n","protected":false},"excerpt":{"rendered":"<p>Quadratische Salatsch\u00fcssel mit rotem quadratischem Dekor und handbemalter Geometrie. Perfekt f\u00fcr gemeinsame Salate und Tische, die es wagen, Farbe zu verwenden. <br data-start=\"2494\" data-end=\"2497\"><strong data-start=\"2497\" data-end=\"2537\"><em data-start=\"2499\" data-end=\"2535\">Abmessungen: 26,5 \u00d7 26,5 \u00d7 11,6 cm<\/em><\/strong><\/p>\n","protected":false},"featured_media":8010,"comment_status":"open","ping_status":"closed","template":"","meta":[],"product_brand":[],"product_cat":[372],"product_tag":[200],"class_list":{"0":"post-20277","1":"product","2":"type-product","3":"status-publish","4":"has-post-thumbnail","6":"product_cat-quadratische-salatschussel","7":"product_tag-roter-platz","9":"first","10":"instock","11":"taxable","12":"shipping-taxable","13":"purchasable","14":"product-type-simple"},"yoast_head":"<!-- This site is optimized with the Yoast SEO plugin v27.5 - https:\/\/yoast.com\/product\/yoast-seo-wordpress\/ -->\n<title>Quadratische Salatsch\u00fcssel mit roter Quadratdekoration - Poterie de Crestet<\/title>\n<meta name=\"description\" content=\"Handbemalt rot, quadratisches Salatbecken. Stabiles und gro\u00dfz\u00fcgiges Format f\u00fcr Salate oder allt\u00e4gliche Gerichte. Durchsetzungsf\u00e4higes Design.\" \/>\n<meta name=\"robots\" content=\"index, follow, max-snippet:-1, max-image-preview:large, max-video-preview:-1\" \/>\n<link rel=\"canonical\" href=\"https:\/\/poterie-de-crestet.com\/de\/keramik\/quadratische-salatschuessel-roter-platz\/\" \/>\n<meta property=\"og:locale\" content=\"de_DE\" \/>\n<meta property=\"og:type\" content=\"article\" \/>\n<meta property=\"og:title\" content=\"Quadratische Salatsch\u00fcssel mit roter Quadratdekoration - Poterie de Crestet\" \/>\n<meta property=\"og:description\" content=\"Handbemalt rot, quadratisches Salatbecken. Stabiles und gro\u00dfz\u00fcgiges Format f\u00fcr Salate oder allt\u00e4gliche Gerichte. Durchsetzungsf\u00e4higes Design.\" \/>\n<meta property=\"og:url\" content=\"https:\/\/poterie-de-crestet.com\/de\/keramik\/quadratische-salatschuessel-roter-platz\/\" \/>\n<meta property=\"og:site_name\" content=\"Poterie de Crestet\" \/>\n<meta property=\"og:image\" content=\"https:\/\/i0.wp.com\/poterie-de-crestet.com\/wp-content\/uploads\/2025\/04\/saladier-carre-1-carre-rouge.jpg?fit=458%2C458&ssl=1\" \/>\n\t<meta property=\"og:image:width\" content=\"458\" \/>\n\t<meta property=\"og:image:height\" content=\"458\" \/>\n\t<meta property=\"og:image:type\" content=\"image\/jpeg\" \/>\n<meta name=\"twitter:card\" content=\"summary_large_image\" \/>\n<meta name=\"twitter:label1\" content=\"Gesch\u00e4tzte Lesezeit\" \/>\n\t<meta name=\"twitter:data1\" content=\"1\u00a0Minute\" \/>\n<script type=\"application\/ld+json\" class=\"yoast-schema-graph\">{\"@context\":\"https:\\\/\\\/schema.org\",\"@graph\":[{\"@type\":\"WebPage\",\"@id\":\"https:\\\/\\\/poterie-de-crestet.com\\\/de\\\/keramik\\\/quadratische-salatschuessel-roter-platz\\\/\",\"url\":\"https:\\\/\\\/poterie-de-crestet.com\\\/de\\\/keramik\\\/quadratische-salatschuessel-roter-platz\\\/\",\"name\":\"Quadratische Salatsch\u00fcssel mit roter Quadratdekoration - Poterie de Crestet\",\"isPartOf\":{\"@id\":\"https:\\\/\\\/poterie-de-crestet.com\\\/de\\\/#website\"},\"primaryImageOfPage\":{\"@id\":\"https:\\\/\\\/poterie-de-crestet.com\\\/de\\\/keramik\\\/quadratische-salatschuessel-roter-platz\\\/#primaryimage\"},\"image\":{\"@id\":\"https:\\\/\\\/poterie-de-crestet.com\\\/de\\\/keramik\\\/quadratische-salatschuessel-roter-platz\\\/#primaryimage\"},\"thumbnailUrl\":\"https:\\\/\\\/i0.wp.com\\\/poterie-de-crestet.com\\\/wp-content\\\/uploads\\\/2025\\\/04\\\/saladier-carre-1-carre-rouge.jpg?fit=458%2C458&ssl=1\",\"datePublished\":\"2025-04-11T10:16:35+00:00\",\"description\":\"Handbemalt rot, quadratisches Salatbecken. Stabiles und gro\u00dfz\u00fcgiges Format f\u00fcr Salate oder allt\u00e4gliche Gerichte. Durchsetzungsf\u00e4higes Design.\",\"breadcrumb\":{\"@id\":\"https:\\\/\\\/poterie-de-crestet.com\\\/de\\\/keramik\\\/quadratische-salatschuessel-roter-platz\\\/#breadcrumb\"},\"inLanguage\":\"de\",\"potentialAction\":[{\"@type\":\"ReadAction\",\"target\":[\"https:\\\/\\\/poterie-de-crestet.com\\\/de\\\/keramik\\\/quadratische-salatschuessel-roter-platz\\\/\"]}]},{\"@type\":\"ImageObject\",\"inLanguage\":\"de\",\"@id\":\"https:\\\/\\\/poterie-de-crestet.com\\\/de\\\/keramik\\\/quadratische-salatschuessel-roter-platz\\\/#primaryimage\",\"url\":\"https:\\\/\\\/i0.wp.com\\\/poterie-de-crestet.com\\\/wp-content\\\/uploads\\\/2025\\\/04\\\/saladier-carre-1-carre-rouge.jpg?fit=458%2C458&ssl=1\",\"contentUrl\":\"https:\\\/\\\/i0.wp.com\\\/poterie-de-crestet.com\\\/wp-content\\\/uploads\\\/2025\\\/04\\\/saladier-carre-1-carre-rouge.jpg?fit=458%2C458&ssl=1\",\"width\":458,\"height\":458,\"caption\":\"Quadratische Salatsch\u00fcssel mit roter quadratischer Dekoration\"},{\"@type\":\"BreadcrumbList\",\"@id\":\"https:\\\/\\\/poterie-de-crestet.com\\\/de\\\/keramik\\\/quadratische-salatschuessel-roter-platz\\\/#breadcrumb\",\"itemListElement\":[{\"@type\":\"ListItem\",\"position\":1,\"name\":\"Accueil\",\"item\":\"https:\\\/\\\/poterie-de-crestet.com\\\/de\\\/accueil\\\/\"},{\"@type\":\"ListItem\",\"position\":2,\"name\":\"Boutique\",\"item\":\"https:\\\/\\\/poterie-de-crestet.com\\\/ceramiques\\\/\"},{\"@type\":\"ListItem\",\"position\":3,\"name\":\"Quadratische Salatsch\u00fcssel Roter Platz\"}]},{\"@type\":\"WebSite\",\"@id\":\"https:\\\/\\\/poterie-de-crestet.com\\\/de\\\/#website\",\"url\":\"https:\\\/\\\/poterie-de-crestet.com\\\/de\\\/\",\"name\":\"Poterie de Crestet\",\"description\":\"Des milliers de poteries inpir\u00e9es de la Provence\",\"publisher\":{\"@id\":\"https:\\\/\\\/poterie-de-crestet.com\\\/de\\\/#organization\"},\"potentialAction\":[{\"@type\":\"SearchAction\",\"target\":{\"@type\":\"EntryPoint\",\"urlTemplate\":\"https:\\\/\\\/poterie-de-crestet.com\\\/de\\\/?s={search_term_string}\"},\"query-input\":{\"@type\":\"PropertyValueSpecification\",\"valueRequired\":true,\"valueName\":\"search_term_string\"}}],\"inLanguage\":\"de\"},{\"@type\":\"Organization\",\"@id\":\"https:\\\/\\\/poterie-de-crestet.com\\\/de\\\/#organization\",\"name\":\"Poterie de Crestet\",\"url\":\"https:\\\/\\\/poterie-de-crestet.com\\\/de\\\/\",\"logo\":{\"@type\":\"ImageObject\",\"inLanguage\":\"de\",\"@id\":\"https:\\\/\\\/poterie-de-crestet.com\\\/de\\\/#\\\/schema\\\/logo\\\/image\\\/\",\"url\":\"https:\\\/\\\/i0.wp.com\\\/poterie-de-crestet.com\\\/wp-content\\\/uploads\\\/2025\\\/03\\\/Propo-4.png?fit=1000%2C462&ssl=1\",\"contentUrl\":\"https:\\\/\\\/i0.wp.com\\\/poterie-de-crestet.com\\\/wp-content\\\/uploads\\\/2025\\\/03\\\/Propo-4.png?fit=1000%2C462&ssl=1\",\"width\":1000,\"height\":462,\"caption\":\"Poterie de Crestet\"},\"image\":{\"@id\":\"https:\\\/\\\/poterie-de-crestet.com\\\/de\\\/#\\\/schema\\\/logo\\\/image\\\/\"}}]}<\/script>\n<!-- \/ Yoast SEO plugin. -->","yoast_head_json":{"title":"Quadratische Salatsch\u00fcssel mit roter Quadratdekoration - Poterie de Crestet","description":"Handbemalt rot, quadratisches Salatbecken. Stabiles und gro\u00dfz\u00fcgiges Format f\u00fcr Salate oder allt\u00e4gliche Gerichte. Durchsetzungsf\u00e4higes Design.","robots":{"index":"index","follow":"follow","max-snippet":"max-snippet:-1","max-image-preview":"max-image-preview:large","max-video-preview":"max-video-preview:-1"},"canonical":"https:\/\/poterie-de-crestet.com\/de\/keramik\/quadratische-salatschuessel-roter-platz\/","og_locale":"de_DE","og_type":"article","og_title":"Quadratische Salatsch\u00fcssel mit roter Quadratdekoration - Poterie de Crestet","og_description":"Handbemalt rot, quadratisches Salatbecken. Stabiles und gro\u00dfz\u00fcgiges Format f\u00fcr Salate oder allt\u00e4gliche Gerichte. Durchsetzungsf\u00e4higes Design.","og_url":"https:\/\/poterie-de-crestet.com\/de\/keramik\/quadratische-salatschuessel-roter-platz\/","og_site_name":"Poterie de Crestet","og_image":[{"width":458,"height":458,"url":"https:\/\/i0.wp.com\/poterie-de-crestet.com\/wp-content\/uploads\/2025\/04\/saladier-carre-1-carre-rouge.jpg?fit=458%2C458&ssl=1","type":"image\/jpeg"}],"twitter_card":"summary_large_image","twitter_misc":{"Gesch\u00e4tzte Lesezeit":"1\u00a0Minute"},"schema":{"@context":"https:\/\/schema.org","@graph":[{"@type":"WebPage","@id":"https:\/\/poterie-de-crestet.com\/de\/keramik\/quadratische-salatschuessel-roter-platz\/","url":"https:\/\/poterie-de-crestet.com\/de\/keramik\/quadratische-salatschuessel-roter-platz\/","name":"Quadratische Salatsch\u00fcssel mit roter Quadratdekoration - Poterie de Crestet","isPartOf":{"@id":"https:\/\/poterie-de-crestet.com\/de\/#website"},"primaryImageOfPage":{"@id":"https:\/\/poterie-de-crestet.com\/de\/keramik\/quadratische-salatschuessel-roter-platz\/#primaryimage"},"image":{"@id":"https:\/\/poterie-de-crestet.com\/de\/keramik\/quadratische-salatschuessel-roter-platz\/#primaryimage"},"thumbnailUrl":"https:\/\/i0.wp.com\/poterie-de-crestet.com\/wp-content\/uploads\/2025\/04\/saladier-carre-1-carre-rouge.jpg?fit=458%2C458&ssl=1","datePublished":"2025-04-11T10:16:35+00:00","description":"Handbemalt rot, quadratisches Salatbecken. Stabiles und gro\u00dfz\u00fcgiges Format f\u00fcr Salate oder allt\u00e4gliche Gerichte. Durchsetzungsf\u00e4higes Design.","breadcrumb":{"@id":"https:\/\/poterie-de-crestet.com\/de\/keramik\/quadratische-salatschuessel-roter-platz\/#breadcrumb"},"inLanguage":"de","potentialAction":[{"@type":"ReadAction","target":["https:\/\/poterie-de-crestet.com\/de\/keramik\/quadratische-salatschuessel-roter-platz\/"]}]},{"@type":"ImageObject","inLanguage":"de","@id":"https:\/\/poterie-de-crestet.com\/de\/keramik\/quadratische-salatschuessel-roter-platz\/#primaryimage","url":"https:\/\/i0.wp.com\/poterie-de-crestet.com\/wp-content\/uploads\/2025\/04\/saladier-carre-1-carre-rouge.jpg?fit=458%2C458&ssl=1","contentUrl":"https:\/\/i0.wp.com\/poterie-de-crestet.com\/wp-content\/uploads\/2025\/04\/saladier-carre-1-carre-rouge.jpg?fit=458%2C458&ssl=1","width":458,"height":458,"caption":"Quadratische Salatsch\u00fcssel mit roter quadratischer Dekoration"},{"@type":"BreadcrumbList","@id":"https:\/\/poterie-de-crestet.com\/de\/keramik\/quadratische-salatschuessel-roter-platz\/#breadcrumb","itemListElement":[{"@type":"ListItem","position":1,"name":"Accueil","item":"https:\/\/poterie-de-crestet.com\/de\/accueil\/"},{"@type":"ListItem","position":2,"name":"Boutique","item":"https:\/\/poterie-de-crestet.com\/ceramiques\/"},{"@type":"ListItem","position":3,"name":"Quadratische Salatsch\u00fcssel Roter Platz"}]},{"@type":"WebSite","@id":"https:\/\/poterie-de-crestet.com\/de\/#website","url":"https:\/\/poterie-de-crestet.com\/de\/","name":"Poterie de Crestet","description":"Des milliers de poteries inpir\u00e9es de la Provence","publisher":{"@id":"https:\/\/poterie-de-crestet.com\/de\/#organization"},"potentialAction":[{"@type":"SearchAction","target":{"@type":"EntryPoint","urlTemplate":"https:\/\/poterie-de-crestet.com\/de\/?s={search_term_string}"},"query-input":{"@type":"PropertyValueSpecification","valueRequired":true,"valueName":"search_term_string"}}],"inLanguage":"de"},{"@type":"Organization","@id":"https:\/\/poterie-de-crestet.com\/de\/#organization","name":"Poterie de Crestet","url":"https:\/\/poterie-de-crestet.com\/de\/","logo":{"@type":"ImageObject","inLanguage":"de","@id":"https:\/\/poterie-de-crestet.com\/de\/#\/schema\/logo\/image\/","url":"https:\/\/i0.wp.com\/poterie-de-crestet.com\/wp-content\/uploads\/2025\/03\/Propo-4.png?fit=1000%2C462&ssl=1","contentUrl":"https:\/\/i0.wp.com\/poterie-de-crestet.com\/wp-content\/uploads\/2025\/03\/Propo-4.png?fit=1000%2C462&ssl=1","width":1000,"height":462,"caption":"Poterie de Crestet"},"image":{"@id":"https:\/\/poterie-de-crestet.com\/de\/#\/schema\/logo\/image\/"}}]}},"jetpack_sharing_enabled":true,"_links":{"self":[{"href":"https:\/\/poterie-de-crestet.com\/de\/wp-json\/wp\/v2\/product\/20277","targetHints":{"allow":["GET"]}}],"collection":[{"href":"https:\/\/poterie-de-crestet.com\/de\/wp-json\/wp\/v2\/product"}],"about":[{"href":"https:\/\/poterie-de-crestet.com\/de\/wp-json\/wp\/v2\/types\/product"}],"replies":[{"embeddable":true,"href":"https:\/\/poterie-de-crestet.com\/de\/wp-json\/wp\/v2\/comments?post=20277"}],"version-history":[{"count":0,"href":"https:\/\/poterie-de-crestet.com\/de\/wp-json\/wp\/v2\/product\/20277\/revisions"}],"wp:featuredmedia":[{"embeddable":true,"href":"https:\/\/poterie-de-crestet.com\/de\/wp-json\/wp\/v2\/media\/8010"}],"wp:attachment":[{"href":"https:\/\/poterie-de-crestet.com\/de\/wp-json\/wp\/v2\/media?parent=20277"}],"wp:term":[{"taxonomy":"product_brand","embeddable":true,"href":"https:\/\/poterie-de-crestet.com\/de\/wp-json\/wp\/v2\/product_brand?post=20277"},{"taxonomy":"product_cat","embeddable":true,"href":"https:\/\/poterie-de-crestet.com\/de\/wp-json\/wp\/v2\/product_cat?post=20277"},{"taxonomy":"product_tag","embeddable":true,"href":"https:\/\/poterie-de-crestet.com\/de\/wp-json\/wp\/v2\/product_tag?post=20277"}],"curies":[{"name":"wp","href":"https:\/\/api.w.org\/{rel}","templated":true}]}}