{"id":20264,"date":"2025-04-11T12:16:35","date_gmt":"2025-04-11T10:16:35","guid":{"rendered":"https:\/\/poterie-de-crestet.com\/ceramiques\/quadratische-salatschuessel-blau\/"},"modified":"2025-04-11T12:16:35","modified_gmt":"2025-04-11T10:16:35","slug":"quadratische-salatschuessel-blau","status":"publish","type":"product","link":"https:\/\/poterie-de-crestet.com\/de\/keramik\/quadratische-salatschuessel-blau\/","title":{"rendered":"Quadratische Salatsch\u00fcssel  <h5>Blau<\/h5>"},"content":{"rendered":"<p data-start=\"381\" data-end=\"750\">Diese quadratische Salatsch\u00fcssel mit blauem Dekor vereint Eleganz und Funktionalit\u00e4t. Seine urspr\u00fcngliche quadratische Form bietet gro\u00dfe Stabilit\u00e4t, w\u00e4hrend die Ma\u00dfe gro\u00dfz\u00fcgige Salate, frisches Obst oder Familienrezepte zum Teilen problemlos aufnehmen. Das tiefe Blau des Dekors wird von Hand aufgetragen, mit leichten Variationen, die jedes St\u00fcck einzigartig machen.  <\/p>\n<p data-start=\"752\" data-end=\"969\">Widerstandsf\u00e4hig und kompatibel mit Mikrowelle und Geschirrsp\u00fcler, kann er sowohl t\u00e4glich als auch zu besonderen Anl\u00e4ssen verwendet werden. Perfekt, um einen sch\u00f6nen Tisch zu gestalten, kann er auch als dekorative Sch\u00fcssel verwendet werden. <\/p>\n<p data-start=\"971\" data-end=\"1242\">Vervollst\u00e4ndigen Sie Ihren Service mit dem <a class=\"cursor-pointer\" href=\"https:\/\/poterie-de-crestet.com\/de\/keramik\/moerser-blau\/\" target=\"_new\" rel=\"noopener\" data-start=\"1003\" data-end=\"1073\">blauen M\u00f6rser<\/a> oder spielen Sie mit dem <a href=\"https:\/\/poterie-de-crestet.com\/de\/keramik\/vorspeise-roter-platz\/\">Kontrast zur Red Square-Aperitifschale.<\/a><\/p>\n","protected":false},"excerpt":{"rendered":"<p>Handbemalte, quadratische Keramiksalatschale mit blauem Dekor. Gro\u00dfz\u00fcgige Gr\u00f6\u00dfe f\u00fcr Salate, Obst oder Gerichte zum Teilen mit der Familie. <br data-start=\"336\" data-end=\"339\"><strong data-start=\"339\" data-end=\"379\"><em data-start=\"341\" data-end=\"377\">Abmessungen: 26,5 \u00d7 26,5 \u00d7 11,6 cm<\/em><\/strong><\/p>\n","protected":false},"featured_media":8006,"comment_status":"open","ping_status":"closed","template":"","meta":[],"product_brand":[],"product_cat":[372],"product_tag":[203],"class_list":{"0":"post-20264","1":"product","2":"type-product","3":"status-publish","4":"has-post-thumbnail","6":"product_cat-quadratische-salatschussel","7":"product_tag-blau","9":"first","10":"instock","11":"taxable","12":"shipping-taxable","13":"purchasable","14":"product-type-simple"},"yoast_head":"<!-- This site is optimized with the Yoast SEO plugin v27.5 - https:\/\/yoast.com\/product\/yoast-seo-wordpress\/ -->\n<title>Quadratische Salatsch\u00fcssel Blau - Poterie de Crestet<\/title>\n<meta name=\"description\" content=\"Handbemalte, keramische blaue quadratische Salatsch\u00fcssel. Gro\u00dfes, stabiles Format f\u00fcr Salate, Obst oder Gerichte zum Teilen in tiefem Blau.\" \/>\n<meta name=\"robots\" content=\"index, follow, max-snippet:-1, max-image-preview:large, max-video-preview:-1\" \/>\n<link rel=\"canonical\" href=\"https:\/\/poterie-de-crestet.com\/de\/keramik\/quadratische-salatschuessel-blau\/\" \/>\n<meta property=\"og:locale\" content=\"de_DE\" \/>\n<meta property=\"og:type\" content=\"article\" \/>\n<meta property=\"og:title\" content=\"Quadratische Salatsch\u00fcssel Blau - Poterie de Crestet\" \/>\n<meta property=\"og:description\" content=\"Handbemalte, keramische blaue quadratische Salatsch\u00fcssel. Gro\u00dfes, stabiles Format f\u00fcr Salate, Obst oder Gerichte zum Teilen in tiefem Blau.\" \/>\n<meta property=\"og:url\" content=\"https:\/\/poterie-de-crestet.com\/de\/keramik\/quadratische-salatschuessel-blau\/\" \/>\n<meta property=\"og:site_name\" content=\"Poterie de Crestet\" \/>\n<meta property=\"og:image\" content=\"https:\/\/i0.wp.com\/poterie-de-crestet.com\/wp-content\/uploads\/2025\/04\/saladier-carre-1-bleu.jpg?fit=458%2C458&ssl=1\" \/>\n\t<meta property=\"og:image:width\" content=\"458\" \/>\n\t<meta property=\"og:image:height\" content=\"458\" \/>\n\t<meta property=\"og:image:type\" content=\"image\/jpeg\" \/>\n<meta name=\"twitter:card\" content=\"summary_large_image\" \/>\n<meta name=\"twitter:label1\" content=\"Gesch\u00e4tzte Lesezeit\" \/>\n\t<meta name=\"twitter:data1\" content=\"1\u00a0Minute\" \/>\n<script type=\"application\/ld+json\" class=\"yoast-schema-graph\">{\"@context\":\"https:\\\/\\\/schema.org\",\"@graph\":[{\"@type\":\"WebPage\",\"@id\":\"https:\\\/\\\/poterie-de-crestet.com\\\/de\\\/keramik\\\/quadratische-salatschuessel-blau\\\/\",\"url\":\"https:\\\/\\\/poterie-de-crestet.com\\\/de\\\/keramik\\\/quadratische-salatschuessel-blau\\\/\",\"name\":\"Quadratische Salatsch\u00fcssel Blau - Poterie de Crestet\",\"isPartOf\":{\"@id\":\"https:\\\/\\\/poterie-de-crestet.com\\\/de\\\/#website\"},\"primaryImageOfPage\":{\"@id\":\"https:\\\/\\\/poterie-de-crestet.com\\\/de\\\/keramik\\\/quadratische-salatschuessel-blau\\\/#primaryimage\"},\"image\":{\"@id\":\"https:\\\/\\\/poterie-de-crestet.com\\\/de\\\/keramik\\\/quadratische-salatschuessel-blau\\\/#primaryimage\"},\"thumbnailUrl\":\"https:\\\/\\\/i0.wp.com\\\/poterie-de-crestet.com\\\/wp-content\\\/uploads\\\/2025\\\/04\\\/saladier-carre-1-bleu.jpg?fit=458%2C458&ssl=1\",\"datePublished\":\"2025-04-11T10:16:35+00:00\",\"description\":\"Handbemalte, keramische blaue quadratische Salatsch\u00fcssel. Gro\u00dfes, stabiles Format f\u00fcr Salate, Obst oder Gerichte zum Teilen in tiefem Blau.\",\"breadcrumb\":{\"@id\":\"https:\\\/\\\/poterie-de-crestet.com\\\/de\\\/keramik\\\/quadratische-salatschuessel-blau\\\/#breadcrumb\"},\"inLanguage\":\"de\",\"potentialAction\":[{\"@type\":\"ReadAction\",\"target\":[\"https:\\\/\\\/poterie-de-crestet.com\\\/de\\\/keramik\\\/quadratische-salatschuessel-blau\\\/\"]}]},{\"@type\":\"ImageObject\",\"inLanguage\":\"de\",\"@id\":\"https:\\\/\\\/poterie-de-crestet.com\\\/de\\\/keramik\\\/quadratische-salatschuessel-blau\\\/#primaryimage\",\"url\":\"https:\\\/\\\/i0.wp.com\\\/poterie-de-crestet.com\\\/wp-content\\\/uploads\\\/2025\\\/04\\\/saladier-carre-1-bleu.jpg?fit=458%2C458&ssl=1\",\"contentUrl\":\"https:\\\/\\\/i0.wp.com\\\/poterie-de-crestet.com\\\/wp-content\\\/uploads\\\/2025\\\/04\\\/saladier-carre-1-bleu.jpg?fit=458%2C458&ssl=1\",\"width\":458,\"height\":458,\"caption\":\"Blaue quadratische Salatsch\u00fcssel\"},{\"@type\":\"BreadcrumbList\",\"@id\":\"https:\\\/\\\/poterie-de-crestet.com\\\/de\\\/keramik\\\/quadratische-salatschuessel-blau\\\/#breadcrumb\",\"itemListElement\":[{\"@type\":\"ListItem\",\"position\":1,\"name\":\"Accueil\",\"item\":\"https:\\\/\\\/poterie-de-crestet.com\\\/de\\\/accueil\\\/\"},{\"@type\":\"ListItem\",\"position\":2,\"name\":\"Boutique\",\"item\":\"https:\\\/\\\/poterie-de-crestet.com\\\/ceramiques\\\/\"},{\"@type\":\"ListItem\",\"position\":3,\"name\":\"Quadratische Salatsch\u00fcssel Blau\"}]},{\"@type\":\"WebSite\",\"@id\":\"https:\\\/\\\/poterie-de-crestet.com\\\/de\\\/#website\",\"url\":\"https:\\\/\\\/poterie-de-crestet.com\\\/de\\\/\",\"name\":\"Poterie de Crestet\",\"description\":\"Des milliers de poteries inpir\u00e9es de la Provence\",\"publisher\":{\"@id\":\"https:\\\/\\\/poterie-de-crestet.com\\\/de\\\/#organization\"},\"potentialAction\":[{\"@type\":\"SearchAction\",\"target\":{\"@type\":\"EntryPoint\",\"urlTemplate\":\"https:\\\/\\\/poterie-de-crestet.com\\\/de\\\/?s={search_term_string}\"},\"query-input\":{\"@type\":\"PropertyValueSpecification\",\"valueRequired\":true,\"valueName\":\"search_term_string\"}}],\"inLanguage\":\"de\"},{\"@type\":\"Organization\",\"@id\":\"https:\\\/\\\/poterie-de-crestet.com\\\/de\\\/#organization\",\"name\":\"Poterie de Crestet\",\"url\":\"https:\\\/\\\/poterie-de-crestet.com\\\/de\\\/\",\"logo\":{\"@type\":\"ImageObject\",\"inLanguage\":\"de\",\"@id\":\"https:\\\/\\\/poterie-de-crestet.com\\\/de\\\/#\\\/schema\\\/logo\\\/image\\\/\",\"url\":\"https:\\\/\\\/i0.wp.com\\\/poterie-de-crestet.com\\\/wp-content\\\/uploads\\\/2025\\\/03\\\/Propo-4.png?fit=1000%2C462&ssl=1\",\"contentUrl\":\"https:\\\/\\\/i0.wp.com\\\/poterie-de-crestet.com\\\/wp-content\\\/uploads\\\/2025\\\/03\\\/Propo-4.png?fit=1000%2C462&ssl=1\",\"width\":1000,\"height\":462,\"caption\":\"Poterie de Crestet\"},\"image\":{\"@id\":\"https:\\\/\\\/poterie-de-crestet.com\\\/de\\\/#\\\/schema\\\/logo\\\/image\\\/\"}}]}<\/script>\n<!-- \/ Yoast SEO plugin. -->","yoast_head_json":{"title":"Quadratische Salatsch\u00fcssel Blau - Poterie de Crestet","description":"Handbemalte, keramische blaue quadratische Salatsch\u00fcssel. Gro\u00dfes, stabiles Format f\u00fcr Salate, Obst oder Gerichte zum Teilen in tiefem Blau.","robots":{"index":"index","follow":"follow","max-snippet":"max-snippet:-1","max-image-preview":"max-image-preview:large","max-video-preview":"max-video-preview:-1"},"canonical":"https:\/\/poterie-de-crestet.com\/de\/keramik\/quadratische-salatschuessel-blau\/","og_locale":"de_DE","og_type":"article","og_title":"Quadratische Salatsch\u00fcssel Blau - Poterie de Crestet","og_description":"Handbemalte, keramische blaue quadratische Salatsch\u00fcssel. Gro\u00dfes, stabiles Format f\u00fcr Salate, Obst oder Gerichte zum Teilen in tiefem Blau.","og_url":"https:\/\/poterie-de-crestet.com\/de\/keramik\/quadratische-salatschuessel-blau\/","og_site_name":"Poterie de Crestet","og_image":[{"width":458,"height":458,"url":"https:\/\/i0.wp.com\/poterie-de-crestet.com\/wp-content\/uploads\/2025\/04\/saladier-carre-1-bleu.jpg?fit=458%2C458&ssl=1","type":"image\/jpeg"}],"twitter_card":"summary_large_image","twitter_misc":{"Gesch\u00e4tzte Lesezeit":"1\u00a0Minute"},"schema":{"@context":"https:\/\/schema.org","@graph":[{"@type":"WebPage","@id":"https:\/\/poterie-de-crestet.com\/de\/keramik\/quadratische-salatschuessel-blau\/","url":"https:\/\/poterie-de-crestet.com\/de\/keramik\/quadratische-salatschuessel-blau\/","name":"Quadratische Salatsch\u00fcssel Blau - Poterie de Crestet","isPartOf":{"@id":"https:\/\/poterie-de-crestet.com\/de\/#website"},"primaryImageOfPage":{"@id":"https:\/\/poterie-de-crestet.com\/de\/keramik\/quadratische-salatschuessel-blau\/#primaryimage"},"image":{"@id":"https:\/\/poterie-de-crestet.com\/de\/keramik\/quadratische-salatschuessel-blau\/#primaryimage"},"thumbnailUrl":"https:\/\/i0.wp.com\/poterie-de-crestet.com\/wp-content\/uploads\/2025\/04\/saladier-carre-1-bleu.jpg?fit=458%2C458&ssl=1","datePublished":"2025-04-11T10:16:35+00:00","description":"Handbemalte, keramische blaue quadratische Salatsch\u00fcssel. Gro\u00dfes, stabiles Format f\u00fcr Salate, Obst oder Gerichte zum Teilen in tiefem Blau.","breadcrumb":{"@id":"https:\/\/poterie-de-crestet.com\/de\/keramik\/quadratische-salatschuessel-blau\/#breadcrumb"},"inLanguage":"de","potentialAction":[{"@type":"ReadAction","target":["https:\/\/poterie-de-crestet.com\/de\/keramik\/quadratische-salatschuessel-blau\/"]}]},{"@type":"ImageObject","inLanguage":"de","@id":"https:\/\/poterie-de-crestet.com\/de\/keramik\/quadratische-salatschuessel-blau\/#primaryimage","url":"https:\/\/i0.wp.com\/poterie-de-crestet.com\/wp-content\/uploads\/2025\/04\/saladier-carre-1-bleu.jpg?fit=458%2C458&ssl=1","contentUrl":"https:\/\/i0.wp.com\/poterie-de-crestet.com\/wp-content\/uploads\/2025\/04\/saladier-carre-1-bleu.jpg?fit=458%2C458&ssl=1","width":458,"height":458,"caption":"Blaue quadratische Salatsch\u00fcssel"},{"@type":"BreadcrumbList","@id":"https:\/\/poterie-de-crestet.com\/de\/keramik\/quadratische-salatschuessel-blau\/#breadcrumb","itemListElement":[{"@type":"ListItem","position":1,"name":"Accueil","item":"https:\/\/poterie-de-crestet.com\/de\/accueil\/"},{"@type":"ListItem","position":2,"name":"Boutique","item":"https:\/\/poterie-de-crestet.com\/ceramiques\/"},{"@type":"ListItem","position":3,"name":"Quadratische Salatsch\u00fcssel Blau"}]},{"@type":"WebSite","@id":"https:\/\/poterie-de-crestet.com\/de\/#website","url":"https:\/\/poterie-de-crestet.com\/de\/","name":"Poterie de Crestet","description":"Des milliers de poteries inpir\u00e9es de la Provence","publisher":{"@id":"https:\/\/poterie-de-crestet.com\/de\/#organization"},"potentialAction":[{"@type":"SearchAction","target":{"@type":"EntryPoint","urlTemplate":"https:\/\/poterie-de-crestet.com\/de\/?s={search_term_string}"},"query-input":{"@type":"PropertyValueSpecification","valueRequired":true,"valueName":"search_term_string"}}],"inLanguage":"de"},{"@type":"Organization","@id":"https:\/\/poterie-de-crestet.com\/de\/#organization","name":"Poterie de Crestet","url":"https:\/\/poterie-de-crestet.com\/de\/","logo":{"@type":"ImageObject","inLanguage":"de","@id":"https:\/\/poterie-de-crestet.com\/de\/#\/schema\/logo\/image\/","url":"https:\/\/i0.wp.com\/poterie-de-crestet.com\/wp-content\/uploads\/2025\/03\/Propo-4.png?fit=1000%2C462&ssl=1","contentUrl":"https:\/\/i0.wp.com\/poterie-de-crestet.com\/wp-content\/uploads\/2025\/03\/Propo-4.png?fit=1000%2C462&ssl=1","width":1000,"height":462,"caption":"Poterie de Crestet"},"image":{"@id":"https:\/\/poterie-de-crestet.com\/de\/#\/schema\/logo\/image\/"}}]}},"jetpack_sharing_enabled":true,"_links":{"self":[{"href":"https:\/\/poterie-de-crestet.com\/de\/wp-json\/wp\/v2\/product\/20264","targetHints":{"allow":["GET"]}}],"collection":[{"href":"https:\/\/poterie-de-crestet.com\/de\/wp-json\/wp\/v2\/product"}],"about":[{"href":"https:\/\/poterie-de-crestet.com\/de\/wp-json\/wp\/v2\/types\/product"}],"replies":[{"embeddable":true,"href":"https:\/\/poterie-de-crestet.com\/de\/wp-json\/wp\/v2\/comments?post=20264"}],"version-history":[{"count":0,"href":"https:\/\/poterie-de-crestet.com\/de\/wp-json\/wp\/v2\/product\/20264\/revisions"}],"wp:featuredmedia":[{"embeddable":true,"href":"https:\/\/poterie-de-crestet.com\/de\/wp-json\/wp\/v2\/media\/8006"}],"wp:attachment":[{"href":"https:\/\/poterie-de-crestet.com\/de\/wp-json\/wp\/v2\/media?parent=20264"}],"wp:term":[{"taxonomy":"product_brand","embeddable":true,"href":"https:\/\/poterie-de-crestet.com\/de\/wp-json\/wp\/v2\/product_brand?post=20264"},{"taxonomy":"product_cat","embeddable":true,"href":"https:\/\/poterie-de-crestet.com\/de\/wp-json\/wp\/v2\/product_cat?post=20264"},{"taxonomy":"product_tag","embeddable":true,"href":"https:\/\/poterie-de-crestet.com\/de\/wp-json\/wp\/v2\/product_tag?post=20264"}],"curies":[{"name":"wp","href":"https:\/\/api.w.org\/{rel}","templated":true}]}}