{"id":20237,"date":"2025-04-10T17:03:44","date_gmt":"2025-04-10T15:03:44","guid":{"rendered":"https:\/\/poterie-de-crestet.com\/ceramiques\/gewuerzpyramide-blau\/"},"modified":"2025-04-10T17:03:44","modified_gmt":"2025-04-10T15:03:44","slug":"gewuerzpyramide-blau","status":"publish","type":"product","link":"https:\/\/poterie-de-crestet.com\/de\/keramik\/gewuerzpyramide-blau\/","title":{"rendered":"Gew\u00fcrzpyramide  <h5>Blau<\/h5>"},"content":{"rendered":"<p>Hier ist eine stilvolle Art, Ihre K\u00fcche zu organisieren, ohne auf die \u00c4sthetik zu verzichten. Diese Blue Condiment Box Sorting erm\u00f6glicht es Ihnen, Knoblauch, Zwiebeln und Schalotten in drei separaten, gestapelten Beh\u00e4ltern zu lagern, sodass Sie sie immer griffbereit haben. <br data-start=\"576\" data-end=\"579\">Keine vergessenen Taschen mehr in einer Ecke des Schranks: Alles ist sichtbar, bel\u00fcftet und sch\u00f6n pr\u00e4sentiert.<br data-start=\"677\" data-end=\"680\">Jedes St\u00fcck ist <strong data-start=\"697\" data-end=\"717\">handbemalt<\/strong>, <strong data-start=\"719\" data-end=\"748\">sp\u00fclmaschinenfest<\/strong> und nach <strong data-start=\"773\" data-end=\"796\">Lebensmittelstandards<\/strong> hergestellt, aus <strong data-start=\"809\" data-end=\"844\">mikrowellenfesten Ton.<\/strong><br data-start=\"845\" data-end=\"848\">Erh\u00e4ltlich bei <strong data-start=\"862\" data-end=\"881\">Click &amp; Collect<\/strong> in unseren M\u00e4rkten oder im <strong data-start=\"904\" data-end=\"925\">schnellen Versand<\/strong>, mit <strong data-start=\"935\" data-end=\"956\">sicherer Zahlung<\/strong> zum Zeitpunkt der Bestellung.<br data-start=\"971\" data-end=\"974\">Kombinieren Sie es mit einer <a class=\"\" href=\"#\" rel=\"noopener\" data-start=\"992\" data-end=\"1012\">Blue Salt Hand<\/a> f\u00fcr ein praktisches Duo oder mit einer <a class=\"\" href=\"#\" rel=\"noopener\" data-start=\"1054\" data-end=\"1077\">selbstgemachten Kuchenform<\/a> f\u00fcr eine erg\u00e4nzende Note auf der Arbeitsplatte.<\/p>\n","protected":false},"excerpt":{"rendered":"<p>Bewahre Knoblauch, Zwiebeln und Schalotten in dieser praktischen und dekorativen blauen Gew\u00fcrzpyramide auf.<br data-start=\"445\" data-end=\"448\"><strong data-start=\"448\" data-end=\"477\"><em data-start=\"450\" data-end=\"475\">Abmessungen: 21 \u00d7 40 cm<\/em><\/strong><\/p>\n","protected":false},"featured_media":8102,"comment_status":"open","ping_status":"closed","template":"","meta":[],"product_brand":[],"product_cat":[207],"product_tag":[203],"class_list":{"0":"post-20237","1":"product","2":"type-product","3":"status-publish","4":"has-post-thumbnail","6":"product_cat-gewurzpyramiden","7":"product_tag-blau","9":"first","10":"instock","11":"taxable","12":"shipping-taxable","13":"purchasable","14":"product-type-simple"},"yoast_head":"<!-- This site is optimized with the Yoast SEO plugin v27.5 - https:\/\/yoast.com\/product\/yoast-seo-wordpress\/ -->\n<title>Gew\u00fcrzpyramide Blau - Poterie de Crestet<\/title>\n<meta name=\"description\" content=\"Blaue Gew\u00fcrzpyramide aus bemalter Keramik. Perfekt, um Senf, Gurken oder Tapenade stilvoll am Tisch zu pr\u00e4sentieren.\" \/>\n<meta name=\"robots\" content=\"index, follow, max-snippet:-1, max-image-preview:large, max-video-preview:-1\" \/>\n<link rel=\"canonical\" href=\"https:\/\/poterie-de-crestet.com\/de\/keramik\/gewuerzpyramide-blau\/\" \/>\n<meta property=\"og:locale\" content=\"de_DE\" \/>\n<meta property=\"og:type\" content=\"article\" \/>\n<meta property=\"og:title\" content=\"Gew\u00fcrzpyramide Blau - Poterie de Crestet\" \/>\n<meta property=\"og:description\" content=\"Blaue Gew\u00fcrzpyramide aus bemalter Keramik. Perfekt, um Senf, Gurken oder Tapenade stilvoll am Tisch zu pr\u00e4sentieren.\" \/>\n<meta property=\"og:url\" content=\"https:\/\/poterie-de-crestet.com\/de\/keramik\/gewuerzpyramide-blau\/\" \/>\n<meta property=\"og:site_name\" content=\"Poterie de Crestet\" \/>\n<meta property=\"og:image\" content=\"https:\/\/i0.wp.com\/poterie-de-crestet.com\/wp-content\/uploads\/2025\/04\/pyramide-bleu.jpg?fit=458%2C458&ssl=1\" \/>\n\t<meta property=\"og:image:width\" content=\"458\" \/>\n\t<meta property=\"og:image:height\" content=\"458\" \/>\n\t<meta property=\"og:image:type\" content=\"image\/jpeg\" \/>\n<meta name=\"twitter:card\" content=\"summary_large_image\" \/>\n<meta name=\"twitter:label1\" content=\"Gesch\u00e4tzte Lesezeit\" \/>\n\t<meta name=\"twitter:data1\" content=\"1\u00a0Minute\" \/>\n<script type=\"application\/ld+json\" class=\"yoast-schema-graph\">{\"@context\":\"https:\\\/\\\/schema.org\",\"@graph\":[{\"@type\":\"WebPage\",\"@id\":\"https:\\\/\\\/poterie-de-crestet.com\\\/de\\\/keramik\\\/gewuerzpyramide-blau\\\/\",\"url\":\"https:\\\/\\\/poterie-de-crestet.com\\\/de\\\/keramik\\\/gewuerzpyramide-blau\\\/\",\"name\":\"Gew\u00fcrzpyramide Blau - Poterie de Crestet\",\"isPartOf\":{\"@id\":\"https:\\\/\\\/poterie-de-crestet.com\\\/de\\\/#website\"},\"primaryImageOfPage\":{\"@id\":\"https:\\\/\\\/poterie-de-crestet.com\\\/de\\\/keramik\\\/gewuerzpyramide-blau\\\/#primaryimage\"},\"image\":{\"@id\":\"https:\\\/\\\/poterie-de-crestet.com\\\/de\\\/keramik\\\/gewuerzpyramide-blau\\\/#primaryimage\"},\"thumbnailUrl\":\"https:\\\/\\\/i0.wp.com\\\/poterie-de-crestet.com\\\/wp-content\\\/uploads\\\/2025\\\/04\\\/pyramide-bleu.jpg?fit=458%2C458&ssl=1\",\"datePublished\":\"2025-04-10T15:03:44+00:00\",\"description\":\"Blaue Gew\u00fcrzpyramide aus bemalter Keramik. Perfekt, um Senf, Gurken oder Tapenade stilvoll am Tisch zu pr\u00e4sentieren.\",\"breadcrumb\":{\"@id\":\"https:\\\/\\\/poterie-de-crestet.com\\\/de\\\/keramik\\\/gewuerzpyramide-blau\\\/#breadcrumb\"},\"inLanguage\":\"de\",\"potentialAction\":[{\"@type\":\"ReadAction\",\"target\":[\"https:\\\/\\\/poterie-de-crestet.com\\\/de\\\/keramik\\\/gewuerzpyramide-blau\\\/\"]}]},{\"@type\":\"ImageObject\",\"inLanguage\":\"de\",\"@id\":\"https:\\\/\\\/poterie-de-crestet.com\\\/de\\\/keramik\\\/gewuerzpyramide-blau\\\/#primaryimage\",\"url\":\"https:\\\/\\\/i0.wp.com\\\/poterie-de-crestet.com\\\/wp-content\\\/uploads\\\/2025\\\/04\\\/pyramide-bleu.jpg?fit=458%2C458&ssl=1\",\"contentUrl\":\"https:\\\/\\\/i0.wp.com\\\/poterie-de-crestet.com\\\/wp-content\\\/uploads\\\/2025\\\/04\\\/pyramide-bleu.jpg?fit=458%2C458&ssl=1\",\"width\":458,\"height\":458,\"caption\":\"Blaue Gew\u00fcrzpyramide\"},{\"@type\":\"BreadcrumbList\",\"@id\":\"https:\\\/\\\/poterie-de-crestet.com\\\/de\\\/keramik\\\/gewuerzpyramide-blau\\\/#breadcrumb\",\"itemListElement\":[{\"@type\":\"ListItem\",\"position\":1,\"name\":\"Accueil\",\"item\":\"https:\\\/\\\/poterie-de-crestet.com\\\/de\\\/accueil\\\/\"},{\"@type\":\"ListItem\",\"position\":2,\"name\":\"Boutique\",\"item\":\"https:\\\/\\\/poterie-de-crestet.com\\\/ceramiques\\\/\"},{\"@type\":\"ListItem\",\"position\":3,\"name\":\"Gew\u00fcrzpyramide Blau\"}]},{\"@type\":\"WebSite\",\"@id\":\"https:\\\/\\\/poterie-de-crestet.com\\\/de\\\/#website\",\"url\":\"https:\\\/\\\/poterie-de-crestet.com\\\/de\\\/\",\"name\":\"Poterie de Crestet\",\"description\":\"Des milliers de poteries inpir\u00e9es de la Provence\",\"publisher\":{\"@id\":\"https:\\\/\\\/poterie-de-crestet.com\\\/de\\\/#organization\"},\"potentialAction\":[{\"@type\":\"SearchAction\",\"target\":{\"@type\":\"EntryPoint\",\"urlTemplate\":\"https:\\\/\\\/poterie-de-crestet.com\\\/de\\\/?s={search_term_string}\"},\"query-input\":{\"@type\":\"PropertyValueSpecification\",\"valueRequired\":true,\"valueName\":\"search_term_string\"}}],\"inLanguage\":\"de\"},{\"@type\":\"Organization\",\"@id\":\"https:\\\/\\\/poterie-de-crestet.com\\\/de\\\/#organization\",\"name\":\"Poterie de Crestet\",\"url\":\"https:\\\/\\\/poterie-de-crestet.com\\\/de\\\/\",\"logo\":{\"@type\":\"ImageObject\",\"inLanguage\":\"de\",\"@id\":\"https:\\\/\\\/poterie-de-crestet.com\\\/de\\\/#\\\/schema\\\/logo\\\/image\\\/\",\"url\":\"https:\\\/\\\/i0.wp.com\\\/poterie-de-crestet.com\\\/wp-content\\\/uploads\\\/2025\\\/03\\\/Propo-4.png?fit=1000%2C462&ssl=1\",\"contentUrl\":\"https:\\\/\\\/i0.wp.com\\\/poterie-de-crestet.com\\\/wp-content\\\/uploads\\\/2025\\\/03\\\/Propo-4.png?fit=1000%2C462&ssl=1\",\"width\":1000,\"height\":462,\"caption\":\"Poterie de Crestet\"},\"image\":{\"@id\":\"https:\\\/\\\/poterie-de-crestet.com\\\/de\\\/#\\\/schema\\\/logo\\\/image\\\/\"}}]}<\/script>\n<!-- \/ Yoast SEO plugin. -->","yoast_head_json":{"title":"Gew\u00fcrzpyramide Blau - Poterie de Crestet","description":"Blaue Gew\u00fcrzpyramide aus bemalter Keramik. Perfekt, um Senf, Gurken oder Tapenade stilvoll am Tisch zu pr\u00e4sentieren.","robots":{"index":"index","follow":"follow","max-snippet":"max-snippet:-1","max-image-preview":"max-image-preview:large","max-video-preview":"max-video-preview:-1"},"canonical":"https:\/\/poterie-de-crestet.com\/de\/keramik\/gewuerzpyramide-blau\/","og_locale":"de_DE","og_type":"article","og_title":"Gew\u00fcrzpyramide Blau - Poterie de Crestet","og_description":"Blaue Gew\u00fcrzpyramide aus bemalter Keramik. Perfekt, um Senf, Gurken oder Tapenade stilvoll am Tisch zu pr\u00e4sentieren.","og_url":"https:\/\/poterie-de-crestet.com\/de\/keramik\/gewuerzpyramide-blau\/","og_site_name":"Poterie de Crestet","og_image":[{"width":458,"height":458,"url":"https:\/\/i0.wp.com\/poterie-de-crestet.com\/wp-content\/uploads\/2025\/04\/pyramide-bleu.jpg?fit=458%2C458&ssl=1","type":"image\/jpeg"}],"twitter_card":"summary_large_image","twitter_misc":{"Gesch\u00e4tzte Lesezeit":"1\u00a0Minute"},"schema":{"@context":"https:\/\/schema.org","@graph":[{"@type":"WebPage","@id":"https:\/\/poterie-de-crestet.com\/de\/keramik\/gewuerzpyramide-blau\/","url":"https:\/\/poterie-de-crestet.com\/de\/keramik\/gewuerzpyramide-blau\/","name":"Gew\u00fcrzpyramide Blau - Poterie de Crestet","isPartOf":{"@id":"https:\/\/poterie-de-crestet.com\/de\/#website"},"primaryImageOfPage":{"@id":"https:\/\/poterie-de-crestet.com\/de\/keramik\/gewuerzpyramide-blau\/#primaryimage"},"image":{"@id":"https:\/\/poterie-de-crestet.com\/de\/keramik\/gewuerzpyramide-blau\/#primaryimage"},"thumbnailUrl":"https:\/\/i0.wp.com\/poterie-de-crestet.com\/wp-content\/uploads\/2025\/04\/pyramide-bleu.jpg?fit=458%2C458&ssl=1","datePublished":"2025-04-10T15:03:44+00:00","description":"Blaue Gew\u00fcrzpyramide aus bemalter Keramik. Perfekt, um Senf, Gurken oder Tapenade stilvoll am Tisch zu pr\u00e4sentieren.","breadcrumb":{"@id":"https:\/\/poterie-de-crestet.com\/de\/keramik\/gewuerzpyramide-blau\/#breadcrumb"},"inLanguage":"de","potentialAction":[{"@type":"ReadAction","target":["https:\/\/poterie-de-crestet.com\/de\/keramik\/gewuerzpyramide-blau\/"]}]},{"@type":"ImageObject","inLanguage":"de","@id":"https:\/\/poterie-de-crestet.com\/de\/keramik\/gewuerzpyramide-blau\/#primaryimage","url":"https:\/\/i0.wp.com\/poterie-de-crestet.com\/wp-content\/uploads\/2025\/04\/pyramide-bleu.jpg?fit=458%2C458&ssl=1","contentUrl":"https:\/\/i0.wp.com\/poterie-de-crestet.com\/wp-content\/uploads\/2025\/04\/pyramide-bleu.jpg?fit=458%2C458&ssl=1","width":458,"height":458,"caption":"Blaue Gew\u00fcrzpyramide"},{"@type":"BreadcrumbList","@id":"https:\/\/poterie-de-crestet.com\/de\/keramik\/gewuerzpyramide-blau\/#breadcrumb","itemListElement":[{"@type":"ListItem","position":1,"name":"Accueil","item":"https:\/\/poterie-de-crestet.com\/de\/accueil\/"},{"@type":"ListItem","position":2,"name":"Boutique","item":"https:\/\/poterie-de-crestet.com\/ceramiques\/"},{"@type":"ListItem","position":3,"name":"Gew\u00fcrzpyramide Blau"}]},{"@type":"WebSite","@id":"https:\/\/poterie-de-crestet.com\/de\/#website","url":"https:\/\/poterie-de-crestet.com\/de\/","name":"Poterie de Crestet","description":"Des milliers de poteries inpir\u00e9es de la Provence","publisher":{"@id":"https:\/\/poterie-de-crestet.com\/de\/#organization"},"potentialAction":[{"@type":"SearchAction","target":{"@type":"EntryPoint","urlTemplate":"https:\/\/poterie-de-crestet.com\/de\/?s={search_term_string}"},"query-input":{"@type":"PropertyValueSpecification","valueRequired":true,"valueName":"search_term_string"}}],"inLanguage":"de"},{"@type":"Organization","@id":"https:\/\/poterie-de-crestet.com\/de\/#organization","name":"Poterie de Crestet","url":"https:\/\/poterie-de-crestet.com\/de\/","logo":{"@type":"ImageObject","inLanguage":"de","@id":"https:\/\/poterie-de-crestet.com\/de\/#\/schema\/logo\/image\/","url":"https:\/\/i0.wp.com\/poterie-de-crestet.com\/wp-content\/uploads\/2025\/03\/Propo-4.png?fit=1000%2C462&ssl=1","contentUrl":"https:\/\/i0.wp.com\/poterie-de-crestet.com\/wp-content\/uploads\/2025\/03\/Propo-4.png?fit=1000%2C462&ssl=1","width":1000,"height":462,"caption":"Poterie de Crestet"},"image":{"@id":"https:\/\/poterie-de-crestet.com\/de\/#\/schema\/logo\/image\/"}}]}},"jetpack_sharing_enabled":true,"_links":{"self":[{"href":"https:\/\/poterie-de-crestet.com\/de\/wp-json\/wp\/v2\/product\/20237","targetHints":{"allow":["GET"]}}],"collection":[{"href":"https:\/\/poterie-de-crestet.com\/de\/wp-json\/wp\/v2\/product"}],"about":[{"href":"https:\/\/poterie-de-crestet.com\/de\/wp-json\/wp\/v2\/types\/product"}],"replies":[{"embeddable":true,"href":"https:\/\/poterie-de-crestet.com\/de\/wp-json\/wp\/v2\/comments?post=20237"}],"version-history":[{"count":0,"href":"https:\/\/poterie-de-crestet.com\/de\/wp-json\/wp\/v2\/product\/20237\/revisions"}],"wp:featuredmedia":[{"embeddable":true,"href":"https:\/\/poterie-de-crestet.com\/de\/wp-json\/wp\/v2\/media\/8102"}],"wp:attachment":[{"href":"https:\/\/poterie-de-crestet.com\/de\/wp-json\/wp\/v2\/media?parent=20237"}],"wp:term":[{"taxonomy":"product_brand","embeddable":true,"href":"https:\/\/poterie-de-crestet.com\/de\/wp-json\/wp\/v2\/product_brand?post=20237"},{"taxonomy":"product_cat","embeddable":true,"href":"https:\/\/poterie-de-crestet.com\/de\/wp-json\/wp\/v2\/product_cat?post=20237"},{"taxonomy":"product_tag","embeddable":true,"href":"https:\/\/poterie-de-crestet.com\/de\/wp-json\/wp\/v2\/product_tag?post=20237"}],"curies":[{"name":"wp","href":"https:\/\/api.w.org\/{rel}","templated":true}]}}