{"id":20111,"date":"2025-04-11T12:16:31","date_gmt":"2025-04-11T10:16:31","guid":{"rendered":"https:\/\/poterie-de-crestet.com\/ceramiques\/mueckenschutzmittel-gruene-nyons\/"},"modified":"2025-04-11T12:16:31","modified_gmt":"2025-04-11T10:16:31","slug":"mueckenschutzmittel-gruene-nyons","status":"publish","type":"product","link":"https:\/\/poterie-de-crestet.com\/de\/keramik\/mueckenschutzmittel-gruene-nyons\/","title":{"rendered":"M\u00fcckenschutzmittel  <h5>Gr\u00fcne Nyons<\/h5>"},"content":{"rendered":"<p class=\"\" data-start=\"343\" data-end=\"572\">Dieses gr\u00fcne Nyons-Keramik-M\u00fcckenschutzmittel ruft die Atmosph\u00e4re der M\u00e4rkte der Provence herauf. Es nimmt einen brennenden Kieselstein auf (nicht enthalten) und diffusiert diskret Rauch, der vor M\u00fccken sch\u00fctzt. <\/p>\n<p class=\"\" data-start=\"574\" data-end=\"812\">Der perforierte Deckel erm\u00f6glicht eine kontrollierte Diffusion und verhindert gleichzeitig die Ausbreitung der Asche. Seine stabile Basis l\u00e4sst sich leicht auf einem Tisch, einem Wagen oder einer Fensterbank platzieren. Perfekt, um die langen Sommerabende zu begleiten.  <\/p>\n<p class=\"\" data-start=\"814\" data-end=\"952\"><strong data-start=\"814\" data-end=\"833\">Handbemalt<\/strong>, <strong data-start=\"835\" data-end=\"864\">sp\u00fclmaschinenfest,<\/strong> nach <strong data-start=\"882\" data-end=\"905\">Lebensmittelstandards<\/strong> entworfen, aus <strong data-start=\"918\" data-end=\"951\">mikrowellenfestem Ton.<\/strong><\/p>\n<p class=\"\" data-start=\"954\" data-end=\"1095\">Kombinieren Sie es mit einer <a class=\"\" href=\"https:\/\/poterie-de-crestet.com\/de\/keramik\/1-l-nyons-oelflaschengruen\/\" rel=\"noopener\" data-start=\"972\" data-end=\"1005\">gr\u00fcnen Nyons-\u00d6lflasche<\/a> oder einem <a class=\"\" href=\"https:\/\/poterie-de-crestet.com\/de\/keramik\/egg-holder-6-blauer-platz\/\" rel=\"noopener\" data-start=\"1026\" data-end=\"1052\">Carr\u00e9 Bleu Eiergestell<\/a> f\u00fcr eine K\u00fcche, die ebenso praktisch wie h\u00fcbsch ist.<\/p>\n","protected":false},"excerpt":{"rendered":"<p>Ein sanftes und elegantes Gr\u00fcn, das sehr leicht zu kombinieren ist. Praktisch und dekorativ. <\/p>\n<p><br data-start=\"1928\" data-end=\"1931\"><strong>\u00d8 14,5 cm \u2013 H 6 cm<\/strong><\/p>\n","protected":false},"featured_media":8202,"comment_status":"open","ping_status":"closed","template":"","meta":[],"product_brand":[],"product_cat":[369],"product_tag":[245],"class_list":{"0":"post-20111","1":"product","2":"type-product","3":"status-publish","4":"has-post-thumbnail","6":"product_cat-muckenschutzmittel","7":"product_tag-grune-nyons","9":"first","10":"instock","11":"taxable","12":"shipping-taxable","13":"purchasable","14":"product-type-simple"},"yoast_head":"<!-- This site is optimized with the Yoast SEO plugin v27.5 - https:\/\/yoast.com\/product\/yoast-seo-wordpress\/ -->\n<title>M\u00fcckenschutzmittel Gr\u00fcne Nyons - Poterie de Crestet<\/title>\n<meta name=\"description\" content=\"Dieses gr\u00fcne Nyons-M\u00fcckenschutzmittel passt perfekt zu einer pflanzlichen Atmosph\u00e4re. N\u00fctzlich und charmant, um M\u00fccken auf nat\u00fcrliche Weise fernzuhalten.\" \/>\n<meta name=\"robots\" content=\"index, follow, max-snippet:-1, max-image-preview:large, max-video-preview:-1\" \/>\n<link rel=\"canonical\" href=\"https:\/\/poterie-de-crestet.com\/de\/keramik\/mueckenschutzmittel-gruene-nyons\/\" \/>\n<meta property=\"og:locale\" content=\"de_DE\" \/>\n<meta property=\"og:type\" content=\"article\" \/>\n<meta property=\"og:title\" content=\"M\u00fcckenschutzmittel Gr\u00fcne Nyons - Poterie de Crestet\" \/>\n<meta property=\"og:description\" content=\"Dieses gr\u00fcne Nyons-M\u00fcckenschutzmittel passt perfekt zu einer pflanzlichen Atmosph\u00e4re. N\u00fctzlich und charmant, um M\u00fccken auf nat\u00fcrliche Weise fernzuhalten.\" \/>\n<meta property=\"og:url\" content=\"https:\/\/poterie-de-crestet.com\/de\/keramik\/mueckenschutzmittel-gruene-nyons\/\" \/>\n<meta property=\"og:site_name\" content=\"Poterie de Crestet\" \/>\n<meta property=\"og:image\" content=\"https:\/\/i0.wp.com\/poterie-de-crestet.com\/wp-content\/uploads\/2025\/04\/Poterie-du-Crestet1214.jpg?fit=800%2C532&ssl=1\" \/>\n\t<meta property=\"og:image:width\" content=\"800\" \/>\n\t<meta property=\"og:image:height\" content=\"532\" \/>\n\t<meta property=\"og:image:type\" content=\"image\/jpeg\" \/>\n<meta name=\"twitter:card\" content=\"summary_large_image\" \/>\n<meta name=\"twitter:label1\" content=\"Gesch\u00e4tzte Lesezeit\" \/>\n\t<meta name=\"twitter:data1\" content=\"1\u00a0Minute\" \/>\n<script type=\"application\/ld+json\" class=\"yoast-schema-graph\">{\"@context\":\"https:\\\/\\\/schema.org\",\"@graph\":[{\"@type\":\"WebPage\",\"@id\":\"https:\\\/\\\/poterie-de-crestet.com\\\/de\\\/keramik\\\/mueckenschutzmittel-gruene-nyons\\\/\",\"url\":\"https:\\\/\\\/poterie-de-crestet.com\\\/de\\\/keramik\\\/mueckenschutzmittel-gruene-nyons\\\/\",\"name\":\"M\u00fcckenschutzmittel Gr\u00fcne Nyons - Poterie de Crestet\",\"isPartOf\":{\"@id\":\"https:\\\/\\\/poterie-de-crestet.com\\\/de\\\/#website\"},\"primaryImageOfPage\":{\"@id\":\"https:\\\/\\\/poterie-de-crestet.com\\\/de\\\/keramik\\\/mueckenschutzmittel-gruene-nyons\\\/#primaryimage\"},\"image\":{\"@id\":\"https:\\\/\\\/poterie-de-crestet.com\\\/de\\\/keramik\\\/mueckenschutzmittel-gruene-nyons\\\/#primaryimage\"},\"thumbnailUrl\":\"https:\\\/\\\/i0.wp.com\\\/poterie-de-crestet.com\\\/wp-content\\\/uploads\\\/2025\\\/04\\\/Poterie-du-Crestet1214.jpg?fit=800%2C532&ssl=1\",\"datePublished\":\"2025-04-11T10:16:31+00:00\",\"description\":\"Dieses gr\u00fcne Nyons-M\u00fcckenschutzmittel passt perfekt zu einer pflanzlichen Atmosph\u00e4re. N\u00fctzlich und charmant, um M\u00fccken auf nat\u00fcrliche Weise fernzuhalten.\",\"breadcrumb\":{\"@id\":\"https:\\\/\\\/poterie-de-crestet.com\\\/de\\\/keramik\\\/mueckenschutzmittel-gruene-nyons\\\/#breadcrumb\"},\"inLanguage\":\"de\",\"potentialAction\":[{\"@type\":\"ReadAction\",\"target\":[\"https:\\\/\\\/poterie-de-crestet.com\\\/de\\\/keramik\\\/mueckenschutzmittel-gruene-nyons\\\/\"]}]},{\"@type\":\"ImageObject\",\"inLanguage\":\"de\",\"@id\":\"https:\\\/\\\/poterie-de-crestet.com\\\/de\\\/keramik\\\/mueckenschutzmittel-gruene-nyons\\\/#primaryimage\",\"url\":\"https:\\\/\\\/i0.wp.com\\\/poterie-de-crestet.com\\\/wp-content\\\/uploads\\\/2025\\\/04\\\/Poterie-du-Crestet1214.jpg?fit=800%2C532&ssl=1\",\"contentUrl\":\"https:\\\/\\\/i0.wp.com\\\/poterie-de-crestet.com\\\/wp-content\\\/uploads\\\/2025\\\/04\\\/Poterie-du-Crestet1214.jpg?fit=800%2C532&ssl=1\",\"width\":800,\"height\":532,\"caption\":\"Nyons gr\u00fcnes M\u00fcckenschutzmittel\"},{\"@type\":\"BreadcrumbList\",\"@id\":\"https:\\\/\\\/poterie-de-crestet.com\\\/de\\\/keramik\\\/mueckenschutzmittel-gruene-nyons\\\/#breadcrumb\",\"itemListElement\":[{\"@type\":\"ListItem\",\"position\":1,\"name\":\"Accueil\",\"item\":\"https:\\\/\\\/poterie-de-crestet.com\\\/de\\\/accueil\\\/\"},{\"@type\":\"ListItem\",\"position\":2,\"name\":\"Boutique\",\"item\":\"https:\\\/\\\/poterie-de-crestet.com\\\/ceramiques\\\/\"},{\"@type\":\"ListItem\",\"position\":3,\"name\":\"M\u00fcckenschutzmittel Gr\u00fcne Nyons\"}]},{\"@type\":\"WebSite\",\"@id\":\"https:\\\/\\\/poterie-de-crestet.com\\\/de\\\/#website\",\"url\":\"https:\\\/\\\/poterie-de-crestet.com\\\/de\\\/\",\"name\":\"Poterie de Crestet\",\"description\":\"Des milliers de poteries inpir\u00e9es de la Provence\",\"publisher\":{\"@id\":\"https:\\\/\\\/poterie-de-crestet.com\\\/de\\\/#organization\"},\"potentialAction\":[{\"@type\":\"SearchAction\",\"target\":{\"@type\":\"EntryPoint\",\"urlTemplate\":\"https:\\\/\\\/poterie-de-crestet.com\\\/de\\\/?s={search_term_string}\"},\"query-input\":{\"@type\":\"PropertyValueSpecification\",\"valueRequired\":true,\"valueName\":\"search_term_string\"}}],\"inLanguage\":\"de\"},{\"@type\":\"Organization\",\"@id\":\"https:\\\/\\\/poterie-de-crestet.com\\\/de\\\/#organization\",\"name\":\"Poterie de Crestet\",\"url\":\"https:\\\/\\\/poterie-de-crestet.com\\\/de\\\/\",\"logo\":{\"@type\":\"ImageObject\",\"inLanguage\":\"de\",\"@id\":\"https:\\\/\\\/poterie-de-crestet.com\\\/de\\\/#\\\/schema\\\/logo\\\/image\\\/\",\"url\":\"https:\\\/\\\/i0.wp.com\\\/poterie-de-crestet.com\\\/wp-content\\\/uploads\\\/2025\\\/03\\\/Propo-4.png?fit=1000%2C462&ssl=1\",\"contentUrl\":\"https:\\\/\\\/i0.wp.com\\\/poterie-de-crestet.com\\\/wp-content\\\/uploads\\\/2025\\\/03\\\/Propo-4.png?fit=1000%2C462&ssl=1\",\"width\":1000,\"height\":462,\"caption\":\"Poterie de Crestet\"},\"image\":{\"@id\":\"https:\\\/\\\/poterie-de-crestet.com\\\/de\\\/#\\\/schema\\\/logo\\\/image\\\/\"}}]}<\/script>\n<!-- \/ Yoast SEO plugin. -->","yoast_head_json":{"title":"M\u00fcckenschutzmittel Gr\u00fcne Nyons - Poterie de Crestet","description":"Dieses gr\u00fcne Nyons-M\u00fcckenschutzmittel passt perfekt zu einer pflanzlichen Atmosph\u00e4re. N\u00fctzlich und charmant, um M\u00fccken auf nat\u00fcrliche Weise fernzuhalten.","robots":{"index":"index","follow":"follow","max-snippet":"max-snippet:-1","max-image-preview":"max-image-preview:large","max-video-preview":"max-video-preview:-1"},"canonical":"https:\/\/poterie-de-crestet.com\/de\/keramik\/mueckenschutzmittel-gruene-nyons\/","og_locale":"de_DE","og_type":"article","og_title":"M\u00fcckenschutzmittel Gr\u00fcne Nyons - Poterie de Crestet","og_description":"Dieses gr\u00fcne Nyons-M\u00fcckenschutzmittel passt perfekt zu einer pflanzlichen Atmosph\u00e4re. N\u00fctzlich und charmant, um M\u00fccken auf nat\u00fcrliche Weise fernzuhalten.","og_url":"https:\/\/poterie-de-crestet.com\/de\/keramik\/mueckenschutzmittel-gruene-nyons\/","og_site_name":"Poterie de Crestet","og_image":[{"width":800,"height":532,"url":"https:\/\/i0.wp.com\/poterie-de-crestet.com\/wp-content\/uploads\/2025\/04\/Poterie-du-Crestet1214.jpg?fit=800%2C532&ssl=1","type":"image\/jpeg"}],"twitter_card":"summary_large_image","twitter_misc":{"Gesch\u00e4tzte Lesezeit":"1\u00a0Minute"},"schema":{"@context":"https:\/\/schema.org","@graph":[{"@type":"WebPage","@id":"https:\/\/poterie-de-crestet.com\/de\/keramik\/mueckenschutzmittel-gruene-nyons\/","url":"https:\/\/poterie-de-crestet.com\/de\/keramik\/mueckenschutzmittel-gruene-nyons\/","name":"M\u00fcckenschutzmittel Gr\u00fcne Nyons - Poterie de Crestet","isPartOf":{"@id":"https:\/\/poterie-de-crestet.com\/de\/#website"},"primaryImageOfPage":{"@id":"https:\/\/poterie-de-crestet.com\/de\/keramik\/mueckenschutzmittel-gruene-nyons\/#primaryimage"},"image":{"@id":"https:\/\/poterie-de-crestet.com\/de\/keramik\/mueckenschutzmittel-gruene-nyons\/#primaryimage"},"thumbnailUrl":"https:\/\/i0.wp.com\/poterie-de-crestet.com\/wp-content\/uploads\/2025\/04\/Poterie-du-Crestet1214.jpg?fit=800%2C532&ssl=1","datePublished":"2025-04-11T10:16:31+00:00","description":"Dieses gr\u00fcne Nyons-M\u00fcckenschutzmittel passt perfekt zu einer pflanzlichen Atmosph\u00e4re. N\u00fctzlich und charmant, um M\u00fccken auf nat\u00fcrliche Weise fernzuhalten.","breadcrumb":{"@id":"https:\/\/poterie-de-crestet.com\/de\/keramik\/mueckenschutzmittel-gruene-nyons\/#breadcrumb"},"inLanguage":"de","potentialAction":[{"@type":"ReadAction","target":["https:\/\/poterie-de-crestet.com\/de\/keramik\/mueckenschutzmittel-gruene-nyons\/"]}]},{"@type":"ImageObject","inLanguage":"de","@id":"https:\/\/poterie-de-crestet.com\/de\/keramik\/mueckenschutzmittel-gruene-nyons\/#primaryimage","url":"https:\/\/i0.wp.com\/poterie-de-crestet.com\/wp-content\/uploads\/2025\/04\/Poterie-du-Crestet1214.jpg?fit=800%2C532&ssl=1","contentUrl":"https:\/\/i0.wp.com\/poterie-de-crestet.com\/wp-content\/uploads\/2025\/04\/Poterie-du-Crestet1214.jpg?fit=800%2C532&ssl=1","width":800,"height":532,"caption":"Nyons gr\u00fcnes M\u00fcckenschutzmittel"},{"@type":"BreadcrumbList","@id":"https:\/\/poterie-de-crestet.com\/de\/keramik\/mueckenschutzmittel-gruene-nyons\/#breadcrumb","itemListElement":[{"@type":"ListItem","position":1,"name":"Accueil","item":"https:\/\/poterie-de-crestet.com\/de\/accueil\/"},{"@type":"ListItem","position":2,"name":"Boutique","item":"https:\/\/poterie-de-crestet.com\/ceramiques\/"},{"@type":"ListItem","position":3,"name":"M\u00fcckenschutzmittel Gr\u00fcne Nyons"}]},{"@type":"WebSite","@id":"https:\/\/poterie-de-crestet.com\/de\/#website","url":"https:\/\/poterie-de-crestet.com\/de\/","name":"Poterie de Crestet","description":"Des milliers de poteries inpir\u00e9es de la Provence","publisher":{"@id":"https:\/\/poterie-de-crestet.com\/de\/#organization"},"potentialAction":[{"@type":"SearchAction","target":{"@type":"EntryPoint","urlTemplate":"https:\/\/poterie-de-crestet.com\/de\/?s={search_term_string}"},"query-input":{"@type":"PropertyValueSpecification","valueRequired":true,"valueName":"search_term_string"}}],"inLanguage":"de"},{"@type":"Organization","@id":"https:\/\/poterie-de-crestet.com\/de\/#organization","name":"Poterie de Crestet","url":"https:\/\/poterie-de-crestet.com\/de\/","logo":{"@type":"ImageObject","inLanguage":"de","@id":"https:\/\/poterie-de-crestet.com\/de\/#\/schema\/logo\/image\/","url":"https:\/\/i0.wp.com\/poterie-de-crestet.com\/wp-content\/uploads\/2025\/03\/Propo-4.png?fit=1000%2C462&ssl=1","contentUrl":"https:\/\/i0.wp.com\/poterie-de-crestet.com\/wp-content\/uploads\/2025\/03\/Propo-4.png?fit=1000%2C462&ssl=1","width":1000,"height":462,"caption":"Poterie de Crestet"},"image":{"@id":"https:\/\/poterie-de-crestet.com\/de\/#\/schema\/logo\/image\/"}}]}},"jetpack_sharing_enabled":true,"_links":{"self":[{"href":"https:\/\/poterie-de-crestet.com\/de\/wp-json\/wp\/v2\/product\/20111","targetHints":{"allow":["GET"]}}],"collection":[{"href":"https:\/\/poterie-de-crestet.com\/de\/wp-json\/wp\/v2\/product"}],"about":[{"href":"https:\/\/poterie-de-crestet.com\/de\/wp-json\/wp\/v2\/types\/product"}],"replies":[{"embeddable":true,"href":"https:\/\/poterie-de-crestet.com\/de\/wp-json\/wp\/v2\/comments?post=20111"}],"version-history":[{"count":0,"href":"https:\/\/poterie-de-crestet.com\/de\/wp-json\/wp\/v2\/product\/20111\/revisions"}],"wp:featuredmedia":[{"embeddable":true,"href":"https:\/\/poterie-de-crestet.com\/de\/wp-json\/wp\/v2\/media\/8202"}],"wp:attachment":[{"href":"https:\/\/poterie-de-crestet.com\/de\/wp-json\/wp\/v2\/media?parent=20111"}],"wp:term":[{"taxonomy":"product_brand","embeddable":true,"href":"https:\/\/poterie-de-crestet.com\/de\/wp-json\/wp\/v2\/product_brand?post=20111"},{"taxonomy":"product_cat","embeddable":true,"href":"https:\/\/poterie-de-crestet.com\/de\/wp-json\/wp\/v2\/product_cat?post=20111"},{"taxonomy":"product_tag","embeddable":true,"href":"https:\/\/poterie-de-crestet.com\/de\/wp-json\/wp\/v2\/product_tag?post=20111"}],"curies":[{"name":"wp","href":"https:\/\/api.w.org\/{rel}","templated":true}]}}