{"id":20072,"date":"2025-04-11T12:16:33","date_gmt":"2025-04-11T10:16:33","guid":{"rendered":"https:\/\/poterie-de-crestet.com\/ceramiques\/mueckenschutzmittel-blau\/"},"modified":"2025-04-11T12:16:33","modified_gmt":"2025-04-11T10:16:33","slug":"mueckenschutzmittel-blau","status":"publish","type":"product","link":"https:\/\/poterie-de-crestet.com\/de\/keramik\/mueckenschutzmittel-blau\/","title":{"rendered":"M\u00fcckenschutzmittel  <h5>Blau<\/h5>"},"content":{"rendered":"<p class=\"\" data-start=\"432\" data-end=\"729\">Dieses blaue keramische M\u00fcckenschutzmittel ist der diskrete, aber beeindruckende Verb\u00fcndeter Ihrer Sommerabende. Er ist so konzipiert, dass er einen Kieselstein oder ein M\u00fcckenabwehr-Scheibe (nicht enthalten) aufnehmen kann und den sch\u00fctzenden Rauch sanft diffusiert, w\u00e4hrend er ein dekoratives Aussehen bewahrt, das dem Auge gef\u00e4llt. <\/p>\n<p class=\"\" data-start=\"731\" data-end=\"958\">Sein perforierter Deckel erm\u00f6glicht eine gleichm\u00e4\u00dfige Rauchzirkulation und sch\u00fctzt gleichzeitig vor Asche und kleinen Unf\u00e4llen. Um auf einen Tisch, eine niedrige Wand oder eine Fensterbank zu stellen, f\u00fcgt er sich nat\u00fcrlich in die Umgebung ein. <\/p>\n<p class=\"\" data-start=\"960\" data-end=\"1149\"><strong data-start=\"960\" data-end=\"979\">Handbemalt<\/strong>, <strong data-start=\"988\" data-end=\"1017\">sp\u00fclmaschinenfest,<\/strong> nach <strong data-start=\"1038\" data-end=\"1061\">Lebensmittelstandards<\/strong> hergestellt und aus <strong data-start=\"1077\" data-end=\"1110\">mikrowellenfestem Ton<\/strong> hergestellt \u2013 eine Garantie f\u00fcr Robustheit und Sicherheit.<\/p>\n<p class=\"\" data-start=\"1151\" data-end=\"1364\">Du wirst es den ganzen Sommer lang benutzen&#8230; Und du wirst dich darauf freuen, es im folgenden Fr\u00fchjahr zu ver\u00f6ffentlichen.<br data-start=\"1241\" data-end=\"1244\">Kombinieren Sie sie mit einer <a class=\"\" href=\"https:\/\/poterie-de-crestet.com\/de\/keramik\/salt-hand-blau\/\" rel=\"noopener\" data-start=\"1262\" data-end=\"1282\">Blue Salt Hand<\/a> oder mit einem <a class=\"\" href=\"https:\/\/poterie-de-crestet.com\/de\/keramik\/selbstgemachter-loeffelauflage\/\" rel=\"noopener\" data-start=\"1303\" data-end=\"1330\">selbstgemachten L\u00f6ffel f\u00fcr<\/a> eine organisierte Sommerk\u00fcche.<\/p>\n","protected":false},"excerpt":{"rendered":"<p>Blauer keramischer M\u00fcckenschutzbrenner. Erm\u00f6glicht es, eine brennende Walze ohne Risiko zu verwenden. <\/p>\n<p><br data-start=\"336\" data-end=\"339\"><strong>\u00d8 14,5 cm \u2013 H 6 cm<\/strong><\/p>\n","protected":false},"featured_media":8214,"comment_status":"open","ping_status":"closed","template":"","meta":[],"product_brand":[],"product_cat":[369],"product_tag":[203],"class_list":{"0":"post-20072","1":"product","2":"type-product","3":"status-publish","4":"has-post-thumbnail","6":"product_cat-muckenschutzmittel","7":"product_tag-blau","9":"first","10":"instock","11":"taxable","12":"shipping-taxable","13":"purchasable","14":"product-type-simple"},"yoast_head":"<!-- This site is optimized with the Yoast SEO plugin v27.5 - https:\/\/yoast.com\/product\/yoast-seo-wordpress\/ -->\n<title>M\u00fcckenschutzmittel Blau - Poterie de Crestet<\/title>\n<meta name=\"description\" content=\"Blaues keramisches M\u00fcckenschutzmittel. Benutze deine brennenden Kieselsteine sicher. Waschbar, dekorativ, ideal f\u00fcr den Sommer oder Wintergarten im Freien.\" \/>\n<meta name=\"robots\" content=\"index, follow, max-snippet:-1, max-image-preview:large, max-video-preview:-1\" \/>\n<link rel=\"canonical\" href=\"https:\/\/poterie-de-crestet.com\/de\/keramik\/mueckenschutzmittel-blau\/\" \/>\n<meta property=\"og:locale\" content=\"de_DE\" \/>\n<meta property=\"og:type\" content=\"article\" \/>\n<meta property=\"og:title\" content=\"M\u00fcckenschutzmittel Blau - Poterie de Crestet\" \/>\n<meta property=\"og:description\" content=\"Blaues keramisches M\u00fcckenschutzmittel. Benutze deine brennenden Kieselsteine sicher. Waschbar, dekorativ, ideal f\u00fcr den Sommer oder Wintergarten im Freien.\" \/>\n<meta property=\"og:url\" content=\"https:\/\/poterie-de-crestet.com\/de\/keramik\/mueckenschutzmittel-blau\/\" \/>\n<meta property=\"og:site_name\" content=\"Poterie de Crestet\" \/>\n<meta property=\"og:image\" content=\"https:\/\/i0.wp.com\/poterie-de-crestet.com\/wp-content\/uploads\/2025\/04\/Poterie-du-Crestet1220.jpg?fit=800%2C532&ssl=1\" \/>\n\t<meta property=\"og:image:width\" content=\"800\" \/>\n\t<meta property=\"og:image:height\" content=\"532\" \/>\n\t<meta property=\"og:image:type\" content=\"image\/jpeg\" \/>\n<meta name=\"twitter:card\" content=\"summary_large_image\" \/>\n<meta name=\"twitter:label1\" content=\"Gesch\u00e4tzte Lesezeit\" \/>\n\t<meta name=\"twitter:data1\" content=\"1\u00a0Minute\" \/>\n<script type=\"application\/ld+json\" class=\"yoast-schema-graph\">{\"@context\":\"https:\\\/\\\/schema.org\",\"@graph\":[{\"@type\":\"WebPage\",\"@id\":\"https:\\\/\\\/poterie-de-crestet.com\\\/de\\\/keramik\\\/mueckenschutzmittel-blau\\\/\",\"url\":\"https:\\\/\\\/poterie-de-crestet.com\\\/de\\\/keramik\\\/mueckenschutzmittel-blau\\\/\",\"name\":\"M\u00fcckenschutzmittel Blau - Poterie de Crestet\",\"isPartOf\":{\"@id\":\"https:\\\/\\\/poterie-de-crestet.com\\\/de\\\/#website\"},\"primaryImageOfPage\":{\"@id\":\"https:\\\/\\\/poterie-de-crestet.com\\\/de\\\/keramik\\\/mueckenschutzmittel-blau\\\/#primaryimage\"},\"image\":{\"@id\":\"https:\\\/\\\/poterie-de-crestet.com\\\/de\\\/keramik\\\/mueckenschutzmittel-blau\\\/#primaryimage\"},\"thumbnailUrl\":\"https:\\\/\\\/i0.wp.com\\\/poterie-de-crestet.com\\\/wp-content\\\/uploads\\\/2025\\\/04\\\/Poterie-du-Crestet1220.jpg?fit=800%2C532&ssl=1\",\"datePublished\":\"2025-04-11T10:16:33+00:00\",\"description\":\"Blaues keramisches M\u00fcckenschutzmittel. Benutze deine brennenden Kieselsteine sicher. Waschbar, dekorativ, ideal f\u00fcr den Sommer oder Wintergarten im Freien.\",\"breadcrumb\":{\"@id\":\"https:\\\/\\\/poterie-de-crestet.com\\\/de\\\/keramik\\\/mueckenschutzmittel-blau\\\/#breadcrumb\"},\"inLanguage\":\"de\",\"potentialAction\":[{\"@type\":\"ReadAction\",\"target\":[\"https:\\\/\\\/poterie-de-crestet.com\\\/de\\\/keramik\\\/mueckenschutzmittel-blau\\\/\"]}]},{\"@type\":\"ImageObject\",\"inLanguage\":\"de\",\"@id\":\"https:\\\/\\\/poterie-de-crestet.com\\\/de\\\/keramik\\\/mueckenschutzmittel-blau\\\/#primaryimage\",\"url\":\"https:\\\/\\\/i0.wp.com\\\/poterie-de-crestet.com\\\/wp-content\\\/uploads\\\/2025\\\/04\\\/Poterie-du-Crestet1220.jpg?fit=800%2C532&ssl=1\",\"contentUrl\":\"https:\\\/\\\/i0.wp.com\\\/poterie-de-crestet.com\\\/wp-content\\\/uploads\\\/2025\\\/04\\\/Poterie-du-Crestet1220.jpg?fit=800%2C532&ssl=1\",\"width\":800,\"height\":532,\"caption\":\"Blaues M\u00fcckenschutzmittel\"},{\"@type\":\"BreadcrumbList\",\"@id\":\"https:\\\/\\\/poterie-de-crestet.com\\\/de\\\/keramik\\\/mueckenschutzmittel-blau\\\/#breadcrumb\",\"itemListElement\":[{\"@type\":\"ListItem\",\"position\":1,\"name\":\"Accueil\",\"item\":\"https:\\\/\\\/poterie-de-crestet.com\\\/de\\\/accueil\\\/\"},{\"@type\":\"ListItem\",\"position\":2,\"name\":\"Boutique\",\"item\":\"https:\\\/\\\/poterie-de-crestet.com\\\/ceramiques\\\/\"},{\"@type\":\"ListItem\",\"position\":3,\"name\":\"M\u00fcckenschutzmittel Blau\"}]},{\"@type\":\"WebSite\",\"@id\":\"https:\\\/\\\/poterie-de-crestet.com\\\/de\\\/#website\",\"url\":\"https:\\\/\\\/poterie-de-crestet.com\\\/de\\\/\",\"name\":\"Poterie de Crestet\",\"description\":\"Des milliers de poteries inpir\u00e9es de la Provence\",\"publisher\":{\"@id\":\"https:\\\/\\\/poterie-de-crestet.com\\\/de\\\/#organization\"},\"potentialAction\":[{\"@type\":\"SearchAction\",\"target\":{\"@type\":\"EntryPoint\",\"urlTemplate\":\"https:\\\/\\\/poterie-de-crestet.com\\\/de\\\/?s={search_term_string}\"},\"query-input\":{\"@type\":\"PropertyValueSpecification\",\"valueRequired\":true,\"valueName\":\"search_term_string\"}}],\"inLanguage\":\"de\"},{\"@type\":\"Organization\",\"@id\":\"https:\\\/\\\/poterie-de-crestet.com\\\/de\\\/#organization\",\"name\":\"Poterie de Crestet\",\"url\":\"https:\\\/\\\/poterie-de-crestet.com\\\/de\\\/\",\"logo\":{\"@type\":\"ImageObject\",\"inLanguage\":\"de\",\"@id\":\"https:\\\/\\\/poterie-de-crestet.com\\\/de\\\/#\\\/schema\\\/logo\\\/image\\\/\",\"url\":\"https:\\\/\\\/i0.wp.com\\\/poterie-de-crestet.com\\\/wp-content\\\/uploads\\\/2025\\\/03\\\/Propo-4.png?fit=1000%2C462&ssl=1\",\"contentUrl\":\"https:\\\/\\\/i0.wp.com\\\/poterie-de-crestet.com\\\/wp-content\\\/uploads\\\/2025\\\/03\\\/Propo-4.png?fit=1000%2C462&ssl=1\",\"width\":1000,\"height\":462,\"caption\":\"Poterie de Crestet\"},\"image\":{\"@id\":\"https:\\\/\\\/poterie-de-crestet.com\\\/de\\\/#\\\/schema\\\/logo\\\/image\\\/\"}}]}<\/script>\n<!-- \/ Yoast SEO plugin. -->","yoast_head_json":{"title":"M\u00fcckenschutzmittel Blau - Poterie de Crestet","description":"Blaues keramisches M\u00fcckenschutzmittel. Benutze deine brennenden Kieselsteine sicher. Waschbar, dekorativ, ideal f\u00fcr den Sommer oder Wintergarten im Freien.","robots":{"index":"index","follow":"follow","max-snippet":"max-snippet:-1","max-image-preview":"max-image-preview:large","max-video-preview":"max-video-preview:-1"},"canonical":"https:\/\/poterie-de-crestet.com\/de\/keramik\/mueckenschutzmittel-blau\/","og_locale":"de_DE","og_type":"article","og_title":"M\u00fcckenschutzmittel Blau - Poterie de Crestet","og_description":"Blaues keramisches M\u00fcckenschutzmittel. Benutze deine brennenden Kieselsteine sicher. Waschbar, dekorativ, ideal f\u00fcr den Sommer oder Wintergarten im Freien.","og_url":"https:\/\/poterie-de-crestet.com\/de\/keramik\/mueckenschutzmittel-blau\/","og_site_name":"Poterie de Crestet","og_image":[{"width":800,"height":532,"url":"https:\/\/i0.wp.com\/poterie-de-crestet.com\/wp-content\/uploads\/2025\/04\/Poterie-du-Crestet1220.jpg?fit=800%2C532&ssl=1","type":"image\/jpeg"}],"twitter_card":"summary_large_image","twitter_misc":{"Gesch\u00e4tzte Lesezeit":"1\u00a0Minute"},"schema":{"@context":"https:\/\/schema.org","@graph":[{"@type":"WebPage","@id":"https:\/\/poterie-de-crestet.com\/de\/keramik\/mueckenschutzmittel-blau\/","url":"https:\/\/poterie-de-crestet.com\/de\/keramik\/mueckenschutzmittel-blau\/","name":"M\u00fcckenschutzmittel Blau - Poterie de Crestet","isPartOf":{"@id":"https:\/\/poterie-de-crestet.com\/de\/#website"},"primaryImageOfPage":{"@id":"https:\/\/poterie-de-crestet.com\/de\/keramik\/mueckenschutzmittel-blau\/#primaryimage"},"image":{"@id":"https:\/\/poterie-de-crestet.com\/de\/keramik\/mueckenschutzmittel-blau\/#primaryimage"},"thumbnailUrl":"https:\/\/i0.wp.com\/poterie-de-crestet.com\/wp-content\/uploads\/2025\/04\/Poterie-du-Crestet1220.jpg?fit=800%2C532&ssl=1","datePublished":"2025-04-11T10:16:33+00:00","description":"Blaues keramisches M\u00fcckenschutzmittel. Benutze deine brennenden Kieselsteine sicher. Waschbar, dekorativ, ideal f\u00fcr den Sommer oder Wintergarten im Freien.","breadcrumb":{"@id":"https:\/\/poterie-de-crestet.com\/de\/keramik\/mueckenschutzmittel-blau\/#breadcrumb"},"inLanguage":"de","potentialAction":[{"@type":"ReadAction","target":["https:\/\/poterie-de-crestet.com\/de\/keramik\/mueckenschutzmittel-blau\/"]}]},{"@type":"ImageObject","inLanguage":"de","@id":"https:\/\/poterie-de-crestet.com\/de\/keramik\/mueckenschutzmittel-blau\/#primaryimage","url":"https:\/\/i0.wp.com\/poterie-de-crestet.com\/wp-content\/uploads\/2025\/04\/Poterie-du-Crestet1220.jpg?fit=800%2C532&ssl=1","contentUrl":"https:\/\/i0.wp.com\/poterie-de-crestet.com\/wp-content\/uploads\/2025\/04\/Poterie-du-Crestet1220.jpg?fit=800%2C532&ssl=1","width":800,"height":532,"caption":"Blaues M\u00fcckenschutzmittel"},{"@type":"BreadcrumbList","@id":"https:\/\/poterie-de-crestet.com\/de\/keramik\/mueckenschutzmittel-blau\/#breadcrumb","itemListElement":[{"@type":"ListItem","position":1,"name":"Accueil","item":"https:\/\/poterie-de-crestet.com\/de\/accueil\/"},{"@type":"ListItem","position":2,"name":"Boutique","item":"https:\/\/poterie-de-crestet.com\/ceramiques\/"},{"@type":"ListItem","position":3,"name":"M\u00fcckenschutzmittel Blau"}]},{"@type":"WebSite","@id":"https:\/\/poterie-de-crestet.com\/de\/#website","url":"https:\/\/poterie-de-crestet.com\/de\/","name":"Poterie de Crestet","description":"Des milliers de poteries inpir\u00e9es de la Provence","publisher":{"@id":"https:\/\/poterie-de-crestet.com\/de\/#organization"},"potentialAction":[{"@type":"SearchAction","target":{"@type":"EntryPoint","urlTemplate":"https:\/\/poterie-de-crestet.com\/de\/?s={search_term_string}"},"query-input":{"@type":"PropertyValueSpecification","valueRequired":true,"valueName":"search_term_string"}}],"inLanguage":"de"},{"@type":"Organization","@id":"https:\/\/poterie-de-crestet.com\/de\/#organization","name":"Poterie de Crestet","url":"https:\/\/poterie-de-crestet.com\/de\/","logo":{"@type":"ImageObject","inLanguage":"de","@id":"https:\/\/poterie-de-crestet.com\/de\/#\/schema\/logo\/image\/","url":"https:\/\/i0.wp.com\/poterie-de-crestet.com\/wp-content\/uploads\/2025\/03\/Propo-4.png?fit=1000%2C462&ssl=1","contentUrl":"https:\/\/i0.wp.com\/poterie-de-crestet.com\/wp-content\/uploads\/2025\/03\/Propo-4.png?fit=1000%2C462&ssl=1","width":1000,"height":462,"caption":"Poterie de Crestet"},"image":{"@id":"https:\/\/poterie-de-crestet.com\/de\/#\/schema\/logo\/image\/"}}]}},"jetpack_sharing_enabled":true,"_links":{"self":[{"href":"https:\/\/poterie-de-crestet.com\/de\/wp-json\/wp\/v2\/product\/20072","targetHints":{"allow":["GET"]}}],"collection":[{"href":"https:\/\/poterie-de-crestet.com\/de\/wp-json\/wp\/v2\/product"}],"about":[{"href":"https:\/\/poterie-de-crestet.com\/de\/wp-json\/wp\/v2\/types\/product"}],"replies":[{"embeddable":true,"href":"https:\/\/poterie-de-crestet.com\/de\/wp-json\/wp\/v2\/comments?post=20072"}],"version-history":[{"count":0,"href":"https:\/\/poterie-de-crestet.com\/de\/wp-json\/wp\/v2\/product\/20072\/revisions"}],"wp:featuredmedia":[{"embeddable":true,"href":"https:\/\/poterie-de-crestet.com\/de\/wp-json\/wp\/v2\/media\/8214"}],"wp:attachment":[{"href":"https:\/\/poterie-de-crestet.com\/de\/wp-json\/wp\/v2\/media?parent=20072"}],"wp:term":[{"taxonomy":"product_brand","embeddable":true,"href":"https:\/\/poterie-de-crestet.com\/de\/wp-json\/wp\/v2\/product_brand?post=20072"},{"taxonomy":"product_cat","embeddable":true,"href":"https:\/\/poterie-de-crestet.com\/de\/wp-json\/wp\/v2\/product_cat?post=20072"},{"taxonomy":"product_tag","embeddable":true,"href":"https:\/\/poterie-de-crestet.com\/de\/wp-json\/wp\/v2\/product_tag?post=20072"}],"curies":[{"name":"wp","href":"https:\/\/api.w.org\/{rel}","templated":true}]}}