{"id":20020,"date":"2025-04-09T17:41:47","date_gmt":"2025-04-09T15:41:47","guid":{"rendered":"https:\/\/poterie-de-crestet.com\/ceramiques\/marmeladentrichter-leichter-boden\/"},"modified":"2025-04-09T17:41:47","modified_gmt":"2025-04-09T15:41:47","slug":"marmeladentrichter-leichter-boden","status":"publish","type":"product","link":"https:\/\/poterie-de-crestet.com\/de\/keramik\/marmeladentrichter-leichter-boden\/","title":{"rendered":"Marmeladentrichter  <h5>Leichter Boden<\/h5>"},"content":{"rendered":"<p data-start=\"445\" data-end=\"925\">Mit seiner hellen Dekoration macht der <strong data-start=\"531\" data-end=\"544\">Sol Clair<\/strong> Jam-Trichter Ihre hausgemachten Vorbereitungen ebenso angenehm zu machen wie zu genie\u00dfen. Aus <strong data-start=\"619\" data-end=\"632\">Keramik<\/strong> gefertigt, misst er \u00d8 16,2 cm \u2013 H 9,2 cm \u2013 D\u00fcse 4 cm: perfekte Ma\u00dfe zum Bef\u00fcllen von T\u00f6pfen und Gl\u00e4sern ohne Spritzer. Die breite \u00d6ffnung erm\u00f6glicht es, Marmeladen, Kompotte, So\u00dfen oder Chutneys ordentlich einzuschenken, w\u00e4hrend die sitzende Spitze sich an Standardgl\u00e4ser anpasst f\u00fcr eine sichere und pr\u00e4zise Geste.  <\/p>\n<p data-start=\"927\" data-end=\"1237\">Der Vorteil von Keramik ist unbestreitbar: Sie verformt sich nicht wie Kunststoff, verbrennt die Finger nicht wie Edelstahl und ver\u00e4ndert nie den Geschmack Ihrer Zubereitungen. Stabil und angenehm zu handhaben, ist er au\u00dferdem <strong data-start=\"1146\" data-end=\"1190\">sp\u00fclmaschinen- und mikrowellenfest,<\/strong> was eine einfache und langlebige Nutzung erm\u00f6glicht. <\/p>\n<p data-start=\"1239\" data-end=\"1492\">Der <strong data-start=\"1248\" data-end=\"1261\">helle<\/strong> Boden, die weiche und helle Einrichtung passen problemlos zu jeder K\u00fcche. Kombinieren Sie es mit einer <a href=\"https:\/\/poterie-de-crestet.com\/de\/keramik\/loeffelauflage-leichter-boden\/\"><strong data-start=\"1345\" data-end=\"1374\">Clear Sol L\u00f6ffelauflage<\/strong><\/a> , um die Arbeitsplatte makellos zu halten, oder einem <a href=\"https:\/\/poterie-de-crestet.com\/de\/keramik\/abtropfen-leichter-boden\/\"><strong data-start=\"1426\" data-end=\"1448\">Obstabtropf,<\/strong><\/a> um Ihre Pflanzen vor dem Kochen vorzubereiten. <\/p>\n<p data-start=\"1494\" data-end=\"1723\">Dieser Trichter ist ein echter K\u00fcchenpartner: Er reduziert Abfall, h\u00e4lt Ihren Raum sauber und macht das Bef\u00fcllen schnell und effizient. Ein kleiner Gegenstand, der wirklich das Leben derjenigen ver\u00e4ndert, die gerne zu Hause kochen. <\/p>\n","protected":false},"excerpt":{"rendered":"<p>Marmeladentrichter Sol-Licht: praktisch und hell f\u00fcr So\u00dfen und Marmeladen. Hergestellt aus widerstandsf\u00e4higer Keramik. Sp\u00fclmaschinen- und Mikrowellenfest.  <br data-start=\"1899\" data-end=\"1902\"><em data-start=\"1902\" data-end=\"1955\"><strong data-start=\"1903\" data-end=\"1954\">Abmessungen: \u00d8 16,2 cm \u2013 H 9,2 cm \u2013 D\u00fcse 4 cm<\/strong><\/em><\/p>\n","protected":false},"featured_media":6844,"comment_status":"closed","ping_status":"closed","template":"","meta":[],"product_brand":[],"product_cat":[322],"product_tag":[234],"class_list":{"0":"post-20020","1":"product","2":"type-product","3":"status-publish","4":"has-post-thumbnail","6":"product_cat-marmeladentrichter","7":"product_tag-leichter-boden","9":"first","10":"instock","11":"taxable","12":"shipping-taxable","13":"purchasable","14":"product-type-simple"},"yoast_head":"<!-- This site is optimized with the Yoast SEO plugin v27.5 - https:\/\/yoast.com\/product\/yoast-seo-wordpress\/ -->\n<title>Marmeladentrichter Leichter Boden - Poterie de Crestet<\/title>\n<meta name=\"description\" content=\"Marmeladentrichter Lichtboden: helle und praktische Keramik f\u00fcr Marmeladen, So\u00dfen und Kompotte. Haltbar, leicht zu reinigen, sp\u00fclmaschinenfest.\" \/>\n<meta name=\"robots\" content=\"index, follow, max-snippet:-1, max-image-preview:large, max-video-preview:-1\" \/>\n<link rel=\"canonical\" href=\"https:\/\/poterie-de-crestet.com\/de\/keramik\/marmeladentrichter-leichter-boden\/\" \/>\n<meta property=\"og:locale\" content=\"de_DE\" \/>\n<meta property=\"og:type\" content=\"article\" \/>\n<meta property=\"og:title\" content=\"Marmeladentrichter Leichter Boden - Poterie de Crestet\" \/>\n<meta property=\"og:description\" content=\"Marmeladentrichter Lichtboden: helle und praktische Keramik f\u00fcr Marmeladen, So\u00dfen und Kompotte. Haltbar, leicht zu reinigen, sp\u00fclmaschinenfest.\" \/>\n<meta property=\"og:url\" content=\"https:\/\/poterie-de-crestet.com\/de\/keramik\/marmeladentrichter-leichter-boden\/\" \/>\n<meta property=\"og:site_name\" content=\"Poterie de Crestet\" \/>\n<meta property=\"og:image\" content=\"https:\/\/i0.wp.com\/poterie-de-crestet.com\/wp-content\/uploads\/2025\/04\/entonnoir-confiture-solclair.jpg?fit=458%2C458&ssl=1\" \/>\n\t<meta property=\"og:image:width\" content=\"458\" \/>\n\t<meta property=\"og:image:height\" content=\"458\" \/>\n\t<meta property=\"og:image:type\" content=\"image\/jpeg\" \/>\n<meta name=\"twitter:card\" content=\"summary_large_image\" \/>\n<meta name=\"twitter:label1\" content=\"Gesch\u00e4tzte Lesezeit\" \/>\n\t<meta name=\"twitter:data1\" content=\"1\u00a0Minute\" \/>\n<script type=\"application\/ld+json\" class=\"yoast-schema-graph\">{\"@context\":\"https:\\\/\\\/schema.org\",\"@graph\":[{\"@type\":\"WebPage\",\"@id\":\"https:\\\/\\\/poterie-de-crestet.com\\\/de\\\/keramik\\\/marmeladentrichter-leichter-boden\\\/\",\"url\":\"https:\\\/\\\/poterie-de-crestet.com\\\/de\\\/keramik\\\/marmeladentrichter-leichter-boden\\\/\",\"name\":\"Marmeladentrichter Leichter Boden - Poterie de Crestet\",\"isPartOf\":{\"@id\":\"https:\\\/\\\/poterie-de-crestet.com\\\/de\\\/#website\"},\"primaryImageOfPage\":{\"@id\":\"https:\\\/\\\/poterie-de-crestet.com\\\/de\\\/keramik\\\/marmeladentrichter-leichter-boden\\\/#primaryimage\"},\"image\":{\"@id\":\"https:\\\/\\\/poterie-de-crestet.com\\\/de\\\/keramik\\\/marmeladentrichter-leichter-boden\\\/#primaryimage\"},\"thumbnailUrl\":\"https:\\\/\\\/i0.wp.com\\\/poterie-de-crestet.com\\\/wp-content\\\/uploads\\\/2025\\\/04\\\/entonnoir-confiture-solclair.jpg?fit=458%2C458&ssl=1\",\"datePublished\":\"2025-04-09T15:41:47+00:00\",\"description\":\"Marmeladentrichter Lichtboden: helle und praktische Keramik f\u00fcr Marmeladen, So\u00dfen und Kompotte. Haltbar, leicht zu reinigen, sp\u00fclmaschinenfest.\",\"breadcrumb\":{\"@id\":\"https:\\\/\\\/poterie-de-crestet.com\\\/de\\\/keramik\\\/marmeladentrichter-leichter-boden\\\/#breadcrumb\"},\"inLanguage\":\"de\",\"potentialAction\":[{\"@type\":\"ReadAction\",\"target\":[\"https:\\\/\\\/poterie-de-crestet.com\\\/de\\\/keramik\\\/marmeladentrichter-leichter-boden\\\/\"]}]},{\"@type\":\"ImageObject\",\"inLanguage\":\"de\",\"@id\":\"https:\\\/\\\/poterie-de-crestet.com\\\/de\\\/keramik\\\/marmeladentrichter-leichter-boden\\\/#primaryimage\",\"url\":\"https:\\\/\\\/i0.wp.com\\\/poterie-de-crestet.com\\\/wp-content\\\/uploads\\\/2025\\\/04\\\/entonnoir-confiture-solclair.jpg?fit=458%2C458&ssl=1\",\"contentUrl\":\"https:\\\/\\\/i0.wp.com\\\/poterie-de-crestet.com\\\/wp-content\\\/uploads\\\/2025\\\/04\\\/entonnoir-confiture-solclair.jpg?fit=458%2C458&ssl=1\",\"width\":458,\"height\":458,\"caption\":\"Leichter Soil Jam Funnel\"},{\"@type\":\"BreadcrumbList\",\"@id\":\"https:\\\/\\\/poterie-de-crestet.com\\\/de\\\/keramik\\\/marmeladentrichter-leichter-boden\\\/#breadcrumb\",\"itemListElement\":[{\"@type\":\"ListItem\",\"position\":1,\"name\":\"Accueil\",\"item\":\"https:\\\/\\\/poterie-de-crestet.com\\\/de\\\/accueil\\\/\"},{\"@type\":\"ListItem\",\"position\":2,\"name\":\"Boutique\",\"item\":\"https:\\\/\\\/poterie-de-crestet.com\\\/ceramiques\\\/\"},{\"@type\":\"ListItem\",\"position\":3,\"name\":\"Marmeladentrichter Leichter Boden\"}]},{\"@type\":\"WebSite\",\"@id\":\"https:\\\/\\\/poterie-de-crestet.com\\\/de\\\/#website\",\"url\":\"https:\\\/\\\/poterie-de-crestet.com\\\/de\\\/\",\"name\":\"Poterie de Crestet\",\"description\":\"Des milliers de poteries inpir\u00e9es de la Provence\",\"publisher\":{\"@id\":\"https:\\\/\\\/poterie-de-crestet.com\\\/de\\\/#organization\"},\"potentialAction\":[{\"@type\":\"SearchAction\",\"target\":{\"@type\":\"EntryPoint\",\"urlTemplate\":\"https:\\\/\\\/poterie-de-crestet.com\\\/de\\\/?s={search_term_string}\"},\"query-input\":{\"@type\":\"PropertyValueSpecification\",\"valueRequired\":true,\"valueName\":\"search_term_string\"}}],\"inLanguage\":\"de\"},{\"@type\":\"Organization\",\"@id\":\"https:\\\/\\\/poterie-de-crestet.com\\\/de\\\/#organization\",\"name\":\"Poterie de Crestet\",\"url\":\"https:\\\/\\\/poterie-de-crestet.com\\\/de\\\/\",\"logo\":{\"@type\":\"ImageObject\",\"inLanguage\":\"de\",\"@id\":\"https:\\\/\\\/poterie-de-crestet.com\\\/de\\\/#\\\/schema\\\/logo\\\/image\\\/\",\"url\":\"https:\\\/\\\/i0.wp.com\\\/poterie-de-crestet.com\\\/wp-content\\\/uploads\\\/2025\\\/03\\\/Propo-4.png?fit=1000%2C462&ssl=1\",\"contentUrl\":\"https:\\\/\\\/i0.wp.com\\\/poterie-de-crestet.com\\\/wp-content\\\/uploads\\\/2025\\\/03\\\/Propo-4.png?fit=1000%2C462&ssl=1\",\"width\":1000,\"height\":462,\"caption\":\"Poterie de Crestet\"},\"image\":{\"@id\":\"https:\\\/\\\/poterie-de-crestet.com\\\/de\\\/#\\\/schema\\\/logo\\\/image\\\/\"}}]}<\/script>\n<!-- \/ Yoast SEO plugin. -->","yoast_head_json":{"title":"Marmeladentrichter Leichter Boden - Poterie de Crestet","description":"Marmeladentrichter Lichtboden: helle und praktische Keramik f\u00fcr Marmeladen, So\u00dfen und Kompotte. Haltbar, leicht zu reinigen, sp\u00fclmaschinenfest.","robots":{"index":"index","follow":"follow","max-snippet":"max-snippet:-1","max-image-preview":"max-image-preview:large","max-video-preview":"max-video-preview:-1"},"canonical":"https:\/\/poterie-de-crestet.com\/de\/keramik\/marmeladentrichter-leichter-boden\/","og_locale":"de_DE","og_type":"article","og_title":"Marmeladentrichter Leichter Boden - Poterie de Crestet","og_description":"Marmeladentrichter Lichtboden: helle und praktische Keramik f\u00fcr Marmeladen, So\u00dfen und Kompotte. Haltbar, leicht zu reinigen, sp\u00fclmaschinenfest.","og_url":"https:\/\/poterie-de-crestet.com\/de\/keramik\/marmeladentrichter-leichter-boden\/","og_site_name":"Poterie de Crestet","og_image":[{"width":458,"height":458,"url":"https:\/\/i0.wp.com\/poterie-de-crestet.com\/wp-content\/uploads\/2025\/04\/entonnoir-confiture-solclair.jpg?fit=458%2C458&ssl=1","type":"image\/jpeg"}],"twitter_card":"summary_large_image","twitter_misc":{"Gesch\u00e4tzte Lesezeit":"1\u00a0Minute"},"schema":{"@context":"https:\/\/schema.org","@graph":[{"@type":"WebPage","@id":"https:\/\/poterie-de-crestet.com\/de\/keramik\/marmeladentrichter-leichter-boden\/","url":"https:\/\/poterie-de-crestet.com\/de\/keramik\/marmeladentrichter-leichter-boden\/","name":"Marmeladentrichter Leichter Boden - Poterie de Crestet","isPartOf":{"@id":"https:\/\/poterie-de-crestet.com\/de\/#website"},"primaryImageOfPage":{"@id":"https:\/\/poterie-de-crestet.com\/de\/keramik\/marmeladentrichter-leichter-boden\/#primaryimage"},"image":{"@id":"https:\/\/poterie-de-crestet.com\/de\/keramik\/marmeladentrichter-leichter-boden\/#primaryimage"},"thumbnailUrl":"https:\/\/i0.wp.com\/poterie-de-crestet.com\/wp-content\/uploads\/2025\/04\/entonnoir-confiture-solclair.jpg?fit=458%2C458&ssl=1","datePublished":"2025-04-09T15:41:47+00:00","description":"Marmeladentrichter Lichtboden: helle und praktische Keramik f\u00fcr Marmeladen, So\u00dfen und Kompotte. Haltbar, leicht zu reinigen, sp\u00fclmaschinenfest.","breadcrumb":{"@id":"https:\/\/poterie-de-crestet.com\/de\/keramik\/marmeladentrichter-leichter-boden\/#breadcrumb"},"inLanguage":"de","potentialAction":[{"@type":"ReadAction","target":["https:\/\/poterie-de-crestet.com\/de\/keramik\/marmeladentrichter-leichter-boden\/"]}]},{"@type":"ImageObject","inLanguage":"de","@id":"https:\/\/poterie-de-crestet.com\/de\/keramik\/marmeladentrichter-leichter-boden\/#primaryimage","url":"https:\/\/i0.wp.com\/poterie-de-crestet.com\/wp-content\/uploads\/2025\/04\/entonnoir-confiture-solclair.jpg?fit=458%2C458&ssl=1","contentUrl":"https:\/\/i0.wp.com\/poterie-de-crestet.com\/wp-content\/uploads\/2025\/04\/entonnoir-confiture-solclair.jpg?fit=458%2C458&ssl=1","width":458,"height":458,"caption":"Leichter Soil Jam Funnel"},{"@type":"BreadcrumbList","@id":"https:\/\/poterie-de-crestet.com\/de\/keramik\/marmeladentrichter-leichter-boden\/#breadcrumb","itemListElement":[{"@type":"ListItem","position":1,"name":"Accueil","item":"https:\/\/poterie-de-crestet.com\/de\/accueil\/"},{"@type":"ListItem","position":2,"name":"Boutique","item":"https:\/\/poterie-de-crestet.com\/ceramiques\/"},{"@type":"ListItem","position":3,"name":"Marmeladentrichter Leichter Boden"}]},{"@type":"WebSite","@id":"https:\/\/poterie-de-crestet.com\/de\/#website","url":"https:\/\/poterie-de-crestet.com\/de\/","name":"Poterie de Crestet","description":"Des milliers de poteries inpir\u00e9es de la Provence","publisher":{"@id":"https:\/\/poterie-de-crestet.com\/de\/#organization"},"potentialAction":[{"@type":"SearchAction","target":{"@type":"EntryPoint","urlTemplate":"https:\/\/poterie-de-crestet.com\/de\/?s={search_term_string}"},"query-input":{"@type":"PropertyValueSpecification","valueRequired":true,"valueName":"search_term_string"}}],"inLanguage":"de"},{"@type":"Organization","@id":"https:\/\/poterie-de-crestet.com\/de\/#organization","name":"Poterie de Crestet","url":"https:\/\/poterie-de-crestet.com\/de\/","logo":{"@type":"ImageObject","inLanguage":"de","@id":"https:\/\/poterie-de-crestet.com\/de\/#\/schema\/logo\/image\/","url":"https:\/\/i0.wp.com\/poterie-de-crestet.com\/wp-content\/uploads\/2025\/03\/Propo-4.png?fit=1000%2C462&ssl=1","contentUrl":"https:\/\/i0.wp.com\/poterie-de-crestet.com\/wp-content\/uploads\/2025\/03\/Propo-4.png?fit=1000%2C462&ssl=1","width":1000,"height":462,"caption":"Poterie de Crestet"},"image":{"@id":"https:\/\/poterie-de-crestet.com\/de\/#\/schema\/logo\/image\/"}}]}},"jetpack_sharing_enabled":true,"_links":{"self":[{"href":"https:\/\/poterie-de-crestet.com\/de\/wp-json\/wp\/v2\/product\/20020","targetHints":{"allow":["GET"]}}],"collection":[{"href":"https:\/\/poterie-de-crestet.com\/de\/wp-json\/wp\/v2\/product"}],"about":[{"href":"https:\/\/poterie-de-crestet.com\/de\/wp-json\/wp\/v2\/types\/product"}],"replies":[{"embeddable":true,"href":"https:\/\/poterie-de-crestet.com\/de\/wp-json\/wp\/v2\/comments?post=20020"}],"version-history":[{"count":0,"href":"https:\/\/poterie-de-crestet.com\/de\/wp-json\/wp\/v2\/product\/20020\/revisions"}],"wp:featuredmedia":[{"embeddable":true,"href":"https:\/\/poterie-de-crestet.com\/de\/wp-json\/wp\/v2\/media\/6844"}],"wp:attachment":[{"href":"https:\/\/poterie-de-crestet.com\/de\/wp-json\/wp\/v2\/media?parent=20020"}],"wp:term":[{"taxonomy":"product_brand","embeddable":true,"href":"https:\/\/poterie-de-crestet.com\/de\/wp-json\/wp\/v2\/product_brand?post=20020"},{"taxonomy":"product_cat","embeddable":true,"href":"https:\/\/poterie-de-crestet.com\/de\/wp-json\/wp\/v2\/product_cat?post=20020"},{"taxonomy":"product_tag","embeddable":true,"href":"https:\/\/poterie-de-crestet.com\/de\/wp-json\/wp\/v2\/product_tag?post=20020"}],"curies":[{"name":"wp","href":"https:\/\/api.w.org\/{rel}","templated":true}]}}