{"id":19830,"date":"2025-04-10T11:29:08","date_gmt":"2025-04-10T09:29:08","guid":{"rendered":"https:\/\/poterie-de-crestet.com\/ceramiques\/egg-holder-16-rosa-erde\/"},"modified":"2025-04-10T11:29:08","modified_gmt":"2025-04-10T09:29:08","slug":"egg-holder-16-rosa-erde","status":"publish","type":"product","link":"https:\/\/poterie-de-crestet.com\/de\/keramik\/egg-holder-16-rosa-erde\/","title":{"rendered":"Egg Holder *16  <h5>Rosa Erde<\/h5>"},"content":{"rendered":"<p data-start=\"5643\" data-end=\"5835\">Das Pink Sol 16 Egg Rack verleiht Ihrer K\u00fcche einen Hauch von Weichheit. Sein stabiles Design und die gro\u00dfz\u00fcgige Kapazit\u00e4t machen es zu einem allt\u00e4glichen Muss. <\/p>\n<p data-start=\"5837\" data-end=\"6092\">Handbemalt in Puderrosa, ist sie auch als <a href=\"https:\/\/poterie-de-crestet.com\/de\/keramik\/eiergericht-rosa-erde\/\">Sol-Rose-Mimosa-Eierplatte erh\u00e4ltlich.<\/a><\/p>\n<p data-start=\"6094\" data-end=\"6264\">F\u00fcr eine Pflanzenassoziation denken Sie <a href=\"https:\/\/poterie-de-crestet.com\/de\/keramik\/moerser-gruene-blaetter\/\">an den Gr\u00fcnbl\u00e4tter-M\u00f6rtel.<\/a><\/p>\n","protected":false},"excerpt":{"rendered":"<p>Egg Holder von 16 Ceramic Decor Pink Sol. Z\u00e4rtlich, praktisch und leicht zu kombinieren. <br data-start=\"5605\" data-end=\"5608\"><strong data-start=\"5608\" data-end=\"5641\"><em data-start=\"5610\" data-end=\"5639\">Abmessungen: 21 \u00d7 21 \u00d7 4 cm<\/em><\/strong><\/p>\n","protected":false},"featured_media":7730,"comment_status":"open","ping_status":"closed","template":"","meta":[],"product_brand":[],"product_cat":[292],"product_tag":[232],"class_list":{"0":"post-19830","1":"product","2":"type-product","3":"status-publish","4":"has-post-thumbnail","6":"product_cat-eierhalter","7":"product_tag-rosa-erde","9":"first","10":"instock","11":"taxable","12":"shipping-taxable","13":"purchasable","14":"product-type-simple"},"yoast_head":"<!-- This site is optimized with the Yoast SEO plugin v27.5 - https:\/\/yoast.com\/product\/yoast-seo-wordpress\/ -->\n<title>Egg Holder *16 Rosa Erde - Poterie de Crestet<\/title>\n<meta name=\"description\" content=\"Keramik-Eierregal Pink Sol Dekoration. Enth\u00e4lt 16 Eier, auch erh\u00e4ltlich in einer 6-Eier-Version und einer verschiedenen Eierplatte.\" \/>\n<meta name=\"robots\" content=\"index, follow, max-snippet:-1, max-image-preview:large, max-video-preview:-1\" \/>\n<link rel=\"canonical\" href=\"https:\/\/poterie-de-crestet.com\/de\/keramik\/egg-holder-16-rosa-erde\/\" \/>\n<meta property=\"og:locale\" content=\"de_DE\" \/>\n<meta property=\"og:type\" content=\"article\" \/>\n<meta property=\"og:title\" content=\"Egg Holder *16 Rosa Erde - Poterie de Crestet\" \/>\n<meta property=\"og:description\" content=\"Keramik-Eierregal Pink Sol Dekoration. Enth\u00e4lt 16 Eier, auch erh\u00e4ltlich in einer 6-Eier-Version und einer verschiedenen Eierplatte.\" \/>\n<meta property=\"og:url\" content=\"https:\/\/poterie-de-crestet.com\/de\/keramik\/egg-holder-16-rosa-erde\/\" \/>\n<meta property=\"og:site_name\" content=\"Poterie de Crestet\" \/>\n<meta property=\"og:image\" content=\"https:\/\/i0.wp.com\/poterie-de-crestet.com\/wp-content\/uploads\/2025\/04\/Poterie-du-Crestet0980.jpg?fit=800%2C532&ssl=1\" \/>\n\t<meta property=\"og:image:width\" content=\"800\" \/>\n\t<meta property=\"og:image:height\" content=\"532\" \/>\n\t<meta property=\"og:image:type\" content=\"image\/jpeg\" \/>\n<meta name=\"twitter:card\" content=\"summary_large_image\" \/>\n<script type=\"application\/ld+json\" class=\"yoast-schema-graph\">{\"@context\":\"https:\\\/\\\/schema.org\",\"@graph\":[{\"@type\":\"WebPage\",\"@id\":\"https:\\\/\\\/poterie-de-crestet.com\\\/de\\\/keramik\\\/egg-holder-16-rosa-erde\\\/\",\"url\":\"https:\\\/\\\/poterie-de-crestet.com\\\/de\\\/keramik\\\/egg-holder-16-rosa-erde\\\/\",\"name\":\"Egg Holder *16 Rosa Erde - Poterie de Crestet\",\"isPartOf\":{\"@id\":\"https:\\\/\\\/poterie-de-crestet.com\\\/de\\\/#website\"},\"primaryImageOfPage\":{\"@id\":\"https:\\\/\\\/poterie-de-crestet.com\\\/de\\\/keramik\\\/egg-holder-16-rosa-erde\\\/#primaryimage\"},\"image\":{\"@id\":\"https:\\\/\\\/poterie-de-crestet.com\\\/de\\\/keramik\\\/egg-holder-16-rosa-erde\\\/#primaryimage\"},\"thumbnailUrl\":\"https:\\\/\\\/i0.wp.com\\\/poterie-de-crestet.com\\\/wp-content\\\/uploads\\\/2025\\\/04\\\/Poterie-du-Crestet0980.jpg?fit=800%2C532&ssl=1\",\"datePublished\":\"2025-04-10T09:29:08+00:00\",\"description\":\"Keramik-Eierregal Pink Sol Dekoration. Enth\u00e4lt 16 Eier, auch erh\u00e4ltlich in einer 6-Eier-Version und einer verschiedenen Eierplatte.\",\"breadcrumb\":{\"@id\":\"https:\\\/\\\/poterie-de-crestet.com\\\/de\\\/keramik\\\/egg-holder-16-rosa-erde\\\/#breadcrumb\"},\"inLanguage\":\"de\",\"potentialAction\":[{\"@type\":\"ReadAction\",\"target\":[\"https:\\\/\\\/poterie-de-crestet.com\\\/de\\\/keramik\\\/egg-holder-16-rosa-erde\\\/\"]}]},{\"@type\":\"ImageObject\",\"inLanguage\":\"de\",\"@id\":\"https:\\\/\\\/poterie-de-crestet.com\\\/de\\\/keramik\\\/egg-holder-16-rosa-erde\\\/#primaryimage\",\"url\":\"https:\\\/\\\/i0.wp.com\\\/poterie-de-crestet.com\\\/wp-content\\\/uploads\\\/2025\\\/04\\\/Poterie-du-Crestet0980.jpg?fit=800%2C532&ssl=1\",\"contentUrl\":\"https:\\\/\\\/i0.wp.com\\\/poterie-de-crestet.com\\\/wp-content\\\/uploads\\\/2025\\\/04\\\/Poterie-du-Crestet0980.jpg?fit=800%2C532&ssl=1\",\"width\":800,\"height\":532,\"caption\":\"Eiergestell auf rosa Boden\"},{\"@type\":\"BreadcrumbList\",\"@id\":\"https:\\\/\\\/poterie-de-crestet.com\\\/de\\\/keramik\\\/egg-holder-16-rosa-erde\\\/#breadcrumb\",\"itemListElement\":[{\"@type\":\"ListItem\",\"position\":1,\"name\":\"Accueil\",\"item\":\"https:\\\/\\\/poterie-de-crestet.com\\\/de\\\/accueil\\\/\"},{\"@type\":\"ListItem\",\"position\":2,\"name\":\"Boutique\",\"item\":\"https:\\\/\\\/poterie-de-crestet.com\\\/ceramiques\\\/\"},{\"@type\":\"ListItem\",\"position\":3,\"name\":\"Egg Holder *16 Rosa Erde\"}]},{\"@type\":\"WebSite\",\"@id\":\"https:\\\/\\\/poterie-de-crestet.com\\\/de\\\/#website\",\"url\":\"https:\\\/\\\/poterie-de-crestet.com\\\/de\\\/\",\"name\":\"Poterie de Crestet\",\"description\":\"Des milliers de poteries inpir\u00e9es de la Provence\",\"publisher\":{\"@id\":\"https:\\\/\\\/poterie-de-crestet.com\\\/de\\\/#organization\"},\"potentialAction\":[{\"@type\":\"SearchAction\",\"target\":{\"@type\":\"EntryPoint\",\"urlTemplate\":\"https:\\\/\\\/poterie-de-crestet.com\\\/de\\\/?s={search_term_string}\"},\"query-input\":{\"@type\":\"PropertyValueSpecification\",\"valueRequired\":true,\"valueName\":\"search_term_string\"}}],\"inLanguage\":\"de\"},{\"@type\":\"Organization\",\"@id\":\"https:\\\/\\\/poterie-de-crestet.com\\\/de\\\/#organization\",\"name\":\"Poterie de Crestet\",\"url\":\"https:\\\/\\\/poterie-de-crestet.com\\\/de\\\/\",\"logo\":{\"@type\":\"ImageObject\",\"inLanguage\":\"de\",\"@id\":\"https:\\\/\\\/poterie-de-crestet.com\\\/de\\\/#\\\/schema\\\/logo\\\/image\\\/\",\"url\":\"https:\\\/\\\/i0.wp.com\\\/poterie-de-crestet.com\\\/wp-content\\\/uploads\\\/2025\\\/03\\\/Propo-4.png?fit=1000%2C462&ssl=1\",\"contentUrl\":\"https:\\\/\\\/i0.wp.com\\\/poterie-de-crestet.com\\\/wp-content\\\/uploads\\\/2025\\\/03\\\/Propo-4.png?fit=1000%2C462&ssl=1\",\"width\":1000,\"height\":462,\"caption\":\"Poterie de Crestet\"},\"image\":{\"@id\":\"https:\\\/\\\/poterie-de-crestet.com\\\/de\\\/#\\\/schema\\\/logo\\\/image\\\/\"}}]}<\/script>\n<!-- \/ Yoast SEO plugin. -->","yoast_head_json":{"title":"Egg Holder *16 Rosa Erde - Poterie de Crestet","description":"Keramik-Eierregal Pink Sol Dekoration. Enth\u00e4lt 16 Eier, auch erh\u00e4ltlich in einer 6-Eier-Version und einer verschiedenen Eierplatte.","robots":{"index":"index","follow":"follow","max-snippet":"max-snippet:-1","max-image-preview":"max-image-preview:large","max-video-preview":"max-video-preview:-1"},"canonical":"https:\/\/poterie-de-crestet.com\/de\/keramik\/egg-holder-16-rosa-erde\/","og_locale":"de_DE","og_type":"article","og_title":"Egg Holder *16 Rosa Erde - Poterie de Crestet","og_description":"Keramik-Eierregal Pink Sol Dekoration. Enth\u00e4lt 16 Eier, auch erh\u00e4ltlich in einer 6-Eier-Version und einer verschiedenen Eierplatte.","og_url":"https:\/\/poterie-de-crestet.com\/de\/keramik\/egg-holder-16-rosa-erde\/","og_site_name":"Poterie de Crestet","og_image":[{"width":800,"height":532,"url":"https:\/\/i0.wp.com\/poterie-de-crestet.com\/wp-content\/uploads\/2025\/04\/Poterie-du-Crestet0980.jpg?fit=800%2C532&ssl=1","type":"image\/jpeg"}],"twitter_card":"summary_large_image","schema":{"@context":"https:\/\/schema.org","@graph":[{"@type":"WebPage","@id":"https:\/\/poterie-de-crestet.com\/de\/keramik\/egg-holder-16-rosa-erde\/","url":"https:\/\/poterie-de-crestet.com\/de\/keramik\/egg-holder-16-rosa-erde\/","name":"Egg Holder *16 Rosa Erde - Poterie de Crestet","isPartOf":{"@id":"https:\/\/poterie-de-crestet.com\/de\/#website"},"primaryImageOfPage":{"@id":"https:\/\/poterie-de-crestet.com\/de\/keramik\/egg-holder-16-rosa-erde\/#primaryimage"},"image":{"@id":"https:\/\/poterie-de-crestet.com\/de\/keramik\/egg-holder-16-rosa-erde\/#primaryimage"},"thumbnailUrl":"https:\/\/i0.wp.com\/poterie-de-crestet.com\/wp-content\/uploads\/2025\/04\/Poterie-du-Crestet0980.jpg?fit=800%2C532&ssl=1","datePublished":"2025-04-10T09:29:08+00:00","description":"Keramik-Eierregal Pink Sol Dekoration. Enth\u00e4lt 16 Eier, auch erh\u00e4ltlich in einer 6-Eier-Version und einer verschiedenen Eierplatte.","breadcrumb":{"@id":"https:\/\/poterie-de-crestet.com\/de\/keramik\/egg-holder-16-rosa-erde\/#breadcrumb"},"inLanguage":"de","potentialAction":[{"@type":"ReadAction","target":["https:\/\/poterie-de-crestet.com\/de\/keramik\/egg-holder-16-rosa-erde\/"]}]},{"@type":"ImageObject","inLanguage":"de","@id":"https:\/\/poterie-de-crestet.com\/de\/keramik\/egg-holder-16-rosa-erde\/#primaryimage","url":"https:\/\/i0.wp.com\/poterie-de-crestet.com\/wp-content\/uploads\/2025\/04\/Poterie-du-Crestet0980.jpg?fit=800%2C532&ssl=1","contentUrl":"https:\/\/i0.wp.com\/poterie-de-crestet.com\/wp-content\/uploads\/2025\/04\/Poterie-du-Crestet0980.jpg?fit=800%2C532&ssl=1","width":800,"height":532,"caption":"Eiergestell auf rosa Boden"},{"@type":"BreadcrumbList","@id":"https:\/\/poterie-de-crestet.com\/de\/keramik\/egg-holder-16-rosa-erde\/#breadcrumb","itemListElement":[{"@type":"ListItem","position":1,"name":"Accueil","item":"https:\/\/poterie-de-crestet.com\/de\/accueil\/"},{"@type":"ListItem","position":2,"name":"Boutique","item":"https:\/\/poterie-de-crestet.com\/ceramiques\/"},{"@type":"ListItem","position":3,"name":"Egg Holder *16 Rosa Erde"}]},{"@type":"WebSite","@id":"https:\/\/poterie-de-crestet.com\/de\/#website","url":"https:\/\/poterie-de-crestet.com\/de\/","name":"Poterie de Crestet","description":"Des milliers de poteries inpir\u00e9es de la Provence","publisher":{"@id":"https:\/\/poterie-de-crestet.com\/de\/#organization"},"potentialAction":[{"@type":"SearchAction","target":{"@type":"EntryPoint","urlTemplate":"https:\/\/poterie-de-crestet.com\/de\/?s={search_term_string}"},"query-input":{"@type":"PropertyValueSpecification","valueRequired":true,"valueName":"search_term_string"}}],"inLanguage":"de"},{"@type":"Organization","@id":"https:\/\/poterie-de-crestet.com\/de\/#organization","name":"Poterie de Crestet","url":"https:\/\/poterie-de-crestet.com\/de\/","logo":{"@type":"ImageObject","inLanguage":"de","@id":"https:\/\/poterie-de-crestet.com\/de\/#\/schema\/logo\/image\/","url":"https:\/\/i0.wp.com\/poterie-de-crestet.com\/wp-content\/uploads\/2025\/03\/Propo-4.png?fit=1000%2C462&ssl=1","contentUrl":"https:\/\/i0.wp.com\/poterie-de-crestet.com\/wp-content\/uploads\/2025\/03\/Propo-4.png?fit=1000%2C462&ssl=1","width":1000,"height":462,"caption":"Poterie de Crestet"},"image":{"@id":"https:\/\/poterie-de-crestet.com\/de\/#\/schema\/logo\/image\/"}}]}},"jetpack_sharing_enabled":true,"_links":{"self":[{"href":"https:\/\/poterie-de-crestet.com\/de\/wp-json\/wp\/v2\/product\/19830","targetHints":{"allow":["GET"]}}],"collection":[{"href":"https:\/\/poterie-de-crestet.com\/de\/wp-json\/wp\/v2\/product"}],"about":[{"href":"https:\/\/poterie-de-crestet.com\/de\/wp-json\/wp\/v2\/types\/product"}],"replies":[{"embeddable":true,"href":"https:\/\/poterie-de-crestet.com\/de\/wp-json\/wp\/v2\/comments?post=19830"}],"version-history":[{"count":0,"href":"https:\/\/poterie-de-crestet.com\/de\/wp-json\/wp\/v2\/product\/19830\/revisions"}],"wp:featuredmedia":[{"embeddable":true,"href":"https:\/\/poterie-de-crestet.com\/de\/wp-json\/wp\/v2\/media\/7730"}],"wp:attachment":[{"href":"https:\/\/poterie-de-crestet.com\/de\/wp-json\/wp\/v2\/media?parent=19830"}],"wp:term":[{"taxonomy":"product_brand","embeddable":true,"href":"https:\/\/poterie-de-crestet.com\/de\/wp-json\/wp\/v2\/product_brand?post=19830"},{"taxonomy":"product_cat","embeddable":true,"href":"https:\/\/poterie-de-crestet.com\/de\/wp-json\/wp\/v2\/product_cat?post=19830"},{"taxonomy":"product_tag","embeddable":true,"href":"https:\/\/poterie-de-crestet.com\/de\/wp-json\/wp\/v2\/product_tag?post=19830"}],"curies":[{"name":"wp","href":"https:\/\/api.w.org\/{rel}","templated":true}]}}