{"id":19764,"date":"2025-04-10T15:55:46","date_gmt":"2025-04-10T13:55:46","guid":{"rendered":"https:\/\/poterie-de-crestet.com\/ceramiques\/knoblauchreibe-gruen\/"},"modified":"2025-04-10T15:55:46","modified_gmt":"2025-04-10T13:55:46","slug":"knoblauchreibe-gruen","status":"publish","type":"product","link":"https:\/\/poterie-de-crestet.com\/de\/keramik\/knoblauchreibe-gruen\/","title":{"rendered":"Knoblauchreibe  <h5>Gr\u00fcn<\/h5>"},"content":{"rendered":"<p>Elegant, kompakt und sehr n\u00fctzlich: Diese gr\u00fcne Knoblauchreibe nimmt zwar keinen Platz weg, aber sie tut viel. Sie zerdr\u00fcckt Knoblauch und reibt alles, was in der K\u00fcche einen frischen Schuss verdient: Zitrone, Ingwer, Haselnuss&#8230; <br data-start=\"2686\" data-end=\"2689\"><strong data-start=\"2689\" data-end=\"2709\">Handbemalt<\/strong>, <strong data-start=\"2711\" data-end=\"2740\">sp\u00fclmaschinenfest<\/strong>, <strong data-start=\"2755\" data-end=\"2778\">lebensmittelkonform<\/strong>.<br data-start=\"2779\" data-end=\"2782\"><strong data-start=\"2782\" data-end=\"2803\">Sichere Zahlung<\/strong>, Abholung auf M\u00e4rkten oder <strong data-start=\"2832\" data-end=\"2853\">schneller Versand<\/strong>.<br data-start=\"2854\" data-end=\"2857\">Zu kombinieren mit einer <a class=\"\" href=\"https:\/\/poterie-de-crestet.com\/de\/keramik\/oelflasche-1-l-gruene-blaetter\/\" rel=\"noopener\" data-start=\"2874\" data-end=\"2901\">Flasche Gr\u00fcnblatt\u00f6l<\/a> oder mit einem <a class=\"\" href=\"https:\/\/poterie-de-crestet.com\/de\/keramik\/moerser-provence-2\/\" rel=\"noopener\" data-start=\"2923\" data-end=\"2946\">M\u00f6rser aus Provence 2<\/a>.<\/p>\n","protected":false},"excerpt":{"rendered":"<p>Ein praktischer Klassiker zum stilvollen Raspen von Knoblauch, Ingwer oder Schale.<br data-start=\"3620\" data-end=\"3623\"><strong data-start=\"3623\" data-end=\"3655\"><em data-start=\"3625\" data-end=\"3653\">Abmessungen: 13,2 \u00d7 2,6 cm<\/em><\/strong><\/p>\n","protected":false},"featured_media":7938,"comment_status":"open","ping_status":"closed","template":"","meta":[],"product_brand":[],"product_cat":[348],"product_tag":[208],"class_list":{"0":"post-19764","1":"product","2":"type-product","3":"status-publish","4":"has-post-thumbnail","6":"product_cat-knoblauchreibe","7":"product_tag-grun","9":"first","10":"instock","11":"taxable","12":"shipping-taxable","13":"purchasable","14":"product-type-simple"},"yoast_head":"<!-- This site is optimized with the Yoast SEO plugin v27.5 - https:\/\/yoast.com\/product\/yoast-seo-wordpress\/ -->\n<title>Knoblauchreibe Gr\u00fcn - Poterie de Crestet<\/title>\n<meta name=\"description\" content=\"Ein einfacher, stabiler und farbenfroher Knoblauchreibe. Dieses gr\u00fcne Modell ist perfekt f\u00fcr intelligentes Kochen, mit einem Hauch von Natur auf dem Teller\" \/>\n<meta name=\"robots\" content=\"index, follow, max-snippet:-1, max-image-preview:large, max-video-preview:-1\" \/>\n<link rel=\"canonical\" href=\"https:\/\/poterie-de-crestet.com\/de\/keramik\/knoblauchreibe-gruen\/\" \/>\n<meta property=\"og:locale\" content=\"de_DE\" \/>\n<meta property=\"og:type\" content=\"article\" \/>\n<meta property=\"og:title\" content=\"Knoblauchreibe Gr\u00fcn - Poterie de Crestet\" \/>\n<meta property=\"og:description\" content=\"Ein einfacher, stabiler und farbenfroher Knoblauchreibe. Dieses gr\u00fcne Modell ist perfekt f\u00fcr intelligentes Kochen, mit einem Hauch von Natur auf dem Teller\" \/>\n<meta property=\"og:url\" content=\"https:\/\/poterie-de-crestet.com\/de\/keramik\/knoblauchreibe-gruen\/\" \/>\n<meta property=\"og:site_name\" content=\"Poterie de Crestet\" \/>\n<meta property=\"og:image\" content=\"https:\/\/i0.wp.com\/poterie-de-crestet.com\/wp-content\/uploads\/2025\/04\/rape-ail-vert.jpg?fit=458%2C458&ssl=1\" \/>\n\t<meta property=\"og:image:width\" content=\"458\" \/>\n\t<meta property=\"og:image:height\" content=\"458\" \/>\n\t<meta property=\"og:image:type\" content=\"image\/jpeg\" \/>\n<meta name=\"twitter:card\" content=\"summary_large_image\" \/>\n<script type=\"application\/ld+json\" class=\"yoast-schema-graph\">{\"@context\":\"https:\\\/\\\/schema.org\",\"@graph\":[{\"@type\":\"WebPage\",\"@id\":\"https:\\\/\\\/poterie-de-crestet.com\\\/de\\\/keramik\\\/knoblauchreibe-gruen\\\/\",\"url\":\"https:\\\/\\\/poterie-de-crestet.com\\\/de\\\/keramik\\\/knoblauchreibe-gruen\\\/\",\"name\":\"Knoblauchreibe Gr\u00fcn - Poterie de Crestet\",\"isPartOf\":{\"@id\":\"https:\\\/\\\/poterie-de-crestet.com\\\/de\\\/#website\"},\"primaryImageOfPage\":{\"@id\":\"https:\\\/\\\/poterie-de-crestet.com\\\/de\\\/keramik\\\/knoblauchreibe-gruen\\\/#primaryimage\"},\"image\":{\"@id\":\"https:\\\/\\\/poterie-de-crestet.com\\\/de\\\/keramik\\\/knoblauchreibe-gruen\\\/#primaryimage\"},\"thumbnailUrl\":\"https:\\\/\\\/i0.wp.com\\\/poterie-de-crestet.com\\\/wp-content\\\/uploads\\\/2025\\\/04\\\/rape-ail-vert.jpg?fit=458%2C458&ssl=1\",\"datePublished\":\"2025-04-10T13:55:46+00:00\",\"description\":\"Ein einfacher, stabiler und farbenfroher Knoblauchreibe. Dieses gr\u00fcne Modell ist perfekt f\u00fcr intelligentes Kochen, mit einem Hauch von Natur auf dem Teller\",\"breadcrumb\":{\"@id\":\"https:\\\/\\\/poterie-de-crestet.com\\\/de\\\/keramik\\\/knoblauchreibe-gruen\\\/#breadcrumb\"},\"inLanguage\":\"de\",\"potentialAction\":[{\"@type\":\"ReadAction\",\"target\":[\"https:\\\/\\\/poterie-de-crestet.com\\\/de\\\/keramik\\\/knoblauchreibe-gruen\\\/\"]}]},{\"@type\":\"ImageObject\",\"inLanguage\":\"de\",\"@id\":\"https:\\\/\\\/poterie-de-crestet.com\\\/de\\\/keramik\\\/knoblauchreibe-gruen\\\/#primaryimage\",\"url\":\"https:\\\/\\\/i0.wp.com\\\/poterie-de-crestet.com\\\/wp-content\\\/uploads\\\/2025\\\/04\\\/rape-ail-vert.jpg?fit=458%2C458&ssl=1\",\"contentUrl\":\"https:\\\/\\\/i0.wp.com\\\/poterie-de-crestet.com\\\/wp-content\\\/uploads\\\/2025\\\/04\\\/rape-ail-vert.jpg?fit=458%2C458&ssl=1\",\"width\":458,\"height\":458,\"caption\":\"Eine Knoblauchreibe\"},{\"@type\":\"BreadcrumbList\",\"@id\":\"https:\\\/\\\/poterie-de-crestet.com\\\/de\\\/keramik\\\/knoblauchreibe-gruen\\\/#breadcrumb\",\"itemListElement\":[{\"@type\":\"ListItem\",\"position\":1,\"name\":\"Accueil\",\"item\":\"https:\\\/\\\/poterie-de-crestet.com\\\/de\\\/accueil\\\/\"},{\"@type\":\"ListItem\",\"position\":2,\"name\":\"Boutique\",\"item\":\"https:\\\/\\\/poterie-de-crestet.com\\\/ceramiques\\\/\"},{\"@type\":\"ListItem\",\"position\":3,\"name\":\"Knoblauchreibe Gr\u00fcn\"}]},{\"@type\":\"WebSite\",\"@id\":\"https:\\\/\\\/poterie-de-crestet.com\\\/de\\\/#website\",\"url\":\"https:\\\/\\\/poterie-de-crestet.com\\\/de\\\/\",\"name\":\"Poterie de Crestet\",\"description\":\"Des milliers de poteries inpir\u00e9es de la Provence\",\"publisher\":{\"@id\":\"https:\\\/\\\/poterie-de-crestet.com\\\/de\\\/#organization\"},\"potentialAction\":[{\"@type\":\"SearchAction\",\"target\":{\"@type\":\"EntryPoint\",\"urlTemplate\":\"https:\\\/\\\/poterie-de-crestet.com\\\/de\\\/?s={search_term_string}\"},\"query-input\":{\"@type\":\"PropertyValueSpecification\",\"valueRequired\":true,\"valueName\":\"search_term_string\"}}],\"inLanguage\":\"de\"},{\"@type\":\"Organization\",\"@id\":\"https:\\\/\\\/poterie-de-crestet.com\\\/de\\\/#organization\",\"name\":\"Poterie de Crestet\",\"url\":\"https:\\\/\\\/poterie-de-crestet.com\\\/de\\\/\",\"logo\":{\"@type\":\"ImageObject\",\"inLanguage\":\"de\",\"@id\":\"https:\\\/\\\/poterie-de-crestet.com\\\/de\\\/#\\\/schema\\\/logo\\\/image\\\/\",\"url\":\"https:\\\/\\\/i0.wp.com\\\/poterie-de-crestet.com\\\/wp-content\\\/uploads\\\/2025\\\/03\\\/Propo-4.png?fit=1000%2C462&ssl=1\",\"contentUrl\":\"https:\\\/\\\/i0.wp.com\\\/poterie-de-crestet.com\\\/wp-content\\\/uploads\\\/2025\\\/03\\\/Propo-4.png?fit=1000%2C462&ssl=1\",\"width\":1000,\"height\":462,\"caption\":\"Poterie de Crestet\"},\"image\":{\"@id\":\"https:\\\/\\\/poterie-de-crestet.com\\\/de\\\/#\\\/schema\\\/logo\\\/image\\\/\"}}]}<\/script>\n<!-- \/ Yoast SEO plugin. -->","yoast_head_json":{"title":"Knoblauchreibe Gr\u00fcn - Poterie de Crestet","description":"Ein einfacher, stabiler und farbenfroher Knoblauchreibe. Dieses gr\u00fcne Modell ist perfekt f\u00fcr intelligentes Kochen, mit einem Hauch von Natur auf dem Teller","robots":{"index":"index","follow":"follow","max-snippet":"max-snippet:-1","max-image-preview":"max-image-preview:large","max-video-preview":"max-video-preview:-1"},"canonical":"https:\/\/poterie-de-crestet.com\/de\/keramik\/knoblauchreibe-gruen\/","og_locale":"de_DE","og_type":"article","og_title":"Knoblauchreibe Gr\u00fcn - Poterie de Crestet","og_description":"Ein einfacher, stabiler und farbenfroher Knoblauchreibe. Dieses gr\u00fcne Modell ist perfekt f\u00fcr intelligentes Kochen, mit einem Hauch von Natur auf dem Teller","og_url":"https:\/\/poterie-de-crestet.com\/de\/keramik\/knoblauchreibe-gruen\/","og_site_name":"Poterie de Crestet","og_image":[{"width":458,"height":458,"url":"https:\/\/i0.wp.com\/poterie-de-crestet.com\/wp-content\/uploads\/2025\/04\/rape-ail-vert.jpg?fit=458%2C458&ssl=1","type":"image\/jpeg"}],"twitter_card":"summary_large_image","schema":{"@context":"https:\/\/schema.org","@graph":[{"@type":"WebPage","@id":"https:\/\/poterie-de-crestet.com\/de\/keramik\/knoblauchreibe-gruen\/","url":"https:\/\/poterie-de-crestet.com\/de\/keramik\/knoblauchreibe-gruen\/","name":"Knoblauchreibe Gr\u00fcn - Poterie de Crestet","isPartOf":{"@id":"https:\/\/poterie-de-crestet.com\/de\/#website"},"primaryImageOfPage":{"@id":"https:\/\/poterie-de-crestet.com\/de\/keramik\/knoblauchreibe-gruen\/#primaryimage"},"image":{"@id":"https:\/\/poterie-de-crestet.com\/de\/keramik\/knoblauchreibe-gruen\/#primaryimage"},"thumbnailUrl":"https:\/\/i0.wp.com\/poterie-de-crestet.com\/wp-content\/uploads\/2025\/04\/rape-ail-vert.jpg?fit=458%2C458&ssl=1","datePublished":"2025-04-10T13:55:46+00:00","description":"Ein einfacher, stabiler und farbenfroher Knoblauchreibe. Dieses gr\u00fcne Modell ist perfekt f\u00fcr intelligentes Kochen, mit einem Hauch von Natur auf dem Teller","breadcrumb":{"@id":"https:\/\/poterie-de-crestet.com\/de\/keramik\/knoblauchreibe-gruen\/#breadcrumb"},"inLanguage":"de","potentialAction":[{"@type":"ReadAction","target":["https:\/\/poterie-de-crestet.com\/de\/keramik\/knoblauchreibe-gruen\/"]}]},{"@type":"ImageObject","inLanguage":"de","@id":"https:\/\/poterie-de-crestet.com\/de\/keramik\/knoblauchreibe-gruen\/#primaryimage","url":"https:\/\/i0.wp.com\/poterie-de-crestet.com\/wp-content\/uploads\/2025\/04\/rape-ail-vert.jpg?fit=458%2C458&ssl=1","contentUrl":"https:\/\/i0.wp.com\/poterie-de-crestet.com\/wp-content\/uploads\/2025\/04\/rape-ail-vert.jpg?fit=458%2C458&ssl=1","width":458,"height":458,"caption":"Eine Knoblauchreibe"},{"@type":"BreadcrumbList","@id":"https:\/\/poterie-de-crestet.com\/de\/keramik\/knoblauchreibe-gruen\/#breadcrumb","itemListElement":[{"@type":"ListItem","position":1,"name":"Accueil","item":"https:\/\/poterie-de-crestet.com\/de\/accueil\/"},{"@type":"ListItem","position":2,"name":"Boutique","item":"https:\/\/poterie-de-crestet.com\/ceramiques\/"},{"@type":"ListItem","position":3,"name":"Knoblauchreibe Gr\u00fcn"}]},{"@type":"WebSite","@id":"https:\/\/poterie-de-crestet.com\/de\/#website","url":"https:\/\/poterie-de-crestet.com\/de\/","name":"Poterie de Crestet","description":"Des milliers de poteries inpir\u00e9es de la Provence","publisher":{"@id":"https:\/\/poterie-de-crestet.com\/de\/#organization"},"potentialAction":[{"@type":"SearchAction","target":{"@type":"EntryPoint","urlTemplate":"https:\/\/poterie-de-crestet.com\/de\/?s={search_term_string}"},"query-input":{"@type":"PropertyValueSpecification","valueRequired":true,"valueName":"search_term_string"}}],"inLanguage":"de"},{"@type":"Organization","@id":"https:\/\/poterie-de-crestet.com\/de\/#organization","name":"Poterie de Crestet","url":"https:\/\/poterie-de-crestet.com\/de\/","logo":{"@type":"ImageObject","inLanguage":"de","@id":"https:\/\/poterie-de-crestet.com\/de\/#\/schema\/logo\/image\/","url":"https:\/\/i0.wp.com\/poterie-de-crestet.com\/wp-content\/uploads\/2025\/03\/Propo-4.png?fit=1000%2C462&ssl=1","contentUrl":"https:\/\/i0.wp.com\/poterie-de-crestet.com\/wp-content\/uploads\/2025\/03\/Propo-4.png?fit=1000%2C462&ssl=1","width":1000,"height":462,"caption":"Poterie de Crestet"},"image":{"@id":"https:\/\/poterie-de-crestet.com\/de\/#\/schema\/logo\/image\/"}}]}},"jetpack_sharing_enabled":true,"_links":{"self":[{"href":"https:\/\/poterie-de-crestet.com\/de\/wp-json\/wp\/v2\/product\/19764","targetHints":{"allow":["GET"]}}],"collection":[{"href":"https:\/\/poterie-de-crestet.com\/de\/wp-json\/wp\/v2\/product"}],"about":[{"href":"https:\/\/poterie-de-crestet.com\/de\/wp-json\/wp\/v2\/types\/product"}],"replies":[{"embeddable":true,"href":"https:\/\/poterie-de-crestet.com\/de\/wp-json\/wp\/v2\/comments?post=19764"}],"version-history":[{"count":0,"href":"https:\/\/poterie-de-crestet.com\/de\/wp-json\/wp\/v2\/product\/19764\/revisions"}],"wp:featuredmedia":[{"embeddable":true,"href":"https:\/\/poterie-de-crestet.com\/de\/wp-json\/wp\/v2\/media\/7938"}],"wp:attachment":[{"href":"https:\/\/poterie-de-crestet.com\/de\/wp-json\/wp\/v2\/media?parent=19764"}],"wp:term":[{"taxonomy":"product_brand","embeddable":true,"href":"https:\/\/poterie-de-crestet.com\/de\/wp-json\/wp\/v2\/product_brand?post=19764"},{"taxonomy":"product_cat","embeddable":true,"href":"https:\/\/poterie-de-crestet.com\/de\/wp-json\/wp\/v2\/product_cat?post=19764"},{"taxonomy":"product_tag","embeddable":true,"href":"https:\/\/poterie-de-crestet.com\/de\/wp-json\/wp\/v2\/product_tag?post=19764"}],"curies":[{"name":"wp","href":"https:\/\/api.w.org\/{rel}","templated":true}]}}