{"id":19711,"date":"2025-04-10T15:55:43","date_gmt":"2025-04-10T13:55:43","guid":{"rendered":"https:\/\/poterie-de-crestet.com\/ceramiques\/knoblauchreibe-zitrone\/"},"modified":"2025-04-10T15:55:43","modified_gmt":"2025-04-10T13:55:43","slug":"knoblauchreibe-zitrone","status":"publish","type":"product","link":"https:\/\/poterie-de-crestet.com\/de\/keramik\/knoblauchreibe-zitrone\/","title":{"rendered":"Knoblauchreibe  <h5>Zitrone<\/h5>"},"content":{"rendered":"<p>Eine echte Frische mit dieser Zitronen-Knoblauchreibe!<br data-start=\"2155\" data-end=\"2158\">Sie erm\u00f6glicht es, deine Schoten in P\u00fcree zu verwandeln, aber auch Zitrusschale zu reiben, um ein Dessert oder eine Marinade zu sublimieren. Ingwer, Haseln\u00fcsse oder Mandeln passen genauso gut dazu.<br data-start=\"2354\" data-end=\"2357\">Ein platzsparendes, h\u00fcbsches und funktionales Ger\u00e4t.<br data-start=\"2405\" data-end=\"2408\"><strong data-start=\"2418\" data-end=\"2438\">Handbemalt<\/strong>, <strong data-start=\"2440\" data-end=\"2469\">sp\u00fclmaschinenfest,<\/strong> <strong data-start=\"2484\" data-end=\"2507\">lebensmittelfeste<\/strong> Keramik.<br data-start=\"2508\" data-end=\"2511\">Einfache Bestellung mit <strong data-start=\"2532\" data-end=\"2553\">sicherer Bezahlung<\/strong>, <strong data-start=\"2555\" data-end=\"2574\">Click &amp; Collect<\/strong> oder <strong data-start=\"2578\" data-end=\"2599\">schneller Versand<\/strong>.<br data-start=\"2600\" data-end=\"2603\">Kombinieren Sie es mit einer <a class=\"\" href=\"https:\/\/poterie-de-crestet.com\/de\/keramik\/kuchenform-zitrone\/\" rel=\"noopener\" data-start=\"2620\" data-end=\"2643\">Zitronenkuchenform<\/a> oder einer <a class=\"\" href=\"https:\/\/poterie-de-crestet.com\/de\/keramik\/oelflasche-50-cl-tropisch\/\" rel=\"noopener\" data-start=\"2665\" data-end=\"2696\">tropischen \u00d6lflasche<\/a>. <\/p>\n","protected":false},"excerpt":{"rendered":"<p>Reiben Sie Ihren Knoblauch direkt auf diese h\u00fcbsche, praktische und leicht abzusp\u00fclbare Keramik.<br data-start=\"748\" data-end=\"751\"><strong data-start=\"751\" data-end=\"783\"><em data-start=\"753\" data-end=\"781\">Abmessungen: 13,2 \u00d7 2,6 cm<\/em><\/strong><\/p>\n","protected":false},"featured_media":7896,"comment_status":"open","ping_status":"closed","template":"","meta":[],"product_brand":[],"product_cat":[348],"product_tag":[313],"class_list":{"0":"post-19711","1":"product","2":"type-product","3":"status-publish","4":"has-post-thumbnail","6":"product_cat-knoblauchreibe","7":"product_tag-zitrone","9":"first","10":"outofstock","11":"taxable","12":"shipping-taxable","13":"purchasable","14":"product-type-simple"},"yoast_head":"<!-- This site is optimized with the Yoast SEO plugin v27.5 - https:\/\/yoast.com\/product\/yoast-seo-wordpress\/ -->\n<title>Knoblauchreibe Zitrone - Poterie de Crestet<\/title>\n<meta name=\"description\" content=\"Ein Hauch Sonnenschein in der K\u00fcche: Diese Knoblauchreibe mit Zitronendekoration ist ebenso h\u00fcbsch wie effektiv f\u00fcr Knoblauch, Ingwer oder Zitrusfr\u00fcchte.\" \/>\n<meta name=\"robots\" content=\"index, follow, max-snippet:-1, max-image-preview:large, max-video-preview:-1\" \/>\n<link rel=\"canonical\" href=\"https:\/\/poterie-de-crestet.com\/de\/keramik\/knoblauchreibe-zitrone\/\" \/>\n<meta property=\"og:locale\" content=\"de_DE\" \/>\n<meta property=\"og:type\" content=\"article\" \/>\n<meta property=\"og:title\" content=\"Knoblauchreibe Zitrone - Poterie de Crestet\" \/>\n<meta property=\"og:description\" content=\"Ein Hauch Sonnenschein in der K\u00fcche: Diese Knoblauchreibe mit Zitronendekoration ist ebenso h\u00fcbsch wie effektiv f\u00fcr Knoblauch, Ingwer oder Zitrusfr\u00fcchte.\" \/>\n<meta property=\"og:url\" content=\"https:\/\/poterie-de-crestet.com\/de\/keramik\/knoblauchreibe-zitrone\/\" \/>\n<meta property=\"og:site_name\" content=\"Poterie de Crestet\" \/>\n<meta property=\"og:image\" content=\"https:\/\/i0.wp.com\/poterie-de-crestet.com\/wp-content\/uploads\/2025\/04\/Poterie-du-Crestet1276-e1755420952476.jpg?fit=800%2C532&ssl=1\" \/>\n\t<meta property=\"og:image:width\" content=\"800\" \/>\n\t<meta property=\"og:image:height\" content=\"532\" \/>\n\t<meta property=\"og:image:type\" content=\"image\/jpeg\" \/>\n<meta name=\"twitter:card\" content=\"summary_large_image\" \/>\n<script type=\"application\/ld+json\" class=\"yoast-schema-graph\">{\"@context\":\"https:\\\/\\\/schema.org\",\"@graph\":[{\"@type\":\"WebPage\",\"@id\":\"https:\\\/\\\/poterie-de-crestet.com\\\/de\\\/keramik\\\/knoblauchreibe-zitrone\\\/\",\"url\":\"https:\\\/\\\/poterie-de-crestet.com\\\/de\\\/keramik\\\/knoblauchreibe-zitrone\\\/\",\"name\":\"Knoblauchreibe Zitrone - Poterie de Crestet\",\"isPartOf\":{\"@id\":\"https:\\\/\\\/poterie-de-crestet.com\\\/de\\\/#website\"},\"primaryImageOfPage\":{\"@id\":\"https:\\\/\\\/poterie-de-crestet.com\\\/de\\\/keramik\\\/knoblauchreibe-zitrone\\\/#primaryimage\"},\"image\":{\"@id\":\"https:\\\/\\\/poterie-de-crestet.com\\\/de\\\/keramik\\\/knoblauchreibe-zitrone\\\/#primaryimage\"},\"thumbnailUrl\":\"https:\\\/\\\/i0.wp.com\\\/poterie-de-crestet.com\\\/wp-content\\\/uploads\\\/2025\\\/04\\\/Poterie-du-Crestet1276-e1755420952476.jpg?fit=800%2C532&ssl=1\",\"datePublished\":\"2025-04-10T13:55:43+00:00\",\"description\":\"Ein Hauch Sonnenschein in der K\u00fcche: Diese Knoblauchreibe mit Zitronendekoration ist ebenso h\u00fcbsch wie effektiv f\u00fcr Knoblauch, Ingwer oder Zitrusfr\u00fcchte.\",\"breadcrumb\":{\"@id\":\"https:\\\/\\\/poterie-de-crestet.com\\\/de\\\/keramik\\\/knoblauchreibe-zitrone\\\/#breadcrumb\"},\"inLanguage\":\"de\",\"potentialAction\":[{\"@type\":\"ReadAction\",\"target\":[\"https:\\\/\\\/poterie-de-crestet.com\\\/de\\\/keramik\\\/knoblauchreibe-zitrone\\\/\"]}]},{\"@type\":\"ImageObject\",\"inLanguage\":\"de\",\"@id\":\"https:\\\/\\\/poterie-de-crestet.com\\\/de\\\/keramik\\\/knoblauchreibe-zitrone\\\/#primaryimage\",\"url\":\"https:\\\/\\\/i0.wp.com\\\/poterie-de-crestet.com\\\/wp-content\\\/uploads\\\/2025\\\/04\\\/Poterie-du-Crestet1276-e1755420952476.jpg?fit=800%2C532&ssl=1\",\"contentUrl\":\"https:\\\/\\\/i0.wp.com\\\/poterie-de-crestet.com\\\/wp-content\\\/uploads\\\/2025\\\/04\\\/Poterie-du-Crestet1276-e1755420952476.jpg?fit=800%2C532&ssl=1\",\"width\":800,\"height\":532,\"caption\":\"Zitronen-Knoblauch-Reibe\"},{\"@type\":\"BreadcrumbList\",\"@id\":\"https:\\\/\\\/poterie-de-crestet.com\\\/de\\\/keramik\\\/knoblauchreibe-zitrone\\\/#breadcrumb\",\"itemListElement\":[{\"@type\":\"ListItem\",\"position\":1,\"name\":\"Accueil\",\"item\":\"https:\\\/\\\/poterie-de-crestet.com\\\/de\\\/accueil\\\/\"},{\"@type\":\"ListItem\",\"position\":2,\"name\":\"Boutique\",\"item\":\"https:\\\/\\\/poterie-de-crestet.com\\\/ceramiques\\\/\"},{\"@type\":\"ListItem\",\"position\":3,\"name\":\"Knoblauchreibe Zitrone\"}]},{\"@type\":\"WebSite\",\"@id\":\"https:\\\/\\\/poterie-de-crestet.com\\\/de\\\/#website\",\"url\":\"https:\\\/\\\/poterie-de-crestet.com\\\/de\\\/\",\"name\":\"Poterie de Crestet\",\"description\":\"Des milliers de poteries inpir\u00e9es de la Provence\",\"publisher\":{\"@id\":\"https:\\\/\\\/poterie-de-crestet.com\\\/de\\\/#organization\"},\"potentialAction\":[{\"@type\":\"SearchAction\",\"target\":{\"@type\":\"EntryPoint\",\"urlTemplate\":\"https:\\\/\\\/poterie-de-crestet.com\\\/de\\\/?s={search_term_string}\"},\"query-input\":{\"@type\":\"PropertyValueSpecification\",\"valueRequired\":true,\"valueName\":\"search_term_string\"}}],\"inLanguage\":\"de\"},{\"@type\":\"Organization\",\"@id\":\"https:\\\/\\\/poterie-de-crestet.com\\\/de\\\/#organization\",\"name\":\"Poterie de Crestet\",\"url\":\"https:\\\/\\\/poterie-de-crestet.com\\\/de\\\/\",\"logo\":{\"@type\":\"ImageObject\",\"inLanguage\":\"de\",\"@id\":\"https:\\\/\\\/poterie-de-crestet.com\\\/de\\\/#\\\/schema\\\/logo\\\/image\\\/\",\"url\":\"https:\\\/\\\/i0.wp.com\\\/poterie-de-crestet.com\\\/wp-content\\\/uploads\\\/2025\\\/03\\\/Propo-4.png?fit=1000%2C462&ssl=1\",\"contentUrl\":\"https:\\\/\\\/i0.wp.com\\\/poterie-de-crestet.com\\\/wp-content\\\/uploads\\\/2025\\\/03\\\/Propo-4.png?fit=1000%2C462&ssl=1\",\"width\":1000,\"height\":462,\"caption\":\"Poterie de Crestet\"},\"image\":{\"@id\":\"https:\\\/\\\/poterie-de-crestet.com\\\/de\\\/#\\\/schema\\\/logo\\\/image\\\/\"}}]}<\/script>\n<!-- \/ Yoast SEO plugin. -->","yoast_head_json":{"title":"Knoblauchreibe Zitrone - Poterie de Crestet","description":"Ein Hauch Sonnenschein in der K\u00fcche: Diese Knoblauchreibe mit Zitronendekoration ist ebenso h\u00fcbsch wie effektiv f\u00fcr Knoblauch, Ingwer oder Zitrusfr\u00fcchte.","robots":{"index":"index","follow":"follow","max-snippet":"max-snippet:-1","max-image-preview":"max-image-preview:large","max-video-preview":"max-video-preview:-1"},"canonical":"https:\/\/poterie-de-crestet.com\/de\/keramik\/knoblauchreibe-zitrone\/","og_locale":"de_DE","og_type":"article","og_title":"Knoblauchreibe Zitrone - Poterie de Crestet","og_description":"Ein Hauch Sonnenschein in der K\u00fcche: Diese Knoblauchreibe mit Zitronendekoration ist ebenso h\u00fcbsch wie effektiv f\u00fcr Knoblauch, Ingwer oder Zitrusfr\u00fcchte.","og_url":"https:\/\/poterie-de-crestet.com\/de\/keramik\/knoblauchreibe-zitrone\/","og_site_name":"Poterie de Crestet","og_image":[{"width":800,"height":532,"url":"https:\/\/i0.wp.com\/poterie-de-crestet.com\/wp-content\/uploads\/2025\/04\/Poterie-du-Crestet1276-e1755420952476.jpg?fit=800%2C532&ssl=1","type":"image\/jpeg"}],"twitter_card":"summary_large_image","schema":{"@context":"https:\/\/schema.org","@graph":[{"@type":"WebPage","@id":"https:\/\/poterie-de-crestet.com\/de\/keramik\/knoblauchreibe-zitrone\/","url":"https:\/\/poterie-de-crestet.com\/de\/keramik\/knoblauchreibe-zitrone\/","name":"Knoblauchreibe Zitrone - Poterie de Crestet","isPartOf":{"@id":"https:\/\/poterie-de-crestet.com\/de\/#website"},"primaryImageOfPage":{"@id":"https:\/\/poterie-de-crestet.com\/de\/keramik\/knoblauchreibe-zitrone\/#primaryimage"},"image":{"@id":"https:\/\/poterie-de-crestet.com\/de\/keramik\/knoblauchreibe-zitrone\/#primaryimage"},"thumbnailUrl":"https:\/\/i0.wp.com\/poterie-de-crestet.com\/wp-content\/uploads\/2025\/04\/Poterie-du-Crestet1276-e1755420952476.jpg?fit=800%2C532&ssl=1","datePublished":"2025-04-10T13:55:43+00:00","description":"Ein Hauch Sonnenschein in der K\u00fcche: Diese Knoblauchreibe mit Zitronendekoration ist ebenso h\u00fcbsch wie effektiv f\u00fcr Knoblauch, Ingwer oder Zitrusfr\u00fcchte.","breadcrumb":{"@id":"https:\/\/poterie-de-crestet.com\/de\/keramik\/knoblauchreibe-zitrone\/#breadcrumb"},"inLanguage":"de","potentialAction":[{"@type":"ReadAction","target":["https:\/\/poterie-de-crestet.com\/de\/keramik\/knoblauchreibe-zitrone\/"]}]},{"@type":"ImageObject","inLanguage":"de","@id":"https:\/\/poterie-de-crestet.com\/de\/keramik\/knoblauchreibe-zitrone\/#primaryimage","url":"https:\/\/i0.wp.com\/poterie-de-crestet.com\/wp-content\/uploads\/2025\/04\/Poterie-du-Crestet1276-e1755420952476.jpg?fit=800%2C532&ssl=1","contentUrl":"https:\/\/i0.wp.com\/poterie-de-crestet.com\/wp-content\/uploads\/2025\/04\/Poterie-du-Crestet1276-e1755420952476.jpg?fit=800%2C532&ssl=1","width":800,"height":532,"caption":"Zitronen-Knoblauch-Reibe"},{"@type":"BreadcrumbList","@id":"https:\/\/poterie-de-crestet.com\/de\/keramik\/knoblauchreibe-zitrone\/#breadcrumb","itemListElement":[{"@type":"ListItem","position":1,"name":"Accueil","item":"https:\/\/poterie-de-crestet.com\/de\/accueil\/"},{"@type":"ListItem","position":2,"name":"Boutique","item":"https:\/\/poterie-de-crestet.com\/ceramiques\/"},{"@type":"ListItem","position":3,"name":"Knoblauchreibe Zitrone"}]},{"@type":"WebSite","@id":"https:\/\/poterie-de-crestet.com\/de\/#website","url":"https:\/\/poterie-de-crestet.com\/de\/","name":"Poterie de Crestet","description":"Des milliers de poteries inpir\u00e9es de la Provence","publisher":{"@id":"https:\/\/poterie-de-crestet.com\/de\/#organization"},"potentialAction":[{"@type":"SearchAction","target":{"@type":"EntryPoint","urlTemplate":"https:\/\/poterie-de-crestet.com\/de\/?s={search_term_string}"},"query-input":{"@type":"PropertyValueSpecification","valueRequired":true,"valueName":"search_term_string"}}],"inLanguage":"de"},{"@type":"Organization","@id":"https:\/\/poterie-de-crestet.com\/de\/#organization","name":"Poterie de Crestet","url":"https:\/\/poterie-de-crestet.com\/de\/","logo":{"@type":"ImageObject","inLanguage":"de","@id":"https:\/\/poterie-de-crestet.com\/de\/#\/schema\/logo\/image\/","url":"https:\/\/i0.wp.com\/poterie-de-crestet.com\/wp-content\/uploads\/2025\/03\/Propo-4.png?fit=1000%2C462&ssl=1","contentUrl":"https:\/\/i0.wp.com\/poterie-de-crestet.com\/wp-content\/uploads\/2025\/03\/Propo-4.png?fit=1000%2C462&ssl=1","width":1000,"height":462,"caption":"Poterie de Crestet"},"image":{"@id":"https:\/\/poterie-de-crestet.com\/de\/#\/schema\/logo\/image\/"}}]}},"jetpack_sharing_enabled":true,"_links":{"self":[{"href":"https:\/\/poterie-de-crestet.com\/de\/wp-json\/wp\/v2\/product\/19711","targetHints":{"allow":["GET"]}}],"collection":[{"href":"https:\/\/poterie-de-crestet.com\/de\/wp-json\/wp\/v2\/product"}],"about":[{"href":"https:\/\/poterie-de-crestet.com\/de\/wp-json\/wp\/v2\/types\/product"}],"replies":[{"embeddable":true,"href":"https:\/\/poterie-de-crestet.com\/de\/wp-json\/wp\/v2\/comments?post=19711"}],"version-history":[{"count":0,"href":"https:\/\/poterie-de-crestet.com\/de\/wp-json\/wp\/v2\/product\/19711\/revisions"}],"wp:featuredmedia":[{"embeddable":true,"href":"https:\/\/poterie-de-crestet.com\/de\/wp-json\/wp\/v2\/media\/7896"}],"wp:attachment":[{"href":"https:\/\/poterie-de-crestet.com\/de\/wp-json\/wp\/v2\/media?parent=19711"}],"wp:term":[{"taxonomy":"product_brand","embeddable":true,"href":"https:\/\/poterie-de-crestet.com\/de\/wp-json\/wp\/v2\/product_brand?post=19711"},{"taxonomy":"product_cat","embeddable":true,"href":"https:\/\/poterie-de-crestet.com\/de\/wp-json\/wp\/v2\/product_cat?post=19711"},{"taxonomy":"product_tag","embeddable":true,"href":"https:\/\/poterie-de-crestet.com\/de\/wp-json\/wp\/v2\/product_tag?post=19711"}],"curies":[{"name":"wp","href":"https:\/\/api.w.org\/{rel}","templated":true}]}}