{"id":19673,"date":"2025-04-11T12:14:13","date_gmt":"2025-04-11T10:14:13","guid":{"rendered":"https:\/\/poterie-de-crestet.com\/ceramiques\/spike-topf-rosa-erde\/"},"modified":"2025-04-11T12:14:13","modified_gmt":"2025-04-11T10:14:13","slug":"spike-topf-rosa-erde","status":"publish","type":"product","link":"https:\/\/poterie-de-crestet.com\/de\/keramik\/spike-topf-rosa-erde\/","title":{"rendered":"Spike-Topf  <h5>Rosa Erde<\/h5>"},"content":{"rendered":"<p>Das Sol-Rosendekor vereint Weichheit und Struktur: zarte geometrische Muster, die durch eine sanfte Farbe verst\u00e4rkt werden, die an den Fr\u00fchling erinnert. Dieses Spie\u00dfglas ist perfekt, um Zahnstocher sch\u00f6n zu arrangieren, aber auch f\u00fcr s\u00fc\u00dfe oder herzhafte Mini-So\u00dfen, je nach Geschmack.<br data-start=\"3174\" data-end=\"3177\">Mit seiner cleveren kleinen Gr\u00f6\u00dfe kann sie auch als kreativer Werkstatt oder als kleines dekoratives Glas im Kinderzimmer genutzt werden. Seine handbemalte Keramikkonstruktion garantiert ein sch\u00f6nes Finish mit leichten Farb- oder Mustervariationen, die es charmant machen.<br data-start=\"3456\" data-end=\"3459\">F\u00fcr einen frischen Tisch kombinieren Sie ihn mit dem <a class=\"cursor-pointer\" href=\"https:\/\/poterie-de-crestet.com\/de\/keramik\/loeffelauflage-rosa-erde\/\" target=\"_new\" rel=\"noopener\" data-start=\"3513\" data-end=\"3608\">Sol-Rosenl\u00f6ffel<\/a> oder schaffen einen modernen Kontrast zum <a class=\"cursor-pointer\" href=\"https:\/\/poterie-de-crestet.com\/de\/keramik\/aperitif-schale-3-gm-olivgrauer-tuerkis\/\" target=\"_new\" rel=\"noopener\" data-start=\"3647\" data-end=\"3758\">Olive gris t\u00fcrkisfarbenen Aperitifgericht.<\/a>  <\/p>\n","protected":false},"excerpt":{"rendered":"<p>Ein kleiner Beh\u00e4lter mit weichen und grafischen Akzenten. Super f\u00fcr Spaten oder ein bisschen So\u00dfe auf dem Tisch. <\/p>\n<p><strong data-start=\"2825\" data-end=\"2862\"><em data-start=\"2827\" data-end=\"2860\">Abmessungen: 5,3 \u00d7 5,3 \u00d7 6,2 cm<\/em><\/strong><\/p>\n","protected":false},"featured_media":8348,"comment_status":"open","ping_status":"closed","template":"","meta":[],"product_brand":[],"product_cat":[363],"product_tag":[232],"class_list":{"0":"post-19673","1":"product","2":"type-product","3":"status-publish","4":"has-post-thumbnail","6":"product_cat-spike-topf","7":"product_tag-rosa-erde","9":"first","10":"instock","11":"taxable","12":"shipping-taxable","13":"purchasable","14":"product-type-simple"},"yoast_head":"<!-- This site is optimized with the Yoast SEO plugin v27.5 - https:\/\/yoast.com\/product\/yoast-seo-wordpress\/ -->\n<title>Spike-Topf Rosa Erde - Poterie de Crestet<\/title>\n<meta name=\"description\" content=\"Ein zartes und grafisches Spike-Glas f\u00fcr Spie\u00dfe, So\u00dfen oder kleine Gegenst\u00e4nde. Die Pink Sol-Dekoration erhellt den Tisch mit einem Hauch von Weichheit.\" \/>\n<meta name=\"robots\" content=\"index, follow, max-snippet:-1, max-image-preview:large, max-video-preview:-1\" \/>\n<link rel=\"canonical\" href=\"https:\/\/poterie-de-crestet.com\/de\/keramik\/spike-topf-rosa-erde\/\" \/>\n<meta property=\"og:locale\" content=\"de_DE\" \/>\n<meta property=\"og:type\" content=\"article\" \/>\n<meta property=\"og:title\" content=\"Spike-Topf Rosa Erde - Poterie de Crestet\" \/>\n<meta property=\"og:description\" content=\"Ein zartes und grafisches Spike-Glas f\u00fcr Spie\u00dfe, So\u00dfen oder kleine Gegenst\u00e4nde. Die Pink Sol-Dekoration erhellt den Tisch mit einem Hauch von Weichheit.\" \/>\n<meta property=\"og:url\" content=\"https:\/\/poterie-de-crestet.com\/de\/keramik\/spike-topf-rosa-erde\/\" \/>\n<meta property=\"og:site_name\" content=\"Poterie de Crestet\" \/>\n<meta property=\"og:image\" content=\"https:\/\/i0.wp.com\/poterie-de-crestet.com\/wp-content\/uploads\/2025\/04\/Poterie-du-Crestet1314-e1748847717164.jpg?fit=800%2C532&ssl=1\" \/>\n\t<meta property=\"og:image:width\" content=\"800\" \/>\n\t<meta property=\"og:image:height\" content=\"532\" \/>\n\t<meta property=\"og:image:type\" content=\"image\/jpeg\" \/>\n<meta name=\"twitter:card\" content=\"summary_large_image\" \/>\n<meta name=\"twitter:label1\" content=\"Gesch\u00e4tzte Lesezeit\" \/>\n\t<meta name=\"twitter:data1\" content=\"1\u00a0Minute\" \/>\n<script type=\"application\/ld+json\" class=\"yoast-schema-graph\">{\"@context\":\"https:\\\/\\\/schema.org\",\"@graph\":[{\"@type\":\"WebPage\",\"@id\":\"https:\\\/\\\/poterie-de-crestet.com\\\/de\\\/keramik\\\/spike-topf-rosa-erde\\\/\",\"url\":\"https:\\\/\\\/poterie-de-crestet.com\\\/de\\\/keramik\\\/spike-topf-rosa-erde\\\/\",\"name\":\"Spike-Topf Rosa Erde - Poterie de Crestet\",\"isPartOf\":{\"@id\":\"https:\\\/\\\/poterie-de-crestet.com\\\/de\\\/#website\"},\"primaryImageOfPage\":{\"@id\":\"https:\\\/\\\/poterie-de-crestet.com\\\/de\\\/keramik\\\/spike-topf-rosa-erde\\\/#primaryimage\"},\"image\":{\"@id\":\"https:\\\/\\\/poterie-de-crestet.com\\\/de\\\/keramik\\\/spike-topf-rosa-erde\\\/#primaryimage\"},\"thumbnailUrl\":\"https:\\\/\\\/i0.wp.com\\\/poterie-de-crestet.com\\\/wp-content\\\/uploads\\\/2025\\\/04\\\/Poterie-du-Crestet1314-e1748847717164.jpg?fit=800%2C532&ssl=1\",\"datePublished\":\"2025-04-11T10:14:13+00:00\",\"description\":\"Ein zartes und grafisches Spike-Glas f\u00fcr Spie\u00dfe, So\u00dfen oder kleine Gegenst\u00e4nde. Die Pink Sol-Dekoration erhellt den Tisch mit einem Hauch von Weichheit.\",\"breadcrumb\":{\"@id\":\"https:\\\/\\\/poterie-de-crestet.com\\\/de\\\/keramik\\\/spike-topf-rosa-erde\\\/#breadcrumb\"},\"inLanguage\":\"de\",\"potentialAction\":[{\"@type\":\"ReadAction\",\"target\":[\"https:\\\/\\\/poterie-de-crestet.com\\\/de\\\/keramik\\\/spike-topf-rosa-erde\\\/\"]}]},{\"@type\":\"ImageObject\",\"inLanguage\":\"de\",\"@id\":\"https:\\\/\\\/poterie-de-crestet.com\\\/de\\\/keramik\\\/spike-topf-rosa-erde\\\/#primaryimage\",\"url\":\"https:\\\/\\\/i0.wp.com\\\/poterie-de-crestet.com\\\/wp-content\\\/uploads\\\/2025\\\/04\\\/Poterie-du-Crestet1314-e1748847717164.jpg?fit=800%2C532&ssl=1\",\"contentUrl\":\"https:\\\/\\\/i0.wp.com\\\/poterie-de-crestet.com\\\/wp-content\\\/uploads\\\/2025\\\/04\\\/Poterie-du-Crestet1314-e1748847717164.jpg?fit=800%2C532&ssl=1\",\"width\":800,\"height\":532,\"caption\":\"Sol-Rosen-Spitzentopf\"},{\"@type\":\"BreadcrumbList\",\"@id\":\"https:\\\/\\\/poterie-de-crestet.com\\\/de\\\/keramik\\\/spike-topf-rosa-erde\\\/#breadcrumb\",\"itemListElement\":[{\"@type\":\"ListItem\",\"position\":1,\"name\":\"Accueil\",\"item\":\"https:\\\/\\\/poterie-de-crestet.com\\\/de\\\/accueil\\\/\"},{\"@type\":\"ListItem\",\"position\":2,\"name\":\"Boutique\",\"item\":\"https:\\\/\\\/poterie-de-crestet.com\\\/ceramiques\\\/\"},{\"@type\":\"ListItem\",\"position\":3,\"name\":\"Spike-Topf Rosa Erde\"}]},{\"@type\":\"WebSite\",\"@id\":\"https:\\\/\\\/poterie-de-crestet.com\\\/de\\\/#website\",\"url\":\"https:\\\/\\\/poterie-de-crestet.com\\\/de\\\/\",\"name\":\"Poterie de Crestet\",\"description\":\"Des milliers de poteries inpir\u00e9es de la Provence\",\"publisher\":{\"@id\":\"https:\\\/\\\/poterie-de-crestet.com\\\/de\\\/#organization\"},\"potentialAction\":[{\"@type\":\"SearchAction\",\"target\":{\"@type\":\"EntryPoint\",\"urlTemplate\":\"https:\\\/\\\/poterie-de-crestet.com\\\/de\\\/?s={search_term_string}\"},\"query-input\":{\"@type\":\"PropertyValueSpecification\",\"valueRequired\":true,\"valueName\":\"search_term_string\"}}],\"inLanguage\":\"de\"},{\"@type\":\"Organization\",\"@id\":\"https:\\\/\\\/poterie-de-crestet.com\\\/de\\\/#organization\",\"name\":\"Poterie de Crestet\",\"url\":\"https:\\\/\\\/poterie-de-crestet.com\\\/de\\\/\",\"logo\":{\"@type\":\"ImageObject\",\"inLanguage\":\"de\",\"@id\":\"https:\\\/\\\/poterie-de-crestet.com\\\/de\\\/#\\\/schema\\\/logo\\\/image\\\/\",\"url\":\"https:\\\/\\\/i0.wp.com\\\/poterie-de-crestet.com\\\/wp-content\\\/uploads\\\/2025\\\/03\\\/Propo-4.png?fit=1000%2C462&ssl=1\",\"contentUrl\":\"https:\\\/\\\/i0.wp.com\\\/poterie-de-crestet.com\\\/wp-content\\\/uploads\\\/2025\\\/03\\\/Propo-4.png?fit=1000%2C462&ssl=1\",\"width\":1000,\"height\":462,\"caption\":\"Poterie de Crestet\"},\"image\":{\"@id\":\"https:\\\/\\\/poterie-de-crestet.com\\\/de\\\/#\\\/schema\\\/logo\\\/image\\\/\"}}]}<\/script>\n<!-- \/ Yoast SEO plugin. -->","yoast_head_json":{"title":"Spike-Topf Rosa Erde - Poterie de Crestet","description":"Ein zartes und grafisches Spike-Glas f\u00fcr Spie\u00dfe, So\u00dfen oder kleine Gegenst\u00e4nde. Die Pink Sol-Dekoration erhellt den Tisch mit einem Hauch von Weichheit.","robots":{"index":"index","follow":"follow","max-snippet":"max-snippet:-1","max-image-preview":"max-image-preview:large","max-video-preview":"max-video-preview:-1"},"canonical":"https:\/\/poterie-de-crestet.com\/de\/keramik\/spike-topf-rosa-erde\/","og_locale":"de_DE","og_type":"article","og_title":"Spike-Topf Rosa Erde - Poterie de Crestet","og_description":"Ein zartes und grafisches Spike-Glas f\u00fcr Spie\u00dfe, So\u00dfen oder kleine Gegenst\u00e4nde. Die Pink Sol-Dekoration erhellt den Tisch mit einem Hauch von Weichheit.","og_url":"https:\/\/poterie-de-crestet.com\/de\/keramik\/spike-topf-rosa-erde\/","og_site_name":"Poterie de Crestet","og_image":[{"width":800,"height":532,"url":"https:\/\/i0.wp.com\/poterie-de-crestet.com\/wp-content\/uploads\/2025\/04\/Poterie-du-Crestet1314-e1748847717164.jpg?fit=800%2C532&ssl=1","type":"image\/jpeg"}],"twitter_card":"summary_large_image","twitter_misc":{"Gesch\u00e4tzte Lesezeit":"1\u00a0Minute"},"schema":{"@context":"https:\/\/schema.org","@graph":[{"@type":"WebPage","@id":"https:\/\/poterie-de-crestet.com\/de\/keramik\/spike-topf-rosa-erde\/","url":"https:\/\/poterie-de-crestet.com\/de\/keramik\/spike-topf-rosa-erde\/","name":"Spike-Topf Rosa Erde - Poterie de Crestet","isPartOf":{"@id":"https:\/\/poterie-de-crestet.com\/de\/#website"},"primaryImageOfPage":{"@id":"https:\/\/poterie-de-crestet.com\/de\/keramik\/spike-topf-rosa-erde\/#primaryimage"},"image":{"@id":"https:\/\/poterie-de-crestet.com\/de\/keramik\/spike-topf-rosa-erde\/#primaryimage"},"thumbnailUrl":"https:\/\/i0.wp.com\/poterie-de-crestet.com\/wp-content\/uploads\/2025\/04\/Poterie-du-Crestet1314-e1748847717164.jpg?fit=800%2C532&ssl=1","datePublished":"2025-04-11T10:14:13+00:00","description":"Ein zartes und grafisches Spike-Glas f\u00fcr Spie\u00dfe, So\u00dfen oder kleine Gegenst\u00e4nde. Die Pink Sol-Dekoration erhellt den Tisch mit einem Hauch von Weichheit.","breadcrumb":{"@id":"https:\/\/poterie-de-crestet.com\/de\/keramik\/spike-topf-rosa-erde\/#breadcrumb"},"inLanguage":"de","potentialAction":[{"@type":"ReadAction","target":["https:\/\/poterie-de-crestet.com\/de\/keramik\/spike-topf-rosa-erde\/"]}]},{"@type":"ImageObject","inLanguage":"de","@id":"https:\/\/poterie-de-crestet.com\/de\/keramik\/spike-topf-rosa-erde\/#primaryimage","url":"https:\/\/i0.wp.com\/poterie-de-crestet.com\/wp-content\/uploads\/2025\/04\/Poterie-du-Crestet1314-e1748847717164.jpg?fit=800%2C532&ssl=1","contentUrl":"https:\/\/i0.wp.com\/poterie-de-crestet.com\/wp-content\/uploads\/2025\/04\/Poterie-du-Crestet1314-e1748847717164.jpg?fit=800%2C532&ssl=1","width":800,"height":532,"caption":"Sol-Rosen-Spitzentopf"},{"@type":"BreadcrumbList","@id":"https:\/\/poterie-de-crestet.com\/de\/keramik\/spike-topf-rosa-erde\/#breadcrumb","itemListElement":[{"@type":"ListItem","position":1,"name":"Accueil","item":"https:\/\/poterie-de-crestet.com\/de\/accueil\/"},{"@type":"ListItem","position":2,"name":"Boutique","item":"https:\/\/poterie-de-crestet.com\/ceramiques\/"},{"@type":"ListItem","position":3,"name":"Spike-Topf Rosa Erde"}]},{"@type":"WebSite","@id":"https:\/\/poterie-de-crestet.com\/de\/#website","url":"https:\/\/poterie-de-crestet.com\/de\/","name":"Poterie de Crestet","description":"Des milliers de poteries inpir\u00e9es de la Provence","publisher":{"@id":"https:\/\/poterie-de-crestet.com\/de\/#organization"},"potentialAction":[{"@type":"SearchAction","target":{"@type":"EntryPoint","urlTemplate":"https:\/\/poterie-de-crestet.com\/de\/?s={search_term_string}"},"query-input":{"@type":"PropertyValueSpecification","valueRequired":true,"valueName":"search_term_string"}}],"inLanguage":"de"},{"@type":"Organization","@id":"https:\/\/poterie-de-crestet.com\/de\/#organization","name":"Poterie de Crestet","url":"https:\/\/poterie-de-crestet.com\/de\/","logo":{"@type":"ImageObject","inLanguage":"de","@id":"https:\/\/poterie-de-crestet.com\/de\/#\/schema\/logo\/image\/","url":"https:\/\/i0.wp.com\/poterie-de-crestet.com\/wp-content\/uploads\/2025\/03\/Propo-4.png?fit=1000%2C462&ssl=1","contentUrl":"https:\/\/i0.wp.com\/poterie-de-crestet.com\/wp-content\/uploads\/2025\/03\/Propo-4.png?fit=1000%2C462&ssl=1","width":1000,"height":462,"caption":"Poterie de Crestet"},"image":{"@id":"https:\/\/poterie-de-crestet.com\/de\/#\/schema\/logo\/image\/"}}]}},"jetpack_sharing_enabled":true,"_links":{"self":[{"href":"https:\/\/poterie-de-crestet.com\/de\/wp-json\/wp\/v2\/product\/19673","targetHints":{"allow":["GET"]}}],"collection":[{"href":"https:\/\/poterie-de-crestet.com\/de\/wp-json\/wp\/v2\/product"}],"about":[{"href":"https:\/\/poterie-de-crestet.com\/de\/wp-json\/wp\/v2\/types\/product"}],"replies":[{"embeddable":true,"href":"https:\/\/poterie-de-crestet.com\/de\/wp-json\/wp\/v2\/comments?post=19673"}],"version-history":[{"count":0,"href":"https:\/\/poterie-de-crestet.com\/de\/wp-json\/wp\/v2\/product\/19673\/revisions"}],"wp:featuredmedia":[{"embeddable":true,"href":"https:\/\/poterie-de-crestet.com\/de\/wp-json\/wp\/v2\/media\/8348"}],"wp:attachment":[{"href":"https:\/\/poterie-de-crestet.com\/de\/wp-json\/wp\/v2\/media?parent=19673"}],"wp:term":[{"taxonomy":"product_brand","embeddable":true,"href":"https:\/\/poterie-de-crestet.com\/de\/wp-json\/wp\/v2\/product_brand?post=19673"},{"taxonomy":"product_cat","embeddable":true,"href":"https:\/\/poterie-de-crestet.com\/de\/wp-json\/wp\/v2\/product_cat?post=19673"},{"taxonomy":"product_tag","embeddable":true,"href":"https:\/\/poterie-de-crestet.com\/de\/wp-json\/wp\/v2\/product_tag?post=19673"}],"curies":[{"name":"wp","href":"https:\/\/api.w.org\/{rel}","templated":true}]}}