{"id":19576,"date":"2025-04-11T12:14:06","date_gmt":"2025-04-11T10:14:06","guid":{"rendered":"https:\/\/poterie-de-crestet.com\/ceramiques\/knoblauch-schaber-olivgrauer-tuerkis\/"},"modified":"2025-04-11T12:14:06","modified_gmt":"2025-04-11T10:14:06","slug":"knoblauch-schaber-olivgrauer-tuerkis","status":"publish","type":"product","link":"https:\/\/poterie-de-crestet.com\/de\/keramik\/knoblauch-schaber-olivgrauer-tuerkis\/","title":{"rendered":"Knoblauch-Schaber  <h5>Olivgrauer T\u00fcrkis<\/h5>"},"content":{"rendered":"<p data-start=\"4903\" data-end=\"5291\">Inspiriert von den Olivenhainen, die im Licht getaucht sind, und dem t\u00fcrkisfarbenen Wasser des S\u00fcdens, vereint diese Knoblauchschaberschale mit olivgrauem t\u00fcrkisfarbenem Dekor Frische und N\u00fctzlichkeit. Er eignet sich ideal f\u00fcr bunte Salate, Sommergerichte oder gro\u00dfe, gem\u00fctliche Tische. Dank des gerippten Bodens kann man Knoblauch, Ingwer oder sogar etwas Limette direkt in die Sch\u00fcssel reiben.  <\/p>\n<p data-start=\"5293\" data-end=\"5798\">Jedes St\u00fcck ist mit Sorgfalt von Hand bemalt, in sanften Farbt\u00f6nen, die von Sch\u00fcssel zu Schale subtil variieren. Mikrowellen- und Sp\u00fclmaschinenfest, erf\u00fcllt er alle Lebensmittelanforderungen. Kombinieren Sie es mit der <a class=\"cursor-pointer\" href=\"https:\/\/poterie-de-crestet.com\/de\/keramik\/seifenschale-olivgrauer-tuerkis\/\" target=\"_new\" rel=\"noopener\" data-start=\"5510\" data-end=\"5620\">Olive Grey Turquoise Seifenschale<\/a> oder spielen Sie die perfekte Kombination mit der <a href=\"https:\/\/poterie-de-crestet.com\/de\/keramik\/vorspeise-olivgrauer-tuerkis\/\">passenden Vorspeisenschale.<\/a>  <\/p>\n","protected":false},"excerpt":{"rendered":"<p>Keramik-Salatsch\u00fcssel mit t\u00fcrkisfarbenen Reflexionen und Olivenbaum-Motiv, handbemalt. Eingebauter Schaber f\u00fcr Knoblauch oder Kr\u00e4uter. <br data-start=\"4858\" data-end=\"4861\"><strong data-start=\"4861\" data-end=\"4901\"><em data-start=\"4863\" data-end=\"4899\">Abmessungen: 28,6 \u00d7 28,6 \u00d7 13,7 cm<\/em><\/strong><\/p>\n","protected":false},"featured_media":8522,"comment_status":"open","ping_status":"closed","template":"","meta":[],"product_brand":[],"product_cat":[360],"product_tag":[192],"class_list":{"0":"post-19576","1":"product","2":"type-product","3":"status-publish","4":"has-post-thumbnail","6":"product_cat-knoblauch-schaber","7":"product_tag-olivgrauer-turkis","9":"first","10":"instock","11":"taxable","12":"shipping-taxable","13":"purchasable","14":"product-type-simple"},"yoast_head":"<!-- This site is optimized with the Yoast SEO plugin v27.5 - https:\/\/yoast.com\/product\/yoast-seo-wordpress\/ -->\n<title>Knoblauch-Schaber Olivgrauer T\u00fcrkis - Poterie de Crestet<\/title>\n<meta name=\"description\" content=\"Salatsch\u00fcssel mit t\u00fcrkisfarbener und Olivenbaumdekoration, mit integriertem Schaber. Ideal f\u00fcr bunte Mahlzeiten und duftende Hausmannskost.\" \/>\n<meta name=\"robots\" content=\"index, follow, max-snippet:-1, max-image-preview:large, max-video-preview:-1\" \/>\n<link rel=\"canonical\" href=\"https:\/\/poterie-de-crestet.com\/de\/keramik\/knoblauch-schaber-olivgrauer-tuerkis\/\" \/>\n<meta property=\"og:locale\" content=\"de_DE\" \/>\n<meta property=\"og:type\" content=\"article\" \/>\n<meta property=\"og:title\" content=\"Knoblauch-Schaber Olivgrauer T\u00fcrkis - Poterie de Crestet\" \/>\n<meta property=\"og:description\" content=\"Salatsch\u00fcssel mit t\u00fcrkisfarbener und Olivenbaumdekoration, mit integriertem Schaber. Ideal f\u00fcr bunte Mahlzeiten und duftende Hausmannskost.\" \/>\n<meta property=\"og:url\" content=\"https:\/\/poterie-de-crestet.com\/de\/keramik\/knoblauch-schaber-olivgrauer-tuerkis\/\" \/>\n<meta property=\"og:site_name\" content=\"Poterie de Crestet\" \/>\n<meta property=\"og:image\" content=\"https:\/\/i0.wp.com\/poterie-de-crestet.com\/wp-content\/uploads\/2025\/04\/saladier-rape-ail-1-olive-gris-turquoise.jpg?fit=458%2C458&ssl=1\" \/>\n\t<meta property=\"og:image:width\" content=\"458\" \/>\n\t<meta property=\"og:image:height\" content=\"458\" \/>\n\t<meta property=\"og:image:type\" content=\"image\/jpeg\" \/>\n<meta name=\"twitter:card\" content=\"summary_large_image\" \/>\n<meta name=\"twitter:label1\" content=\"Gesch\u00e4tzte Lesezeit\" \/>\n\t<meta name=\"twitter:data1\" content=\"1\u00a0Minute\" \/>\n<script type=\"application\/ld+json\" class=\"yoast-schema-graph\">{\"@context\":\"https:\\\/\\\/schema.org\",\"@graph\":[{\"@type\":\"WebPage\",\"@id\":\"https:\\\/\\\/poterie-de-crestet.com\\\/de\\\/keramik\\\/knoblauch-schaber-olivgrauer-tuerkis\\\/\",\"url\":\"https:\\\/\\\/poterie-de-crestet.com\\\/de\\\/keramik\\\/knoblauch-schaber-olivgrauer-tuerkis\\\/\",\"name\":\"Knoblauch-Schaber Olivgrauer T\u00fcrkis - Poterie de Crestet\",\"isPartOf\":{\"@id\":\"https:\\\/\\\/poterie-de-crestet.com\\\/de\\\/#website\"},\"primaryImageOfPage\":{\"@id\":\"https:\\\/\\\/poterie-de-crestet.com\\\/de\\\/keramik\\\/knoblauch-schaber-olivgrauer-tuerkis\\\/#primaryimage\"},\"image\":{\"@id\":\"https:\\\/\\\/poterie-de-crestet.com\\\/de\\\/keramik\\\/knoblauch-schaber-olivgrauer-tuerkis\\\/#primaryimage\"},\"thumbnailUrl\":\"https:\\\/\\\/i0.wp.com\\\/poterie-de-crestet.com\\\/wp-content\\\/uploads\\\/2025\\\/04\\\/saladier-rape-ail-1-olive-gris-turquoise.jpg?fit=458%2C458&ssl=1\",\"datePublished\":\"2025-04-11T10:14:06+00:00\",\"description\":\"Salatsch\u00fcssel mit t\u00fcrkisfarbener und Olivenbaumdekoration, mit integriertem Schaber. Ideal f\u00fcr bunte Mahlzeiten und duftende Hausmannskost.\",\"breadcrumb\":{\"@id\":\"https:\\\/\\\/poterie-de-crestet.com\\\/de\\\/keramik\\\/knoblauch-schaber-olivgrauer-tuerkis\\\/#breadcrumb\"},\"inLanguage\":\"de\",\"potentialAction\":[{\"@type\":\"ReadAction\",\"target\":[\"https:\\\/\\\/poterie-de-crestet.com\\\/de\\\/keramik\\\/knoblauch-schaber-olivgrauer-tuerkis\\\/\"]}]},{\"@type\":\"ImageObject\",\"inLanguage\":\"de\",\"@id\":\"https:\\\/\\\/poterie-de-crestet.com\\\/de\\\/keramik\\\/knoblauch-schaber-olivgrauer-tuerkis\\\/#primaryimage\",\"url\":\"https:\\\/\\\/i0.wp.com\\\/poterie-de-crestet.com\\\/wp-content\\\/uploads\\\/2025\\\/04\\\/saladier-rape-ail-1-olive-gris-turquoise.jpg?fit=458%2C458&ssl=1\",\"contentUrl\":\"https:\\\/\\\/i0.wp.com\\\/poterie-de-crestet.com\\\/wp-content\\\/uploads\\\/2025\\\/04\\\/saladier-rape-ail-1-olive-gris-turquoise.jpg?fit=458%2C458&ssl=1\",\"width\":458,\"height\":458,\"caption\":\"Knoblauchschaber Olivengrau-T\u00fcrkis\"},{\"@type\":\"BreadcrumbList\",\"@id\":\"https:\\\/\\\/poterie-de-crestet.com\\\/de\\\/keramik\\\/knoblauch-schaber-olivgrauer-tuerkis\\\/#breadcrumb\",\"itemListElement\":[{\"@type\":\"ListItem\",\"position\":1,\"name\":\"Accueil\",\"item\":\"https:\\\/\\\/poterie-de-crestet.com\\\/de\\\/accueil\\\/\"},{\"@type\":\"ListItem\",\"position\":2,\"name\":\"Boutique\",\"item\":\"https:\\\/\\\/poterie-de-crestet.com\\\/ceramiques\\\/\"},{\"@type\":\"ListItem\",\"position\":3,\"name\":\"Knoblauch-Schaber Olivgrauer T\u00fcrkis\"}]},{\"@type\":\"WebSite\",\"@id\":\"https:\\\/\\\/poterie-de-crestet.com\\\/de\\\/#website\",\"url\":\"https:\\\/\\\/poterie-de-crestet.com\\\/de\\\/\",\"name\":\"Poterie de Crestet\",\"description\":\"Des milliers de poteries inpir\u00e9es de la Provence\",\"publisher\":{\"@id\":\"https:\\\/\\\/poterie-de-crestet.com\\\/de\\\/#organization\"},\"potentialAction\":[{\"@type\":\"SearchAction\",\"target\":{\"@type\":\"EntryPoint\",\"urlTemplate\":\"https:\\\/\\\/poterie-de-crestet.com\\\/de\\\/?s={search_term_string}\"},\"query-input\":{\"@type\":\"PropertyValueSpecification\",\"valueRequired\":true,\"valueName\":\"search_term_string\"}}],\"inLanguage\":\"de\"},{\"@type\":\"Organization\",\"@id\":\"https:\\\/\\\/poterie-de-crestet.com\\\/de\\\/#organization\",\"name\":\"Poterie de Crestet\",\"url\":\"https:\\\/\\\/poterie-de-crestet.com\\\/de\\\/\",\"logo\":{\"@type\":\"ImageObject\",\"inLanguage\":\"de\",\"@id\":\"https:\\\/\\\/poterie-de-crestet.com\\\/de\\\/#\\\/schema\\\/logo\\\/image\\\/\",\"url\":\"https:\\\/\\\/i0.wp.com\\\/poterie-de-crestet.com\\\/wp-content\\\/uploads\\\/2025\\\/03\\\/Propo-4.png?fit=1000%2C462&ssl=1\",\"contentUrl\":\"https:\\\/\\\/i0.wp.com\\\/poterie-de-crestet.com\\\/wp-content\\\/uploads\\\/2025\\\/03\\\/Propo-4.png?fit=1000%2C462&ssl=1\",\"width\":1000,\"height\":462,\"caption\":\"Poterie de Crestet\"},\"image\":{\"@id\":\"https:\\\/\\\/poterie-de-crestet.com\\\/de\\\/#\\\/schema\\\/logo\\\/image\\\/\"}}]}<\/script>\n<!-- \/ Yoast SEO plugin. -->","yoast_head_json":{"title":"Knoblauch-Schaber Olivgrauer T\u00fcrkis - Poterie de Crestet","description":"Salatsch\u00fcssel mit t\u00fcrkisfarbener und Olivenbaumdekoration, mit integriertem Schaber. Ideal f\u00fcr bunte Mahlzeiten und duftende Hausmannskost.","robots":{"index":"index","follow":"follow","max-snippet":"max-snippet:-1","max-image-preview":"max-image-preview:large","max-video-preview":"max-video-preview:-1"},"canonical":"https:\/\/poterie-de-crestet.com\/de\/keramik\/knoblauch-schaber-olivgrauer-tuerkis\/","og_locale":"de_DE","og_type":"article","og_title":"Knoblauch-Schaber Olivgrauer T\u00fcrkis - Poterie de Crestet","og_description":"Salatsch\u00fcssel mit t\u00fcrkisfarbener und Olivenbaumdekoration, mit integriertem Schaber. Ideal f\u00fcr bunte Mahlzeiten und duftende Hausmannskost.","og_url":"https:\/\/poterie-de-crestet.com\/de\/keramik\/knoblauch-schaber-olivgrauer-tuerkis\/","og_site_name":"Poterie de Crestet","og_image":[{"width":458,"height":458,"url":"https:\/\/i0.wp.com\/poterie-de-crestet.com\/wp-content\/uploads\/2025\/04\/saladier-rape-ail-1-olive-gris-turquoise.jpg?fit=458%2C458&ssl=1","type":"image\/jpeg"}],"twitter_card":"summary_large_image","twitter_misc":{"Gesch\u00e4tzte Lesezeit":"1\u00a0Minute"},"schema":{"@context":"https:\/\/schema.org","@graph":[{"@type":"WebPage","@id":"https:\/\/poterie-de-crestet.com\/de\/keramik\/knoblauch-schaber-olivgrauer-tuerkis\/","url":"https:\/\/poterie-de-crestet.com\/de\/keramik\/knoblauch-schaber-olivgrauer-tuerkis\/","name":"Knoblauch-Schaber Olivgrauer T\u00fcrkis - Poterie de Crestet","isPartOf":{"@id":"https:\/\/poterie-de-crestet.com\/de\/#website"},"primaryImageOfPage":{"@id":"https:\/\/poterie-de-crestet.com\/de\/keramik\/knoblauch-schaber-olivgrauer-tuerkis\/#primaryimage"},"image":{"@id":"https:\/\/poterie-de-crestet.com\/de\/keramik\/knoblauch-schaber-olivgrauer-tuerkis\/#primaryimage"},"thumbnailUrl":"https:\/\/i0.wp.com\/poterie-de-crestet.com\/wp-content\/uploads\/2025\/04\/saladier-rape-ail-1-olive-gris-turquoise.jpg?fit=458%2C458&ssl=1","datePublished":"2025-04-11T10:14:06+00:00","description":"Salatsch\u00fcssel mit t\u00fcrkisfarbener und Olivenbaumdekoration, mit integriertem Schaber. Ideal f\u00fcr bunte Mahlzeiten und duftende Hausmannskost.","breadcrumb":{"@id":"https:\/\/poterie-de-crestet.com\/de\/keramik\/knoblauch-schaber-olivgrauer-tuerkis\/#breadcrumb"},"inLanguage":"de","potentialAction":[{"@type":"ReadAction","target":["https:\/\/poterie-de-crestet.com\/de\/keramik\/knoblauch-schaber-olivgrauer-tuerkis\/"]}]},{"@type":"ImageObject","inLanguage":"de","@id":"https:\/\/poterie-de-crestet.com\/de\/keramik\/knoblauch-schaber-olivgrauer-tuerkis\/#primaryimage","url":"https:\/\/i0.wp.com\/poterie-de-crestet.com\/wp-content\/uploads\/2025\/04\/saladier-rape-ail-1-olive-gris-turquoise.jpg?fit=458%2C458&ssl=1","contentUrl":"https:\/\/i0.wp.com\/poterie-de-crestet.com\/wp-content\/uploads\/2025\/04\/saladier-rape-ail-1-olive-gris-turquoise.jpg?fit=458%2C458&ssl=1","width":458,"height":458,"caption":"Knoblauchschaber Olivengrau-T\u00fcrkis"},{"@type":"BreadcrumbList","@id":"https:\/\/poterie-de-crestet.com\/de\/keramik\/knoblauch-schaber-olivgrauer-tuerkis\/#breadcrumb","itemListElement":[{"@type":"ListItem","position":1,"name":"Accueil","item":"https:\/\/poterie-de-crestet.com\/de\/accueil\/"},{"@type":"ListItem","position":2,"name":"Boutique","item":"https:\/\/poterie-de-crestet.com\/ceramiques\/"},{"@type":"ListItem","position":3,"name":"Knoblauch-Schaber Olivgrauer T\u00fcrkis"}]},{"@type":"WebSite","@id":"https:\/\/poterie-de-crestet.com\/de\/#website","url":"https:\/\/poterie-de-crestet.com\/de\/","name":"Poterie de Crestet","description":"Des milliers de poteries inpir\u00e9es de la Provence","publisher":{"@id":"https:\/\/poterie-de-crestet.com\/de\/#organization"},"potentialAction":[{"@type":"SearchAction","target":{"@type":"EntryPoint","urlTemplate":"https:\/\/poterie-de-crestet.com\/de\/?s={search_term_string}"},"query-input":{"@type":"PropertyValueSpecification","valueRequired":true,"valueName":"search_term_string"}}],"inLanguage":"de"},{"@type":"Organization","@id":"https:\/\/poterie-de-crestet.com\/de\/#organization","name":"Poterie de Crestet","url":"https:\/\/poterie-de-crestet.com\/de\/","logo":{"@type":"ImageObject","inLanguage":"de","@id":"https:\/\/poterie-de-crestet.com\/de\/#\/schema\/logo\/image\/","url":"https:\/\/i0.wp.com\/poterie-de-crestet.com\/wp-content\/uploads\/2025\/03\/Propo-4.png?fit=1000%2C462&ssl=1","contentUrl":"https:\/\/i0.wp.com\/poterie-de-crestet.com\/wp-content\/uploads\/2025\/03\/Propo-4.png?fit=1000%2C462&ssl=1","width":1000,"height":462,"caption":"Poterie de Crestet"},"image":{"@id":"https:\/\/poterie-de-crestet.com\/de\/#\/schema\/logo\/image\/"}}]}},"jetpack_sharing_enabled":true,"_links":{"self":[{"href":"https:\/\/poterie-de-crestet.com\/de\/wp-json\/wp\/v2\/product\/19576","targetHints":{"allow":["GET"]}}],"collection":[{"href":"https:\/\/poterie-de-crestet.com\/de\/wp-json\/wp\/v2\/product"}],"about":[{"href":"https:\/\/poterie-de-crestet.com\/de\/wp-json\/wp\/v2\/types\/product"}],"replies":[{"embeddable":true,"href":"https:\/\/poterie-de-crestet.com\/de\/wp-json\/wp\/v2\/comments?post=19576"}],"version-history":[{"count":0,"href":"https:\/\/poterie-de-crestet.com\/de\/wp-json\/wp\/v2\/product\/19576\/revisions"}],"wp:featuredmedia":[{"embeddable":true,"href":"https:\/\/poterie-de-crestet.com\/de\/wp-json\/wp\/v2\/media\/8522"}],"wp:attachment":[{"href":"https:\/\/poterie-de-crestet.com\/de\/wp-json\/wp\/v2\/media?parent=19576"}],"wp:term":[{"taxonomy":"product_brand","embeddable":true,"href":"https:\/\/poterie-de-crestet.com\/de\/wp-json\/wp\/v2\/product_brand?post=19576"},{"taxonomy":"product_cat","embeddable":true,"href":"https:\/\/poterie-de-crestet.com\/de\/wp-json\/wp\/v2\/product_cat?post=19576"},{"taxonomy":"product_tag","embeddable":true,"href":"https:\/\/poterie-de-crestet.com\/de\/wp-json\/wp\/v2\/product_tag?post=19576"}],"curies":[{"name":"wp","href":"https:\/\/api.w.org\/{rel}","templated":true}]}}