{"id":19574,"date":"2025-04-11T12:14:06","date_gmt":"2025-04-11T10:14:06","guid":{"rendered":"https:\/\/poterie-de-crestet.com\/ceramiques\/knoblauch-schaber-fliedergraue-olive\/"},"modified":"2025-04-11T12:14:06","modified_gmt":"2025-04-11T10:14:06","slug":"knoblauch-schaber-fliedergraue-olive","status":"publish","type":"product","link":"https:\/\/poterie-de-crestet.com\/de\/keramik\/knoblauch-schaber-fliedergraue-olive\/","title":{"rendered":"Knoblauch-Schaber  <h5>Fliedergraue Olive<\/h5>"},"content":{"rendered":"<p data-start=\"2606\" data-end=\"2960\">Mit ihren sanften T\u00f6nen und dem stilisierten Olivmuster verf\u00fchrt diese flieder-graue Olivenschale mit ihrer nat\u00fcrlichen Eleganz. Es ist perfekt f\u00fcr gemischte Salate, saisonale Fr\u00fcchte oder sogar einen sch\u00f6nen Pastasalat. Der integrierte gerippte Boden erm\u00f6glicht es, Knoblauch oder Ingwer direkt zu reiben, ohne ein zus\u00e4tzliches Utensili herauszunehmen.  <\/p>\n<p data-start=\"2962\" data-end=\"3508\">Jede Dekoration ist von Hand aufgetragen, mit dezenten Farbverl\u00e4ufen und d\u00fcnnen \u00c4sten, die dem Ganzen einen raffinierten Charme verleihen. Die Sch\u00fcssel ist sp\u00fclmaschinen- und mikrowellenfest und lebensmittelkonform. Er passt perfekt zum <a class=\"cursor-pointer\" href=\"https:\/\/poterie-de-crestet.com\/de\/keramik\/egg-holder-6-fliedergraue-olive\/\" target=\"_new\" rel=\"noopener\" data-start=\"3223\" data-end=\"3324\">olivlila-grauen Eihalter<\/a> oder als frischen Kontrast zum <a class=\"cursor-pointer\" href=\"https:\/\/poterie-de-crestet.com\/de\/keramik\/loeffelauflage-zitrone\/\" target=\"_new\" rel=\"noopener\" data-start=\"3374\" data-end=\"3464\">Lemon Spoon Rest<\/a>.  <\/p>\n","protected":false},"excerpt":{"rendered":"<p>Handdekorierte Keramiksalatschale, sanfte Fliedert\u00f6ne und stilisierte Olivenzweige. Schaber ist in den Boden integriert. <br data-start=\"2561\" data-end=\"2564\"><strong data-start=\"2564\" data-end=\"2604\"><em data-start=\"2566\" data-end=\"2602\">Abmessungen: 28,6 \u00d7 28,6 \u00d7 13,7 cm<\/em><\/strong><\/p>\n","protected":false},"featured_media":8516,"comment_status":"open","ping_status":"closed","template":"","meta":[],"product_brand":[],"product_cat":[360],"product_tag":[218],"class_list":{"0":"post-19574","1":"product","2":"type-product","3":"status-publish","4":"has-post-thumbnail","6":"product_cat-knoblauch-schaber","7":"product_tag-fliedergraue-olive","9":"first","10":"instock","11":"taxable","12":"shipping-taxable","13":"purchasable","14":"product-type-simple"},"yoast_head":"<!-- This site is optimized with the Yoast SEO plugin v27.5 - https:\/\/yoast.com\/product\/yoast-seo-wordpress\/ -->\n<title>Knoblauch-Schaber Fliedergraue Olive - Poterie de Crestet<\/title>\n<meta name=\"description\" content=\"S\u00fc\u00dfe Salatsch\u00fcssel mit Fliedert\u00f6nen und Olivenzweigen. Eingebauter Knoblauchschaber f\u00fcr einfaches Kochen mit minimalen Gerichten.\" \/>\n<meta name=\"robots\" content=\"index, follow, max-snippet:-1, max-image-preview:large, max-video-preview:-1\" \/>\n<link rel=\"canonical\" href=\"https:\/\/poterie-de-crestet.com\/de\/keramik\/knoblauch-schaber-fliedergraue-olive\/\" \/>\n<meta property=\"og:locale\" content=\"de_DE\" \/>\n<meta property=\"og:type\" content=\"article\" \/>\n<meta property=\"og:title\" content=\"Knoblauch-Schaber Fliedergraue Olive - Poterie de Crestet\" \/>\n<meta property=\"og:description\" content=\"S\u00fc\u00dfe Salatsch\u00fcssel mit Fliedert\u00f6nen und Olivenzweigen. Eingebauter Knoblauchschaber f\u00fcr einfaches Kochen mit minimalen Gerichten.\" \/>\n<meta property=\"og:url\" content=\"https:\/\/poterie-de-crestet.com\/de\/keramik\/knoblauch-schaber-fliedergraue-olive\/\" \/>\n<meta property=\"og:site_name\" content=\"Poterie de Crestet\" \/>\n<meta property=\"og:image\" content=\"https:\/\/i0.wp.com\/poterie-de-crestet.com\/wp-content\/uploads\/2025\/04\/saladier-rape-ail-1-olive-gris-lila.jpg?fit=458%2C458&ssl=1\" \/>\n\t<meta property=\"og:image:width\" content=\"458\" \/>\n\t<meta property=\"og:image:height\" content=\"458\" \/>\n\t<meta property=\"og:image:type\" content=\"image\/jpeg\" \/>\n<meta name=\"twitter:card\" content=\"summary_large_image\" \/>\n<script type=\"application\/ld+json\" class=\"yoast-schema-graph\">{\"@context\":\"https:\\\/\\\/schema.org\",\"@graph\":[{\"@type\":\"WebPage\",\"@id\":\"https:\\\/\\\/poterie-de-crestet.com\\\/de\\\/keramik\\\/knoblauch-schaber-fliedergraue-olive\\\/\",\"url\":\"https:\\\/\\\/poterie-de-crestet.com\\\/de\\\/keramik\\\/knoblauch-schaber-fliedergraue-olive\\\/\",\"name\":\"Knoblauch-Schaber Fliedergraue Olive - Poterie de Crestet\",\"isPartOf\":{\"@id\":\"https:\\\/\\\/poterie-de-crestet.com\\\/de\\\/#website\"},\"primaryImageOfPage\":{\"@id\":\"https:\\\/\\\/poterie-de-crestet.com\\\/de\\\/keramik\\\/knoblauch-schaber-fliedergraue-olive\\\/#primaryimage\"},\"image\":{\"@id\":\"https:\\\/\\\/poterie-de-crestet.com\\\/de\\\/keramik\\\/knoblauch-schaber-fliedergraue-olive\\\/#primaryimage\"},\"thumbnailUrl\":\"https:\\\/\\\/i0.wp.com\\\/poterie-de-crestet.com\\\/wp-content\\\/uploads\\\/2025\\\/04\\\/saladier-rape-ail-1-olive-gris-lila.jpg?fit=458%2C458&ssl=1\",\"datePublished\":\"2025-04-11T10:14:06+00:00\",\"description\":\"S\u00fc\u00dfe Salatsch\u00fcssel mit Fliedert\u00f6nen und Olivenzweigen. Eingebauter Knoblauchschaber f\u00fcr einfaches Kochen mit minimalen Gerichten.\",\"breadcrumb\":{\"@id\":\"https:\\\/\\\/poterie-de-crestet.com\\\/de\\\/keramik\\\/knoblauch-schaber-fliedergraue-olive\\\/#breadcrumb\"},\"inLanguage\":\"de\",\"potentialAction\":[{\"@type\":\"ReadAction\",\"target\":[\"https:\\\/\\\/poterie-de-crestet.com\\\/de\\\/keramik\\\/knoblauch-schaber-fliedergraue-olive\\\/\"]}]},{\"@type\":\"ImageObject\",\"inLanguage\":\"de\",\"@id\":\"https:\\\/\\\/poterie-de-crestet.com\\\/de\\\/keramik\\\/knoblauch-schaber-fliedergraue-olive\\\/#primaryimage\",\"url\":\"https:\\\/\\\/i0.wp.com\\\/poterie-de-crestet.com\\\/wp-content\\\/uploads\\\/2025\\\/04\\\/saladier-rape-ail-1-olive-gris-lila.jpg?fit=458%2C458&ssl=1\",\"contentUrl\":\"https:\\\/\\\/i0.wp.com\\\/poterie-de-crestet.com\\\/wp-content\\\/uploads\\\/2025\\\/04\\\/saladier-rape-ail-1-olive-gris-lila.jpg?fit=458%2C458&ssl=1\",\"width\":458,\"height\":458,\"caption\":\"Knoblauch-Schaber Sch\u00fcssel Olivgrau-Flieder\"},{\"@type\":\"BreadcrumbList\",\"@id\":\"https:\\\/\\\/poterie-de-crestet.com\\\/de\\\/keramik\\\/knoblauch-schaber-fliedergraue-olive\\\/#breadcrumb\",\"itemListElement\":[{\"@type\":\"ListItem\",\"position\":1,\"name\":\"Accueil\",\"item\":\"https:\\\/\\\/poterie-de-crestet.com\\\/de\\\/accueil\\\/\"},{\"@type\":\"ListItem\",\"position\":2,\"name\":\"Boutique\",\"item\":\"https:\\\/\\\/poterie-de-crestet.com\\\/ceramiques\\\/\"},{\"@type\":\"ListItem\",\"position\":3,\"name\":\"Knoblauch-Schaber Fliedergraue Olive\"}]},{\"@type\":\"WebSite\",\"@id\":\"https:\\\/\\\/poterie-de-crestet.com\\\/de\\\/#website\",\"url\":\"https:\\\/\\\/poterie-de-crestet.com\\\/de\\\/\",\"name\":\"Poterie de Crestet\",\"description\":\"Des milliers de poteries inpir\u00e9es de la Provence\",\"publisher\":{\"@id\":\"https:\\\/\\\/poterie-de-crestet.com\\\/de\\\/#organization\"},\"potentialAction\":[{\"@type\":\"SearchAction\",\"target\":{\"@type\":\"EntryPoint\",\"urlTemplate\":\"https:\\\/\\\/poterie-de-crestet.com\\\/de\\\/?s={search_term_string}\"},\"query-input\":{\"@type\":\"PropertyValueSpecification\",\"valueRequired\":true,\"valueName\":\"search_term_string\"}}],\"inLanguage\":\"de\"},{\"@type\":\"Organization\",\"@id\":\"https:\\\/\\\/poterie-de-crestet.com\\\/de\\\/#organization\",\"name\":\"Poterie de Crestet\",\"url\":\"https:\\\/\\\/poterie-de-crestet.com\\\/de\\\/\",\"logo\":{\"@type\":\"ImageObject\",\"inLanguage\":\"de\",\"@id\":\"https:\\\/\\\/poterie-de-crestet.com\\\/de\\\/#\\\/schema\\\/logo\\\/image\\\/\",\"url\":\"https:\\\/\\\/i0.wp.com\\\/poterie-de-crestet.com\\\/wp-content\\\/uploads\\\/2025\\\/03\\\/Propo-4.png?fit=1000%2C462&ssl=1\",\"contentUrl\":\"https:\\\/\\\/i0.wp.com\\\/poterie-de-crestet.com\\\/wp-content\\\/uploads\\\/2025\\\/03\\\/Propo-4.png?fit=1000%2C462&ssl=1\",\"width\":1000,\"height\":462,\"caption\":\"Poterie de Crestet\"},\"image\":{\"@id\":\"https:\\\/\\\/poterie-de-crestet.com\\\/de\\\/#\\\/schema\\\/logo\\\/image\\\/\"}}]}<\/script>\n<!-- \/ Yoast SEO plugin. -->","yoast_head_json":{"title":"Knoblauch-Schaber Fliedergraue Olive - Poterie de Crestet","description":"S\u00fc\u00dfe Salatsch\u00fcssel mit Fliedert\u00f6nen und Olivenzweigen. Eingebauter Knoblauchschaber f\u00fcr einfaches Kochen mit minimalen Gerichten.","robots":{"index":"index","follow":"follow","max-snippet":"max-snippet:-1","max-image-preview":"max-image-preview:large","max-video-preview":"max-video-preview:-1"},"canonical":"https:\/\/poterie-de-crestet.com\/de\/keramik\/knoblauch-schaber-fliedergraue-olive\/","og_locale":"de_DE","og_type":"article","og_title":"Knoblauch-Schaber Fliedergraue Olive - Poterie de Crestet","og_description":"S\u00fc\u00dfe Salatsch\u00fcssel mit Fliedert\u00f6nen und Olivenzweigen. Eingebauter Knoblauchschaber f\u00fcr einfaches Kochen mit minimalen Gerichten.","og_url":"https:\/\/poterie-de-crestet.com\/de\/keramik\/knoblauch-schaber-fliedergraue-olive\/","og_site_name":"Poterie de Crestet","og_image":[{"width":458,"height":458,"url":"https:\/\/i0.wp.com\/poterie-de-crestet.com\/wp-content\/uploads\/2025\/04\/saladier-rape-ail-1-olive-gris-lila.jpg?fit=458%2C458&ssl=1","type":"image\/jpeg"}],"twitter_card":"summary_large_image","schema":{"@context":"https:\/\/schema.org","@graph":[{"@type":"WebPage","@id":"https:\/\/poterie-de-crestet.com\/de\/keramik\/knoblauch-schaber-fliedergraue-olive\/","url":"https:\/\/poterie-de-crestet.com\/de\/keramik\/knoblauch-schaber-fliedergraue-olive\/","name":"Knoblauch-Schaber Fliedergraue Olive - Poterie de Crestet","isPartOf":{"@id":"https:\/\/poterie-de-crestet.com\/de\/#website"},"primaryImageOfPage":{"@id":"https:\/\/poterie-de-crestet.com\/de\/keramik\/knoblauch-schaber-fliedergraue-olive\/#primaryimage"},"image":{"@id":"https:\/\/poterie-de-crestet.com\/de\/keramik\/knoblauch-schaber-fliedergraue-olive\/#primaryimage"},"thumbnailUrl":"https:\/\/i0.wp.com\/poterie-de-crestet.com\/wp-content\/uploads\/2025\/04\/saladier-rape-ail-1-olive-gris-lila.jpg?fit=458%2C458&ssl=1","datePublished":"2025-04-11T10:14:06+00:00","description":"S\u00fc\u00dfe Salatsch\u00fcssel mit Fliedert\u00f6nen und Olivenzweigen. Eingebauter Knoblauchschaber f\u00fcr einfaches Kochen mit minimalen Gerichten.","breadcrumb":{"@id":"https:\/\/poterie-de-crestet.com\/de\/keramik\/knoblauch-schaber-fliedergraue-olive\/#breadcrumb"},"inLanguage":"de","potentialAction":[{"@type":"ReadAction","target":["https:\/\/poterie-de-crestet.com\/de\/keramik\/knoblauch-schaber-fliedergraue-olive\/"]}]},{"@type":"ImageObject","inLanguage":"de","@id":"https:\/\/poterie-de-crestet.com\/de\/keramik\/knoblauch-schaber-fliedergraue-olive\/#primaryimage","url":"https:\/\/i0.wp.com\/poterie-de-crestet.com\/wp-content\/uploads\/2025\/04\/saladier-rape-ail-1-olive-gris-lila.jpg?fit=458%2C458&ssl=1","contentUrl":"https:\/\/i0.wp.com\/poterie-de-crestet.com\/wp-content\/uploads\/2025\/04\/saladier-rape-ail-1-olive-gris-lila.jpg?fit=458%2C458&ssl=1","width":458,"height":458,"caption":"Knoblauch-Schaber Sch\u00fcssel Olivgrau-Flieder"},{"@type":"BreadcrumbList","@id":"https:\/\/poterie-de-crestet.com\/de\/keramik\/knoblauch-schaber-fliedergraue-olive\/#breadcrumb","itemListElement":[{"@type":"ListItem","position":1,"name":"Accueil","item":"https:\/\/poterie-de-crestet.com\/de\/accueil\/"},{"@type":"ListItem","position":2,"name":"Boutique","item":"https:\/\/poterie-de-crestet.com\/ceramiques\/"},{"@type":"ListItem","position":3,"name":"Knoblauch-Schaber Fliedergraue Olive"}]},{"@type":"WebSite","@id":"https:\/\/poterie-de-crestet.com\/de\/#website","url":"https:\/\/poterie-de-crestet.com\/de\/","name":"Poterie de Crestet","description":"Des milliers de poteries inpir\u00e9es de la Provence","publisher":{"@id":"https:\/\/poterie-de-crestet.com\/de\/#organization"},"potentialAction":[{"@type":"SearchAction","target":{"@type":"EntryPoint","urlTemplate":"https:\/\/poterie-de-crestet.com\/de\/?s={search_term_string}"},"query-input":{"@type":"PropertyValueSpecification","valueRequired":true,"valueName":"search_term_string"}}],"inLanguage":"de"},{"@type":"Organization","@id":"https:\/\/poterie-de-crestet.com\/de\/#organization","name":"Poterie de Crestet","url":"https:\/\/poterie-de-crestet.com\/de\/","logo":{"@type":"ImageObject","inLanguage":"de","@id":"https:\/\/poterie-de-crestet.com\/de\/#\/schema\/logo\/image\/","url":"https:\/\/i0.wp.com\/poterie-de-crestet.com\/wp-content\/uploads\/2025\/03\/Propo-4.png?fit=1000%2C462&ssl=1","contentUrl":"https:\/\/i0.wp.com\/poterie-de-crestet.com\/wp-content\/uploads\/2025\/03\/Propo-4.png?fit=1000%2C462&ssl=1","width":1000,"height":462,"caption":"Poterie de Crestet"},"image":{"@id":"https:\/\/poterie-de-crestet.com\/de\/#\/schema\/logo\/image\/"}}]}},"jetpack_sharing_enabled":true,"_links":{"self":[{"href":"https:\/\/poterie-de-crestet.com\/de\/wp-json\/wp\/v2\/product\/19574","targetHints":{"allow":["GET"]}}],"collection":[{"href":"https:\/\/poterie-de-crestet.com\/de\/wp-json\/wp\/v2\/product"}],"about":[{"href":"https:\/\/poterie-de-crestet.com\/de\/wp-json\/wp\/v2\/types\/product"}],"replies":[{"embeddable":true,"href":"https:\/\/poterie-de-crestet.com\/de\/wp-json\/wp\/v2\/comments?post=19574"}],"version-history":[{"count":0,"href":"https:\/\/poterie-de-crestet.com\/de\/wp-json\/wp\/v2\/product\/19574\/revisions"}],"wp:featuredmedia":[{"embeddable":true,"href":"https:\/\/poterie-de-crestet.com\/de\/wp-json\/wp\/v2\/media\/8516"}],"wp:attachment":[{"href":"https:\/\/poterie-de-crestet.com\/de\/wp-json\/wp\/v2\/media?parent=19574"}],"wp:term":[{"taxonomy":"product_brand","embeddable":true,"href":"https:\/\/poterie-de-crestet.com\/de\/wp-json\/wp\/v2\/product_brand?post=19574"},{"taxonomy":"product_cat","embeddable":true,"href":"https:\/\/poterie-de-crestet.com\/de\/wp-json\/wp\/v2\/product_cat?post=19574"},{"taxonomy":"product_tag","embeddable":true,"href":"https:\/\/poterie-de-crestet.com\/de\/wp-json\/wp\/v2\/product_tag?post=19574"}],"curies":[{"name":"wp","href":"https:\/\/api.w.org\/{rel}","templated":true}]}}