{"id":19570,"date":"2025-04-11T12:14:07","date_gmt":"2025-04-11T10:14:07","guid":{"rendered":"https:\/\/poterie-de-crestet.com\/ceramiques\/knoblauch-schaber-blauer-platz\/"},"modified":"2025-04-11T12:14:07","modified_gmt":"2025-04-11T10:14:07","slug":"knoblauch-schaber-blauer-platz","status":"publish","type":"product","link":"https:\/\/poterie-de-crestet.com\/de\/keramik\/knoblauch-schaber-blauer-platz\/","title":{"rendered":"Knoblauch-Schaber  <h5>Blauer Platz<\/h5>"},"content":{"rendered":"<p data-start=\"298\" data-end=\"894\">Mit seinem grafischen Muster in Blaut\u00f6nen bleibt diese Knoblauchschaber nicht unbemerkt. Er ist darauf ausgelegt, sch\u00f6ne Salate, gro\u00dfz\u00fcgige Zubereitungen oder eine Auswahl an Fr\u00fcchten unterzubringen, und verf\u00fcgt au\u00dferdem \u00fcber einen gerippten Boden, der es erm\u00f6glicht, eine Knoblauchzehe oder ein St\u00fcck Ingwer direkt zu reiben. Praktisch, um ein Dressing spontan zu w\u00fcrzen, eine Expressbr\u00fche herzustellen oder einer Marinade Charakter zu verleihen. Jedes Muster wird von Hand aufgetragen, mit Sorgfalt, um eine sch\u00f6ne Regelm\u00e4\u00dfigkeit in den Linien zu bewahren und dabei den Charme der menschlichen Hand zu bewahren.   <\/p>\n<p data-start=\"896\" data-end=\"1343\">Er ist geschirrsp\u00fcler- und mikrowellenfest und entspricht den europ\u00e4ischen Lebensmittelnormen. Kombinieren Sie ihn mit der <g id=\"gid_0\">Carr\u00e9 Bleu Kuchenform<\/g> f\u00fcr einen harmonischen Tisch oder wagen Sie es, ein grafisches Duo mit der <g id=\"gid_1\">Sol Noir Seifenschale<\/g> in der K\u00fcche zu w\u00e4hlen. Schnell versandt oder auf unseren provenzalischen M\u00e4rkten abgeholt: Die Wahl liegt bei Ihnen.  <\/p>\n","protected":false},"excerpt":{"rendered":"<p>Gro\u00dfe Keramiksalatschale mit blauer geometrischer Dekoration, von Hand dekoriert. Die gerippte Basis erm\u00f6glicht es, Knoblauch oder Ingwer direkt in die Sch\u00fcssel zu reiben. <\/p>\n<p><strong data-start=\"256\" data-end=\"296\"><em data-start=\"258\" data-end=\"294\">Abmessungen: 28,6 \u00d7 28,6 \u00d7 13,7 cm<\/em><\/strong><\/p>\n","protected":false},"featured_media":8506,"comment_status":"open","ping_status":"closed","template":"","meta":[],"product_brand":[],"product_cat":[360],"product_tag":[209],"class_list":{"0":"post-19570","1":"product","2":"type-product","3":"status-publish","4":"has-post-thumbnail","6":"product_cat-knoblauch-schaber","7":"product_tag-blauer-platz","9":"first","10":"instock","11":"taxable","12":"shipping-taxable","13":"purchasable","14":"product-type-simple"},"yoast_head":"<!-- This site is optimized with the Yoast SEO plugin v27.5 - https:\/\/yoast.com\/product\/yoast-seo-wordpress\/ -->\n<title>Knoblauch-Schaber Blauer Platz - Poterie de Crestet<\/title>\n<meta name=\"description\" content=\"Keramik-Salatsch\u00fcssel mit blauem geometrischem Muster und integriertem Schaber. Perfekt, um stilvoll zu kochen und zu servieren und dabei Gerichte zu minimieren.\" \/>\n<meta name=\"robots\" content=\"index, follow, max-snippet:-1, max-image-preview:large, max-video-preview:-1\" \/>\n<link rel=\"canonical\" href=\"https:\/\/poterie-de-crestet.com\/de\/keramik\/knoblauch-schaber-blauer-platz\/\" \/>\n<meta property=\"og:locale\" content=\"de_DE\" \/>\n<meta property=\"og:type\" content=\"article\" \/>\n<meta property=\"og:title\" content=\"Knoblauch-Schaber Blauer Platz - Poterie de Crestet\" \/>\n<meta property=\"og:description\" content=\"Keramik-Salatsch\u00fcssel mit blauem geometrischem Muster und integriertem Schaber. Perfekt, um stilvoll zu kochen und zu servieren und dabei Gerichte zu minimieren.\" \/>\n<meta property=\"og:url\" content=\"https:\/\/poterie-de-crestet.com\/de\/keramik\/knoblauch-schaber-blauer-platz\/\" \/>\n<meta property=\"og:site_name\" content=\"Poterie de Crestet\" \/>\n<meta property=\"og:image\" content=\"https:\/\/i0.wp.com\/poterie-de-crestet.com\/wp-content\/uploads\/2025\/04\/saladier-rape-ail-1-carre-bleu.jpg?fit=458%2C458&ssl=1\" \/>\n\t<meta property=\"og:image:width\" content=\"458\" \/>\n\t<meta property=\"og:image:height\" content=\"458\" \/>\n\t<meta property=\"og:image:type\" content=\"image\/jpeg\" \/>\n<meta name=\"twitter:card\" content=\"summary_large_image\" \/>\n<meta name=\"twitter:label1\" content=\"Gesch\u00e4tzte Lesezeit\" \/>\n\t<meta name=\"twitter:data1\" content=\"1\u00a0Minute\" \/>\n<script type=\"application\/ld+json\" class=\"yoast-schema-graph\">{\"@context\":\"https:\\\/\\\/schema.org\",\"@graph\":[{\"@type\":\"WebPage\",\"@id\":\"https:\\\/\\\/poterie-de-crestet.com\\\/de\\\/keramik\\\/knoblauch-schaber-blauer-platz\\\/\",\"url\":\"https:\\\/\\\/poterie-de-crestet.com\\\/de\\\/keramik\\\/knoblauch-schaber-blauer-platz\\\/\",\"name\":\"Knoblauch-Schaber Blauer Platz - Poterie de Crestet\",\"isPartOf\":{\"@id\":\"https:\\\/\\\/poterie-de-crestet.com\\\/de\\\/#website\"},\"primaryImageOfPage\":{\"@id\":\"https:\\\/\\\/poterie-de-crestet.com\\\/de\\\/keramik\\\/knoblauch-schaber-blauer-platz\\\/#primaryimage\"},\"image\":{\"@id\":\"https:\\\/\\\/poterie-de-crestet.com\\\/de\\\/keramik\\\/knoblauch-schaber-blauer-platz\\\/#primaryimage\"},\"thumbnailUrl\":\"https:\\\/\\\/i0.wp.com\\\/poterie-de-crestet.com\\\/wp-content\\\/uploads\\\/2025\\\/04\\\/saladier-rape-ail-1-carre-bleu.jpg?fit=458%2C458&ssl=1\",\"datePublished\":\"2025-04-11T10:14:07+00:00\",\"description\":\"Keramik-Salatsch\u00fcssel mit blauem geometrischem Muster und integriertem Schaber. Perfekt, um stilvoll zu kochen und zu servieren und dabei Gerichte zu minimieren.\",\"breadcrumb\":{\"@id\":\"https:\\\/\\\/poterie-de-crestet.com\\\/de\\\/keramik\\\/knoblauch-schaber-blauer-platz\\\/#breadcrumb\"},\"inLanguage\":\"de\",\"potentialAction\":[{\"@type\":\"ReadAction\",\"target\":[\"https:\\\/\\\/poterie-de-crestet.com\\\/de\\\/keramik\\\/knoblauch-schaber-blauer-platz\\\/\"]}]},{\"@type\":\"ImageObject\",\"inLanguage\":\"de\",\"@id\":\"https:\\\/\\\/poterie-de-crestet.com\\\/de\\\/keramik\\\/knoblauch-schaber-blauer-platz\\\/#primaryimage\",\"url\":\"https:\\\/\\\/i0.wp.com\\\/poterie-de-crestet.com\\\/wp-content\\\/uploads\\\/2025\\\/04\\\/saladier-rape-ail-1-carre-bleu.jpg?fit=458%2C458&ssl=1\",\"contentUrl\":\"https:\\\/\\\/i0.wp.com\\\/poterie-de-crestet.com\\\/wp-content\\\/uploads\\\/2025\\\/04\\\/saladier-rape-ail-1-carre-bleu.jpg?fit=458%2C458&ssl=1\",\"width\":458,\"height\":458,\"caption\":\"Knoblauchschaber Salatsch\u00fcssel Carr\u00e9 bleu\"},{\"@type\":\"BreadcrumbList\",\"@id\":\"https:\\\/\\\/poterie-de-crestet.com\\\/de\\\/keramik\\\/knoblauch-schaber-blauer-platz\\\/#breadcrumb\",\"itemListElement\":[{\"@type\":\"ListItem\",\"position\":1,\"name\":\"Accueil\",\"item\":\"https:\\\/\\\/poterie-de-crestet.com\\\/de\\\/accueil\\\/\"},{\"@type\":\"ListItem\",\"position\":2,\"name\":\"Boutique\",\"item\":\"https:\\\/\\\/poterie-de-crestet.com\\\/ceramiques\\\/\"},{\"@type\":\"ListItem\",\"position\":3,\"name\":\"Knoblauch-Schaber Blauer Platz\"}]},{\"@type\":\"WebSite\",\"@id\":\"https:\\\/\\\/poterie-de-crestet.com\\\/de\\\/#website\",\"url\":\"https:\\\/\\\/poterie-de-crestet.com\\\/de\\\/\",\"name\":\"Poterie de Crestet\",\"description\":\"Des milliers de poteries inpir\u00e9es de la Provence\",\"publisher\":{\"@id\":\"https:\\\/\\\/poterie-de-crestet.com\\\/de\\\/#organization\"},\"potentialAction\":[{\"@type\":\"SearchAction\",\"target\":{\"@type\":\"EntryPoint\",\"urlTemplate\":\"https:\\\/\\\/poterie-de-crestet.com\\\/de\\\/?s={search_term_string}\"},\"query-input\":{\"@type\":\"PropertyValueSpecification\",\"valueRequired\":true,\"valueName\":\"search_term_string\"}}],\"inLanguage\":\"de\"},{\"@type\":\"Organization\",\"@id\":\"https:\\\/\\\/poterie-de-crestet.com\\\/de\\\/#organization\",\"name\":\"Poterie de Crestet\",\"url\":\"https:\\\/\\\/poterie-de-crestet.com\\\/de\\\/\",\"logo\":{\"@type\":\"ImageObject\",\"inLanguage\":\"de\",\"@id\":\"https:\\\/\\\/poterie-de-crestet.com\\\/de\\\/#\\\/schema\\\/logo\\\/image\\\/\",\"url\":\"https:\\\/\\\/i0.wp.com\\\/poterie-de-crestet.com\\\/wp-content\\\/uploads\\\/2025\\\/03\\\/Propo-4.png?fit=1000%2C462&ssl=1\",\"contentUrl\":\"https:\\\/\\\/i0.wp.com\\\/poterie-de-crestet.com\\\/wp-content\\\/uploads\\\/2025\\\/03\\\/Propo-4.png?fit=1000%2C462&ssl=1\",\"width\":1000,\"height\":462,\"caption\":\"Poterie de Crestet\"},\"image\":{\"@id\":\"https:\\\/\\\/poterie-de-crestet.com\\\/de\\\/#\\\/schema\\\/logo\\\/image\\\/\"}}]}<\/script>\n<!-- \/ Yoast SEO plugin. -->","yoast_head_json":{"title":"Knoblauch-Schaber Blauer Platz - Poterie de Crestet","description":"Keramik-Salatsch\u00fcssel mit blauem geometrischem Muster und integriertem Schaber. Perfekt, um stilvoll zu kochen und zu servieren und dabei Gerichte zu minimieren.","robots":{"index":"index","follow":"follow","max-snippet":"max-snippet:-1","max-image-preview":"max-image-preview:large","max-video-preview":"max-video-preview:-1"},"canonical":"https:\/\/poterie-de-crestet.com\/de\/keramik\/knoblauch-schaber-blauer-platz\/","og_locale":"de_DE","og_type":"article","og_title":"Knoblauch-Schaber Blauer Platz - Poterie de Crestet","og_description":"Keramik-Salatsch\u00fcssel mit blauem geometrischem Muster und integriertem Schaber. Perfekt, um stilvoll zu kochen und zu servieren und dabei Gerichte zu minimieren.","og_url":"https:\/\/poterie-de-crestet.com\/de\/keramik\/knoblauch-schaber-blauer-platz\/","og_site_name":"Poterie de Crestet","og_image":[{"width":458,"height":458,"url":"https:\/\/i0.wp.com\/poterie-de-crestet.com\/wp-content\/uploads\/2025\/04\/saladier-rape-ail-1-carre-bleu.jpg?fit=458%2C458&ssl=1","type":"image\/jpeg"}],"twitter_card":"summary_large_image","twitter_misc":{"Gesch\u00e4tzte Lesezeit":"1\u00a0Minute"},"schema":{"@context":"https:\/\/schema.org","@graph":[{"@type":"WebPage","@id":"https:\/\/poterie-de-crestet.com\/de\/keramik\/knoblauch-schaber-blauer-platz\/","url":"https:\/\/poterie-de-crestet.com\/de\/keramik\/knoblauch-schaber-blauer-platz\/","name":"Knoblauch-Schaber Blauer Platz - Poterie de Crestet","isPartOf":{"@id":"https:\/\/poterie-de-crestet.com\/de\/#website"},"primaryImageOfPage":{"@id":"https:\/\/poterie-de-crestet.com\/de\/keramik\/knoblauch-schaber-blauer-platz\/#primaryimage"},"image":{"@id":"https:\/\/poterie-de-crestet.com\/de\/keramik\/knoblauch-schaber-blauer-platz\/#primaryimage"},"thumbnailUrl":"https:\/\/i0.wp.com\/poterie-de-crestet.com\/wp-content\/uploads\/2025\/04\/saladier-rape-ail-1-carre-bleu.jpg?fit=458%2C458&ssl=1","datePublished":"2025-04-11T10:14:07+00:00","description":"Keramik-Salatsch\u00fcssel mit blauem geometrischem Muster und integriertem Schaber. Perfekt, um stilvoll zu kochen und zu servieren und dabei Gerichte zu minimieren.","breadcrumb":{"@id":"https:\/\/poterie-de-crestet.com\/de\/keramik\/knoblauch-schaber-blauer-platz\/#breadcrumb"},"inLanguage":"de","potentialAction":[{"@type":"ReadAction","target":["https:\/\/poterie-de-crestet.com\/de\/keramik\/knoblauch-schaber-blauer-platz\/"]}]},{"@type":"ImageObject","inLanguage":"de","@id":"https:\/\/poterie-de-crestet.com\/de\/keramik\/knoblauch-schaber-blauer-platz\/#primaryimage","url":"https:\/\/i0.wp.com\/poterie-de-crestet.com\/wp-content\/uploads\/2025\/04\/saladier-rape-ail-1-carre-bleu.jpg?fit=458%2C458&ssl=1","contentUrl":"https:\/\/i0.wp.com\/poterie-de-crestet.com\/wp-content\/uploads\/2025\/04\/saladier-rape-ail-1-carre-bleu.jpg?fit=458%2C458&ssl=1","width":458,"height":458,"caption":"Knoblauchschaber Salatsch\u00fcssel Carr\u00e9 bleu"},{"@type":"BreadcrumbList","@id":"https:\/\/poterie-de-crestet.com\/de\/keramik\/knoblauch-schaber-blauer-platz\/#breadcrumb","itemListElement":[{"@type":"ListItem","position":1,"name":"Accueil","item":"https:\/\/poterie-de-crestet.com\/de\/accueil\/"},{"@type":"ListItem","position":2,"name":"Boutique","item":"https:\/\/poterie-de-crestet.com\/ceramiques\/"},{"@type":"ListItem","position":3,"name":"Knoblauch-Schaber Blauer Platz"}]},{"@type":"WebSite","@id":"https:\/\/poterie-de-crestet.com\/de\/#website","url":"https:\/\/poterie-de-crestet.com\/de\/","name":"Poterie de Crestet","description":"Des milliers de poteries inpir\u00e9es de la Provence","publisher":{"@id":"https:\/\/poterie-de-crestet.com\/de\/#organization"},"potentialAction":[{"@type":"SearchAction","target":{"@type":"EntryPoint","urlTemplate":"https:\/\/poterie-de-crestet.com\/de\/?s={search_term_string}"},"query-input":{"@type":"PropertyValueSpecification","valueRequired":true,"valueName":"search_term_string"}}],"inLanguage":"de"},{"@type":"Organization","@id":"https:\/\/poterie-de-crestet.com\/de\/#organization","name":"Poterie de Crestet","url":"https:\/\/poterie-de-crestet.com\/de\/","logo":{"@type":"ImageObject","inLanguage":"de","@id":"https:\/\/poterie-de-crestet.com\/de\/#\/schema\/logo\/image\/","url":"https:\/\/i0.wp.com\/poterie-de-crestet.com\/wp-content\/uploads\/2025\/03\/Propo-4.png?fit=1000%2C462&ssl=1","contentUrl":"https:\/\/i0.wp.com\/poterie-de-crestet.com\/wp-content\/uploads\/2025\/03\/Propo-4.png?fit=1000%2C462&ssl=1","width":1000,"height":462,"caption":"Poterie de Crestet"},"image":{"@id":"https:\/\/poterie-de-crestet.com\/de\/#\/schema\/logo\/image\/"}}]}},"jetpack_sharing_enabled":true,"_links":{"self":[{"href":"https:\/\/poterie-de-crestet.com\/de\/wp-json\/wp\/v2\/product\/19570","targetHints":{"allow":["GET"]}}],"collection":[{"href":"https:\/\/poterie-de-crestet.com\/de\/wp-json\/wp\/v2\/product"}],"about":[{"href":"https:\/\/poterie-de-crestet.com\/de\/wp-json\/wp\/v2\/types\/product"}],"replies":[{"embeddable":true,"href":"https:\/\/poterie-de-crestet.com\/de\/wp-json\/wp\/v2\/comments?post=19570"}],"version-history":[{"count":0,"href":"https:\/\/poterie-de-crestet.com\/de\/wp-json\/wp\/v2\/product\/19570\/revisions"}],"wp:featuredmedia":[{"embeddable":true,"href":"https:\/\/poterie-de-crestet.com\/de\/wp-json\/wp\/v2\/media\/8506"}],"wp:attachment":[{"href":"https:\/\/poterie-de-crestet.com\/de\/wp-json\/wp\/v2\/media?parent=19570"}],"wp:term":[{"taxonomy":"product_brand","embeddable":true,"href":"https:\/\/poterie-de-crestet.com\/de\/wp-json\/wp\/v2\/product_brand?post=19570"},{"taxonomy":"product_cat","embeddable":true,"href":"https:\/\/poterie-de-crestet.com\/de\/wp-json\/wp\/v2\/product_cat?post=19570"},{"taxonomy":"product_tag","embeddable":true,"href":"https:\/\/poterie-de-crestet.com\/de\/wp-json\/wp\/v2\/product_tag?post=19570"}],"curies":[{"name":"wp","href":"https:\/\/api.w.org\/{rel}","templated":true}]}}