{"id":19561,"date":"2025-04-11T12:14:08","date_gmt":"2025-04-11T10:14:08","guid":{"rendered":"https:\/\/poterie-de-crestet.com\/ceramiques\/knoblauch-schaber-blau\/"},"modified":"2025-04-11T12:14:08","modified_gmt":"2025-04-11T10:14:08","slug":"knoblauch-schaber-blau","status":"publish","type":"product","link":"https:\/\/poterie-de-crestet.com\/de\/keramik\/knoblauch-schaber-blau\/","title":{"rendered":"Knoblauch-Schaber  <h5>Blau<\/h5>"},"content":{"rendered":"<p data-start=\"351\" data-end=\"1021\">Diese Keramik-Salatsch\u00fcssel mit blauem Dekor vereint Gro\u00dfz\u00fcgigkeit und Cleverness. Sein gro\u00dfes Format erm\u00f6glicht es, sch\u00f6ne gemischte Salate, Nudelgerichte oder sogar Obst in gro\u00dfer Menge zu pr\u00e4sentieren, um sie in der Mitte des Tisches zu platzieren. Was jedoch den Unterschied macht, ist der leicht gerippte Unterboden, der wie ein integrierter Schaber gestaltet ist: Reiben Sie einfach eine Knoblauchzehe oder ein St\u00fcck Ingwer darauf, um Ihre Zubereitung an der Quelle zu w\u00fcrzen, ohne ein zus\u00e4tzliches Utensili zu verschmutzen. Ideal f\u00fcr selbstgemachte Salatdressings, Marinaden oder sogar Expresssaucen. Jeder Raum ist von Hand dekoriert, mit leichten Variationen, die ihm seinen Charme verleihen.    <\/p>\n<p data-start=\"1023\" data-end=\"1575\">Diese Salatsch\u00fcssel ist leicht zu benutzen, ist sp\u00fclmaschinen- und mikrowellenfest und erf\u00fcllt alle Lebensmittelstandards. Er passt perfekt zum <a class=\"cursor-pointer\" href=\"https:\/\/poterie-de-crestet.com\/de\/keramik\/moerser-blau\/\" target=\"_new\" rel=\"noopener\" data-start=\"1172\" data-end=\"1251\">M\u00f6rtel derselben Dekoration<\/a> f\u00fcr Ihre Knoblauchzubereitungen oder zum <a class=\"cursor-pointer\" href=\"https:\/\/poterie-de-crestet.com\/de\/keramik\/loeffelauflage-blaugrauer-streifen\/\" target=\"_new\" rel=\"noopener\" data-start=\"1301\" data-end=\"1412\">dekorativen L\u00f6ffelhalter von Strip\u00e9 gris bleu<\/a> f\u00fcr eine gut organisierte K\u00fcche. Der Versand ist schnell und sorgf\u00e4ltig versichert \u2013 und wenn Sie durch die Provence fahren, sollten Sie eine kostenlose Abholung auf unseren M\u00e4rkten in Betracht ziehen.  <\/p>\n","protected":false},"excerpt":{"rendered":"<p>Handdekorierte Keramik-Familiensalatschale, perfekt f\u00fcr gro\u00dfe Salate oder Gerichte zum Teilen. Ein diskreter Schaber am Boden erm\u00f6glicht es, Knoblauch oder Ingwer direkt in die Sch\u00fcssel zu reiben. <\/p>\n<p><strong data-start=\"309\" data-end=\"349\"><em data-start=\"311\" data-end=\"347\">Abmessungen: 28,6 \u00d7 28,6 \u00d7 13,7 cm<\/em><\/strong><\/p>\n","protected":false},"featured_media":8504,"comment_status":"open","ping_status":"closed","template":"","meta":[],"product_brand":[],"product_cat":[360],"product_tag":[203],"class_list":{"0":"post-19561","1":"product","2":"type-product","3":"status-publish","4":"has-post-thumbnail","6":"product_cat-knoblauch-schaber","7":"product_tag-blau","9":"first","10":"instock","11":"taxable","12":"shipping-taxable","13":"purchasable","14":"product-type-simple"},"yoast_head":"<!-- This site is optimized with the Yoast SEO plugin v27.5 - https:\/\/yoast.com\/product\/yoast-seo-wordpress\/ -->\n<title>Knoblauch-Schaber Blau - Poterie de Crestet<\/title>\n<meta name=\"description\" content=\"Gro\u00dfe blaue handbemalte Salatsch\u00fcssel mit eingebautem Schaber f\u00fcr Knoblauch oder Ingwer. Ideal f\u00fcr Salate, Obst und Familiengerichte.\" \/>\n<meta name=\"robots\" content=\"index, follow, max-snippet:-1, max-image-preview:large, max-video-preview:-1\" \/>\n<link rel=\"canonical\" href=\"https:\/\/poterie-de-crestet.com\/de\/keramik\/knoblauch-schaber-blau\/\" \/>\n<meta property=\"og:locale\" content=\"de_DE\" \/>\n<meta property=\"og:type\" content=\"article\" \/>\n<meta property=\"og:title\" content=\"Knoblauch-Schaber Blau - Poterie de Crestet\" \/>\n<meta property=\"og:description\" content=\"Gro\u00dfe blaue handbemalte Salatsch\u00fcssel mit eingebautem Schaber f\u00fcr Knoblauch oder Ingwer. Ideal f\u00fcr Salate, Obst und Familiengerichte.\" \/>\n<meta property=\"og:url\" content=\"https:\/\/poterie-de-crestet.com\/de\/keramik\/knoblauch-schaber-blau\/\" \/>\n<meta property=\"og:site_name\" content=\"Poterie de Crestet\" \/>\n<meta property=\"og:image\" content=\"https:\/\/i0.wp.com\/poterie-de-crestet.com\/wp-content\/uploads\/2025\/04\/saladier-rape-ail-1-bleu.jpg?fit=458%2C458&ssl=1\" \/>\n\t<meta property=\"og:image:width\" content=\"458\" \/>\n\t<meta property=\"og:image:height\" content=\"458\" \/>\n\t<meta property=\"og:image:type\" content=\"image\/jpeg\" \/>\n<meta name=\"twitter:card\" content=\"summary_large_image\" \/>\n<meta name=\"twitter:label1\" content=\"Gesch\u00e4tzte Lesezeit\" \/>\n\t<meta name=\"twitter:data1\" content=\"1\u00a0Minute\" \/>\n<script type=\"application\/ld+json\" class=\"yoast-schema-graph\">{\"@context\":\"https:\\\/\\\/schema.org\",\"@graph\":[{\"@type\":\"WebPage\",\"@id\":\"https:\\\/\\\/poterie-de-crestet.com\\\/de\\\/keramik\\\/knoblauch-schaber-blau\\\/\",\"url\":\"https:\\\/\\\/poterie-de-crestet.com\\\/de\\\/keramik\\\/knoblauch-schaber-blau\\\/\",\"name\":\"Knoblauch-Schaber Blau - Poterie de Crestet\",\"isPartOf\":{\"@id\":\"https:\\\/\\\/poterie-de-crestet.com\\\/de\\\/#website\"},\"primaryImageOfPage\":{\"@id\":\"https:\\\/\\\/poterie-de-crestet.com\\\/de\\\/keramik\\\/knoblauch-schaber-blau\\\/#primaryimage\"},\"image\":{\"@id\":\"https:\\\/\\\/poterie-de-crestet.com\\\/de\\\/keramik\\\/knoblauch-schaber-blau\\\/#primaryimage\"},\"thumbnailUrl\":\"https:\\\/\\\/i0.wp.com\\\/poterie-de-crestet.com\\\/wp-content\\\/uploads\\\/2025\\\/04\\\/saladier-rape-ail-1-bleu.jpg?fit=458%2C458&ssl=1\",\"datePublished\":\"2025-04-11T10:14:08+00:00\",\"description\":\"Gro\u00dfe blaue handbemalte Salatsch\u00fcssel mit eingebautem Schaber f\u00fcr Knoblauch oder Ingwer. Ideal f\u00fcr Salate, Obst und Familiengerichte.\",\"breadcrumb\":{\"@id\":\"https:\\\/\\\/poterie-de-crestet.com\\\/de\\\/keramik\\\/knoblauch-schaber-blau\\\/#breadcrumb\"},\"inLanguage\":\"de\",\"potentialAction\":[{\"@type\":\"ReadAction\",\"target\":[\"https:\\\/\\\/poterie-de-crestet.com\\\/de\\\/keramik\\\/knoblauch-schaber-blau\\\/\"]}]},{\"@type\":\"ImageObject\",\"inLanguage\":\"de\",\"@id\":\"https:\\\/\\\/poterie-de-crestet.com\\\/de\\\/keramik\\\/knoblauch-schaber-blau\\\/#primaryimage\",\"url\":\"https:\\\/\\\/i0.wp.com\\\/poterie-de-crestet.com\\\/wp-content\\\/uploads\\\/2025\\\/04\\\/saladier-rape-ail-1-bleu.jpg?fit=458%2C458&ssl=1\",\"contentUrl\":\"https:\\\/\\\/i0.wp.com\\\/poterie-de-crestet.com\\\/wp-content\\\/uploads\\\/2025\\\/04\\\/saladier-rape-ail-1-bleu.jpg?fit=458%2C458&ssl=1\",\"width\":458,\"height\":458,\"caption\":\"Blaue Knoblauch-Schaber\"},{\"@type\":\"BreadcrumbList\",\"@id\":\"https:\\\/\\\/poterie-de-crestet.com\\\/de\\\/keramik\\\/knoblauch-schaber-blau\\\/#breadcrumb\",\"itemListElement\":[{\"@type\":\"ListItem\",\"position\":1,\"name\":\"Accueil\",\"item\":\"https:\\\/\\\/poterie-de-crestet.com\\\/de\\\/accueil\\\/\"},{\"@type\":\"ListItem\",\"position\":2,\"name\":\"Boutique\",\"item\":\"https:\\\/\\\/poterie-de-crestet.com\\\/ceramiques\\\/\"},{\"@type\":\"ListItem\",\"position\":3,\"name\":\"Knoblauch-Schaber Blau\"}]},{\"@type\":\"WebSite\",\"@id\":\"https:\\\/\\\/poterie-de-crestet.com\\\/de\\\/#website\",\"url\":\"https:\\\/\\\/poterie-de-crestet.com\\\/de\\\/\",\"name\":\"Poterie de Crestet\",\"description\":\"Des milliers de poteries inpir\u00e9es de la Provence\",\"publisher\":{\"@id\":\"https:\\\/\\\/poterie-de-crestet.com\\\/de\\\/#organization\"},\"potentialAction\":[{\"@type\":\"SearchAction\",\"target\":{\"@type\":\"EntryPoint\",\"urlTemplate\":\"https:\\\/\\\/poterie-de-crestet.com\\\/de\\\/?s={search_term_string}\"},\"query-input\":{\"@type\":\"PropertyValueSpecification\",\"valueRequired\":true,\"valueName\":\"search_term_string\"}}],\"inLanguage\":\"de\"},{\"@type\":\"Organization\",\"@id\":\"https:\\\/\\\/poterie-de-crestet.com\\\/de\\\/#organization\",\"name\":\"Poterie de Crestet\",\"url\":\"https:\\\/\\\/poterie-de-crestet.com\\\/de\\\/\",\"logo\":{\"@type\":\"ImageObject\",\"inLanguage\":\"de\",\"@id\":\"https:\\\/\\\/poterie-de-crestet.com\\\/de\\\/#\\\/schema\\\/logo\\\/image\\\/\",\"url\":\"https:\\\/\\\/i0.wp.com\\\/poterie-de-crestet.com\\\/wp-content\\\/uploads\\\/2025\\\/03\\\/Propo-4.png?fit=1000%2C462&ssl=1\",\"contentUrl\":\"https:\\\/\\\/i0.wp.com\\\/poterie-de-crestet.com\\\/wp-content\\\/uploads\\\/2025\\\/03\\\/Propo-4.png?fit=1000%2C462&ssl=1\",\"width\":1000,\"height\":462,\"caption\":\"Poterie de Crestet\"},\"image\":{\"@id\":\"https:\\\/\\\/poterie-de-crestet.com\\\/de\\\/#\\\/schema\\\/logo\\\/image\\\/\"}}]}<\/script>\n<!-- \/ Yoast SEO plugin. -->","yoast_head_json":{"title":"Knoblauch-Schaber Blau - Poterie de Crestet","description":"Gro\u00dfe blaue handbemalte Salatsch\u00fcssel mit eingebautem Schaber f\u00fcr Knoblauch oder Ingwer. Ideal f\u00fcr Salate, Obst und Familiengerichte.","robots":{"index":"index","follow":"follow","max-snippet":"max-snippet:-1","max-image-preview":"max-image-preview:large","max-video-preview":"max-video-preview:-1"},"canonical":"https:\/\/poterie-de-crestet.com\/de\/keramik\/knoblauch-schaber-blau\/","og_locale":"de_DE","og_type":"article","og_title":"Knoblauch-Schaber Blau - Poterie de Crestet","og_description":"Gro\u00dfe blaue handbemalte Salatsch\u00fcssel mit eingebautem Schaber f\u00fcr Knoblauch oder Ingwer. Ideal f\u00fcr Salate, Obst und Familiengerichte.","og_url":"https:\/\/poterie-de-crestet.com\/de\/keramik\/knoblauch-schaber-blau\/","og_site_name":"Poterie de Crestet","og_image":[{"width":458,"height":458,"url":"https:\/\/i0.wp.com\/poterie-de-crestet.com\/wp-content\/uploads\/2025\/04\/saladier-rape-ail-1-bleu.jpg?fit=458%2C458&ssl=1","type":"image\/jpeg"}],"twitter_card":"summary_large_image","twitter_misc":{"Gesch\u00e4tzte Lesezeit":"1\u00a0Minute"},"schema":{"@context":"https:\/\/schema.org","@graph":[{"@type":"WebPage","@id":"https:\/\/poterie-de-crestet.com\/de\/keramik\/knoblauch-schaber-blau\/","url":"https:\/\/poterie-de-crestet.com\/de\/keramik\/knoblauch-schaber-blau\/","name":"Knoblauch-Schaber Blau - Poterie de Crestet","isPartOf":{"@id":"https:\/\/poterie-de-crestet.com\/de\/#website"},"primaryImageOfPage":{"@id":"https:\/\/poterie-de-crestet.com\/de\/keramik\/knoblauch-schaber-blau\/#primaryimage"},"image":{"@id":"https:\/\/poterie-de-crestet.com\/de\/keramik\/knoblauch-schaber-blau\/#primaryimage"},"thumbnailUrl":"https:\/\/i0.wp.com\/poterie-de-crestet.com\/wp-content\/uploads\/2025\/04\/saladier-rape-ail-1-bleu.jpg?fit=458%2C458&ssl=1","datePublished":"2025-04-11T10:14:08+00:00","description":"Gro\u00dfe blaue handbemalte Salatsch\u00fcssel mit eingebautem Schaber f\u00fcr Knoblauch oder Ingwer. Ideal f\u00fcr Salate, Obst und Familiengerichte.","breadcrumb":{"@id":"https:\/\/poterie-de-crestet.com\/de\/keramik\/knoblauch-schaber-blau\/#breadcrumb"},"inLanguage":"de","potentialAction":[{"@type":"ReadAction","target":["https:\/\/poterie-de-crestet.com\/de\/keramik\/knoblauch-schaber-blau\/"]}]},{"@type":"ImageObject","inLanguage":"de","@id":"https:\/\/poterie-de-crestet.com\/de\/keramik\/knoblauch-schaber-blau\/#primaryimage","url":"https:\/\/i0.wp.com\/poterie-de-crestet.com\/wp-content\/uploads\/2025\/04\/saladier-rape-ail-1-bleu.jpg?fit=458%2C458&ssl=1","contentUrl":"https:\/\/i0.wp.com\/poterie-de-crestet.com\/wp-content\/uploads\/2025\/04\/saladier-rape-ail-1-bleu.jpg?fit=458%2C458&ssl=1","width":458,"height":458,"caption":"Blaue Knoblauch-Schaber"},{"@type":"BreadcrumbList","@id":"https:\/\/poterie-de-crestet.com\/de\/keramik\/knoblauch-schaber-blau\/#breadcrumb","itemListElement":[{"@type":"ListItem","position":1,"name":"Accueil","item":"https:\/\/poterie-de-crestet.com\/de\/accueil\/"},{"@type":"ListItem","position":2,"name":"Boutique","item":"https:\/\/poterie-de-crestet.com\/ceramiques\/"},{"@type":"ListItem","position":3,"name":"Knoblauch-Schaber Blau"}]},{"@type":"WebSite","@id":"https:\/\/poterie-de-crestet.com\/de\/#website","url":"https:\/\/poterie-de-crestet.com\/de\/","name":"Poterie de Crestet","description":"Des milliers de poteries inpir\u00e9es de la Provence","publisher":{"@id":"https:\/\/poterie-de-crestet.com\/de\/#organization"},"potentialAction":[{"@type":"SearchAction","target":{"@type":"EntryPoint","urlTemplate":"https:\/\/poterie-de-crestet.com\/de\/?s={search_term_string}"},"query-input":{"@type":"PropertyValueSpecification","valueRequired":true,"valueName":"search_term_string"}}],"inLanguage":"de"},{"@type":"Organization","@id":"https:\/\/poterie-de-crestet.com\/de\/#organization","name":"Poterie de Crestet","url":"https:\/\/poterie-de-crestet.com\/de\/","logo":{"@type":"ImageObject","inLanguage":"de","@id":"https:\/\/poterie-de-crestet.com\/de\/#\/schema\/logo\/image\/","url":"https:\/\/i0.wp.com\/poterie-de-crestet.com\/wp-content\/uploads\/2025\/03\/Propo-4.png?fit=1000%2C462&ssl=1","contentUrl":"https:\/\/i0.wp.com\/poterie-de-crestet.com\/wp-content\/uploads\/2025\/03\/Propo-4.png?fit=1000%2C462&ssl=1","width":1000,"height":462,"caption":"Poterie de Crestet"},"image":{"@id":"https:\/\/poterie-de-crestet.com\/de\/#\/schema\/logo\/image\/"}}]}},"jetpack_sharing_enabled":true,"_links":{"self":[{"href":"https:\/\/poterie-de-crestet.com\/de\/wp-json\/wp\/v2\/product\/19561","targetHints":{"allow":["GET"]}}],"collection":[{"href":"https:\/\/poterie-de-crestet.com\/de\/wp-json\/wp\/v2\/product"}],"about":[{"href":"https:\/\/poterie-de-crestet.com\/de\/wp-json\/wp\/v2\/types\/product"}],"replies":[{"embeddable":true,"href":"https:\/\/poterie-de-crestet.com\/de\/wp-json\/wp\/v2\/comments?post=19561"}],"version-history":[{"count":0,"href":"https:\/\/poterie-de-crestet.com\/de\/wp-json\/wp\/v2\/product\/19561\/revisions"}],"wp:featuredmedia":[{"embeddable":true,"href":"https:\/\/poterie-de-crestet.com\/de\/wp-json\/wp\/v2\/media\/8504"}],"wp:attachment":[{"href":"https:\/\/poterie-de-crestet.com\/de\/wp-json\/wp\/v2\/media?parent=19561"}],"wp:term":[{"taxonomy":"product_brand","embeddable":true,"href":"https:\/\/poterie-de-crestet.com\/de\/wp-json\/wp\/v2\/product_brand?post=19561"},{"taxonomy":"product_cat","embeddable":true,"href":"https:\/\/poterie-de-crestet.com\/de\/wp-json\/wp\/v2\/product_cat?post=19561"},{"taxonomy":"product_tag","embeddable":true,"href":"https:\/\/poterie-de-crestet.com\/de\/wp-json\/wp\/v2\/product_tag?post=19561"}],"curies":[{"name":"wp","href":"https:\/\/api.w.org\/{rel}","templated":true}]}}