{"id":19397,"date":"2025-04-11T12:14:01","date_gmt":"2025-04-11T10:14:01","guid":{"rendered":"https:\/\/poterie-de-crestet.com\/ceramiques\/hausgemachte-kartoffeltuete\/"},"modified":"2025-04-11T12:14:01","modified_gmt":"2025-04-11T10:14:01","slug":"hausgemachte-kartoffeltuete","status":"publish","type":"product","link":"https:\/\/poterie-de-crestet.com\/de\/keramik\/hausgemachte-kartoffeltuete\/","title":{"rendered":"Hausgemachte Kartoffelt\u00fcte <h5>"},"content":{"rendered":"<p data-start=\"2788\" data-end=\"3133\">Diese Kartoffelt\u00fcte mit Wohnkultur erinnert an die Gassen des S\u00fcdens, rote D\u00e4cher und blaue Fensterl\u00e4den. Handgemalt erz\u00e4hlt jede Dekoration eine andere Szene und verleiht der K\u00fcche Charme. Neben seiner \u00c4sthetik sch\u00fctzt es Ihre Kartoffeln vor Licht und f\u00f6rdert ihre Konservierung dank nat\u00fcrlicher Bel\u00fcftung.  <\/p>\n<p data-start=\"3135\" data-end=\"3284\">Der leicht griffbare Deckel macht das \u00d6ffnen und Schlie\u00dfen einfach. Es ist stabil, waschbar und perfekt f\u00fcr den t\u00e4glichen Gebrauch geeignet. <\/p>\n<p data-start=\"3286\" data-end=\"3395\">Kombinieren Sie ihn mit dem <a class=\"\" href=\"https:\/\/poterie-de-crestet.com\/de\/keramik\/schwammhalter-haus\/\" rel=\"noopener\" data-start=\"3301\" data-end=\"3325\">selbstgemachten Schwammhalter<\/a> oder hellen Sie Ihre Arbeitsplatte mit einer <a class=\"\" href=\"https:\/\/poterie-de-crestet.com\/de\/keramik\/kaffeetasse-tropisch\/\" rel=\"noopener\" data-start=\"3368\" data-end=\"3394\">tropischen Kaffeetasse<\/a> auf.<\/p>\n","protected":false},"excerpt":{"rendered":"<p>Keramik-Kartoffelt\u00fcte Wohndekoration. Handgemalt Dorfmotiv, provenzalische Atmosph\u00e4re. Ideal zum Lagern von Kartoffeln.  <br data-start=\"2745\" data-end=\"2748\"><strong data-start=\"2748\" data-end=\"2786\"><em data-start=\"2750\" data-end=\"2784\">Abmessungen: 28,9 \u00d7 19 \u00d7 33,5 cm<\/em><\/strong><\/p>\n","protected":false},"featured_media":8656,"comment_status":"open","ping_status":"closed","template":"","meta":[],"product_brand":[],"product_cat":[353],"product_tag":[269],"class_list":{"0":"post-19397","1":"product","2":"type-product","3":"status-publish","4":"has-post-thumbnail","6":"product_cat-kartoffeltute","7":"product_tag-haus","9":"first","10":"outofstock","11":"taxable","12":"shipping-taxable","13":"purchasable","14":"product-type-simple"},"yoast_head":"<!-- This site is optimized with the Yoast SEO plugin v27.5 - https:\/\/yoast.com\/product\/yoast-seo-wordpress\/ -->\n<title>Hausgemachte Kartoffelt\u00fcte  - Poterie de Crestet<\/title>\n<meta name=\"description\" content=\"Kartoffelt\u00fcte Wohnaccessoire. Naives und warmes Muster. Bel\u00fcftete und waschbare Keramik f\u00fcr eine optimale Konservierung Ihrer Kartoffeln.\" \/>\n<meta name=\"robots\" content=\"index, follow, max-snippet:-1, max-image-preview:large, max-video-preview:-1\" \/>\n<link rel=\"canonical\" href=\"https:\/\/poterie-de-crestet.com\/de\/keramik\/hausgemachte-kartoffeltuete\/\" \/>\n<meta property=\"og:locale\" content=\"de_DE\" \/>\n<meta property=\"og:type\" content=\"article\" \/>\n<meta property=\"og:title\" content=\"Hausgemachte Kartoffelt\u00fcte  - Poterie de Crestet\" \/>\n<meta property=\"og:description\" content=\"Kartoffelt\u00fcte Wohnaccessoire. Naives und warmes Muster. Bel\u00fcftete und waschbare Keramik f\u00fcr eine optimale Konservierung Ihrer Kartoffeln.\" \/>\n<meta property=\"og:url\" content=\"https:\/\/poterie-de-crestet.com\/de\/keramik\/hausgemachte-kartoffeltuete\/\" \/>\n<meta property=\"og:site_name\" content=\"Poterie de Crestet\" \/>\n<meta property=\"og:image\" content=\"https:\/\/i0.wp.com\/poterie-de-crestet.com\/wp-content\/uploads\/2025\/04\/sac-a-patate-maison.jpg?fit=458%2C458&ssl=1\" \/>\n\t<meta property=\"og:image:width\" content=\"458\" \/>\n\t<meta property=\"og:image:height\" content=\"458\" \/>\n\t<meta property=\"og:image:type\" content=\"image\/jpeg\" \/>\n<meta name=\"twitter:card\" content=\"summary_large_image\" \/>\n<script type=\"application\/ld+json\" class=\"yoast-schema-graph\">{\"@context\":\"https:\\\/\\\/schema.org\",\"@graph\":[{\"@type\":\"WebPage\",\"@id\":\"https:\\\/\\\/poterie-de-crestet.com\\\/de\\\/keramik\\\/hausgemachte-kartoffeltuete\\\/\",\"url\":\"https:\\\/\\\/poterie-de-crestet.com\\\/de\\\/keramik\\\/hausgemachte-kartoffeltuete\\\/\",\"name\":\"Hausgemachte Kartoffelt\u00fcte - Poterie de Crestet\",\"isPartOf\":{\"@id\":\"https:\\\/\\\/poterie-de-crestet.com\\\/de\\\/#website\"},\"primaryImageOfPage\":{\"@id\":\"https:\\\/\\\/poterie-de-crestet.com\\\/de\\\/keramik\\\/hausgemachte-kartoffeltuete\\\/#primaryimage\"},\"image\":{\"@id\":\"https:\\\/\\\/poterie-de-crestet.com\\\/de\\\/keramik\\\/hausgemachte-kartoffeltuete\\\/#primaryimage\"},\"thumbnailUrl\":\"https:\\\/\\\/i0.wp.com\\\/poterie-de-crestet.com\\\/wp-content\\\/uploads\\\/2025\\\/04\\\/sac-a-patate-maison.jpg?fit=458%2C458&ssl=1\",\"datePublished\":\"2025-04-11T10:14:01+00:00\",\"description\":\"Kartoffelt\u00fcte Wohnaccessoire. Naives und warmes Muster. Bel\u00fcftete und waschbare Keramik f\u00fcr eine optimale Konservierung Ihrer Kartoffeln.\",\"breadcrumb\":{\"@id\":\"https:\\\/\\\/poterie-de-crestet.com\\\/de\\\/keramik\\\/hausgemachte-kartoffeltuete\\\/#breadcrumb\"},\"inLanguage\":\"de\",\"potentialAction\":[{\"@type\":\"ReadAction\",\"target\":[\"https:\\\/\\\/poterie-de-crestet.com\\\/de\\\/keramik\\\/hausgemachte-kartoffeltuete\\\/\"]}]},{\"@type\":\"ImageObject\",\"inLanguage\":\"de\",\"@id\":\"https:\\\/\\\/poterie-de-crestet.com\\\/de\\\/keramik\\\/hausgemachte-kartoffeltuete\\\/#primaryimage\",\"url\":\"https:\\\/\\\/i0.wp.com\\\/poterie-de-crestet.com\\\/wp-content\\\/uploads\\\/2025\\\/04\\\/sac-a-patate-maison.jpg?fit=458%2C458&ssl=1\",\"contentUrl\":\"https:\\\/\\\/i0.wp.com\\\/poterie-de-crestet.com\\\/wp-content\\\/uploads\\\/2025\\\/04\\\/sac-a-patate-maison.jpg?fit=458%2C458&ssl=1\",\"width\":458,\"height\":458,\"caption\":\"Hausgemachte Kartoffelt\u00fcte\"},{\"@type\":\"BreadcrumbList\",\"@id\":\"https:\\\/\\\/poterie-de-crestet.com\\\/de\\\/keramik\\\/hausgemachte-kartoffeltuete\\\/#breadcrumb\",\"itemListElement\":[{\"@type\":\"ListItem\",\"position\":1,\"name\":\"Accueil\",\"item\":\"https:\\\/\\\/poterie-de-crestet.com\\\/de\\\/accueil\\\/\"},{\"@type\":\"ListItem\",\"position\":2,\"name\":\"Boutique\",\"item\":\"https:\\\/\\\/poterie-de-crestet.com\\\/ceramiques\\\/\"},{\"@type\":\"ListItem\",\"position\":3,\"name\":\"Hausgemachte Kartoffelt\u00fcte\"}]},{\"@type\":\"WebSite\",\"@id\":\"https:\\\/\\\/poterie-de-crestet.com\\\/de\\\/#website\",\"url\":\"https:\\\/\\\/poterie-de-crestet.com\\\/de\\\/\",\"name\":\"Poterie de Crestet\",\"description\":\"Des milliers de poteries inpir\u00e9es de la Provence\",\"publisher\":{\"@id\":\"https:\\\/\\\/poterie-de-crestet.com\\\/de\\\/#organization\"},\"potentialAction\":[{\"@type\":\"SearchAction\",\"target\":{\"@type\":\"EntryPoint\",\"urlTemplate\":\"https:\\\/\\\/poterie-de-crestet.com\\\/de\\\/?s={search_term_string}\"},\"query-input\":{\"@type\":\"PropertyValueSpecification\",\"valueRequired\":true,\"valueName\":\"search_term_string\"}}],\"inLanguage\":\"de\"},{\"@type\":\"Organization\",\"@id\":\"https:\\\/\\\/poterie-de-crestet.com\\\/de\\\/#organization\",\"name\":\"Poterie de Crestet\",\"url\":\"https:\\\/\\\/poterie-de-crestet.com\\\/de\\\/\",\"logo\":{\"@type\":\"ImageObject\",\"inLanguage\":\"de\",\"@id\":\"https:\\\/\\\/poterie-de-crestet.com\\\/de\\\/#\\\/schema\\\/logo\\\/image\\\/\",\"url\":\"https:\\\/\\\/i0.wp.com\\\/poterie-de-crestet.com\\\/wp-content\\\/uploads\\\/2025\\\/03\\\/Propo-4.png?fit=1000%2C462&ssl=1\",\"contentUrl\":\"https:\\\/\\\/i0.wp.com\\\/poterie-de-crestet.com\\\/wp-content\\\/uploads\\\/2025\\\/03\\\/Propo-4.png?fit=1000%2C462&ssl=1\",\"width\":1000,\"height\":462,\"caption\":\"Poterie de Crestet\"},\"image\":{\"@id\":\"https:\\\/\\\/poterie-de-crestet.com\\\/de\\\/#\\\/schema\\\/logo\\\/image\\\/\"}}]}<\/script>\n<!-- \/ Yoast SEO plugin. -->","yoast_head_json":{"title":"Hausgemachte Kartoffelt\u00fcte  - Poterie de Crestet","description":"Kartoffelt\u00fcte Wohnaccessoire. Naives und warmes Muster. Bel\u00fcftete und waschbare Keramik f\u00fcr eine optimale Konservierung Ihrer Kartoffeln.","robots":{"index":"index","follow":"follow","max-snippet":"max-snippet:-1","max-image-preview":"max-image-preview:large","max-video-preview":"max-video-preview:-1"},"canonical":"https:\/\/poterie-de-crestet.com\/de\/keramik\/hausgemachte-kartoffeltuete\/","og_locale":"de_DE","og_type":"article","og_title":"Hausgemachte Kartoffelt\u00fcte  - Poterie de Crestet","og_description":"Kartoffelt\u00fcte Wohnaccessoire. Naives und warmes Muster. Bel\u00fcftete und waschbare Keramik f\u00fcr eine optimale Konservierung Ihrer Kartoffeln.","og_url":"https:\/\/poterie-de-crestet.com\/de\/keramik\/hausgemachte-kartoffeltuete\/","og_site_name":"Poterie de Crestet","og_image":[{"width":458,"height":458,"url":"https:\/\/i0.wp.com\/poterie-de-crestet.com\/wp-content\/uploads\/2025\/04\/sac-a-patate-maison.jpg?fit=458%2C458&ssl=1","type":"image\/jpeg"}],"twitter_card":"summary_large_image","schema":{"@context":"https:\/\/schema.org","@graph":[{"@type":"WebPage","@id":"https:\/\/poterie-de-crestet.com\/de\/keramik\/hausgemachte-kartoffeltuete\/","url":"https:\/\/poterie-de-crestet.com\/de\/keramik\/hausgemachte-kartoffeltuete\/","name":"Hausgemachte Kartoffelt\u00fcte - Poterie de Crestet","isPartOf":{"@id":"https:\/\/poterie-de-crestet.com\/de\/#website"},"primaryImageOfPage":{"@id":"https:\/\/poterie-de-crestet.com\/de\/keramik\/hausgemachte-kartoffeltuete\/#primaryimage"},"image":{"@id":"https:\/\/poterie-de-crestet.com\/de\/keramik\/hausgemachte-kartoffeltuete\/#primaryimage"},"thumbnailUrl":"https:\/\/i0.wp.com\/poterie-de-crestet.com\/wp-content\/uploads\/2025\/04\/sac-a-patate-maison.jpg?fit=458%2C458&ssl=1","datePublished":"2025-04-11T10:14:01+00:00","description":"Kartoffelt\u00fcte Wohnaccessoire. Naives und warmes Muster. Bel\u00fcftete und waschbare Keramik f\u00fcr eine optimale Konservierung Ihrer Kartoffeln.","breadcrumb":{"@id":"https:\/\/poterie-de-crestet.com\/de\/keramik\/hausgemachte-kartoffeltuete\/#breadcrumb"},"inLanguage":"de","potentialAction":[{"@type":"ReadAction","target":["https:\/\/poterie-de-crestet.com\/de\/keramik\/hausgemachte-kartoffeltuete\/"]}]},{"@type":"ImageObject","inLanguage":"de","@id":"https:\/\/poterie-de-crestet.com\/de\/keramik\/hausgemachte-kartoffeltuete\/#primaryimage","url":"https:\/\/i0.wp.com\/poterie-de-crestet.com\/wp-content\/uploads\/2025\/04\/sac-a-patate-maison.jpg?fit=458%2C458&ssl=1","contentUrl":"https:\/\/i0.wp.com\/poterie-de-crestet.com\/wp-content\/uploads\/2025\/04\/sac-a-patate-maison.jpg?fit=458%2C458&ssl=1","width":458,"height":458,"caption":"Hausgemachte Kartoffelt\u00fcte"},{"@type":"BreadcrumbList","@id":"https:\/\/poterie-de-crestet.com\/de\/keramik\/hausgemachte-kartoffeltuete\/#breadcrumb","itemListElement":[{"@type":"ListItem","position":1,"name":"Accueil","item":"https:\/\/poterie-de-crestet.com\/de\/accueil\/"},{"@type":"ListItem","position":2,"name":"Boutique","item":"https:\/\/poterie-de-crestet.com\/ceramiques\/"},{"@type":"ListItem","position":3,"name":"Hausgemachte Kartoffelt\u00fcte"}]},{"@type":"WebSite","@id":"https:\/\/poterie-de-crestet.com\/de\/#website","url":"https:\/\/poterie-de-crestet.com\/de\/","name":"Poterie de Crestet","description":"Des milliers de poteries inpir\u00e9es de la Provence","publisher":{"@id":"https:\/\/poterie-de-crestet.com\/de\/#organization"},"potentialAction":[{"@type":"SearchAction","target":{"@type":"EntryPoint","urlTemplate":"https:\/\/poterie-de-crestet.com\/de\/?s={search_term_string}"},"query-input":{"@type":"PropertyValueSpecification","valueRequired":true,"valueName":"search_term_string"}}],"inLanguage":"de"},{"@type":"Organization","@id":"https:\/\/poterie-de-crestet.com\/de\/#organization","name":"Poterie de Crestet","url":"https:\/\/poterie-de-crestet.com\/de\/","logo":{"@type":"ImageObject","inLanguage":"de","@id":"https:\/\/poterie-de-crestet.com\/de\/#\/schema\/logo\/image\/","url":"https:\/\/i0.wp.com\/poterie-de-crestet.com\/wp-content\/uploads\/2025\/03\/Propo-4.png?fit=1000%2C462&ssl=1","contentUrl":"https:\/\/i0.wp.com\/poterie-de-crestet.com\/wp-content\/uploads\/2025\/03\/Propo-4.png?fit=1000%2C462&ssl=1","width":1000,"height":462,"caption":"Poterie de Crestet"},"image":{"@id":"https:\/\/poterie-de-crestet.com\/de\/#\/schema\/logo\/image\/"}}]}},"jetpack_sharing_enabled":true,"_links":{"self":[{"href":"https:\/\/poterie-de-crestet.com\/de\/wp-json\/wp\/v2\/product\/19397","targetHints":{"allow":["GET"]}}],"collection":[{"href":"https:\/\/poterie-de-crestet.com\/de\/wp-json\/wp\/v2\/product"}],"about":[{"href":"https:\/\/poterie-de-crestet.com\/de\/wp-json\/wp\/v2\/types\/product"}],"replies":[{"embeddable":true,"href":"https:\/\/poterie-de-crestet.com\/de\/wp-json\/wp\/v2\/comments?post=19397"}],"version-history":[{"count":0,"href":"https:\/\/poterie-de-crestet.com\/de\/wp-json\/wp\/v2\/product\/19397\/revisions"}],"wp:featuredmedia":[{"embeddable":true,"href":"https:\/\/poterie-de-crestet.com\/de\/wp-json\/wp\/v2\/media\/8656"}],"wp:attachment":[{"href":"https:\/\/poterie-de-crestet.com\/de\/wp-json\/wp\/v2\/media?parent=19397"}],"wp:term":[{"taxonomy":"product_brand","embeddable":true,"href":"https:\/\/poterie-de-crestet.com\/de\/wp-json\/wp\/v2\/product_brand?post=19397"},{"taxonomy":"product_cat","embeddable":true,"href":"https:\/\/poterie-de-crestet.com\/de\/wp-json\/wp\/v2\/product_cat?post=19397"},{"taxonomy":"product_tag","embeddable":true,"href":"https:\/\/poterie-de-crestet.com\/de\/wp-json\/wp\/v2\/product_tag?post=19397"}],"curies":[{"name":"wp","href":"https:\/\/api.w.org\/{rel}","templated":true}]}}