{"id":19380,"date":"2025-04-10T15:27:43","date_gmt":"2025-04-10T13:27:43","guid":{"rendered":"https:\/\/poterie-de-crestet.com\/ceramiques\/kleiner-wandtopf-farbige-tropfen\/"},"modified":"2025-04-10T15:27:43","modified_gmt":"2025-04-10T13:27:43","slug":"kleiner-wandtopf-farbige-tropfen","status":"publish","type":"product","link":"https:\/\/poterie-de-crestet.com\/de\/keramik\/kleiner-wandtopf-farbige-tropfen\/","title":{"rendered":"Kleiner Wandtopf  <h5>Farbige Tropfen<\/h5>"},"content":{"rendered":"<p>Dieser kleine wandmontierte Topf mit farbigen Tropfen erm\u00f6glicht es dir, fr\u00f6hlich zu lagern oder zu dekorieren!<br data-start=\"4204\" data-end=\"4207\">Ideal als Feinbesteck-Topf oder als Mini-Wandabdeckung \u2013 er passt \u00fcberall hin, alles in Farbe.<br data-start=\"4309\" data-end=\"4312\">Kombinieren Sie sie mit <strong data-start=\"4335\" data-end=\"4353\">mittelgro\u00dfen und gro\u00dfen<\/strong> Modellen zu einem dynamischen Wandensemble.<br data-start=\"4387\" data-end=\"4390\"><strong data-start=\"4400\" data-end=\"4420\">Handbemalt<\/strong>, <strong data-start=\"4422\" data-end=\"4451\">sp\u00fclmaschinenfest, lebensmittelfeste<\/strong> Keramik.<strong data-start=\"4466\" data-end=\"4489\"><br data-start=\"4490\" data-end=\"4493\"><strong data-start=\"4493\" data-end=\"4514\">Sichere Zahlung<\/strong>, <strong data-start=\"4516\" data-end=\"4535\">Click &amp; Collect<\/strong> oder eine schnelle Lieferung Ihrer Wahl.<br data-start=\"4566\" data-end=\"4569\">Zu kombinieren mit einer <a class=\"\" href=\"#\" rel=\"noopener\" data-start=\"4586\" data-end=\"4625\">Gouttes color\u00e9es-\u00d6lflasche<\/a> oder mit einer <a class=\"\" href=\"#\" rel=\"noopener\" data-start=\"4647\" data-end=\"4676\">gr\u00fcnen Olivier-Seifenschale<\/a>.<\/strong><\/p>\n","protected":false},"excerpt":{"rendered":"<p>Ein praktischer Wandtopf, um Basilikum, Minze oder kleine Blumen zu z\u00fcchten. F\u00fcr den Innen- oder gesch\u00fctzten Gebrauch. <br data-start=\"1423\" data-end=\"1426\"><strong data-start=\"1426\" data-end=\"1466\"><em data-start=\"1428\" data-end=\"1464\">Ma\u00dfe: 18,5 \u00d7 16,5 \u00d7 12,8 cm<\/em><\/strong><\/p>\n","protected":false},"featured_media":7788,"comment_status":"open","ping_status":"closed","template":"","meta":[],"product_brand":[],"product_cat":[],"product_tag":[325],"class_list":{"0":"post-19380","1":"product","2":"type-product","3":"status-publish","4":"has-post-thumbnail","6":"product_tag-farbige-tropfen","8":"first","9":"instock","10":"taxable","11":"shipping-taxable","12":"purchasable","13":"product-type-simple"},"yoast_head":"<!-- This site is optimized with the Yoast SEO plugin v27.5 - https:\/\/yoast.com\/product\/yoast-seo-wordpress\/ -->\n<title>Kleiner Wandtopf Farbige Tropfen - Poterie de Crestet<\/title>\n<meta name=\"robots\" content=\"index, follow, max-snippet:-1, max-image-preview:large, max-video-preview:-1\" \/>\n<link rel=\"canonical\" href=\"https:\/\/poterie-de-crestet.com\/de\/keramik\/kleiner-wandtopf-farbige-tropfen\/\" \/>\n<meta property=\"og:locale\" content=\"de_DE\" \/>\n<meta property=\"og:type\" content=\"article\" \/>\n<meta property=\"og:title\" content=\"Kleiner Wandtopf Farbige Tropfen - Poterie de Crestet\" \/>\n<meta property=\"og:description\" content=\"Ein praktischer Wandtopf, um Basilikum, Minze oder kleine Blumen zu z\u00fcchten. F\u00fcr den Innen- oder gesch\u00fctzten Gebrauch. Ma\u00dfe: 18,5 \u00d7 16,5 \u00d7 12,8 cm\" \/>\n<meta property=\"og:url\" content=\"https:\/\/poterie-de-crestet.com\/de\/keramik\/kleiner-wandtopf-farbige-tropfen\/\" \/>\n<meta property=\"og:site_name\" content=\"Poterie de Crestet\" \/>\n<meta property=\"og:image\" content=\"https:\/\/i0.wp.com\/poterie-de-crestet.com\/wp-content\/uploads\/2025\/04\/Appliques-1.jpg?fit=800%2C800&ssl=1\" \/>\n\t<meta property=\"og:image:width\" content=\"800\" \/>\n\t<meta property=\"og:image:height\" content=\"800\" \/>\n\t<meta property=\"og:image:type\" content=\"image\/jpeg\" \/>\n<meta name=\"twitter:card\" content=\"summary_large_image\" \/>\n<script type=\"application\/ld+json\" class=\"yoast-schema-graph\">{\"@context\":\"https:\\\/\\\/schema.org\",\"@graph\":[{\"@type\":\"WebPage\",\"@id\":\"https:\\\/\\\/poterie-de-crestet.com\\\/de\\\/keramik\\\/kleiner-wandtopf-farbige-tropfen\\\/\",\"url\":\"https:\\\/\\\/poterie-de-crestet.com\\\/de\\\/keramik\\\/kleiner-wandtopf-farbige-tropfen\\\/\",\"name\":\"Kleiner Wandtopf Farbige Tropfen - Poterie de Crestet\",\"isPartOf\":{\"@id\":\"https:\\\/\\\/poterie-de-crestet.com\\\/de\\\/#website\"},\"primaryImageOfPage\":{\"@id\":\"https:\\\/\\\/poterie-de-crestet.com\\\/de\\\/keramik\\\/kleiner-wandtopf-farbige-tropfen\\\/#primaryimage\"},\"image\":{\"@id\":\"https:\\\/\\\/poterie-de-crestet.com\\\/de\\\/keramik\\\/kleiner-wandtopf-farbige-tropfen\\\/#primaryimage\"},\"thumbnailUrl\":\"https:\\\/\\\/i0.wp.com\\\/poterie-de-crestet.com\\\/wp-content\\\/uploads\\\/2025\\\/04\\\/Appliques-1.jpg?fit=800%2C800&ssl=1\",\"datePublished\":\"2025-04-10T13:27:43+00:00\",\"breadcrumb\":{\"@id\":\"https:\\\/\\\/poterie-de-crestet.com\\\/de\\\/keramik\\\/kleiner-wandtopf-farbige-tropfen\\\/#breadcrumb\"},\"inLanguage\":\"de\",\"potentialAction\":[{\"@type\":\"ReadAction\",\"target\":[\"https:\\\/\\\/poterie-de-crestet.com\\\/de\\\/keramik\\\/kleiner-wandtopf-farbige-tropfen\\\/\"]}]},{\"@type\":\"ImageObject\",\"inLanguage\":\"de\",\"@id\":\"https:\\\/\\\/poterie-de-crestet.com\\\/de\\\/keramik\\\/kleiner-wandtopf-farbige-tropfen\\\/#primaryimage\",\"url\":\"https:\\\/\\\/i0.wp.com\\\/poterie-de-crestet.com\\\/wp-content\\\/uploads\\\/2025\\\/04\\\/Appliques-1.jpg?fit=800%2C800&ssl=1\",\"contentUrl\":\"https:\\\/\\\/i0.wp.com\\\/poterie-de-crestet.com\\\/wp-content\\\/uploads\\\/2025\\\/04\\\/Appliques-1.jpg?fit=800%2C800&ssl=1\",\"width\":800,\"height\":800},{\"@type\":\"BreadcrumbList\",\"@id\":\"https:\\\/\\\/poterie-de-crestet.com\\\/de\\\/keramik\\\/kleiner-wandtopf-farbige-tropfen\\\/#breadcrumb\",\"itemListElement\":[{\"@type\":\"ListItem\",\"position\":1,\"name\":\"Accueil\",\"item\":\"https:\\\/\\\/poterie-de-crestet.com\\\/de\\\/accueil\\\/\"},{\"@type\":\"ListItem\",\"position\":2,\"name\":\"Boutique\",\"item\":\"https:\\\/\\\/poterie-de-crestet.com\\\/ceramiques\\\/\"},{\"@type\":\"ListItem\",\"position\":3,\"name\":\"Kleiner Wandtopf Farbige Tropfen\"}]},{\"@type\":\"WebSite\",\"@id\":\"https:\\\/\\\/poterie-de-crestet.com\\\/de\\\/#website\",\"url\":\"https:\\\/\\\/poterie-de-crestet.com\\\/de\\\/\",\"name\":\"Poterie de Crestet\",\"description\":\"Des milliers de poteries inpir\u00e9es de la Provence\",\"publisher\":{\"@id\":\"https:\\\/\\\/poterie-de-crestet.com\\\/de\\\/#organization\"},\"potentialAction\":[{\"@type\":\"SearchAction\",\"target\":{\"@type\":\"EntryPoint\",\"urlTemplate\":\"https:\\\/\\\/poterie-de-crestet.com\\\/de\\\/?s={search_term_string}\"},\"query-input\":{\"@type\":\"PropertyValueSpecification\",\"valueRequired\":true,\"valueName\":\"search_term_string\"}}],\"inLanguage\":\"de\"},{\"@type\":\"Organization\",\"@id\":\"https:\\\/\\\/poterie-de-crestet.com\\\/de\\\/#organization\",\"name\":\"Poterie de Crestet\",\"url\":\"https:\\\/\\\/poterie-de-crestet.com\\\/de\\\/\",\"logo\":{\"@type\":\"ImageObject\",\"inLanguage\":\"de\",\"@id\":\"https:\\\/\\\/poterie-de-crestet.com\\\/de\\\/#\\\/schema\\\/logo\\\/image\\\/\",\"url\":\"https:\\\/\\\/i0.wp.com\\\/poterie-de-crestet.com\\\/wp-content\\\/uploads\\\/2025\\\/03\\\/Propo-4.png?fit=1000%2C462&ssl=1\",\"contentUrl\":\"https:\\\/\\\/i0.wp.com\\\/poterie-de-crestet.com\\\/wp-content\\\/uploads\\\/2025\\\/03\\\/Propo-4.png?fit=1000%2C462&ssl=1\",\"width\":1000,\"height\":462,\"caption\":\"Poterie de Crestet\"},\"image\":{\"@id\":\"https:\\\/\\\/poterie-de-crestet.com\\\/de\\\/#\\\/schema\\\/logo\\\/image\\\/\"}}]}<\/script>\n<!-- \/ Yoast SEO plugin. -->","yoast_head_json":{"title":"Kleiner Wandtopf Farbige Tropfen - Poterie de Crestet","robots":{"index":"index","follow":"follow","max-snippet":"max-snippet:-1","max-image-preview":"max-image-preview:large","max-video-preview":"max-video-preview:-1"},"canonical":"https:\/\/poterie-de-crestet.com\/de\/keramik\/kleiner-wandtopf-farbige-tropfen\/","og_locale":"de_DE","og_type":"article","og_title":"Kleiner Wandtopf Farbige Tropfen - Poterie de Crestet","og_description":"Ein praktischer Wandtopf, um Basilikum, Minze oder kleine Blumen zu z\u00fcchten. F\u00fcr den Innen- oder gesch\u00fctzten Gebrauch. Ma\u00dfe: 18,5 \u00d7 16,5 \u00d7 12,8 cm","og_url":"https:\/\/poterie-de-crestet.com\/de\/keramik\/kleiner-wandtopf-farbige-tropfen\/","og_site_name":"Poterie de Crestet","og_image":[{"width":800,"height":800,"url":"https:\/\/i0.wp.com\/poterie-de-crestet.com\/wp-content\/uploads\/2025\/04\/Appliques-1.jpg?fit=800%2C800&ssl=1","type":"image\/jpeg"}],"twitter_card":"summary_large_image","schema":{"@context":"https:\/\/schema.org","@graph":[{"@type":"WebPage","@id":"https:\/\/poterie-de-crestet.com\/de\/keramik\/kleiner-wandtopf-farbige-tropfen\/","url":"https:\/\/poterie-de-crestet.com\/de\/keramik\/kleiner-wandtopf-farbige-tropfen\/","name":"Kleiner Wandtopf Farbige Tropfen - Poterie de Crestet","isPartOf":{"@id":"https:\/\/poterie-de-crestet.com\/de\/#website"},"primaryImageOfPage":{"@id":"https:\/\/poterie-de-crestet.com\/de\/keramik\/kleiner-wandtopf-farbige-tropfen\/#primaryimage"},"image":{"@id":"https:\/\/poterie-de-crestet.com\/de\/keramik\/kleiner-wandtopf-farbige-tropfen\/#primaryimage"},"thumbnailUrl":"https:\/\/i0.wp.com\/poterie-de-crestet.com\/wp-content\/uploads\/2025\/04\/Appliques-1.jpg?fit=800%2C800&ssl=1","datePublished":"2025-04-10T13:27:43+00:00","breadcrumb":{"@id":"https:\/\/poterie-de-crestet.com\/de\/keramik\/kleiner-wandtopf-farbige-tropfen\/#breadcrumb"},"inLanguage":"de","potentialAction":[{"@type":"ReadAction","target":["https:\/\/poterie-de-crestet.com\/de\/keramik\/kleiner-wandtopf-farbige-tropfen\/"]}]},{"@type":"ImageObject","inLanguage":"de","@id":"https:\/\/poterie-de-crestet.com\/de\/keramik\/kleiner-wandtopf-farbige-tropfen\/#primaryimage","url":"https:\/\/i0.wp.com\/poterie-de-crestet.com\/wp-content\/uploads\/2025\/04\/Appliques-1.jpg?fit=800%2C800&ssl=1","contentUrl":"https:\/\/i0.wp.com\/poterie-de-crestet.com\/wp-content\/uploads\/2025\/04\/Appliques-1.jpg?fit=800%2C800&ssl=1","width":800,"height":800},{"@type":"BreadcrumbList","@id":"https:\/\/poterie-de-crestet.com\/de\/keramik\/kleiner-wandtopf-farbige-tropfen\/#breadcrumb","itemListElement":[{"@type":"ListItem","position":1,"name":"Accueil","item":"https:\/\/poterie-de-crestet.com\/de\/accueil\/"},{"@type":"ListItem","position":2,"name":"Boutique","item":"https:\/\/poterie-de-crestet.com\/ceramiques\/"},{"@type":"ListItem","position":3,"name":"Kleiner Wandtopf Farbige Tropfen"}]},{"@type":"WebSite","@id":"https:\/\/poterie-de-crestet.com\/de\/#website","url":"https:\/\/poterie-de-crestet.com\/de\/","name":"Poterie de Crestet","description":"Des milliers de poteries inpir\u00e9es de la Provence","publisher":{"@id":"https:\/\/poterie-de-crestet.com\/de\/#organization"},"potentialAction":[{"@type":"SearchAction","target":{"@type":"EntryPoint","urlTemplate":"https:\/\/poterie-de-crestet.com\/de\/?s={search_term_string}"},"query-input":{"@type":"PropertyValueSpecification","valueRequired":true,"valueName":"search_term_string"}}],"inLanguage":"de"},{"@type":"Organization","@id":"https:\/\/poterie-de-crestet.com\/de\/#organization","name":"Poterie de Crestet","url":"https:\/\/poterie-de-crestet.com\/de\/","logo":{"@type":"ImageObject","inLanguage":"de","@id":"https:\/\/poterie-de-crestet.com\/de\/#\/schema\/logo\/image\/","url":"https:\/\/i0.wp.com\/poterie-de-crestet.com\/wp-content\/uploads\/2025\/03\/Propo-4.png?fit=1000%2C462&ssl=1","contentUrl":"https:\/\/i0.wp.com\/poterie-de-crestet.com\/wp-content\/uploads\/2025\/03\/Propo-4.png?fit=1000%2C462&ssl=1","width":1000,"height":462,"caption":"Poterie de Crestet"},"image":{"@id":"https:\/\/poterie-de-crestet.com\/de\/#\/schema\/logo\/image\/"}}]}},"jetpack_sharing_enabled":true,"_links":{"self":[{"href":"https:\/\/poterie-de-crestet.com\/de\/wp-json\/wp\/v2\/product\/19380","targetHints":{"allow":["GET"]}}],"collection":[{"href":"https:\/\/poterie-de-crestet.com\/de\/wp-json\/wp\/v2\/product"}],"about":[{"href":"https:\/\/poterie-de-crestet.com\/de\/wp-json\/wp\/v2\/types\/product"}],"replies":[{"embeddable":true,"href":"https:\/\/poterie-de-crestet.com\/de\/wp-json\/wp\/v2\/comments?post=19380"}],"version-history":[{"count":0,"href":"https:\/\/poterie-de-crestet.com\/de\/wp-json\/wp\/v2\/product\/19380\/revisions"}],"wp:featuredmedia":[{"embeddable":true,"href":"https:\/\/poterie-de-crestet.com\/de\/wp-json\/wp\/v2\/media\/7788"}],"wp:attachment":[{"href":"https:\/\/poterie-de-crestet.com\/de\/wp-json\/wp\/v2\/media?parent=19380"}],"wp:term":[{"taxonomy":"product_brand","embeddable":true,"href":"https:\/\/poterie-de-crestet.com\/de\/wp-json\/wp\/v2\/product_brand?post=19380"},{"taxonomy":"product_cat","embeddable":true,"href":"https:\/\/poterie-de-crestet.com\/de\/wp-json\/wp\/v2\/product_cat?post=19380"},{"taxonomy":"product_tag","embeddable":true,"href":"https:\/\/poterie-de-crestet.com\/de\/wp-json\/wp\/v2\/product_tag?post=19380"}],"curies":[{"name":"wp","href":"https:\/\/api.w.org\/{rel}","templated":true}]}}