{"id":19109,"date":"2025-04-10T10:14:20","date_gmt":"2025-04-10T08:14:20","guid":{"rendered":"https:\/\/poterie-de-crestet.com\/ceramiques\/halter-fuer-saugfaehiges-papier-gruene-blaetter\/"},"modified":"2025-04-10T10:14:20","modified_gmt":"2025-04-10T08:14:20","slug":"halter-fuer-saugfaehiges-papier-gruene-blaetter","status":"publish","type":"product","link":"https:\/\/poterie-de-crestet.com\/de\/keramik\/halter-fuer-saugfaehiges-papier-gruene-blaetter\/","title":{"rendered":"Halter f\u00fcr saugf\u00e4higes Papier  <h5>Gr\u00fcne Bl\u00e4tter<\/h5>"},"content":{"rendered":"<p>Dieser Green Leaves Papiertuchhalter passt perfekt zu einer von Natur inspirierten K\u00fcche.<br data-start=\"3053\" data-end=\"3056\">Sein breiter Boden sorgt f\u00fcr gute Stabilit\u00e4t, selbst auf einem Au\u00dfentisch.<br data-start=\"3132\" data-end=\"3135\">Au\u00dferdem k\u00f6nnen zwei Rollen Toilettenpapier diskret in einer zus\u00e4tzlichen G\u00e4stetoilette untergebracht werden.<br data-start=\"3237\" data-end=\"3240\"><strong data-start=\"3250\" data-end=\"3270\">Handbemalte<\/strong>, <strong data-start=\"3272\" data-end=\"3301\">sp\u00fclmaschinenfeste<\/strong> Keramik, hergestellt nach <strong data-start=\"3323\" data-end=\"3346\">Lebensmittelnormen<\/strong>.<br data-start=\"3347\" data-end=\"3350\"><strong data-start=\"3350\" data-end=\"3371\">Sichere Bezahlung<\/strong>, <strong data-start=\"3373\" data-end=\"3394\">schneller Versand<\/strong> und Abholung auf den M\u00e4rkten der Provence m\u00f6glich.<br data-start=\"3441\" data-end=\"3444\">Zum Kombinieren mit einem <a class=\"\" href=\"#\" rel=\"noopener\" data-start=\"3461\" data-end=\"3497\">Green Leaves Eierteller<\/a> oder zum Kombinieren mit einer <a class=\"\" href=\"#\" rel=\"noopener\" data-start=\"3519\" data-end=\"3548\">Red Olivier Salzhand<\/a>.<\/p>\n","protected":false},"excerpt":{"rendered":"<p>Ein saugf\u00e4higer Papierhalter mit Pflanzencharme, ideal zum Kochen in der Natur oder zum Essen auf der Terrasse.<br data-start=\"919\" data-end=\"922\"><strong data-start=\"922\" data-end=\"960\"><em data-start=\"924\" data-end=\"958\">Abmessungen: 18,6 \u00d7 18,6 \u00d7 29 cm<\/em><\/strong><\/p>\n","protected":false},"featured_media":7594,"comment_status":"open","ping_status":"closed","template":"","meta":[],"product_brand":[],"product_cat":[293],"product_tag":[315],"class_list":{"0":"post-19109","1":"product","2":"type-product","3":"status-publish","4":"has-post-thumbnail","6":"product_cat-saugfahige-papierspender","7":"product_tag-grune-blatter","9":"first","10":"instock","11":"taxable","12":"shipping-taxable","13":"purchasable","14":"product-type-simple"},"yoast_head":"<!-- This site is optimized with the Yoast SEO plugin v27.5 - https:\/\/yoast.com\/product\/yoast-seo-wordpress\/ -->\n<title>Halter f\u00fcr saugf\u00e4higes Papier Gr\u00fcne Bl\u00e4tter - Poterie de Crestet<\/title>\n<meta name=\"robots\" content=\"index, follow, max-snippet:-1, max-image-preview:large, max-video-preview:-1\" \/>\n<link rel=\"canonical\" href=\"https:\/\/poterie-de-crestet.com\/de\/keramik\/halter-fuer-saugfaehiges-papier-gruene-blaetter\/\" \/>\n<meta property=\"og:locale\" content=\"de_DE\" \/>\n<meta property=\"og:type\" content=\"article\" \/>\n<meta property=\"og:title\" content=\"Halter f\u00fcr saugf\u00e4higes Papier Gr\u00fcne Bl\u00e4tter - Poterie de Crestet\" \/>\n<meta property=\"og:description\" content=\"Ein saugf\u00e4higer Papierhalter mit Pflanzencharme, ideal zum Kochen in der Natur oder zum Essen auf der Terrasse.Abmessungen: 18,6 \u00d7 18,6 \u00d7 29 cm\" \/>\n<meta property=\"og:url\" content=\"https:\/\/poterie-de-crestet.com\/de\/keramik\/halter-fuer-saugfaehiges-papier-gruene-blaetter\/\" \/>\n<meta property=\"og:site_name\" content=\"Poterie de Crestet\" \/>\n<meta property=\"og:image\" content=\"https:\/\/i0.wp.com\/poterie-de-crestet.com\/wp-content\/uploads\/2025\/04\/Poterie-du-Crestet0932.jpg?fit=532%2C800&ssl=1\" \/>\n\t<meta property=\"og:image:width\" content=\"532\" \/>\n\t<meta property=\"og:image:height\" content=\"800\" \/>\n\t<meta property=\"og:image:type\" content=\"image\/jpeg\" \/>\n<meta name=\"twitter:card\" content=\"summary_large_image\" \/>\n<script type=\"application\/ld+json\" class=\"yoast-schema-graph\">{\"@context\":\"https:\\\/\\\/schema.org\",\"@graph\":[{\"@type\":\"WebPage\",\"@id\":\"https:\\\/\\\/poterie-de-crestet.com\\\/de\\\/keramik\\\/halter-fuer-saugfaehiges-papier-gruene-blaetter\\\/\",\"url\":\"https:\\\/\\\/poterie-de-crestet.com\\\/de\\\/keramik\\\/halter-fuer-saugfaehiges-papier-gruene-blaetter\\\/\",\"name\":\"Halter f\u00fcr saugf\u00e4higes Papier Gr\u00fcne Bl\u00e4tter - Poterie de Crestet\",\"isPartOf\":{\"@id\":\"https:\\\/\\\/poterie-de-crestet.com\\\/de\\\/#website\"},\"primaryImageOfPage\":{\"@id\":\"https:\\\/\\\/poterie-de-crestet.com\\\/de\\\/keramik\\\/halter-fuer-saugfaehiges-papier-gruene-blaetter\\\/#primaryimage\"},\"image\":{\"@id\":\"https:\\\/\\\/poterie-de-crestet.com\\\/de\\\/keramik\\\/halter-fuer-saugfaehiges-papier-gruene-blaetter\\\/#primaryimage\"},\"thumbnailUrl\":\"https:\\\/\\\/i0.wp.com\\\/poterie-de-crestet.com\\\/wp-content\\\/uploads\\\/2025\\\/04\\\/Poterie-du-Crestet0932.jpg?fit=532%2C800&ssl=1\",\"datePublished\":\"2025-04-10T08:14:20+00:00\",\"breadcrumb\":{\"@id\":\"https:\\\/\\\/poterie-de-crestet.com\\\/de\\\/keramik\\\/halter-fuer-saugfaehiges-papier-gruene-blaetter\\\/#breadcrumb\"},\"inLanguage\":\"de\",\"potentialAction\":[{\"@type\":\"ReadAction\",\"target\":[\"https:\\\/\\\/poterie-de-crestet.com\\\/de\\\/keramik\\\/halter-fuer-saugfaehiges-papier-gruene-blaetter\\\/\"]}]},{\"@type\":\"ImageObject\",\"inLanguage\":\"de\",\"@id\":\"https:\\\/\\\/poterie-de-crestet.com\\\/de\\\/keramik\\\/halter-fuer-saugfaehiges-papier-gruene-blaetter\\\/#primaryimage\",\"url\":\"https:\\\/\\\/i0.wp.com\\\/poterie-de-crestet.com\\\/wp-content\\\/uploads\\\/2025\\\/04\\\/Poterie-du-Crestet0932.jpg?fit=532%2C800&ssl=1\",\"contentUrl\":\"https:\\\/\\\/i0.wp.com\\\/poterie-de-crestet.com\\\/wp-content\\\/uploads\\\/2025\\\/04\\\/Poterie-du-Crestet0932.jpg?fit=532%2C800&ssl=1\",\"width\":532,\"height\":800},{\"@type\":\"BreadcrumbList\",\"@id\":\"https:\\\/\\\/poterie-de-crestet.com\\\/de\\\/keramik\\\/halter-fuer-saugfaehiges-papier-gruene-blaetter\\\/#breadcrumb\",\"itemListElement\":[{\"@type\":\"ListItem\",\"position\":1,\"name\":\"Accueil\",\"item\":\"https:\\\/\\\/poterie-de-crestet.com\\\/de\\\/accueil\\\/\"},{\"@type\":\"ListItem\",\"position\":2,\"name\":\"Boutique\",\"item\":\"https:\\\/\\\/poterie-de-crestet.com\\\/ceramiques\\\/\"},{\"@type\":\"ListItem\",\"position\":3,\"name\":\"Halter f\u00fcr saugf\u00e4higes Papier Gr\u00fcne Bl\u00e4tter\"}]},{\"@type\":\"WebSite\",\"@id\":\"https:\\\/\\\/poterie-de-crestet.com\\\/de\\\/#website\",\"url\":\"https:\\\/\\\/poterie-de-crestet.com\\\/de\\\/\",\"name\":\"Poterie de Crestet\",\"description\":\"Des milliers de poteries inpir\u00e9es de la Provence\",\"publisher\":{\"@id\":\"https:\\\/\\\/poterie-de-crestet.com\\\/de\\\/#organization\"},\"potentialAction\":[{\"@type\":\"SearchAction\",\"target\":{\"@type\":\"EntryPoint\",\"urlTemplate\":\"https:\\\/\\\/poterie-de-crestet.com\\\/de\\\/?s={search_term_string}\"},\"query-input\":{\"@type\":\"PropertyValueSpecification\",\"valueRequired\":true,\"valueName\":\"search_term_string\"}}],\"inLanguage\":\"de\"},{\"@type\":\"Organization\",\"@id\":\"https:\\\/\\\/poterie-de-crestet.com\\\/de\\\/#organization\",\"name\":\"Poterie de Crestet\",\"url\":\"https:\\\/\\\/poterie-de-crestet.com\\\/de\\\/\",\"logo\":{\"@type\":\"ImageObject\",\"inLanguage\":\"de\",\"@id\":\"https:\\\/\\\/poterie-de-crestet.com\\\/de\\\/#\\\/schema\\\/logo\\\/image\\\/\",\"url\":\"https:\\\/\\\/i0.wp.com\\\/poterie-de-crestet.com\\\/wp-content\\\/uploads\\\/2025\\\/03\\\/Propo-4.png?fit=1000%2C462&ssl=1\",\"contentUrl\":\"https:\\\/\\\/i0.wp.com\\\/poterie-de-crestet.com\\\/wp-content\\\/uploads\\\/2025\\\/03\\\/Propo-4.png?fit=1000%2C462&ssl=1\",\"width\":1000,\"height\":462,\"caption\":\"Poterie de Crestet\"},\"image\":{\"@id\":\"https:\\\/\\\/poterie-de-crestet.com\\\/de\\\/#\\\/schema\\\/logo\\\/image\\\/\"}}]}<\/script>\n<!-- \/ Yoast SEO plugin. -->","yoast_head_json":{"title":"Halter f\u00fcr saugf\u00e4higes Papier Gr\u00fcne Bl\u00e4tter - Poterie de Crestet","robots":{"index":"index","follow":"follow","max-snippet":"max-snippet:-1","max-image-preview":"max-image-preview:large","max-video-preview":"max-video-preview:-1"},"canonical":"https:\/\/poterie-de-crestet.com\/de\/keramik\/halter-fuer-saugfaehiges-papier-gruene-blaetter\/","og_locale":"de_DE","og_type":"article","og_title":"Halter f\u00fcr saugf\u00e4higes Papier Gr\u00fcne Bl\u00e4tter - Poterie de Crestet","og_description":"Ein saugf\u00e4higer Papierhalter mit Pflanzencharme, ideal zum Kochen in der Natur oder zum Essen auf der Terrasse.Abmessungen: 18,6 \u00d7 18,6 \u00d7 29 cm","og_url":"https:\/\/poterie-de-crestet.com\/de\/keramik\/halter-fuer-saugfaehiges-papier-gruene-blaetter\/","og_site_name":"Poterie de Crestet","og_image":[{"width":532,"height":800,"url":"https:\/\/i0.wp.com\/poterie-de-crestet.com\/wp-content\/uploads\/2025\/04\/Poterie-du-Crestet0932.jpg?fit=532%2C800&ssl=1","type":"image\/jpeg"}],"twitter_card":"summary_large_image","schema":{"@context":"https:\/\/schema.org","@graph":[{"@type":"WebPage","@id":"https:\/\/poterie-de-crestet.com\/de\/keramik\/halter-fuer-saugfaehiges-papier-gruene-blaetter\/","url":"https:\/\/poterie-de-crestet.com\/de\/keramik\/halter-fuer-saugfaehiges-papier-gruene-blaetter\/","name":"Halter f\u00fcr saugf\u00e4higes Papier Gr\u00fcne Bl\u00e4tter - Poterie de Crestet","isPartOf":{"@id":"https:\/\/poterie-de-crestet.com\/de\/#website"},"primaryImageOfPage":{"@id":"https:\/\/poterie-de-crestet.com\/de\/keramik\/halter-fuer-saugfaehiges-papier-gruene-blaetter\/#primaryimage"},"image":{"@id":"https:\/\/poterie-de-crestet.com\/de\/keramik\/halter-fuer-saugfaehiges-papier-gruene-blaetter\/#primaryimage"},"thumbnailUrl":"https:\/\/i0.wp.com\/poterie-de-crestet.com\/wp-content\/uploads\/2025\/04\/Poterie-du-Crestet0932.jpg?fit=532%2C800&ssl=1","datePublished":"2025-04-10T08:14:20+00:00","breadcrumb":{"@id":"https:\/\/poterie-de-crestet.com\/de\/keramik\/halter-fuer-saugfaehiges-papier-gruene-blaetter\/#breadcrumb"},"inLanguage":"de","potentialAction":[{"@type":"ReadAction","target":["https:\/\/poterie-de-crestet.com\/de\/keramik\/halter-fuer-saugfaehiges-papier-gruene-blaetter\/"]}]},{"@type":"ImageObject","inLanguage":"de","@id":"https:\/\/poterie-de-crestet.com\/de\/keramik\/halter-fuer-saugfaehiges-papier-gruene-blaetter\/#primaryimage","url":"https:\/\/i0.wp.com\/poterie-de-crestet.com\/wp-content\/uploads\/2025\/04\/Poterie-du-Crestet0932.jpg?fit=532%2C800&ssl=1","contentUrl":"https:\/\/i0.wp.com\/poterie-de-crestet.com\/wp-content\/uploads\/2025\/04\/Poterie-du-Crestet0932.jpg?fit=532%2C800&ssl=1","width":532,"height":800},{"@type":"BreadcrumbList","@id":"https:\/\/poterie-de-crestet.com\/de\/keramik\/halter-fuer-saugfaehiges-papier-gruene-blaetter\/#breadcrumb","itemListElement":[{"@type":"ListItem","position":1,"name":"Accueil","item":"https:\/\/poterie-de-crestet.com\/de\/accueil\/"},{"@type":"ListItem","position":2,"name":"Boutique","item":"https:\/\/poterie-de-crestet.com\/ceramiques\/"},{"@type":"ListItem","position":3,"name":"Halter f\u00fcr saugf\u00e4higes Papier Gr\u00fcne Bl\u00e4tter"}]},{"@type":"WebSite","@id":"https:\/\/poterie-de-crestet.com\/de\/#website","url":"https:\/\/poterie-de-crestet.com\/de\/","name":"Poterie de Crestet","description":"Des milliers de poteries inpir\u00e9es de la Provence","publisher":{"@id":"https:\/\/poterie-de-crestet.com\/de\/#organization"},"potentialAction":[{"@type":"SearchAction","target":{"@type":"EntryPoint","urlTemplate":"https:\/\/poterie-de-crestet.com\/de\/?s={search_term_string}"},"query-input":{"@type":"PropertyValueSpecification","valueRequired":true,"valueName":"search_term_string"}}],"inLanguage":"de"},{"@type":"Organization","@id":"https:\/\/poterie-de-crestet.com\/de\/#organization","name":"Poterie de Crestet","url":"https:\/\/poterie-de-crestet.com\/de\/","logo":{"@type":"ImageObject","inLanguage":"de","@id":"https:\/\/poterie-de-crestet.com\/de\/#\/schema\/logo\/image\/","url":"https:\/\/i0.wp.com\/poterie-de-crestet.com\/wp-content\/uploads\/2025\/03\/Propo-4.png?fit=1000%2C462&ssl=1","contentUrl":"https:\/\/i0.wp.com\/poterie-de-crestet.com\/wp-content\/uploads\/2025\/03\/Propo-4.png?fit=1000%2C462&ssl=1","width":1000,"height":462,"caption":"Poterie de Crestet"},"image":{"@id":"https:\/\/poterie-de-crestet.com\/de\/#\/schema\/logo\/image\/"}}]}},"jetpack_sharing_enabled":true,"_links":{"self":[{"href":"https:\/\/poterie-de-crestet.com\/de\/wp-json\/wp\/v2\/product\/19109","targetHints":{"allow":["GET"]}}],"collection":[{"href":"https:\/\/poterie-de-crestet.com\/de\/wp-json\/wp\/v2\/product"}],"about":[{"href":"https:\/\/poterie-de-crestet.com\/de\/wp-json\/wp\/v2\/types\/product"}],"replies":[{"embeddable":true,"href":"https:\/\/poterie-de-crestet.com\/de\/wp-json\/wp\/v2\/comments?post=19109"}],"version-history":[{"count":0,"href":"https:\/\/poterie-de-crestet.com\/de\/wp-json\/wp\/v2\/product\/19109\/revisions"}],"wp:featuredmedia":[{"embeddable":true,"href":"https:\/\/poterie-de-crestet.com\/de\/wp-json\/wp\/v2\/media\/7594"}],"wp:attachment":[{"href":"https:\/\/poterie-de-crestet.com\/de\/wp-json\/wp\/v2\/media?parent=19109"}],"wp:term":[{"taxonomy":"product_brand","embeddable":true,"href":"https:\/\/poterie-de-crestet.com\/de\/wp-json\/wp\/v2\/product_brand?post=19109"},{"taxonomy":"product_cat","embeddable":true,"href":"https:\/\/poterie-de-crestet.com\/de\/wp-json\/wp\/v2\/product_cat?post=19109"},{"taxonomy":"product_tag","embeddable":true,"href":"https:\/\/poterie-de-crestet.com\/de\/wp-json\/wp\/v2\/product_tag?post=19109"}],"curies":[{"name":"wp","href":"https:\/\/api.w.org\/{rel}","templated":true}]}}