{"id":19015,"date":"2025-04-09T12:37:55","date_gmt":"2025-04-09T10:37:55","guid":{"rendered":"https:\/\/poterie-de-crestet.com\/ceramiques\/mini-bowl-ozean\/"},"modified":"2025-04-09T12:37:55","modified_gmt":"2025-04-09T10:37:55","slug":"mini-bowl-ozean","status":"publish","type":"product","link":"https:\/\/poterie-de-crestet.com\/de\/keramik\/mini-bowl-ozean\/","title":{"rendered":"Mini Bowl  <h5>Ozean<\/h5>"},"content":{"rendered":"<p>Mit seinen tiefen, vom Meer inspirierten Farbt\u00f6nen bringt die Ocean Mini Bowl einen Hauch von Frische auf den Tisch. Es ist perfekt, um einen Klecks gesalzene Butter, ein paar Sonnenblumenkerne oder einen s\u00fc\u00dfen Bissen zum Teilen zu servieren.<br data-start=\"1225\" data-end=\"1228\">Seine geringe Gr\u00f6\u00dfe <strong data-start=\"1245\" data-end=\"1261\">(9,2 \u00d7 4 cm)<\/strong> ist ideal sowohl f\u00fcr ordentliche Mahlzeiten als auch f\u00fcr einfache Momente.<br data-start=\"1326\" data-end=\"1329\">Es ist <strong data-start=\"1338\" data-end=\"1386\">ofen-, mikrowellen- und sp\u00fclmaschinenfest.<\/strong><br data-start=\"1387\" data-end=\"1390\">Passend zu einem <a class=\"\" href=\"https:\/\/poterie-de-crestet.com\/de\/keramik\/essteller-ozean\/\" rel=\"noopener\" data-start=\"1410\" data-end=\"1429\">Ocean-Teller<\/a> oder im Kontrast zur <a class=\"\" href=\"https:\/\/poterie-de-crestet.com\/ceramiques\/plat-a-pizza-sol-clair\/\" rel=\"noopener\" data-start=\"1453\" data-end=\"1483\">Sol Clair Servierschale<\/a> f\u00fcr Geschirr, die Sie auf eine Reise zwischen Meer und Licht mitnimmt.<br data-start=\"1541\" data-end=\"1544\">Schnelle Lieferung oder Abholung auf Wochenm\u00e4rkten. <\/p>\n","protected":false},"excerpt":{"rendered":"<p>Frische ist garantiert f\u00fcr diese kleine Sch\u00fcssel mit Dips, Schale oder S\u00fc\u00dfigkeiten.<br data-start=\"1706\" data-end=\"1709\"><strong data-start=\"1709\" data-end=\"1744\"><em data-start=\"1711\" data-end=\"1742\">Abmessungen: 9,2 \u00d7 9,2 \u00d7 4 cm<\/em><\/strong><\/p>\n","protected":false},"featured_media":6332,"comment_status":"open","ping_status":"closed","template":"","meta":[],"product_brand":[],"product_cat":[199],"product_tag":[319],"class_list":{"0":"post-19015","1":"product","2":"type-product","3":"status-publish","4":"has-post-thumbnail","6":"product_cat-bowls","7":"product_tag-ozean","9":"first","10":"instock","11":"taxable","12":"shipping-taxable","13":"purchasable","14":"product-type-simple"},"yoast_head":"<!-- This site is optimized with the Yoast SEO plugin v27.5 - https:\/\/yoast.com\/product\/yoast-seo-wordpress\/ -->\n<title>Mini Bowl Ozean - Poterie de Crestet<\/title>\n<meta name=\"description\" content=\"Inspiriert vom Meer mit h\u00fcbschen Mustern ist diese Mini-Ocean-Bowl perfekt f\u00fcr eine kalte So\u00dfe, ein wenig Tapenade oder Vorspeisensamen.\" \/>\n<meta name=\"robots\" content=\"index, follow, max-snippet:-1, max-image-preview:large, max-video-preview:-1\" \/>\n<link rel=\"canonical\" href=\"https:\/\/poterie-de-crestet.com\/de\/keramik\/mini-bowl-ozean\/\" \/>\n<meta property=\"og:locale\" content=\"de_DE\" \/>\n<meta property=\"og:type\" content=\"article\" \/>\n<meta property=\"og:title\" content=\"Mini Bowl Ozean - Poterie de Crestet\" \/>\n<meta property=\"og:description\" content=\"Inspiriert vom Meer mit h\u00fcbschen Mustern ist diese Mini-Ocean-Bowl perfekt f\u00fcr eine kalte So\u00dfe, ein wenig Tapenade oder Vorspeisensamen.\" \/>\n<meta property=\"og:url\" content=\"https:\/\/poterie-de-crestet.com\/de\/keramik\/mini-bowl-ozean\/\" \/>\n<meta property=\"og:site_name\" content=\"Poterie de Crestet\" \/>\n<meta property=\"og:image\" content=\"https:\/\/i0.wp.com\/poterie-de-crestet.com\/wp-content\/uploads\/2025\/04\/Poterie-du-Crestet1047.jpg?fit=800%2C532&ssl=1\" \/>\n\t<meta property=\"og:image:width\" content=\"800\" \/>\n\t<meta property=\"og:image:height\" content=\"532\" \/>\n\t<meta property=\"og:image:type\" content=\"image\/jpeg\" \/>\n<meta name=\"twitter:card\" content=\"summary_large_image\" \/>\n<script type=\"application\/ld+json\" class=\"yoast-schema-graph\">{\"@context\":\"https:\\\/\\\/schema.org\",\"@graph\":[{\"@type\":\"WebPage\",\"@id\":\"https:\\\/\\\/poterie-de-crestet.com\\\/de\\\/keramik\\\/mini-bowl-ozean\\\/\",\"url\":\"https:\\\/\\\/poterie-de-crestet.com\\\/de\\\/keramik\\\/mini-bowl-ozean\\\/\",\"name\":\"Mini Bowl Ozean - Poterie de Crestet\",\"isPartOf\":{\"@id\":\"https:\\\/\\\/poterie-de-crestet.com\\\/de\\\/#website\"},\"primaryImageOfPage\":{\"@id\":\"https:\\\/\\\/poterie-de-crestet.com\\\/de\\\/keramik\\\/mini-bowl-ozean\\\/#primaryimage\"},\"image\":{\"@id\":\"https:\\\/\\\/poterie-de-crestet.com\\\/de\\\/keramik\\\/mini-bowl-ozean\\\/#primaryimage\"},\"thumbnailUrl\":\"https:\\\/\\\/i0.wp.com\\\/poterie-de-crestet.com\\\/wp-content\\\/uploads\\\/2025\\\/04\\\/Poterie-du-Crestet1047.jpg?fit=800%2C532&ssl=1\",\"datePublished\":\"2025-04-09T10:37:55+00:00\",\"description\":\"Inspiriert vom Meer mit h\u00fcbschen Mustern ist diese Mini-Ocean-Bowl perfekt f\u00fcr eine kalte So\u00dfe, ein wenig Tapenade oder Vorspeisensamen.\",\"breadcrumb\":{\"@id\":\"https:\\\/\\\/poterie-de-crestet.com\\\/de\\\/keramik\\\/mini-bowl-ozean\\\/#breadcrumb\"},\"inLanguage\":\"de\",\"potentialAction\":[{\"@type\":\"ReadAction\",\"target\":[\"https:\\\/\\\/poterie-de-crestet.com\\\/de\\\/keramik\\\/mini-bowl-ozean\\\/\"]}]},{\"@type\":\"ImageObject\",\"inLanguage\":\"de\",\"@id\":\"https:\\\/\\\/poterie-de-crestet.com\\\/de\\\/keramik\\\/mini-bowl-ozean\\\/#primaryimage\",\"url\":\"https:\\\/\\\/i0.wp.com\\\/poterie-de-crestet.com\\\/wp-content\\\/uploads\\\/2025\\\/04\\\/Poterie-du-Crestet1047.jpg?fit=800%2C532&ssl=1\",\"contentUrl\":\"https:\\\/\\\/i0.wp.com\\\/poterie-de-crestet.com\\\/wp-content\\\/uploads\\\/2025\\\/04\\\/Poterie-du-Crestet1047.jpg?fit=800%2C532&ssl=1\",\"width\":800,\"height\":532,\"caption\":\"Mini Ocean Bowl\"},{\"@type\":\"BreadcrumbList\",\"@id\":\"https:\\\/\\\/poterie-de-crestet.com\\\/de\\\/keramik\\\/mini-bowl-ozean\\\/#breadcrumb\",\"itemListElement\":[{\"@type\":\"ListItem\",\"position\":1,\"name\":\"Accueil\",\"item\":\"https:\\\/\\\/poterie-de-crestet.com\\\/de\\\/accueil\\\/\"},{\"@type\":\"ListItem\",\"position\":2,\"name\":\"Boutique\",\"item\":\"https:\\\/\\\/poterie-de-crestet.com\\\/ceramiques\\\/\"},{\"@type\":\"ListItem\",\"position\":3,\"name\":\"Mini Bowl Ozean\"}]},{\"@type\":\"WebSite\",\"@id\":\"https:\\\/\\\/poterie-de-crestet.com\\\/de\\\/#website\",\"url\":\"https:\\\/\\\/poterie-de-crestet.com\\\/de\\\/\",\"name\":\"Poterie de Crestet\",\"description\":\"Des milliers de poteries inpir\u00e9es de la Provence\",\"publisher\":{\"@id\":\"https:\\\/\\\/poterie-de-crestet.com\\\/de\\\/#organization\"},\"potentialAction\":[{\"@type\":\"SearchAction\",\"target\":{\"@type\":\"EntryPoint\",\"urlTemplate\":\"https:\\\/\\\/poterie-de-crestet.com\\\/de\\\/?s={search_term_string}\"},\"query-input\":{\"@type\":\"PropertyValueSpecification\",\"valueRequired\":true,\"valueName\":\"search_term_string\"}}],\"inLanguage\":\"de\"},{\"@type\":\"Organization\",\"@id\":\"https:\\\/\\\/poterie-de-crestet.com\\\/de\\\/#organization\",\"name\":\"Poterie de Crestet\",\"url\":\"https:\\\/\\\/poterie-de-crestet.com\\\/de\\\/\",\"logo\":{\"@type\":\"ImageObject\",\"inLanguage\":\"de\",\"@id\":\"https:\\\/\\\/poterie-de-crestet.com\\\/de\\\/#\\\/schema\\\/logo\\\/image\\\/\",\"url\":\"https:\\\/\\\/i0.wp.com\\\/poterie-de-crestet.com\\\/wp-content\\\/uploads\\\/2025\\\/03\\\/Propo-4.png?fit=1000%2C462&ssl=1\",\"contentUrl\":\"https:\\\/\\\/i0.wp.com\\\/poterie-de-crestet.com\\\/wp-content\\\/uploads\\\/2025\\\/03\\\/Propo-4.png?fit=1000%2C462&ssl=1\",\"width\":1000,\"height\":462,\"caption\":\"Poterie de Crestet\"},\"image\":{\"@id\":\"https:\\\/\\\/poterie-de-crestet.com\\\/de\\\/#\\\/schema\\\/logo\\\/image\\\/\"}}]}<\/script>\n<!-- \/ Yoast SEO plugin. -->","yoast_head_json":{"title":"Mini Bowl Ozean - Poterie de Crestet","description":"Inspiriert vom Meer mit h\u00fcbschen Mustern ist diese Mini-Ocean-Bowl perfekt f\u00fcr eine kalte So\u00dfe, ein wenig Tapenade oder Vorspeisensamen.","robots":{"index":"index","follow":"follow","max-snippet":"max-snippet:-1","max-image-preview":"max-image-preview:large","max-video-preview":"max-video-preview:-1"},"canonical":"https:\/\/poterie-de-crestet.com\/de\/keramik\/mini-bowl-ozean\/","og_locale":"de_DE","og_type":"article","og_title":"Mini Bowl Ozean - Poterie de Crestet","og_description":"Inspiriert vom Meer mit h\u00fcbschen Mustern ist diese Mini-Ocean-Bowl perfekt f\u00fcr eine kalte So\u00dfe, ein wenig Tapenade oder Vorspeisensamen.","og_url":"https:\/\/poterie-de-crestet.com\/de\/keramik\/mini-bowl-ozean\/","og_site_name":"Poterie de Crestet","og_image":[{"width":800,"height":532,"url":"https:\/\/i0.wp.com\/poterie-de-crestet.com\/wp-content\/uploads\/2025\/04\/Poterie-du-Crestet1047.jpg?fit=800%2C532&ssl=1","type":"image\/jpeg"}],"twitter_card":"summary_large_image","schema":{"@context":"https:\/\/schema.org","@graph":[{"@type":"WebPage","@id":"https:\/\/poterie-de-crestet.com\/de\/keramik\/mini-bowl-ozean\/","url":"https:\/\/poterie-de-crestet.com\/de\/keramik\/mini-bowl-ozean\/","name":"Mini Bowl Ozean - Poterie de Crestet","isPartOf":{"@id":"https:\/\/poterie-de-crestet.com\/de\/#website"},"primaryImageOfPage":{"@id":"https:\/\/poterie-de-crestet.com\/de\/keramik\/mini-bowl-ozean\/#primaryimage"},"image":{"@id":"https:\/\/poterie-de-crestet.com\/de\/keramik\/mini-bowl-ozean\/#primaryimage"},"thumbnailUrl":"https:\/\/i0.wp.com\/poterie-de-crestet.com\/wp-content\/uploads\/2025\/04\/Poterie-du-Crestet1047.jpg?fit=800%2C532&ssl=1","datePublished":"2025-04-09T10:37:55+00:00","description":"Inspiriert vom Meer mit h\u00fcbschen Mustern ist diese Mini-Ocean-Bowl perfekt f\u00fcr eine kalte So\u00dfe, ein wenig Tapenade oder Vorspeisensamen.","breadcrumb":{"@id":"https:\/\/poterie-de-crestet.com\/de\/keramik\/mini-bowl-ozean\/#breadcrumb"},"inLanguage":"de","potentialAction":[{"@type":"ReadAction","target":["https:\/\/poterie-de-crestet.com\/de\/keramik\/mini-bowl-ozean\/"]}]},{"@type":"ImageObject","inLanguage":"de","@id":"https:\/\/poterie-de-crestet.com\/de\/keramik\/mini-bowl-ozean\/#primaryimage","url":"https:\/\/i0.wp.com\/poterie-de-crestet.com\/wp-content\/uploads\/2025\/04\/Poterie-du-Crestet1047.jpg?fit=800%2C532&ssl=1","contentUrl":"https:\/\/i0.wp.com\/poterie-de-crestet.com\/wp-content\/uploads\/2025\/04\/Poterie-du-Crestet1047.jpg?fit=800%2C532&ssl=1","width":800,"height":532,"caption":"Mini Ocean Bowl"},{"@type":"BreadcrumbList","@id":"https:\/\/poterie-de-crestet.com\/de\/keramik\/mini-bowl-ozean\/#breadcrumb","itemListElement":[{"@type":"ListItem","position":1,"name":"Accueil","item":"https:\/\/poterie-de-crestet.com\/de\/accueil\/"},{"@type":"ListItem","position":2,"name":"Boutique","item":"https:\/\/poterie-de-crestet.com\/ceramiques\/"},{"@type":"ListItem","position":3,"name":"Mini Bowl Ozean"}]},{"@type":"WebSite","@id":"https:\/\/poterie-de-crestet.com\/de\/#website","url":"https:\/\/poterie-de-crestet.com\/de\/","name":"Poterie de Crestet","description":"Des milliers de poteries inpir\u00e9es de la Provence","publisher":{"@id":"https:\/\/poterie-de-crestet.com\/de\/#organization"},"potentialAction":[{"@type":"SearchAction","target":{"@type":"EntryPoint","urlTemplate":"https:\/\/poterie-de-crestet.com\/de\/?s={search_term_string}"},"query-input":{"@type":"PropertyValueSpecification","valueRequired":true,"valueName":"search_term_string"}}],"inLanguage":"de"},{"@type":"Organization","@id":"https:\/\/poterie-de-crestet.com\/de\/#organization","name":"Poterie de Crestet","url":"https:\/\/poterie-de-crestet.com\/de\/","logo":{"@type":"ImageObject","inLanguage":"de","@id":"https:\/\/poterie-de-crestet.com\/de\/#\/schema\/logo\/image\/","url":"https:\/\/i0.wp.com\/poterie-de-crestet.com\/wp-content\/uploads\/2025\/03\/Propo-4.png?fit=1000%2C462&ssl=1","contentUrl":"https:\/\/i0.wp.com\/poterie-de-crestet.com\/wp-content\/uploads\/2025\/03\/Propo-4.png?fit=1000%2C462&ssl=1","width":1000,"height":462,"caption":"Poterie de Crestet"},"image":{"@id":"https:\/\/poterie-de-crestet.com\/de\/#\/schema\/logo\/image\/"}}]}},"jetpack_sharing_enabled":true,"_links":{"self":[{"href":"https:\/\/poterie-de-crestet.com\/de\/wp-json\/wp\/v2\/product\/19015","targetHints":{"allow":["GET"]}}],"collection":[{"href":"https:\/\/poterie-de-crestet.com\/de\/wp-json\/wp\/v2\/product"}],"about":[{"href":"https:\/\/poterie-de-crestet.com\/de\/wp-json\/wp\/v2\/types\/product"}],"replies":[{"embeddable":true,"href":"https:\/\/poterie-de-crestet.com\/de\/wp-json\/wp\/v2\/comments?post=19015"}],"version-history":[{"count":0,"href":"https:\/\/poterie-de-crestet.com\/de\/wp-json\/wp\/v2\/product\/19015\/revisions"}],"wp:featuredmedia":[{"embeddable":true,"href":"https:\/\/poterie-de-crestet.com\/de\/wp-json\/wp\/v2\/media\/6332"}],"wp:attachment":[{"href":"https:\/\/poterie-de-crestet.com\/de\/wp-json\/wp\/v2\/media?parent=19015"}],"wp:term":[{"taxonomy":"product_brand","embeddable":true,"href":"https:\/\/poterie-de-crestet.com\/de\/wp-json\/wp\/v2\/product_brand?post=19015"},{"taxonomy":"product_cat","embeddable":true,"href":"https:\/\/poterie-de-crestet.com\/de\/wp-json\/wp\/v2\/product_cat?post=19015"},{"taxonomy":"product_tag","embeddable":true,"href":"https:\/\/poterie-de-crestet.com\/de\/wp-json\/wp\/v2\/product_tag?post=19015"}],"curies":[{"name":"wp","href":"https:\/\/api.w.org\/{rel}","templated":true}]}}