{"id":18959,"date":"2025-04-09T15:28:26","date_gmt":"2025-04-09T13:28:26","guid":{"rendered":"https:\/\/poterie-de-crestet.com\/ceramiques\/wasseraschenbecher-farbige-tropfen\/"},"modified":"2025-04-09T15:28:26","modified_gmt":"2025-04-09T13:28:26","slug":"wasseraschenbecher-farbige-tropfen","status":"publish","type":"product","link":"https:\/\/poterie-de-crestet.com\/de\/keramik\/wasseraschenbecher-farbige-tropfen\/","title":{"rendered":"Wasseraschenbecher  <h5>Farbige Tropfen<\/h5>"},"content":{"rendered":"<p>Voller Humor ist dieser Coloured Drops Wasseraschenbecher vor allem sehr praktisch. Sobald es mit Wasser oder duftendem Sand gef\u00fcllt ist, begrenzt es Ger\u00fcche. Sein Deckel h\u00e4lt die Asche selbst drau\u00dfen an Ort und Stelle.<br data-start=\"3731\" data-end=\"3734\">Stabil, leicht zu entleeren und handbemalt, bietet es eine diskrete L\u00f6sung f\u00fcr ein h\u00e4ufiges Bed\u00fcrfnis.  <br data-start=\"3828\" data-end=\"3831\"><strong data-start=\"3831\" data-end=\"3861\">Abmessungen: 14,6 \u00d7 7,2 cm<\/strong><br data-start=\"3861\" data-end=\"3864\"><em data-start=\"3864\" data-end=\"3937\">Auch als kleines Modell erh\u00e4ltlich, um die Tonf\u00e4lle zu vervollst\u00e4ndigen oder zu variieren.<\/em><\/p>\n","protected":false},"excerpt":{"rendered":"<p>Sowohl n\u00fctzlich als auch dekorativ: Aschenbecher mit Deckel, der mit Wasser oder duftendem Sand gef\u00fcllt werden sollte.<br data-start=\"1330\" data-end=\"1333\"><strong data-start=\"1333\" data-end=\"1365\"><em data-start=\"1335\" data-end=\"1363\">Abmessungen: 14,6 \u00d7 7,2 cm<\/em><\/strong><\/p>\n","protected":false},"featured_media":6596,"comment_status":"open","ping_status":"closed","template":"","meta":[],"product_brand":[],"product_cat":[184],"product_tag":[325],"class_list":{"0":"post-18959","1":"product","2":"type-product","3":"status-publish","4":"has-post-thumbnail","6":"product_cat-aschenbecher","7":"product_tag-farbige-tropfen","9":"first","10":"instock","11":"taxable","12":"shipping-taxable","13":"purchasable","14":"product-type-simple"},"yoast_head":"<!-- This site is optimized with the Yoast SEO plugin v27.5 - https:\/\/yoast.com\/product\/yoast-seo-wordpress\/ -->\n<title>Wasseraschenbecher Farbige Tropfen - Poterie de Crestet<\/title>\n<meta name=\"description\" content=\"Wasseraschenbecher Farbige Tropfen, gro\u00dfes Modell. Praktisch und festlich f\u00fcr Raucher am Tisch. Effektiv und geruchslos ausgel\u00f6scht.\" \/>\n<meta name=\"robots\" content=\"index, follow, max-snippet:-1, max-image-preview:large, max-video-preview:-1\" \/>\n<link rel=\"canonical\" href=\"https:\/\/poterie-de-crestet.com\/de\/keramik\/wasseraschenbecher-farbige-tropfen\/\" \/>\n<meta property=\"og:locale\" content=\"de_DE\" \/>\n<meta property=\"og:type\" content=\"article\" \/>\n<meta property=\"og:title\" content=\"Wasseraschenbecher Farbige Tropfen - Poterie de Crestet\" \/>\n<meta property=\"og:description\" content=\"Wasseraschenbecher Farbige Tropfen, gro\u00dfes Modell. Praktisch und festlich f\u00fcr Raucher am Tisch. Effektiv und geruchslos ausgel\u00f6scht.\" \/>\n<meta property=\"og:url\" content=\"https:\/\/poterie-de-crestet.com\/de\/keramik\/wasseraschenbecher-farbige-tropfen\/\" \/>\n<meta property=\"og:site_name\" content=\"Poterie de Crestet\" \/>\n<meta property=\"og:image\" content=\"https:\/\/i0.wp.com\/poterie-de-crestet.com\/wp-content\/uploads\/2025\/04\/Poterie-du-Crestet1054.jpg?fit=800%2C532&ssl=1\" \/>\n\t<meta property=\"og:image:width\" content=\"800\" \/>\n\t<meta property=\"og:image:height\" content=\"532\" \/>\n\t<meta property=\"og:image:type\" content=\"image\/jpeg\" \/>\n<meta name=\"twitter:card\" content=\"summary_large_image\" \/>\n<script type=\"application\/ld+json\" class=\"yoast-schema-graph\">{\"@context\":\"https:\\\/\\\/schema.org\",\"@graph\":[{\"@type\":\"WebPage\",\"@id\":\"https:\\\/\\\/poterie-de-crestet.com\\\/de\\\/keramik\\\/wasseraschenbecher-farbige-tropfen\\\/\",\"url\":\"https:\\\/\\\/poterie-de-crestet.com\\\/de\\\/keramik\\\/wasseraschenbecher-farbige-tropfen\\\/\",\"name\":\"Wasseraschenbecher Farbige Tropfen - Poterie de Crestet\",\"isPartOf\":{\"@id\":\"https:\\\/\\\/poterie-de-crestet.com\\\/de\\\/#website\"},\"primaryImageOfPage\":{\"@id\":\"https:\\\/\\\/poterie-de-crestet.com\\\/de\\\/keramik\\\/wasseraschenbecher-farbige-tropfen\\\/#primaryimage\"},\"image\":{\"@id\":\"https:\\\/\\\/poterie-de-crestet.com\\\/de\\\/keramik\\\/wasseraschenbecher-farbige-tropfen\\\/#primaryimage\"},\"thumbnailUrl\":\"https:\\\/\\\/i0.wp.com\\\/poterie-de-crestet.com\\\/wp-content\\\/uploads\\\/2025\\\/04\\\/Poterie-du-Crestet1054.jpg?fit=800%2C532&ssl=1\",\"datePublished\":\"2025-04-09T13:28:26+00:00\",\"description\":\"Wasseraschenbecher Farbige Tropfen, gro\u00dfes Modell. Praktisch und festlich f\u00fcr Raucher am Tisch. Effektiv und geruchslos ausgel\u00f6scht.\",\"breadcrumb\":{\"@id\":\"https:\\\/\\\/poterie-de-crestet.com\\\/de\\\/keramik\\\/wasseraschenbecher-farbige-tropfen\\\/#breadcrumb\"},\"inLanguage\":\"de\",\"potentialAction\":[{\"@type\":\"ReadAction\",\"target\":[\"https:\\\/\\\/poterie-de-crestet.com\\\/de\\\/keramik\\\/wasseraschenbecher-farbige-tropfen\\\/\"]}]},{\"@type\":\"ImageObject\",\"inLanguage\":\"de\",\"@id\":\"https:\\\/\\\/poterie-de-crestet.com\\\/de\\\/keramik\\\/wasseraschenbecher-farbige-tropfen\\\/#primaryimage\",\"url\":\"https:\\\/\\\/i0.wp.com\\\/poterie-de-crestet.com\\\/wp-content\\\/uploads\\\/2025\\\/04\\\/Poterie-du-Crestet1054.jpg?fit=800%2C532&ssl=1\",\"contentUrl\":\"https:\\\/\\\/i0.wp.com\\\/poterie-de-crestet.com\\\/wp-content\\\/uploads\\\/2025\\\/04\\\/Poterie-du-Crestet1054.jpg?fit=800%2C532&ssl=1\",\"width\":800,\"height\":532,\"caption\":\"Wasser-Aschenbecher-farbige Tropfen\"},{\"@type\":\"BreadcrumbList\",\"@id\":\"https:\\\/\\\/poterie-de-crestet.com\\\/de\\\/keramik\\\/wasseraschenbecher-farbige-tropfen\\\/#breadcrumb\",\"itemListElement\":[{\"@type\":\"ListItem\",\"position\":1,\"name\":\"Accueil\",\"item\":\"https:\\\/\\\/poterie-de-crestet.com\\\/de\\\/accueil\\\/\"},{\"@type\":\"ListItem\",\"position\":2,\"name\":\"Boutique\",\"item\":\"https:\\\/\\\/poterie-de-crestet.com\\\/ceramiques\\\/\"},{\"@type\":\"ListItem\",\"position\":3,\"name\":\"Wasseraschenbecher Farbige Tropfen\"}]},{\"@type\":\"WebSite\",\"@id\":\"https:\\\/\\\/poterie-de-crestet.com\\\/de\\\/#website\",\"url\":\"https:\\\/\\\/poterie-de-crestet.com\\\/de\\\/\",\"name\":\"Poterie de Crestet\",\"description\":\"Des milliers de poteries inpir\u00e9es de la Provence\",\"publisher\":{\"@id\":\"https:\\\/\\\/poterie-de-crestet.com\\\/de\\\/#organization\"},\"potentialAction\":[{\"@type\":\"SearchAction\",\"target\":{\"@type\":\"EntryPoint\",\"urlTemplate\":\"https:\\\/\\\/poterie-de-crestet.com\\\/de\\\/?s={search_term_string}\"},\"query-input\":{\"@type\":\"PropertyValueSpecification\",\"valueRequired\":true,\"valueName\":\"search_term_string\"}}],\"inLanguage\":\"de\"},{\"@type\":\"Organization\",\"@id\":\"https:\\\/\\\/poterie-de-crestet.com\\\/de\\\/#organization\",\"name\":\"Poterie de Crestet\",\"url\":\"https:\\\/\\\/poterie-de-crestet.com\\\/de\\\/\",\"logo\":{\"@type\":\"ImageObject\",\"inLanguage\":\"de\",\"@id\":\"https:\\\/\\\/poterie-de-crestet.com\\\/de\\\/#\\\/schema\\\/logo\\\/image\\\/\",\"url\":\"https:\\\/\\\/i0.wp.com\\\/poterie-de-crestet.com\\\/wp-content\\\/uploads\\\/2025\\\/03\\\/Propo-4.png?fit=1000%2C462&ssl=1\",\"contentUrl\":\"https:\\\/\\\/i0.wp.com\\\/poterie-de-crestet.com\\\/wp-content\\\/uploads\\\/2025\\\/03\\\/Propo-4.png?fit=1000%2C462&ssl=1\",\"width\":1000,\"height\":462,\"caption\":\"Poterie de Crestet\"},\"image\":{\"@id\":\"https:\\\/\\\/poterie-de-crestet.com\\\/de\\\/#\\\/schema\\\/logo\\\/image\\\/\"}}]}<\/script>\n<!-- \/ Yoast SEO plugin. -->","yoast_head_json":{"title":"Wasseraschenbecher Farbige Tropfen - Poterie de Crestet","description":"Wasseraschenbecher Farbige Tropfen, gro\u00dfes Modell. Praktisch und festlich f\u00fcr Raucher am Tisch. Effektiv und geruchslos ausgel\u00f6scht.","robots":{"index":"index","follow":"follow","max-snippet":"max-snippet:-1","max-image-preview":"max-image-preview:large","max-video-preview":"max-video-preview:-1"},"canonical":"https:\/\/poterie-de-crestet.com\/de\/keramik\/wasseraschenbecher-farbige-tropfen\/","og_locale":"de_DE","og_type":"article","og_title":"Wasseraschenbecher Farbige Tropfen - Poterie de Crestet","og_description":"Wasseraschenbecher Farbige Tropfen, gro\u00dfes Modell. Praktisch und festlich f\u00fcr Raucher am Tisch. Effektiv und geruchslos ausgel\u00f6scht.","og_url":"https:\/\/poterie-de-crestet.com\/de\/keramik\/wasseraschenbecher-farbige-tropfen\/","og_site_name":"Poterie de Crestet","og_image":[{"width":800,"height":532,"url":"https:\/\/i0.wp.com\/poterie-de-crestet.com\/wp-content\/uploads\/2025\/04\/Poterie-du-Crestet1054.jpg?fit=800%2C532&ssl=1","type":"image\/jpeg"}],"twitter_card":"summary_large_image","schema":{"@context":"https:\/\/schema.org","@graph":[{"@type":"WebPage","@id":"https:\/\/poterie-de-crestet.com\/de\/keramik\/wasseraschenbecher-farbige-tropfen\/","url":"https:\/\/poterie-de-crestet.com\/de\/keramik\/wasseraschenbecher-farbige-tropfen\/","name":"Wasseraschenbecher Farbige Tropfen - Poterie de Crestet","isPartOf":{"@id":"https:\/\/poterie-de-crestet.com\/de\/#website"},"primaryImageOfPage":{"@id":"https:\/\/poterie-de-crestet.com\/de\/keramik\/wasseraschenbecher-farbige-tropfen\/#primaryimage"},"image":{"@id":"https:\/\/poterie-de-crestet.com\/de\/keramik\/wasseraschenbecher-farbige-tropfen\/#primaryimage"},"thumbnailUrl":"https:\/\/i0.wp.com\/poterie-de-crestet.com\/wp-content\/uploads\/2025\/04\/Poterie-du-Crestet1054.jpg?fit=800%2C532&ssl=1","datePublished":"2025-04-09T13:28:26+00:00","description":"Wasseraschenbecher Farbige Tropfen, gro\u00dfes Modell. Praktisch und festlich f\u00fcr Raucher am Tisch. Effektiv und geruchslos ausgel\u00f6scht.","breadcrumb":{"@id":"https:\/\/poterie-de-crestet.com\/de\/keramik\/wasseraschenbecher-farbige-tropfen\/#breadcrumb"},"inLanguage":"de","potentialAction":[{"@type":"ReadAction","target":["https:\/\/poterie-de-crestet.com\/de\/keramik\/wasseraschenbecher-farbige-tropfen\/"]}]},{"@type":"ImageObject","inLanguage":"de","@id":"https:\/\/poterie-de-crestet.com\/de\/keramik\/wasseraschenbecher-farbige-tropfen\/#primaryimage","url":"https:\/\/i0.wp.com\/poterie-de-crestet.com\/wp-content\/uploads\/2025\/04\/Poterie-du-Crestet1054.jpg?fit=800%2C532&ssl=1","contentUrl":"https:\/\/i0.wp.com\/poterie-de-crestet.com\/wp-content\/uploads\/2025\/04\/Poterie-du-Crestet1054.jpg?fit=800%2C532&ssl=1","width":800,"height":532,"caption":"Wasser-Aschenbecher-farbige Tropfen"},{"@type":"BreadcrumbList","@id":"https:\/\/poterie-de-crestet.com\/de\/keramik\/wasseraschenbecher-farbige-tropfen\/#breadcrumb","itemListElement":[{"@type":"ListItem","position":1,"name":"Accueil","item":"https:\/\/poterie-de-crestet.com\/de\/accueil\/"},{"@type":"ListItem","position":2,"name":"Boutique","item":"https:\/\/poterie-de-crestet.com\/ceramiques\/"},{"@type":"ListItem","position":3,"name":"Wasseraschenbecher Farbige Tropfen"}]},{"@type":"WebSite","@id":"https:\/\/poterie-de-crestet.com\/de\/#website","url":"https:\/\/poterie-de-crestet.com\/de\/","name":"Poterie de Crestet","description":"Des milliers de poteries inpir\u00e9es de la Provence","publisher":{"@id":"https:\/\/poterie-de-crestet.com\/de\/#organization"},"potentialAction":[{"@type":"SearchAction","target":{"@type":"EntryPoint","urlTemplate":"https:\/\/poterie-de-crestet.com\/de\/?s={search_term_string}"},"query-input":{"@type":"PropertyValueSpecification","valueRequired":true,"valueName":"search_term_string"}}],"inLanguage":"de"},{"@type":"Organization","@id":"https:\/\/poterie-de-crestet.com\/de\/#organization","name":"Poterie de Crestet","url":"https:\/\/poterie-de-crestet.com\/de\/","logo":{"@type":"ImageObject","inLanguage":"de","@id":"https:\/\/poterie-de-crestet.com\/de\/#\/schema\/logo\/image\/","url":"https:\/\/i0.wp.com\/poterie-de-crestet.com\/wp-content\/uploads\/2025\/03\/Propo-4.png?fit=1000%2C462&ssl=1","contentUrl":"https:\/\/i0.wp.com\/poterie-de-crestet.com\/wp-content\/uploads\/2025\/03\/Propo-4.png?fit=1000%2C462&ssl=1","width":1000,"height":462,"caption":"Poterie de Crestet"},"image":{"@id":"https:\/\/poterie-de-crestet.com\/de\/#\/schema\/logo\/image\/"}}]}},"jetpack_sharing_enabled":true,"_links":{"self":[{"href":"https:\/\/poterie-de-crestet.com\/de\/wp-json\/wp\/v2\/product\/18959","targetHints":{"allow":["GET"]}}],"collection":[{"href":"https:\/\/poterie-de-crestet.com\/de\/wp-json\/wp\/v2\/product"}],"about":[{"href":"https:\/\/poterie-de-crestet.com\/de\/wp-json\/wp\/v2\/types\/product"}],"replies":[{"embeddable":true,"href":"https:\/\/poterie-de-crestet.com\/de\/wp-json\/wp\/v2\/comments?post=18959"}],"version-history":[{"count":0,"href":"https:\/\/poterie-de-crestet.com\/de\/wp-json\/wp\/v2\/product\/18959\/revisions"}],"wp:featuredmedia":[{"embeddable":true,"href":"https:\/\/poterie-de-crestet.com\/de\/wp-json\/wp\/v2\/media\/6596"}],"wp:attachment":[{"href":"https:\/\/poterie-de-crestet.com\/de\/wp-json\/wp\/v2\/media?parent=18959"}],"wp:term":[{"taxonomy":"product_brand","embeddable":true,"href":"https:\/\/poterie-de-crestet.com\/de\/wp-json\/wp\/v2\/product_brand?post=18959"},{"taxonomy":"product_cat","embeddable":true,"href":"https:\/\/poterie-de-crestet.com\/de\/wp-json\/wp\/v2\/product_cat?post=18959"},{"taxonomy":"product_tag","embeddable":true,"href":"https:\/\/poterie-de-crestet.com\/de\/wp-json\/wp\/v2\/product_tag?post=18959"}],"curies":[{"name":"wp","href":"https:\/\/api.w.org\/{rel}","templated":true}]}}