{"id":18943,"date":"2025-04-09T16:21:10","date_gmt":"2025-04-09T14:21:10","guid":{"rendered":"https:\/\/poterie-de-crestet.com\/ceramiques\/eierbecher-blue-drops\/"},"modified":"2025-04-09T16:21:10","modified_gmt":"2025-04-09T14:21:10","slug":"eierbecher-blue-drops","status":"publish","type":"product","link":"https:\/\/poterie-de-crestet.com\/de\/keramik\/eierbecher-blue-drops\/","title":{"rendered":"Eierbecher  <h5>Blue Drops<\/h5>"},"content":{"rendered":"<p>F\u00fcr ein weichgekochtes Ei, das gut in seinem Eierbecher sitzt, ist das Blue Drops Modell eine ausgezeichnete Wahl. Kompakt und elegant, bleibt sie an Ort und Stelle, l\u00e4uft nicht \u00fcber und l\u00e4sst sich m\u00fchelos reinigen.<br data-start=\"3464\" data-end=\"3467\">Die grafische Dekoration wird von Hand aufgetragen, und die Keramik tr\u00e4gt den Geschirrsp\u00fcler.<br data-start=\"3553\" data-end=\"3556\">Ein Detail auf dem Tisch, aber allt\u00e4glicher Komfort. <\/p>\n<p>Die <a href=\"https:\/\/poterie-de-crestet.com\/de\/keramik\/tasse-blue-drops\/\"><strong data-start=\"2026\" data-end=\"2048\">Blue Drops Tasse<\/strong><\/a> ist eine tolle Erg\u00e4nzung zu deinem Fr\u00fchst\u00fcck.<br data-start=\"2088\" data-end=\"2091\">Im selben Dekor bringt die <a href=\"https:\/\/poterie-de-crestet.com\/de\/keramik\/low-flat-blue-drops\/\"><strong data-start=\"2114\" data-end=\"2141\">Gouttes bleues Low Dish<\/strong><\/a> Eleganz in Ihre Mahlzeiten.<\/p>\n","protected":false},"excerpt":{"rendered":"<p>Ein n\u00fcchterner und origineller Eierbecher f\u00fcr deine gekochten Eier. Stabil und leicht zu lagern. <br data-start=\"1047\" data-end=\"1050\"><strong data-start=\"1050\" data-end=\"1081\"><em data-start=\"1052\" data-end=\"1079\">Abmessungen: 4,5 \u00d7 7,5 cm<\/em><\/strong><\/p>\n","protected":false},"featured_media":6676,"comment_status":"open","ping_status":"closed","template":"","meta":[],"product_brand":[],"product_cat":[306],"product_tag":[323],"class_list":{"0":"post-18943","1":"product","2":"type-product","3":"status-publish","4":"has-post-thumbnail","6":"product_cat-eierbecher","7":"product_tag-blue-drops","9":"first","10":"instock","11":"taxable","12":"shipping-taxable","13":"purchasable","14":"product-type-simple"},"yoast_head":"<!-- This site is optimized with the Yoast SEO plugin v27.5 - https:\/\/yoast.com\/product\/yoast-seo-wordpress\/ -->\n<title>Eierbecher Blue Drops - Poterie de Crestet<\/title>\n<meta name=\"description\" content=\"Blue Drops Eierbecher, praktisch und dekorativ. Geschirrsp\u00fcler- und mikrowellenfest, perfekt f\u00fcr Ihre t\u00e4glichen Mahlzeiten.\" \/>\n<meta name=\"robots\" content=\"index, follow, max-snippet:-1, max-image-preview:large, max-video-preview:-1\" \/>\n<link rel=\"canonical\" href=\"https:\/\/poterie-de-crestet.com\/de\/keramik\/eierbecher-blue-drops\/\" \/>\n<meta property=\"og:locale\" content=\"de_DE\" \/>\n<meta property=\"og:type\" content=\"article\" \/>\n<meta property=\"og:title\" content=\"Eierbecher Blue Drops - Poterie de Crestet\" \/>\n<meta property=\"og:description\" content=\"Blue Drops Eierbecher, praktisch und dekorativ. Geschirrsp\u00fcler- und mikrowellenfest, perfekt f\u00fcr Ihre t\u00e4glichen Mahlzeiten.\" \/>\n<meta property=\"og:url\" content=\"https:\/\/poterie-de-crestet.com\/de\/keramik\/eierbecher-blue-drops\/\" \/>\n<meta property=\"og:site_name\" content=\"Poterie de Crestet\" \/>\n<meta property=\"og:image\" content=\"https:\/\/i0.wp.com\/poterie-de-crestet.com\/wp-content\/uploads\/2025\/04\/Poterie-du-Crestet1345.jpg?fit=800%2C532&ssl=1\" \/>\n\t<meta property=\"og:image:width\" content=\"800\" \/>\n\t<meta property=\"og:image:height\" content=\"532\" \/>\n\t<meta property=\"og:image:type\" content=\"image\/jpeg\" \/>\n<meta name=\"twitter:card\" content=\"summary_large_image\" \/>\n<script type=\"application\/ld+json\" class=\"yoast-schema-graph\">{\"@context\":\"https:\\\/\\\/schema.org\",\"@graph\":[{\"@type\":\"WebPage\",\"@id\":\"https:\\\/\\\/poterie-de-crestet.com\\\/de\\\/keramik\\\/eierbecher-blue-drops\\\/\",\"url\":\"https:\\\/\\\/poterie-de-crestet.com\\\/de\\\/keramik\\\/eierbecher-blue-drops\\\/\",\"name\":\"Eierbecher Blue Drops - Poterie de Crestet\",\"isPartOf\":{\"@id\":\"https:\\\/\\\/poterie-de-crestet.com\\\/de\\\/#website\"},\"primaryImageOfPage\":{\"@id\":\"https:\\\/\\\/poterie-de-crestet.com\\\/de\\\/keramik\\\/eierbecher-blue-drops\\\/#primaryimage\"},\"image\":{\"@id\":\"https:\\\/\\\/poterie-de-crestet.com\\\/de\\\/keramik\\\/eierbecher-blue-drops\\\/#primaryimage\"},\"thumbnailUrl\":\"https:\\\/\\\/i0.wp.com\\\/poterie-de-crestet.com\\\/wp-content\\\/uploads\\\/2025\\\/04\\\/Poterie-du-Crestet1345.jpg?fit=800%2C532&ssl=1\",\"datePublished\":\"2025-04-09T14:21:10+00:00\",\"description\":\"Blue Drops Eierbecher, praktisch und dekorativ. Geschirrsp\u00fcler- und mikrowellenfest, perfekt f\u00fcr Ihre t\u00e4glichen Mahlzeiten.\",\"breadcrumb\":{\"@id\":\"https:\\\/\\\/poterie-de-crestet.com\\\/de\\\/keramik\\\/eierbecher-blue-drops\\\/#breadcrumb\"},\"inLanguage\":\"de\",\"potentialAction\":[{\"@type\":\"ReadAction\",\"target\":[\"https:\\\/\\\/poterie-de-crestet.com\\\/de\\\/keramik\\\/eierbecher-blue-drops\\\/\"]}]},{\"@type\":\"ImageObject\",\"inLanguage\":\"de\",\"@id\":\"https:\\\/\\\/poterie-de-crestet.com\\\/de\\\/keramik\\\/eierbecher-blue-drops\\\/#primaryimage\",\"url\":\"https:\\\/\\\/i0.wp.com\\\/poterie-de-crestet.com\\\/wp-content\\\/uploads\\\/2025\\\/04\\\/Poterie-du-Crestet1345.jpg?fit=800%2C532&ssl=1\",\"contentUrl\":\"https:\\\/\\\/i0.wp.com\\\/poterie-de-crestet.com\\\/wp-content\\\/uploads\\\/2025\\\/04\\\/Poterie-du-Crestet1345.jpg?fit=800%2C532&ssl=1\",\"width\":800,\"height\":532,\"caption\":\"Eierbecher Blaue Tropfen\"},{\"@type\":\"BreadcrumbList\",\"@id\":\"https:\\\/\\\/poterie-de-crestet.com\\\/de\\\/keramik\\\/eierbecher-blue-drops\\\/#breadcrumb\",\"itemListElement\":[{\"@type\":\"ListItem\",\"position\":1,\"name\":\"Accueil\",\"item\":\"https:\\\/\\\/poterie-de-crestet.com\\\/de\\\/accueil\\\/\"},{\"@type\":\"ListItem\",\"position\":2,\"name\":\"Boutique\",\"item\":\"https:\\\/\\\/poterie-de-crestet.com\\\/ceramiques\\\/\"},{\"@type\":\"ListItem\",\"position\":3,\"name\":\"Eierbecher Blue Drops\"}]},{\"@type\":\"WebSite\",\"@id\":\"https:\\\/\\\/poterie-de-crestet.com\\\/de\\\/#website\",\"url\":\"https:\\\/\\\/poterie-de-crestet.com\\\/de\\\/\",\"name\":\"Poterie de Crestet\",\"description\":\"Des milliers de poteries inpir\u00e9es de la Provence\",\"publisher\":{\"@id\":\"https:\\\/\\\/poterie-de-crestet.com\\\/de\\\/#organization\"},\"potentialAction\":[{\"@type\":\"SearchAction\",\"target\":{\"@type\":\"EntryPoint\",\"urlTemplate\":\"https:\\\/\\\/poterie-de-crestet.com\\\/de\\\/?s={search_term_string}\"},\"query-input\":{\"@type\":\"PropertyValueSpecification\",\"valueRequired\":true,\"valueName\":\"search_term_string\"}}],\"inLanguage\":\"de\"},{\"@type\":\"Organization\",\"@id\":\"https:\\\/\\\/poterie-de-crestet.com\\\/de\\\/#organization\",\"name\":\"Poterie de Crestet\",\"url\":\"https:\\\/\\\/poterie-de-crestet.com\\\/de\\\/\",\"logo\":{\"@type\":\"ImageObject\",\"inLanguage\":\"de\",\"@id\":\"https:\\\/\\\/poterie-de-crestet.com\\\/de\\\/#\\\/schema\\\/logo\\\/image\\\/\",\"url\":\"https:\\\/\\\/i0.wp.com\\\/poterie-de-crestet.com\\\/wp-content\\\/uploads\\\/2025\\\/03\\\/Propo-4.png?fit=1000%2C462&ssl=1\",\"contentUrl\":\"https:\\\/\\\/i0.wp.com\\\/poterie-de-crestet.com\\\/wp-content\\\/uploads\\\/2025\\\/03\\\/Propo-4.png?fit=1000%2C462&ssl=1\",\"width\":1000,\"height\":462,\"caption\":\"Poterie de Crestet\"},\"image\":{\"@id\":\"https:\\\/\\\/poterie-de-crestet.com\\\/de\\\/#\\\/schema\\\/logo\\\/image\\\/\"}}]}<\/script>\n<!-- \/ Yoast SEO plugin. -->","yoast_head_json":{"title":"Eierbecher Blue Drops - Poterie de Crestet","description":"Blue Drops Eierbecher, praktisch und dekorativ. Geschirrsp\u00fcler- und mikrowellenfest, perfekt f\u00fcr Ihre t\u00e4glichen Mahlzeiten.","robots":{"index":"index","follow":"follow","max-snippet":"max-snippet:-1","max-image-preview":"max-image-preview:large","max-video-preview":"max-video-preview:-1"},"canonical":"https:\/\/poterie-de-crestet.com\/de\/keramik\/eierbecher-blue-drops\/","og_locale":"de_DE","og_type":"article","og_title":"Eierbecher Blue Drops - Poterie de Crestet","og_description":"Blue Drops Eierbecher, praktisch und dekorativ. Geschirrsp\u00fcler- und mikrowellenfest, perfekt f\u00fcr Ihre t\u00e4glichen Mahlzeiten.","og_url":"https:\/\/poterie-de-crestet.com\/de\/keramik\/eierbecher-blue-drops\/","og_site_name":"Poterie de Crestet","og_image":[{"width":800,"height":532,"url":"https:\/\/i0.wp.com\/poterie-de-crestet.com\/wp-content\/uploads\/2025\/04\/Poterie-du-Crestet1345.jpg?fit=800%2C532&ssl=1","type":"image\/jpeg"}],"twitter_card":"summary_large_image","schema":{"@context":"https:\/\/schema.org","@graph":[{"@type":"WebPage","@id":"https:\/\/poterie-de-crestet.com\/de\/keramik\/eierbecher-blue-drops\/","url":"https:\/\/poterie-de-crestet.com\/de\/keramik\/eierbecher-blue-drops\/","name":"Eierbecher Blue Drops - Poterie de Crestet","isPartOf":{"@id":"https:\/\/poterie-de-crestet.com\/de\/#website"},"primaryImageOfPage":{"@id":"https:\/\/poterie-de-crestet.com\/de\/keramik\/eierbecher-blue-drops\/#primaryimage"},"image":{"@id":"https:\/\/poterie-de-crestet.com\/de\/keramik\/eierbecher-blue-drops\/#primaryimage"},"thumbnailUrl":"https:\/\/i0.wp.com\/poterie-de-crestet.com\/wp-content\/uploads\/2025\/04\/Poterie-du-Crestet1345.jpg?fit=800%2C532&ssl=1","datePublished":"2025-04-09T14:21:10+00:00","description":"Blue Drops Eierbecher, praktisch und dekorativ. Geschirrsp\u00fcler- und mikrowellenfest, perfekt f\u00fcr Ihre t\u00e4glichen Mahlzeiten.","breadcrumb":{"@id":"https:\/\/poterie-de-crestet.com\/de\/keramik\/eierbecher-blue-drops\/#breadcrumb"},"inLanguage":"de","potentialAction":[{"@type":"ReadAction","target":["https:\/\/poterie-de-crestet.com\/de\/keramik\/eierbecher-blue-drops\/"]}]},{"@type":"ImageObject","inLanguage":"de","@id":"https:\/\/poterie-de-crestet.com\/de\/keramik\/eierbecher-blue-drops\/#primaryimage","url":"https:\/\/i0.wp.com\/poterie-de-crestet.com\/wp-content\/uploads\/2025\/04\/Poterie-du-Crestet1345.jpg?fit=800%2C532&ssl=1","contentUrl":"https:\/\/i0.wp.com\/poterie-de-crestet.com\/wp-content\/uploads\/2025\/04\/Poterie-du-Crestet1345.jpg?fit=800%2C532&ssl=1","width":800,"height":532,"caption":"Eierbecher Blaue Tropfen"},{"@type":"BreadcrumbList","@id":"https:\/\/poterie-de-crestet.com\/de\/keramik\/eierbecher-blue-drops\/#breadcrumb","itemListElement":[{"@type":"ListItem","position":1,"name":"Accueil","item":"https:\/\/poterie-de-crestet.com\/de\/accueil\/"},{"@type":"ListItem","position":2,"name":"Boutique","item":"https:\/\/poterie-de-crestet.com\/ceramiques\/"},{"@type":"ListItem","position":3,"name":"Eierbecher Blue Drops"}]},{"@type":"WebSite","@id":"https:\/\/poterie-de-crestet.com\/de\/#website","url":"https:\/\/poterie-de-crestet.com\/de\/","name":"Poterie de Crestet","description":"Des milliers de poteries inpir\u00e9es de la Provence","publisher":{"@id":"https:\/\/poterie-de-crestet.com\/de\/#organization"},"potentialAction":[{"@type":"SearchAction","target":{"@type":"EntryPoint","urlTemplate":"https:\/\/poterie-de-crestet.com\/de\/?s={search_term_string}"},"query-input":{"@type":"PropertyValueSpecification","valueRequired":true,"valueName":"search_term_string"}}],"inLanguage":"de"},{"@type":"Organization","@id":"https:\/\/poterie-de-crestet.com\/de\/#organization","name":"Poterie de Crestet","url":"https:\/\/poterie-de-crestet.com\/de\/","logo":{"@type":"ImageObject","inLanguage":"de","@id":"https:\/\/poterie-de-crestet.com\/de\/#\/schema\/logo\/image\/","url":"https:\/\/i0.wp.com\/poterie-de-crestet.com\/wp-content\/uploads\/2025\/03\/Propo-4.png?fit=1000%2C462&ssl=1","contentUrl":"https:\/\/i0.wp.com\/poterie-de-crestet.com\/wp-content\/uploads\/2025\/03\/Propo-4.png?fit=1000%2C462&ssl=1","width":1000,"height":462,"caption":"Poterie de Crestet"},"image":{"@id":"https:\/\/poterie-de-crestet.com\/de\/#\/schema\/logo\/image\/"}}]}},"jetpack_sharing_enabled":true,"_links":{"self":[{"href":"https:\/\/poterie-de-crestet.com\/de\/wp-json\/wp\/v2\/product\/18943","targetHints":{"allow":["GET"]}}],"collection":[{"href":"https:\/\/poterie-de-crestet.com\/de\/wp-json\/wp\/v2\/product"}],"about":[{"href":"https:\/\/poterie-de-crestet.com\/de\/wp-json\/wp\/v2\/types\/product"}],"replies":[{"embeddable":true,"href":"https:\/\/poterie-de-crestet.com\/de\/wp-json\/wp\/v2\/comments?post=18943"}],"version-history":[{"count":0,"href":"https:\/\/poterie-de-crestet.com\/de\/wp-json\/wp\/v2\/product\/18943\/revisions"}],"wp:featuredmedia":[{"embeddable":true,"href":"https:\/\/poterie-de-crestet.com\/de\/wp-json\/wp\/v2\/media\/6676"}],"wp:attachment":[{"href":"https:\/\/poterie-de-crestet.com\/de\/wp-json\/wp\/v2\/media?parent=18943"}],"wp:term":[{"taxonomy":"product_brand","embeddable":true,"href":"https:\/\/poterie-de-crestet.com\/de\/wp-json\/wp\/v2\/product_brand?post=18943"},{"taxonomy":"product_cat","embeddable":true,"href":"https:\/\/poterie-de-crestet.com\/de\/wp-json\/wp\/v2\/product_cat?post=18943"},{"taxonomy":"product_tag","embeddable":true,"href":"https:\/\/poterie-de-crestet.com\/de\/wp-json\/wp\/v2\/product_tag?post=18943"}],"curies":[{"name":"wp","href":"https:\/\/api.w.org\/{rel}","templated":true}]}}