{"id":18773,"date":"2025-04-09T17:41:49","date_gmt":"2025-04-09T15:41:49","guid":{"rendered":"https:\/\/poterie-de-crestet.com\/ceramiques\/marmeladentrichter-zitrone\/"},"modified":"2026-02-17T09:33:42","modified_gmt":"2026-02-17T08:33:42","slug":"entonnoir-confiture-citron","status":"publish","type":"product","link":"https:\/\/poterie-de-crestet.com\/de\/keramik\/entonnoir-confiture-citron\/","title":{"rendered":"Zitronenmarmeladen-Trichter <h5>"},"content":{"rendered":"<p data-start=\"6894\" data-end=\"7296\">Farbenfroh und sonnig macht die <strong data-start=\"6962\" data-end=\"6972\">Zitronendekoration<\/strong> den Marmeladentrichter ebenso praktisch wie dekorativ. Sie besteht aus Keramik, misst 16,2 cm im Durchmesser, ist 9,2 cm hoch und hat eine 4 cm gro\u00dfe Spitze, die perfekt f\u00fcr Standardt\u00f6pfe geeignet ist. Sein breiter Hals erleichtert das Umtragen von Marmeladen, Kompotten oder So\u00dfen, wodurch Spritzen und Abfall begrenzt werden.<\/p>\n<p data-start=\"7298\" data-end=\"7698\"><strong data-start=\"7301\" data-end=\"7314\">Keramik<\/strong> ist eine kluge Wahl: Sie ist hitzebest\u00e4ndig, im Gegensatz zu Kunststoff, der sich verformt, und bleibt angenehm zu handhaben, im Gegensatz zu Edelstahl, der die Finger verbrennt. Sie ver\u00e4ndert den Geschmack der Zubereitungen nicht und beh\u00e4lt ihren Glanz auch bei der Benutzung. Trichter sind mit Geschirrsp\u00fcler und Mikrowelle kompatibel und lassen sich leicht reinigen und ohne Einschr\u00e4nkungen verwenden.<\/p>\n<p data-start=\"7700\" data-end=\"7963\"><strong data-start=\"7715\" data-end=\"7725\">Mit seiner Zitronendekoration<\/strong> verleiht sie der K\u00fcche eine fr\u00f6hliche Note. Mit einem passenden <a href=\"https:\/\/poterie-de-crestet.com\/de\/keramik\/loeffelauflage-zitrone\/\"><strong data-start=\"7786\" data-end=\"7805\">L\u00f6ffelauflage<\/strong><\/a> h\u00e4lt er die Arbeitsplatte sauber, oder mit einem <a href=\"https:\/\/poterie-de-crestet.com\/de\/keramik\/abtropfen-zitrone\/\"><strong data-start=\"7862\" data-end=\"7884\">Obstabtropfen<\/strong><\/a> zur Vorbereitung der Zutaten bildet er ein komplettes und praktisches Panorama.<\/p>\n<p data-start=\"7965\" data-end=\"8340\">Ob Sommermarmeladen, So\u00dfen f\u00fcr Familienessen oder selbstgemachte Geschenke \u2013 dieser Trichter macht die Geste sicher und pr\u00e4zise. Kein Spritzen mehr auf der Arbeitsplatte, keine Gl\u00e4ser, die immer sauber gef\u00fcllt sind, und eine K\u00fcche, die auch bei gro\u00dfen Sterilisationssitzungen angenehm bleibt. Wenn du es einmal ausprobiert hast, wirst du nicht mehr ohne es auskommen k\u00f6nnen.  <\/p>\n","protected":false},"excerpt":{"rendered":"<p>Zitronenmarmeladentrichter: praktisch und farbenfroh f\u00fcr Marmeladen und So\u00dfen. Aus langlebiger Keramik gefertigt, leicht zu reinigen. Sp\u00fclmaschinen- und Mikrowellenfest.  <br data-start=\"8530\" data-end=\"8533\"><em data-start=\"8533\" data-end=\"8586\"><strong data-start=\"8534\" data-end=\"8585\">Abmessungen: \u00d8 16,2 cm \u2013 H 9,2 cm \u2013 D\u00fcse 4 cm<\/strong><\/em><\/p>\n","protected":false},"featured_media":5724,"comment_status":"closed","ping_status":"closed","template":"","meta":[],"product_brand":[],"product_cat":[322],"product_tag":[313],"class_list":{"0":"post-18773","1":"product","2":"type-product","3":"status-publish","4":"has-post-thumbnail","6":"product_cat-marmeladentrichter","7":"product_tag-zitrone","9":"first","10":"outofstock","11":"taxable","12":"shipping-taxable","13":"purchasable","14":"product-type-simple"},"yoast_head":"<!-- This site is optimized with the Yoast SEO plugin v27.5 - https:\/\/yoast.com\/product\/yoast-seo-wordpress\/ -->\n<title>Zitronenmarmeladen-Trichter  - Poterie de Crestet<\/title>\n<meta name=\"description\" content=\"Lemon Jam Funnel: Bunte und praktische Keramik f\u00fcr Marmeladen, So\u00dfen und Konfit\u00fcren. Leicht zu reinigen, sp\u00fclmaschinen- und mikrowellenfest.\" \/>\n<meta name=\"robots\" content=\"index, follow, max-snippet:-1, max-image-preview:large, max-video-preview:-1\" \/>\n<link rel=\"canonical\" href=\"https:\/\/poterie-de-crestet.com\/de\/keramik\/entonnoir-confiture-citron\/\" \/>\n<meta property=\"og:locale\" content=\"de_DE\" \/>\n<meta property=\"og:type\" content=\"article\" \/>\n<meta property=\"og:title\" content=\"Zitronenmarmeladen-Trichter  - Poterie de Crestet\" \/>\n<meta property=\"og:description\" content=\"Lemon Jam Funnel: Bunte und praktische Keramik f\u00fcr Marmeladen, So\u00dfen und Konfit\u00fcren. Leicht zu reinigen, sp\u00fclmaschinen- und mikrowellenfest.\" \/>\n<meta property=\"og:url\" content=\"https:\/\/poterie-de-crestet.com\/de\/keramik\/entonnoir-confiture-citron\/\" \/>\n<meta property=\"og:site_name\" content=\"Poterie de Crestet\" \/>\n<meta property=\"article:modified_time\" content=\"2026-02-17T08:33:42+00:00\" \/>\n<meta property=\"og:image\" content=\"https:\/\/i0.wp.com\/poterie-de-crestet.com\/wp-content\/uploads\/2025\/03\/Poterie-du-Crestet0940-e1748517401336.jpg?fit=800%2C532&ssl=1\" \/>\n\t<meta property=\"og:image:width\" content=\"800\" \/>\n\t<meta property=\"og:image:height\" content=\"532\" \/>\n\t<meta property=\"og:image:type\" content=\"image\/jpeg\" \/>\n<meta name=\"twitter:card\" content=\"summary_large_image\" \/>\n<meta name=\"twitter:label1\" content=\"Gesch\u00e4tzte Lesezeit\" \/>\n\t<meta name=\"twitter:data1\" content=\"1\u00a0Minute\" \/>\n<script type=\"application\/ld+json\" class=\"yoast-schema-graph\">{\"@context\":\"https:\\\/\\\/schema.org\",\"@graph\":[{\"@type\":\"WebPage\",\"@id\":\"https:\\\/\\\/poterie-de-crestet.com\\\/de\\\/keramik\\\/entonnoir-confiture-citron\\\/\",\"url\":\"https:\\\/\\\/poterie-de-crestet.com\\\/de\\\/keramik\\\/entonnoir-confiture-citron\\\/\",\"name\":\"Zitronenmarmeladen-Trichter - Poterie de Crestet\",\"isPartOf\":{\"@id\":\"https:\\\/\\\/poterie-de-crestet.com\\\/de\\\/#website\"},\"primaryImageOfPage\":{\"@id\":\"https:\\\/\\\/poterie-de-crestet.com\\\/de\\\/keramik\\\/entonnoir-confiture-citron\\\/#primaryimage\"},\"image\":{\"@id\":\"https:\\\/\\\/poterie-de-crestet.com\\\/de\\\/keramik\\\/entonnoir-confiture-citron\\\/#primaryimage\"},\"thumbnailUrl\":\"https:\\\/\\\/i0.wp.com\\\/poterie-de-crestet.com\\\/wp-content\\\/uploads\\\/2025\\\/03\\\/Poterie-du-Crestet0940-e1748517401336.jpg?fit=800%2C532&ssl=1\",\"datePublished\":\"2025-04-09T15:41:49+00:00\",\"dateModified\":\"2026-02-17T08:33:42+00:00\",\"description\":\"Lemon Jam Funnel: Bunte und praktische Keramik f\u00fcr Marmeladen, So\u00dfen und Konfit\u00fcren. Leicht zu reinigen, sp\u00fclmaschinen- und mikrowellenfest.\",\"breadcrumb\":{\"@id\":\"https:\\\/\\\/poterie-de-crestet.com\\\/de\\\/keramik\\\/entonnoir-confiture-citron\\\/#breadcrumb\"},\"inLanguage\":\"de\",\"potentialAction\":[{\"@type\":\"ReadAction\",\"target\":[\"https:\\\/\\\/poterie-de-crestet.com\\\/de\\\/keramik\\\/entonnoir-confiture-citron\\\/\"]}]},{\"@type\":\"ImageObject\",\"inLanguage\":\"de\",\"@id\":\"https:\\\/\\\/poterie-de-crestet.com\\\/de\\\/keramik\\\/entonnoir-confiture-citron\\\/#primaryimage\",\"url\":\"https:\\\/\\\/i0.wp.com\\\/poterie-de-crestet.com\\\/wp-content\\\/uploads\\\/2025\\\/03\\\/Poterie-du-Crestet0940-e1748517401336.jpg?fit=800%2C532&ssl=1\",\"contentUrl\":\"https:\\\/\\\/i0.wp.com\\\/poterie-de-crestet.com\\\/wp-content\\\/uploads\\\/2025\\\/03\\\/Poterie-du-Crestet0940-e1748517401336.jpg?fit=800%2C532&ssl=1\",\"width\":800,\"height\":532,\"caption\":\"Zitronenmarmeladentrichter\"},{\"@type\":\"BreadcrumbList\",\"@id\":\"https:\\\/\\\/poterie-de-crestet.com\\\/de\\\/keramik\\\/entonnoir-confiture-citron\\\/#breadcrumb\",\"itemListElement\":[{\"@type\":\"ListItem\",\"position\":1,\"name\":\"Accueil\",\"item\":\"https:\\\/\\\/poterie-de-crestet.com\\\/de\\\/accueil\\\/\"},{\"@type\":\"ListItem\",\"position\":2,\"name\":\"Boutique\",\"item\":\"https:\\\/\\\/poterie-de-crestet.com\\\/ceramiques\\\/\"},{\"@type\":\"ListItem\",\"position\":3,\"name\":\"Zitronenmarmeladen-Trichter\"}]},{\"@type\":\"WebSite\",\"@id\":\"https:\\\/\\\/poterie-de-crestet.com\\\/de\\\/#website\",\"url\":\"https:\\\/\\\/poterie-de-crestet.com\\\/de\\\/\",\"name\":\"Poterie de Crestet\",\"description\":\"Des milliers de poteries inpir\u00e9es de la Provence\",\"publisher\":{\"@id\":\"https:\\\/\\\/poterie-de-crestet.com\\\/de\\\/#organization\"},\"potentialAction\":[{\"@type\":\"SearchAction\",\"target\":{\"@type\":\"EntryPoint\",\"urlTemplate\":\"https:\\\/\\\/poterie-de-crestet.com\\\/de\\\/?s={search_term_string}\"},\"query-input\":{\"@type\":\"PropertyValueSpecification\",\"valueRequired\":true,\"valueName\":\"search_term_string\"}}],\"inLanguage\":\"de\"},{\"@type\":\"Organization\",\"@id\":\"https:\\\/\\\/poterie-de-crestet.com\\\/de\\\/#organization\",\"name\":\"Poterie de Crestet\",\"url\":\"https:\\\/\\\/poterie-de-crestet.com\\\/de\\\/\",\"logo\":{\"@type\":\"ImageObject\",\"inLanguage\":\"de\",\"@id\":\"https:\\\/\\\/poterie-de-crestet.com\\\/de\\\/#\\\/schema\\\/logo\\\/image\\\/\",\"url\":\"https:\\\/\\\/i0.wp.com\\\/poterie-de-crestet.com\\\/wp-content\\\/uploads\\\/2025\\\/03\\\/Propo-4.png?fit=1000%2C462&ssl=1\",\"contentUrl\":\"https:\\\/\\\/i0.wp.com\\\/poterie-de-crestet.com\\\/wp-content\\\/uploads\\\/2025\\\/03\\\/Propo-4.png?fit=1000%2C462&ssl=1\",\"width\":1000,\"height\":462,\"caption\":\"Poterie de Crestet\"},\"image\":{\"@id\":\"https:\\\/\\\/poterie-de-crestet.com\\\/de\\\/#\\\/schema\\\/logo\\\/image\\\/\"}}]}<\/script>\n<!-- \/ Yoast SEO plugin. -->","yoast_head_json":{"title":"Zitronenmarmeladen-Trichter  - Poterie de Crestet","description":"Lemon Jam Funnel: Bunte und praktische Keramik f\u00fcr Marmeladen, So\u00dfen und Konfit\u00fcren. Leicht zu reinigen, sp\u00fclmaschinen- und mikrowellenfest.","robots":{"index":"index","follow":"follow","max-snippet":"max-snippet:-1","max-image-preview":"max-image-preview:large","max-video-preview":"max-video-preview:-1"},"canonical":"https:\/\/poterie-de-crestet.com\/de\/keramik\/entonnoir-confiture-citron\/","og_locale":"de_DE","og_type":"article","og_title":"Zitronenmarmeladen-Trichter  - Poterie de Crestet","og_description":"Lemon Jam Funnel: Bunte und praktische Keramik f\u00fcr Marmeladen, So\u00dfen und Konfit\u00fcren. Leicht zu reinigen, sp\u00fclmaschinen- und mikrowellenfest.","og_url":"https:\/\/poterie-de-crestet.com\/de\/keramik\/entonnoir-confiture-citron\/","og_site_name":"Poterie de Crestet","article_modified_time":"2026-02-17T08:33:42+00:00","og_image":[{"width":800,"height":532,"url":"https:\/\/i0.wp.com\/poterie-de-crestet.com\/wp-content\/uploads\/2025\/03\/Poterie-du-Crestet0940-e1748517401336.jpg?fit=800%2C532&ssl=1","type":"image\/jpeg"}],"twitter_card":"summary_large_image","twitter_misc":{"Gesch\u00e4tzte Lesezeit":"1\u00a0Minute"},"schema":{"@context":"https:\/\/schema.org","@graph":[{"@type":"WebPage","@id":"https:\/\/poterie-de-crestet.com\/de\/keramik\/entonnoir-confiture-citron\/","url":"https:\/\/poterie-de-crestet.com\/de\/keramik\/entonnoir-confiture-citron\/","name":"Zitronenmarmeladen-Trichter - Poterie de Crestet","isPartOf":{"@id":"https:\/\/poterie-de-crestet.com\/de\/#website"},"primaryImageOfPage":{"@id":"https:\/\/poterie-de-crestet.com\/de\/keramik\/entonnoir-confiture-citron\/#primaryimage"},"image":{"@id":"https:\/\/poterie-de-crestet.com\/de\/keramik\/entonnoir-confiture-citron\/#primaryimage"},"thumbnailUrl":"https:\/\/i0.wp.com\/poterie-de-crestet.com\/wp-content\/uploads\/2025\/03\/Poterie-du-Crestet0940-e1748517401336.jpg?fit=800%2C532&ssl=1","datePublished":"2025-04-09T15:41:49+00:00","dateModified":"2026-02-17T08:33:42+00:00","description":"Lemon Jam Funnel: Bunte und praktische Keramik f\u00fcr Marmeladen, So\u00dfen und Konfit\u00fcren. Leicht zu reinigen, sp\u00fclmaschinen- und mikrowellenfest.","breadcrumb":{"@id":"https:\/\/poterie-de-crestet.com\/de\/keramik\/entonnoir-confiture-citron\/#breadcrumb"},"inLanguage":"de","potentialAction":[{"@type":"ReadAction","target":["https:\/\/poterie-de-crestet.com\/de\/keramik\/entonnoir-confiture-citron\/"]}]},{"@type":"ImageObject","inLanguage":"de","@id":"https:\/\/poterie-de-crestet.com\/de\/keramik\/entonnoir-confiture-citron\/#primaryimage","url":"https:\/\/i0.wp.com\/poterie-de-crestet.com\/wp-content\/uploads\/2025\/03\/Poterie-du-Crestet0940-e1748517401336.jpg?fit=800%2C532&ssl=1","contentUrl":"https:\/\/i0.wp.com\/poterie-de-crestet.com\/wp-content\/uploads\/2025\/03\/Poterie-du-Crestet0940-e1748517401336.jpg?fit=800%2C532&ssl=1","width":800,"height":532,"caption":"Zitronenmarmeladentrichter"},{"@type":"BreadcrumbList","@id":"https:\/\/poterie-de-crestet.com\/de\/keramik\/entonnoir-confiture-citron\/#breadcrumb","itemListElement":[{"@type":"ListItem","position":1,"name":"Accueil","item":"https:\/\/poterie-de-crestet.com\/de\/accueil\/"},{"@type":"ListItem","position":2,"name":"Boutique","item":"https:\/\/poterie-de-crestet.com\/ceramiques\/"},{"@type":"ListItem","position":3,"name":"Zitronenmarmeladen-Trichter"}]},{"@type":"WebSite","@id":"https:\/\/poterie-de-crestet.com\/de\/#website","url":"https:\/\/poterie-de-crestet.com\/de\/","name":"Poterie de Crestet","description":"Des milliers de poteries inpir\u00e9es de la Provence","publisher":{"@id":"https:\/\/poterie-de-crestet.com\/de\/#organization"},"potentialAction":[{"@type":"SearchAction","target":{"@type":"EntryPoint","urlTemplate":"https:\/\/poterie-de-crestet.com\/de\/?s={search_term_string}"},"query-input":{"@type":"PropertyValueSpecification","valueRequired":true,"valueName":"search_term_string"}}],"inLanguage":"de"},{"@type":"Organization","@id":"https:\/\/poterie-de-crestet.com\/de\/#organization","name":"Poterie de Crestet","url":"https:\/\/poterie-de-crestet.com\/de\/","logo":{"@type":"ImageObject","inLanguage":"de","@id":"https:\/\/poterie-de-crestet.com\/de\/#\/schema\/logo\/image\/","url":"https:\/\/i0.wp.com\/poterie-de-crestet.com\/wp-content\/uploads\/2025\/03\/Propo-4.png?fit=1000%2C462&ssl=1","contentUrl":"https:\/\/i0.wp.com\/poterie-de-crestet.com\/wp-content\/uploads\/2025\/03\/Propo-4.png?fit=1000%2C462&ssl=1","width":1000,"height":462,"caption":"Poterie de Crestet"},"image":{"@id":"https:\/\/poterie-de-crestet.com\/de\/#\/schema\/logo\/image\/"}}]}},"jetpack_sharing_enabled":true,"_links":{"self":[{"href":"https:\/\/poterie-de-crestet.com\/de\/wp-json\/wp\/v2\/product\/18773","targetHints":{"allow":["GET"]}}],"collection":[{"href":"https:\/\/poterie-de-crestet.com\/de\/wp-json\/wp\/v2\/product"}],"about":[{"href":"https:\/\/poterie-de-crestet.com\/de\/wp-json\/wp\/v2\/types\/product"}],"replies":[{"embeddable":true,"href":"https:\/\/poterie-de-crestet.com\/de\/wp-json\/wp\/v2\/comments?post=18773"}],"version-history":[{"count":2,"href":"https:\/\/poterie-de-crestet.com\/de\/wp-json\/wp\/v2\/product\/18773\/revisions"}],"predecessor-version":[{"id":22806,"href":"https:\/\/poterie-de-crestet.com\/de\/wp-json\/wp\/v2\/product\/18773\/revisions\/22806"}],"wp:featuredmedia":[{"embeddable":true,"href":"https:\/\/poterie-de-crestet.com\/de\/wp-json\/wp\/v2\/media\/5724"}],"wp:attachment":[{"href":"https:\/\/poterie-de-crestet.com\/de\/wp-json\/wp\/v2\/media?parent=18773"}],"wp:term":[{"taxonomy":"product_brand","embeddable":true,"href":"https:\/\/poterie-de-crestet.com\/de\/wp-json\/wp\/v2\/product_brand?post=18773"},{"taxonomy":"product_cat","embeddable":true,"href":"https:\/\/poterie-de-crestet.com\/de\/wp-json\/wp\/v2\/product_cat?post=18773"},{"taxonomy":"product_tag","embeddable":true,"href":"https:\/\/poterie-de-crestet.com\/de\/wp-json\/wp\/v2\/product_tag?post=18773"}],"curies":[{"name":"wp","href":"https:\/\/api.w.org\/{rel}","templated":true}]}}