{"id":18757,"date":"2025-04-09T20:45:19","date_gmt":"2025-04-09T18:45:19","guid":{"rendered":"https:\/\/poterie-de-crestet.com\/ceramiques\/tasse-nyons-pink\/"},"modified":"2025-04-09T20:45:19","modified_gmt":"2025-04-09T18:45:19","slug":"tasse-nyons-pink","status":"publish","type":"product","link":"https:\/\/poterie-de-crestet.com\/de\/keramik\/tasse-nyons-pink\/","title":{"rendered":"Tasse  <h5>Nyons pink<\/h5>"},"content":{"rendered":"<p>Zart und weich ist diese rosa Nyons-Tasse ideal f\u00fcr einen abendlichen Kr\u00e4utertee oder eine leichte Schokolade.<br data-start=\"4312\" data-end=\"4315\">Ihre handgemalte Blumendekoration erinnert an Sommerm\u00e4rkte, und ihre stabile Form ruht bequem in der Palme.<br data-start=\"4432\" data-end=\"4435\">Eine sch\u00f6ne Tasse, die du dir anbieten oder dir g\u00f6nnen kannst.<br data-start=\"4470\" data-end=\"4473\"><strong data-start=\"4473\" data-end=\"4571\">Kombinieren Sie es mit einer <a class=\"\" href=\"https:\/\/poterie-de-crestet.com\/de\/keramik\/bowl-nyons-pink-2\/\" rel=\"noopener\" data-start=\"4492\" data-end=\"4515\">pinken Nyons-Schale<\/a> oder balancieren Sie mit einer <a class=\"\" href=\"https:\/\/poterie-de-crestet.com\/de\/keramik\/salt-hand-blauer-platz\/\" rel=\"noopener\" data-start=\"4542\" data-end=\"4568\">blauen Carr\u00e9-Salz-Hand<\/a>.<\/strong><\/p>\n","protected":false},"excerpt":{"rendered":"<p>Weiche und stabile Keramiktasse, perfekt f\u00fcr ein hei\u00dfes Getr\u00e4nk oder kalte Milch.<br data-start=\"1518\" data-end=\"1521\"><strong data-start=\"1521\" data-end=\"1552\"><em data-start=\"1523\" data-end=\"1550\">Abmessungen: 10,4 \u00d7 11 cm<\/em><\/strong><\/p>\n","protected":false},"featured_media":7006,"comment_status":"open","ping_status":"closed","template":"","meta":[],"product_brand":[],"product_cat":[272],"product_tag":[266],"class_list":{"0":"post-18757","1":"product","2":"type-product","3":"status-publish","4":"has-post-thumbnail","6":"product_cat-tassen-und-tassen","7":"product_tag-nyons-pink","9":"first","10":"instock","11":"taxable","12":"shipping-taxable","13":"purchasable","14":"product-type-simple"},"yoast_head":"<!-- This site is optimized with the Yoast SEO plugin v27.5 - https:\/\/yoast.com\/product\/yoast-seo-wordpress\/ -->\n<title>Tasse Nyons pink - Poterie de Crestet<\/title>\n<meta name=\"description\" content=\"Pink Nyons Keramik-Kegelbecher: ideal f\u00fcr Kaffee, Tee oder hei\u00dfe Schokolade. Auch f\u00fcr kalte Getr\u00e4nke geeignet. Zart, praktisch und langlebig.\" \/>\n<meta name=\"robots\" content=\"index, follow, max-snippet:-1, max-image-preview:large, max-video-preview:-1\" \/>\n<link rel=\"canonical\" href=\"https:\/\/poterie-de-crestet.com\/de\/keramik\/tasse-nyons-pink\/\" \/>\n<meta property=\"og:locale\" content=\"de_DE\" \/>\n<meta property=\"og:type\" content=\"article\" \/>\n<meta property=\"og:title\" content=\"Tasse Nyons pink - Poterie de Crestet\" \/>\n<meta property=\"og:description\" content=\"Pink Nyons Keramik-Kegelbecher: ideal f\u00fcr Kaffee, Tee oder hei\u00dfe Schokolade. Auch f\u00fcr kalte Getr\u00e4nke geeignet. Zart, praktisch und langlebig.\" \/>\n<meta property=\"og:url\" content=\"https:\/\/poterie-de-crestet.com\/de\/keramik\/tasse-nyons-pink\/\" \/>\n<meta property=\"og:site_name\" content=\"Poterie de Crestet\" \/>\n<meta property=\"og:image\" content=\"https:\/\/i0.wp.com\/poterie-de-crestet.com\/wp-content\/uploads\/2025\/04\/Poterie-du-Crestet0866.jpg?fit=800%2C532&ssl=1\" \/>\n\t<meta property=\"og:image:width\" content=\"800\" \/>\n\t<meta property=\"og:image:height\" content=\"532\" \/>\n\t<meta property=\"og:image:type\" content=\"image\/jpeg\" \/>\n<meta name=\"twitter:card\" content=\"summary_large_image\" \/>\n<script type=\"application\/ld+json\" class=\"yoast-schema-graph\">{\"@context\":\"https:\\\/\\\/schema.org\",\"@graph\":[{\"@type\":\"WebPage\",\"@id\":\"https:\\\/\\\/poterie-de-crestet.com\\\/de\\\/keramik\\\/tasse-nyons-pink\\\/\",\"url\":\"https:\\\/\\\/poterie-de-crestet.com\\\/de\\\/keramik\\\/tasse-nyons-pink\\\/\",\"name\":\"Tasse Nyons pink - Poterie de Crestet\",\"isPartOf\":{\"@id\":\"https:\\\/\\\/poterie-de-crestet.com\\\/de\\\/#website\"},\"primaryImageOfPage\":{\"@id\":\"https:\\\/\\\/poterie-de-crestet.com\\\/de\\\/keramik\\\/tasse-nyons-pink\\\/#primaryimage\"},\"image\":{\"@id\":\"https:\\\/\\\/poterie-de-crestet.com\\\/de\\\/keramik\\\/tasse-nyons-pink\\\/#primaryimage\"},\"thumbnailUrl\":\"https:\\\/\\\/i0.wp.com\\\/poterie-de-crestet.com\\\/wp-content\\\/uploads\\\/2025\\\/04\\\/Poterie-du-Crestet0866.jpg?fit=800%2C532&ssl=1\",\"datePublished\":\"2025-04-09T18:45:19+00:00\",\"description\":\"Pink Nyons Keramik-Kegelbecher: ideal f\u00fcr Kaffee, Tee oder hei\u00dfe Schokolade. Auch f\u00fcr kalte Getr\u00e4nke geeignet. Zart, praktisch und langlebig.\",\"breadcrumb\":{\"@id\":\"https:\\\/\\\/poterie-de-crestet.com\\\/de\\\/keramik\\\/tasse-nyons-pink\\\/#breadcrumb\"},\"inLanguage\":\"de\",\"potentialAction\":[{\"@type\":\"ReadAction\",\"target\":[\"https:\\\/\\\/poterie-de-crestet.com\\\/de\\\/keramik\\\/tasse-nyons-pink\\\/\"]}]},{\"@type\":\"ImageObject\",\"inLanguage\":\"de\",\"@id\":\"https:\\\/\\\/poterie-de-crestet.com\\\/de\\\/keramik\\\/tasse-nyons-pink\\\/#primaryimage\",\"url\":\"https:\\\/\\\/i0.wp.com\\\/poterie-de-crestet.com\\\/wp-content\\\/uploads\\\/2025\\\/04\\\/Poterie-du-Crestet0866.jpg?fit=800%2C532&ssl=1\",\"contentUrl\":\"https:\\\/\\\/i0.wp.com\\\/poterie-de-crestet.com\\\/wp-content\\\/uploads\\\/2025\\\/04\\\/Poterie-du-Crestet0866.jpg?fit=800%2C532&ssl=1\",\"width\":800,\"height\":532,\"caption\":\"Rosa Nyons-Tasse\"},{\"@type\":\"BreadcrumbList\",\"@id\":\"https:\\\/\\\/poterie-de-crestet.com\\\/de\\\/keramik\\\/tasse-nyons-pink\\\/#breadcrumb\",\"itemListElement\":[{\"@type\":\"ListItem\",\"position\":1,\"name\":\"Accueil\",\"item\":\"https:\\\/\\\/poterie-de-crestet.com\\\/de\\\/accueil\\\/\"},{\"@type\":\"ListItem\",\"position\":2,\"name\":\"Boutique\",\"item\":\"https:\\\/\\\/poterie-de-crestet.com\\\/ceramiques\\\/\"},{\"@type\":\"ListItem\",\"position\":3,\"name\":\"Tasse Nyons pink\"}]},{\"@type\":\"WebSite\",\"@id\":\"https:\\\/\\\/poterie-de-crestet.com\\\/de\\\/#website\",\"url\":\"https:\\\/\\\/poterie-de-crestet.com\\\/de\\\/\",\"name\":\"Poterie de Crestet\",\"description\":\"Des milliers de poteries inpir\u00e9es de la Provence\",\"publisher\":{\"@id\":\"https:\\\/\\\/poterie-de-crestet.com\\\/de\\\/#organization\"},\"potentialAction\":[{\"@type\":\"SearchAction\",\"target\":{\"@type\":\"EntryPoint\",\"urlTemplate\":\"https:\\\/\\\/poterie-de-crestet.com\\\/de\\\/?s={search_term_string}\"},\"query-input\":{\"@type\":\"PropertyValueSpecification\",\"valueRequired\":true,\"valueName\":\"search_term_string\"}}],\"inLanguage\":\"de\"},{\"@type\":\"Organization\",\"@id\":\"https:\\\/\\\/poterie-de-crestet.com\\\/de\\\/#organization\",\"name\":\"Poterie de Crestet\",\"url\":\"https:\\\/\\\/poterie-de-crestet.com\\\/de\\\/\",\"logo\":{\"@type\":\"ImageObject\",\"inLanguage\":\"de\",\"@id\":\"https:\\\/\\\/poterie-de-crestet.com\\\/de\\\/#\\\/schema\\\/logo\\\/image\\\/\",\"url\":\"https:\\\/\\\/i0.wp.com\\\/poterie-de-crestet.com\\\/wp-content\\\/uploads\\\/2025\\\/03\\\/Propo-4.png?fit=1000%2C462&ssl=1\",\"contentUrl\":\"https:\\\/\\\/i0.wp.com\\\/poterie-de-crestet.com\\\/wp-content\\\/uploads\\\/2025\\\/03\\\/Propo-4.png?fit=1000%2C462&ssl=1\",\"width\":1000,\"height\":462,\"caption\":\"Poterie de Crestet\"},\"image\":{\"@id\":\"https:\\\/\\\/poterie-de-crestet.com\\\/de\\\/#\\\/schema\\\/logo\\\/image\\\/\"}}]}<\/script>\n<!-- \/ Yoast SEO plugin. -->","yoast_head_json":{"title":"Tasse Nyons pink - Poterie de Crestet","description":"Pink Nyons Keramik-Kegelbecher: ideal f\u00fcr Kaffee, Tee oder hei\u00dfe Schokolade. Auch f\u00fcr kalte Getr\u00e4nke geeignet. Zart, praktisch und langlebig.","robots":{"index":"index","follow":"follow","max-snippet":"max-snippet:-1","max-image-preview":"max-image-preview:large","max-video-preview":"max-video-preview:-1"},"canonical":"https:\/\/poterie-de-crestet.com\/de\/keramik\/tasse-nyons-pink\/","og_locale":"de_DE","og_type":"article","og_title":"Tasse Nyons pink - Poterie de Crestet","og_description":"Pink Nyons Keramik-Kegelbecher: ideal f\u00fcr Kaffee, Tee oder hei\u00dfe Schokolade. Auch f\u00fcr kalte Getr\u00e4nke geeignet. Zart, praktisch und langlebig.","og_url":"https:\/\/poterie-de-crestet.com\/de\/keramik\/tasse-nyons-pink\/","og_site_name":"Poterie de Crestet","og_image":[{"width":800,"height":532,"url":"https:\/\/i0.wp.com\/poterie-de-crestet.com\/wp-content\/uploads\/2025\/04\/Poterie-du-Crestet0866.jpg?fit=800%2C532&ssl=1","type":"image\/jpeg"}],"twitter_card":"summary_large_image","schema":{"@context":"https:\/\/schema.org","@graph":[{"@type":"WebPage","@id":"https:\/\/poterie-de-crestet.com\/de\/keramik\/tasse-nyons-pink\/","url":"https:\/\/poterie-de-crestet.com\/de\/keramik\/tasse-nyons-pink\/","name":"Tasse Nyons pink - Poterie de Crestet","isPartOf":{"@id":"https:\/\/poterie-de-crestet.com\/de\/#website"},"primaryImageOfPage":{"@id":"https:\/\/poterie-de-crestet.com\/de\/keramik\/tasse-nyons-pink\/#primaryimage"},"image":{"@id":"https:\/\/poterie-de-crestet.com\/de\/keramik\/tasse-nyons-pink\/#primaryimage"},"thumbnailUrl":"https:\/\/i0.wp.com\/poterie-de-crestet.com\/wp-content\/uploads\/2025\/04\/Poterie-du-Crestet0866.jpg?fit=800%2C532&ssl=1","datePublished":"2025-04-09T18:45:19+00:00","description":"Pink Nyons Keramik-Kegelbecher: ideal f\u00fcr Kaffee, Tee oder hei\u00dfe Schokolade. Auch f\u00fcr kalte Getr\u00e4nke geeignet. Zart, praktisch und langlebig.","breadcrumb":{"@id":"https:\/\/poterie-de-crestet.com\/de\/keramik\/tasse-nyons-pink\/#breadcrumb"},"inLanguage":"de","potentialAction":[{"@type":"ReadAction","target":["https:\/\/poterie-de-crestet.com\/de\/keramik\/tasse-nyons-pink\/"]}]},{"@type":"ImageObject","inLanguage":"de","@id":"https:\/\/poterie-de-crestet.com\/de\/keramik\/tasse-nyons-pink\/#primaryimage","url":"https:\/\/i0.wp.com\/poterie-de-crestet.com\/wp-content\/uploads\/2025\/04\/Poterie-du-Crestet0866.jpg?fit=800%2C532&ssl=1","contentUrl":"https:\/\/i0.wp.com\/poterie-de-crestet.com\/wp-content\/uploads\/2025\/04\/Poterie-du-Crestet0866.jpg?fit=800%2C532&ssl=1","width":800,"height":532,"caption":"Rosa Nyons-Tasse"},{"@type":"BreadcrumbList","@id":"https:\/\/poterie-de-crestet.com\/de\/keramik\/tasse-nyons-pink\/#breadcrumb","itemListElement":[{"@type":"ListItem","position":1,"name":"Accueil","item":"https:\/\/poterie-de-crestet.com\/de\/accueil\/"},{"@type":"ListItem","position":2,"name":"Boutique","item":"https:\/\/poterie-de-crestet.com\/ceramiques\/"},{"@type":"ListItem","position":3,"name":"Tasse Nyons pink"}]},{"@type":"WebSite","@id":"https:\/\/poterie-de-crestet.com\/de\/#website","url":"https:\/\/poterie-de-crestet.com\/de\/","name":"Poterie de Crestet","description":"Des milliers de poteries inpir\u00e9es de la Provence","publisher":{"@id":"https:\/\/poterie-de-crestet.com\/de\/#organization"},"potentialAction":[{"@type":"SearchAction","target":{"@type":"EntryPoint","urlTemplate":"https:\/\/poterie-de-crestet.com\/de\/?s={search_term_string}"},"query-input":{"@type":"PropertyValueSpecification","valueRequired":true,"valueName":"search_term_string"}}],"inLanguage":"de"},{"@type":"Organization","@id":"https:\/\/poterie-de-crestet.com\/de\/#organization","name":"Poterie de Crestet","url":"https:\/\/poterie-de-crestet.com\/de\/","logo":{"@type":"ImageObject","inLanguage":"de","@id":"https:\/\/poterie-de-crestet.com\/de\/#\/schema\/logo\/image\/","url":"https:\/\/i0.wp.com\/poterie-de-crestet.com\/wp-content\/uploads\/2025\/03\/Propo-4.png?fit=1000%2C462&ssl=1","contentUrl":"https:\/\/i0.wp.com\/poterie-de-crestet.com\/wp-content\/uploads\/2025\/03\/Propo-4.png?fit=1000%2C462&ssl=1","width":1000,"height":462,"caption":"Poterie de Crestet"},"image":{"@id":"https:\/\/poterie-de-crestet.com\/de\/#\/schema\/logo\/image\/"}}]}},"jetpack_sharing_enabled":true,"_links":{"self":[{"href":"https:\/\/poterie-de-crestet.com\/de\/wp-json\/wp\/v2\/product\/18757","targetHints":{"allow":["GET"]}}],"collection":[{"href":"https:\/\/poterie-de-crestet.com\/de\/wp-json\/wp\/v2\/product"}],"about":[{"href":"https:\/\/poterie-de-crestet.com\/de\/wp-json\/wp\/v2\/types\/product"}],"replies":[{"embeddable":true,"href":"https:\/\/poterie-de-crestet.com\/de\/wp-json\/wp\/v2\/comments?post=18757"}],"version-history":[{"count":0,"href":"https:\/\/poterie-de-crestet.com\/de\/wp-json\/wp\/v2\/product\/18757\/revisions"}],"wp:featuredmedia":[{"embeddable":true,"href":"https:\/\/poterie-de-crestet.com\/de\/wp-json\/wp\/v2\/media\/7006"}],"wp:attachment":[{"href":"https:\/\/poterie-de-crestet.com\/de\/wp-json\/wp\/v2\/media?parent=18757"}],"wp:term":[{"taxonomy":"product_brand","embeddable":true,"href":"https:\/\/poterie-de-crestet.com\/de\/wp-json\/wp\/v2\/product_brand?post=18757"},{"taxonomy":"product_cat","embeddable":true,"href":"https:\/\/poterie-de-crestet.com\/de\/wp-json\/wp\/v2\/product_cat?post=18757"},{"taxonomy":"product_tag","embeddable":true,"href":"https:\/\/poterie-de-crestet.com\/de\/wp-json\/wp\/v2\/product_tag?post=18757"}],"curies":[{"name":"wp","href":"https:\/\/api.w.org\/{rel}","templated":true}]}}