{"id":18623,"date":"2025-04-09T22:51:16","date_gmt":"2025-04-09T20:51:16","guid":{"rendered":"https:\/\/poterie-de-crestet.com\/ceramiques\/kuchenschalenfarbene-tropfen\/"},"modified":"2025-12-24T12:27:43","modified_gmt":"2025-12-24T11:27:43","slug":"plat-cake-gouttes-colorees","status":"publish","type":"product","link":"https:\/\/poterie-de-crestet.com\/de\/keramik\/plat-cake-gouttes-colorees\/","title":{"rendered":"Kuchenschalenfarbene <h5>Tropfen"},"content":{"rendered":"<p>Ein Kuchengericht, das nicht unbemerkt bleibt!<br data-start=\"969\" data-end=\"972\">Mit seinem Colorful Drops-Dekor belebt es Ihre Pr\u00e4sentationen von Kuchen, herzhaften Bissen oder hausgemachten S\u00fc\u00dfigkeiten.<br data-start=\"1077\" data-end=\"1080\">Die drei klar definierten Linien strukturieren den Service visuell und erhellen den Tisch.<br data-start=\"1172\" data-end=\"1175\">Wie alle Crestet-Keramik <strong data-start=\"1231\" data-end=\"1239\">ist sie ofen-,<\/strong> <strong data-start=\"1241\" data-end=\"1256\">mikrowellen<\/strong><strong data-start=\"1258\" data-end=\"1276\">&#8211; und sp\u00fclmaschinenfest<\/strong> und entspricht den <strong data-start=\"1292\" data-end=\"1315\">Lebensmittelnormen<\/strong>.<br data-start=\"1316\" data-end=\"1319\">Sie k\u00f6nnen es online bestellen und bei Bedarf sogar mit dem Team sprechen: Es ist immer noch der Shop, der Ihnen antwortet.<br data-start=\"1437\" data-end=\"1440\"><strong data-start=\"1440\" data-end=\"1548\">Kombinieren Sie sie mit einer <a class=\"\" href=\"https:\/\/poterie-de-crestet.com\/de\/keramik\/salt-hand-farbige-tropfen\/\" rel=\"noopener\" data-start=\"1460\" data-end=\"1492\">Gouttes color\u00e9es Salzhand<\/a> oder beruhigen Sie sie mit einer <a class=\"\" href=\"https:\/\/poterie-de-crestet.com\/de\/keramik\/oelflasche-1-l-haus\/\" rel=\"noopener\" data-start=\"1516\" data-end=\"1545\">selbstgemachten \u00d6lflasche<\/a>.<\/strong><\/p>\n","protected":false},"excerpt":{"rendered":"<p>Ein freudiges und praktisches Kuchengericht f\u00fcr all Ihre s\u00fc\u00dfen oder herzhaften Zubereitungen.<br data-start=\"1096\" data-end=\"1099\"><strong data-start=\"1099\" data-end=\"1136\"><em data-start=\"1101\" data-end=\"1134\">Ma\u00dfe: 38 \u00d7 13,2 \u00d7 2,7 cm<\/em><\/strong><\/p>\n","protected":false},"featured_media":7280,"comment_status":"open","ping_status":"closed","template":"","meta":[],"product_brand":[],"product_cat":[337,283],"product_tag":[325],"class_list":{"0":"post-18623","1":"product","2":"type-product","3":"status-publish","4":"has-post-thumbnail","6":"product_cat-kuche","7":"product_cat-kuchenschalen","8":"product_tag-farbige-tropfen","10":"first","11":"outofstock","12":"taxable","13":"shipping-taxable","14":"purchasable","15":"product-type-simple"},"yoast_head":"<!-- This site is optimized with the Yoast SEO plugin v27.5 - https:\/\/yoast.com\/product\/yoast-seo-wordpress\/ -->\n<title>Kuchenschalenfarbene Tropfen - Poterie de Crestet<\/title>\n<meta name=\"description\" content=\"Farbenfroh und freundlich \u2013 dieses Gouttes color\u00e9es Kuchengericht begr\u00fc\u00dft Ihre Kuchen, Vorspeisen oder Sandwichbrote mit Fantasie.\" \/>\n<meta name=\"robots\" content=\"index, follow, max-snippet:-1, max-image-preview:large, max-video-preview:-1\" \/>\n<link rel=\"canonical\" href=\"https:\/\/poterie-de-crestet.com\/de\/keramik\/plat-cake-gouttes-colorees\/\" \/>\n<meta property=\"og:locale\" content=\"de_DE\" \/>\n<meta property=\"og:type\" content=\"article\" \/>\n<meta property=\"og:title\" content=\"Kuchenschalenfarbene Tropfen - Poterie de Crestet\" \/>\n<meta property=\"og:description\" content=\"Farbenfroh und freundlich \u2013 dieses Gouttes color\u00e9es Kuchengericht begr\u00fc\u00dft Ihre Kuchen, Vorspeisen oder Sandwichbrote mit Fantasie.\" \/>\n<meta property=\"og:url\" content=\"https:\/\/poterie-de-crestet.com\/de\/keramik\/plat-cake-gouttes-colorees\/\" \/>\n<meta property=\"og:site_name\" content=\"Poterie de Crestet\" \/>\n<meta property=\"article:modified_time\" content=\"2025-12-24T11:27:43+00:00\" \/>\n<meta property=\"og:image\" content=\"https:\/\/i0.wp.com\/poterie-de-crestet.com\/wp-content\/uploads\/2025\/04\/Poterie-du-Crestet1293.jpg?fit=800%2C532&ssl=1\" \/>\n\t<meta property=\"og:image:width\" content=\"800\" \/>\n\t<meta property=\"og:image:height\" content=\"532\" \/>\n\t<meta property=\"og:image:type\" content=\"image\/jpeg\" \/>\n<meta name=\"twitter:card\" content=\"summary_large_image\" \/>\n<script type=\"application\/ld+json\" class=\"yoast-schema-graph\">{\"@context\":\"https:\\\/\\\/schema.org\",\"@graph\":[{\"@type\":\"WebPage\",\"@id\":\"https:\\\/\\\/poterie-de-crestet.com\\\/de\\\/keramik\\\/plat-cake-gouttes-colorees\\\/\",\"url\":\"https:\\\/\\\/poterie-de-crestet.com\\\/de\\\/keramik\\\/plat-cake-gouttes-colorees\\\/\",\"name\":\"Kuchenschalenfarbene Tropfen - Poterie de Crestet\",\"isPartOf\":{\"@id\":\"https:\\\/\\\/poterie-de-crestet.com\\\/de\\\/#website\"},\"primaryImageOfPage\":{\"@id\":\"https:\\\/\\\/poterie-de-crestet.com\\\/de\\\/keramik\\\/plat-cake-gouttes-colorees\\\/#primaryimage\"},\"image\":{\"@id\":\"https:\\\/\\\/poterie-de-crestet.com\\\/de\\\/keramik\\\/plat-cake-gouttes-colorees\\\/#primaryimage\"},\"thumbnailUrl\":\"https:\\\/\\\/i0.wp.com\\\/poterie-de-crestet.com\\\/wp-content\\\/uploads\\\/2025\\\/04\\\/Poterie-du-Crestet1293.jpg?fit=800%2C532&ssl=1\",\"datePublished\":\"2025-04-09T20:51:16+00:00\",\"dateModified\":\"2025-12-24T11:27:43+00:00\",\"description\":\"Farbenfroh und freundlich \u2013 dieses Gouttes color\u00e9es Kuchengericht begr\u00fc\u00dft Ihre Kuchen, Vorspeisen oder Sandwichbrote mit Fantasie.\",\"breadcrumb\":{\"@id\":\"https:\\\/\\\/poterie-de-crestet.com\\\/de\\\/keramik\\\/plat-cake-gouttes-colorees\\\/#breadcrumb\"},\"inLanguage\":\"de\",\"potentialAction\":[{\"@type\":\"ReadAction\",\"target\":[\"https:\\\/\\\/poterie-de-crestet.com\\\/de\\\/keramik\\\/plat-cake-gouttes-colorees\\\/\"]}]},{\"@type\":\"ImageObject\",\"inLanguage\":\"de\",\"@id\":\"https:\\\/\\\/poterie-de-crestet.com\\\/de\\\/keramik\\\/plat-cake-gouttes-colorees\\\/#primaryimage\",\"url\":\"https:\\\/\\\/i0.wp.com\\\/poterie-de-crestet.com\\\/wp-content\\\/uploads\\\/2025\\\/04\\\/Poterie-du-Crestet1293.jpg?fit=800%2C532&ssl=1\",\"contentUrl\":\"https:\\\/\\\/i0.wp.com\\\/poterie-de-crestet.com\\\/wp-content\\\/uploads\\\/2025\\\/04\\\/Poterie-du-Crestet1293.jpg?fit=800%2C532&ssl=1\",\"width\":800,\"height\":532,\"caption\":\"Kuchenform mit farbigen Tropfen\"},{\"@type\":\"BreadcrumbList\",\"@id\":\"https:\\\/\\\/poterie-de-crestet.com\\\/de\\\/keramik\\\/plat-cake-gouttes-colorees\\\/#breadcrumb\",\"itemListElement\":[{\"@type\":\"ListItem\",\"position\":1,\"name\":\"Accueil\",\"item\":\"https:\\\/\\\/poterie-de-crestet.com\\\/de\\\/accueil\\\/\"},{\"@type\":\"ListItem\",\"position\":2,\"name\":\"Boutique\",\"item\":\"https:\\\/\\\/poterie-de-crestet.com\\\/ceramiques\\\/\"},{\"@type\":\"ListItem\",\"position\":3,\"name\":\"Kuchenschalenfarbene Tropfen\"}]},{\"@type\":\"WebSite\",\"@id\":\"https:\\\/\\\/poterie-de-crestet.com\\\/de\\\/#website\",\"url\":\"https:\\\/\\\/poterie-de-crestet.com\\\/de\\\/\",\"name\":\"Poterie de Crestet\",\"description\":\"Des milliers de poteries inpir\u00e9es de la Provence\",\"publisher\":{\"@id\":\"https:\\\/\\\/poterie-de-crestet.com\\\/de\\\/#organization\"},\"potentialAction\":[{\"@type\":\"SearchAction\",\"target\":{\"@type\":\"EntryPoint\",\"urlTemplate\":\"https:\\\/\\\/poterie-de-crestet.com\\\/de\\\/?s={search_term_string}\"},\"query-input\":{\"@type\":\"PropertyValueSpecification\",\"valueRequired\":true,\"valueName\":\"search_term_string\"}}],\"inLanguage\":\"de\"},{\"@type\":\"Organization\",\"@id\":\"https:\\\/\\\/poterie-de-crestet.com\\\/de\\\/#organization\",\"name\":\"Poterie de Crestet\",\"url\":\"https:\\\/\\\/poterie-de-crestet.com\\\/de\\\/\",\"logo\":{\"@type\":\"ImageObject\",\"inLanguage\":\"de\",\"@id\":\"https:\\\/\\\/poterie-de-crestet.com\\\/de\\\/#\\\/schema\\\/logo\\\/image\\\/\",\"url\":\"https:\\\/\\\/i0.wp.com\\\/poterie-de-crestet.com\\\/wp-content\\\/uploads\\\/2025\\\/03\\\/Propo-4.png?fit=1000%2C462&ssl=1\",\"contentUrl\":\"https:\\\/\\\/i0.wp.com\\\/poterie-de-crestet.com\\\/wp-content\\\/uploads\\\/2025\\\/03\\\/Propo-4.png?fit=1000%2C462&ssl=1\",\"width\":1000,\"height\":462,\"caption\":\"Poterie de Crestet\"},\"image\":{\"@id\":\"https:\\\/\\\/poterie-de-crestet.com\\\/de\\\/#\\\/schema\\\/logo\\\/image\\\/\"}}]}<\/script>\n<!-- \/ Yoast SEO plugin. -->","yoast_head_json":{"title":"Kuchenschalenfarbene Tropfen - Poterie de Crestet","description":"Farbenfroh und freundlich \u2013 dieses Gouttes color\u00e9es Kuchengericht begr\u00fc\u00dft Ihre Kuchen, Vorspeisen oder Sandwichbrote mit Fantasie.","robots":{"index":"index","follow":"follow","max-snippet":"max-snippet:-1","max-image-preview":"max-image-preview:large","max-video-preview":"max-video-preview:-1"},"canonical":"https:\/\/poterie-de-crestet.com\/de\/keramik\/plat-cake-gouttes-colorees\/","og_locale":"de_DE","og_type":"article","og_title":"Kuchenschalenfarbene Tropfen - Poterie de Crestet","og_description":"Farbenfroh und freundlich \u2013 dieses Gouttes color\u00e9es Kuchengericht begr\u00fc\u00dft Ihre Kuchen, Vorspeisen oder Sandwichbrote mit Fantasie.","og_url":"https:\/\/poterie-de-crestet.com\/de\/keramik\/plat-cake-gouttes-colorees\/","og_site_name":"Poterie de Crestet","article_modified_time":"2025-12-24T11:27:43+00:00","og_image":[{"width":800,"height":532,"url":"https:\/\/i0.wp.com\/poterie-de-crestet.com\/wp-content\/uploads\/2025\/04\/Poterie-du-Crestet1293.jpg?fit=800%2C532&ssl=1","type":"image\/jpeg"}],"twitter_card":"summary_large_image","schema":{"@context":"https:\/\/schema.org","@graph":[{"@type":"WebPage","@id":"https:\/\/poterie-de-crestet.com\/de\/keramik\/plat-cake-gouttes-colorees\/","url":"https:\/\/poterie-de-crestet.com\/de\/keramik\/plat-cake-gouttes-colorees\/","name":"Kuchenschalenfarbene Tropfen - Poterie de Crestet","isPartOf":{"@id":"https:\/\/poterie-de-crestet.com\/de\/#website"},"primaryImageOfPage":{"@id":"https:\/\/poterie-de-crestet.com\/de\/keramik\/plat-cake-gouttes-colorees\/#primaryimage"},"image":{"@id":"https:\/\/poterie-de-crestet.com\/de\/keramik\/plat-cake-gouttes-colorees\/#primaryimage"},"thumbnailUrl":"https:\/\/i0.wp.com\/poterie-de-crestet.com\/wp-content\/uploads\/2025\/04\/Poterie-du-Crestet1293.jpg?fit=800%2C532&ssl=1","datePublished":"2025-04-09T20:51:16+00:00","dateModified":"2025-12-24T11:27:43+00:00","description":"Farbenfroh und freundlich \u2013 dieses Gouttes color\u00e9es Kuchengericht begr\u00fc\u00dft Ihre Kuchen, Vorspeisen oder Sandwichbrote mit Fantasie.","breadcrumb":{"@id":"https:\/\/poterie-de-crestet.com\/de\/keramik\/plat-cake-gouttes-colorees\/#breadcrumb"},"inLanguage":"de","potentialAction":[{"@type":"ReadAction","target":["https:\/\/poterie-de-crestet.com\/de\/keramik\/plat-cake-gouttes-colorees\/"]}]},{"@type":"ImageObject","inLanguage":"de","@id":"https:\/\/poterie-de-crestet.com\/de\/keramik\/plat-cake-gouttes-colorees\/#primaryimage","url":"https:\/\/i0.wp.com\/poterie-de-crestet.com\/wp-content\/uploads\/2025\/04\/Poterie-du-Crestet1293.jpg?fit=800%2C532&ssl=1","contentUrl":"https:\/\/i0.wp.com\/poterie-de-crestet.com\/wp-content\/uploads\/2025\/04\/Poterie-du-Crestet1293.jpg?fit=800%2C532&ssl=1","width":800,"height":532,"caption":"Kuchenform mit farbigen Tropfen"},{"@type":"BreadcrumbList","@id":"https:\/\/poterie-de-crestet.com\/de\/keramik\/plat-cake-gouttes-colorees\/#breadcrumb","itemListElement":[{"@type":"ListItem","position":1,"name":"Accueil","item":"https:\/\/poterie-de-crestet.com\/de\/accueil\/"},{"@type":"ListItem","position":2,"name":"Boutique","item":"https:\/\/poterie-de-crestet.com\/ceramiques\/"},{"@type":"ListItem","position":3,"name":"Kuchenschalenfarbene Tropfen"}]},{"@type":"WebSite","@id":"https:\/\/poterie-de-crestet.com\/de\/#website","url":"https:\/\/poterie-de-crestet.com\/de\/","name":"Poterie de Crestet","description":"Des milliers de poteries inpir\u00e9es de la Provence","publisher":{"@id":"https:\/\/poterie-de-crestet.com\/de\/#organization"},"potentialAction":[{"@type":"SearchAction","target":{"@type":"EntryPoint","urlTemplate":"https:\/\/poterie-de-crestet.com\/de\/?s={search_term_string}"},"query-input":{"@type":"PropertyValueSpecification","valueRequired":true,"valueName":"search_term_string"}}],"inLanguage":"de"},{"@type":"Organization","@id":"https:\/\/poterie-de-crestet.com\/de\/#organization","name":"Poterie de Crestet","url":"https:\/\/poterie-de-crestet.com\/de\/","logo":{"@type":"ImageObject","inLanguage":"de","@id":"https:\/\/poterie-de-crestet.com\/de\/#\/schema\/logo\/image\/","url":"https:\/\/i0.wp.com\/poterie-de-crestet.com\/wp-content\/uploads\/2025\/03\/Propo-4.png?fit=1000%2C462&ssl=1","contentUrl":"https:\/\/i0.wp.com\/poterie-de-crestet.com\/wp-content\/uploads\/2025\/03\/Propo-4.png?fit=1000%2C462&ssl=1","width":1000,"height":462,"caption":"Poterie de Crestet"},"image":{"@id":"https:\/\/poterie-de-crestet.com\/de\/#\/schema\/logo\/image\/"}}]}},"jetpack_sharing_enabled":true,"_links":{"self":[{"href":"https:\/\/poterie-de-crestet.com\/de\/wp-json\/wp\/v2\/product\/18623","targetHints":{"allow":["GET"]}}],"collection":[{"href":"https:\/\/poterie-de-crestet.com\/de\/wp-json\/wp\/v2\/product"}],"about":[{"href":"https:\/\/poterie-de-crestet.com\/de\/wp-json\/wp\/v2\/types\/product"}],"replies":[{"embeddable":true,"href":"https:\/\/poterie-de-crestet.com\/de\/wp-json\/wp\/v2\/comments?post=18623"}],"version-history":[{"count":1,"href":"https:\/\/poterie-de-crestet.com\/de\/wp-json\/wp\/v2\/product\/18623\/revisions"}],"predecessor-version":[{"id":22387,"href":"https:\/\/poterie-de-crestet.com\/de\/wp-json\/wp\/v2\/product\/18623\/revisions\/22387"}],"wp:featuredmedia":[{"embeddable":true,"href":"https:\/\/poterie-de-crestet.com\/de\/wp-json\/wp\/v2\/media\/7280"}],"wp:attachment":[{"href":"https:\/\/poterie-de-crestet.com\/de\/wp-json\/wp\/v2\/media?parent=18623"}],"wp:term":[{"taxonomy":"product_brand","embeddable":true,"href":"https:\/\/poterie-de-crestet.com\/de\/wp-json\/wp\/v2\/product_brand?post=18623"},{"taxonomy":"product_cat","embeddable":true,"href":"https:\/\/poterie-de-crestet.com\/de\/wp-json\/wp\/v2\/product_cat?post=18623"},{"taxonomy":"product_tag","embeddable":true,"href":"https:\/\/poterie-de-crestet.com\/de\/wp-json\/wp\/v2\/product_tag?post=18623"}],"curies":[{"name":"wp","href":"https:\/\/api.w.org\/{rel}","templated":true}]}}