{"id":18390,"date":"2025-04-09T11:23:08","date_gmt":"2025-04-09T09:23:08","guid":{"rendered":"https:\/\/poterie-de-crestet.com\/ceramiques\/bowl-nyons-pink\/"},"modified":"2025-04-09T11:23:08","modified_gmt":"2025-04-09T09:23:08","slug":"bowl-nyons-pink","status":"publish","type":"product","link":"https:\/\/poterie-de-crestet.com\/de\/keramik\/bowl-nyons-pink\/","title":{"rendered":"Bowl  <h5>Nyons pink<\/h5>"},"content":{"rendered":"<p>Eine Anspielung auf Olivenb\u00e4ume, diese Schale mit einem sanften Rosaton ist zart und doch solide. Er eignet sich sowohl f\u00fcr ein Gourmetfr\u00fchst\u00fcck als auch f\u00fcr ein Einzelgratin oder eine Abendsuppe. <br data-start=\"2571\" data-end=\"2574\"><strong data-start=\"2574\" data-end=\"2620\">14,6 cm im Durchmesser und 6,2 cm in der H\u00f6he<\/strong>, eine ideale Gr\u00f6\u00dfe f\u00fcr den t\u00e4glichen Gebrauch.<br data-start=\"2669\" data-end=\"2672\"><strong data-start=\"2672\" data-end=\"2691\">Handgemalt<\/strong> hat dieses Dekor eine wundersch\u00f6ne Pr\u00e4senz, ohne es zu \u00fcbertreiben.<br data-start=\"2742\" data-end=\"2745\">Es <strong data-start=\"2754\" data-end=\"2802\">ist mikrowellen-, ofen- und geschirrsp\u00fclerfest,<\/strong> wie all unsere Keramiken.<br data-start=\"2832\" data-end=\"2835\">Suchen Sie einen sch\u00f6n abgestimmten Tisch? Denken Sie an die <a class=\"\" href=\"https:\/\/poterie-de-crestet.com\/de\/keramik\/butterschale-nyons-pink\/\" rel=\"noopener\" data-start=\"2881\" data-end=\"2906\">rosa Nyons-Butterschale<\/a> oder den <a class=\"\" href=\"https:\/\/poterie-de-crestet.com\/de\/keramik\/essteller-nyons-pink\/\" rel=\"noopener\" data-start=\"2914\" data-end=\"2939\">gleichnamigen Teller<\/a>.<br data-start=\"2940\" data-end=\"2943\">Schneller Versand oder kostenlose Abholung auf provenzalischen M\u00e4rkten. <\/p>\n","protected":false},"excerpt":{"rendered":"<p>Zart und feminin begr\u00fc\u00dft er gerne Vorspeisen, Kompote oder Dessertcremes.<br data-start=\"1453\" data-end=\"1456\"><strong data-start=\"1456\" data-end=\"1495\"><em data-start=\"1458\" data-end=\"1493\">Abmessungen: 14,6 \u00d7 14,6 \u00d7 6,2 cm<\/em><\/strong><\/p>\n","protected":false},"featured_media":8934,"comment_status":"open","ping_status":"closed","template":"","meta":[],"product_brand":[],"product_cat":[199],"product_tag":[266],"class_list":{"0":"post-18390","1":"product","2":"type-product","3":"status-publish","4":"has-post-thumbnail","6":"product_cat-bowls","7":"product_tag-nyons-pink","9":"first","10":"instock","11":"taxable","12":"shipping-taxable","13":"purchasable","14":"product-type-simple"},"yoast_head":"<!-- This site is optimized with the Yoast SEO plugin v27.5 - https:\/\/yoast.com\/product\/yoast-seo-wordpress\/ -->\n<title>Bowl Nyons pink - Poterie de Crestet<\/title>\n<meta name=\"description\" content=\"Diese zarte und leuchtend pinke Nyons-Schale ist ideal f\u00fcr allt\u00e4gliche Vergn\u00fcgungen. Es passt zu den anderen Teilen derselben Dekoration.\" \/>\n<meta name=\"robots\" content=\"index, follow, max-snippet:-1, max-image-preview:large, max-video-preview:-1\" \/>\n<link rel=\"canonical\" href=\"https:\/\/poterie-de-crestet.com\/de\/keramik\/bowl-nyons-pink\/\" \/>\n<meta property=\"og:locale\" content=\"de_DE\" \/>\n<meta property=\"og:type\" content=\"article\" \/>\n<meta property=\"og:title\" content=\"Bowl Nyons pink - Poterie de Crestet\" \/>\n<meta property=\"og:description\" content=\"Diese zarte und leuchtend pinke Nyons-Schale ist ideal f\u00fcr allt\u00e4gliche Vergn\u00fcgungen. Es passt zu den anderen Teilen derselben Dekoration.\" \/>\n<meta property=\"og:url\" content=\"https:\/\/poterie-de-crestet.com\/de\/keramik\/bowl-nyons-pink\/\" \/>\n<meta property=\"og:site_name\" content=\"Poterie de Crestet\" \/>\n<meta property=\"og:image\" content=\"https:\/\/i0.wp.com\/poterie-de-crestet.com\/wp-content\/uploads\/2025\/04\/Poterie-du-Crestet1187.jpg?fit=800%2C532&ssl=1\" \/>\n\t<meta property=\"og:image:width\" content=\"800\" \/>\n\t<meta property=\"og:image:height\" content=\"532\" \/>\n\t<meta property=\"og:image:type\" content=\"image\/jpeg\" \/>\n<meta name=\"twitter:card\" content=\"summary_large_image\" \/>\n<meta name=\"twitter:label1\" content=\"Gesch\u00e4tzte Lesezeit\" \/>\n\t<meta name=\"twitter:data1\" content=\"1\u00a0Minute\" \/>\n<script type=\"application\/ld+json\" class=\"yoast-schema-graph\">{\"@context\":\"https:\\\/\\\/schema.org\",\"@graph\":[{\"@type\":\"WebPage\",\"@id\":\"https:\\\/\\\/poterie-de-crestet.com\\\/de\\\/keramik\\\/bowl-nyons-pink\\\/\",\"url\":\"https:\\\/\\\/poterie-de-crestet.com\\\/de\\\/keramik\\\/bowl-nyons-pink\\\/\",\"name\":\"Bowl Nyons pink - Poterie de Crestet\",\"isPartOf\":{\"@id\":\"https:\\\/\\\/poterie-de-crestet.com\\\/de\\\/#website\"},\"primaryImageOfPage\":{\"@id\":\"https:\\\/\\\/poterie-de-crestet.com\\\/de\\\/keramik\\\/bowl-nyons-pink\\\/#primaryimage\"},\"image\":{\"@id\":\"https:\\\/\\\/poterie-de-crestet.com\\\/de\\\/keramik\\\/bowl-nyons-pink\\\/#primaryimage\"},\"thumbnailUrl\":\"https:\\\/\\\/i0.wp.com\\\/poterie-de-crestet.com\\\/wp-content\\\/uploads\\\/2025\\\/04\\\/Poterie-du-Crestet1187.jpg?fit=800%2C532&ssl=1\",\"datePublished\":\"2025-04-09T09:23:08+00:00\",\"description\":\"Diese zarte und leuchtend pinke Nyons-Schale ist ideal f\u00fcr allt\u00e4gliche Vergn\u00fcgungen. Es passt zu den anderen Teilen derselben Dekoration.\",\"breadcrumb\":{\"@id\":\"https:\\\/\\\/poterie-de-crestet.com\\\/de\\\/keramik\\\/bowl-nyons-pink\\\/#breadcrumb\"},\"inLanguage\":\"de\",\"potentialAction\":[{\"@type\":\"ReadAction\",\"target\":[\"https:\\\/\\\/poterie-de-crestet.com\\\/de\\\/keramik\\\/bowl-nyons-pink\\\/\"]}]},{\"@type\":\"ImageObject\",\"inLanguage\":\"de\",\"@id\":\"https:\\\/\\\/poterie-de-crestet.com\\\/de\\\/keramik\\\/bowl-nyons-pink\\\/#primaryimage\",\"url\":\"https:\\\/\\\/i0.wp.com\\\/poterie-de-crestet.com\\\/wp-content\\\/uploads\\\/2025\\\/04\\\/Poterie-du-Crestet1187.jpg?fit=800%2C532&ssl=1\",\"contentUrl\":\"https:\\\/\\\/i0.wp.com\\\/poterie-de-crestet.com\\\/wp-content\\\/uploads\\\/2025\\\/04\\\/Poterie-du-Crestet1187.jpg?fit=800%2C532&ssl=1\",\"width\":800,\"height\":532,\"caption\":\"Pink Nyons Bowl\"},{\"@type\":\"BreadcrumbList\",\"@id\":\"https:\\\/\\\/poterie-de-crestet.com\\\/de\\\/keramik\\\/bowl-nyons-pink\\\/#breadcrumb\",\"itemListElement\":[{\"@type\":\"ListItem\",\"position\":1,\"name\":\"Accueil\",\"item\":\"https:\\\/\\\/poterie-de-crestet.com\\\/de\\\/accueil\\\/\"},{\"@type\":\"ListItem\",\"position\":2,\"name\":\"Boutique\",\"item\":\"https:\\\/\\\/poterie-de-crestet.com\\\/ceramiques\\\/\"},{\"@type\":\"ListItem\",\"position\":3,\"name\":\"Bowl Nyons pink\"}]},{\"@type\":\"WebSite\",\"@id\":\"https:\\\/\\\/poterie-de-crestet.com\\\/de\\\/#website\",\"url\":\"https:\\\/\\\/poterie-de-crestet.com\\\/de\\\/\",\"name\":\"Poterie de Crestet\",\"description\":\"Des milliers de poteries inpir\u00e9es de la Provence\",\"publisher\":{\"@id\":\"https:\\\/\\\/poterie-de-crestet.com\\\/de\\\/#organization\"},\"potentialAction\":[{\"@type\":\"SearchAction\",\"target\":{\"@type\":\"EntryPoint\",\"urlTemplate\":\"https:\\\/\\\/poterie-de-crestet.com\\\/de\\\/?s={search_term_string}\"},\"query-input\":{\"@type\":\"PropertyValueSpecification\",\"valueRequired\":true,\"valueName\":\"search_term_string\"}}],\"inLanguage\":\"de\"},{\"@type\":\"Organization\",\"@id\":\"https:\\\/\\\/poterie-de-crestet.com\\\/de\\\/#organization\",\"name\":\"Poterie de Crestet\",\"url\":\"https:\\\/\\\/poterie-de-crestet.com\\\/de\\\/\",\"logo\":{\"@type\":\"ImageObject\",\"inLanguage\":\"de\",\"@id\":\"https:\\\/\\\/poterie-de-crestet.com\\\/de\\\/#\\\/schema\\\/logo\\\/image\\\/\",\"url\":\"https:\\\/\\\/i0.wp.com\\\/poterie-de-crestet.com\\\/wp-content\\\/uploads\\\/2025\\\/03\\\/Propo-4.png?fit=1000%2C462&ssl=1\",\"contentUrl\":\"https:\\\/\\\/i0.wp.com\\\/poterie-de-crestet.com\\\/wp-content\\\/uploads\\\/2025\\\/03\\\/Propo-4.png?fit=1000%2C462&ssl=1\",\"width\":1000,\"height\":462,\"caption\":\"Poterie de Crestet\"},\"image\":{\"@id\":\"https:\\\/\\\/poterie-de-crestet.com\\\/de\\\/#\\\/schema\\\/logo\\\/image\\\/\"}}]}<\/script>\n<!-- \/ Yoast SEO plugin. -->","yoast_head_json":{"title":"Bowl Nyons pink - Poterie de Crestet","description":"Diese zarte und leuchtend pinke Nyons-Schale ist ideal f\u00fcr allt\u00e4gliche Vergn\u00fcgungen. Es passt zu den anderen Teilen derselben Dekoration.","robots":{"index":"index","follow":"follow","max-snippet":"max-snippet:-1","max-image-preview":"max-image-preview:large","max-video-preview":"max-video-preview:-1"},"canonical":"https:\/\/poterie-de-crestet.com\/de\/keramik\/bowl-nyons-pink\/","og_locale":"de_DE","og_type":"article","og_title":"Bowl Nyons pink - Poterie de Crestet","og_description":"Diese zarte und leuchtend pinke Nyons-Schale ist ideal f\u00fcr allt\u00e4gliche Vergn\u00fcgungen. Es passt zu den anderen Teilen derselben Dekoration.","og_url":"https:\/\/poterie-de-crestet.com\/de\/keramik\/bowl-nyons-pink\/","og_site_name":"Poterie de Crestet","og_image":[{"width":800,"height":532,"url":"https:\/\/i0.wp.com\/poterie-de-crestet.com\/wp-content\/uploads\/2025\/04\/Poterie-du-Crestet1187.jpg?fit=800%2C532&ssl=1","type":"image\/jpeg"}],"twitter_card":"summary_large_image","twitter_misc":{"Gesch\u00e4tzte Lesezeit":"1\u00a0Minute"},"schema":{"@context":"https:\/\/schema.org","@graph":[{"@type":"WebPage","@id":"https:\/\/poterie-de-crestet.com\/de\/keramik\/bowl-nyons-pink\/","url":"https:\/\/poterie-de-crestet.com\/de\/keramik\/bowl-nyons-pink\/","name":"Bowl Nyons pink - Poterie de Crestet","isPartOf":{"@id":"https:\/\/poterie-de-crestet.com\/de\/#website"},"primaryImageOfPage":{"@id":"https:\/\/poterie-de-crestet.com\/de\/keramik\/bowl-nyons-pink\/#primaryimage"},"image":{"@id":"https:\/\/poterie-de-crestet.com\/de\/keramik\/bowl-nyons-pink\/#primaryimage"},"thumbnailUrl":"https:\/\/i0.wp.com\/poterie-de-crestet.com\/wp-content\/uploads\/2025\/04\/Poterie-du-Crestet1187.jpg?fit=800%2C532&ssl=1","datePublished":"2025-04-09T09:23:08+00:00","description":"Diese zarte und leuchtend pinke Nyons-Schale ist ideal f\u00fcr allt\u00e4gliche Vergn\u00fcgungen. Es passt zu den anderen Teilen derselben Dekoration.","breadcrumb":{"@id":"https:\/\/poterie-de-crestet.com\/de\/keramik\/bowl-nyons-pink\/#breadcrumb"},"inLanguage":"de","potentialAction":[{"@type":"ReadAction","target":["https:\/\/poterie-de-crestet.com\/de\/keramik\/bowl-nyons-pink\/"]}]},{"@type":"ImageObject","inLanguage":"de","@id":"https:\/\/poterie-de-crestet.com\/de\/keramik\/bowl-nyons-pink\/#primaryimage","url":"https:\/\/i0.wp.com\/poterie-de-crestet.com\/wp-content\/uploads\/2025\/04\/Poterie-du-Crestet1187.jpg?fit=800%2C532&ssl=1","contentUrl":"https:\/\/i0.wp.com\/poterie-de-crestet.com\/wp-content\/uploads\/2025\/04\/Poterie-du-Crestet1187.jpg?fit=800%2C532&ssl=1","width":800,"height":532,"caption":"Pink Nyons Bowl"},{"@type":"BreadcrumbList","@id":"https:\/\/poterie-de-crestet.com\/de\/keramik\/bowl-nyons-pink\/#breadcrumb","itemListElement":[{"@type":"ListItem","position":1,"name":"Accueil","item":"https:\/\/poterie-de-crestet.com\/de\/accueil\/"},{"@type":"ListItem","position":2,"name":"Boutique","item":"https:\/\/poterie-de-crestet.com\/ceramiques\/"},{"@type":"ListItem","position":3,"name":"Bowl Nyons pink"}]},{"@type":"WebSite","@id":"https:\/\/poterie-de-crestet.com\/de\/#website","url":"https:\/\/poterie-de-crestet.com\/de\/","name":"Poterie de Crestet","description":"Des milliers de poteries inpir\u00e9es de la Provence","publisher":{"@id":"https:\/\/poterie-de-crestet.com\/de\/#organization"},"potentialAction":[{"@type":"SearchAction","target":{"@type":"EntryPoint","urlTemplate":"https:\/\/poterie-de-crestet.com\/de\/?s={search_term_string}"},"query-input":{"@type":"PropertyValueSpecification","valueRequired":true,"valueName":"search_term_string"}}],"inLanguage":"de"},{"@type":"Organization","@id":"https:\/\/poterie-de-crestet.com\/de\/#organization","name":"Poterie de Crestet","url":"https:\/\/poterie-de-crestet.com\/de\/","logo":{"@type":"ImageObject","inLanguage":"de","@id":"https:\/\/poterie-de-crestet.com\/de\/#\/schema\/logo\/image\/","url":"https:\/\/i0.wp.com\/poterie-de-crestet.com\/wp-content\/uploads\/2025\/03\/Propo-4.png?fit=1000%2C462&ssl=1","contentUrl":"https:\/\/i0.wp.com\/poterie-de-crestet.com\/wp-content\/uploads\/2025\/03\/Propo-4.png?fit=1000%2C462&ssl=1","width":1000,"height":462,"caption":"Poterie de Crestet"},"image":{"@id":"https:\/\/poterie-de-crestet.com\/de\/#\/schema\/logo\/image\/"}}]}},"jetpack_sharing_enabled":true,"_links":{"self":[{"href":"https:\/\/poterie-de-crestet.com\/de\/wp-json\/wp\/v2\/product\/18390","targetHints":{"allow":["GET"]}}],"collection":[{"href":"https:\/\/poterie-de-crestet.com\/de\/wp-json\/wp\/v2\/product"}],"about":[{"href":"https:\/\/poterie-de-crestet.com\/de\/wp-json\/wp\/v2\/types\/product"}],"replies":[{"embeddable":true,"href":"https:\/\/poterie-de-crestet.com\/de\/wp-json\/wp\/v2\/comments?post=18390"}],"version-history":[{"count":0,"href":"https:\/\/poterie-de-crestet.com\/de\/wp-json\/wp\/v2\/product\/18390\/revisions"}],"wp:featuredmedia":[{"embeddable":true,"href":"https:\/\/poterie-de-crestet.com\/de\/wp-json\/wp\/v2\/media\/8934"}],"wp:attachment":[{"href":"https:\/\/poterie-de-crestet.com\/de\/wp-json\/wp\/v2\/media?parent=18390"}],"wp:term":[{"taxonomy":"product_brand","embeddable":true,"href":"https:\/\/poterie-de-crestet.com\/de\/wp-json\/wp\/v2\/product_brand?post=18390"},{"taxonomy":"product_cat","embeddable":true,"href":"https:\/\/poterie-de-crestet.com\/de\/wp-json\/wp\/v2\/product_cat?post=18390"},{"taxonomy":"product_tag","embeddable":true,"href":"https:\/\/poterie-de-crestet.com\/de\/wp-json\/wp\/v2\/product_tag?post=18390"}],"curies":[{"name":"wp","href":"https:\/\/api.w.org\/{rel}","templated":true}]}}