{"id":18306,"date":"2025-04-08T10:26:12","date_gmt":"2025-04-08T08:26:12","guid":{"rendered":"https:\/\/poterie-de-crestet.com\/ceramiques\/pizzagericht-rot\/"},"modified":"2025-04-08T10:26:12","modified_gmt":"2025-04-08T08:26:12","slug":"pizzagericht-rot","status":"publish","type":"product","link":"https:\/\/poterie-de-crestet.com\/de\/keramik\/pizzagericht-rot\/","title":{"rendered":"Pizzagericht  <h5>Rot<\/h5>"},"content":{"rendered":"<p>Ein Rouge-Pizzagericht ist die perfekte Allianz f\u00fcr gro\u00dfz\u00fcgige Mahlzeiten.<br data-start=\"4866\" data-end=\"4869\">Seine kr\u00e4ftige Farbe zieht das Auge auf sich, und seine Gr\u00f6\u00dfe erlaubt kulinarische Wagnisse: Pizzen, Tapas, geschnittene Desserts.<br data-start=\"4991\" data-end=\"4994\"><br data-start=\"5077\" data-end=\"5080\"><strong data-start=\"5091\" data-end=\"5106\">Mikrowelle,<\/strong> <strong data-start=\"5108\" data-end=\"5126\">sp\u00fclmaschinenfest,<\/strong> Lebensmittelverbrauch garantiert.<br data-start=\"5154\" data-end=\"5157\"><strong data-start=\"5157\" data-end=\"5262\">Zu kombinieren mit einer <a class=\"\" href=\"https:\/\/poterie-de-crestet.com\/de\/keramik\/oelflasche-1-l-nyons-red\/\" rel=\"noopener\" data-start=\"5176\" data-end=\"5204\">Nyons Rouge \u00d6lflasche<\/a> oder mit einer <a class=\"\" href=\"https:\/\/poterie-de-crestet.com\/de\/keramik\/bowl-farbige-tropfen\/\" rel=\"noopener\" data-start=\"5230\" data-end=\"5259\">Gouttes color\u00e9es-Schale<\/a> zu vervollst\u00e4ndigen.<\/strong><\/p>\n","protected":false},"excerpt":{"rendered":"<p>Ein absolutes Muss zum Teilen von Pizzen oder Quiches.<br data-start=\"2806\" data-end=\"2809\"><strong data-start=\"2809\" data-end=\"2841\"><em data-start=\"2811\" data-end=\"2839\">Abmessungen: 33,2 \u00d7 2,2 cm<\/em><\/strong><\/p>\n","protected":false},"featured_media":7364,"comment_status":"open","ping_status":"closed","template":"","meta":[],"product_brand":[],"product_cat":[286],"product_tag":[],"class_list":{"0":"post-18306","1":"product","2":"type-product","3":"status-publish","4":"has-post-thumbnail","6":"product_cat-pizzagerichte","8":"first","9":"instock","10":"taxable","11":"shipping-taxable","12":"purchasable","13":"product-type-simple"},"yoast_head":"<!-- This site is optimized with the Yoast SEO plugin v27.5 - https:\/\/yoast.com\/product\/yoast-seo-wordpress\/ -->\n<title>Pizzagericht Rot - Poterie de Crestet<\/title>\n<meta name=\"description\" content=\"Ein knallrotes Pizzagericht, um Ihre hausgemachten Rezepte mit Energie zu servieren. Perfekt f\u00fcr einen Gourmet- und farbenfrohen Tisch.\" \/>\n<meta name=\"robots\" content=\"index, follow, max-snippet:-1, max-image-preview:large, max-video-preview:-1\" \/>\n<link rel=\"canonical\" href=\"https:\/\/poterie-de-crestet.com\/de\/keramik\/pizzagericht-rot\/\" \/>\n<meta property=\"og:locale\" content=\"de_DE\" \/>\n<meta property=\"og:type\" content=\"article\" \/>\n<meta property=\"og:title\" content=\"Pizzagericht Rot - Poterie de Crestet\" \/>\n<meta property=\"og:description\" content=\"Ein knallrotes Pizzagericht, um Ihre hausgemachten Rezepte mit Energie zu servieren. Perfekt f\u00fcr einen Gourmet- und farbenfrohen Tisch.\" \/>\n<meta property=\"og:url\" content=\"https:\/\/poterie-de-crestet.com\/de\/keramik\/pizzagericht-rot\/\" \/>\n<meta property=\"og:site_name\" content=\"Poterie de Crestet\" \/>\n<meta property=\"og:image\" content=\"https:\/\/i0.wp.com\/poterie-de-crestet.com\/wp-content\/uploads\/2025\/04\/plat-a-pizza-rouge.jpg?fit=458%2C458&ssl=1\" \/>\n\t<meta property=\"og:image:width\" content=\"458\" \/>\n\t<meta property=\"og:image:height\" content=\"458\" \/>\n\t<meta property=\"og:image:type\" content=\"image\/jpeg\" \/>\n<meta name=\"twitter:card\" content=\"summary_large_image\" \/>\n<script type=\"application\/ld+json\" class=\"yoast-schema-graph\">{\"@context\":\"https:\\\/\\\/schema.org\",\"@graph\":[{\"@type\":\"WebPage\",\"@id\":\"https:\\\/\\\/poterie-de-crestet.com\\\/de\\\/keramik\\\/pizzagericht-rot\\\/\",\"url\":\"https:\\\/\\\/poterie-de-crestet.com\\\/de\\\/keramik\\\/pizzagericht-rot\\\/\",\"name\":\"Pizzagericht Rot - Poterie de Crestet\",\"isPartOf\":{\"@id\":\"https:\\\/\\\/poterie-de-crestet.com\\\/de\\\/#website\"},\"primaryImageOfPage\":{\"@id\":\"https:\\\/\\\/poterie-de-crestet.com\\\/de\\\/keramik\\\/pizzagericht-rot\\\/#primaryimage\"},\"image\":{\"@id\":\"https:\\\/\\\/poterie-de-crestet.com\\\/de\\\/keramik\\\/pizzagericht-rot\\\/#primaryimage\"},\"thumbnailUrl\":\"https:\\\/\\\/i0.wp.com\\\/poterie-de-crestet.com\\\/wp-content\\\/uploads\\\/2025\\\/04\\\/plat-a-pizza-rouge.jpg?fit=458%2C458&ssl=1\",\"datePublished\":\"2025-04-08T08:26:12+00:00\",\"description\":\"Ein knallrotes Pizzagericht, um Ihre hausgemachten Rezepte mit Energie zu servieren. Perfekt f\u00fcr einen Gourmet- und farbenfrohen Tisch.\",\"breadcrumb\":{\"@id\":\"https:\\\/\\\/poterie-de-crestet.com\\\/de\\\/keramik\\\/pizzagericht-rot\\\/#breadcrumb\"},\"inLanguage\":\"de\",\"potentialAction\":[{\"@type\":\"ReadAction\",\"target\":[\"https:\\\/\\\/poterie-de-crestet.com\\\/de\\\/keramik\\\/pizzagericht-rot\\\/\"]}]},{\"@type\":\"ImageObject\",\"inLanguage\":\"de\",\"@id\":\"https:\\\/\\\/poterie-de-crestet.com\\\/de\\\/keramik\\\/pizzagericht-rot\\\/#primaryimage\",\"url\":\"https:\\\/\\\/i0.wp.com\\\/poterie-de-crestet.com\\\/wp-content\\\/uploads\\\/2025\\\/04\\\/plat-a-pizza-rouge.jpg?fit=458%2C458&ssl=1\",\"contentUrl\":\"https:\\\/\\\/i0.wp.com\\\/poterie-de-crestet.com\\\/wp-content\\\/uploads\\\/2025\\\/04\\\/plat-a-pizza-rouge.jpg?fit=458%2C458&ssl=1\",\"width\":458,\"height\":458,\"caption\":\"Rotes Pizzagericht\"},{\"@type\":\"BreadcrumbList\",\"@id\":\"https:\\\/\\\/poterie-de-crestet.com\\\/de\\\/keramik\\\/pizzagericht-rot\\\/#breadcrumb\",\"itemListElement\":[{\"@type\":\"ListItem\",\"position\":1,\"name\":\"Accueil\",\"item\":\"https:\\\/\\\/poterie-de-crestet.com\\\/de\\\/accueil\\\/\"},{\"@type\":\"ListItem\",\"position\":2,\"name\":\"Boutique\",\"item\":\"https:\\\/\\\/poterie-de-crestet.com\\\/ceramiques\\\/\"},{\"@type\":\"ListItem\",\"position\":3,\"name\":\"Pizzagericht Rot\"}]},{\"@type\":\"WebSite\",\"@id\":\"https:\\\/\\\/poterie-de-crestet.com\\\/de\\\/#website\",\"url\":\"https:\\\/\\\/poterie-de-crestet.com\\\/de\\\/\",\"name\":\"Poterie de Crestet\",\"description\":\"Des milliers de poteries inpir\u00e9es de la Provence\",\"publisher\":{\"@id\":\"https:\\\/\\\/poterie-de-crestet.com\\\/de\\\/#organization\"},\"potentialAction\":[{\"@type\":\"SearchAction\",\"target\":{\"@type\":\"EntryPoint\",\"urlTemplate\":\"https:\\\/\\\/poterie-de-crestet.com\\\/de\\\/?s={search_term_string}\"},\"query-input\":{\"@type\":\"PropertyValueSpecification\",\"valueRequired\":true,\"valueName\":\"search_term_string\"}}],\"inLanguage\":\"de\"},{\"@type\":\"Organization\",\"@id\":\"https:\\\/\\\/poterie-de-crestet.com\\\/de\\\/#organization\",\"name\":\"Poterie de Crestet\",\"url\":\"https:\\\/\\\/poterie-de-crestet.com\\\/de\\\/\",\"logo\":{\"@type\":\"ImageObject\",\"inLanguage\":\"de\",\"@id\":\"https:\\\/\\\/poterie-de-crestet.com\\\/de\\\/#\\\/schema\\\/logo\\\/image\\\/\",\"url\":\"https:\\\/\\\/i0.wp.com\\\/poterie-de-crestet.com\\\/wp-content\\\/uploads\\\/2025\\\/03\\\/Propo-4.png?fit=1000%2C462&ssl=1\",\"contentUrl\":\"https:\\\/\\\/i0.wp.com\\\/poterie-de-crestet.com\\\/wp-content\\\/uploads\\\/2025\\\/03\\\/Propo-4.png?fit=1000%2C462&ssl=1\",\"width\":1000,\"height\":462,\"caption\":\"Poterie de Crestet\"},\"image\":{\"@id\":\"https:\\\/\\\/poterie-de-crestet.com\\\/de\\\/#\\\/schema\\\/logo\\\/image\\\/\"}}]}<\/script>\n<!-- \/ Yoast SEO plugin. -->","yoast_head_json":{"title":"Pizzagericht Rot - Poterie de Crestet","description":"Ein knallrotes Pizzagericht, um Ihre hausgemachten Rezepte mit Energie zu servieren. Perfekt f\u00fcr einen Gourmet- und farbenfrohen Tisch.","robots":{"index":"index","follow":"follow","max-snippet":"max-snippet:-1","max-image-preview":"max-image-preview:large","max-video-preview":"max-video-preview:-1"},"canonical":"https:\/\/poterie-de-crestet.com\/de\/keramik\/pizzagericht-rot\/","og_locale":"de_DE","og_type":"article","og_title":"Pizzagericht Rot - Poterie de Crestet","og_description":"Ein knallrotes Pizzagericht, um Ihre hausgemachten Rezepte mit Energie zu servieren. Perfekt f\u00fcr einen Gourmet- und farbenfrohen Tisch.","og_url":"https:\/\/poterie-de-crestet.com\/de\/keramik\/pizzagericht-rot\/","og_site_name":"Poterie de Crestet","og_image":[{"width":458,"height":458,"url":"https:\/\/i0.wp.com\/poterie-de-crestet.com\/wp-content\/uploads\/2025\/04\/plat-a-pizza-rouge.jpg?fit=458%2C458&ssl=1","type":"image\/jpeg"}],"twitter_card":"summary_large_image","schema":{"@context":"https:\/\/schema.org","@graph":[{"@type":"WebPage","@id":"https:\/\/poterie-de-crestet.com\/de\/keramik\/pizzagericht-rot\/","url":"https:\/\/poterie-de-crestet.com\/de\/keramik\/pizzagericht-rot\/","name":"Pizzagericht Rot - Poterie de Crestet","isPartOf":{"@id":"https:\/\/poterie-de-crestet.com\/de\/#website"},"primaryImageOfPage":{"@id":"https:\/\/poterie-de-crestet.com\/de\/keramik\/pizzagericht-rot\/#primaryimage"},"image":{"@id":"https:\/\/poterie-de-crestet.com\/de\/keramik\/pizzagericht-rot\/#primaryimage"},"thumbnailUrl":"https:\/\/i0.wp.com\/poterie-de-crestet.com\/wp-content\/uploads\/2025\/04\/plat-a-pizza-rouge.jpg?fit=458%2C458&ssl=1","datePublished":"2025-04-08T08:26:12+00:00","description":"Ein knallrotes Pizzagericht, um Ihre hausgemachten Rezepte mit Energie zu servieren. Perfekt f\u00fcr einen Gourmet- und farbenfrohen Tisch.","breadcrumb":{"@id":"https:\/\/poterie-de-crestet.com\/de\/keramik\/pizzagericht-rot\/#breadcrumb"},"inLanguage":"de","potentialAction":[{"@type":"ReadAction","target":["https:\/\/poterie-de-crestet.com\/de\/keramik\/pizzagericht-rot\/"]}]},{"@type":"ImageObject","inLanguage":"de","@id":"https:\/\/poterie-de-crestet.com\/de\/keramik\/pizzagericht-rot\/#primaryimage","url":"https:\/\/i0.wp.com\/poterie-de-crestet.com\/wp-content\/uploads\/2025\/04\/plat-a-pizza-rouge.jpg?fit=458%2C458&ssl=1","contentUrl":"https:\/\/i0.wp.com\/poterie-de-crestet.com\/wp-content\/uploads\/2025\/04\/plat-a-pizza-rouge.jpg?fit=458%2C458&ssl=1","width":458,"height":458,"caption":"Rotes Pizzagericht"},{"@type":"BreadcrumbList","@id":"https:\/\/poterie-de-crestet.com\/de\/keramik\/pizzagericht-rot\/#breadcrumb","itemListElement":[{"@type":"ListItem","position":1,"name":"Accueil","item":"https:\/\/poterie-de-crestet.com\/de\/accueil\/"},{"@type":"ListItem","position":2,"name":"Boutique","item":"https:\/\/poterie-de-crestet.com\/ceramiques\/"},{"@type":"ListItem","position":3,"name":"Pizzagericht Rot"}]},{"@type":"WebSite","@id":"https:\/\/poterie-de-crestet.com\/de\/#website","url":"https:\/\/poterie-de-crestet.com\/de\/","name":"Poterie de Crestet","description":"Des milliers de poteries inpir\u00e9es de la Provence","publisher":{"@id":"https:\/\/poterie-de-crestet.com\/de\/#organization"},"potentialAction":[{"@type":"SearchAction","target":{"@type":"EntryPoint","urlTemplate":"https:\/\/poterie-de-crestet.com\/de\/?s={search_term_string}"},"query-input":{"@type":"PropertyValueSpecification","valueRequired":true,"valueName":"search_term_string"}}],"inLanguage":"de"},{"@type":"Organization","@id":"https:\/\/poterie-de-crestet.com\/de\/#organization","name":"Poterie de Crestet","url":"https:\/\/poterie-de-crestet.com\/de\/","logo":{"@type":"ImageObject","inLanguage":"de","@id":"https:\/\/poterie-de-crestet.com\/de\/#\/schema\/logo\/image\/","url":"https:\/\/i0.wp.com\/poterie-de-crestet.com\/wp-content\/uploads\/2025\/03\/Propo-4.png?fit=1000%2C462&ssl=1","contentUrl":"https:\/\/i0.wp.com\/poterie-de-crestet.com\/wp-content\/uploads\/2025\/03\/Propo-4.png?fit=1000%2C462&ssl=1","width":1000,"height":462,"caption":"Poterie de Crestet"},"image":{"@id":"https:\/\/poterie-de-crestet.com\/de\/#\/schema\/logo\/image\/"}}]}},"jetpack_sharing_enabled":true,"_links":{"self":[{"href":"https:\/\/poterie-de-crestet.com\/de\/wp-json\/wp\/v2\/product\/18306","targetHints":{"allow":["GET"]}}],"collection":[{"href":"https:\/\/poterie-de-crestet.com\/de\/wp-json\/wp\/v2\/product"}],"about":[{"href":"https:\/\/poterie-de-crestet.com\/de\/wp-json\/wp\/v2\/types\/product"}],"replies":[{"embeddable":true,"href":"https:\/\/poterie-de-crestet.com\/de\/wp-json\/wp\/v2\/comments?post=18306"}],"version-history":[{"count":0,"href":"https:\/\/poterie-de-crestet.com\/de\/wp-json\/wp\/v2\/product\/18306\/revisions"}],"wp:featuredmedia":[{"embeddable":true,"href":"https:\/\/poterie-de-crestet.com\/de\/wp-json\/wp\/v2\/media\/7364"}],"wp:attachment":[{"href":"https:\/\/poterie-de-crestet.com\/de\/wp-json\/wp\/v2\/media?parent=18306"}],"wp:term":[{"taxonomy":"product_brand","embeddable":true,"href":"https:\/\/poterie-de-crestet.com\/de\/wp-json\/wp\/v2\/product_brand?post=18306"},{"taxonomy":"product_cat","embeddable":true,"href":"https:\/\/poterie-de-crestet.com\/de\/wp-json\/wp\/v2\/product_cat?post=18306"},{"taxonomy":"product_tag","embeddable":true,"href":"https:\/\/poterie-de-crestet.com\/de\/wp-json\/wp\/v2\/product_tag?post=18306"}],"curies":[{"name":"wp","href":"https:\/\/api.w.org\/{rel}","templated":true}]}}