{"id":18093,"date":"2025-04-09T23:04:37","date_gmt":"2025-04-09T21:04:37","guid":{"rendered":"https:\/\/poterie-de-crestet.com\/ceramiques\/olivengericht-blue-drops\/"},"modified":"2025-04-09T23:04:37","modified_gmt":"2025-04-09T21:04:37","slug":"olivengericht-blue-drops","status":"publish","type":"product","link":"https:\/\/poterie-de-crestet.com\/de\/keramik\/olivengericht-blue-drops\/","title":{"rendered":"Olivengericht  <h5>Blue Drops<\/h5>"},"content":{"rendered":"<p>Dieses Gouttes Bleues-Olivengericht organisiert deinen Aperitif stilvoll.<br data-start=\"397\" data-end=\"400\">Mit seinen drei cleveren F\u00e4chern \u2013 dem Hauptgericht f\u00fcr Oliven oder rohes Gem\u00fcse, dem festen Becher f\u00fcr Kernen oder So\u00dfe und dem kleinen Glas f\u00fcr Spie\u00dfe \u2013 kann man alles auf einmal pr\u00e4sentieren.<br data-start=\"620\" data-end=\"623\">Die blaue geometrische Verzierung verleiht dem Tisch Rhythmus, ohne ihn zu \u00fcberladen.<br data-start=\"695\" data-end=\"698\">Keramikkompatibel <strong data-start=\"719\" data-end=\"727\">mit Ofen<\/strong>-, <strong data-start=\"729\" data-end=\"744\">Mikrowellen<\/strong>-, <strong data-start=\"746\" data-end=\"764\">Geschirrsp\u00fcler<\/strong>&#8211; und <strong data-start=\"782\" data-end=\"805\">Lebensmittelstandards<\/strong>.<br data-start=\"806\" data-end=\"809\">Schnelle Zustellung, ordentliche Pakete und ein menschlicher Kundenservice, der seine Produkte in- und auswendig kennt.<br data-start=\"917\" data-end=\"920\"><strong data-start=\"920\" data-end=\"1030\">Kombinieren Sie es mit einer <a class=\"\" href=\"https:\/\/poterie-de-crestet.com\/de\/keramik\/oelflasche-1-l-blue-drops\/\" rel=\"noopener\" data-start=\"939\" data-end=\"976\">Blue Drops \u00d6lflasche<\/a> oder wachen Sie mit <a class=\"\" href=\"https:\/\/poterie-de-crestet.com\/de\/keramik\/salt-hand-leichter-boden\/\" rel=\"noopener\" data-start=\"1002\" data-end=\"1027\">einer klaren Sol-Salz-Hand<\/a> auf.<\/strong><\/p>\n","protected":false},"excerpt":{"rendered":"<p>Eine clevere Vorspeise mit allem, was Sie f\u00fcr m\u00fcheloses Naschen brauchen.<br data-start=\"1111\" data-end=\"1114\"><strong data-start=\"1114\" data-end=\"1175\"><em data-start=\"1116\" data-end=\"1173\">Abmessungen: 18,5 \u00d7 4 cm (flach) \/ 9,2 \u00d7 4 cm (Schale)<\/em><\/strong><\/p>\n","protected":false},"featured_media":7330,"comment_status":"open","ping_status":"closed","template":"","meta":[],"product_brand":[],"product_cat":[279],"product_tag":[323],"class_list":{"0":"post-18093","1":"product","2":"type-product","3":"status-publish","4":"has-post-thumbnail","6":"product_cat-vorspeisengerichte","7":"product_tag-blue-drops","9":"first","10":"instock","11":"taxable","12":"shipping-taxable","13":"purchasable","14":"product-type-simple"},"yoast_head":"<!-- This site is optimized with the Yoast SEO plugin v27.5 - https:\/\/yoast.com\/product\/yoast-seo-wordpress\/ -->\n<title>Olivengericht Blue Drops - Poterie de Crestet<\/title>\n<meta name=\"description\" content=\"S\u00fc\u00dfe und Frische f\u00fcr dieses Gouttes Bleues Olivengericht. Er pr\u00e4sentiert Ihre provenzalischen Zubereitungen mit Charme und Schlichtheit.\" \/>\n<meta name=\"robots\" content=\"index, follow, max-snippet:-1, max-image-preview:large, max-video-preview:-1\" \/>\n<link rel=\"canonical\" href=\"https:\/\/poterie-de-crestet.com\/de\/keramik\/olivengericht-blue-drops\/\" \/>\n<meta property=\"og:locale\" content=\"de_DE\" \/>\n<meta property=\"og:type\" content=\"article\" \/>\n<meta property=\"og:title\" content=\"Olivengericht Blue Drops - Poterie de Crestet\" \/>\n<meta property=\"og:description\" content=\"S\u00fc\u00dfe und Frische f\u00fcr dieses Gouttes Bleues Olivengericht. Er pr\u00e4sentiert Ihre provenzalischen Zubereitungen mit Charme und Schlichtheit.\" \/>\n<meta property=\"og:url\" content=\"https:\/\/poterie-de-crestet.com\/de\/keramik\/olivengericht-blue-drops\/\" \/>\n<meta property=\"og:site_name\" content=\"Poterie de Crestet\" \/>\n<meta property=\"og:image\" content=\"https:\/\/i0.wp.com\/poterie-de-crestet.com\/wp-content\/uploads\/2025\/04\/Poterie-du-Crestet1012.jpg?fit=800%2C532&ssl=1\" \/>\n\t<meta property=\"og:image:width\" content=\"800\" \/>\n\t<meta property=\"og:image:height\" content=\"532\" \/>\n\t<meta property=\"og:image:type\" content=\"image\/jpeg\" \/>\n<meta name=\"twitter:card\" content=\"summary_large_image\" \/>\n<script type=\"application\/ld+json\" class=\"yoast-schema-graph\">{\"@context\":\"https:\\\/\\\/schema.org\",\"@graph\":[{\"@type\":\"WebPage\",\"@id\":\"https:\\\/\\\/poterie-de-crestet.com\\\/de\\\/keramik\\\/olivengericht-blue-drops\\\/\",\"url\":\"https:\\\/\\\/poterie-de-crestet.com\\\/de\\\/keramik\\\/olivengericht-blue-drops\\\/\",\"name\":\"Olivengericht Blue Drops - Poterie de Crestet\",\"isPartOf\":{\"@id\":\"https:\\\/\\\/poterie-de-crestet.com\\\/de\\\/#website\"},\"primaryImageOfPage\":{\"@id\":\"https:\\\/\\\/poterie-de-crestet.com\\\/de\\\/keramik\\\/olivengericht-blue-drops\\\/#primaryimage\"},\"image\":{\"@id\":\"https:\\\/\\\/poterie-de-crestet.com\\\/de\\\/keramik\\\/olivengericht-blue-drops\\\/#primaryimage\"},\"thumbnailUrl\":\"https:\\\/\\\/i0.wp.com\\\/poterie-de-crestet.com\\\/wp-content\\\/uploads\\\/2025\\\/04\\\/Poterie-du-Crestet1012.jpg?fit=800%2C532&ssl=1\",\"datePublished\":\"2025-04-09T21:04:37+00:00\",\"description\":\"S\u00fc\u00dfe und Frische f\u00fcr dieses Gouttes Bleues Olivengericht. Er pr\u00e4sentiert Ihre provenzalischen Zubereitungen mit Charme und Schlichtheit.\",\"breadcrumb\":{\"@id\":\"https:\\\/\\\/poterie-de-crestet.com\\\/de\\\/keramik\\\/olivengericht-blue-drops\\\/#breadcrumb\"},\"inLanguage\":\"de\",\"potentialAction\":[{\"@type\":\"ReadAction\",\"target\":[\"https:\\\/\\\/poterie-de-crestet.com\\\/de\\\/keramik\\\/olivengericht-blue-drops\\\/\"]}]},{\"@type\":\"ImageObject\",\"inLanguage\":\"de\",\"@id\":\"https:\\\/\\\/poterie-de-crestet.com\\\/de\\\/keramik\\\/olivengericht-blue-drops\\\/#primaryimage\",\"url\":\"https:\\\/\\\/i0.wp.com\\\/poterie-de-crestet.com\\\/wp-content\\\/uploads\\\/2025\\\/04\\\/Poterie-du-Crestet1012.jpg?fit=800%2C532&ssl=1\",\"contentUrl\":\"https:\\\/\\\/i0.wp.com\\\/poterie-de-crestet.com\\\/wp-content\\\/uploads\\\/2025\\\/04\\\/Poterie-du-Crestet1012.jpg?fit=800%2C532&ssl=1\",\"width\":800,\"height\":532,\"caption\":\"Olivengericht Blaue Tropfen\"},{\"@type\":\"BreadcrumbList\",\"@id\":\"https:\\\/\\\/poterie-de-crestet.com\\\/de\\\/keramik\\\/olivengericht-blue-drops\\\/#breadcrumb\",\"itemListElement\":[{\"@type\":\"ListItem\",\"position\":1,\"name\":\"Accueil\",\"item\":\"https:\\\/\\\/poterie-de-crestet.com\\\/de\\\/accueil\\\/\"},{\"@type\":\"ListItem\",\"position\":2,\"name\":\"Boutique\",\"item\":\"https:\\\/\\\/poterie-de-crestet.com\\\/ceramiques\\\/\"},{\"@type\":\"ListItem\",\"position\":3,\"name\":\"Olivengericht Blue Drops\"}]},{\"@type\":\"WebSite\",\"@id\":\"https:\\\/\\\/poterie-de-crestet.com\\\/de\\\/#website\",\"url\":\"https:\\\/\\\/poterie-de-crestet.com\\\/de\\\/\",\"name\":\"Poterie de Crestet\",\"description\":\"Des milliers de poteries inpir\u00e9es de la Provence\",\"publisher\":{\"@id\":\"https:\\\/\\\/poterie-de-crestet.com\\\/de\\\/#organization\"},\"potentialAction\":[{\"@type\":\"SearchAction\",\"target\":{\"@type\":\"EntryPoint\",\"urlTemplate\":\"https:\\\/\\\/poterie-de-crestet.com\\\/de\\\/?s={search_term_string}\"},\"query-input\":{\"@type\":\"PropertyValueSpecification\",\"valueRequired\":true,\"valueName\":\"search_term_string\"}}],\"inLanguage\":\"de\"},{\"@type\":\"Organization\",\"@id\":\"https:\\\/\\\/poterie-de-crestet.com\\\/de\\\/#organization\",\"name\":\"Poterie de Crestet\",\"url\":\"https:\\\/\\\/poterie-de-crestet.com\\\/de\\\/\",\"logo\":{\"@type\":\"ImageObject\",\"inLanguage\":\"de\",\"@id\":\"https:\\\/\\\/poterie-de-crestet.com\\\/de\\\/#\\\/schema\\\/logo\\\/image\\\/\",\"url\":\"https:\\\/\\\/i0.wp.com\\\/poterie-de-crestet.com\\\/wp-content\\\/uploads\\\/2025\\\/03\\\/Propo-4.png?fit=1000%2C462&ssl=1\",\"contentUrl\":\"https:\\\/\\\/i0.wp.com\\\/poterie-de-crestet.com\\\/wp-content\\\/uploads\\\/2025\\\/03\\\/Propo-4.png?fit=1000%2C462&ssl=1\",\"width\":1000,\"height\":462,\"caption\":\"Poterie de Crestet\"},\"image\":{\"@id\":\"https:\\\/\\\/poterie-de-crestet.com\\\/de\\\/#\\\/schema\\\/logo\\\/image\\\/\"}}]}<\/script>\n<!-- \/ Yoast SEO plugin. -->","yoast_head_json":{"title":"Olivengericht Blue Drops - Poterie de Crestet","description":"S\u00fc\u00dfe und Frische f\u00fcr dieses Gouttes Bleues Olivengericht. Er pr\u00e4sentiert Ihre provenzalischen Zubereitungen mit Charme und Schlichtheit.","robots":{"index":"index","follow":"follow","max-snippet":"max-snippet:-1","max-image-preview":"max-image-preview:large","max-video-preview":"max-video-preview:-1"},"canonical":"https:\/\/poterie-de-crestet.com\/de\/keramik\/olivengericht-blue-drops\/","og_locale":"de_DE","og_type":"article","og_title":"Olivengericht Blue Drops - Poterie de Crestet","og_description":"S\u00fc\u00dfe und Frische f\u00fcr dieses Gouttes Bleues Olivengericht. Er pr\u00e4sentiert Ihre provenzalischen Zubereitungen mit Charme und Schlichtheit.","og_url":"https:\/\/poterie-de-crestet.com\/de\/keramik\/olivengericht-blue-drops\/","og_site_name":"Poterie de Crestet","og_image":[{"width":800,"height":532,"url":"https:\/\/i0.wp.com\/poterie-de-crestet.com\/wp-content\/uploads\/2025\/04\/Poterie-du-Crestet1012.jpg?fit=800%2C532&ssl=1","type":"image\/jpeg"}],"twitter_card":"summary_large_image","schema":{"@context":"https:\/\/schema.org","@graph":[{"@type":"WebPage","@id":"https:\/\/poterie-de-crestet.com\/de\/keramik\/olivengericht-blue-drops\/","url":"https:\/\/poterie-de-crestet.com\/de\/keramik\/olivengericht-blue-drops\/","name":"Olivengericht Blue Drops - Poterie de Crestet","isPartOf":{"@id":"https:\/\/poterie-de-crestet.com\/de\/#website"},"primaryImageOfPage":{"@id":"https:\/\/poterie-de-crestet.com\/de\/keramik\/olivengericht-blue-drops\/#primaryimage"},"image":{"@id":"https:\/\/poterie-de-crestet.com\/de\/keramik\/olivengericht-blue-drops\/#primaryimage"},"thumbnailUrl":"https:\/\/i0.wp.com\/poterie-de-crestet.com\/wp-content\/uploads\/2025\/04\/Poterie-du-Crestet1012.jpg?fit=800%2C532&ssl=1","datePublished":"2025-04-09T21:04:37+00:00","description":"S\u00fc\u00dfe und Frische f\u00fcr dieses Gouttes Bleues Olivengericht. Er pr\u00e4sentiert Ihre provenzalischen Zubereitungen mit Charme und Schlichtheit.","breadcrumb":{"@id":"https:\/\/poterie-de-crestet.com\/de\/keramik\/olivengericht-blue-drops\/#breadcrumb"},"inLanguage":"de","potentialAction":[{"@type":"ReadAction","target":["https:\/\/poterie-de-crestet.com\/de\/keramik\/olivengericht-blue-drops\/"]}]},{"@type":"ImageObject","inLanguage":"de","@id":"https:\/\/poterie-de-crestet.com\/de\/keramik\/olivengericht-blue-drops\/#primaryimage","url":"https:\/\/i0.wp.com\/poterie-de-crestet.com\/wp-content\/uploads\/2025\/04\/Poterie-du-Crestet1012.jpg?fit=800%2C532&ssl=1","contentUrl":"https:\/\/i0.wp.com\/poterie-de-crestet.com\/wp-content\/uploads\/2025\/04\/Poterie-du-Crestet1012.jpg?fit=800%2C532&ssl=1","width":800,"height":532,"caption":"Olivengericht Blaue Tropfen"},{"@type":"BreadcrumbList","@id":"https:\/\/poterie-de-crestet.com\/de\/keramik\/olivengericht-blue-drops\/#breadcrumb","itemListElement":[{"@type":"ListItem","position":1,"name":"Accueil","item":"https:\/\/poterie-de-crestet.com\/de\/accueil\/"},{"@type":"ListItem","position":2,"name":"Boutique","item":"https:\/\/poterie-de-crestet.com\/ceramiques\/"},{"@type":"ListItem","position":3,"name":"Olivengericht Blue Drops"}]},{"@type":"WebSite","@id":"https:\/\/poterie-de-crestet.com\/de\/#website","url":"https:\/\/poterie-de-crestet.com\/de\/","name":"Poterie de Crestet","description":"Des milliers de poteries inpir\u00e9es de la Provence","publisher":{"@id":"https:\/\/poterie-de-crestet.com\/de\/#organization"},"potentialAction":[{"@type":"SearchAction","target":{"@type":"EntryPoint","urlTemplate":"https:\/\/poterie-de-crestet.com\/de\/?s={search_term_string}"},"query-input":{"@type":"PropertyValueSpecification","valueRequired":true,"valueName":"search_term_string"}}],"inLanguage":"de"},{"@type":"Organization","@id":"https:\/\/poterie-de-crestet.com\/de\/#organization","name":"Poterie de Crestet","url":"https:\/\/poterie-de-crestet.com\/de\/","logo":{"@type":"ImageObject","inLanguage":"de","@id":"https:\/\/poterie-de-crestet.com\/de\/#\/schema\/logo\/image\/","url":"https:\/\/i0.wp.com\/poterie-de-crestet.com\/wp-content\/uploads\/2025\/03\/Propo-4.png?fit=1000%2C462&ssl=1","contentUrl":"https:\/\/i0.wp.com\/poterie-de-crestet.com\/wp-content\/uploads\/2025\/03\/Propo-4.png?fit=1000%2C462&ssl=1","width":1000,"height":462,"caption":"Poterie de Crestet"},"image":{"@id":"https:\/\/poterie-de-crestet.com\/de\/#\/schema\/logo\/image\/"}}]}},"jetpack_sharing_enabled":true,"_links":{"self":[{"href":"https:\/\/poterie-de-crestet.com\/de\/wp-json\/wp\/v2\/product\/18093","targetHints":{"allow":["GET"]}}],"collection":[{"href":"https:\/\/poterie-de-crestet.com\/de\/wp-json\/wp\/v2\/product"}],"about":[{"href":"https:\/\/poterie-de-crestet.com\/de\/wp-json\/wp\/v2\/types\/product"}],"replies":[{"embeddable":true,"href":"https:\/\/poterie-de-crestet.com\/de\/wp-json\/wp\/v2\/comments?post=18093"}],"version-history":[{"count":0,"href":"https:\/\/poterie-de-crestet.com\/de\/wp-json\/wp\/v2\/product\/18093\/revisions"}],"wp:featuredmedia":[{"embeddable":true,"href":"https:\/\/poterie-de-crestet.com\/de\/wp-json\/wp\/v2\/media\/7330"}],"wp:attachment":[{"href":"https:\/\/poterie-de-crestet.com\/de\/wp-json\/wp\/v2\/media?parent=18093"}],"wp:term":[{"taxonomy":"product_brand","embeddable":true,"href":"https:\/\/poterie-de-crestet.com\/de\/wp-json\/wp\/v2\/product_brand?post=18093"},{"taxonomy":"product_cat","embeddable":true,"href":"https:\/\/poterie-de-crestet.com\/de\/wp-json\/wp\/v2\/product_cat?post=18093"},{"taxonomy":"product_tag","embeddable":true,"href":"https:\/\/poterie-de-crestet.com\/de\/wp-json\/wp\/v2\/product_tag?post=18093"}],"curies":[{"name":"wp","href":"https:\/\/api.w.org\/{rel}","templated":true}]}}