{"id":18081,"date":"2025-04-10T15:39:43","date_gmt":"2025-04-10T13:39:43","guid":{"rendered":"https:\/\/poterie-de-crestet.com\/ceramiques\/eiergericht-zitrone\/"},"modified":"2025-04-10T15:39:43","modified_gmt":"2025-04-10T13:39:43","slug":"eiergericht-zitrone","status":"publish","type":"product","link":"https:\/\/poterie-de-crestet.com\/de\/keramik\/eiergericht-zitrone\/","title":{"rendered":"Eiergericht  <h5>Zitrone<\/h5>"},"content":{"rendered":"<p class=\"\" data-start=\"286\" data-end=\"605\">Bringen Sie Sonnenschein an Ihren Tisch mit unserem Zitronengef\u00fcllten Eierteller! Mit einem Durchmesser von 26 cm und einer H\u00f6he von 2,2 cm kann er bis zu 12 hartgekochte, Mimosa- oder gef\u00fcllte Eier aufnehmen. Sein fruchtiges, leuchtendes und handbemaltes Muster verleiht Ihren Aperitifs und Vorspeisen eine frische Note und ruft den mediterranen Geist hervor.  <\/p>\n<p class=\"\" data-start=\"607\" data-end=\"1045\">Dieser Eierteller kann auch in ein praktisches Gericht verwandelt werden, um herzhafte Bissen oder rohes Gem\u00fcse zu servieren oder So\u00dfen wie hausgemachte Mayonnaise oder Ailoli auszustellen. Wenn Sie nach passenden Ideen suchen, z\u00f6gern Sie nicht, unseren <strong data-start=\"878\" data-end=\"904\"><a class=\"\" href=\"https:\/\/poterie-de-crestet.com\/de\/keramik\/moerser-provence-2\/\" rel=\"noopener\" data-start=\"880\" data-end=\"902\">Keramikm\u00f6rtel<\/a><\/strong> zu entdecken, der ideal ist, um Mayonnaise perfekt zusammenzustellen, oder unsere anderen <strong data-start=\"963\" data-end=\"988\"><a class=\"\" href=\"https:\/\/poterie-de-crestet.com\/de\/rayon\/eiergerichte\/\" rel=\"noopener\" data-start=\"965\" data-end=\"986\">Eierteller<\/a><\/strong>, die in verschiedenen Dekos f\u00fcr jeden Geschmack erh\u00e4ltlich sind. <\/p>\n","protected":false},"excerpt":{"rendered":"<p>Bringen Sie Sonnenschein an Ihren Tisch mit unserem Zitronengef\u00fcllten Eierteller! Es kann bis zu 12 hartgekochte, Mimosa- oder gef\u00fcllte Eier aufnehmen. Sein fruchtiges, leuchtendes und handbemaltes Muster verleiht Ihren Aperitifs und Vorspeisen eine frische Note und ruft den mediterranen Geist hervor.  <\/p>\n<p><strong>Abmessungen<\/strong> : 26 cm Durchmesser und 2,2 cm H\u00f6he<\/p>\n","protected":false},"featured_media":7436,"comment_status":"open","ping_status":"closed","template":"","meta":[],"product_brand":[],"product_cat":[282],"product_tag":[313],"class_list":{"0":"post-18081","1":"product","2":"type-product","3":"status-publish","4":"has-post-thumbnail","6":"product_cat-eiergerichte","7":"product_tag-zitrone","9":"first","10":"instock","11":"taxable","12":"shipping-taxable","13":"purchasable","14":"product-type-simple"},"yoast_head":"<!-- This site is optimized with the Yoast SEO plugin v27.5 - https:\/\/yoast.com\/product\/yoast-seo-wordpress\/ -->\n<title>Eiergericht Zitrone - Poterie de Crestet<\/title>\n<meta name=\"description\" content=\"Zitronen-Ei-Gericht \u00d826 cm: hell und praktisch f\u00fcr 12 gef\u00fcllte Eier. Hergestellt aus farbiger Keramik, perfekt f\u00fcr gem\u00fctliche Aperitifs, Tapas und hausgemachte Vorspeisen.\" \/>\n<meta name=\"robots\" content=\"index, follow, max-snippet:-1, max-image-preview:large, max-video-preview:-1\" \/>\n<link rel=\"canonical\" href=\"https:\/\/poterie-de-crestet.com\/de\/keramik\/eiergericht-zitrone\/\" \/>\n<meta property=\"og:locale\" content=\"de_DE\" \/>\n<meta property=\"og:type\" content=\"article\" \/>\n<meta property=\"og:title\" content=\"Eiergericht Zitrone - Poterie de Crestet\" \/>\n<meta property=\"og:description\" content=\"Zitronen-Ei-Gericht \u00d826 cm: hell und praktisch f\u00fcr 12 gef\u00fcllte Eier. Hergestellt aus farbiger Keramik, perfekt f\u00fcr gem\u00fctliche Aperitifs, Tapas und hausgemachte Vorspeisen.\" \/>\n<meta property=\"og:url\" content=\"https:\/\/poterie-de-crestet.com\/de\/keramik\/eiergericht-zitrone\/\" \/>\n<meta property=\"og:site_name\" content=\"Poterie de Crestet\" \/>\n<meta property=\"og:image\" content=\"https:\/\/i0.wp.com\/poterie-de-crestet.com\/wp-content\/uploads\/2025\/04\/Poterie-du-Crestet0952.jpg?fit=800%2C532&ssl=1\" \/>\n\t<meta property=\"og:image:width\" content=\"800\" \/>\n\t<meta property=\"og:image:height\" content=\"532\" \/>\n\t<meta property=\"og:image:type\" content=\"image\/jpeg\" \/>\n<meta name=\"twitter:card\" content=\"summary_large_image\" \/>\n<meta name=\"twitter:label1\" content=\"Gesch\u00e4tzte Lesezeit\" \/>\n\t<meta name=\"twitter:data1\" content=\"1\u00a0Minute\" \/>\n<script type=\"application\/ld+json\" class=\"yoast-schema-graph\">{\"@context\":\"https:\\\/\\\/schema.org\",\"@graph\":[{\"@type\":\"WebPage\",\"@id\":\"https:\\\/\\\/poterie-de-crestet.com\\\/de\\\/keramik\\\/eiergericht-zitrone\\\/\",\"url\":\"https:\\\/\\\/poterie-de-crestet.com\\\/de\\\/keramik\\\/eiergericht-zitrone\\\/\",\"name\":\"Eiergericht Zitrone - Poterie de Crestet\",\"isPartOf\":{\"@id\":\"https:\\\/\\\/poterie-de-crestet.com\\\/de\\\/#website\"},\"primaryImageOfPage\":{\"@id\":\"https:\\\/\\\/poterie-de-crestet.com\\\/de\\\/keramik\\\/eiergericht-zitrone\\\/#primaryimage\"},\"image\":{\"@id\":\"https:\\\/\\\/poterie-de-crestet.com\\\/de\\\/keramik\\\/eiergericht-zitrone\\\/#primaryimage\"},\"thumbnailUrl\":\"https:\\\/\\\/i0.wp.com\\\/poterie-de-crestet.com\\\/wp-content\\\/uploads\\\/2025\\\/04\\\/Poterie-du-Crestet0952.jpg?fit=800%2C532&ssl=1\",\"datePublished\":\"2025-04-10T13:39:43+00:00\",\"description\":\"Zitronen-Ei-Gericht \u00d826 cm: hell und praktisch f\u00fcr 12 gef\u00fcllte Eier. Hergestellt aus farbiger Keramik, perfekt f\u00fcr gem\u00fctliche Aperitifs, Tapas und hausgemachte Vorspeisen.\",\"breadcrumb\":{\"@id\":\"https:\\\/\\\/poterie-de-crestet.com\\\/de\\\/keramik\\\/eiergericht-zitrone\\\/#breadcrumb\"},\"inLanguage\":\"de\",\"potentialAction\":[{\"@type\":\"ReadAction\",\"target\":[\"https:\\\/\\\/poterie-de-crestet.com\\\/de\\\/keramik\\\/eiergericht-zitrone\\\/\"]}]},{\"@type\":\"ImageObject\",\"inLanguage\":\"de\",\"@id\":\"https:\\\/\\\/poterie-de-crestet.com\\\/de\\\/keramik\\\/eiergericht-zitrone\\\/#primaryimage\",\"url\":\"https:\\\/\\\/i0.wp.com\\\/poterie-de-crestet.com\\\/wp-content\\\/uploads\\\/2025\\\/04\\\/Poterie-du-Crestet0952.jpg?fit=800%2C532&ssl=1\",\"contentUrl\":\"https:\\\/\\\/i0.wp.com\\\/poterie-de-crestet.com\\\/wp-content\\\/uploads\\\/2025\\\/04\\\/Poterie-du-Crestet0952.jpg?fit=800%2C532&ssl=1\",\"width\":800,\"height\":532,\"caption\":\"Zitronen-Ei-Gericht\"},{\"@type\":\"BreadcrumbList\",\"@id\":\"https:\\\/\\\/poterie-de-crestet.com\\\/de\\\/keramik\\\/eiergericht-zitrone\\\/#breadcrumb\",\"itemListElement\":[{\"@type\":\"ListItem\",\"position\":1,\"name\":\"Accueil\",\"item\":\"https:\\\/\\\/poterie-de-crestet.com\\\/de\\\/accueil\\\/\"},{\"@type\":\"ListItem\",\"position\":2,\"name\":\"Boutique\",\"item\":\"https:\\\/\\\/poterie-de-crestet.com\\\/ceramiques\\\/\"},{\"@type\":\"ListItem\",\"position\":3,\"name\":\"Eiergericht Zitrone\"}]},{\"@type\":\"WebSite\",\"@id\":\"https:\\\/\\\/poterie-de-crestet.com\\\/de\\\/#website\",\"url\":\"https:\\\/\\\/poterie-de-crestet.com\\\/de\\\/\",\"name\":\"Poterie de Crestet\",\"description\":\"Des milliers de poteries inpir\u00e9es de la Provence\",\"publisher\":{\"@id\":\"https:\\\/\\\/poterie-de-crestet.com\\\/de\\\/#organization\"},\"potentialAction\":[{\"@type\":\"SearchAction\",\"target\":{\"@type\":\"EntryPoint\",\"urlTemplate\":\"https:\\\/\\\/poterie-de-crestet.com\\\/de\\\/?s={search_term_string}\"},\"query-input\":{\"@type\":\"PropertyValueSpecification\",\"valueRequired\":true,\"valueName\":\"search_term_string\"}}],\"inLanguage\":\"de\"},{\"@type\":\"Organization\",\"@id\":\"https:\\\/\\\/poterie-de-crestet.com\\\/de\\\/#organization\",\"name\":\"Poterie de Crestet\",\"url\":\"https:\\\/\\\/poterie-de-crestet.com\\\/de\\\/\",\"logo\":{\"@type\":\"ImageObject\",\"inLanguage\":\"de\",\"@id\":\"https:\\\/\\\/poterie-de-crestet.com\\\/de\\\/#\\\/schema\\\/logo\\\/image\\\/\",\"url\":\"https:\\\/\\\/i0.wp.com\\\/poterie-de-crestet.com\\\/wp-content\\\/uploads\\\/2025\\\/03\\\/Propo-4.png?fit=1000%2C462&ssl=1\",\"contentUrl\":\"https:\\\/\\\/i0.wp.com\\\/poterie-de-crestet.com\\\/wp-content\\\/uploads\\\/2025\\\/03\\\/Propo-4.png?fit=1000%2C462&ssl=1\",\"width\":1000,\"height\":462,\"caption\":\"Poterie de Crestet\"},\"image\":{\"@id\":\"https:\\\/\\\/poterie-de-crestet.com\\\/de\\\/#\\\/schema\\\/logo\\\/image\\\/\"}}]}<\/script>\n<!-- \/ Yoast SEO plugin. -->","yoast_head_json":{"title":"Eiergericht Zitrone - Poterie de Crestet","description":"Zitronen-Ei-Gericht \u00d826 cm: hell und praktisch f\u00fcr 12 gef\u00fcllte Eier. Hergestellt aus farbiger Keramik, perfekt f\u00fcr gem\u00fctliche Aperitifs, Tapas und hausgemachte Vorspeisen.","robots":{"index":"index","follow":"follow","max-snippet":"max-snippet:-1","max-image-preview":"max-image-preview:large","max-video-preview":"max-video-preview:-1"},"canonical":"https:\/\/poterie-de-crestet.com\/de\/keramik\/eiergericht-zitrone\/","og_locale":"de_DE","og_type":"article","og_title":"Eiergericht Zitrone - Poterie de Crestet","og_description":"Zitronen-Ei-Gericht \u00d826 cm: hell und praktisch f\u00fcr 12 gef\u00fcllte Eier. Hergestellt aus farbiger Keramik, perfekt f\u00fcr gem\u00fctliche Aperitifs, Tapas und hausgemachte Vorspeisen.","og_url":"https:\/\/poterie-de-crestet.com\/de\/keramik\/eiergericht-zitrone\/","og_site_name":"Poterie de Crestet","og_image":[{"width":800,"height":532,"url":"https:\/\/i0.wp.com\/poterie-de-crestet.com\/wp-content\/uploads\/2025\/04\/Poterie-du-Crestet0952.jpg?fit=800%2C532&ssl=1","type":"image\/jpeg"}],"twitter_card":"summary_large_image","twitter_misc":{"Gesch\u00e4tzte Lesezeit":"1\u00a0Minute"},"schema":{"@context":"https:\/\/schema.org","@graph":[{"@type":"WebPage","@id":"https:\/\/poterie-de-crestet.com\/de\/keramik\/eiergericht-zitrone\/","url":"https:\/\/poterie-de-crestet.com\/de\/keramik\/eiergericht-zitrone\/","name":"Eiergericht Zitrone - Poterie de Crestet","isPartOf":{"@id":"https:\/\/poterie-de-crestet.com\/de\/#website"},"primaryImageOfPage":{"@id":"https:\/\/poterie-de-crestet.com\/de\/keramik\/eiergericht-zitrone\/#primaryimage"},"image":{"@id":"https:\/\/poterie-de-crestet.com\/de\/keramik\/eiergericht-zitrone\/#primaryimage"},"thumbnailUrl":"https:\/\/i0.wp.com\/poterie-de-crestet.com\/wp-content\/uploads\/2025\/04\/Poterie-du-Crestet0952.jpg?fit=800%2C532&ssl=1","datePublished":"2025-04-10T13:39:43+00:00","description":"Zitronen-Ei-Gericht \u00d826 cm: hell und praktisch f\u00fcr 12 gef\u00fcllte Eier. Hergestellt aus farbiger Keramik, perfekt f\u00fcr gem\u00fctliche Aperitifs, Tapas und hausgemachte Vorspeisen.","breadcrumb":{"@id":"https:\/\/poterie-de-crestet.com\/de\/keramik\/eiergericht-zitrone\/#breadcrumb"},"inLanguage":"de","potentialAction":[{"@type":"ReadAction","target":["https:\/\/poterie-de-crestet.com\/de\/keramik\/eiergericht-zitrone\/"]}]},{"@type":"ImageObject","inLanguage":"de","@id":"https:\/\/poterie-de-crestet.com\/de\/keramik\/eiergericht-zitrone\/#primaryimage","url":"https:\/\/i0.wp.com\/poterie-de-crestet.com\/wp-content\/uploads\/2025\/04\/Poterie-du-Crestet0952.jpg?fit=800%2C532&ssl=1","contentUrl":"https:\/\/i0.wp.com\/poterie-de-crestet.com\/wp-content\/uploads\/2025\/04\/Poterie-du-Crestet0952.jpg?fit=800%2C532&ssl=1","width":800,"height":532,"caption":"Zitronen-Ei-Gericht"},{"@type":"BreadcrumbList","@id":"https:\/\/poterie-de-crestet.com\/de\/keramik\/eiergericht-zitrone\/#breadcrumb","itemListElement":[{"@type":"ListItem","position":1,"name":"Accueil","item":"https:\/\/poterie-de-crestet.com\/de\/accueil\/"},{"@type":"ListItem","position":2,"name":"Boutique","item":"https:\/\/poterie-de-crestet.com\/ceramiques\/"},{"@type":"ListItem","position":3,"name":"Eiergericht Zitrone"}]},{"@type":"WebSite","@id":"https:\/\/poterie-de-crestet.com\/de\/#website","url":"https:\/\/poterie-de-crestet.com\/de\/","name":"Poterie de Crestet","description":"Des milliers de poteries inpir\u00e9es de la Provence","publisher":{"@id":"https:\/\/poterie-de-crestet.com\/de\/#organization"},"potentialAction":[{"@type":"SearchAction","target":{"@type":"EntryPoint","urlTemplate":"https:\/\/poterie-de-crestet.com\/de\/?s={search_term_string}"},"query-input":{"@type":"PropertyValueSpecification","valueRequired":true,"valueName":"search_term_string"}}],"inLanguage":"de"},{"@type":"Organization","@id":"https:\/\/poterie-de-crestet.com\/de\/#organization","name":"Poterie de Crestet","url":"https:\/\/poterie-de-crestet.com\/de\/","logo":{"@type":"ImageObject","inLanguage":"de","@id":"https:\/\/poterie-de-crestet.com\/de\/#\/schema\/logo\/image\/","url":"https:\/\/i0.wp.com\/poterie-de-crestet.com\/wp-content\/uploads\/2025\/03\/Propo-4.png?fit=1000%2C462&ssl=1","contentUrl":"https:\/\/i0.wp.com\/poterie-de-crestet.com\/wp-content\/uploads\/2025\/03\/Propo-4.png?fit=1000%2C462&ssl=1","width":1000,"height":462,"caption":"Poterie de Crestet"},"image":{"@id":"https:\/\/poterie-de-crestet.com\/de\/#\/schema\/logo\/image\/"}}]}},"jetpack_sharing_enabled":true,"_links":{"self":[{"href":"https:\/\/poterie-de-crestet.com\/de\/wp-json\/wp\/v2\/product\/18081","targetHints":{"allow":["GET"]}}],"collection":[{"href":"https:\/\/poterie-de-crestet.com\/de\/wp-json\/wp\/v2\/product"}],"about":[{"href":"https:\/\/poterie-de-crestet.com\/de\/wp-json\/wp\/v2\/types\/product"}],"replies":[{"embeddable":true,"href":"https:\/\/poterie-de-crestet.com\/de\/wp-json\/wp\/v2\/comments?post=18081"}],"version-history":[{"count":0,"href":"https:\/\/poterie-de-crestet.com\/de\/wp-json\/wp\/v2\/product\/18081\/revisions"}],"wp:featuredmedia":[{"embeddable":true,"href":"https:\/\/poterie-de-crestet.com\/de\/wp-json\/wp\/v2\/media\/7436"}],"wp:attachment":[{"href":"https:\/\/poterie-de-crestet.com\/de\/wp-json\/wp\/v2\/media?parent=18081"}],"wp:term":[{"taxonomy":"product_brand","embeddable":true,"href":"https:\/\/poterie-de-crestet.com\/de\/wp-json\/wp\/v2\/product_brand?post=18081"},{"taxonomy":"product_cat","embeddable":true,"href":"https:\/\/poterie-de-crestet.com\/de\/wp-json\/wp\/v2\/product_cat?post=18081"},{"taxonomy":"product_tag","embeddable":true,"href":"https:\/\/poterie-de-crestet.com\/de\/wp-json\/wp\/v2\/product_tag?post=18081"}],"curies":[{"name":"wp","href":"https:\/\/api.w.org\/{rel}","templated":true}]}}