{"id":17845,"date":"2025-04-09T14:06:44","date_gmt":"2025-04-09T12:06:44","guid":{"rendered":"https:\/\/poterie-de-crestet.com\/ceramiques\/oelflasche-1-l-farbige-tropfen\/"},"modified":"2025-04-09T14:06:44","modified_gmt":"2025-04-09T12:06:44","slug":"oelflasche-1-l-farbige-tropfen","status":"publish","type":"product","link":"https:\/\/poterie-de-crestet.com\/de\/keramik\/oelflasche-1-l-farbige-tropfen\/","title":{"rendered":"\u00d6lflasche 1 L  <h5>Farbige Tropfen<\/h5>"},"content":{"rendered":"<p>Voller Leben und Farbe wird diese Coloured Drops \u00d6lflasche zum Herzst\u00fcck der K\u00fcche. Der Kork- und Metallausguss sorgt f\u00fcr perfekte Kontrolle \u00fcber den Service, w\u00e4hrend die Keramik Ihr Oliven- oder Walnuss\u00f6l effektiv sch\u00fctzt. Das gro\u00dfz\u00fcgige 1-Liter-Format erm\u00f6glicht eine komfortable t\u00e4gliche Nutzung. Sp\u00fclmaschinenfest ohne Sorge. Kombinieren Sie es mit einem <a class=\"\" href=\"https:\/\/poterie-de-crestet.com\/de\/keramik\/dessertteller-farbige-tropfen\/\" rel=\"noopener\" data-start=\"4095\" data-end=\"4135\">Gouttes Color\u00e9es-Dessertteller<\/a> oder schaffen Sie einen fr\u00f6hlichen Tisch mit dem <a class=\"\" href=\"https:\/\/poterie-de-crestet.com\/ceramiques\/plat-a-cake-tropical\/\" rel=\"noopener\" data-start=\"4172\" data-end=\"4197\">Tropical Cake Dish.<\/a>    <\/p>\n","protected":false},"excerpt":{"rendered":"<p>Fr\u00f6hliche und praktische Flasche, um dein \u00d6l vor Licht zu sch\u00fctzen. Ausguss inklusive. <br data-start=\"1346\" data-end=\"1349\"><strong data-start=\"1349\" data-end=\"1382\"><em data-start=\"1351\" data-end=\"1380\">Abmessungen: 11,5 \u00d7 23,5 cm<\/em><\/strong><\/p>\n","protected":false},"featured_media":6444,"comment_status":"open","ping_status":"closed","template":"","meta":[],"product_brand":[],"product_cat":[263],"product_tag":[325],"class_list":{"0":"post-17845","1":"product","2":"type-product","3":"status-publish","4":"has-post-thumbnail","6":"product_cat-olschalen","7":"product_tag-farbige-tropfen","9":"first","10":"instock","11":"taxable","12":"shipping-taxable","13":"purchasable","14":"product-type-simple"},"yoast_head":"<!-- This site is optimized with the Yoast SEO plugin v27.5 - https:\/\/yoast.com\/product\/yoast-seo-wordpress\/ -->\n<title>\u00d6lflasche 1 L Farbige Tropfen - Poterie de Crestet<\/title>\n<meta name=\"description\" content=\"Farbenfroh und funktional sorgt diese 1-Liter-Flasche mit Ausguss f\u00fcr einen sauberen Service. Ein sch\u00f6nes Zubeh\u00f6r f\u00fcr \u00d6l oder Essig.\" \/>\n<meta name=\"robots\" content=\"index, follow, max-snippet:-1, max-image-preview:large, max-video-preview:-1\" \/>\n<link rel=\"canonical\" href=\"https:\/\/poterie-de-crestet.com\/de\/keramik\/oelflasche-1-l-farbige-tropfen\/\" \/>\n<meta property=\"og:locale\" content=\"de_DE\" \/>\n<meta property=\"og:type\" content=\"article\" \/>\n<meta property=\"og:title\" content=\"\u00d6lflasche 1 L Farbige Tropfen - Poterie de Crestet\" \/>\n<meta property=\"og:description\" content=\"Farbenfroh und funktional sorgt diese 1-Liter-Flasche mit Ausguss f\u00fcr einen sauberen Service. Ein sch\u00f6nes Zubeh\u00f6r f\u00fcr \u00d6l oder Essig.\" \/>\n<meta property=\"og:url\" content=\"https:\/\/poterie-de-crestet.com\/de\/keramik\/oelflasche-1-l-farbige-tropfen\/\" \/>\n<meta property=\"og:site_name\" content=\"Poterie de Crestet\" \/>\n<meta property=\"og:image\" content=\"https:\/\/i0.wp.com\/poterie-de-crestet.com\/wp-content\/uploads\/2025\/04\/Poterie-du-Crestet0839.jpg?fit=532%2C800&ssl=1\" \/>\n\t<meta property=\"og:image:width\" content=\"532\" \/>\n\t<meta property=\"og:image:height\" content=\"800\" \/>\n\t<meta property=\"og:image:type\" content=\"image\/jpeg\" \/>\n<meta name=\"twitter:card\" content=\"summary_large_image\" \/>\n<script type=\"application\/ld+json\" class=\"yoast-schema-graph\">{\"@context\":\"https:\\\/\\\/schema.org\",\"@graph\":[{\"@type\":\"WebPage\",\"@id\":\"https:\\\/\\\/poterie-de-crestet.com\\\/de\\\/keramik\\\/oelflasche-1-l-farbige-tropfen\\\/\",\"url\":\"https:\\\/\\\/poterie-de-crestet.com\\\/de\\\/keramik\\\/oelflasche-1-l-farbige-tropfen\\\/\",\"name\":\"\u00d6lflasche 1 L Farbige Tropfen - Poterie de Crestet\",\"isPartOf\":{\"@id\":\"https:\\\/\\\/poterie-de-crestet.com\\\/de\\\/#website\"},\"primaryImageOfPage\":{\"@id\":\"https:\\\/\\\/poterie-de-crestet.com\\\/de\\\/keramik\\\/oelflasche-1-l-farbige-tropfen\\\/#primaryimage\"},\"image\":{\"@id\":\"https:\\\/\\\/poterie-de-crestet.com\\\/de\\\/keramik\\\/oelflasche-1-l-farbige-tropfen\\\/#primaryimage\"},\"thumbnailUrl\":\"https:\\\/\\\/i0.wp.com\\\/poterie-de-crestet.com\\\/wp-content\\\/uploads\\\/2025\\\/04\\\/Poterie-du-Crestet0839.jpg?fit=532%2C800&ssl=1\",\"datePublished\":\"2025-04-09T12:06:44+00:00\",\"description\":\"Farbenfroh und funktional sorgt diese 1-Liter-Flasche mit Ausguss f\u00fcr einen sauberen Service. Ein sch\u00f6nes Zubeh\u00f6r f\u00fcr \u00d6l oder Essig.\",\"breadcrumb\":{\"@id\":\"https:\\\/\\\/poterie-de-crestet.com\\\/de\\\/keramik\\\/oelflasche-1-l-farbige-tropfen\\\/#breadcrumb\"},\"inLanguage\":\"de\",\"potentialAction\":[{\"@type\":\"ReadAction\",\"target\":[\"https:\\\/\\\/poterie-de-crestet.com\\\/de\\\/keramik\\\/oelflasche-1-l-farbige-tropfen\\\/\"]}]},{\"@type\":\"ImageObject\",\"inLanguage\":\"de\",\"@id\":\"https:\\\/\\\/poterie-de-crestet.com\\\/de\\\/keramik\\\/oelflasche-1-l-farbige-tropfen\\\/#primaryimage\",\"url\":\"https:\\\/\\\/i0.wp.com\\\/poterie-de-crestet.com\\\/wp-content\\\/uploads\\\/2025\\\/04\\\/Poterie-du-Crestet0839.jpg?fit=532%2C800&ssl=1\",\"contentUrl\":\"https:\\\/\\\/i0.wp.com\\\/poterie-de-crestet.com\\\/wp-content\\\/uploads\\\/2025\\\/04\\\/Poterie-du-Crestet0839.jpg?fit=532%2C800&ssl=1\",\"width\":532,\"height\":800,\"caption\":\"Flaschen\u00f6l mit farbigen Tropfen\"},{\"@type\":\"BreadcrumbList\",\"@id\":\"https:\\\/\\\/poterie-de-crestet.com\\\/de\\\/keramik\\\/oelflasche-1-l-farbige-tropfen\\\/#breadcrumb\",\"itemListElement\":[{\"@type\":\"ListItem\",\"position\":1,\"name\":\"Accueil\",\"item\":\"https:\\\/\\\/poterie-de-crestet.com\\\/de\\\/accueil\\\/\"},{\"@type\":\"ListItem\",\"position\":2,\"name\":\"Boutique\",\"item\":\"https:\\\/\\\/poterie-de-crestet.com\\\/ceramiques\\\/\"},{\"@type\":\"ListItem\",\"position\":3,\"name\":\"\u00d6lflasche 1 L Farbige Tropfen\"}]},{\"@type\":\"WebSite\",\"@id\":\"https:\\\/\\\/poterie-de-crestet.com\\\/de\\\/#website\",\"url\":\"https:\\\/\\\/poterie-de-crestet.com\\\/de\\\/\",\"name\":\"Poterie de Crestet\",\"description\":\"Des milliers de poteries inpir\u00e9es de la Provence\",\"publisher\":{\"@id\":\"https:\\\/\\\/poterie-de-crestet.com\\\/de\\\/#organization\"},\"potentialAction\":[{\"@type\":\"SearchAction\",\"target\":{\"@type\":\"EntryPoint\",\"urlTemplate\":\"https:\\\/\\\/poterie-de-crestet.com\\\/de\\\/?s={search_term_string}\"},\"query-input\":{\"@type\":\"PropertyValueSpecification\",\"valueRequired\":true,\"valueName\":\"search_term_string\"}}],\"inLanguage\":\"de\"},{\"@type\":\"Organization\",\"@id\":\"https:\\\/\\\/poterie-de-crestet.com\\\/de\\\/#organization\",\"name\":\"Poterie de Crestet\",\"url\":\"https:\\\/\\\/poterie-de-crestet.com\\\/de\\\/\",\"logo\":{\"@type\":\"ImageObject\",\"inLanguage\":\"de\",\"@id\":\"https:\\\/\\\/poterie-de-crestet.com\\\/de\\\/#\\\/schema\\\/logo\\\/image\\\/\",\"url\":\"https:\\\/\\\/i0.wp.com\\\/poterie-de-crestet.com\\\/wp-content\\\/uploads\\\/2025\\\/03\\\/Propo-4.png?fit=1000%2C462&ssl=1\",\"contentUrl\":\"https:\\\/\\\/i0.wp.com\\\/poterie-de-crestet.com\\\/wp-content\\\/uploads\\\/2025\\\/03\\\/Propo-4.png?fit=1000%2C462&ssl=1\",\"width\":1000,\"height\":462,\"caption\":\"Poterie de Crestet\"},\"image\":{\"@id\":\"https:\\\/\\\/poterie-de-crestet.com\\\/de\\\/#\\\/schema\\\/logo\\\/image\\\/\"}}]}<\/script>\n<!-- \/ Yoast SEO plugin. -->","yoast_head_json":{"title":"\u00d6lflasche 1 L Farbige Tropfen - Poterie de Crestet","description":"Farbenfroh und funktional sorgt diese 1-Liter-Flasche mit Ausguss f\u00fcr einen sauberen Service. Ein sch\u00f6nes Zubeh\u00f6r f\u00fcr \u00d6l oder Essig.","robots":{"index":"index","follow":"follow","max-snippet":"max-snippet:-1","max-image-preview":"max-image-preview:large","max-video-preview":"max-video-preview:-1"},"canonical":"https:\/\/poterie-de-crestet.com\/de\/keramik\/oelflasche-1-l-farbige-tropfen\/","og_locale":"de_DE","og_type":"article","og_title":"\u00d6lflasche 1 L Farbige Tropfen - Poterie de Crestet","og_description":"Farbenfroh und funktional sorgt diese 1-Liter-Flasche mit Ausguss f\u00fcr einen sauberen Service. Ein sch\u00f6nes Zubeh\u00f6r f\u00fcr \u00d6l oder Essig.","og_url":"https:\/\/poterie-de-crestet.com\/de\/keramik\/oelflasche-1-l-farbige-tropfen\/","og_site_name":"Poterie de Crestet","og_image":[{"width":532,"height":800,"url":"https:\/\/i0.wp.com\/poterie-de-crestet.com\/wp-content\/uploads\/2025\/04\/Poterie-du-Crestet0839.jpg?fit=532%2C800&ssl=1","type":"image\/jpeg"}],"twitter_card":"summary_large_image","schema":{"@context":"https:\/\/schema.org","@graph":[{"@type":"WebPage","@id":"https:\/\/poterie-de-crestet.com\/de\/keramik\/oelflasche-1-l-farbige-tropfen\/","url":"https:\/\/poterie-de-crestet.com\/de\/keramik\/oelflasche-1-l-farbige-tropfen\/","name":"\u00d6lflasche 1 L Farbige Tropfen - Poterie de Crestet","isPartOf":{"@id":"https:\/\/poterie-de-crestet.com\/de\/#website"},"primaryImageOfPage":{"@id":"https:\/\/poterie-de-crestet.com\/de\/keramik\/oelflasche-1-l-farbige-tropfen\/#primaryimage"},"image":{"@id":"https:\/\/poterie-de-crestet.com\/de\/keramik\/oelflasche-1-l-farbige-tropfen\/#primaryimage"},"thumbnailUrl":"https:\/\/i0.wp.com\/poterie-de-crestet.com\/wp-content\/uploads\/2025\/04\/Poterie-du-Crestet0839.jpg?fit=532%2C800&ssl=1","datePublished":"2025-04-09T12:06:44+00:00","description":"Farbenfroh und funktional sorgt diese 1-Liter-Flasche mit Ausguss f\u00fcr einen sauberen Service. Ein sch\u00f6nes Zubeh\u00f6r f\u00fcr \u00d6l oder Essig.","breadcrumb":{"@id":"https:\/\/poterie-de-crestet.com\/de\/keramik\/oelflasche-1-l-farbige-tropfen\/#breadcrumb"},"inLanguage":"de","potentialAction":[{"@type":"ReadAction","target":["https:\/\/poterie-de-crestet.com\/de\/keramik\/oelflasche-1-l-farbige-tropfen\/"]}]},{"@type":"ImageObject","inLanguage":"de","@id":"https:\/\/poterie-de-crestet.com\/de\/keramik\/oelflasche-1-l-farbige-tropfen\/#primaryimage","url":"https:\/\/i0.wp.com\/poterie-de-crestet.com\/wp-content\/uploads\/2025\/04\/Poterie-du-Crestet0839.jpg?fit=532%2C800&ssl=1","contentUrl":"https:\/\/i0.wp.com\/poterie-de-crestet.com\/wp-content\/uploads\/2025\/04\/Poterie-du-Crestet0839.jpg?fit=532%2C800&ssl=1","width":532,"height":800,"caption":"Flaschen\u00f6l mit farbigen Tropfen"},{"@type":"BreadcrumbList","@id":"https:\/\/poterie-de-crestet.com\/de\/keramik\/oelflasche-1-l-farbige-tropfen\/#breadcrumb","itemListElement":[{"@type":"ListItem","position":1,"name":"Accueil","item":"https:\/\/poterie-de-crestet.com\/de\/accueil\/"},{"@type":"ListItem","position":2,"name":"Boutique","item":"https:\/\/poterie-de-crestet.com\/ceramiques\/"},{"@type":"ListItem","position":3,"name":"\u00d6lflasche 1 L Farbige Tropfen"}]},{"@type":"WebSite","@id":"https:\/\/poterie-de-crestet.com\/de\/#website","url":"https:\/\/poterie-de-crestet.com\/de\/","name":"Poterie de Crestet","description":"Des milliers de poteries inpir\u00e9es de la Provence","publisher":{"@id":"https:\/\/poterie-de-crestet.com\/de\/#organization"},"potentialAction":[{"@type":"SearchAction","target":{"@type":"EntryPoint","urlTemplate":"https:\/\/poterie-de-crestet.com\/de\/?s={search_term_string}"},"query-input":{"@type":"PropertyValueSpecification","valueRequired":true,"valueName":"search_term_string"}}],"inLanguage":"de"},{"@type":"Organization","@id":"https:\/\/poterie-de-crestet.com\/de\/#organization","name":"Poterie de Crestet","url":"https:\/\/poterie-de-crestet.com\/de\/","logo":{"@type":"ImageObject","inLanguage":"de","@id":"https:\/\/poterie-de-crestet.com\/de\/#\/schema\/logo\/image\/","url":"https:\/\/i0.wp.com\/poterie-de-crestet.com\/wp-content\/uploads\/2025\/03\/Propo-4.png?fit=1000%2C462&ssl=1","contentUrl":"https:\/\/i0.wp.com\/poterie-de-crestet.com\/wp-content\/uploads\/2025\/03\/Propo-4.png?fit=1000%2C462&ssl=1","width":1000,"height":462,"caption":"Poterie de Crestet"},"image":{"@id":"https:\/\/poterie-de-crestet.com\/de\/#\/schema\/logo\/image\/"}}]}},"jetpack_sharing_enabled":true,"_links":{"self":[{"href":"https:\/\/poterie-de-crestet.com\/de\/wp-json\/wp\/v2\/product\/17845","targetHints":{"allow":["GET"]}}],"collection":[{"href":"https:\/\/poterie-de-crestet.com\/de\/wp-json\/wp\/v2\/product"}],"about":[{"href":"https:\/\/poterie-de-crestet.com\/de\/wp-json\/wp\/v2\/types\/product"}],"replies":[{"embeddable":true,"href":"https:\/\/poterie-de-crestet.com\/de\/wp-json\/wp\/v2\/comments?post=17845"}],"version-history":[{"count":0,"href":"https:\/\/poterie-de-crestet.com\/de\/wp-json\/wp\/v2\/product\/17845\/revisions"}],"wp:featuredmedia":[{"embeddable":true,"href":"https:\/\/poterie-de-crestet.com\/de\/wp-json\/wp\/v2\/media\/6444"}],"wp:attachment":[{"href":"https:\/\/poterie-de-crestet.com\/de\/wp-json\/wp\/v2\/media?parent=17845"}],"wp:term":[{"taxonomy":"product_brand","embeddable":true,"href":"https:\/\/poterie-de-crestet.com\/de\/wp-json\/wp\/v2\/product_brand?post=17845"},{"taxonomy":"product_cat","embeddable":true,"href":"https:\/\/poterie-de-crestet.com\/de\/wp-json\/wp\/v2\/product_cat?post=17845"},{"taxonomy":"product_tag","embeddable":true,"href":"https:\/\/poterie-de-crestet.com\/de\/wp-json\/wp\/v2\/product_tag?post=17845"}],"curies":[{"name":"wp","href":"https:\/\/api.w.org\/{rel}","templated":true}]}}