{"id":17841,"date":"2025-04-09T14:07:33","date_gmt":"2025-04-09T12:07:33","guid":{"rendered":"https:\/\/poterie-de-crestet.com\/ceramiques\/1-l-nyons-oelflasche-rosa\/"},"modified":"2026-01-19T14:56:35","modified_gmt":"2026-01-19T13:56:35","slug":"bouteille-huile-1l-nyons-rose","status":"publish","type":"product","link":"https:\/\/poterie-de-crestet.com\/de\/keramik\/bouteille-huile-1l-nyons-rose\/","title":{"rendered":"1 L <h5>Nyons \u00d6lflasche rosa"},"content":{"rendered":"<p>Zart und provenzalisch bringt die rosa Nyons-Flasche Weichheit und Eleganz in die K\u00fcche. Ideal zum Aufbewahren und Servieren von \u00d6l am Tisch, es hat einen praktischen Ausguss aus Kork und Metall. Mit seinem Fassungsverm\u00f6gen von 1 Liter ist es f\u00fcr den t\u00e4glichen Gebrauch sehr praktisch und sch\u00fctzt das \u00d6l perfekt vor Licht. Sp\u00fclmaschinenfest ohne Einschr\u00e4nkungen. Kombinieren Sie es mit einem <a class=\"\" href=\"https:\/\/poterie-de-crestet.com\/de\/keramik\/essteller-nyons-pink\/\" rel=\"noopener\" data-start=\"5106\" data-end=\"5130\">rosa Nyons-Teller<\/a> oder einem sch\u00f6nen Kontrast zur <a class=\"\" href=\"https:\/\/poterie-de-crestet.com\/de\/keramik\/seifenschale-gruener-olivenbaum\/\" rel=\"noopener\" data-start=\"5163\" data-end=\"5192\">gr\u00fcnen Olivier-Seifenschale<\/a> f\u00fcr ein zartes und leuchtendes Ensemble.    <\/p>\n","protected":false},"excerpt":{"rendered":"<p>Eine charmante Flasche, um Ihr \u00d6l am Tisch mit zartem provenzalischem Touch zu servieren. Ausguss inklusive. <br data-start=\"1662\" data-end=\"1665\"><strong data-start=\"1665\" data-end=\"1698\"><em data-start=\"1667\" data-end=\"1696\">Abmessungen: 11,5 \u00d7 23,5 cm<\/em><\/strong><\/p>\n","protected":false},"featured_media":0,"comment_status":"closed","ping_status":"closed","template":"","meta":[],"product_brand":[],"product_cat":[263],"product_tag":[266],"class_list":{"0":"post-17841","1":"product","2":"type-product","3":"status-publish","5":"product_cat-olschalen","6":"product_tag-nyons-pink","8":"first","9":"instock","10":"taxable","11":"shipping-taxable","12":"purchasable","13":"product-type-simple"},"yoast_head":"<!-- This site is optimized with the Yoast SEO plugin v27.5 - https:\/\/yoast.com\/product\/yoast-seo-wordpress\/ -->\n<title>1 L Nyons \u00d6lflasche rosa - Poterie de Crestet<\/title>\n<meta name=\"robots\" content=\"index, follow, max-snippet:-1, max-image-preview:large, max-video-preview:-1\" \/>\n<link rel=\"canonical\" href=\"https:\/\/poterie-de-crestet.com\/de\/keramik\/bouteille-huile-1l-nyons-rose\/\" \/>\n<meta property=\"og:locale\" content=\"de_DE\" \/>\n<meta property=\"og:type\" content=\"article\" \/>\n<meta property=\"og:title\" content=\"1 L Nyons \u00d6lflasche rosa - Poterie de Crestet\" \/>\n<meta property=\"og:description\" content=\"Eine charmante Flasche, um Ihr \u00d6l am Tisch mit zartem provenzalischem Touch zu servieren. Ausguss inklusive. Abmessungen: 11,5 \u00d7 23,5 cm\" \/>\n<meta property=\"og:url\" content=\"https:\/\/poterie-de-crestet.com\/de\/keramik\/bouteille-huile-1l-nyons-rose\/\" \/>\n<meta property=\"og:site_name\" content=\"Poterie de Crestet\" \/>\n<meta property=\"article:modified_time\" content=\"2026-01-19T13:56:35+00:00\" \/>\n<meta name=\"twitter:card\" content=\"summary_large_image\" \/>\n<script type=\"application\/ld+json\" class=\"yoast-schema-graph\">{\"@context\":\"https:\\\/\\\/schema.org\",\"@graph\":[{\"@type\":\"WebPage\",\"@id\":\"https:\\\/\\\/poterie-de-crestet.com\\\/de\\\/keramik\\\/bouteille-huile-1l-nyons-rose\\\/\",\"url\":\"https:\\\/\\\/poterie-de-crestet.com\\\/de\\\/keramik\\\/bouteille-huile-1l-nyons-rose\\\/\",\"name\":\"1 L Nyons \u00d6lflasche rosa - Poterie de Crestet\",\"isPartOf\":{\"@id\":\"https:\\\/\\\/poterie-de-crestet.com\\\/de\\\/#website\"},\"datePublished\":\"2025-04-09T12:07:33+00:00\",\"dateModified\":\"2026-01-19T13:56:35+00:00\",\"breadcrumb\":{\"@id\":\"https:\\\/\\\/poterie-de-crestet.com\\\/de\\\/keramik\\\/bouteille-huile-1l-nyons-rose\\\/#breadcrumb\"},\"inLanguage\":\"de\",\"potentialAction\":[{\"@type\":\"ReadAction\",\"target\":[\"https:\\\/\\\/poterie-de-crestet.com\\\/de\\\/keramik\\\/bouteille-huile-1l-nyons-rose\\\/\"]}]},{\"@type\":\"BreadcrumbList\",\"@id\":\"https:\\\/\\\/poterie-de-crestet.com\\\/de\\\/keramik\\\/bouteille-huile-1l-nyons-rose\\\/#breadcrumb\",\"itemListElement\":[{\"@type\":\"ListItem\",\"position\":1,\"name\":\"Accueil\",\"item\":\"https:\\\/\\\/poterie-de-crestet.com\\\/de\\\/accueil\\\/\"},{\"@type\":\"ListItem\",\"position\":2,\"name\":\"Boutique\",\"item\":\"https:\\\/\\\/poterie-de-crestet.com\\\/ceramiques\\\/\"},{\"@type\":\"ListItem\",\"position\":3,\"name\":\"1 L Nyons \u00d6lflasche rosa\"}]},{\"@type\":\"WebSite\",\"@id\":\"https:\\\/\\\/poterie-de-crestet.com\\\/de\\\/#website\",\"url\":\"https:\\\/\\\/poterie-de-crestet.com\\\/de\\\/\",\"name\":\"Poterie de Crestet\",\"description\":\"Des milliers de poteries inpir\u00e9es de la Provence\",\"publisher\":{\"@id\":\"https:\\\/\\\/poterie-de-crestet.com\\\/de\\\/#organization\"},\"potentialAction\":[{\"@type\":\"SearchAction\",\"target\":{\"@type\":\"EntryPoint\",\"urlTemplate\":\"https:\\\/\\\/poterie-de-crestet.com\\\/de\\\/?s={search_term_string}\"},\"query-input\":{\"@type\":\"PropertyValueSpecification\",\"valueRequired\":true,\"valueName\":\"search_term_string\"}}],\"inLanguage\":\"de\"},{\"@type\":\"Organization\",\"@id\":\"https:\\\/\\\/poterie-de-crestet.com\\\/de\\\/#organization\",\"name\":\"Poterie de Crestet\",\"url\":\"https:\\\/\\\/poterie-de-crestet.com\\\/de\\\/\",\"logo\":{\"@type\":\"ImageObject\",\"inLanguage\":\"de\",\"@id\":\"https:\\\/\\\/poterie-de-crestet.com\\\/de\\\/#\\\/schema\\\/logo\\\/image\\\/\",\"url\":\"https:\\\/\\\/i0.wp.com\\\/poterie-de-crestet.com\\\/wp-content\\\/uploads\\\/2025\\\/03\\\/Propo-4.png?fit=1000%2C462&ssl=1\",\"contentUrl\":\"https:\\\/\\\/i0.wp.com\\\/poterie-de-crestet.com\\\/wp-content\\\/uploads\\\/2025\\\/03\\\/Propo-4.png?fit=1000%2C462&ssl=1\",\"width\":1000,\"height\":462,\"caption\":\"Poterie de Crestet\"},\"image\":{\"@id\":\"https:\\\/\\\/poterie-de-crestet.com\\\/de\\\/#\\\/schema\\\/logo\\\/image\\\/\"}}]}<\/script>\n<!-- \/ Yoast SEO plugin. -->","yoast_head_json":{"title":"1 L Nyons \u00d6lflasche rosa - Poterie de Crestet","robots":{"index":"index","follow":"follow","max-snippet":"max-snippet:-1","max-image-preview":"max-image-preview:large","max-video-preview":"max-video-preview:-1"},"canonical":"https:\/\/poterie-de-crestet.com\/de\/keramik\/bouteille-huile-1l-nyons-rose\/","og_locale":"de_DE","og_type":"article","og_title":"1 L Nyons \u00d6lflasche rosa - Poterie de Crestet","og_description":"Eine charmante Flasche, um Ihr \u00d6l am Tisch mit zartem provenzalischem Touch zu servieren. Ausguss inklusive. Abmessungen: 11,5 \u00d7 23,5 cm","og_url":"https:\/\/poterie-de-crestet.com\/de\/keramik\/bouteille-huile-1l-nyons-rose\/","og_site_name":"Poterie de Crestet","article_modified_time":"2026-01-19T13:56:35+00:00","twitter_card":"summary_large_image","schema":{"@context":"https:\/\/schema.org","@graph":[{"@type":"WebPage","@id":"https:\/\/poterie-de-crestet.com\/de\/keramik\/bouteille-huile-1l-nyons-rose\/","url":"https:\/\/poterie-de-crestet.com\/de\/keramik\/bouteille-huile-1l-nyons-rose\/","name":"1 L Nyons \u00d6lflasche rosa - Poterie de Crestet","isPartOf":{"@id":"https:\/\/poterie-de-crestet.com\/de\/#website"},"datePublished":"2025-04-09T12:07:33+00:00","dateModified":"2026-01-19T13:56:35+00:00","breadcrumb":{"@id":"https:\/\/poterie-de-crestet.com\/de\/keramik\/bouteille-huile-1l-nyons-rose\/#breadcrumb"},"inLanguage":"de","potentialAction":[{"@type":"ReadAction","target":["https:\/\/poterie-de-crestet.com\/de\/keramik\/bouteille-huile-1l-nyons-rose\/"]}]},{"@type":"BreadcrumbList","@id":"https:\/\/poterie-de-crestet.com\/de\/keramik\/bouteille-huile-1l-nyons-rose\/#breadcrumb","itemListElement":[{"@type":"ListItem","position":1,"name":"Accueil","item":"https:\/\/poterie-de-crestet.com\/de\/accueil\/"},{"@type":"ListItem","position":2,"name":"Boutique","item":"https:\/\/poterie-de-crestet.com\/ceramiques\/"},{"@type":"ListItem","position":3,"name":"1 L Nyons \u00d6lflasche rosa"}]},{"@type":"WebSite","@id":"https:\/\/poterie-de-crestet.com\/de\/#website","url":"https:\/\/poterie-de-crestet.com\/de\/","name":"Poterie de Crestet","description":"Des milliers de poteries inpir\u00e9es de la Provence","publisher":{"@id":"https:\/\/poterie-de-crestet.com\/de\/#organization"},"potentialAction":[{"@type":"SearchAction","target":{"@type":"EntryPoint","urlTemplate":"https:\/\/poterie-de-crestet.com\/de\/?s={search_term_string}"},"query-input":{"@type":"PropertyValueSpecification","valueRequired":true,"valueName":"search_term_string"}}],"inLanguage":"de"},{"@type":"Organization","@id":"https:\/\/poterie-de-crestet.com\/de\/#organization","name":"Poterie de Crestet","url":"https:\/\/poterie-de-crestet.com\/de\/","logo":{"@type":"ImageObject","inLanguage":"de","@id":"https:\/\/poterie-de-crestet.com\/de\/#\/schema\/logo\/image\/","url":"https:\/\/i0.wp.com\/poterie-de-crestet.com\/wp-content\/uploads\/2025\/03\/Propo-4.png?fit=1000%2C462&ssl=1","contentUrl":"https:\/\/i0.wp.com\/poterie-de-crestet.com\/wp-content\/uploads\/2025\/03\/Propo-4.png?fit=1000%2C462&ssl=1","width":1000,"height":462,"caption":"Poterie de Crestet"},"image":{"@id":"https:\/\/poterie-de-crestet.com\/de\/#\/schema\/logo\/image\/"}}]}},"jetpack_sharing_enabled":true,"_links":{"self":[{"href":"https:\/\/poterie-de-crestet.com\/de\/wp-json\/wp\/v2\/product\/17841","targetHints":{"allow":["GET"]}}],"collection":[{"href":"https:\/\/poterie-de-crestet.com\/de\/wp-json\/wp\/v2\/product"}],"about":[{"href":"https:\/\/poterie-de-crestet.com\/de\/wp-json\/wp\/v2\/types\/product"}],"replies":[{"embeddable":true,"href":"https:\/\/poterie-de-crestet.com\/de\/wp-json\/wp\/v2\/comments?post=17841"}],"version-history":[{"count":1,"href":"https:\/\/poterie-de-crestet.com\/de\/wp-json\/wp\/v2\/product\/17841\/revisions"}],"predecessor-version":[{"id":22494,"href":"https:\/\/poterie-de-crestet.com\/de\/wp-json\/wp\/v2\/product\/17841\/revisions\/22494"}],"wp:attachment":[{"href":"https:\/\/poterie-de-crestet.com\/de\/wp-json\/wp\/v2\/media?parent=17841"}],"wp:term":[{"taxonomy":"product_brand","embeddable":true,"href":"https:\/\/poterie-de-crestet.com\/de\/wp-json\/wp\/v2\/product_brand?post=17841"},{"taxonomy":"product_cat","embeddable":true,"href":"https:\/\/poterie-de-crestet.com\/de\/wp-json\/wp\/v2\/product_cat?post=17841"},{"taxonomy":"product_tag","embeddable":true,"href":"https:\/\/poterie-de-crestet.com\/de\/wp-json\/wp\/v2\/product_tag?post=17841"}],"curies":[{"name":"wp","href":"https:\/\/api.w.org\/{rel}","templated":true}]}}