{"id":17840,"date":"2025-04-09T14:08:36","date_gmt":"2025-04-09T12:08:36","guid":{"rendered":"https:\/\/poterie-de-crestet.com\/ceramiques\/1-l-nyons-oelflaschengruen\/"},"modified":"2025-12-24T12:26:33","modified_gmt":"2025-12-24T11:26:33","slug":"bouteille-huile-1l-nyons-vert","status":"publish","type":"product","link":"https:\/\/poterie-de-crestet.com\/de\/keramik\/bouteille-huile-1l-nyons-vert\/","title":{"rendered":"1 L <h5>Nyons \u00d6lflaschengr\u00fcn"},"content":{"rendered":"<p>Mit seinem zarten Dekor, inspiriert von provenzalischen Olivenhainen, ist diese gr\u00fcne Nyons-\u00d6lflasche ebenso elegant wie praktisch. Mit einem gro\u00dfz\u00fcgigen Fassungsverm\u00f6gen von einem Liter sch\u00fctzt es Ihr \u00d6l perfekt vor Luft und Licht und bewahrt alle Geschmacksqualit\u00e4ten. Sein Kork und der Metallausguss erm\u00f6glichen ein sauberes und pr\u00e4zises Servieren sowohl am Tisch als auch in der K\u00fcche.  <\/p>\n<p>Handbemalt, es ist sp\u00fclmaschinenfest. Kombinieren Sie es mit einem <a class=\"\" href=\"https:\/\/poterie-de-crestet.com\/de\/keramik\/essteller-gruene-nyons\/\" rel=\"noopener\" data-start=\"789\" data-end=\"813\">gr\u00fcnen Nyons-Teller<\/a> oder mit dem <a class=\"\" href=\"https:\/\/poterie-de-crestet.com\/de\/keramik\/moerser-gruener-olivenbaum\/\" rel=\"noopener\" data-start=\"832\" data-end=\"857\">gr\u00fcnen Olivenm\u00f6rser<\/a> f\u00fcr eine provenzalische K\u00fcche in Harmonie. <\/p>\n","protected":false},"excerpt":{"rendered":"<p>Praktisch und provenzalisch, ideal, um das \u00d6l vor Oxidation zu sch\u00fctzen und es zu versch\u00f6nern. Ausguss inklusive. <br data-start=\"1993\" data-end=\"1996\"><strong data-start=\"1996\" data-end=\"2029\"><em data-start=\"1998\" data-end=\"2027\">Abmessungen: 11,5 \u00d7 23,5 cm<\/em><\/strong><\/p>\n","protected":false},"featured_media":6414,"comment_status":"open","ping_status":"closed","template":"","meta":[],"product_brand":[],"product_cat":[263],"product_tag":[245],"class_list":{"0":"post-17840","1":"product","2":"type-product","3":"status-publish","4":"has-post-thumbnail","6":"product_cat-olschalen","7":"product_tag-grune-nyons","9":"first","10":"outofstock","11":"taxable","12":"shipping-taxable","13":"purchasable","14":"product-type-simple"},"yoast_head":"<!-- This site is optimized with the Yoast SEO plugin v27.5 - https:\/\/yoast.com\/product\/yoast-seo-wordpress\/ -->\n<title>1 L Nyons \u00d6lflaschengr\u00fcn - Poterie de Crestet<\/title>\n<meta name=\"description\" content=\"Eine gr\u00fcne Nyons-\u00d6lflasche mit Ausguss, ideal f\u00fcr selbstgemachtes Oliven\u00f6l. Ein praktischer und dekorativer Klassiker im 1L-Format.\" \/>\n<meta name=\"robots\" content=\"index, follow, max-snippet:-1, max-image-preview:large, max-video-preview:-1\" \/>\n<link rel=\"canonical\" href=\"https:\/\/poterie-de-crestet.com\/de\/keramik\/bouteille-huile-1l-nyons-vert\/\" \/>\n<meta property=\"og:locale\" content=\"de_DE\" \/>\n<meta property=\"og:type\" content=\"article\" \/>\n<meta property=\"og:title\" content=\"1 L Nyons \u00d6lflaschengr\u00fcn - Poterie de Crestet\" \/>\n<meta property=\"og:description\" content=\"Eine gr\u00fcne Nyons-\u00d6lflasche mit Ausguss, ideal f\u00fcr selbstgemachtes Oliven\u00f6l. Ein praktischer und dekorativer Klassiker im 1L-Format.\" \/>\n<meta property=\"og:url\" content=\"https:\/\/poterie-de-crestet.com\/de\/keramik\/bouteille-huile-1l-nyons-vert\/\" \/>\n<meta property=\"og:site_name\" content=\"Poterie de Crestet\" \/>\n<meta property=\"article:modified_time\" content=\"2025-12-24T11:26:33+00:00\" \/>\n<meta property=\"og:image\" content=\"https:\/\/i0.wp.com\/poterie-de-crestet.com\/wp-content\/uploads\/2025\/04\/huile-gm-nyons-vert.jpg?fit=458%2C458&ssl=1\" \/>\n\t<meta property=\"og:image:width\" content=\"458\" \/>\n\t<meta property=\"og:image:height\" content=\"458\" \/>\n\t<meta property=\"og:image:type\" content=\"image\/jpeg\" \/>\n<meta name=\"twitter:card\" content=\"summary_large_image\" \/>\n<script type=\"application\/ld+json\" class=\"yoast-schema-graph\">{\"@context\":\"https:\\\/\\\/schema.org\",\"@graph\":[{\"@type\":\"WebPage\",\"@id\":\"https:\\\/\\\/poterie-de-crestet.com\\\/de\\\/keramik\\\/bouteille-huile-1l-nyons-vert\\\/\",\"url\":\"https:\\\/\\\/poterie-de-crestet.com\\\/de\\\/keramik\\\/bouteille-huile-1l-nyons-vert\\\/\",\"name\":\"1 L Nyons \u00d6lflaschengr\u00fcn - Poterie de Crestet\",\"isPartOf\":{\"@id\":\"https:\\\/\\\/poterie-de-crestet.com\\\/de\\\/#website\"},\"primaryImageOfPage\":{\"@id\":\"https:\\\/\\\/poterie-de-crestet.com\\\/de\\\/keramik\\\/bouteille-huile-1l-nyons-vert\\\/#primaryimage\"},\"image\":{\"@id\":\"https:\\\/\\\/poterie-de-crestet.com\\\/de\\\/keramik\\\/bouteille-huile-1l-nyons-vert\\\/#primaryimage\"},\"thumbnailUrl\":\"https:\\\/\\\/i0.wp.com\\\/poterie-de-crestet.com\\\/wp-content\\\/uploads\\\/2025\\\/04\\\/huile-gm-nyons-vert.jpg?fit=458%2C458&ssl=1\",\"datePublished\":\"2025-04-09T12:08:36+00:00\",\"dateModified\":\"2025-12-24T11:26:33+00:00\",\"description\":\"Eine gr\u00fcne Nyons-\u00d6lflasche mit Ausguss, ideal f\u00fcr selbstgemachtes Oliven\u00f6l. Ein praktischer und dekorativer Klassiker im 1L-Format.\",\"breadcrumb\":{\"@id\":\"https:\\\/\\\/poterie-de-crestet.com\\\/de\\\/keramik\\\/bouteille-huile-1l-nyons-vert\\\/#breadcrumb\"},\"inLanguage\":\"de\",\"potentialAction\":[{\"@type\":\"ReadAction\",\"target\":[\"https:\\\/\\\/poterie-de-crestet.com\\\/de\\\/keramik\\\/bouteille-huile-1l-nyons-vert\\\/\"]}]},{\"@type\":\"ImageObject\",\"inLanguage\":\"de\",\"@id\":\"https:\\\/\\\/poterie-de-crestet.com\\\/de\\\/keramik\\\/bouteille-huile-1l-nyons-vert\\\/#primaryimage\",\"url\":\"https:\\\/\\\/i0.wp.com\\\/poterie-de-crestet.com\\\/wp-content\\\/uploads\\\/2025\\\/04\\\/huile-gm-nyons-vert.jpg?fit=458%2C458&ssl=1\",\"contentUrl\":\"https:\\\/\\\/i0.wp.com\\\/poterie-de-crestet.com\\\/wp-content\\\/uploads\\\/2025\\\/04\\\/huile-gm-nyons-vert.jpg?fit=458%2C458&ssl=1\",\"width\":458,\"height\":458,\"caption\":\"gr\u00fcne Nyons-\u00d6lflasche\"},{\"@type\":\"BreadcrumbList\",\"@id\":\"https:\\\/\\\/poterie-de-crestet.com\\\/de\\\/keramik\\\/bouteille-huile-1l-nyons-vert\\\/#breadcrumb\",\"itemListElement\":[{\"@type\":\"ListItem\",\"position\":1,\"name\":\"Accueil\",\"item\":\"https:\\\/\\\/poterie-de-crestet.com\\\/de\\\/accueil\\\/\"},{\"@type\":\"ListItem\",\"position\":2,\"name\":\"Boutique\",\"item\":\"https:\\\/\\\/poterie-de-crestet.com\\\/ceramiques\\\/\"},{\"@type\":\"ListItem\",\"position\":3,\"name\":\"1 L Nyons \u00d6lflaschengr\u00fcn\"}]},{\"@type\":\"WebSite\",\"@id\":\"https:\\\/\\\/poterie-de-crestet.com\\\/de\\\/#website\",\"url\":\"https:\\\/\\\/poterie-de-crestet.com\\\/de\\\/\",\"name\":\"Poterie de Crestet\",\"description\":\"Des milliers de poteries inpir\u00e9es de la Provence\",\"publisher\":{\"@id\":\"https:\\\/\\\/poterie-de-crestet.com\\\/de\\\/#organization\"},\"potentialAction\":[{\"@type\":\"SearchAction\",\"target\":{\"@type\":\"EntryPoint\",\"urlTemplate\":\"https:\\\/\\\/poterie-de-crestet.com\\\/de\\\/?s={search_term_string}\"},\"query-input\":{\"@type\":\"PropertyValueSpecification\",\"valueRequired\":true,\"valueName\":\"search_term_string\"}}],\"inLanguage\":\"de\"},{\"@type\":\"Organization\",\"@id\":\"https:\\\/\\\/poterie-de-crestet.com\\\/de\\\/#organization\",\"name\":\"Poterie de Crestet\",\"url\":\"https:\\\/\\\/poterie-de-crestet.com\\\/de\\\/\",\"logo\":{\"@type\":\"ImageObject\",\"inLanguage\":\"de\",\"@id\":\"https:\\\/\\\/poterie-de-crestet.com\\\/de\\\/#\\\/schema\\\/logo\\\/image\\\/\",\"url\":\"https:\\\/\\\/i0.wp.com\\\/poterie-de-crestet.com\\\/wp-content\\\/uploads\\\/2025\\\/03\\\/Propo-4.png?fit=1000%2C462&ssl=1\",\"contentUrl\":\"https:\\\/\\\/i0.wp.com\\\/poterie-de-crestet.com\\\/wp-content\\\/uploads\\\/2025\\\/03\\\/Propo-4.png?fit=1000%2C462&ssl=1\",\"width\":1000,\"height\":462,\"caption\":\"Poterie de Crestet\"},\"image\":{\"@id\":\"https:\\\/\\\/poterie-de-crestet.com\\\/de\\\/#\\\/schema\\\/logo\\\/image\\\/\"}}]}<\/script>\n<!-- \/ Yoast SEO plugin. -->","yoast_head_json":{"title":"1 L Nyons \u00d6lflaschengr\u00fcn - Poterie de Crestet","description":"Eine gr\u00fcne Nyons-\u00d6lflasche mit Ausguss, ideal f\u00fcr selbstgemachtes Oliven\u00f6l. Ein praktischer und dekorativer Klassiker im 1L-Format.","robots":{"index":"index","follow":"follow","max-snippet":"max-snippet:-1","max-image-preview":"max-image-preview:large","max-video-preview":"max-video-preview:-1"},"canonical":"https:\/\/poterie-de-crestet.com\/de\/keramik\/bouteille-huile-1l-nyons-vert\/","og_locale":"de_DE","og_type":"article","og_title":"1 L Nyons \u00d6lflaschengr\u00fcn - Poterie de Crestet","og_description":"Eine gr\u00fcne Nyons-\u00d6lflasche mit Ausguss, ideal f\u00fcr selbstgemachtes Oliven\u00f6l. Ein praktischer und dekorativer Klassiker im 1L-Format.","og_url":"https:\/\/poterie-de-crestet.com\/de\/keramik\/bouteille-huile-1l-nyons-vert\/","og_site_name":"Poterie de Crestet","article_modified_time":"2025-12-24T11:26:33+00:00","og_image":[{"width":458,"height":458,"url":"https:\/\/i0.wp.com\/poterie-de-crestet.com\/wp-content\/uploads\/2025\/04\/huile-gm-nyons-vert.jpg?fit=458%2C458&ssl=1","type":"image\/jpeg"}],"twitter_card":"summary_large_image","schema":{"@context":"https:\/\/schema.org","@graph":[{"@type":"WebPage","@id":"https:\/\/poterie-de-crestet.com\/de\/keramik\/bouteille-huile-1l-nyons-vert\/","url":"https:\/\/poterie-de-crestet.com\/de\/keramik\/bouteille-huile-1l-nyons-vert\/","name":"1 L Nyons \u00d6lflaschengr\u00fcn - Poterie de Crestet","isPartOf":{"@id":"https:\/\/poterie-de-crestet.com\/de\/#website"},"primaryImageOfPage":{"@id":"https:\/\/poterie-de-crestet.com\/de\/keramik\/bouteille-huile-1l-nyons-vert\/#primaryimage"},"image":{"@id":"https:\/\/poterie-de-crestet.com\/de\/keramik\/bouteille-huile-1l-nyons-vert\/#primaryimage"},"thumbnailUrl":"https:\/\/i0.wp.com\/poterie-de-crestet.com\/wp-content\/uploads\/2025\/04\/huile-gm-nyons-vert.jpg?fit=458%2C458&ssl=1","datePublished":"2025-04-09T12:08:36+00:00","dateModified":"2025-12-24T11:26:33+00:00","description":"Eine gr\u00fcne Nyons-\u00d6lflasche mit Ausguss, ideal f\u00fcr selbstgemachtes Oliven\u00f6l. Ein praktischer und dekorativer Klassiker im 1L-Format.","breadcrumb":{"@id":"https:\/\/poterie-de-crestet.com\/de\/keramik\/bouteille-huile-1l-nyons-vert\/#breadcrumb"},"inLanguage":"de","potentialAction":[{"@type":"ReadAction","target":["https:\/\/poterie-de-crestet.com\/de\/keramik\/bouteille-huile-1l-nyons-vert\/"]}]},{"@type":"ImageObject","inLanguage":"de","@id":"https:\/\/poterie-de-crestet.com\/de\/keramik\/bouteille-huile-1l-nyons-vert\/#primaryimage","url":"https:\/\/i0.wp.com\/poterie-de-crestet.com\/wp-content\/uploads\/2025\/04\/huile-gm-nyons-vert.jpg?fit=458%2C458&ssl=1","contentUrl":"https:\/\/i0.wp.com\/poterie-de-crestet.com\/wp-content\/uploads\/2025\/04\/huile-gm-nyons-vert.jpg?fit=458%2C458&ssl=1","width":458,"height":458,"caption":"gr\u00fcne Nyons-\u00d6lflasche"},{"@type":"BreadcrumbList","@id":"https:\/\/poterie-de-crestet.com\/de\/keramik\/bouteille-huile-1l-nyons-vert\/#breadcrumb","itemListElement":[{"@type":"ListItem","position":1,"name":"Accueil","item":"https:\/\/poterie-de-crestet.com\/de\/accueil\/"},{"@type":"ListItem","position":2,"name":"Boutique","item":"https:\/\/poterie-de-crestet.com\/ceramiques\/"},{"@type":"ListItem","position":3,"name":"1 L Nyons \u00d6lflaschengr\u00fcn"}]},{"@type":"WebSite","@id":"https:\/\/poterie-de-crestet.com\/de\/#website","url":"https:\/\/poterie-de-crestet.com\/de\/","name":"Poterie de Crestet","description":"Des milliers de poteries inpir\u00e9es de la Provence","publisher":{"@id":"https:\/\/poterie-de-crestet.com\/de\/#organization"},"potentialAction":[{"@type":"SearchAction","target":{"@type":"EntryPoint","urlTemplate":"https:\/\/poterie-de-crestet.com\/de\/?s={search_term_string}"},"query-input":{"@type":"PropertyValueSpecification","valueRequired":true,"valueName":"search_term_string"}}],"inLanguage":"de"},{"@type":"Organization","@id":"https:\/\/poterie-de-crestet.com\/de\/#organization","name":"Poterie de Crestet","url":"https:\/\/poterie-de-crestet.com\/de\/","logo":{"@type":"ImageObject","inLanguage":"de","@id":"https:\/\/poterie-de-crestet.com\/de\/#\/schema\/logo\/image\/","url":"https:\/\/i0.wp.com\/poterie-de-crestet.com\/wp-content\/uploads\/2025\/03\/Propo-4.png?fit=1000%2C462&ssl=1","contentUrl":"https:\/\/i0.wp.com\/poterie-de-crestet.com\/wp-content\/uploads\/2025\/03\/Propo-4.png?fit=1000%2C462&ssl=1","width":1000,"height":462,"caption":"Poterie de Crestet"},"image":{"@id":"https:\/\/poterie-de-crestet.com\/de\/#\/schema\/logo\/image\/"}}]}},"jetpack_sharing_enabled":true,"_links":{"self":[{"href":"https:\/\/poterie-de-crestet.com\/de\/wp-json\/wp\/v2\/product\/17840","targetHints":{"allow":["GET"]}}],"collection":[{"href":"https:\/\/poterie-de-crestet.com\/de\/wp-json\/wp\/v2\/product"}],"about":[{"href":"https:\/\/poterie-de-crestet.com\/de\/wp-json\/wp\/v2\/types\/product"}],"replies":[{"embeddable":true,"href":"https:\/\/poterie-de-crestet.com\/de\/wp-json\/wp\/v2\/comments?post=17840"}],"version-history":[{"count":1,"href":"https:\/\/poterie-de-crestet.com\/de\/wp-json\/wp\/v2\/product\/17840\/revisions"}],"predecessor-version":[{"id":22351,"href":"https:\/\/poterie-de-crestet.com\/de\/wp-json\/wp\/v2\/product\/17840\/revisions\/22351"}],"wp:featuredmedia":[{"embeddable":true,"href":"https:\/\/poterie-de-crestet.com\/de\/wp-json\/wp\/v2\/media\/6414"}],"wp:attachment":[{"href":"https:\/\/poterie-de-crestet.com\/de\/wp-json\/wp\/v2\/media?parent=17840"}],"wp:term":[{"taxonomy":"product_brand","embeddable":true,"href":"https:\/\/poterie-de-crestet.com\/de\/wp-json\/wp\/v2\/product_brand?post=17840"},{"taxonomy":"product_cat","embeddable":true,"href":"https:\/\/poterie-de-crestet.com\/de\/wp-json\/wp\/v2\/product_cat?post=17840"},{"taxonomy":"product_tag","embeddable":true,"href":"https:\/\/poterie-de-crestet.com\/de\/wp-json\/wp\/v2\/product_tag?post=17840"}],"curies":[{"name":"wp","href":"https:\/\/api.w.org\/{rel}","templated":true}]}}