{"id":17810,"date":"2025-04-09T17:41:50","date_gmt":"2025-04-09T15:41:50","guid":{"rendered":"https:\/\/poterie-de-crestet.com\/ceramiques\/marmeladentrichter-blau\/"},"modified":"2025-04-09T17:41:50","modified_gmt":"2025-04-09T15:41:50","slug":"marmeladentrichter-blau","status":"publish","type":"product","link":"https:\/\/poterie-de-crestet.com\/de\/keramik\/marmeladentrichter-blau\/","title":{"rendered":"Marmeladentrichter  <h5>Blau<\/h5>"},"content":{"rendered":"<p data-start=\"731\" data-end=\"1259\">Selbstgemachte Marmeladen zuzubereiten ist ein echtes Vergn\u00fcgen&#8230; Aber den hei\u00dfen Inhalt eines Topfes in kleine T\u00f6pfe zu gie\u00dfen, kann schnell zu Akrobatik werden. Mit dem <strong data-start=\"968\" data-end=\"976\">blauen<\/strong> Keramik-Marmeladentrichter gewinnen Sie an Pr\u00e4zision, Komfort und Sicherheit. Sein gro\u00dfer Durchmesser von 16,2 cm macht das F\u00fcllen einfach, w\u00e4hrend die 4 cm lange Spitze perfekt in den Hals der Gl\u00e4ser passt. Seine H\u00f6he von 9,2 cm sorgt f\u00fcr guten Grip und stabiles, spritzfreies Handling.   <\/p>\n<p data-start=\"1261\" data-end=\"1684\">Perfekt f\u00fcr Marmeladen, Gelee, Kompotte, aber auch f\u00fcr So\u00dfen oder Chutneys \u2013 dieser Trichter wird schnell unverzichtbar. Im Gegensatz zu Kunststoffmodellen, die bei Hitze verformen, oder Edelstahlmodellen, die lange hei\u00df bleiben, <strong data-start=\"1511\" data-end=\"1524\">ist Keramik<\/strong> temperaturbest\u00e4ndig und h\u00e4lt angenehm fest. Es kratzt nicht, verf\u00e4rbt sich nicht und vor allem ver\u00e4ndert es nie den Geschmack Ihrer Zubereitungen.  <\/p>\n<p data-start=\"1686\" data-end=\"1988\">Die <strong data-start=\"1695\" data-end=\"1703\">n\u00fcchterne<\/strong> und zeitlose Blue-Dekoration passt sowohl in moderne als auch in traditionelle K\u00fcchen. Zusammen mit einem <a href=\"https:\/\/poterie-de-crestet.com\/de\/keramik\/abtropfen-blau\/\"><strong data-start=\"1808\" data-end=\"1830\">Obstabtropfen<\/strong> <\/a>zur Vorbereitung Ihrer Ernte oder einem <a href=\"https:\/\/poterie-de-crestet.com\/de\/keramik\/loeffelauflage-blau\/\"><strong data-start=\"1864\" data-end=\"1883\">L\u00f6ffelauflage<\/strong><\/a>, um Ihre Arbeitsplatte sauber zu halten, ist es die perfekte Erg\u00e4nzung f\u00fcr Ihr praktisches K\u00fcchenset. <\/p>\n<p data-start=\"1990\" data-end=\"2395\"><strong data-start=\"2001\" data-end=\"2034\">Sp\u00fclmaschinen- und Mikrowellenfest,<\/strong> nach der Benutzung leicht zu reinigen. Und wenn es nicht benutzt wird, ist es immer noch h\u00fcbsch genug, um es in der K\u00fcche auszustellen \u2013 als Anspielung auf hausgemachte Aromen. Wir wetten, dass Sie, einmal adoptiert, nicht mehr darauf verzichten k\u00f6nnen: Ihre K\u00fcche bleibt ordentlich, Ihre Gl\u00e4ser perfekt gef\u00fcllt und Ihre Marmeladen bis ins kleinste Detail erfolgreich.  <\/p>\n","protected":false},"excerpt":{"rendered":"<p>Blue Jam Funnel: praktisch f\u00fcr Marmeladen, Kompote und So\u00dfen. Aus Keramik gefertigt, beh\u00e4lt es seinen Halt, ohne den Geschmack zu ver\u00e4ndern. Sp\u00fclmaschinen- und Mikrowellenfest.  <br data-start=\"2593\" data-end=\"2596\"><em data-start=\"2596\" data-end=\"2649\"><strong data-start=\"2597\" data-end=\"2648\">Abmessungen: \u00d8 16,2 cm \u2013 H 9,2 cm \u2013 D\u00fcse 4 cm<\/strong><\/em><\/p>\n","protected":false},"featured_media":6806,"comment_status":"closed","ping_status":"closed","template":"","meta":[],"product_brand":[],"product_cat":[322],"product_tag":[203],"class_list":{"0":"post-17810","1":"product","2":"type-product","3":"status-publish","4":"has-post-thumbnail","6":"product_cat-marmeladentrichter","7":"product_tag-blau","9":"first","10":"outofstock","11":"taxable","12":"shipping-taxable","13":"purchasable","14":"product-type-simple"},"yoast_head":"<!-- This site is optimized with the Yoast SEO plugin v27.5 - https:\/\/yoast.com\/product\/yoast-seo-wordpress\/ -->\n<title>Marmeladentrichter Blau - Poterie de Crestet<\/title>\n<meta name=\"description\" content=\"Blauer Keramik-Marmeladentrichter: praktisch f\u00fcr Marmeladen, So\u00dfen und Konfit\u00fcren. Widerstandsf\u00e4hig, sp\u00fclmaschinen- und mikrowellenfest. In der K\u00fcche unverzichtbar.\" \/>\n<meta name=\"robots\" content=\"index, follow, max-snippet:-1, max-image-preview:large, max-video-preview:-1\" \/>\n<link rel=\"canonical\" href=\"https:\/\/poterie-de-crestet.com\/de\/keramik\/marmeladentrichter-blau\/\" \/>\n<meta property=\"og:locale\" content=\"de_DE\" \/>\n<meta property=\"og:type\" content=\"article\" \/>\n<meta property=\"og:title\" content=\"Marmeladentrichter Blau - Poterie de Crestet\" \/>\n<meta property=\"og:description\" content=\"Blauer Keramik-Marmeladentrichter: praktisch f\u00fcr Marmeladen, So\u00dfen und Konfit\u00fcren. Widerstandsf\u00e4hig, sp\u00fclmaschinen- und mikrowellenfest. In der K\u00fcche unverzichtbar.\" \/>\n<meta property=\"og:url\" content=\"https:\/\/poterie-de-crestet.com\/de\/keramik\/marmeladentrichter-blau\/\" \/>\n<meta property=\"og:site_name\" content=\"Poterie de Crestet\" \/>\n<meta property=\"og:image\" content=\"https:\/\/i0.wp.com\/poterie-de-crestet.com\/wp-content\/uploads\/2025\/04\/entonnoir-confiture-bleu.jpg?fit=458%2C458&ssl=1\" \/>\n\t<meta property=\"og:image:width\" content=\"458\" \/>\n\t<meta property=\"og:image:height\" content=\"458\" \/>\n\t<meta property=\"og:image:type\" content=\"image\/jpeg\" \/>\n<meta name=\"twitter:card\" content=\"summary_large_image\" \/>\n<meta name=\"twitter:label1\" content=\"Gesch\u00e4tzte Lesezeit\" \/>\n\t<meta name=\"twitter:data1\" content=\"1\u00a0Minute\" \/>\n<script type=\"application\/ld+json\" class=\"yoast-schema-graph\">{\"@context\":\"https:\\\/\\\/schema.org\",\"@graph\":[{\"@type\":\"WebPage\",\"@id\":\"https:\\\/\\\/poterie-de-crestet.com\\\/de\\\/keramik\\\/marmeladentrichter-blau\\\/\",\"url\":\"https:\\\/\\\/poterie-de-crestet.com\\\/de\\\/keramik\\\/marmeladentrichter-blau\\\/\",\"name\":\"Marmeladentrichter Blau - Poterie de Crestet\",\"isPartOf\":{\"@id\":\"https:\\\/\\\/poterie-de-crestet.com\\\/de\\\/#website\"},\"primaryImageOfPage\":{\"@id\":\"https:\\\/\\\/poterie-de-crestet.com\\\/de\\\/keramik\\\/marmeladentrichter-blau\\\/#primaryimage\"},\"image\":{\"@id\":\"https:\\\/\\\/poterie-de-crestet.com\\\/de\\\/keramik\\\/marmeladentrichter-blau\\\/#primaryimage\"},\"thumbnailUrl\":\"https:\\\/\\\/i0.wp.com\\\/poterie-de-crestet.com\\\/wp-content\\\/uploads\\\/2025\\\/04\\\/entonnoir-confiture-bleu.jpg?fit=458%2C458&ssl=1\",\"datePublished\":\"2025-04-09T15:41:50+00:00\",\"description\":\"Blauer Keramik-Marmeladentrichter: praktisch f\u00fcr Marmeladen, So\u00dfen und Konfit\u00fcren. Widerstandsf\u00e4hig, sp\u00fclmaschinen- und mikrowellenfest. In der K\u00fcche unverzichtbar.\",\"breadcrumb\":{\"@id\":\"https:\\\/\\\/poterie-de-crestet.com\\\/de\\\/keramik\\\/marmeladentrichter-blau\\\/#breadcrumb\"},\"inLanguage\":\"de\",\"potentialAction\":[{\"@type\":\"ReadAction\",\"target\":[\"https:\\\/\\\/poterie-de-crestet.com\\\/de\\\/keramik\\\/marmeladentrichter-blau\\\/\"]}]},{\"@type\":\"ImageObject\",\"inLanguage\":\"de\",\"@id\":\"https:\\\/\\\/poterie-de-crestet.com\\\/de\\\/keramik\\\/marmeladentrichter-blau\\\/#primaryimage\",\"url\":\"https:\\\/\\\/i0.wp.com\\\/poterie-de-crestet.com\\\/wp-content\\\/uploads\\\/2025\\\/04\\\/entonnoir-confiture-bleu.jpg?fit=458%2C458&ssl=1\",\"contentUrl\":\"https:\\\/\\\/i0.wp.com\\\/poterie-de-crestet.com\\\/wp-content\\\/uploads\\\/2025\\\/04\\\/entonnoir-confiture-bleu.jpg?fit=458%2C458&ssl=1\",\"width\":458,\"height\":458,\"caption\":\"Blauer Marmeladentrichter\"},{\"@type\":\"BreadcrumbList\",\"@id\":\"https:\\\/\\\/poterie-de-crestet.com\\\/de\\\/keramik\\\/marmeladentrichter-blau\\\/#breadcrumb\",\"itemListElement\":[{\"@type\":\"ListItem\",\"position\":1,\"name\":\"Accueil\",\"item\":\"https:\\\/\\\/poterie-de-crestet.com\\\/de\\\/accueil\\\/\"},{\"@type\":\"ListItem\",\"position\":2,\"name\":\"Boutique\",\"item\":\"https:\\\/\\\/poterie-de-crestet.com\\\/ceramiques\\\/\"},{\"@type\":\"ListItem\",\"position\":3,\"name\":\"Marmeladentrichter Blau\"}]},{\"@type\":\"WebSite\",\"@id\":\"https:\\\/\\\/poterie-de-crestet.com\\\/de\\\/#website\",\"url\":\"https:\\\/\\\/poterie-de-crestet.com\\\/de\\\/\",\"name\":\"Poterie de Crestet\",\"description\":\"Des milliers de poteries inpir\u00e9es de la Provence\",\"publisher\":{\"@id\":\"https:\\\/\\\/poterie-de-crestet.com\\\/de\\\/#organization\"},\"potentialAction\":[{\"@type\":\"SearchAction\",\"target\":{\"@type\":\"EntryPoint\",\"urlTemplate\":\"https:\\\/\\\/poterie-de-crestet.com\\\/de\\\/?s={search_term_string}\"},\"query-input\":{\"@type\":\"PropertyValueSpecification\",\"valueRequired\":true,\"valueName\":\"search_term_string\"}}],\"inLanguage\":\"de\"},{\"@type\":\"Organization\",\"@id\":\"https:\\\/\\\/poterie-de-crestet.com\\\/de\\\/#organization\",\"name\":\"Poterie de Crestet\",\"url\":\"https:\\\/\\\/poterie-de-crestet.com\\\/de\\\/\",\"logo\":{\"@type\":\"ImageObject\",\"inLanguage\":\"de\",\"@id\":\"https:\\\/\\\/poterie-de-crestet.com\\\/de\\\/#\\\/schema\\\/logo\\\/image\\\/\",\"url\":\"https:\\\/\\\/i0.wp.com\\\/poterie-de-crestet.com\\\/wp-content\\\/uploads\\\/2025\\\/03\\\/Propo-4.png?fit=1000%2C462&ssl=1\",\"contentUrl\":\"https:\\\/\\\/i0.wp.com\\\/poterie-de-crestet.com\\\/wp-content\\\/uploads\\\/2025\\\/03\\\/Propo-4.png?fit=1000%2C462&ssl=1\",\"width\":1000,\"height\":462,\"caption\":\"Poterie de Crestet\"},\"image\":{\"@id\":\"https:\\\/\\\/poterie-de-crestet.com\\\/de\\\/#\\\/schema\\\/logo\\\/image\\\/\"}}]}<\/script>\n<!-- \/ Yoast SEO plugin. -->","yoast_head_json":{"title":"Marmeladentrichter Blau - Poterie de Crestet","description":"Blauer Keramik-Marmeladentrichter: praktisch f\u00fcr Marmeladen, So\u00dfen und Konfit\u00fcren. Widerstandsf\u00e4hig, sp\u00fclmaschinen- und mikrowellenfest. In der K\u00fcche unverzichtbar.","robots":{"index":"index","follow":"follow","max-snippet":"max-snippet:-1","max-image-preview":"max-image-preview:large","max-video-preview":"max-video-preview:-1"},"canonical":"https:\/\/poterie-de-crestet.com\/de\/keramik\/marmeladentrichter-blau\/","og_locale":"de_DE","og_type":"article","og_title":"Marmeladentrichter Blau - Poterie de Crestet","og_description":"Blauer Keramik-Marmeladentrichter: praktisch f\u00fcr Marmeladen, So\u00dfen und Konfit\u00fcren. Widerstandsf\u00e4hig, sp\u00fclmaschinen- und mikrowellenfest. In der K\u00fcche unverzichtbar.","og_url":"https:\/\/poterie-de-crestet.com\/de\/keramik\/marmeladentrichter-blau\/","og_site_name":"Poterie de Crestet","og_image":[{"width":458,"height":458,"url":"https:\/\/i0.wp.com\/poterie-de-crestet.com\/wp-content\/uploads\/2025\/04\/entonnoir-confiture-bleu.jpg?fit=458%2C458&ssl=1","type":"image\/jpeg"}],"twitter_card":"summary_large_image","twitter_misc":{"Gesch\u00e4tzte Lesezeit":"1\u00a0Minute"},"schema":{"@context":"https:\/\/schema.org","@graph":[{"@type":"WebPage","@id":"https:\/\/poterie-de-crestet.com\/de\/keramik\/marmeladentrichter-blau\/","url":"https:\/\/poterie-de-crestet.com\/de\/keramik\/marmeladentrichter-blau\/","name":"Marmeladentrichter Blau - Poterie de Crestet","isPartOf":{"@id":"https:\/\/poterie-de-crestet.com\/de\/#website"},"primaryImageOfPage":{"@id":"https:\/\/poterie-de-crestet.com\/de\/keramik\/marmeladentrichter-blau\/#primaryimage"},"image":{"@id":"https:\/\/poterie-de-crestet.com\/de\/keramik\/marmeladentrichter-blau\/#primaryimage"},"thumbnailUrl":"https:\/\/i0.wp.com\/poterie-de-crestet.com\/wp-content\/uploads\/2025\/04\/entonnoir-confiture-bleu.jpg?fit=458%2C458&ssl=1","datePublished":"2025-04-09T15:41:50+00:00","description":"Blauer Keramik-Marmeladentrichter: praktisch f\u00fcr Marmeladen, So\u00dfen und Konfit\u00fcren. Widerstandsf\u00e4hig, sp\u00fclmaschinen- und mikrowellenfest. In der K\u00fcche unverzichtbar.","breadcrumb":{"@id":"https:\/\/poterie-de-crestet.com\/de\/keramik\/marmeladentrichter-blau\/#breadcrumb"},"inLanguage":"de","potentialAction":[{"@type":"ReadAction","target":["https:\/\/poterie-de-crestet.com\/de\/keramik\/marmeladentrichter-blau\/"]}]},{"@type":"ImageObject","inLanguage":"de","@id":"https:\/\/poterie-de-crestet.com\/de\/keramik\/marmeladentrichter-blau\/#primaryimage","url":"https:\/\/i0.wp.com\/poterie-de-crestet.com\/wp-content\/uploads\/2025\/04\/entonnoir-confiture-bleu.jpg?fit=458%2C458&ssl=1","contentUrl":"https:\/\/i0.wp.com\/poterie-de-crestet.com\/wp-content\/uploads\/2025\/04\/entonnoir-confiture-bleu.jpg?fit=458%2C458&ssl=1","width":458,"height":458,"caption":"Blauer Marmeladentrichter"},{"@type":"BreadcrumbList","@id":"https:\/\/poterie-de-crestet.com\/de\/keramik\/marmeladentrichter-blau\/#breadcrumb","itemListElement":[{"@type":"ListItem","position":1,"name":"Accueil","item":"https:\/\/poterie-de-crestet.com\/de\/accueil\/"},{"@type":"ListItem","position":2,"name":"Boutique","item":"https:\/\/poterie-de-crestet.com\/ceramiques\/"},{"@type":"ListItem","position":3,"name":"Marmeladentrichter Blau"}]},{"@type":"WebSite","@id":"https:\/\/poterie-de-crestet.com\/de\/#website","url":"https:\/\/poterie-de-crestet.com\/de\/","name":"Poterie de Crestet","description":"Des milliers de poteries inpir\u00e9es de la Provence","publisher":{"@id":"https:\/\/poterie-de-crestet.com\/de\/#organization"},"potentialAction":[{"@type":"SearchAction","target":{"@type":"EntryPoint","urlTemplate":"https:\/\/poterie-de-crestet.com\/de\/?s={search_term_string}"},"query-input":{"@type":"PropertyValueSpecification","valueRequired":true,"valueName":"search_term_string"}}],"inLanguage":"de"},{"@type":"Organization","@id":"https:\/\/poterie-de-crestet.com\/de\/#organization","name":"Poterie de Crestet","url":"https:\/\/poterie-de-crestet.com\/de\/","logo":{"@type":"ImageObject","inLanguage":"de","@id":"https:\/\/poterie-de-crestet.com\/de\/#\/schema\/logo\/image\/","url":"https:\/\/i0.wp.com\/poterie-de-crestet.com\/wp-content\/uploads\/2025\/03\/Propo-4.png?fit=1000%2C462&ssl=1","contentUrl":"https:\/\/i0.wp.com\/poterie-de-crestet.com\/wp-content\/uploads\/2025\/03\/Propo-4.png?fit=1000%2C462&ssl=1","width":1000,"height":462,"caption":"Poterie de Crestet"},"image":{"@id":"https:\/\/poterie-de-crestet.com\/de\/#\/schema\/logo\/image\/"}}]}},"jetpack_sharing_enabled":true,"_links":{"self":[{"href":"https:\/\/poterie-de-crestet.com\/de\/wp-json\/wp\/v2\/product\/17810","targetHints":{"allow":["GET"]}}],"collection":[{"href":"https:\/\/poterie-de-crestet.com\/de\/wp-json\/wp\/v2\/product"}],"about":[{"href":"https:\/\/poterie-de-crestet.com\/de\/wp-json\/wp\/v2\/types\/product"}],"replies":[{"embeddable":true,"href":"https:\/\/poterie-de-crestet.com\/de\/wp-json\/wp\/v2\/comments?post=17810"}],"version-history":[{"count":0,"href":"https:\/\/poterie-de-crestet.com\/de\/wp-json\/wp\/v2\/product\/17810\/revisions"}],"wp:featuredmedia":[{"embeddable":true,"href":"https:\/\/poterie-de-crestet.com\/de\/wp-json\/wp\/v2\/media\/6806"}],"wp:attachment":[{"href":"https:\/\/poterie-de-crestet.com\/de\/wp-json\/wp\/v2\/media?parent=17810"}],"wp:term":[{"taxonomy":"product_brand","embeddable":true,"href":"https:\/\/poterie-de-crestet.com\/de\/wp-json\/wp\/v2\/product_brand?post=17810"},{"taxonomy":"product_cat","embeddable":true,"href":"https:\/\/poterie-de-crestet.com\/de\/wp-json\/wp\/v2\/product_cat?post=17810"},{"taxonomy":"product_tag","embeddable":true,"href":"https:\/\/poterie-de-crestet.com\/de\/wp-json\/wp\/v2\/product_tag?post=17810"}],"curies":[{"name":"wp","href":"https:\/\/api.w.org\/{rel}","templated":true}]}}