{"id":17789,"date":"2025-04-09T17:41:50","date_gmt":"2025-04-09T15:41:50","guid":{"rendered":"https:\/\/poterie-de-crestet.com\/ceramiques\/marmeladentrichter-gruene-blaetter\/"},"modified":"2025-04-09T17:41:50","modified_gmt":"2025-04-09T15:41:50","slug":"marmeladentrichter-gruene-blaetter","status":"publish","type":"product","link":"https:\/\/poterie-de-crestet.com\/de\/keramik\/marmeladentrichter-gruene-blaetter\/","title":{"rendered":"Marmeladentrichter  <h5>Gr\u00fcne Bl\u00e4tter  <\/h5>"},"content":{"rendered":"<p data-start=\"8838\" data-end=\"9234\">Die <strong data-start=\"8884\" data-end=\"8903\">Green Leaves-Dekoration<\/strong> verleiht diesem Keramik-Marmeladentrichter eine pflanzliche und elegante Note. Mit ihren praktischen Ma\u00dfen (\u00d8 16,2 cm, H 9,2 cm, D\u00fcse 4 cm) eignet sie sich perfekt zum Dekantieren von Marmeladen, Gelee, Kompotten, Chutneys oder So\u00dfen. Sein breiter Hals verhindert \u00dcberlauf und erm\u00f6glicht ein schnelles und pr\u00e4zises Auff\u00fcllen.  <\/p>\n<p data-start=\"9236\" data-end=\"9634\"><strong data-start=\"9239\" data-end=\"9252\">Keramik<\/strong> macht den entscheidenden Unterschied: Hitzebest\u00e4ndig, verformt sich nicht wie Kunststoff und bleibt angenehm zu handhaben, im Gegensatz zu Edelstahl, der hei\u00df werden kann. Sie ver\u00e4ndert den Geschmack Ihrer Zubereitungen nicht und beh\u00e4lt Saison f\u00fcr Saison ihren Glanz. Au\u00dferdem ist dieser Trichter sp\u00fclmaschinen- <strong data-start=\"9543\" data-end=\"9587\">und mikrowellenfest,<\/strong> was die Wartung deutlich erleichtert.  <\/p>\n<p data-start=\"9636\" data-end=\"9960\">Die <strong data-start=\"9645\" data-end=\"9664\">Green Leaves-Dekoration<\/strong> verleiht Ihrer K\u00fcche eine nat\u00fcrliche Note und passt gut zu leichtem oder h\u00f6lzernem Geschirr. In Kombination mit einem <a href=\"https:\/\/poterie-de-crestet.com\/de\/keramik\/abtropfen-gruene-blaetter\/\"><strong data-start=\"9771\" data-end=\"9793\">Obstabtropfen<\/strong> <\/a>zur Erntevorbereitung oder einer <a href=\"https:\/\/poterie-de-crestet.com\/de\/keramik\/loeffelauflage-gruene-blaetter\/\"><strong data-start=\"9830\" data-end=\"9849\">L\u00f6ffelauflage<\/strong><\/a> f\u00fcr eine saubere Arbeitsplatte wird es zu einem integralen Bestandteil einer praktischen und effizienten Organisation. <\/p>\n<p data-start=\"9962\" data-end=\"10286\">In der Marmeladensaison oder bei der Zubereitung von selbstgemachten So\u00dfen sorgt dieser Trichter f\u00fcr sicher, schnell und sauber. Es verwandelt eine manchmal m\u00fchsame Aufgabe in einen angenehmen Moment, in dem jedes Glas mit Sorgfalt gef\u00fcllt wird. Es ist ein Accessoire, das wir schnell annehmen, da es das Leben von Liebhabern von hausgemachten Zubereitungen vereinfacht.  <\/p>\n","protected":false},"excerpt":{"rendered":"<p>Green Leaf Jam Funnel: praktisch, stabil und elegant. Aus Keramik gefertigt, h\u00e4lt es deine Vorbereitungen intakt. Sp\u00fclmaschinen- und Mikrowellenfest.  <br data-start=\"10474\" data-end=\"10477\"><em data-start=\"10477\" data-end=\"10530\"><strong data-start=\"10478\" data-end=\"10529\">Abmessungen: \u00d8 16,2 cm \u2013 H 9,2 cm \u2013 D\u00fcse 4 cm<\/strong><\/em><\/p>\n","protected":false},"featured_media":6812,"comment_status":"closed","ping_status":"closed","template":"","meta":[],"product_brand":[],"product_cat":[322],"product_tag":[315],"class_list":{"0":"post-17789","1":"product","2":"type-product","3":"status-publish","4":"has-post-thumbnail","6":"product_cat-marmeladentrichter","7":"product_tag-grune-blatter","9":"first","10":"instock","11":"taxable","12":"shipping-taxable","13":"purchasable","14":"product-type-simple"},"yoast_head":"<!-- This site is optimized with the Yoast SEO plugin v27.5 - https:\/\/yoast.com\/product\/yoast-seo-wordpress\/ -->\n<title>Marmeladentrichter Gr\u00fcne Bl\u00e4tter  - Poterie de Crestet<\/title>\n<meta name=\"description\" content=\"Green Leaves Jam Funnel: praktische und widerstandsf\u00e4hige Keramik f\u00fcr Marmeladen, So\u00dfen und Kompotte. Leicht in der Sp\u00fclmaschine zu reinigen.\" \/>\n<meta name=\"robots\" content=\"index, follow, max-snippet:-1, max-image-preview:large, max-video-preview:-1\" \/>\n<link rel=\"canonical\" href=\"https:\/\/poterie-de-crestet.com\/de\/keramik\/marmeladentrichter-gruene-blaetter\/\" \/>\n<meta property=\"og:locale\" content=\"de_DE\" \/>\n<meta property=\"og:type\" content=\"article\" \/>\n<meta property=\"og:title\" content=\"Marmeladentrichter Gr\u00fcne Bl\u00e4tter  - Poterie de Crestet\" \/>\n<meta property=\"og:description\" content=\"Green Leaves Jam Funnel: praktische und widerstandsf\u00e4hige Keramik f\u00fcr Marmeladen, So\u00dfen und Kompotte. Leicht in der Sp\u00fclmaschine zu reinigen.\" \/>\n<meta property=\"og:url\" content=\"https:\/\/poterie-de-crestet.com\/de\/keramik\/marmeladentrichter-gruene-blaetter\/\" \/>\n<meta property=\"og:site_name\" content=\"Poterie de Crestet\" \/>\n<meta property=\"og:image\" content=\"https:\/\/i0.wp.com\/poterie-de-crestet.com\/wp-content\/uploads\/2025\/04\/entonnoir-confiture-feuillesvertes-e1748531294695.jpg?fit=800%2C532&ssl=1\" \/>\n\t<meta property=\"og:image:width\" content=\"800\" \/>\n\t<meta property=\"og:image:height\" content=\"532\" \/>\n\t<meta property=\"og:image:type\" content=\"image\/jpeg\" \/>\n<meta name=\"twitter:card\" content=\"summary_large_image\" \/>\n<meta name=\"twitter:label1\" content=\"Gesch\u00e4tzte Lesezeit\" \/>\n\t<meta name=\"twitter:data1\" content=\"1\u00a0Minute\" \/>\n<script type=\"application\/ld+json\" class=\"yoast-schema-graph\">{\"@context\":\"https:\\\/\\\/schema.org\",\"@graph\":[{\"@type\":\"WebPage\",\"@id\":\"https:\\\/\\\/poterie-de-crestet.com\\\/de\\\/keramik\\\/marmeladentrichter-gruene-blaetter\\\/\",\"url\":\"https:\\\/\\\/poterie-de-crestet.com\\\/de\\\/keramik\\\/marmeladentrichter-gruene-blaetter\\\/\",\"name\":\"Marmeladentrichter Gr\u00fcne Bl\u00e4tter - Poterie de Crestet\",\"isPartOf\":{\"@id\":\"https:\\\/\\\/poterie-de-crestet.com\\\/de\\\/#website\"},\"primaryImageOfPage\":{\"@id\":\"https:\\\/\\\/poterie-de-crestet.com\\\/de\\\/keramik\\\/marmeladentrichter-gruene-blaetter\\\/#primaryimage\"},\"image\":{\"@id\":\"https:\\\/\\\/poterie-de-crestet.com\\\/de\\\/keramik\\\/marmeladentrichter-gruene-blaetter\\\/#primaryimage\"},\"thumbnailUrl\":\"https:\\\/\\\/i0.wp.com\\\/poterie-de-crestet.com\\\/wp-content\\\/uploads\\\/2025\\\/04\\\/entonnoir-confiture-feuillesvertes-e1748531294695.jpg?fit=800%2C532&ssl=1\",\"datePublished\":\"2025-04-09T15:41:50+00:00\",\"description\":\"Green Leaves Jam Funnel: praktische und widerstandsf\u00e4hige Keramik f\u00fcr Marmeladen, So\u00dfen und Kompotte. Leicht in der Sp\u00fclmaschine zu reinigen.\",\"breadcrumb\":{\"@id\":\"https:\\\/\\\/poterie-de-crestet.com\\\/de\\\/keramik\\\/marmeladentrichter-gruene-blaetter\\\/#breadcrumb\"},\"inLanguage\":\"de\",\"potentialAction\":[{\"@type\":\"ReadAction\",\"target\":[\"https:\\\/\\\/poterie-de-crestet.com\\\/de\\\/keramik\\\/marmeladentrichter-gruene-blaetter\\\/\"]}]},{\"@type\":\"ImageObject\",\"inLanguage\":\"de\",\"@id\":\"https:\\\/\\\/poterie-de-crestet.com\\\/de\\\/keramik\\\/marmeladentrichter-gruene-blaetter\\\/#primaryimage\",\"url\":\"https:\\\/\\\/i0.wp.com\\\/poterie-de-crestet.com\\\/wp-content\\\/uploads\\\/2025\\\/04\\\/entonnoir-confiture-feuillesvertes-e1748531294695.jpg?fit=800%2C532&ssl=1\",\"contentUrl\":\"https:\\\/\\\/i0.wp.com\\\/poterie-de-crestet.com\\\/wp-content\\\/uploads\\\/2025\\\/04\\\/entonnoir-confiture-feuillesvertes-e1748531294695.jpg?fit=800%2C532&ssl=1\",\"width\":800,\"height\":532,\"caption\":\"Gr\u00fcnblatt-Marmeladentrichter\"},{\"@type\":\"BreadcrumbList\",\"@id\":\"https:\\\/\\\/poterie-de-crestet.com\\\/de\\\/keramik\\\/marmeladentrichter-gruene-blaetter\\\/#breadcrumb\",\"itemListElement\":[{\"@type\":\"ListItem\",\"position\":1,\"name\":\"Accueil\",\"item\":\"https:\\\/\\\/poterie-de-crestet.com\\\/de\\\/accueil\\\/\"},{\"@type\":\"ListItem\",\"position\":2,\"name\":\"Boutique\",\"item\":\"https:\\\/\\\/poterie-de-crestet.com\\\/ceramiques\\\/\"},{\"@type\":\"ListItem\",\"position\":3,\"name\":\"Marmeladentrichter Gr\u00fcne Bl\u00e4tter\"}]},{\"@type\":\"WebSite\",\"@id\":\"https:\\\/\\\/poterie-de-crestet.com\\\/de\\\/#website\",\"url\":\"https:\\\/\\\/poterie-de-crestet.com\\\/de\\\/\",\"name\":\"Poterie de Crestet\",\"description\":\"Des milliers de poteries inpir\u00e9es de la Provence\",\"publisher\":{\"@id\":\"https:\\\/\\\/poterie-de-crestet.com\\\/de\\\/#organization\"},\"potentialAction\":[{\"@type\":\"SearchAction\",\"target\":{\"@type\":\"EntryPoint\",\"urlTemplate\":\"https:\\\/\\\/poterie-de-crestet.com\\\/de\\\/?s={search_term_string}\"},\"query-input\":{\"@type\":\"PropertyValueSpecification\",\"valueRequired\":true,\"valueName\":\"search_term_string\"}}],\"inLanguage\":\"de\"},{\"@type\":\"Organization\",\"@id\":\"https:\\\/\\\/poterie-de-crestet.com\\\/de\\\/#organization\",\"name\":\"Poterie de Crestet\",\"url\":\"https:\\\/\\\/poterie-de-crestet.com\\\/de\\\/\",\"logo\":{\"@type\":\"ImageObject\",\"inLanguage\":\"de\",\"@id\":\"https:\\\/\\\/poterie-de-crestet.com\\\/de\\\/#\\\/schema\\\/logo\\\/image\\\/\",\"url\":\"https:\\\/\\\/i0.wp.com\\\/poterie-de-crestet.com\\\/wp-content\\\/uploads\\\/2025\\\/03\\\/Propo-4.png?fit=1000%2C462&ssl=1\",\"contentUrl\":\"https:\\\/\\\/i0.wp.com\\\/poterie-de-crestet.com\\\/wp-content\\\/uploads\\\/2025\\\/03\\\/Propo-4.png?fit=1000%2C462&ssl=1\",\"width\":1000,\"height\":462,\"caption\":\"Poterie de Crestet\"},\"image\":{\"@id\":\"https:\\\/\\\/poterie-de-crestet.com\\\/de\\\/#\\\/schema\\\/logo\\\/image\\\/\"}}]}<\/script>\n<!-- \/ Yoast SEO plugin. -->","yoast_head_json":{"title":"Marmeladentrichter Gr\u00fcne Bl\u00e4tter  - Poterie de Crestet","description":"Green Leaves Jam Funnel: praktische und widerstandsf\u00e4hige Keramik f\u00fcr Marmeladen, So\u00dfen und Kompotte. Leicht in der Sp\u00fclmaschine zu reinigen.","robots":{"index":"index","follow":"follow","max-snippet":"max-snippet:-1","max-image-preview":"max-image-preview:large","max-video-preview":"max-video-preview:-1"},"canonical":"https:\/\/poterie-de-crestet.com\/de\/keramik\/marmeladentrichter-gruene-blaetter\/","og_locale":"de_DE","og_type":"article","og_title":"Marmeladentrichter Gr\u00fcne Bl\u00e4tter  - Poterie de Crestet","og_description":"Green Leaves Jam Funnel: praktische und widerstandsf\u00e4hige Keramik f\u00fcr Marmeladen, So\u00dfen und Kompotte. Leicht in der Sp\u00fclmaschine zu reinigen.","og_url":"https:\/\/poterie-de-crestet.com\/de\/keramik\/marmeladentrichter-gruene-blaetter\/","og_site_name":"Poterie de Crestet","og_image":[{"width":800,"height":532,"url":"https:\/\/i0.wp.com\/poterie-de-crestet.com\/wp-content\/uploads\/2025\/04\/entonnoir-confiture-feuillesvertes-e1748531294695.jpg?fit=800%2C532&ssl=1","type":"image\/jpeg"}],"twitter_card":"summary_large_image","twitter_misc":{"Gesch\u00e4tzte Lesezeit":"1\u00a0Minute"},"schema":{"@context":"https:\/\/schema.org","@graph":[{"@type":"WebPage","@id":"https:\/\/poterie-de-crestet.com\/de\/keramik\/marmeladentrichter-gruene-blaetter\/","url":"https:\/\/poterie-de-crestet.com\/de\/keramik\/marmeladentrichter-gruene-blaetter\/","name":"Marmeladentrichter Gr\u00fcne Bl\u00e4tter - Poterie de Crestet","isPartOf":{"@id":"https:\/\/poterie-de-crestet.com\/de\/#website"},"primaryImageOfPage":{"@id":"https:\/\/poterie-de-crestet.com\/de\/keramik\/marmeladentrichter-gruene-blaetter\/#primaryimage"},"image":{"@id":"https:\/\/poterie-de-crestet.com\/de\/keramik\/marmeladentrichter-gruene-blaetter\/#primaryimage"},"thumbnailUrl":"https:\/\/i0.wp.com\/poterie-de-crestet.com\/wp-content\/uploads\/2025\/04\/entonnoir-confiture-feuillesvertes-e1748531294695.jpg?fit=800%2C532&ssl=1","datePublished":"2025-04-09T15:41:50+00:00","description":"Green Leaves Jam Funnel: praktische und widerstandsf\u00e4hige Keramik f\u00fcr Marmeladen, So\u00dfen und Kompotte. Leicht in der Sp\u00fclmaschine zu reinigen.","breadcrumb":{"@id":"https:\/\/poterie-de-crestet.com\/de\/keramik\/marmeladentrichter-gruene-blaetter\/#breadcrumb"},"inLanguage":"de","potentialAction":[{"@type":"ReadAction","target":["https:\/\/poterie-de-crestet.com\/de\/keramik\/marmeladentrichter-gruene-blaetter\/"]}]},{"@type":"ImageObject","inLanguage":"de","@id":"https:\/\/poterie-de-crestet.com\/de\/keramik\/marmeladentrichter-gruene-blaetter\/#primaryimage","url":"https:\/\/i0.wp.com\/poterie-de-crestet.com\/wp-content\/uploads\/2025\/04\/entonnoir-confiture-feuillesvertes-e1748531294695.jpg?fit=800%2C532&ssl=1","contentUrl":"https:\/\/i0.wp.com\/poterie-de-crestet.com\/wp-content\/uploads\/2025\/04\/entonnoir-confiture-feuillesvertes-e1748531294695.jpg?fit=800%2C532&ssl=1","width":800,"height":532,"caption":"Gr\u00fcnblatt-Marmeladentrichter"},{"@type":"BreadcrumbList","@id":"https:\/\/poterie-de-crestet.com\/de\/keramik\/marmeladentrichter-gruene-blaetter\/#breadcrumb","itemListElement":[{"@type":"ListItem","position":1,"name":"Accueil","item":"https:\/\/poterie-de-crestet.com\/de\/accueil\/"},{"@type":"ListItem","position":2,"name":"Boutique","item":"https:\/\/poterie-de-crestet.com\/ceramiques\/"},{"@type":"ListItem","position":3,"name":"Marmeladentrichter Gr\u00fcne Bl\u00e4tter"}]},{"@type":"WebSite","@id":"https:\/\/poterie-de-crestet.com\/de\/#website","url":"https:\/\/poterie-de-crestet.com\/de\/","name":"Poterie de Crestet","description":"Des milliers de poteries inpir\u00e9es de la Provence","publisher":{"@id":"https:\/\/poterie-de-crestet.com\/de\/#organization"},"potentialAction":[{"@type":"SearchAction","target":{"@type":"EntryPoint","urlTemplate":"https:\/\/poterie-de-crestet.com\/de\/?s={search_term_string}"},"query-input":{"@type":"PropertyValueSpecification","valueRequired":true,"valueName":"search_term_string"}}],"inLanguage":"de"},{"@type":"Organization","@id":"https:\/\/poterie-de-crestet.com\/de\/#organization","name":"Poterie de Crestet","url":"https:\/\/poterie-de-crestet.com\/de\/","logo":{"@type":"ImageObject","inLanguage":"de","@id":"https:\/\/poterie-de-crestet.com\/de\/#\/schema\/logo\/image\/","url":"https:\/\/i0.wp.com\/poterie-de-crestet.com\/wp-content\/uploads\/2025\/03\/Propo-4.png?fit=1000%2C462&ssl=1","contentUrl":"https:\/\/i0.wp.com\/poterie-de-crestet.com\/wp-content\/uploads\/2025\/03\/Propo-4.png?fit=1000%2C462&ssl=1","width":1000,"height":462,"caption":"Poterie de Crestet"},"image":{"@id":"https:\/\/poterie-de-crestet.com\/de\/#\/schema\/logo\/image\/"}}]}},"jetpack_sharing_enabled":true,"_links":{"self":[{"href":"https:\/\/poterie-de-crestet.com\/de\/wp-json\/wp\/v2\/product\/17789","targetHints":{"allow":["GET"]}}],"collection":[{"href":"https:\/\/poterie-de-crestet.com\/de\/wp-json\/wp\/v2\/product"}],"about":[{"href":"https:\/\/poterie-de-crestet.com\/de\/wp-json\/wp\/v2\/types\/product"}],"replies":[{"embeddable":true,"href":"https:\/\/poterie-de-crestet.com\/de\/wp-json\/wp\/v2\/comments?post=17789"}],"version-history":[{"count":0,"href":"https:\/\/poterie-de-crestet.com\/de\/wp-json\/wp\/v2\/product\/17789\/revisions"}],"wp:featuredmedia":[{"embeddable":true,"href":"https:\/\/poterie-de-crestet.com\/de\/wp-json\/wp\/v2\/media\/6812"}],"wp:attachment":[{"href":"https:\/\/poterie-de-crestet.com\/de\/wp-json\/wp\/v2\/media?parent=17789"}],"wp:term":[{"taxonomy":"product_brand","embeddable":true,"href":"https:\/\/poterie-de-crestet.com\/de\/wp-json\/wp\/v2\/product_brand?post=17789"},{"taxonomy":"product_cat","embeddable":true,"href":"https:\/\/poterie-de-crestet.com\/de\/wp-json\/wp\/v2\/product_cat?post=17789"},{"taxonomy":"product_tag","embeddable":true,"href":"https:\/\/poterie-de-crestet.com\/de\/wp-json\/wp\/v2\/product_tag?post=17789"}],"curies":[{"name":"wp","href":"https:\/\/api.w.org\/{rel}","templated":true}]}}