{"id":17788,"date":"2025-04-09T17:41:49","date_gmt":"2025-04-09T15:41:49","guid":{"rendered":"https:\/\/poterie-de-crestet.com\/ceramiques\/marmeladentrichter-farbige-tropfen\/"},"modified":"2025-04-09T17:41:49","modified_gmt":"2025-04-09T15:41:49","slug":"marmeladentrichter-farbige-tropfen","status":"publish","type":"product","link":"https:\/\/poterie-de-crestet.com\/de\/keramik\/marmeladentrichter-farbige-tropfen\/","title":{"rendered":"Marmeladentrichter  <h5>Farbige Tropfen  <\/h5>"},"content":{"rendered":"<p data-start=\"2454\" data-end=\"2884\">Farbenfroh und dynamisch macht das <strong data-start=\"2521\" data-end=\"2541\">Coloured Drops-Dekor<\/strong> diesen Marmeladentrichter zu einem Accessoire, das ebenso praktisch wie angenehm zu bedienen ist. Aus Keramik gefertigt, misst er 16,2 cm im Durchmesser, 9,2 cm in der H\u00f6he und hat eine 4 cm lange Spitze, die perfekt in Standardt\u00f6pfe passt. Seine Breite erm\u00f6glicht es, Marmeladen, Kompotte, So\u00dfen oder Chutneys zu gie\u00dfen, ohne zu spritzen oder \u00fcberzulaufen.  <\/p>\n<p data-start=\"2886\" data-end=\"3340\"><strong data-start=\"2889\" data-end=\"2902\">Keramik<\/strong> hebt sich von anderen Materialien ab: Sie ist hitzebest\u00e4ndig, angenehm zu handhaben und verformt sich nicht, im Gegensatz zu Kunststoff. Er vermittelt keinen Geschmack und beh\u00e4lt keinen Geruch, was garantiert, dass Zubereitungen stets Ihren Rezepten treu bleiben. Im Vergleich zu Edelstahl h\u00e4lt er eine deutlich sanftere Kontakttemperatur, was die Nutzung auch beim Bef\u00fcllen von hei\u00dfen Jams angenehm macht.  <\/p>\n<p data-start=\"3342\" data-end=\"3676\">Die <strong data-start=\"3351\" data-end=\"3371\">Coloured Drops-Dekoration<\/strong> bringt Fr\u00f6hlichkeit in Ihre K\u00fcche und l\u00e4sst Sie fast den Trichter au\u00dferhalb seiner Nutzung freilegen. In Kombination mit einem <strong data-start=\"3500\" data-end=\"3522\"><a href=\"https:\/\/poterie-de-crestet.com\/de\/keramik\/abtropfen-farbige-tropfen\/\">Obstabtropfen<\/a><\/strong> bereitet er den Boden f\u00fcr Ihre selbstgemachten Marmeladen vor. Erg\u00e4nzt durch einen <a href=\"https:\/\/poterie-de-crestet.com\/de\/keramik\/loeffelauflage-farbige-tropfen\/\"><strong data-start=\"3588\" data-end=\"3607\">L\u00f6ffelaufhalter<\/strong><\/a> erm\u00f6glicht es Ihnen, sauber zu arbeiten, ohne die Arbeitsplatte zu verschmutzen.  <\/p>\n<p data-start=\"3678\" data-end=\"4001\">Leicht zu reinigen, <strong data-start=\"3723\" data-end=\"3741\">sp\u00fclmaschinenfest<\/strong> und leicht zu lagern. Ob es darum geht, eine kleine Menge Gl\u00e4ser oder eine gro\u00dfe Runde Marmeladen f\u00fcr das Jahr zuzubereiten \u2013 dieser Trichter spart Zeit, begrenzt Verschwendung und macht die Aufgabe angenehm. Ein kleines Werkzeug, das schnell unverzichtbar wird.  <\/p>\n","protected":false},"excerpt":{"rendered":"<p>Marmeladentrichter Farbige Tropfen: praktisch und fr\u00f6hlich f\u00fcr So\u00dfen und Marmeladen. Langlebige Keramik, leicht zu reinigen. Sp\u00fclmaschinen- und Mikrowellenfest.  <br data-start=\"4195\" data-end=\"4198\"><em data-start=\"4198\" data-end=\"4251\"><strong data-start=\"4199\" data-end=\"4250\">Abmessungen: \u00d8 16,2 cm \u2013 H 9,2 cm \u2013 D\u00fcse 4 cm<\/strong><\/em><\/p>\n","protected":false},"featured_media":6816,"comment_status":"closed","ping_status":"closed","template":"","meta":[],"product_brand":[],"product_cat":[322],"product_tag":[325],"class_list":{"0":"post-17788","1":"product","2":"type-product","3":"status-publish","4":"has-post-thumbnail","6":"product_cat-marmeladentrichter","7":"product_tag-farbige-tropfen","9":"first","10":"instock","11":"taxable","12":"shipping-taxable","13":"purchasable","14":"product-type-simple"},"yoast_head":"<!-- This site is optimized with the Yoast SEO plugin v27.5 - https:\/\/yoast.com\/product\/yoast-seo-wordpress\/ -->\n<title>Marmeladentrichter Farbige Tropfen  - Poterie de Crestet<\/title>\n<meta name=\"description\" content=\"Marmeladentrichter Farbige Tropfen: bunte und praktische Keramik f\u00fcr Marmeladen, So\u00dfen und Kompotte. Widerstandsf\u00e4hig, sp\u00fclmaschinen- und mikrowellenfest.\" \/>\n<meta name=\"robots\" content=\"index, follow, max-snippet:-1, max-image-preview:large, max-video-preview:-1\" \/>\n<link rel=\"canonical\" href=\"https:\/\/poterie-de-crestet.com\/de\/keramik\/marmeladentrichter-farbige-tropfen\/\" \/>\n<meta property=\"og:locale\" content=\"de_DE\" \/>\n<meta property=\"og:type\" content=\"article\" \/>\n<meta property=\"og:title\" content=\"Marmeladentrichter Farbige Tropfen  - Poterie de Crestet\" \/>\n<meta property=\"og:description\" content=\"Marmeladentrichter Farbige Tropfen: bunte und praktische Keramik f\u00fcr Marmeladen, So\u00dfen und Kompotte. Widerstandsf\u00e4hig, sp\u00fclmaschinen- und mikrowellenfest.\" \/>\n<meta property=\"og:url\" content=\"https:\/\/poterie-de-crestet.com\/de\/keramik\/marmeladentrichter-farbige-tropfen\/\" \/>\n<meta property=\"og:site_name\" content=\"Poterie de Crestet\" \/>\n<meta property=\"og:image\" content=\"https:\/\/i0.wp.com\/poterie-de-crestet.com\/wp-content\/uploads\/2025\/04\/entonnoir-confiture-gouttesrouges-e1748531343661.jpg?fit=800%2C532&ssl=1\" \/>\n\t<meta property=\"og:image:width\" content=\"800\" \/>\n\t<meta property=\"og:image:height\" content=\"532\" \/>\n\t<meta property=\"og:image:type\" content=\"image\/jpeg\" \/>\n<meta name=\"twitter:card\" content=\"summary_large_image\" \/>\n<meta name=\"twitter:label1\" content=\"Gesch\u00e4tzte Lesezeit\" \/>\n\t<meta name=\"twitter:data1\" content=\"1\u00a0Minute\" \/>\n<script type=\"application\/ld+json\" class=\"yoast-schema-graph\">{\"@context\":\"https:\\\/\\\/schema.org\",\"@graph\":[{\"@type\":\"WebPage\",\"@id\":\"https:\\\/\\\/poterie-de-crestet.com\\\/de\\\/keramik\\\/marmeladentrichter-farbige-tropfen\\\/\",\"url\":\"https:\\\/\\\/poterie-de-crestet.com\\\/de\\\/keramik\\\/marmeladentrichter-farbige-tropfen\\\/\",\"name\":\"Marmeladentrichter Farbige Tropfen - Poterie de Crestet\",\"isPartOf\":{\"@id\":\"https:\\\/\\\/poterie-de-crestet.com\\\/de\\\/#website\"},\"primaryImageOfPage\":{\"@id\":\"https:\\\/\\\/poterie-de-crestet.com\\\/de\\\/keramik\\\/marmeladentrichter-farbige-tropfen\\\/#primaryimage\"},\"image\":{\"@id\":\"https:\\\/\\\/poterie-de-crestet.com\\\/de\\\/keramik\\\/marmeladentrichter-farbige-tropfen\\\/#primaryimage\"},\"thumbnailUrl\":\"https:\\\/\\\/i0.wp.com\\\/poterie-de-crestet.com\\\/wp-content\\\/uploads\\\/2025\\\/04\\\/entonnoir-confiture-gouttesrouges-e1748531343661.jpg?fit=800%2C532&ssl=1\",\"datePublished\":\"2025-04-09T15:41:49+00:00\",\"description\":\"Marmeladentrichter Farbige Tropfen: bunte und praktische Keramik f\u00fcr Marmeladen, So\u00dfen und Kompotte. Widerstandsf\u00e4hig, sp\u00fclmaschinen- und mikrowellenfest.\",\"breadcrumb\":{\"@id\":\"https:\\\/\\\/poterie-de-crestet.com\\\/de\\\/keramik\\\/marmeladentrichter-farbige-tropfen\\\/#breadcrumb\"},\"inLanguage\":\"de\",\"potentialAction\":[{\"@type\":\"ReadAction\",\"target\":[\"https:\\\/\\\/poterie-de-crestet.com\\\/de\\\/keramik\\\/marmeladentrichter-farbige-tropfen\\\/\"]}]},{\"@type\":\"ImageObject\",\"inLanguage\":\"de\",\"@id\":\"https:\\\/\\\/poterie-de-crestet.com\\\/de\\\/keramik\\\/marmeladentrichter-farbige-tropfen\\\/#primaryimage\",\"url\":\"https:\\\/\\\/i0.wp.com\\\/poterie-de-crestet.com\\\/wp-content\\\/uploads\\\/2025\\\/04\\\/entonnoir-confiture-gouttesrouges-e1748531343661.jpg?fit=800%2C532&ssl=1\",\"contentUrl\":\"https:\\\/\\\/i0.wp.com\\\/poterie-de-crestet.com\\\/wp-content\\\/uploads\\\/2025\\\/04\\\/entonnoir-confiture-gouttesrouges-e1748531343661.jpg?fit=800%2C532&ssl=1\",\"width\":800,\"height\":532,\"caption\":\"Marmeladentrichter mit farbigen Tropfen\"},{\"@type\":\"BreadcrumbList\",\"@id\":\"https:\\\/\\\/poterie-de-crestet.com\\\/de\\\/keramik\\\/marmeladentrichter-farbige-tropfen\\\/#breadcrumb\",\"itemListElement\":[{\"@type\":\"ListItem\",\"position\":1,\"name\":\"Accueil\",\"item\":\"https:\\\/\\\/poterie-de-crestet.com\\\/de\\\/accueil\\\/\"},{\"@type\":\"ListItem\",\"position\":2,\"name\":\"Boutique\",\"item\":\"https:\\\/\\\/poterie-de-crestet.com\\\/ceramiques\\\/\"},{\"@type\":\"ListItem\",\"position\":3,\"name\":\"Marmeladentrichter Farbige Tropfen\"}]},{\"@type\":\"WebSite\",\"@id\":\"https:\\\/\\\/poterie-de-crestet.com\\\/de\\\/#website\",\"url\":\"https:\\\/\\\/poterie-de-crestet.com\\\/de\\\/\",\"name\":\"Poterie de Crestet\",\"description\":\"Des milliers de poteries inpir\u00e9es de la Provence\",\"publisher\":{\"@id\":\"https:\\\/\\\/poterie-de-crestet.com\\\/de\\\/#organization\"},\"potentialAction\":[{\"@type\":\"SearchAction\",\"target\":{\"@type\":\"EntryPoint\",\"urlTemplate\":\"https:\\\/\\\/poterie-de-crestet.com\\\/de\\\/?s={search_term_string}\"},\"query-input\":{\"@type\":\"PropertyValueSpecification\",\"valueRequired\":true,\"valueName\":\"search_term_string\"}}],\"inLanguage\":\"de\"},{\"@type\":\"Organization\",\"@id\":\"https:\\\/\\\/poterie-de-crestet.com\\\/de\\\/#organization\",\"name\":\"Poterie de Crestet\",\"url\":\"https:\\\/\\\/poterie-de-crestet.com\\\/de\\\/\",\"logo\":{\"@type\":\"ImageObject\",\"inLanguage\":\"de\",\"@id\":\"https:\\\/\\\/poterie-de-crestet.com\\\/de\\\/#\\\/schema\\\/logo\\\/image\\\/\",\"url\":\"https:\\\/\\\/i0.wp.com\\\/poterie-de-crestet.com\\\/wp-content\\\/uploads\\\/2025\\\/03\\\/Propo-4.png?fit=1000%2C462&ssl=1\",\"contentUrl\":\"https:\\\/\\\/i0.wp.com\\\/poterie-de-crestet.com\\\/wp-content\\\/uploads\\\/2025\\\/03\\\/Propo-4.png?fit=1000%2C462&ssl=1\",\"width\":1000,\"height\":462,\"caption\":\"Poterie de Crestet\"},\"image\":{\"@id\":\"https:\\\/\\\/poterie-de-crestet.com\\\/de\\\/#\\\/schema\\\/logo\\\/image\\\/\"}}]}<\/script>\n<!-- \/ Yoast SEO plugin. -->","yoast_head_json":{"title":"Marmeladentrichter Farbige Tropfen  - Poterie de Crestet","description":"Marmeladentrichter Farbige Tropfen: bunte und praktische Keramik f\u00fcr Marmeladen, So\u00dfen und Kompotte. Widerstandsf\u00e4hig, sp\u00fclmaschinen- und mikrowellenfest.","robots":{"index":"index","follow":"follow","max-snippet":"max-snippet:-1","max-image-preview":"max-image-preview:large","max-video-preview":"max-video-preview:-1"},"canonical":"https:\/\/poterie-de-crestet.com\/de\/keramik\/marmeladentrichter-farbige-tropfen\/","og_locale":"de_DE","og_type":"article","og_title":"Marmeladentrichter Farbige Tropfen  - Poterie de Crestet","og_description":"Marmeladentrichter Farbige Tropfen: bunte und praktische Keramik f\u00fcr Marmeladen, So\u00dfen und Kompotte. Widerstandsf\u00e4hig, sp\u00fclmaschinen- und mikrowellenfest.","og_url":"https:\/\/poterie-de-crestet.com\/de\/keramik\/marmeladentrichter-farbige-tropfen\/","og_site_name":"Poterie de Crestet","og_image":[{"width":800,"height":532,"url":"https:\/\/i0.wp.com\/poterie-de-crestet.com\/wp-content\/uploads\/2025\/04\/entonnoir-confiture-gouttesrouges-e1748531343661.jpg?fit=800%2C532&ssl=1","type":"image\/jpeg"}],"twitter_card":"summary_large_image","twitter_misc":{"Gesch\u00e4tzte Lesezeit":"1\u00a0Minute"},"schema":{"@context":"https:\/\/schema.org","@graph":[{"@type":"WebPage","@id":"https:\/\/poterie-de-crestet.com\/de\/keramik\/marmeladentrichter-farbige-tropfen\/","url":"https:\/\/poterie-de-crestet.com\/de\/keramik\/marmeladentrichter-farbige-tropfen\/","name":"Marmeladentrichter Farbige Tropfen - Poterie de Crestet","isPartOf":{"@id":"https:\/\/poterie-de-crestet.com\/de\/#website"},"primaryImageOfPage":{"@id":"https:\/\/poterie-de-crestet.com\/de\/keramik\/marmeladentrichter-farbige-tropfen\/#primaryimage"},"image":{"@id":"https:\/\/poterie-de-crestet.com\/de\/keramik\/marmeladentrichter-farbige-tropfen\/#primaryimage"},"thumbnailUrl":"https:\/\/i0.wp.com\/poterie-de-crestet.com\/wp-content\/uploads\/2025\/04\/entonnoir-confiture-gouttesrouges-e1748531343661.jpg?fit=800%2C532&ssl=1","datePublished":"2025-04-09T15:41:49+00:00","description":"Marmeladentrichter Farbige Tropfen: bunte und praktische Keramik f\u00fcr Marmeladen, So\u00dfen und Kompotte. Widerstandsf\u00e4hig, sp\u00fclmaschinen- und mikrowellenfest.","breadcrumb":{"@id":"https:\/\/poterie-de-crestet.com\/de\/keramik\/marmeladentrichter-farbige-tropfen\/#breadcrumb"},"inLanguage":"de","potentialAction":[{"@type":"ReadAction","target":["https:\/\/poterie-de-crestet.com\/de\/keramik\/marmeladentrichter-farbige-tropfen\/"]}]},{"@type":"ImageObject","inLanguage":"de","@id":"https:\/\/poterie-de-crestet.com\/de\/keramik\/marmeladentrichter-farbige-tropfen\/#primaryimage","url":"https:\/\/i0.wp.com\/poterie-de-crestet.com\/wp-content\/uploads\/2025\/04\/entonnoir-confiture-gouttesrouges-e1748531343661.jpg?fit=800%2C532&ssl=1","contentUrl":"https:\/\/i0.wp.com\/poterie-de-crestet.com\/wp-content\/uploads\/2025\/04\/entonnoir-confiture-gouttesrouges-e1748531343661.jpg?fit=800%2C532&ssl=1","width":800,"height":532,"caption":"Marmeladentrichter mit farbigen Tropfen"},{"@type":"BreadcrumbList","@id":"https:\/\/poterie-de-crestet.com\/de\/keramik\/marmeladentrichter-farbige-tropfen\/#breadcrumb","itemListElement":[{"@type":"ListItem","position":1,"name":"Accueil","item":"https:\/\/poterie-de-crestet.com\/de\/accueil\/"},{"@type":"ListItem","position":2,"name":"Boutique","item":"https:\/\/poterie-de-crestet.com\/ceramiques\/"},{"@type":"ListItem","position":3,"name":"Marmeladentrichter Farbige Tropfen"}]},{"@type":"WebSite","@id":"https:\/\/poterie-de-crestet.com\/de\/#website","url":"https:\/\/poterie-de-crestet.com\/de\/","name":"Poterie de Crestet","description":"Des milliers de poteries inpir\u00e9es de la Provence","publisher":{"@id":"https:\/\/poterie-de-crestet.com\/de\/#organization"},"potentialAction":[{"@type":"SearchAction","target":{"@type":"EntryPoint","urlTemplate":"https:\/\/poterie-de-crestet.com\/de\/?s={search_term_string}"},"query-input":{"@type":"PropertyValueSpecification","valueRequired":true,"valueName":"search_term_string"}}],"inLanguage":"de"},{"@type":"Organization","@id":"https:\/\/poterie-de-crestet.com\/de\/#organization","name":"Poterie de Crestet","url":"https:\/\/poterie-de-crestet.com\/de\/","logo":{"@type":"ImageObject","inLanguage":"de","@id":"https:\/\/poterie-de-crestet.com\/de\/#\/schema\/logo\/image\/","url":"https:\/\/i0.wp.com\/poterie-de-crestet.com\/wp-content\/uploads\/2025\/03\/Propo-4.png?fit=1000%2C462&ssl=1","contentUrl":"https:\/\/i0.wp.com\/poterie-de-crestet.com\/wp-content\/uploads\/2025\/03\/Propo-4.png?fit=1000%2C462&ssl=1","width":1000,"height":462,"caption":"Poterie de Crestet"},"image":{"@id":"https:\/\/poterie-de-crestet.com\/de\/#\/schema\/logo\/image\/"}}]}},"jetpack_sharing_enabled":true,"_links":{"self":[{"href":"https:\/\/poterie-de-crestet.com\/de\/wp-json\/wp\/v2\/product\/17788","targetHints":{"allow":["GET"]}}],"collection":[{"href":"https:\/\/poterie-de-crestet.com\/de\/wp-json\/wp\/v2\/product"}],"about":[{"href":"https:\/\/poterie-de-crestet.com\/de\/wp-json\/wp\/v2\/types\/product"}],"replies":[{"embeddable":true,"href":"https:\/\/poterie-de-crestet.com\/de\/wp-json\/wp\/v2\/comments?post=17788"}],"version-history":[{"count":0,"href":"https:\/\/poterie-de-crestet.com\/de\/wp-json\/wp\/v2\/product\/17788\/revisions"}],"wp:featuredmedia":[{"embeddable":true,"href":"https:\/\/poterie-de-crestet.com\/de\/wp-json\/wp\/v2\/media\/6816"}],"wp:attachment":[{"href":"https:\/\/poterie-de-crestet.com\/de\/wp-json\/wp\/v2\/media?parent=17788"}],"wp:term":[{"taxonomy":"product_brand","embeddable":true,"href":"https:\/\/poterie-de-crestet.com\/de\/wp-json\/wp\/v2\/product_brand?post=17788"},{"taxonomy":"product_cat","embeddable":true,"href":"https:\/\/poterie-de-crestet.com\/de\/wp-json\/wp\/v2\/product_cat?post=17788"},{"taxonomy":"product_tag","embeddable":true,"href":"https:\/\/poterie-de-crestet.com\/de\/wp-json\/wp\/v2\/product_tag?post=17788"}],"curies":[{"name":"wp","href":"https:\/\/api.w.org\/{rel}","templated":true}]}}