{"id":17687,"date":"2025-04-09T14:31:38","date_gmt":"2025-04-09T12:31:38","guid":{"rendered":"https:\/\/poterie-de-crestet.com\/ceramiques\/oelflasche-50-cl-zitrone\/"},"modified":"2026-02-16T17:24:46","modified_gmt":"2026-02-16T16:24:46","slug":"bouteille-huile-50cl-citron","status":"publish","type":"product","link":"https:\/\/poterie-de-crestet.com\/de\/keramik\/bouteille-huile-50cl-citron\/","title":{"rendered":"\u00d6lflasche 50 cL  <h5>Zitrone<\/h5>"},"content":{"rendered":"<p>Mit seiner lebhaften Farbe bringt dieser kleine Zitronen-Cruet Sonnenschein ins Geschirr. Sein Fassungsverm\u00f6gen von 50 cL ist ideal, um ein duftendes \u00d6l griffbereit zu halten. Der Kork und der Metallausguss machen das Servieren einfach, ohne zu tropfen. Handbemalt findet diese Flasche ihren Platz sowohl in der K\u00fcche als auch auf dem Tisch.<br data-start=\"2379\" data-end=\"2382\">Kombiniert mit der <a class=\"\" href=\"https:\/\/poterie-de-crestet.com\/de\/keramik\/oelflasche-1-l-zitrone\/\" rel=\"noopener\" data-start=\"2401\" data-end=\"2434\">1-Liter-Zitronen\u00f6lflasche<\/a> f\u00fcr ein vitaminreiches Paket.   <\/p>\n","protected":false},"excerpt":{"rendered":"<p>Cruet voller Schwung, perfekt, um deine Gerichte mit Energie und gutem Humor zu w\u00fcrzen. Ausguss inklusive. <br data-start=\"993\" data-end=\"996\"><strong data-start=\"996\" data-end=\"1029\"><em data-start=\"998\" data-end=\"1027\">Abmessungen: 11,5 \u00d7 19,6 cm<\/em><\/strong><\/p>\n","protected":false},"featured_media":6492,"comment_status":"open","ping_status":"closed","template":"","meta":[],"product_brand":[],"product_cat":[263],"product_tag":[313],"class_list":{"0":"post-17687","1":"product","2":"type-product","3":"status-publish","4":"has-post-thumbnail","6":"product_cat-olschalen","7":"product_tag-zitrone","9":"first","10":"outofstock","11":"taxable","12":"shipping-taxable","13":"purchasable","14":"product-type-simple"},"yoast_head":"<!-- This site is optimized with the Yoast SEO plugin v27.5 - https:\/\/yoast.com\/product\/yoast-seo-wordpress\/ -->\n<title>\u00d6lflasche 50 cL Zitrone - Poterie de Crestet<\/title>\n<meta name=\"description\" content=\"Dieses 0,5-Liter-Zitronenmodell ist praktisch f\u00fcr ein duftendes \u00d6l am Tisch. Sein Ausguss sorgt f\u00fcr sauberen, spritzfreien Service.\" \/>\n<meta name=\"robots\" content=\"index, follow, max-snippet:-1, max-image-preview:large, max-video-preview:-1\" \/>\n<link rel=\"canonical\" href=\"https:\/\/poterie-de-crestet.com\/de\/keramik\/bouteille-huile-50cl-citron\/\" \/>\n<meta property=\"og:locale\" content=\"de_DE\" \/>\n<meta property=\"og:type\" content=\"article\" \/>\n<meta property=\"og:title\" content=\"\u00d6lflasche 50 cL Zitrone - Poterie de Crestet\" \/>\n<meta property=\"og:description\" content=\"Dieses 0,5-Liter-Zitronenmodell ist praktisch f\u00fcr ein duftendes \u00d6l am Tisch. Sein Ausguss sorgt f\u00fcr sauberen, spritzfreien Service.\" \/>\n<meta property=\"og:url\" content=\"https:\/\/poterie-de-crestet.com\/de\/keramik\/bouteille-huile-50cl-citron\/\" \/>\n<meta property=\"og:site_name\" content=\"Poterie de Crestet\" \/>\n<meta property=\"article:modified_time\" content=\"2026-02-16T16:24:46+00:00\" \/>\n<meta property=\"og:image\" content=\"https:\/\/i0.wp.com\/poterie-de-crestet.com\/wp-content\/uploads\/2025\/04\/Poterie-du-Crestet0844.jpg?fit=532%2C800&ssl=1\" \/>\n\t<meta property=\"og:image:width\" content=\"532\" \/>\n\t<meta property=\"og:image:height\" content=\"800\" \/>\n\t<meta property=\"og:image:type\" content=\"image\/jpeg\" \/>\n<meta name=\"twitter:card\" content=\"summary_large_image\" \/>\n<script type=\"application\/ld+json\" class=\"yoast-schema-graph\">{\"@context\":\"https:\\\/\\\/schema.org\",\"@graph\":[{\"@type\":\"WebPage\",\"@id\":\"https:\\\/\\\/poterie-de-crestet.com\\\/de\\\/keramik\\\/bouteille-huile-50cl-citron\\\/\",\"url\":\"https:\\\/\\\/poterie-de-crestet.com\\\/de\\\/keramik\\\/bouteille-huile-50cl-citron\\\/\",\"name\":\"\u00d6lflasche 50 cL Zitrone - Poterie de Crestet\",\"isPartOf\":{\"@id\":\"https:\\\/\\\/poterie-de-crestet.com\\\/de\\\/#website\"},\"primaryImageOfPage\":{\"@id\":\"https:\\\/\\\/poterie-de-crestet.com\\\/de\\\/keramik\\\/bouteille-huile-50cl-citron\\\/#primaryimage\"},\"image\":{\"@id\":\"https:\\\/\\\/poterie-de-crestet.com\\\/de\\\/keramik\\\/bouteille-huile-50cl-citron\\\/#primaryimage\"},\"thumbnailUrl\":\"https:\\\/\\\/i0.wp.com\\\/poterie-de-crestet.com\\\/wp-content\\\/uploads\\\/2025\\\/04\\\/Poterie-du-Crestet0844.jpg?fit=532%2C800&ssl=1\",\"datePublished\":\"2025-04-09T12:31:38+00:00\",\"dateModified\":\"2026-02-16T16:24:46+00:00\",\"description\":\"Dieses 0,5-Liter-Zitronenmodell ist praktisch f\u00fcr ein duftendes \u00d6l am Tisch. Sein Ausguss sorgt f\u00fcr sauberen, spritzfreien Service.\",\"breadcrumb\":{\"@id\":\"https:\\\/\\\/poterie-de-crestet.com\\\/de\\\/keramik\\\/bouteille-huile-50cl-citron\\\/#breadcrumb\"},\"inLanguage\":\"de\",\"potentialAction\":[{\"@type\":\"ReadAction\",\"target\":[\"https:\\\/\\\/poterie-de-crestet.com\\\/de\\\/keramik\\\/bouteille-huile-50cl-citron\\\/\"]}]},{\"@type\":\"ImageObject\",\"inLanguage\":\"de\",\"@id\":\"https:\\\/\\\/poterie-de-crestet.com\\\/de\\\/keramik\\\/bouteille-huile-50cl-citron\\\/#primaryimage\",\"url\":\"https:\\\/\\\/i0.wp.com\\\/poterie-de-crestet.com\\\/wp-content\\\/uploads\\\/2025\\\/04\\\/Poterie-du-Crestet0844.jpg?fit=532%2C800&ssl=1\",\"contentUrl\":\"https:\\\/\\\/i0.wp.com\\\/poterie-de-crestet.com\\\/wp-content\\\/uploads\\\/2025\\\/04\\\/Poterie-du-Crestet0844.jpg?fit=532%2C800&ssl=1\",\"width\":532,\"height\":800,\"caption\":\"Flasche Zitronen-PM-\u00d6l\"},{\"@type\":\"BreadcrumbList\",\"@id\":\"https:\\\/\\\/poterie-de-crestet.com\\\/de\\\/keramik\\\/bouteille-huile-50cl-citron\\\/#breadcrumb\",\"itemListElement\":[{\"@type\":\"ListItem\",\"position\":1,\"name\":\"Accueil\",\"item\":\"https:\\\/\\\/poterie-de-crestet.com\\\/de\\\/accueil\\\/\"},{\"@type\":\"ListItem\",\"position\":2,\"name\":\"Boutique\",\"item\":\"https:\\\/\\\/poterie-de-crestet.com\\\/ceramiques\\\/\"},{\"@type\":\"ListItem\",\"position\":3,\"name\":\"\u00d6lflasche 50 cL Zitrone\"}]},{\"@type\":\"WebSite\",\"@id\":\"https:\\\/\\\/poterie-de-crestet.com\\\/de\\\/#website\",\"url\":\"https:\\\/\\\/poterie-de-crestet.com\\\/de\\\/\",\"name\":\"Poterie de Crestet\",\"description\":\"Des milliers de poteries inpir\u00e9es de la Provence\",\"publisher\":{\"@id\":\"https:\\\/\\\/poterie-de-crestet.com\\\/de\\\/#organization\"},\"potentialAction\":[{\"@type\":\"SearchAction\",\"target\":{\"@type\":\"EntryPoint\",\"urlTemplate\":\"https:\\\/\\\/poterie-de-crestet.com\\\/de\\\/?s={search_term_string}\"},\"query-input\":{\"@type\":\"PropertyValueSpecification\",\"valueRequired\":true,\"valueName\":\"search_term_string\"}}],\"inLanguage\":\"de\"},{\"@type\":\"Organization\",\"@id\":\"https:\\\/\\\/poterie-de-crestet.com\\\/de\\\/#organization\",\"name\":\"Poterie de Crestet\",\"url\":\"https:\\\/\\\/poterie-de-crestet.com\\\/de\\\/\",\"logo\":{\"@type\":\"ImageObject\",\"inLanguage\":\"de\",\"@id\":\"https:\\\/\\\/poterie-de-crestet.com\\\/de\\\/#\\\/schema\\\/logo\\\/image\\\/\",\"url\":\"https:\\\/\\\/i0.wp.com\\\/poterie-de-crestet.com\\\/wp-content\\\/uploads\\\/2025\\\/03\\\/Propo-4.png?fit=1000%2C462&ssl=1\",\"contentUrl\":\"https:\\\/\\\/i0.wp.com\\\/poterie-de-crestet.com\\\/wp-content\\\/uploads\\\/2025\\\/03\\\/Propo-4.png?fit=1000%2C462&ssl=1\",\"width\":1000,\"height\":462,\"caption\":\"Poterie de Crestet\"},\"image\":{\"@id\":\"https:\\\/\\\/poterie-de-crestet.com\\\/de\\\/#\\\/schema\\\/logo\\\/image\\\/\"}}]}<\/script>\n<!-- \/ Yoast SEO plugin. -->","yoast_head_json":{"title":"\u00d6lflasche 50 cL Zitrone - Poterie de Crestet","description":"Dieses 0,5-Liter-Zitronenmodell ist praktisch f\u00fcr ein duftendes \u00d6l am Tisch. Sein Ausguss sorgt f\u00fcr sauberen, spritzfreien Service.","robots":{"index":"index","follow":"follow","max-snippet":"max-snippet:-1","max-image-preview":"max-image-preview:large","max-video-preview":"max-video-preview:-1"},"canonical":"https:\/\/poterie-de-crestet.com\/de\/keramik\/bouteille-huile-50cl-citron\/","og_locale":"de_DE","og_type":"article","og_title":"\u00d6lflasche 50 cL Zitrone - Poterie de Crestet","og_description":"Dieses 0,5-Liter-Zitronenmodell ist praktisch f\u00fcr ein duftendes \u00d6l am Tisch. Sein Ausguss sorgt f\u00fcr sauberen, spritzfreien Service.","og_url":"https:\/\/poterie-de-crestet.com\/de\/keramik\/bouteille-huile-50cl-citron\/","og_site_name":"Poterie de Crestet","article_modified_time":"2026-02-16T16:24:46+00:00","og_image":[{"width":532,"height":800,"url":"https:\/\/i0.wp.com\/poterie-de-crestet.com\/wp-content\/uploads\/2025\/04\/Poterie-du-Crestet0844.jpg?fit=532%2C800&ssl=1","type":"image\/jpeg"}],"twitter_card":"summary_large_image","schema":{"@context":"https:\/\/schema.org","@graph":[{"@type":"WebPage","@id":"https:\/\/poterie-de-crestet.com\/de\/keramik\/bouteille-huile-50cl-citron\/","url":"https:\/\/poterie-de-crestet.com\/de\/keramik\/bouteille-huile-50cl-citron\/","name":"\u00d6lflasche 50 cL Zitrone - Poterie de Crestet","isPartOf":{"@id":"https:\/\/poterie-de-crestet.com\/de\/#website"},"primaryImageOfPage":{"@id":"https:\/\/poterie-de-crestet.com\/de\/keramik\/bouteille-huile-50cl-citron\/#primaryimage"},"image":{"@id":"https:\/\/poterie-de-crestet.com\/de\/keramik\/bouteille-huile-50cl-citron\/#primaryimage"},"thumbnailUrl":"https:\/\/i0.wp.com\/poterie-de-crestet.com\/wp-content\/uploads\/2025\/04\/Poterie-du-Crestet0844.jpg?fit=532%2C800&ssl=1","datePublished":"2025-04-09T12:31:38+00:00","dateModified":"2026-02-16T16:24:46+00:00","description":"Dieses 0,5-Liter-Zitronenmodell ist praktisch f\u00fcr ein duftendes \u00d6l am Tisch. Sein Ausguss sorgt f\u00fcr sauberen, spritzfreien Service.","breadcrumb":{"@id":"https:\/\/poterie-de-crestet.com\/de\/keramik\/bouteille-huile-50cl-citron\/#breadcrumb"},"inLanguage":"de","potentialAction":[{"@type":"ReadAction","target":["https:\/\/poterie-de-crestet.com\/de\/keramik\/bouteille-huile-50cl-citron\/"]}]},{"@type":"ImageObject","inLanguage":"de","@id":"https:\/\/poterie-de-crestet.com\/de\/keramik\/bouteille-huile-50cl-citron\/#primaryimage","url":"https:\/\/i0.wp.com\/poterie-de-crestet.com\/wp-content\/uploads\/2025\/04\/Poterie-du-Crestet0844.jpg?fit=532%2C800&ssl=1","contentUrl":"https:\/\/i0.wp.com\/poterie-de-crestet.com\/wp-content\/uploads\/2025\/04\/Poterie-du-Crestet0844.jpg?fit=532%2C800&ssl=1","width":532,"height":800,"caption":"Flasche Zitronen-PM-\u00d6l"},{"@type":"BreadcrumbList","@id":"https:\/\/poterie-de-crestet.com\/de\/keramik\/bouteille-huile-50cl-citron\/#breadcrumb","itemListElement":[{"@type":"ListItem","position":1,"name":"Accueil","item":"https:\/\/poterie-de-crestet.com\/de\/accueil\/"},{"@type":"ListItem","position":2,"name":"Boutique","item":"https:\/\/poterie-de-crestet.com\/ceramiques\/"},{"@type":"ListItem","position":3,"name":"\u00d6lflasche 50 cL Zitrone"}]},{"@type":"WebSite","@id":"https:\/\/poterie-de-crestet.com\/de\/#website","url":"https:\/\/poterie-de-crestet.com\/de\/","name":"Poterie de Crestet","description":"Des milliers de poteries inpir\u00e9es de la Provence","publisher":{"@id":"https:\/\/poterie-de-crestet.com\/de\/#organization"},"potentialAction":[{"@type":"SearchAction","target":{"@type":"EntryPoint","urlTemplate":"https:\/\/poterie-de-crestet.com\/de\/?s={search_term_string}"},"query-input":{"@type":"PropertyValueSpecification","valueRequired":true,"valueName":"search_term_string"}}],"inLanguage":"de"},{"@type":"Organization","@id":"https:\/\/poterie-de-crestet.com\/de\/#organization","name":"Poterie de Crestet","url":"https:\/\/poterie-de-crestet.com\/de\/","logo":{"@type":"ImageObject","inLanguage":"de","@id":"https:\/\/poterie-de-crestet.com\/de\/#\/schema\/logo\/image\/","url":"https:\/\/i0.wp.com\/poterie-de-crestet.com\/wp-content\/uploads\/2025\/03\/Propo-4.png?fit=1000%2C462&ssl=1","contentUrl":"https:\/\/i0.wp.com\/poterie-de-crestet.com\/wp-content\/uploads\/2025\/03\/Propo-4.png?fit=1000%2C462&ssl=1","width":1000,"height":462,"caption":"Poterie de Crestet"},"image":{"@id":"https:\/\/poterie-de-crestet.com\/de\/#\/schema\/logo\/image\/"}}]}},"jetpack_sharing_enabled":true,"_links":{"self":[{"href":"https:\/\/poterie-de-crestet.com\/de\/wp-json\/wp\/v2\/product\/17687","targetHints":{"allow":["GET"]}}],"collection":[{"href":"https:\/\/poterie-de-crestet.com\/de\/wp-json\/wp\/v2\/product"}],"about":[{"href":"https:\/\/poterie-de-crestet.com\/de\/wp-json\/wp\/v2\/types\/product"}],"replies":[{"embeddable":true,"href":"https:\/\/poterie-de-crestet.com\/de\/wp-json\/wp\/v2\/comments?post=17687"}],"version-history":[{"count":1,"href":"https:\/\/poterie-de-crestet.com\/de\/wp-json\/wp\/v2\/product\/17687\/revisions"}],"predecessor-version":[{"id":22638,"href":"https:\/\/poterie-de-crestet.com\/de\/wp-json\/wp\/v2\/product\/17687\/revisions\/22638"}],"wp:featuredmedia":[{"embeddable":true,"href":"https:\/\/poterie-de-crestet.com\/de\/wp-json\/wp\/v2\/media\/6492"}],"wp:attachment":[{"href":"https:\/\/poterie-de-crestet.com\/de\/wp-json\/wp\/v2\/media?parent=17687"}],"wp:term":[{"taxonomy":"product_brand","embeddable":true,"href":"https:\/\/poterie-de-crestet.com\/de\/wp-json\/wp\/v2\/product_brand?post=17687"},{"taxonomy":"product_cat","embeddable":true,"href":"https:\/\/poterie-de-crestet.com\/de\/wp-json\/wp\/v2\/product_cat?post=17687"},{"taxonomy":"product_tag","embeddable":true,"href":"https:\/\/poterie-de-crestet.com\/de\/wp-json\/wp\/v2\/product_tag?post=17687"}],"curies":[{"name":"wp","href":"https:\/\/api.w.org\/{rel}","templated":true}]}}