{"id":17397,"date":"2025-04-08T10:24:55","date_gmt":"2025-04-08T08:24:55","guid":{"rendered":"https:\/\/poterie-de-crestet.com\/ceramiques\/grosse-modellforschung-gruen\/"},"modified":"2025-04-08T10:24:55","modified_gmt":"2025-04-08T08:24:55","slug":"grosse-modellforschung-gruen","status":"publish","type":"product","link":"https:\/\/poterie-de-crestet.com\/de\/keramik\/grosse-modellforschung-gruen\/","title":{"rendered":"Gro\u00dfe Modellforschung  <h5>Gr\u00fcn<\/h5>"},"content":{"rendered":"<p>Nat\u00fcrlich und vielseitig ist die Green Purse sowohl in der K\u00fcche als auch auf einem wundersch\u00f6n gedeckten Tisch n\u00fctzlich. Nat\u00fcrlich beherbergt es Utensilien, kann aber auch als dekorativer Beh\u00e4lter dienen, der je nach Jahreszeit gef\u00fcllt wird.<br data-start=\"2968\" data-end=\"2971\">Seine handbemalte Dekoration und seine <strong data-start=\"3004\" data-end=\"3029\">15,8 \u00d7 15,3 \u00d7 12,2 cm<\/strong> erm\u00f6glichen es, n\u00fcchtern zu bleiben und dabei sehr pr\u00e4sent zu sein.<br data-start=\"3089\" data-end=\"3092\">Er l\u00e4sst sich einfach im <strong data-start=\"3114\" data-end=\"3162\">Ofen, in der Mikrowelle und im Geschirrsp\u00fcler<\/strong> verwenden.<br data-start=\"3163\" data-end=\"3166\">Kombinieren Sie es mit einem <a class=\"\" href=\"https:\/\/poterie-de-crestet.com\/de\/keramik\/essteller-gruen\/\" rel=\"noopener\" data-start=\"3186\" data-end=\"3204\">gr\u00fcnen Teller<\/a> oder \u00fcberraschen Sie mit einem <a class=\"\" href=\"https:\/\/poterie-de-crestet.com\/ceramiques\/plat-a-cake-gouttes-colorees\/\" rel=\"noopener\" data-start=\"3235\" data-end=\"3268\">Gouttes color\u00e9es Kuchengericht<\/a> f\u00fcr eine frische und ausgewogene Kombination. <\/p>\n","protected":false},"excerpt":{"rendered":"<p>Ein nat\u00fcrlicher Beh\u00e4lter f\u00fcr Ihre L\u00f6ffel oder um w\u00e4hrend der Jahreszeiten eine frische Dekoration zu gestalten.<br data-start=\"3935\" data-end=\"3938\"><strong data-start=\"3938\" data-end=\"3978\"><em data-start=\"3940\" data-end=\"3976\">Abmessungen: 15,8 \u00d7 15,3 \u00d7 12,2 cm<\/em><\/strong><\/p>\n","protected":false},"featured_media":6378,"comment_status":"open","ping_status":"closed","template":"","meta":[],"product_brand":[],"product_cat":[224],"product_tag":[208],"class_list":{"0":"post-17397","1":"product","2":"type-product","3":"status-publish","4":"has-post-thumbnail","6":"product_cat-stipendien","7":"product_tag-grun","9":"first","10":"instock","11":"taxable","12":"shipping-taxable","13":"purchasable","14":"product-type-simple"},"yoast_head":"<!-- This site is optimized with the Yoast SEO plugin v27.5 - https:\/\/yoast.com\/product\/yoast-seo-wordpress\/ -->\n<title>Gro\u00dfe Modellforschung Gr\u00fcn - Poterie de Crestet<\/title>\n<meta name=\"description\" content=\"Ein praktisches gr\u00fcnes Modell zum Aufbewahren von Uhren, Clips oder kleinen Sch\u00e4tzen. Diese gro\u00dfe Handtasche passt zu allen dekorativen Atmosph\u00e4ren.\" \/>\n<meta name=\"robots\" content=\"index, follow, max-snippet:-1, max-image-preview:large, max-video-preview:-1\" \/>\n<link rel=\"canonical\" href=\"https:\/\/poterie-de-crestet.com\/de\/keramik\/grosse-modellforschung-gruen\/\" \/>\n<meta property=\"og:locale\" content=\"de_DE\" \/>\n<meta property=\"og:type\" content=\"article\" \/>\n<meta property=\"og:title\" content=\"Gro\u00dfe Modellforschung Gr\u00fcn - Poterie de Crestet\" \/>\n<meta property=\"og:description\" content=\"Ein praktisches gr\u00fcnes Modell zum Aufbewahren von Uhren, Clips oder kleinen Sch\u00e4tzen. Diese gro\u00dfe Handtasche passt zu allen dekorativen Atmosph\u00e4ren.\" \/>\n<meta property=\"og:url\" content=\"https:\/\/poterie-de-crestet.com\/de\/keramik\/grosse-modellforschung-gruen\/\" \/>\n<meta property=\"og:site_name\" content=\"Poterie de Crestet\" \/>\n<meta property=\"og:image\" content=\"https:\/\/i0.wp.com\/poterie-de-crestet.com\/wp-content\/uploads\/2025\/04\/bourse-vert.jpg?fit=458%2C458&ssl=1\" \/>\n\t<meta property=\"og:image:width\" content=\"458\" \/>\n\t<meta property=\"og:image:height\" content=\"458\" \/>\n\t<meta property=\"og:image:type\" content=\"image\/jpeg\" \/>\n<meta name=\"twitter:card\" content=\"summary_large_image\" \/>\n<meta name=\"twitter:label1\" content=\"Gesch\u00e4tzte Lesezeit\" \/>\n\t<meta name=\"twitter:data1\" content=\"1\u00a0Minute\" \/>\n<script type=\"application\/ld+json\" class=\"yoast-schema-graph\">{\"@context\":\"https:\\\/\\\/schema.org\",\"@graph\":[{\"@type\":\"WebPage\",\"@id\":\"https:\\\/\\\/poterie-de-crestet.com\\\/de\\\/keramik\\\/grosse-modellforschung-gruen\\\/\",\"url\":\"https:\\\/\\\/poterie-de-crestet.com\\\/de\\\/keramik\\\/grosse-modellforschung-gruen\\\/\",\"name\":\"Gro\u00dfe Modellforschung Gr\u00fcn - Poterie de Crestet\",\"isPartOf\":{\"@id\":\"https:\\\/\\\/poterie-de-crestet.com\\\/de\\\/#website\"},\"primaryImageOfPage\":{\"@id\":\"https:\\\/\\\/poterie-de-crestet.com\\\/de\\\/keramik\\\/grosse-modellforschung-gruen\\\/#primaryimage\"},\"image\":{\"@id\":\"https:\\\/\\\/poterie-de-crestet.com\\\/de\\\/keramik\\\/grosse-modellforschung-gruen\\\/#primaryimage\"},\"thumbnailUrl\":\"https:\\\/\\\/i0.wp.com\\\/poterie-de-crestet.com\\\/wp-content\\\/uploads\\\/2025\\\/04\\\/bourse-vert.jpg?fit=458%2C458&ssl=1\",\"datePublished\":\"2025-04-08T08:24:55+00:00\",\"description\":\"Ein praktisches gr\u00fcnes Modell zum Aufbewahren von Uhren, Clips oder kleinen Sch\u00e4tzen. Diese gro\u00dfe Handtasche passt zu allen dekorativen Atmosph\u00e4ren.\",\"breadcrumb\":{\"@id\":\"https:\\\/\\\/poterie-de-crestet.com\\\/de\\\/keramik\\\/grosse-modellforschung-gruen\\\/#breadcrumb\"},\"inLanguage\":\"de\",\"potentialAction\":[{\"@type\":\"ReadAction\",\"target\":[\"https:\\\/\\\/poterie-de-crestet.com\\\/de\\\/keramik\\\/grosse-modellforschung-gruen\\\/\"]}]},{\"@type\":\"ImageObject\",\"inLanguage\":\"de\",\"@id\":\"https:\\\/\\\/poterie-de-crestet.com\\\/de\\\/keramik\\\/grosse-modellforschung-gruen\\\/#primaryimage\",\"url\":\"https:\\\/\\\/i0.wp.com\\\/poterie-de-crestet.com\\\/wp-content\\\/uploads\\\/2025\\\/04\\\/bourse-vert.jpg?fit=458%2C458&ssl=1\",\"contentUrl\":\"https:\\\/\\\/i0.wp.com\\\/poterie-de-crestet.com\\\/wp-content\\\/uploads\\\/2025\\\/04\\\/bourse-vert.jpg?fit=458%2C458&ssl=1\",\"width\":458,\"height\":458,\"caption\":\"Gr\u00fcnes Stipendium\"},{\"@type\":\"BreadcrumbList\",\"@id\":\"https:\\\/\\\/poterie-de-crestet.com\\\/de\\\/keramik\\\/grosse-modellforschung-gruen\\\/#breadcrumb\",\"itemListElement\":[{\"@type\":\"ListItem\",\"position\":1,\"name\":\"Accueil\",\"item\":\"https:\\\/\\\/poterie-de-crestet.com\\\/de\\\/accueil\\\/\"},{\"@type\":\"ListItem\",\"position\":2,\"name\":\"Boutique\",\"item\":\"https:\\\/\\\/poterie-de-crestet.com\\\/ceramiques\\\/\"},{\"@type\":\"ListItem\",\"position\":3,\"name\":\"Gro\u00dfe Modellforschung Gr\u00fcn\"}]},{\"@type\":\"WebSite\",\"@id\":\"https:\\\/\\\/poterie-de-crestet.com\\\/de\\\/#website\",\"url\":\"https:\\\/\\\/poterie-de-crestet.com\\\/de\\\/\",\"name\":\"Poterie de Crestet\",\"description\":\"Des milliers de poteries inpir\u00e9es de la Provence\",\"publisher\":{\"@id\":\"https:\\\/\\\/poterie-de-crestet.com\\\/de\\\/#organization\"},\"potentialAction\":[{\"@type\":\"SearchAction\",\"target\":{\"@type\":\"EntryPoint\",\"urlTemplate\":\"https:\\\/\\\/poterie-de-crestet.com\\\/de\\\/?s={search_term_string}\"},\"query-input\":{\"@type\":\"PropertyValueSpecification\",\"valueRequired\":true,\"valueName\":\"search_term_string\"}}],\"inLanguage\":\"de\"},{\"@type\":\"Organization\",\"@id\":\"https:\\\/\\\/poterie-de-crestet.com\\\/de\\\/#organization\",\"name\":\"Poterie de Crestet\",\"url\":\"https:\\\/\\\/poterie-de-crestet.com\\\/de\\\/\",\"logo\":{\"@type\":\"ImageObject\",\"inLanguage\":\"de\",\"@id\":\"https:\\\/\\\/poterie-de-crestet.com\\\/de\\\/#\\\/schema\\\/logo\\\/image\\\/\",\"url\":\"https:\\\/\\\/i0.wp.com\\\/poterie-de-crestet.com\\\/wp-content\\\/uploads\\\/2025\\\/03\\\/Propo-4.png?fit=1000%2C462&ssl=1\",\"contentUrl\":\"https:\\\/\\\/i0.wp.com\\\/poterie-de-crestet.com\\\/wp-content\\\/uploads\\\/2025\\\/03\\\/Propo-4.png?fit=1000%2C462&ssl=1\",\"width\":1000,\"height\":462,\"caption\":\"Poterie de Crestet\"},\"image\":{\"@id\":\"https:\\\/\\\/poterie-de-crestet.com\\\/de\\\/#\\\/schema\\\/logo\\\/image\\\/\"}}]}<\/script>\n<!-- \/ Yoast SEO plugin. -->","yoast_head_json":{"title":"Gro\u00dfe Modellforschung Gr\u00fcn - Poterie de Crestet","description":"Ein praktisches gr\u00fcnes Modell zum Aufbewahren von Uhren, Clips oder kleinen Sch\u00e4tzen. Diese gro\u00dfe Handtasche passt zu allen dekorativen Atmosph\u00e4ren.","robots":{"index":"index","follow":"follow","max-snippet":"max-snippet:-1","max-image-preview":"max-image-preview:large","max-video-preview":"max-video-preview:-1"},"canonical":"https:\/\/poterie-de-crestet.com\/de\/keramik\/grosse-modellforschung-gruen\/","og_locale":"de_DE","og_type":"article","og_title":"Gro\u00dfe Modellforschung Gr\u00fcn - Poterie de Crestet","og_description":"Ein praktisches gr\u00fcnes Modell zum Aufbewahren von Uhren, Clips oder kleinen Sch\u00e4tzen. Diese gro\u00dfe Handtasche passt zu allen dekorativen Atmosph\u00e4ren.","og_url":"https:\/\/poterie-de-crestet.com\/de\/keramik\/grosse-modellforschung-gruen\/","og_site_name":"Poterie de Crestet","og_image":[{"width":458,"height":458,"url":"https:\/\/i0.wp.com\/poterie-de-crestet.com\/wp-content\/uploads\/2025\/04\/bourse-vert.jpg?fit=458%2C458&ssl=1","type":"image\/jpeg"}],"twitter_card":"summary_large_image","twitter_misc":{"Gesch\u00e4tzte Lesezeit":"1\u00a0Minute"},"schema":{"@context":"https:\/\/schema.org","@graph":[{"@type":"WebPage","@id":"https:\/\/poterie-de-crestet.com\/de\/keramik\/grosse-modellforschung-gruen\/","url":"https:\/\/poterie-de-crestet.com\/de\/keramik\/grosse-modellforschung-gruen\/","name":"Gro\u00dfe Modellforschung Gr\u00fcn - Poterie de Crestet","isPartOf":{"@id":"https:\/\/poterie-de-crestet.com\/de\/#website"},"primaryImageOfPage":{"@id":"https:\/\/poterie-de-crestet.com\/de\/keramik\/grosse-modellforschung-gruen\/#primaryimage"},"image":{"@id":"https:\/\/poterie-de-crestet.com\/de\/keramik\/grosse-modellforschung-gruen\/#primaryimage"},"thumbnailUrl":"https:\/\/i0.wp.com\/poterie-de-crestet.com\/wp-content\/uploads\/2025\/04\/bourse-vert.jpg?fit=458%2C458&ssl=1","datePublished":"2025-04-08T08:24:55+00:00","description":"Ein praktisches gr\u00fcnes Modell zum Aufbewahren von Uhren, Clips oder kleinen Sch\u00e4tzen. Diese gro\u00dfe Handtasche passt zu allen dekorativen Atmosph\u00e4ren.","breadcrumb":{"@id":"https:\/\/poterie-de-crestet.com\/de\/keramik\/grosse-modellforschung-gruen\/#breadcrumb"},"inLanguage":"de","potentialAction":[{"@type":"ReadAction","target":["https:\/\/poterie-de-crestet.com\/de\/keramik\/grosse-modellforschung-gruen\/"]}]},{"@type":"ImageObject","inLanguage":"de","@id":"https:\/\/poterie-de-crestet.com\/de\/keramik\/grosse-modellforschung-gruen\/#primaryimage","url":"https:\/\/i0.wp.com\/poterie-de-crestet.com\/wp-content\/uploads\/2025\/04\/bourse-vert.jpg?fit=458%2C458&ssl=1","contentUrl":"https:\/\/i0.wp.com\/poterie-de-crestet.com\/wp-content\/uploads\/2025\/04\/bourse-vert.jpg?fit=458%2C458&ssl=1","width":458,"height":458,"caption":"Gr\u00fcnes Stipendium"},{"@type":"BreadcrumbList","@id":"https:\/\/poterie-de-crestet.com\/de\/keramik\/grosse-modellforschung-gruen\/#breadcrumb","itemListElement":[{"@type":"ListItem","position":1,"name":"Accueil","item":"https:\/\/poterie-de-crestet.com\/de\/accueil\/"},{"@type":"ListItem","position":2,"name":"Boutique","item":"https:\/\/poterie-de-crestet.com\/ceramiques\/"},{"@type":"ListItem","position":3,"name":"Gro\u00dfe Modellforschung Gr\u00fcn"}]},{"@type":"WebSite","@id":"https:\/\/poterie-de-crestet.com\/de\/#website","url":"https:\/\/poterie-de-crestet.com\/de\/","name":"Poterie de Crestet","description":"Des milliers de poteries inpir\u00e9es de la Provence","publisher":{"@id":"https:\/\/poterie-de-crestet.com\/de\/#organization"},"potentialAction":[{"@type":"SearchAction","target":{"@type":"EntryPoint","urlTemplate":"https:\/\/poterie-de-crestet.com\/de\/?s={search_term_string}"},"query-input":{"@type":"PropertyValueSpecification","valueRequired":true,"valueName":"search_term_string"}}],"inLanguage":"de"},{"@type":"Organization","@id":"https:\/\/poterie-de-crestet.com\/de\/#organization","name":"Poterie de Crestet","url":"https:\/\/poterie-de-crestet.com\/de\/","logo":{"@type":"ImageObject","inLanguage":"de","@id":"https:\/\/poterie-de-crestet.com\/de\/#\/schema\/logo\/image\/","url":"https:\/\/i0.wp.com\/poterie-de-crestet.com\/wp-content\/uploads\/2025\/03\/Propo-4.png?fit=1000%2C462&ssl=1","contentUrl":"https:\/\/i0.wp.com\/poterie-de-crestet.com\/wp-content\/uploads\/2025\/03\/Propo-4.png?fit=1000%2C462&ssl=1","width":1000,"height":462,"caption":"Poterie de Crestet"},"image":{"@id":"https:\/\/poterie-de-crestet.com\/de\/#\/schema\/logo\/image\/"}}]}},"jetpack_sharing_enabled":true,"_links":{"self":[{"href":"https:\/\/poterie-de-crestet.com\/de\/wp-json\/wp\/v2\/product\/17397","targetHints":{"allow":["GET"]}}],"collection":[{"href":"https:\/\/poterie-de-crestet.com\/de\/wp-json\/wp\/v2\/product"}],"about":[{"href":"https:\/\/poterie-de-crestet.com\/de\/wp-json\/wp\/v2\/types\/product"}],"replies":[{"embeddable":true,"href":"https:\/\/poterie-de-crestet.com\/de\/wp-json\/wp\/v2\/comments?post=17397"}],"version-history":[{"count":0,"href":"https:\/\/poterie-de-crestet.com\/de\/wp-json\/wp\/v2\/product\/17397\/revisions"}],"wp:featuredmedia":[{"embeddable":true,"href":"https:\/\/poterie-de-crestet.com\/de\/wp-json\/wp\/v2\/media\/6378"}],"wp:attachment":[{"href":"https:\/\/poterie-de-crestet.com\/de\/wp-json\/wp\/v2\/media?parent=17397"}],"wp:term":[{"taxonomy":"product_brand","embeddable":true,"href":"https:\/\/poterie-de-crestet.com\/de\/wp-json\/wp\/v2\/product_brand?post=17397"},{"taxonomy":"product_cat","embeddable":true,"href":"https:\/\/poterie-de-crestet.com\/de\/wp-json\/wp\/v2\/product_cat?post=17397"},{"taxonomy":"product_tag","embeddable":true,"href":"https:\/\/poterie-de-crestet.com\/de\/wp-json\/wp\/v2\/product_tag?post=17397"}],"curies":[{"name":"wp","href":"https:\/\/api.w.org\/{rel}","templated":true}]}}