{"id":17177,"date":"2025-04-08T10:24:41","date_gmt":"2025-04-08T08:24:41","guid":{"rendered":"https:\/\/poterie-de-crestet.com\/ceramiques\/bowl-3-picks-roter-olivenbaum\/"},"modified":"2025-04-08T10:24:41","modified_gmt":"2025-04-08T08:24:41","slug":"bowl-3-picks-roter-olivenbaum","status":"publish","type":"product","link":"https:\/\/poterie-de-crestet.com\/de\/keramik\/bowl-3-picks-roter-olivenbaum\/","title":{"rendered":"Bowl 3 Picks  <h5>Roter Olivenbaum<\/h5>"},"content":{"rendered":"<p>Eine ausdrucksstarke und gro\u00dfz\u00fcgige Schale, handdekoriert mit roten Olivenzweigen, die nach S\u00fcden und Geselligkeit riecht. Seine dreispitzige Form bringt einen Hauch von Originalit\u00e4t ins Spiel, ohne dabei Stabilit\u00e4t oder Praktikabilit\u00e4t zu opfern. <br data-start=\"446\" data-end=\"449\">Mit seinem <strong data-start=\"458\" data-end=\"502\">Durchmesser von 12,5 cm und einer H\u00f6he von 5,7 cm<\/strong> ist er perfekt f\u00fcr eine Gem\u00fcsesuppe, einen gemischten Salat oder ein fruchtiges Dessert.<br data-start=\"598\" data-end=\"601\">Er tr\u00e4gt problemlos <strong data-start=\"632\" data-end=\"677\">Ofen, Mikrowelle und Geschirrsp\u00fcler<\/strong> und sorgt f\u00fcr eine einfache und langlebige Nutzung.<br data-start=\"711\" data-end=\"714\">Diese Sch\u00fcssel passt zur <a class=\"\" href=\"https:\/\/poterie-de-crestet.com\/de\/keramik\/butterschale-roter-olivenbaum\/\" rel=\"noopener\" data-start=\"739\" data-end=\"766\">roten Olivier-Butterschale<\/a>, kann aber auch einen lebendigen Kontrast zur <a class=\"\" href=\"https:\/\/poterie-de-crestet.com\/ceramiques\/plat-a-cake-citron\/\" rel=\"noopener\" data-start=\"818\" data-end=\"841\">Zitronenkuchenform<\/a> schaffen, was einen farbenfrohen und mutigen Tisch erm\u00f6glicht.<br data-start=\"880\" data-end=\"883\" data-is-only-node=\"\">Schnelle Lieferung oder Abholung von unseren M\u00e4rkten, je nach Vorliebe.<\/p>\n","protected":false},"excerpt":{"rendered":"<p>Ideal, um eine bunte Suppe, einen gro\u00dfz\u00fcgigen Aufstrich oder ein hausgemachtes Dessert zu pr\u00e4sentieren.<br data-start=\"2518\" data-end=\"2521\"><strong data-start=\"2521\" data-end=\"2560\"><em data-start=\"2523\" data-end=\"2558\">Abmessungen: 12,5 \u00d7 12,5 \u00d7 5,7 cm<\/em><\/strong><\/p>\n","protected":false},"featured_media":6248,"comment_status":"open","ping_status":"closed","template":"","meta":[],"product_brand":[],"product_cat":[199],"product_tag":[185],"class_list":{"0":"post-17177","1":"product","2":"type-product","3":"status-publish","4":"has-post-thumbnail","6":"product_cat-bowls","7":"product_tag-roter-olivenbaum","9":"first","10":"instock","11":"taxable","12":"shipping-taxable","13":"purchasable","14":"product-type-simple"},"yoast_head":"<!-- This site is optimized with the Yoast SEO plugin v27.5 - https:\/\/yoast.com\/product\/yoast-seo-wordpress\/ -->\n<title>Bowl 3 Picks Roter Olivenbaum - Poterie de Crestet<\/title>\n<meta name=\"description\" content=\"Diese gro\u00dfe rote Olivensch\u00fcssel ist dazu gemacht, gro\u00dfz\u00fcgig zu servieren oder zu genie\u00dfen. Die drei Stacheln sorgen f\u00fcr einen guten Griff.\" \/>\n<meta name=\"robots\" content=\"index, follow, max-snippet:-1, max-image-preview:large, max-video-preview:-1\" \/>\n<link rel=\"canonical\" href=\"https:\/\/poterie-de-crestet.com\/de\/keramik\/bowl-3-picks-roter-olivenbaum\/\" \/>\n<meta property=\"og:locale\" content=\"de_DE\" \/>\n<meta property=\"og:type\" content=\"article\" \/>\n<meta property=\"og:title\" content=\"Bowl 3 Picks Roter Olivenbaum - Poterie de Crestet\" \/>\n<meta property=\"og:description\" content=\"Diese gro\u00dfe rote Olivensch\u00fcssel ist dazu gemacht, gro\u00dfz\u00fcgig zu servieren oder zu genie\u00dfen. Die drei Stacheln sorgen f\u00fcr einen guten Griff.\" \/>\n<meta property=\"og:url\" content=\"https:\/\/poterie-de-crestet.com\/de\/keramik\/bowl-3-picks-roter-olivenbaum\/\" \/>\n<meta property=\"og:site_name\" content=\"Poterie de Crestet\" \/>\n<meta property=\"og:image\" content=\"https:\/\/i0.wp.com\/poterie-de-crestet.com\/wp-content\/uploads\/2025\/04\/bol-3-pics-olivier-rouge.jpg?fit=458%2C458&ssl=1\" \/>\n\t<meta property=\"og:image:width\" content=\"458\" \/>\n\t<meta property=\"og:image:height\" content=\"458\" \/>\n\t<meta property=\"og:image:type\" content=\"image\/jpeg\" \/>\n<meta name=\"twitter:card\" content=\"summary_large_image\" \/>\n<meta name=\"twitter:label1\" content=\"Gesch\u00e4tzte Lesezeit\" \/>\n\t<meta name=\"twitter:data1\" content=\"1\u00a0Minute\" \/>\n<script type=\"application\/ld+json\" class=\"yoast-schema-graph\">{\"@context\":\"https:\\\/\\\/schema.org\",\"@graph\":[{\"@type\":\"WebPage\",\"@id\":\"https:\\\/\\\/poterie-de-crestet.com\\\/de\\\/keramik\\\/bowl-3-picks-roter-olivenbaum\\\/\",\"url\":\"https:\\\/\\\/poterie-de-crestet.com\\\/de\\\/keramik\\\/bowl-3-picks-roter-olivenbaum\\\/\",\"name\":\"Bowl 3 Picks Roter Olivenbaum - Poterie de Crestet\",\"isPartOf\":{\"@id\":\"https:\\\/\\\/poterie-de-crestet.com\\\/de\\\/#website\"},\"primaryImageOfPage\":{\"@id\":\"https:\\\/\\\/poterie-de-crestet.com\\\/de\\\/keramik\\\/bowl-3-picks-roter-olivenbaum\\\/#primaryimage\"},\"image\":{\"@id\":\"https:\\\/\\\/poterie-de-crestet.com\\\/de\\\/keramik\\\/bowl-3-picks-roter-olivenbaum\\\/#primaryimage\"},\"thumbnailUrl\":\"https:\\\/\\\/i0.wp.com\\\/poterie-de-crestet.com\\\/wp-content\\\/uploads\\\/2025\\\/04\\\/bol-3-pics-olivier-rouge.jpg?fit=458%2C458&ssl=1\",\"datePublished\":\"2025-04-08T08:24:41+00:00\",\"description\":\"Diese gro\u00dfe rote Olivensch\u00fcssel ist dazu gemacht, gro\u00dfz\u00fcgig zu servieren oder zu genie\u00dfen. Die drei Stacheln sorgen f\u00fcr einen guten Griff.\",\"breadcrumb\":{\"@id\":\"https:\\\/\\\/poterie-de-crestet.com\\\/de\\\/keramik\\\/bowl-3-picks-roter-olivenbaum\\\/#breadcrumb\"},\"inLanguage\":\"de\",\"potentialAction\":[{\"@type\":\"ReadAction\",\"target\":[\"https:\\\/\\\/poterie-de-crestet.com\\\/de\\\/keramik\\\/bowl-3-picks-roter-olivenbaum\\\/\"]}]},{\"@type\":\"ImageObject\",\"inLanguage\":\"de\",\"@id\":\"https:\\\/\\\/poterie-de-crestet.com\\\/de\\\/keramik\\\/bowl-3-picks-roter-olivenbaum\\\/#primaryimage\",\"url\":\"https:\\\/\\\/i0.wp.com\\\/poterie-de-crestet.com\\\/wp-content\\\/uploads\\\/2025\\\/04\\\/bol-3-pics-olivier-rouge.jpg?fit=458%2C458&ssl=1\",\"contentUrl\":\"https:\\\/\\\/i0.wp.com\\\/poterie-de-crestet.com\\\/wp-content\\\/uploads\\\/2025\\\/04\\\/bol-3-pics-olivier-rouge.jpg?fit=458%2C458&ssl=1\",\"width\":458,\"height\":458,\"caption\":\"Sch\u00fcssel 3 rote Olivenpicks\"},{\"@type\":\"BreadcrumbList\",\"@id\":\"https:\\\/\\\/poterie-de-crestet.com\\\/de\\\/keramik\\\/bowl-3-picks-roter-olivenbaum\\\/#breadcrumb\",\"itemListElement\":[{\"@type\":\"ListItem\",\"position\":1,\"name\":\"Accueil\",\"item\":\"https:\\\/\\\/poterie-de-crestet.com\\\/de\\\/accueil\\\/\"},{\"@type\":\"ListItem\",\"position\":2,\"name\":\"Boutique\",\"item\":\"https:\\\/\\\/poterie-de-crestet.com\\\/ceramiques\\\/\"},{\"@type\":\"ListItem\",\"position\":3,\"name\":\"Bowl 3 Picks Roter Olivenbaum\"}]},{\"@type\":\"WebSite\",\"@id\":\"https:\\\/\\\/poterie-de-crestet.com\\\/de\\\/#website\",\"url\":\"https:\\\/\\\/poterie-de-crestet.com\\\/de\\\/\",\"name\":\"Poterie de Crestet\",\"description\":\"Des milliers de poteries inpir\u00e9es de la Provence\",\"publisher\":{\"@id\":\"https:\\\/\\\/poterie-de-crestet.com\\\/de\\\/#organization\"},\"potentialAction\":[{\"@type\":\"SearchAction\",\"target\":{\"@type\":\"EntryPoint\",\"urlTemplate\":\"https:\\\/\\\/poterie-de-crestet.com\\\/de\\\/?s={search_term_string}\"},\"query-input\":{\"@type\":\"PropertyValueSpecification\",\"valueRequired\":true,\"valueName\":\"search_term_string\"}}],\"inLanguage\":\"de\"},{\"@type\":\"Organization\",\"@id\":\"https:\\\/\\\/poterie-de-crestet.com\\\/de\\\/#organization\",\"name\":\"Poterie de Crestet\",\"url\":\"https:\\\/\\\/poterie-de-crestet.com\\\/de\\\/\",\"logo\":{\"@type\":\"ImageObject\",\"inLanguage\":\"de\",\"@id\":\"https:\\\/\\\/poterie-de-crestet.com\\\/de\\\/#\\\/schema\\\/logo\\\/image\\\/\",\"url\":\"https:\\\/\\\/i0.wp.com\\\/poterie-de-crestet.com\\\/wp-content\\\/uploads\\\/2025\\\/03\\\/Propo-4.png?fit=1000%2C462&ssl=1\",\"contentUrl\":\"https:\\\/\\\/i0.wp.com\\\/poterie-de-crestet.com\\\/wp-content\\\/uploads\\\/2025\\\/03\\\/Propo-4.png?fit=1000%2C462&ssl=1\",\"width\":1000,\"height\":462,\"caption\":\"Poterie de Crestet\"},\"image\":{\"@id\":\"https:\\\/\\\/poterie-de-crestet.com\\\/de\\\/#\\\/schema\\\/logo\\\/image\\\/\"}}]}<\/script>\n<!-- \/ Yoast SEO plugin. -->","yoast_head_json":{"title":"Bowl 3 Picks Roter Olivenbaum - Poterie de Crestet","description":"Diese gro\u00dfe rote Olivensch\u00fcssel ist dazu gemacht, gro\u00dfz\u00fcgig zu servieren oder zu genie\u00dfen. Die drei Stacheln sorgen f\u00fcr einen guten Griff.","robots":{"index":"index","follow":"follow","max-snippet":"max-snippet:-1","max-image-preview":"max-image-preview:large","max-video-preview":"max-video-preview:-1"},"canonical":"https:\/\/poterie-de-crestet.com\/de\/keramik\/bowl-3-picks-roter-olivenbaum\/","og_locale":"de_DE","og_type":"article","og_title":"Bowl 3 Picks Roter Olivenbaum - Poterie de Crestet","og_description":"Diese gro\u00dfe rote Olivensch\u00fcssel ist dazu gemacht, gro\u00dfz\u00fcgig zu servieren oder zu genie\u00dfen. Die drei Stacheln sorgen f\u00fcr einen guten Griff.","og_url":"https:\/\/poterie-de-crestet.com\/de\/keramik\/bowl-3-picks-roter-olivenbaum\/","og_site_name":"Poterie de Crestet","og_image":[{"width":458,"height":458,"url":"https:\/\/i0.wp.com\/poterie-de-crestet.com\/wp-content\/uploads\/2025\/04\/bol-3-pics-olivier-rouge.jpg?fit=458%2C458&ssl=1","type":"image\/jpeg"}],"twitter_card":"summary_large_image","twitter_misc":{"Gesch\u00e4tzte Lesezeit":"1\u00a0Minute"},"schema":{"@context":"https:\/\/schema.org","@graph":[{"@type":"WebPage","@id":"https:\/\/poterie-de-crestet.com\/de\/keramik\/bowl-3-picks-roter-olivenbaum\/","url":"https:\/\/poterie-de-crestet.com\/de\/keramik\/bowl-3-picks-roter-olivenbaum\/","name":"Bowl 3 Picks Roter Olivenbaum - Poterie de Crestet","isPartOf":{"@id":"https:\/\/poterie-de-crestet.com\/de\/#website"},"primaryImageOfPage":{"@id":"https:\/\/poterie-de-crestet.com\/de\/keramik\/bowl-3-picks-roter-olivenbaum\/#primaryimage"},"image":{"@id":"https:\/\/poterie-de-crestet.com\/de\/keramik\/bowl-3-picks-roter-olivenbaum\/#primaryimage"},"thumbnailUrl":"https:\/\/i0.wp.com\/poterie-de-crestet.com\/wp-content\/uploads\/2025\/04\/bol-3-pics-olivier-rouge.jpg?fit=458%2C458&ssl=1","datePublished":"2025-04-08T08:24:41+00:00","description":"Diese gro\u00dfe rote Olivensch\u00fcssel ist dazu gemacht, gro\u00dfz\u00fcgig zu servieren oder zu genie\u00dfen. Die drei Stacheln sorgen f\u00fcr einen guten Griff.","breadcrumb":{"@id":"https:\/\/poterie-de-crestet.com\/de\/keramik\/bowl-3-picks-roter-olivenbaum\/#breadcrumb"},"inLanguage":"de","potentialAction":[{"@type":"ReadAction","target":["https:\/\/poterie-de-crestet.com\/de\/keramik\/bowl-3-picks-roter-olivenbaum\/"]}]},{"@type":"ImageObject","inLanguage":"de","@id":"https:\/\/poterie-de-crestet.com\/de\/keramik\/bowl-3-picks-roter-olivenbaum\/#primaryimage","url":"https:\/\/i0.wp.com\/poterie-de-crestet.com\/wp-content\/uploads\/2025\/04\/bol-3-pics-olivier-rouge.jpg?fit=458%2C458&ssl=1","contentUrl":"https:\/\/i0.wp.com\/poterie-de-crestet.com\/wp-content\/uploads\/2025\/04\/bol-3-pics-olivier-rouge.jpg?fit=458%2C458&ssl=1","width":458,"height":458,"caption":"Sch\u00fcssel 3 rote Olivenpicks"},{"@type":"BreadcrumbList","@id":"https:\/\/poterie-de-crestet.com\/de\/keramik\/bowl-3-picks-roter-olivenbaum\/#breadcrumb","itemListElement":[{"@type":"ListItem","position":1,"name":"Accueil","item":"https:\/\/poterie-de-crestet.com\/de\/accueil\/"},{"@type":"ListItem","position":2,"name":"Boutique","item":"https:\/\/poterie-de-crestet.com\/ceramiques\/"},{"@type":"ListItem","position":3,"name":"Bowl 3 Picks Roter Olivenbaum"}]},{"@type":"WebSite","@id":"https:\/\/poterie-de-crestet.com\/de\/#website","url":"https:\/\/poterie-de-crestet.com\/de\/","name":"Poterie de Crestet","description":"Des milliers de poteries inpir\u00e9es de la Provence","publisher":{"@id":"https:\/\/poterie-de-crestet.com\/de\/#organization"},"potentialAction":[{"@type":"SearchAction","target":{"@type":"EntryPoint","urlTemplate":"https:\/\/poterie-de-crestet.com\/de\/?s={search_term_string}"},"query-input":{"@type":"PropertyValueSpecification","valueRequired":true,"valueName":"search_term_string"}}],"inLanguage":"de"},{"@type":"Organization","@id":"https:\/\/poterie-de-crestet.com\/de\/#organization","name":"Poterie de Crestet","url":"https:\/\/poterie-de-crestet.com\/de\/","logo":{"@type":"ImageObject","inLanguage":"de","@id":"https:\/\/poterie-de-crestet.com\/de\/#\/schema\/logo\/image\/","url":"https:\/\/i0.wp.com\/poterie-de-crestet.com\/wp-content\/uploads\/2025\/03\/Propo-4.png?fit=1000%2C462&ssl=1","contentUrl":"https:\/\/i0.wp.com\/poterie-de-crestet.com\/wp-content\/uploads\/2025\/03\/Propo-4.png?fit=1000%2C462&ssl=1","width":1000,"height":462,"caption":"Poterie de Crestet"},"image":{"@id":"https:\/\/poterie-de-crestet.com\/de\/#\/schema\/logo\/image\/"}}]}},"jetpack_sharing_enabled":true,"_links":{"self":[{"href":"https:\/\/poterie-de-crestet.com\/de\/wp-json\/wp\/v2\/product\/17177","targetHints":{"allow":["GET"]}}],"collection":[{"href":"https:\/\/poterie-de-crestet.com\/de\/wp-json\/wp\/v2\/product"}],"about":[{"href":"https:\/\/poterie-de-crestet.com\/de\/wp-json\/wp\/v2\/types\/product"}],"replies":[{"embeddable":true,"href":"https:\/\/poterie-de-crestet.com\/de\/wp-json\/wp\/v2\/comments?post=17177"}],"version-history":[{"count":0,"href":"https:\/\/poterie-de-crestet.com\/de\/wp-json\/wp\/v2\/product\/17177\/revisions"}],"wp:featuredmedia":[{"embeddable":true,"href":"https:\/\/poterie-de-crestet.com\/de\/wp-json\/wp\/v2\/media\/6248"}],"wp:attachment":[{"href":"https:\/\/poterie-de-crestet.com\/de\/wp-json\/wp\/v2\/media?parent=17177"}],"wp:term":[{"taxonomy":"product_brand","embeddable":true,"href":"https:\/\/poterie-de-crestet.com\/de\/wp-json\/wp\/v2\/product_brand?post=17177"},{"taxonomy":"product_cat","embeddable":true,"href":"https:\/\/poterie-de-crestet.com\/de\/wp-json\/wp\/v2\/product_cat?post=17177"},{"taxonomy":"product_tag","embeddable":true,"href":"https:\/\/poterie-de-crestet.com\/de\/wp-json\/wp\/v2\/product_tag?post=17177"}],"curies":[{"name":"wp","href":"https:\/\/api.w.org\/{rel}","templated":true}]}}